{"id":17423,"date":"2023-03-27T15:28:54","date_gmt":"2023-03-27T08:28:54","guid":{"rendered":"https:\/\/thebottleshop.vn\/product\/rhum-belami-legacy-edition\/"},"modified":"2025-10-07T16:11:59","modified_gmt":"2025-10-07T09:11:59","slug":"rhum-belami-legacy-edition","status":"publish","type":"product","link":"https:\/\/thebottleshop.vn\/vi\/san-pham\/rhum-belami-legacy-edition\/","title":{"rendered":"Rhum Belami Legacy Edition"},"content":{"rendered":"<p>Rhum Belami Legacy Edition l\u00e0 m\u1ed9t lo\u1ea1i r\u01b0\u1ee3u rum v\u00e0ng c\u00f3 gia v\u1ecb, \u0111\u01b0\u1ee3c k\u1ebft h\u1ee3p t\u1ec9 m\u1ec9 v\u1edbi h\u1ed7n h\u1ee3p c\u00e1c lo\u1ea1i tr\u00e1i c\u00e2y nhi\u1ec7t \u0111\u1edbi v\u00e0 nhi\u1ec1u lo\u1ea1i gia v\u1ecb. M\u1ed7i y\u1ebfu t\u1ed1 tr\u1ea3i qua qu\u00e1 tr\u00ecnh ng\u1ea5m ph\u1ee9c t\u1ea1p tr\u01b0\u1edbc khi ngh\u1ec9 ng\u1eafn, \u0111\u1ea3m b\u1ea3o c\u00e1c th\u00f9ng g\u1ed7 s\u1ed3i tinh t\u1ebf t\u00edch h\u1ee3p c\u00e1c b\u1ed5 sung sau m\u00e0 kh\u00f4ng ti\u1ebfp x\u00fac tr\u1ef1c ti\u1ebfp v\u1edbi r\u01b0\u1ee3u ch\u01b0ng c\u1ea5t. <\/p>\n<p>Ph\u01b0\u01a1ng ph\u00e1p t\u1ec9 m\u1ec9 n\u00e0y n\u00e2ng cao th\u00e2n r\u01b0\u1ee3u, mang l\u1ea1i m\u1ed9t h\u1ed3 s\u01a1 v\u1ecb cay tr\u00f2n tr\u1ecba \u0111\u01b0\u1ee3c b\u1ed5 sung b\u1edfi m\u1ed9t m\u00e0u s\u1eafc h\u1ea5p d\u1eabn g\u1ee3i nh\u1edb \u0111\u1ebfn b\u00ecnh minh, k\u00e8m theo c\u00e1c b\u00f3ng v\u00e0 t\u00f4ng m\u00e0u tinh t\u1ebf gi\u1ed1ng nh\u01b0 \u00e1o cho\u00e0ng.<\/p>\n<p>\u0110\u01b0\u1ee3c \u0111\u1eb7c tr\u01b0ng b\u1edfi vi\u1ec7c s\u1eed d\u1ee5ng c\u00e1c th\u00e0nh ph\u1ea7n t\u1ef1 nhi\u00ean, m\u1ed7i l\u00f4 \u0111\u1ec1u cung c\u1ea5p c\u00e1c kh\u00e1c bi\u1ec7t h\u01b0\u01a1ng v\u1ecb tinh t\u1ebf, th\u1ec3 hi\u1ec7n cam k\u1ebft c\u1ee7a Belami \u0111\u1ed1i v\u1edbi ngh\u1ec1 th\u1ee7 c\u00f4ng r\u01b0\u1ee3u rum c\u1ed5 \u0111i\u1ec3n.<\/p>\n<p>\u2014\u2013<br \/>\nXem th\u01b0 vi\u1ec7n h\u00ecnh \u1ea3nh \u0111\u1ec3 bi\u1ebft th\u00eam th\u00f4ng tin chi ti\u1ebft v\u1ec1 ngu\u1ed3n g\u1ed1c, th\u00e0nh ph\u1ea7n v\u00e0 h\u01b0\u1edbng d\u1eabn s\u1eed d\u1ee5ng c\u1ee7a s\u1ea3n ph\u1ea9m.<\/p>\n","protected":false},"excerpt":{"rendered":"<p><strong>700ml\/200ml :: 48%<\/strong><\/p>\n","protected":false},"featured_media":17447,"comment_status":"open","ping_status":"closed","template":"","meta":{"_acf_changed":false},"product_brand":[],"product_cat":[340,338,700,388,374,376,489,345,339,424,341,352,364,496,371],"product_tag":[],"class_list":{"0":"post-17423","1":"product","2":"type-product","3":"status-publish","4":"has-post-thumbnail","6":"product_cat-vietnam-hcmc","7":"product_cat-ruou-va-ruou-vang","8":"product_cat-chai-200ml","9":"product_cat-25-vi","10":"product_cat-500k-749k","11":"product_cat-1m","12":"product_cat-rhum","13":"product_cat-abv-vi","14":"product_cat-xuat-xu","15":"product_cat-chai-700-ml","16":"product_cat-dong-goi","17":"product_cat-gia","18":"product_cat-dong-ruou","19":"product_cat-rhum-belami","20":"product_cat-nha-san-xuat-ruou","21":"pa_pack_type-200ml-vi","22":"pa_pack_type-700ml-vi","24":"first","25":"instock","26":"shipping-taxable","27":"purchasable","28":"product-type-variable","29":"add-to-wishlist-before_image"},"acf":[],"yoast_head":"<!-- This site is optimized with the Yoast SEO plugin v27.2 - https:\/\/yoast.com\/product\/yoast-seo-wordpress\/ -->\n<title>Rhum Belami Legacy Edition - The Bottle Shop<\/title>\n<meta name=\"description\" content=\"Rhum Belami Legacy Edition l\u00e0 m\u1ed9t lo\u1ea1i r\u01b0\u1ee3u rum v\u00e0ng c\u00f3 gia v\u1ecb, \u0111\u01b0\u1ee3c k\u1ebft h\u1ee3p t\u1ec9 m\u1ec9 v\u1edbi h\u1ed7n h\u1ee3p c\u00e1c lo\u1ea1i tr\u00e1i c\u00e2y nhi\u1ec7t \u0111\u1edbi v\u00e0 nhi\u1ec1u lo\u1ea1i gia v\u1ecb. 700\/200ml. 48% ABV.\" \/>\n<meta name=\"robots\" content=\"index, follow, max-snippet:-1, max-image-preview:large, max-video-preview:-1\" \/>\n<link rel=\"canonical\" href=\"http:\/\/52.77.24.187\/vi\/san-pham\/rhum-belami-legacy-edition\/\" \/>\n<meta property=\"og:locale\" content=\"vi_VN\" \/>\n<meta property=\"og:type\" content=\"article\" \/>\n<meta property=\"og:title\" content=\"Rhum Belami Legacy Edition - The Bottle Shop\" \/>\n<meta property=\"og:description\" content=\"Rhum Belami Legacy Edition l\u00e0 m\u1ed9t lo\u1ea1i r\u01b0\u1ee3u rum v\u00e0ng c\u00f3 gia v\u1ecb, \u0111\u01b0\u1ee3c k\u1ebft h\u1ee3p t\u1ec9 m\u1ec9 v\u1edbi h\u1ed7n h\u1ee3p c\u00e1c lo\u1ea1i tr\u00e1i c\u00e2y nhi\u1ec7t \u0111\u1edbi v\u00e0 nhi\u1ec1u lo\u1ea1i gia v\u1ecb. 700\/200ml. 48% ABV.\" \/>\n<meta property=\"og:url\" content=\"http:\/\/52.77.24.187\/vi\/san-pham\/rhum-belami-legacy-edition\/\" \/>\n<meta property=\"og:site_name\" content=\"The Bottle Shop\" \/>\n<meta property=\"article:publisher\" content=\"https:\/\/www.facebook.com\/thebottleshopvietnam\" \/>\n<meta property=\"article:modified_time\" content=\"2025-10-07T09:11:59+00:00\" \/>\n<meta property=\"og:image\" content=\"https:\/\/mlsrfcxkkbzg.i.optimole.com\/cb:JbP2.215d7\/w:auto\/h:auto\/q:mauto\/ig:avif\/http:\/\/52.77.24.187\/wp-content\/uploads\/2023\/03\/Rhum-Belami-Legacy-Edition.png\" \/>\n\t<meta property=\"og:image:width\" content=\"1080\" \/>\n\t<meta property=\"og:image:height\" content=\"1080\" \/>\n\t<meta property=\"og:image:type\" content=\"image\/png\" \/>\n<meta name=\"twitter:card\" content=\"summary_large_image\" \/>\n<meta name=\"twitter:label1\" content=\"Est. reading time\" \/>\n\t<meta name=\"twitter:data1\" content=\"1 minute\" \/>\n<script type=\"application\/ld+json\" class=\"yoast-schema-graph\">{\"@context\":\"https:\/\/schema.org\",\"@graph\":[{\"@type\":\"WebPage\",\"@id\":\"http:\/\/52.77.24.187\/vi\/san-pham\/rhum-belami-legacy-edition\/\",\"url\":\"http:\/\/52.77.24.187\/vi\/san-pham\/rhum-belami-legacy-edition\/\",\"name\":\"Rhum Belami Legacy Edition - The Bottle Shop\",\"isPartOf\":{\"@id\":\"http:\/\/52.77.24.187\/#website\"},\"primaryImageOfPage\":{\"@id\":\"http:\/\/52.77.24.187\/vi\/san-pham\/rhum-belami-legacy-edition\/#primaryimage\"},\"image\":{\"@id\":\"http:\/\/52.77.24.187\/vi\/san-pham\/rhum-belami-legacy-edition\/#primaryimage\"},\"thumbnailUrl\":\"https:\/\/mlsrfcxkkbzg.i.optimole.com\/cb:JbP2.215d7\/w:auto\/h:auto\/q:mauto\/ig:avif\/https:\/\/thebottleshop.vn\/wp-content\/uploads\/2023\/03\/Rhum-Belami-Legacy-Edition.png\",\"datePublished\":\"2023-03-27T08:28:54+00:00\",\"dateModified\":\"2025-10-07T09:11:59+00:00\",\"description\":\"Rhum Belami Legacy Edition l\u00e0 m\u1ed9t lo\u1ea1i r\u01b0\u1ee3u rum v\u00e0ng c\u00f3 gia v\u1ecb, \u0111\u01b0\u1ee3c k\u1ebft h\u1ee3p t\u1ec9 m\u1ec9 v\u1edbi h\u1ed7n h\u1ee3p c\u00e1c lo\u1ea1i tr\u00e1i c\u00e2y nhi\u1ec7t \u0111\u1edbi v\u00e0 nhi\u1ec1u lo\u1ea1i gia v\u1ecb. 700\/200ml. 48% ABV.\",\"breadcrumb\":{\"@id\":\"http:\/\/52.77.24.187\/vi\/san-pham\/rhum-belami-legacy-edition\/#breadcrumb\"},\"inLanguage\":\"vi-VN\",\"potentialAction\":[{\"@type\":\"ReadAction\",\"target\":[\"http:\/\/52.77.24.187\/vi\/san-pham\/rhum-belami-legacy-edition\/\"]}]},{\"@type\":\"ImageObject\",\"inLanguage\":\"vi-VN\",\"@id\":\"http:\/\/52.77.24.187\/vi\/san-pham\/rhum-belami-legacy-edition\/#primaryimage\",\"url\":\"https:\/\/mlsrfcxkkbzg.i.optimole.com\/cb:JbP2.215d7\/w:auto\/h:auto\/q:mauto\/ig:avif\/https:\/\/thebottleshop.vn\/wp-content\/uploads\/2023\/03\/Rhum-Belami-Legacy-Edition.png\",\"contentUrl\":\"https:\/\/mlsrfcxkkbzg.i.optimole.com\/cb:JbP2.215d7\/w:auto\/h:auto\/q:mauto\/ig:avif\/https:\/\/thebottleshop.vn\/wp-content\/uploads\/2023\/03\/Rhum-Belami-Legacy-Edition.png\",\"width\":1080,\"height\":1080,\"caption\":\"Rhum Belami Legacy Edition\"},{\"@type\":\"BreadcrumbList\",\"@id\":\"http:\/\/52.77.24.187\/vi\/san-pham\/rhum-belami-legacy-edition\/#breadcrumb\",\"itemListElement\":[{\"@type\":\"ListItem\",\"position\":1,\"name\":\"Home\",\"item\":\"http:\/\/52.77.24.187\/vi\/test-popup-vi\/\"},{\"@type\":\"ListItem\",\"position\":2,\"name\":\"C\u1eeda h\u00e0ng\",\"item\":\"http:\/\/52.77.24.187\/vi\/cua-hang\/\"},{\"@type\":\"ListItem\",\"position\":3,\"name\":\"Rhum Belami Legacy Edition\"}]},{\"@type\":\"WebSite\",\"@id\":\"http:\/\/52.77.24.187\/#website\",\"url\":\"http:\/\/52.77.24.187\/\",\"name\":\"The Bottle Shop\",\"description\":\"All beers are not created equal\",\"publisher\":{\"@id\":\"http:\/\/52.77.24.187\/#organization\"},\"potentialAction\":[{\"@type\":\"SearchAction\",\"target\":{\"@type\":\"EntryPoint\",\"urlTemplate\":\"http:\/\/52.77.24.187\/?s={search_term_string}\"},\"query-input\":{\"@type\":\"PropertyValueSpecification\",\"valueRequired\":true,\"valueName\":\"search_term_string\"}}],\"inLanguage\":\"vi-VN\"},{\"@type\":\"Organization\",\"@id\":\"http:\/\/52.77.24.187\/#organization\",\"name\":\"The Bottle Shop\",\"url\":\"http:\/\/52.77.24.187\/\",\"logo\":{\"@type\":\"ImageObject\",\"inLanguage\":\"vi-VN\",\"@id\":\"http:\/\/52.77.24.187\/#\/schema\/logo\/image\/\",\"url\":\"https:\/\/mlsrfcxkkbzg.i.optimole.com\/cb:JbP2.215d7\/w:auto\/h:auto\/q:mauto\/ig:avif\/https:\/\/thebottleshop.vn\/wp-content\/uploads\/2022\/10\/The-Bottle-Shop-Online-Logo.png\",\"contentUrl\":\"https:\/\/mlsrfcxkkbzg.i.optimole.com\/cb:JbP2.215d7\/w:auto\/h:auto\/q:mauto\/ig:avif\/https:\/\/thebottleshop.vn\/wp-content\/uploads\/2022\/10\/The-Bottle-Shop-Online-Logo.png\",\"width\":145,\"height\":147,\"caption\":\"The Bottle Shop\"},\"image\":{\"@id\":\"http:\/\/52.77.24.187\/#\/schema\/logo\/image\/\"},\"sameAs\":[\"https:\/\/www.facebook.com\/thebottleshopvietnam\",\"https:\/\/www.instagram.com\/thebottleshop_vietnam\/\"]}]}<\/script>\n<!-- \/ Yoast SEO plugin. -->","yoast_head_json":{"title":"Rhum Belami Legacy Edition - The Bottle Shop","description":"Rhum Belami Legacy Edition l\u00e0 m\u1ed9t lo\u1ea1i r\u01b0\u1ee3u rum v\u00e0ng c\u00f3 gia v\u1ecb, \u0111\u01b0\u1ee3c k\u1ebft h\u1ee3p t\u1ec9 m\u1ec9 v\u1edbi h\u1ed7n h\u1ee3p c\u00e1c lo\u1ea1i tr\u00e1i c\u00e2y nhi\u1ec7t \u0111\u1edbi v\u00e0 nhi\u1ec1u lo\u1ea1i gia v\u1ecb. 700\/200ml. 48% ABV.","robots":{"index":"index","follow":"follow","max-snippet":"max-snippet:-1","max-image-preview":"max-image-preview:large","max-video-preview":"max-video-preview:-1"},"canonical":"http:\/\/52.77.24.187\/vi\/san-pham\/rhum-belami-legacy-edition\/","og_locale":"vi_VN","og_type":"article","og_title":"Rhum Belami Legacy Edition - The Bottle Shop","og_description":"Rhum Belami Legacy Edition l\u00e0 m\u1ed9t lo\u1ea1i r\u01b0\u1ee3u rum v\u00e0ng c\u00f3 gia v\u1ecb, \u0111\u01b0\u1ee3c k\u1ebft h\u1ee3p t\u1ec9 m\u1ec9 v\u1edbi h\u1ed7n h\u1ee3p c\u00e1c lo\u1ea1i tr\u00e1i c\u00e2y nhi\u1ec7t \u0111\u1edbi v\u00e0 nhi\u1ec1u lo\u1ea1i gia v\u1ecb. 700\/200ml. 48% ABV.","og_url":"http:\/\/52.77.24.187\/vi\/san-pham\/rhum-belami-legacy-edition\/","og_site_name":"The Bottle Shop","article_publisher":"https:\/\/www.facebook.com\/thebottleshopvietnam","article_modified_time":"2025-10-07T09:11:59+00:00","og_image":[{"width":1080,"height":1080,"url":"https:\/\/mlsrfcxkkbzg.i.optimole.com\/cb:JbP2.215d7\/w:auto\/h:auto\/q:mauto\/ig:avif\/http:\/\/52.77.24.187\/wp-content\/uploads\/2023\/03\/Rhum-Belami-Legacy-Edition.png","type":"image\/png"}],"twitter_card":"summary_large_image","twitter_misc":{"Est. reading time":"1 minute"},"schema":{"@context":"https:\/\/schema.org","@graph":[{"@type":"WebPage","@id":"http:\/\/52.77.24.187\/vi\/san-pham\/rhum-belami-legacy-edition\/","url":"http:\/\/52.77.24.187\/vi\/san-pham\/rhum-belami-legacy-edition\/","name":"Rhum Belami Legacy Edition - The Bottle Shop","isPartOf":{"@id":"http:\/\/52.77.24.187\/#website"},"primaryImageOfPage":{"@id":"http:\/\/52.77.24.187\/vi\/san-pham\/rhum-belami-legacy-edition\/#primaryimage"},"image":{"@id":"http:\/\/52.77.24.187\/vi\/san-pham\/rhum-belami-legacy-edition\/#primaryimage"},"thumbnailUrl":"https:\/\/mlsrfcxkkbzg.i.optimole.com\/cb:JbP2.215d7\/w:auto\/h:auto\/q:mauto\/ig:avif\/https:\/\/thebottleshop.vn\/wp-content\/uploads\/2023\/03\/Rhum-Belami-Legacy-Edition.png","datePublished":"2023-03-27T08:28:54+00:00","dateModified":"2025-10-07T09:11:59+00:00","description":"Rhum Belami Legacy Edition l\u00e0 m\u1ed9t lo\u1ea1i r\u01b0\u1ee3u rum v\u00e0ng c\u00f3 gia v\u1ecb, \u0111\u01b0\u1ee3c k\u1ebft h\u1ee3p t\u1ec9 m\u1ec9 v\u1edbi h\u1ed7n h\u1ee3p c\u00e1c lo\u1ea1i tr\u00e1i c\u00e2y nhi\u1ec7t \u0111\u1edbi v\u00e0 nhi\u1ec1u lo\u1ea1i gia v\u1ecb. 700\/200ml. 48% ABV.","breadcrumb":{"@id":"http:\/\/52.77.24.187\/vi\/san-pham\/rhum-belami-legacy-edition\/#breadcrumb"},"inLanguage":"vi-VN","potentialAction":[{"@type":"ReadAction","target":["http:\/\/52.77.24.187\/vi\/san-pham\/rhum-belami-legacy-edition\/"]}]},{"@type":"ImageObject","inLanguage":"vi-VN","@id":"http:\/\/52.77.24.187\/vi\/san-pham\/rhum-belami-legacy-edition\/#primaryimage","url":"https:\/\/mlsrfcxkkbzg.i.optimole.com\/cb:JbP2.215d7\/w:auto\/h:auto\/q:mauto\/ig:avif\/https:\/\/thebottleshop.vn\/wp-content\/uploads\/2023\/03\/Rhum-Belami-Legacy-Edition.png","contentUrl":"https:\/\/mlsrfcxkkbzg.i.optimole.com\/cb:JbP2.215d7\/w:auto\/h:auto\/q:mauto\/ig:avif\/https:\/\/thebottleshop.vn\/wp-content\/uploads\/2023\/03\/Rhum-Belami-Legacy-Edition.png","width":1080,"height":1080,"caption":"Rhum Belami Legacy Edition"},{"@type":"BreadcrumbList","@id":"http:\/\/52.77.24.187\/vi\/san-pham\/rhum-belami-legacy-edition\/#breadcrumb","itemListElement":[{"@type":"ListItem","position":1,"name":"Home","item":"http:\/\/52.77.24.187\/vi\/test-popup-vi\/"},{"@type":"ListItem","position":2,"name":"C\u1eeda h\u00e0ng","item":"http:\/\/52.77.24.187\/vi\/cua-hang\/"},{"@type":"ListItem","position":3,"name":"Rhum Belami Legacy Edition"}]},{"@type":"WebSite","@id":"http:\/\/52.77.24.187\/#website","url":"http:\/\/52.77.24.187\/","name":"The Bottle Shop","description":"All beers are not created equal","publisher":{"@id":"http:\/\/52.77.24.187\/#organization"},"potentialAction":[{"@type":"SearchAction","target":{"@type":"EntryPoint","urlTemplate":"http:\/\/52.77.24.187\/?s={search_term_string}"},"query-input":{"@type":"PropertyValueSpecification","valueRequired":true,"valueName":"search_term_string"}}],"inLanguage":"vi-VN"},{"@type":"Organization","@id":"http:\/\/52.77.24.187\/#organization","name":"The Bottle Shop","url":"http:\/\/52.77.24.187\/","logo":{"@type":"ImageObject","inLanguage":"vi-VN","@id":"http:\/\/52.77.24.187\/#\/schema\/logo\/image\/","url":"https:\/\/mlsrfcxkkbzg.i.optimole.com\/cb:JbP2.215d7\/w:auto\/h:auto\/q:mauto\/ig:avif\/https:\/\/thebottleshop.vn\/wp-content\/uploads\/2022\/10\/The-Bottle-Shop-Online-Logo.png","contentUrl":"https:\/\/mlsrfcxkkbzg.i.optimole.com\/cb:JbP2.215d7\/w:auto\/h:auto\/q:mauto\/ig:avif\/https:\/\/thebottleshop.vn\/wp-content\/uploads\/2022\/10\/The-Bottle-Shop-Online-Logo.png","width":145,"height":147,"caption":"The Bottle Shop"},"image":{"@id":"http:\/\/52.77.24.187\/#\/schema\/logo\/image\/"},"sameAs":["https:\/\/www.facebook.com\/thebottleshopvietnam","https:\/\/www.instagram.com\/thebottleshop_vietnam\/"]}]}},"_links":{"self":[{"href":"https:\/\/thebottleshop.vn\/vi\/wp-json\/wp\/v2\/product\/17423","targetHints":{"allow":["GET"]}}],"collection":[{"href":"https:\/\/thebottleshop.vn\/vi\/wp-json\/wp\/v2\/product"}],"about":[{"href":"https:\/\/thebottleshop.vn\/vi\/wp-json\/wp\/v2\/types\/product"}],"replies":[{"embeddable":true,"href":"https:\/\/thebottleshop.vn\/vi\/wp-json\/wp\/v2\/comments?post=17423"}],"wp:featuredmedia":[{"embeddable":true,"href":"https:\/\/thebottleshop.vn\/vi\/wp-json\/wp\/v2\/media\/17447"}],"wp:attachment":[{"href":"https:\/\/thebottleshop.vn\/vi\/wp-json\/wp\/v2\/media?parent=17423"}],"wp:term":[{"taxonomy":"product_brand","embeddable":true,"href":"https:\/\/thebottleshop.vn\/vi\/wp-json\/wp\/v2\/product_brand?post=17423"},{"taxonomy":"product_cat","embeddable":true,"href":"https:\/\/thebottleshop.vn\/vi\/wp-json\/wp\/v2\/product_cat?post=17423"},{"taxonomy":"product_tag","embeddable":true,"href":"https:\/\/thebottleshop.vn\/vi\/wp-json\/wp\/v2\/product_tag?post=17423"}],"curies":[{"name":"wp","href":"https:\/\/api.w.org\/{rel}","templated":true}]}}