{"id":17425,"date":"2023-03-27T15:33:27","date_gmt":"2023-03-27T08:33:27","guid":{"rendered":"https:\/\/thebottleshop.vn\/product\/rhum-belami-premium-edition\/"},"modified":"2025-10-07T15:58:43","modified_gmt":"2025-10-07T08:58:43","slug":"rhum-belami-premium-edition","status":"publish","type":"product","link":"https:\/\/thebottleshop.vn\/vi\/san-pham\/rhum-belami-premium-edition\/","title":{"rendered":"Rhum Belami Premium Edition"},"content":{"rendered":"<p>Rhum Belami Premium Edition. R\u01b0\u1ee3u rum \u0111en \u0111\u01b0\u1ee3c ch\u1ebf t\u00e1c t\u1ec9 m\u1ec9, \u1ee7 trong n\u0103m n\u0103m trong nh\u1eefng th\u00f9ng g\u1ed7 s\u1ed3i T\u00e2y Ban Nha \u0111\u01b0\u1ee3c n\u01b0\u1edbng k\u1ef9, tr\u1ea3i qua qu\u00e1 tr\u00ecnh l\u00e3o h\u00f3a nhi\u1ec7t \u0111\u1edbi. Tr\u01b0\u1edbc khi \u1ee7, nh\u1eefng th\u00f9ng n\u00e0y \u0111\u01b0\u1ee3c t\u1ea9m c\u1ea9n th\u1eadn v\u1edbi h\u1ea1t c\u00e0 ph\u00ea v\u00e0 n\u01b0\u1edbc d\u1eeba, t\u1ea1o ra m\u1ed9t s\u1ef1 pha tr\u1ed9n tinh t\u1ebf c\u1ee7a c\u00e1c ghi ch\u00fa t\u1eeb g\u1ed7 s\u1ed3i cao c\u1ea5p v\u00e0 h\u01b0\u01a1ng v\u1ecb tuy\u1ec7t v\u1eddi c\u1ee7a d\u1eeba. <\/p>\n<p>S\u1ea3n ph\u1ea9m \u0111\u1eb7c bi\u1ec7t n\u00e0y \u0111\u1ea1i di\u1ec7n cho \u0111\u1ec9nh cao c\u1ee7a qu\u00e1 tr\u00ecnh l\u00e3o h\u00f3a m\u00e0 nh\u00e0 m\u00e1y ch\u01b0ng c\u1ea5t danh ti\u1ebfng Belami \u0111\u1ea1t \u0111\u01b0\u1ee3c. Do qu\u00e1 tr\u00ecnh bay h\u01a1i t\u1ef1 nhi\u00ean \u0111\u01b0\u1ee3c g\u1ecdi l\u00e0 Ph\u1ea7n c\u1ee7a Thi\u00ean th\u1ea7n (kho\u1ea3ng 9%), s\u1ea3n l\u01b0\u1ee3ng c\u1ee7a lo\u1ea1i r\u01b0\u1ee3u rum n\u00e0y b\u1ecb gi\u1edbi h\u1ea1n nghi\u00eam ng\u1eb7t, v\u1edbi ch\u1ec9 m\u1ed9t v\u00e0i ng\u00e0n chai \u0111\u01b0\u1ee3c ch\u1ebf t\u00e1c t\u1ec9 m\u1ec9 m\u1ed7i n\u0103m. <\/p>\n<p>\u2014\u2013<br \/>\nXem th\u01b0 vi\u1ec7n h\u00ecnh \u1ea3nh \u0111\u1ec3 bi\u1ebft th\u00eam th\u00f4ng tin chi ti\u1ebft v\u1ec1 ngu\u1ed3n g\u1ed1c, th\u00e0nh ph\u1ea7n v\u00e0 h\u01b0\u1edbng d\u1eabn s\u1eed d\u1ee5ng c\u1ee7a s\u1ea3n ph\u1ea9m.<\/p>\n","protected":false},"excerpt":{"rendered":"<p><strong>700ml\/200ml :: 40%<\/strong><\/p>\n","protected":false},"featured_media":17441,"comment_status":"open","ping_status":"closed","template":"","meta":{"_acf_changed":false},"product_brand":[],"product_cat":[340,338,700,388,375,376,489,345,339,341,424,352,364,496,371],"product_tag":[],"class_list":{"0":"post-17425","1":"product","2":"type-product","3":"status-publish","4":"has-post-thumbnail","6":"product_cat-vietnam-hcmc","7":"product_cat-ruou-va-ruou-vang","8":"product_cat-chai-200ml","9":"product_cat-25-vi","10":"product_cat-750k-999k","11":"product_cat-1m","12":"product_cat-rhum","13":"product_cat-abv-vi","14":"product_cat-xuat-xu","15":"product_cat-dong-goi","16":"product_cat-chai-700-ml","17":"product_cat-gia","18":"product_cat-dong-ruou","19":"product_cat-rhum-belami","20":"product_cat-nha-san-xuat-ruou","21":"pa_pack_type-200ml-vi","22":"pa_pack_type-700ml-vi","24":"first","25":"instock","26":"shipping-taxable","27":"purchasable","28":"product-type-variable","29":"add-to-wishlist-before_image"},"acf":[],"yoast_head":"<!-- This site is optimized with the Yoast SEO plugin v27.2 - https:\/\/yoast.com\/product\/yoast-seo-wordpress\/ -->\n<title>Rhum Belami Premium Edition - The Bottle Shop<\/title>\n<meta name=\"description\" content=\"Rhum Belami Premium Edition. R\u01b0\u1ee3u rum \u0111en \u0111\u01b0\u1ee3c ch\u1ebf t\u00e1c t\u1ec9 m\u1ec9, \u1ee7 trong n\u0103m n\u0103m trong nh\u1eefng th\u00f9ng g\u1ed7 s\u1ed3i T\u00e2y Ban Nha \u0111\u01b0\u1ee3c n\u01b0\u1edbng k\u1ef9, tr\u1ea3i qua qu\u00e1 tr\u00ecnh l\u00e3o h\u00f3a nhi\u1ec7t \u0111\u1edbi. 40% ABV.\" \/>\n<meta name=\"robots\" content=\"index, follow, max-snippet:-1, max-image-preview:large, max-video-preview:-1\" \/>\n<link rel=\"canonical\" href=\"http:\/\/52.77.24.187\/vi\/san-pham\/rhum-belami-premium-edition\/\" \/>\n<meta property=\"og:locale\" content=\"vi_VN\" \/>\n<meta property=\"og:type\" content=\"article\" \/>\n<meta property=\"og:title\" content=\"Rhum Belami Premium Edition - The Bottle Shop\" \/>\n<meta property=\"og:description\" content=\"Rhum Belami Premium Edition. R\u01b0\u1ee3u rum \u0111en \u0111\u01b0\u1ee3c ch\u1ebf t\u00e1c t\u1ec9 m\u1ec9, \u1ee7 trong n\u0103m n\u0103m trong nh\u1eefng th\u00f9ng g\u1ed7 s\u1ed3i T\u00e2y Ban Nha \u0111\u01b0\u1ee3c n\u01b0\u1edbng k\u1ef9, tr\u1ea3i qua qu\u00e1 tr\u00ecnh l\u00e3o h\u00f3a nhi\u1ec7t \u0111\u1edbi. 40% ABV.\" \/>\n<meta property=\"og:url\" content=\"http:\/\/52.77.24.187\/vi\/san-pham\/rhum-belami-premium-edition\/\" \/>\n<meta property=\"og:site_name\" content=\"The Bottle Shop\" \/>\n<meta property=\"article:publisher\" content=\"https:\/\/www.facebook.com\/thebottleshopvietnam\" \/>\n<meta property=\"article:modified_time\" content=\"2025-10-07T08:58:43+00:00\" \/>\n<meta property=\"og:image\" content=\"https:\/\/mlsrfcxkkbzg.i.optimole.com\/cb:JbP2.215d7\/w:auto\/h:auto\/q:mauto\/ig:avif\/http:\/\/52.77.24.187\/wp-content\/uploads\/2023\/03\/Rhum-Belami-Premium-Edition.png\" \/>\n\t<meta property=\"og:image:width\" content=\"1080\" \/>\n\t<meta property=\"og:image:height\" content=\"1080\" \/>\n\t<meta property=\"og:image:type\" content=\"image\/png\" \/>\n<meta name=\"twitter:card\" content=\"summary_large_image\" \/>\n<meta name=\"twitter:label1\" content=\"Est. reading time\" \/>\n\t<meta name=\"twitter:data1\" content=\"1 minute\" \/>\n<script type=\"application\/ld+json\" class=\"yoast-schema-graph\">{\"@context\":\"https:\/\/schema.org\",\"@graph\":[{\"@type\":\"WebPage\",\"@id\":\"http:\/\/52.77.24.187\/vi\/san-pham\/rhum-belami-premium-edition\/\",\"url\":\"http:\/\/52.77.24.187\/vi\/san-pham\/rhum-belami-premium-edition\/\",\"name\":\"Rhum Belami Premium Edition - The Bottle Shop\",\"isPartOf\":{\"@id\":\"http:\/\/52.77.24.187\/#website\"},\"primaryImageOfPage\":{\"@id\":\"http:\/\/52.77.24.187\/vi\/san-pham\/rhum-belami-premium-edition\/#primaryimage\"},\"image\":{\"@id\":\"http:\/\/52.77.24.187\/vi\/san-pham\/rhum-belami-premium-edition\/#primaryimage\"},\"thumbnailUrl\":\"https:\/\/mlsrfcxkkbzg.i.optimole.com\/cb:JbP2.215d7\/w:auto\/h:auto\/q:mauto\/ig:avif\/https:\/\/thebottleshop.vn\/wp-content\/uploads\/2023\/03\/Rhum-Belami-Premium-Edition.png\",\"datePublished\":\"2023-03-27T08:33:27+00:00\",\"dateModified\":\"2025-10-07T08:58:43+00:00\",\"description\":\"Rhum Belami Premium Edition. R\u01b0\u1ee3u rum \u0111en \u0111\u01b0\u1ee3c ch\u1ebf t\u00e1c t\u1ec9 m\u1ec9, \u1ee7 trong n\u0103m n\u0103m trong nh\u1eefng th\u00f9ng g\u1ed7 s\u1ed3i T\u00e2y Ban Nha \u0111\u01b0\u1ee3c n\u01b0\u1edbng k\u1ef9, tr\u1ea3i qua qu\u00e1 tr\u00ecnh l\u00e3o h\u00f3a nhi\u1ec7t \u0111\u1edbi. 40% ABV.\",\"breadcrumb\":{\"@id\":\"http:\/\/52.77.24.187\/vi\/san-pham\/rhum-belami-premium-edition\/#breadcrumb\"},\"inLanguage\":\"vi-VN\",\"potentialAction\":[{\"@type\":\"ReadAction\",\"target\":[\"http:\/\/52.77.24.187\/vi\/san-pham\/rhum-belami-premium-edition\/\"]}]},{\"@type\":\"ImageObject\",\"inLanguage\":\"vi-VN\",\"@id\":\"http:\/\/52.77.24.187\/vi\/san-pham\/rhum-belami-premium-edition\/#primaryimage\",\"url\":\"https:\/\/mlsrfcxkkbzg.i.optimole.com\/cb:JbP2.215d7\/w:auto\/h:auto\/q:mauto\/ig:avif\/https:\/\/thebottleshop.vn\/wp-content\/uploads\/2023\/03\/Rhum-Belami-Premium-Edition.png\",\"contentUrl\":\"https:\/\/mlsrfcxkkbzg.i.optimole.com\/cb:JbP2.215d7\/w:auto\/h:auto\/q:mauto\/ig:avif\/https:\/\/thebottleshop.vn\/wp-content\/uploads\/2023\/03\/Rhum-Belami-Premium-Edition.png\",\"width\":1080,\"height\":1080,\"caption\":\"Rhum Belami Premium Edition\"},{\"@type\":\"BreadcrumbList\",\"@id\":\"http:\/\/52.77.24.187\/vi\/san-pham\/rhum-belami-premium-edition\/#breadcrumb\",\"itemListElement\":[{\"@type\":\"ListItem\",\"position\":1,\"name\":\"Home\",\"item\":\"http:\/\/52.77.24.187\/vi\/test-popup-vi\/\"},{\"@type\":\"ListItem\",\"position\":2,\"name\":\"C\u1eeda h\u00e0ng\",\"item\":\"http:\/\/52.77.24.187\/vi\/cua-hang\/\"},{\"@type\":\"ListItem\",\"position\":3,\"name\":\"Rhum Belami Premium Edition\"}]},{\"@type\":\"WebSite\",\"@id\":\"http:\/\/52.77.24.187\/#website\",\"url\":\"http:\/\/52.77.24.187\/\",\"name\":\"The Bottle Shop\",\"description\":\"All beers are not created equal\",\"publisher\":{\"@id\":\"http:\/\/52.77.24.187\/#organization\"},\"potentialAction\":[{\"@type\":\"SearchAction\",\"target\":{\"@type\":\"EntryPoint\",\"urlTemplate\":\"http:\/\/52.77.24.187\/?s={search_term_string}\"},\"query-input\":{\"@type\":\"PropertyValueSpecification\",\"valueRequired\":true,\"valueName\":\"search_term_string\"}}],\"inLanguage\":\"vi-VN\"},{\"@type\":\"Organization\",\"@id\":\"http:\/\/52.77.24.187\/#organization\",\"name\":\"The Bottle Shop\",\"url\":\"http:\/\/52.77.24.187\/\",\"logo\":{\"@type\":\"ImageObject\",\"inLanguage\":\"vi-VN\",\"@id\":\"http:\/\/52.77.24.187\/#\/schema\/logo\/image\/\",\"url\":\"https:\/\/mlsrfcxkkbzg.i.optimole.com\/cb:JbP2.215d7\/w:auto\/h:auto\/q:mauto\/ig:avif\/https:\/\/thebottleshop.vn\/wp-content\/uploads\/2022\/10\/The-Bottle-Shop-Online-Logo.png\",\"contentUrl\":\"https:\/\/mlsrfcxkkbzg.i.optimole.com\/cb:JbP2.215d7\/w:auto\/h:auto\/q:mauto\/ig:avif\/https:\/\/thebottleshop.vn\/wp-content\/uploads\/2022\/10\/The-Bottle-Shop-Online-Logo.png\",\"width\":145,\"height\":147,\"caption\":\"The Bottle Shop\"},\"image\":{\"@id\":\"http:\/\/52.77.24.187\/#\/schema\/logo\/image\/\"},\"sameAs\":[\"https:\/\/www.facebook.com\/thebottleshopvietnam\",\"https:\/\/www.instagram.com\/thebottleshop_vietnam\/\"]}]}<\/script>\n<!-- \/ Yoast SEO plugin. -->","yoast_head_json":{"title":"Rhum Belami Premium Edition - The Bottle Shop","description":"Rhum Belami Premium Edition. R\u01b0\u1ee3u rum \u0111en \u0111\u01b0\u1ee3c ch\u1ebf t\u00e1c t\u1ec9 m\u1ec9, \u1ee7 trong n\u0103m n\u0103m trong nh\u1eefng th\u00f9ng g\u1ed7 s\u1ed3i T\u00e2y Ban Nha \u0111\u01b0\u1ee3c n\u01b0\u1edbng k\u1ef9, tr\u1ea3i qua qu\u00e1 tr\u00ecnh l\u00e3o h\u00f3a nhi\u1ec7t \u0111\u1edbi. 40% ABV.","robots":{"index":"index","follow":"follow","max-snippet":"max-snippet:-1","max-image-preview":"max-image-preview:large","max-video-preview":"max-video-preview:-1"},"canonical":"http:\/\/52.77.24.187\/vi\/san-pham\/rhum-belami-premium-edition\/","og_locale":"vi_VN","og_type":"article","og_title":"Rhum Belami Premium Edition - The Bottle Shop","og_description":"Rhum Belami Premium Edition. R\u01b0\u1ee3u rum \u0111en \u0111\u01b0\u1ee3c ch\u1ebf t\u00e1c t\u1ec9 m\u1ec9, \u1ee7 trong n\u0103m n\u0103m trong nh\u1eefng th\u00f9ng g\u1ed7 s\u1ed3i T\u00e2y Ban Nha \u0111\u01b0\u1ee3c n\u01b0\u1edbng k\u1ef9, tr\u1ea3i qua qu\u00e1 tr\u00ecnh l\u00e3o h\u00f3a nhi\u1ec7t \u0111\u1edbi. 40% ABV.","og_url":"http:\/\/52.77.24.187\/vi\/san-pham\/rhum-belami-premium-edition\/","og_site_name":"The Bottle Shop","article_publisher":"https:\/\/www.facebook.com\/thebottleshopvietnam","article_modified_time":"2025-10-07T08:58:43+00:00","og_image":[{"width":1080,"height":1080,"url":"https:\/\/mlsrfcxkkbzg.i.optimole.com\/cb:JbP2.215d7\/w:auto\/h:auto\/q:mauto\/ig:avif\/http:\/\/52.77.24.187\/wp-content\/uploads\/2023\/03\/Rhum-Belami-Premium-Edition.png","type":"image\/png"}],"twitter_card":"summary_large_image","twitter_misc":{"Est. reading time":"1 minute"},"schema":{"@context":"https:\/\/schema.org","@graph":[{"@type":"WebPage","@id":"http:\/\/52.77.24.187\/vi\/san-pham\/rhum-belami-premium-edition\/","url":"http:\/\/52.77.24.187\/vi\/san-pham\/rhum-belami-premium-edition\/","name":"Rhum Belami Premium Edition - The Bottle Shop","isPartOf":{"@id":"http:\/\/52.77.24.187\/#website"},"primaryImageOfPage":{"@id":"http:\/\/52.77.24.187\/vi\/san-pham\/rhum-belami-premium-edition\/#primaryimage"},"image":{"@id":"http:\/\/52.77.24.187\/vi\/san-pham\/rhum-belami-premium-edition\/#primaryimage"},"thumbnailUrl":"https:\/\/mlsrfcxkkbzg.i.optimole.com\/cb:JbP2.215d7\/w:auto\/h:auto\/q:mauto\/ig:avif\/https:\/\/thebottleshop.vn\/wp-content\/uploads\/2023\/03\/Rhum-Belami-Premium-Edition.png","datePublished":"2023-03-27T08:33:27+00:00","dateModified":"2025-10-07T08:58:43+00:00","description":"Rhum Belami Premium Edition. R\u01b0\u1ee3u rum \u0111en \u0111\u01b0\u1ee3c ch\u1ebf t\u00e1c t\u1ec9 m\u1ec9, \u1ee7 trong n\u0103m n\u0103m trong nh\u1eefng th\u00f9ng g\u1ed7 s\u1ed3i T\u00e2y Ban Nha \u0111\u01b0\u1ee3c n\u01b0\u1edbng k\u1ef9, tr\u1ea3i qua qu\u00e1 tr\u00ecnh l\u00e3o h\u00f3a nhi\u1ec7t \u0111\u1edbi. 40% ABV.","breadcrumb":{"@id":"http:\/\/52.77.24.187\/vi\/san-pham\/rhum-belami-premium-edition\/#breadcrumb"},"inLanguage":"vi-VN","potentialAction":[{"@type":"ReadAction","target":["http:\/\/52.77.24.187\/vi\/san-pham\/rhum-belami-premium-edition\/"]}]},{"@type":"ImageObject","inLanguage":"vi-VN","@id":"http:\/\/52.77.24.187\/vi\/san-pham\/rhum-belami-premium-edition\/#primaryimage","url":"https:\/\/mlsrfcxkkbzg.i.optimole.com\/cb:JbP2.215d7\/w:auto\/h:auto\/q:mauto\/ig:avif\/https:\/\/thebottleshop.vn\/wp-content\/uploads\/2023\/03\/Rhum-Belami-Premium-Edition.png","contentUrl":"https:\/\/mlsrfcxkkbzg.i.optimole.com\/cb:JbP2.215d7\/w:auto\/h:auto\/q:mauto\/ig:avif\/https:\/\/thebottleshop.vn\/wp-content\/uploads\/2023\/03\/Rhum-Belami-Premium-Edition.png","width":1080,"height":1080,"caption":"Rhum Belami Premium Edition"},{"@type":"BreadcrumbList","@id":"http:\/\/52.77.24.187\/vi\/san-pham\/rhum-belami-premium-edition\/#breadcrumb","itemListElement":[{"@type":"ListItem","position":1,"name":"Home","item":"http:\/\/52.77.24.187\/vi\/test-popup-vi\/"},{"@type":"ListItem","position":2,"name":"C\u1eeda h\u00e0ng","item":"http:\/\/52.77.24.187\/vi\/cua-hang\/"},{"@type":"ListItem","position":3,"name":"Rhum Belami Premium Edition"}]},{"@type":"WebSite","@id":"http:\/\/52.77.24.187\/#website","url":"http:\/\/52.77.24.187\/","name":"The Bottle Shop","description":"All beers are not created equal","publisher":{"@id":"http:\/\/52.77.24.187\/#organization"},"potentialAction":[{"@type":"SearchAction","target":{"@type":"EntryPoint","urlTemplate":"http:\/\/52.77.24.187\/?s={search_term_string}"},"query-input":{"@type":"PropertyValueSpecification","valueRequired":true,"valueName":"search_term_string"}}],"inLanguage":"vi-VN"},{"@type":"Organization","@id":"http:\/\/52.77.24.187\/#organization","name":"The Bottle Shop","url":"http:\/\/52.77.24.187\/","logo":{"@type":"ImageObject","inLanguage":"vi-VN","@id":"http:\/\/52.77.24.187\/#\/schema\/logo\/image\/","url":"https:\/\/mlsrfcxkkbzg.i.optimole.com\/cb:JbP2.215d7\/w:auto\/h:auto\/q:mauto\/ig:avif\/https:\/\/thebottleshop.vn\/wp-content\/uploads\/2022\/10\/The-Bottle-Shop-Online-Logo.png","contentUrl":"https:\/\/mlsrfcxkkbzg.i.optimole.com\/cb:JbP2.215d7\/w:auto\/h:auto\/q:mauto\/ig:avif\/https:\/\/thebottleshop.vn\/wp-content\/uploads\/2022\/10\/The-Bottle-Shop-Online-Logo.png","width":145,"height":147,"caption":"The Bottle Shop"},"image":{"@id":"http:\/\/52.77.24.187\/#\/schema\/logo\/image\/"},"sameAs":["https:\/\/www.facebook.com\/thebottleshopvietnam","https:\/\/www.instagram.com\/thebottleshop_vietnam\/"]}]}},"_links":{"self":[{"href":"https:\/\/thebottleshop.vn\/vi\/wp-json\/wp\/v2\/product\/17425","targetHints":{"allow":["GET"]}}],"collection":[{"href":"https:\/\/thebottleshop.vn\/vi\/wp-json\/wp\/v2\/product"}],"about":[{"href":"https:\/\/thebottleshop.vn\/vi\/wp-json\/wp\/v2\/types\/product"}],"replies":[{"embeddable":true,"href":"https:\/\/thebottleshop.vn\/vi\/wp-json\/wp\/v2\/comments?post=17425"}],"wp:featuredmedia":[{"embeddable":true,"href":"https:\/\/thebottleshop.vn\/vi\/wp-json\/wp\/v2\/media\/17441"}],"wp:attachment":[{"href":"https:\/\/thebottleshop.vn\/vi\/wp-json\/wp\/v2\/media?parent=17425"}],"wp:term":[{"taxonomy":"product_brand","embeddable":true,"href":"https:\/\/thebottleshop.vn\/vi\/wp-json\/wp\/v2\/product_brand?post=17425"},{"taxonomy":"product_cat","embeddable":true,"href":"https:\/\/thebottleshop.vn\/vi\/wp-json\/wp\/v2\/product_cat?post=17425"},{"taxonomy":"product_tag","embeddable":true,"href":"https:\/\/thebottleshop.vn\/vi\/wp-json\/wp\/v2\/product_tag?post=17425"}],"curies":[{"name":"wp","href":"https:\/\/api.w.org\/{rel}","templated":true}]}}