{"id":17457,"date":"2023-03-30T12:01:43","date_gmt":"2023-03-30T05:01:43","guid":{"rendered":"https:\/\/thebottleshop.vn\/product\/ipa-cannon\/"},"modified":"2023-05-04T13:45:34","modified_gmt":"2023-05-04T06:45:34","slug":"ipa-cannon","status":"publish","type":"product","link":"https:\/\/thebottleshop.vn\/vi\/san-pham\/ipa-cannon\/","title":{"rendered":"IPA CANnon"},"content":{"rendered":"<p>H\u1ea7u h\u1ebft m\u1ecdi ng\u01b0\u1eddi \u0111\u1ec1u y\u00eau th\u00edch Bia IPA. V\u00ec v\u1eady, h\u00e3y chi\u00eau \u0111\u00e3i b\u1ea1n g\u00f3i qu\u00e0 t\u1eb7ng IPA CANnon g\u1ed3m 3 lo\u1ea1i Bia IPA ngon nh\u1ea5t Vi\u1ec7t Nam &#8211; <a href=\"https:\/\/thebottleshop.vn\/vi\/san-pham\/hod-kurtz-insane-ipa\/\">Kurtz&#8217;s Insane IPA<\/a> c\u1ee7a <a class=\"x1i10hfl xjbqb8w x6umtig x1b1mbwd xaqea5y xav7gou x9f619 x1ypdohk xt0psk2 xe8uvvx xdj266r x11i5rnm xat24cr x1mh8g0r xexx8yu x4uap5 x18d9i69 xkhd6sd x16tdsg8 x1hl2dhg xggy1nq x1a2a7pz xt0b8zv x1qq9wsj xo1l8bm\" tabindex=\"0\" role=\"link\" href=\"https:\/\/www.facebook.com\/heartofdarknesshcmc\/?__cft__%5B0%5D=AZX5Qo0NoZkRSG18Vn2Tc6N6x1-A6Zc24TOQb5euDXoLsUjJXFMu87ekRi6pFUutAhR0gG9BcUTYkwR5IDfdfiQ96ryH6f68YTF31FUnnfwp0RUt6nvgDOj_dK4EhlpUq4AJXOpwvxhbqw9drXIVwCsgnOIqT4BGPUDEWSP9wIN35mRUBOfC0GCB-JiAh6O5YtI&amp;__tn__=kK-R\"><span class=\"xt0psk2\">Heart of Darkness<\/span><\/a>, <a href=\"https:\/\/thebottleshop.vn\/vi\/san-pham\/psbc-jasmine-ipa-2\/\">Jasmine IPA<\/a> t\u1eeb <a class=\"x1i10hfl xjbqb8w x6umtig x1b1mbwd xaqea5y xav7gou x9f619 x1ypdohk xt0psk2 xe8uvvx xdj266r x11i5rnm xat24cr x1mh8g0r xexx8yu x4uap5 x18d9i69 xkhd6sd x16tdsg8 x1hl2dhg xggy1nq x1a2a7pz xt0b8zv x1qq9wsj xo1l8bm\" tabindex=\"0\" role=\"link\" href=\"https:\/\/www.facebook.com\/Pasteur-Street-Brewing-Company-193157127971704\/?__cft__%5B0%5D=AZX5Qo0NoZkRSG18Vn2Tc6N6x1-A6Zc24TOQb5euDXoLsUjJXFMu87ekRi6pFUutAhR0gG9BcUTYkwR5IDfdfiQ96ryH6f68YTF31FUnnfwp0RUt6nvgDOj_dK4EhlpUq4AJXOpwvxhbqw9drXIVwCsgnOIqT4BGPUDEWSP9wIN35mRUBOfC0GCB-JiAh6O5YtI&amp;__tn__=kK-R\"><span class=\"xt0psk2\">Pasteur Street<\/span><\/a> v\u00e0 s\u1ef1 l\u1ee5a ch\u1ecdn c\u1ee7a ch\u00fang t\u00f4i cho IPA ngon nh\u1ea5t n\u0103m 2021, <a href=\"https:\/\/thebottleshop.vn\/vi\/san-pham\/origins-dakao-dipa-2\/\">\u0110a Kao DIPA<\/a> t\u1eeb <a class=\"x1i10hfl xjbqb8w x6umtig x1b1mbwd xaqea5y xav7gou x9f619 x1ypdohk xt0psk2 xe8uvvx xdj266r x11i5rnm xat24cr x1mh8g0r xexx8yu x4uap5 x18d9i69 xkhd6sd x16tdsg8 x1hl2dhg xggy1nq x1a2a7pz xt0b8zv x1qq9wsj xo1l8bm\" tabindex=\"0\" role=\"link\" href=\"https:\/\/www.facebook.com\/OriginsBia?__cft__%5B0%5D=AZX5Qo0NoZkRSG18Vn2Tc6N6x1-A6Zc24TOQb5euDXoLsUjJXFMu87ekRi6pFUutAhR0gG9BcUTYkwR5IDfdfiQ96ryH6f68YTF31FUnnfwp0RUt6nvgDOj_dK4EhlpUq4AJXOpwvxhbqw9drXIVwCsgnOIqT4BGPUDEWSP9wIN35mRUBOfC0GCB-JiAh6O5YtI&amp;__tn__=-%5DK-R\"><span class=\"xt0psk2\">Origins Bia<\/span><\/a> . T\u1ea1o di\u1ebfm nh\u00e2n cho m\u00f2n qu\u00e0 b\u1eb1ng m\u1ed9t trong nh\u1eefng nh\u00e3n d\u00e1n ch\u00fac m\u1eebng v\u00e0 l\u00e0m cho nh\u1eefng ng\u01b0\u1eddi b\u1ea1n c\u1ee7a b\u1ea1n h\u1ea1nh ph\u00fac t\u1ed1i nay.<\/p>\n<p>\u2014\u2013<br \/>\nXem th\u01b0 vi\u1ec7n h\u00ecnh \u1ea3nh \u0111\u1ec3 bi\u1ebft th\u00eam th\u00f4ng tin chi ti\u1ebft v\u1ec1 ngu\u1ed3n g\u1ed1c, th\u00e0nh ph\u1ea7n v\u00e0 h\u01b0\u1edbng d\u1eabn s\u1eed d\u1ee5ng c\u1ee7a s\u1ea3n ph\u1ea9m.<\/p>\n","protected":false},"excerpt":{"rendered":"<p><strong>3x330ml CANnon<\/strong><\/p>\n","protected":false},"featured_media":22250,"comment_status":"open","ping_status":"closed","template":"","meta":{"_acf_changed":false},"product_brand":[],"product_cat":[340,337,373,412,351,366,339,341,352,359,604,369,454,456],"product_tag":[],"class_list":{"0":"post-17457","1":"product","2":"type-product","3":"status-publish","4":"has-post-thumbnail","6":"product_cat-vietnam-hcmc","7":"product_cat-bia-va-cider","8":"product_cat-200k-499k","9":"product_cat-do-luu-niem","10":"product_cat-dong-bia","11":"product_cat-nha-san-xuat","12":"product_cat-xuat-xu","13":"product_cat-dong-goi","14":"product_cat-gia","15":"product_cat-ipa","16":"product_cat-cannon-vi","17":"product_cat-heart-of-darkness","18":"product_cat-origins-bia","19":"product_cat-pasteur-street","21":"first","22":"outofstock","23":"shipping-taxable","24":"purchasable","25":"product-type-simple","26":"add-to-wishlist-before_image"},"acf":[],"yoast_head":"<!-- This site is optimized with the Yoast SEO plugin v27.2 - https:\/\/yoast.com\/product\/yoast-seo-wordpress\/ -->\n<title>IPA CANnon - The Bottle Shop<\/title>\n<meta name=\"description\" content=\"G\u00f3i qu\u00e0 IPA CANnon g\u1ed3m 3 IPA ngon nh\u1ea5t Vi\u1ec7t Nam - Heart of Darkness Kurtz&#039;s Insane IPA, Pasteur Street Jasmine IPA v\u00e0 Origins \u0110a Kao DIPA.\" \/>\n<meta name=\"robots\" content=\"index, follow, max-snippet:-1, max-image-preview:large, max-video-preview:-1\" \/>\n<link rel=\"canonical\" href=\"http:\/\/52.77.24.187\/vi\/san-pham\/ipa-cannon\/\" \/>\n<meta property=\"og:locale\" content=\"vi_VN\" \/>\n<meta property=\"og:type\" content=\"article\" \/>\n<meta property=\"og:title\" content=\"IPA CANnon - The Bottle Shop\" \/>\n<meta property=\"og:description\" content=\"G\u00f3i qu\u00e0 IPA CANnon g\u1ed3m 3 IPA ngon nh\u1ea5t Vi\u1ec7t Nam - Heart of Darkness Kurtz&#039;s Insane IPA, Pasteur Street Jasmine IPA v\u00e0 Origins \u0110a Kao DIPA.\" \/>\n<meta property=\"og:url\" content=\"http:\/\/52.77.24.187\/vi\/san-pham\/ipa-cannon\/\" \/>\n<meta property=\"og:site_name\" content=\"The Bottle Shop\" \/>\n<meta property=\"article:publisher\" content=\"https:\/\/www.facebook.com\/thebottleshopvietnam\" \/>\n<meta property=\"article:modified_time\" content=\"2023-05-04T06:45:34+00:00\" \/>\n<meta property=\"og:image\" content=\"https:\/\/mlsrfcxkkbzg.i.optimole.com\/cb:JbP2.215d7\/w:auto\/h:auto\/q:mauto\/ig:avif\/http:\/\/52.77.24.187\/wp-content\/uploads\/2023\/03\/IPA-Cannon.png\" \/>\n\t<meta property=\"og:image:width\" content=\"1080\" \/>\n\t<meta property=\"og:image:height\" content=\"1080\" \/>\n\t<meta property=\"og:image:type\" content=\"image\/png\" \/>\n<meta name=\"twitter:card\" content=\"summary_large_image\" \/>\n<meta name=\"twitter:label1\" content=\"Est. reading time\" \/>\n\t<meta name=\"twitter:data1\" content=\"1 minute\" \/>\n<script type=\"application\/ld+json\" class=\"yoast-schema-graph\">{\"@context\":\"https:\/\/schema.org\",\"@graph\":[{\"@type\":\"WebPage\",\"@id\":\"http:\/\/52.77.24.187\/vi\/san-pham\/ipa-cannon\/\",\"url\":\"http:\/\/52.77.24.187\/vi\/san-pham\/ipa-cannon\/\",\"name\":\"IPA CANnon - The Bottle Shop\",\"isPartOf\":{\"@id\":\"http:\/\/52.77.24.187\/#website\"},\"primaryImageOfPage\":{\"@id\":\"http:\/\/52.77.24.187\/vi\/san-pham\/ipa-cannon\/#primaryimage\"},\"image\":{\"@id\":\"http:\/\/52.77.24.187\/vi\/san-pham\/ipa-cannon\/#primaryimage\"},\"thumbnailUrl\":\"https:\/\/mlsrfcxkkbzg.i.optimole.com\/cb:JbP2.215d7\/w:auto\/h:auto\/q:mauto\/ig:avif\/https:\/\/thebottleshop.vn\/wp-content\/uploads\/2025\/10\/IPA-Cannon-Craft-Beer-Gift-Pack-1.png\",\"datePublished\":\"2023-03-30T05:01:43+00:00\",\"dateModified\":\"2023-05-04T06:45:34+00:00\",\"description\":\"G\u00f3i qu\u00e0 IPA CANnon g\u1ed3m 3 IPA ngon nh\u1ea5t Vi\u1ec7t Nam - Heart of Darkness Kurtz's Insane IPA, Pasteur Street Jasmine IPA v\u00e0 Origins \u0110a Kao DIPA.\",\"breadcrumb\":{\"@id\":\"http:\/\/52.77.24.187\/vi\/san-pham\/ipa-cannon\/#breadcrumb\"},\"inLanguage\":\"vi-VN\",\"potentialAction\":[{\"@type\":\"ReadAction\",\"target\":[\"http:\/\/52.77.24.187\/vi\/san-pham\/ipa-cannon\/\"]}]},{\"@type\":\"ImageObject\",\"inLanguage\":\"vi-VN\",\"@id\":\"http:\/\/52.77.24.187\/vi\/san-pham\/ipa-cannon\/#primaryimage\",\"url\":\"https:\/\/mlsrfcxkkbzg.i.optimole.com\/cb:JbP2.215d7\/w:auto\/h:auto\/q:mauto\/ig:avif\/https:\/\/thebottleshop.vn\/wp-content\/uploads\/2025\/10\/IPA-Cannon-Craft-Beer-Gift-Pack-1.png\",\"contentUrl\":\"https:\/\/mlsrfcxkkbzg.i.optimole.com\/cb:JbP2.215d7\/w:auto\/h:auto\/q:mauto\/ig:avif\/https:\/\/thebottleshop.vn\/wp-content\/uploads\/2025\/10\/IPA-Cannon-Craft-Beer-Gift-Pack-1.png\",\"width\":1080,\"height\":1080,\"caption\":\"IPA Cannon Craft Beer Gift Pack\"},{\"@type\":\"BreadcrumbList\",\"@id\":\"http:\/\/52.77.24.187\/vi\/san-pham\/ipa-cannon\/#breadcrumb\",\"itemListElement\":[{\"@type\":\"ListItem\",\"position\":1,\"name\":\"Home\",\"item\":\"http:\/\/52.77.24.187\/vi\/test-popup-vi\/\"},{\"@type\":\"ListItem\",\"position\":2,\"name\":\"C\u1eeda h\u00e0ng\",\"item\":\"http:\/\/52.77.24.187\/vi\/cua-hang\/\"},{\"@type\":\"ListItem\",\"position\":3,\"name\":\"IPA CANnon\"}]},{\"@type\":\"WebSite\",\"@id\":\"http:\/\/52.77.24.187\/#website\",\"url\":\"http:\/\/52.77.24.187\/\",\"name\":\"The Bottle Shop\",\"description\":\"All beers are not created equal\",\"publisher\":{\"@id\":\"http:\/\/52.77.24.187\/#organization\"},\"potentialAction\":[{\"@type\":\"SearchAction\",\"target\":{\"@type\":\"EntryPoint\",\"urlTemplate\":\"http:\/\/52.77.24.187\/?s={search_term_string}\"},\"query-input\":{\"@type\":\"PropertyValueSpecification\",\"valueRequired\":true,\"valueName\":\"search_term_string\"}}],\"inLanguage\":\"vi-VN\"},{\"@type\":\"Organization\",\"@id\":\"http:\/\/52.77.24.187\/#organization\",\"name\":\"The Bottle Shop\",\"url\":\"http:\/\/52.77.24.187\/\",\"logo\":{\"@type\":\"ImageObject\",\"inLanguage\":\"vi-VN\",\"@id\":\"http:\/\/52.77.24.187\/#\/schema\/logo\/image\/\",\"url\":\"https:\/\/mlsrfcxkkbzg.i.optimole.com\/cb:JbP2.215d7\/w:auto\/h:auto\/q:mauto\/ig:avif\/https:\/\/thebottleshop.vn\/wp-content\/uploads\/2022\/10\/The-Bottle-Shop-Online-Logo.png\",\"contentUrl\":\"https:\/\/mlsrfcxkkbzg.i.optimole.com\/cb:JbP2.215d7\/w:auto\/h:auto\/q:mauto\/ig:avif\/https:\/\/thebottleshop.vn\/wp-content\/uploads\/2022\/10\/The-Bottle-Shop-Online-Logo.png\",\"width\":145,\"height\":147,\"caption\":\"The Bottle Shop\"},\"image\":{\"@id\":\"http:\/\/52.77.24.187\/#\/schema\/logo\/image\/\"},\"sameAs\":[\"https:\/\/www.facebook.com\/thebottleshopvietnam\",\"https:\/\/www.instagram.com\/thebottleshop_vietnam\/\"]}]}<\/script>\n<!-- \/ Yoast SEO plugin. -->","yoast_head_json":{"title":"IPA CANnon - The Bottle Shop","description":"G\u00f3i qu\u00e0 IPA CANnon g\u1ed3m 3 IPA ngon nh\u1ea5t Vi\u1ec7t Nam - Heart of Darkness Kurtz's Insane IPA, Pasteur Street Jasmine IPA v\u00e0 Origins \u0110a Kao DIPA.","robots":{"index":"index","follow":"follow","max-snippet":"max-snippet:-1","max-image-preview":"max-image-preview:large","max-video-preview":"max-video-preview:-1"},"canonical":"http:\/\/52.77.24.187\/vi\/san-pham\/ipa-cannon\/","og_locale":"vi_VN","og_type":"article","og_title":"IPA CANnon - The Bottle Shop","og_description":"G\u00f3i qu\u00e0 IPA CANnon g\u1ed3m 3 IPA ngon nh\u1ea5t Vi\u1ec7t Nam - Heart of Darkness Kurtz's Insane IPA, Pasteur Street Jasmine IPA v\u00e0 Origins \u0110a Kao DIPA.","og_url":"http:\/\/52.77.24.187\/vi\/san-pham\/ipa-cannon\/","og_site_name":"The Bottle Shop","article_publisher":"https:\/\/www.facebook.com\/thebottleshopvietnam","article_modified_time":"2023-05-04T06:45:34+00:00","og_image":[{"width":1080,"height":1080,"url":"https:\/\/mlsrfcxkkbzg.i.optimole.com\/cb:JbP2.215d7\/w:auto\/h:auto\/q:mauto\/ig:avif\/http:\/\/52.77.24.187\/wp-content\/uploads\/2023\/03\/IPA-Cannon.png","type":"image\/png"}],"twitter_card":"summary_large_image","twitter_misc":{"Est. reading time":"1 minute"},"schema":{"@context":"https:\/\/schema.org","@graph":[{"@type":"WebPage","@id":"http:\/\/52.77.24.187\/vi\/san-pham\/ipa-cannon\/","url":"http:\/\/52.77.24.187\/vi\/san-pham\/ipa-cannon\/","name":"IPA CANnon - The Bottle Shop","isPartOf":{"@id":"http:\/\/52.77.24.187\/#website"},"primaryImageOfPage":{"@id":"http:\/\/52.77.24.187\/vi\/san-pham\/ipa-cannon\/#primaryimage"},"image":{"@id":"http:\/\/52.77.24.187\/vi\/san-pham\/ipa-cannon\/#primaryimage"},"thumbnailUrl":"https:\/\/mlsrfcxkkbzg.i.optimole.com\/cb:JbP2.215d7\/w:auto\/h:auto\/q:mauto\/ig:avif\/https:\/\/thebottleshop.vn\/wp-content\/uploads\/2025\/10\/IPA-Cannon-Craft-Beer-Gift-Pack-1.png","datePublished":"2023-03-30T05:01:43+00:00","dateModified":"2023-05-04T06:45:34+00:00","description":"G\u00f3i qu\u00e0 IPA CANnon g\u1ed3m 3 IPA ngon nh\u1ea5t Vi\u1ec7t Nam - Heart of Darkness Kurtz's Insane IPA, Pasteur Street Jasmine IPA v\u00e0 Origins \u0110a Kao DIPA.","breadcrumb":{"@id":"http:\/\/52.77.24.187\/vi\/san-pham\/ipa-cannon\/#breadcrumb"},"inLanguage":"vi-VN","potentialAction":[{"@type":"ReadAction","target":["http:\/\/52.77.24.187\/vi\/san-pham\/ipa-cannon\/"]}]},{"@type":"ImageObject","inLanguage":"vi-VN","@id":"http:\/\/52.77.24.187\/vi\/san-pham\/ipa-cannon\/#primaryimage","url":"https:\/\/mlsrfcxkkbzg.i.optimole.com\/cb:JbP2.215d7\/w:auto\/h:auto\/q:mauto\/ig:avif\/https:\/\/thebottleshop.vn\/wp-content\/uploads\/2025\/10\/IPA-Cannon-Craft-Beer-Gift-Pack-1.png","contentUrl":"https:\/\/mlsrfcxkkbzg.i.optimole.com\/cb:JbP2.215d7\/w:auto\/h:auto\/q:mauto\/ig:avif\/https:\/\/thebottleshop.vn\/wp-content\/uploads\/2025\/10\/IPA-Cannon-Craft-Beer-Gift-Pack-1.png","width":1080,"height":1080,"caption":"IPA Cannon Craft Beer Gift Pack"},{"@type":"BreadcrumbList","@id":"http:\/\/52.77.24.187\/vi\/san-pham\/ipa-cannon\/#breadcrumb","itemListElement":[{"@type":"ListItem","position":1,"name":"Home","item":"http:\/\/52.77.24.187\/vi\/test-popup-vi\/"},{"@type":"ListItem","position":2,"name":"C\u1eeda h\u00e0ng","item":"http:\/\/52.77.24.187\/vi\/cua-hang\/"},{"@type":"ListItem","position":3,"name":"IPA CANnon"}]},{"@type":"WebSite","@id":"http:\/\/52.77.24.187\/#website","url":"http:\/\/52.77.24.187\/","name":"The Bottle Shop","description":"All beers are not created equal","publisher":{"@id":"http:\/\/52.77.24.187\/#organization"},"potentialAction":[{"@type":"SearchAction","target":{"@type":"EntryPoint","urlTemplate":"http:\/\/52.77.24.187\/?s={search_term_string}"},"query-input":{"@type":"PropertyValueSpecification","valueRequired":true,"valueName":"search_term_string"}}],"inLanguage":"vi-VN"},{"@type":"Organization","@id":"http:\/\/52.77.24.187\/#organization","name":"The Bottle Shop","url":"http:\/\/52.77.24.187\/","logo":{"@type":"ImageObject","inLanguage":"vi-VN","@id":"http:\/\/52.77.24.187\/#\/schema\/logo\/image\/","url":"https:\/\/mlsrfcxkkbzg.i.optimole.com\/cb:JbP2.215d7\/w:auto\/h:auto\/q:mauto\/ig:avif\/https:\/\/thebottleshop.vn\/wp-content\/uploads\/2022\/10\/The-Bottle-Shop-Online-Logo.png","contentUrl":"https:\/\/mlsrfcxkkbzg.i.optimole.com\/cb:JbP2.215d7\/w:auto\/h:auto\/q:mauto\/ig:avif\/https:\/\/thebottleshop.vn\/wp-content\/uploads\/2022\/10\/The-Bottle-Shop-Online-Logo.png","width":145,"height":147,"caption":"The Bottle Shop"},"image":{"@id":"http:\/\/52.77.24.187\/#\/schema\/logo\/image\/"},"sameAs":["https:\/\/www.facebook.com\/thebottleshopvietnam","https:\/\/www.instagram.com\/thebottleshop_vietnam\/"]}]}},"_links":{"self":[{"href":"https:\/\/thebottleshop.vn\/vi\/wp-json\/wp\/v2\/product\/17457","targetHints":{"allow":["GET"]}}],"collection":[{"href":"https:\/\/thebottleshop.vn\/vi\/wp-json\/wp\/v2\/product"}],"about":[{"href":"https:\/\/thebottleshop.vn\/vi\/wp-json\/wp\/v2\/types\/product"}],"replies":[{"embeddable":true,"href":"https:\/\/thebottleshop.vn\/vi\/wp-json\/wp\/v2\/comments?post=17457"}],"wp:featuredmedia":[{"embeddable":true,"href":"https:\/\/thebottleshop.vn\/vi\/wp-json\/wp\/v2\/media\/22250"}],"wp:attachment":[{"href":"https:\/\/thebottleshop.vn\/vi\/wp-json\/wp\/v2\/media?parent=17457"}],"wp:term":[{"taxonomy":"product_brand","embeddable":true,"href":"https:\/\/thebottleshop.vn\/vi\/wp-json\/wp\/v2\/product_brand?post=17457"},{"taxonomy":"product_cat","embeddable":true,"href":"https:\/\/thebottleshop.vn\/vi\/wp-json\/wp\/v2\/product_cat?post=17457"},{"taxonomy":"product_tag","embeddable":true,"href":"https:\/\/thebottleshop.vn\/vi\/wp-json\/wp\/v2\/product_tag?post=17457"}],"curies":[{"name":"wp","href":"https:\/\/api.w.org\/{rel}","templated":true}]}}