{"id":17469,"date":"2023-03-30T16:22:05","date_gmt":"2023-03-30T09:22:05","guid":{"rendered":"https:\/\/thebottleshop.vn\/product\/pale-ale-cannon\/"},"modified":"2023-05-04T13:55:45","modified_gmt":"2023-05-04T06:55:45","slug":"pale-ale-cannon","status":"publish","type":"product","link":"https:\/\/thebottleshop.vn\/vi\/san-pham\/pale-ale-cannon\/","title":{"rendered":"Pale Ale CANnon"},"content":{"rendered":"<p>Pale Ale CANnon l\u00e0 m\u00f3n qu\u00e0 ho\u00e0n h\u1ea3o cho nh\u1eefng ai th\u00edch lo\u1ea1i bia c\u1ee7a h\u1ecd \u00edt hoppy h\u01a1n IPA nh\u01b0ng \u0111\u1eadm \u0111\u00e0 h\u01a1n Lager. Pale Ale CANnon c\u00f3 c\u00e1c lo\u1ea1i Pale Ale h\u00e0ng \u0111\u1ea7u t\u1eeb 3 nh\u00e0 m\u00e1y bia l\u00e2u \u0111\u1eddi nh\u1ea5t c\u1ee7a S\u00e0i G\u00f2n &#8211; <a class=\"x1i10hfl xjbqb8w x6umtig x1b1mbwd xaqea5y xav7gou x9f619 x1ypdohk xt0psk2 xe8uvvx xdj266r x11i5rnm xat24cr x1mh8g0r xexx8yu x4uap5 x18d9i69 xkhd6sd x16tdsg8 x1hl2dhg xggy1nq x1a2a7pz xt0b8zv x1qq9wsj xo1l8bm\" tabindex=\"0\" role=\"link\" href=\"https:\/\/www.facebook.com\/theroosterbeers?__cft__%5B0%5D=AZUfhS1YMT4POdMbywMd-PyMC3WXdwloDmi1nGlJfXLhO3uoKr4AfFv_dkUz2BdHtUAHUs80GSZBrT_QAFCTKYtQD4QhFA-eniYOj9bq4tYwnVcyo9i9L6Zh00mWg9Fb3qo&amp;__tn__=-%5DK-R\"><span class=\"xt0psk2\">Rooster<\/span><\/a> <a href=\"https:\/\/thebottleshop.vn\/vi\/san-pham\/rooster-pale-2\/\">Pale<\/a>, <a class=\"x1i10hfl xjbqb8w x6umtig x1b1mbwd xaqea5y xav7gou x9f619 x1ypdohk xt0psk2 xe8uvvx xdj266r x11i5rnm xat24cr x1mh8g0r xexx8yu x4uap5 x18d9i69 xkhd6sd x16tdsg8 x1hl2dhg xggy1nq x1a2a7pz xt0b8zv x1qq9wsj xo1l8bm\" tabindex=\"0\" role=\"link\" href=\"https:\/\/www.facebook.com\/eastwestbrewery?__cft__%5B0%5D=AZUfhS1YMT4POdMbywMd-PyMC3WXdwloDmi1nGlJfXLhO3uoKr4AfFv_dkUz2BdHtUAHUs80GSZBrT_QAFCTKYtQD4QhFA-eniYOj9bq4tYwnVcyo9i9L6Zh00mWg9Fb3qo&amp;__tn__=-%5DK-R\"><span class=\"xt0psk2\">East West<\/span><\/a> <a href=\"https:\/\/thebottleshop.vn\/vi\/san-pham\/east-west-pale-ale-2\/\">Pale Ale<\/a> v\u00e0 <a href=\"https:\/\/thebottleshop.vn\/vi\/san-pham\/hod-dream-alone-pale-ale-2\/\">Dream Alone Pale Ale<\/a> t\u1eeb <a class=\"x1i10hfl xjbqb8w x6umtig x1b1mbwd xaqea5y xav7gou x9f619 x1ypdohk xt0psk2 xe8uvvx xdj266r x11i5rnm xat24cr x1mh8g0r xexx8yu x4uap5 x18d9i69 xkhd6sd x16tdsg8 x1hl2dhg xggy1nq x1a2a7pz xt0b8zv x1qq9wsj xo1l8bm\" tabindex=\"0\" role=\"link\" href=\"https:\/\/www.facebook.com\/heartofdarknesshcmc\/?__cft__%5B0%5D=AZUfhS1YMT4POdMbywMd-PyMC3WXdwloDmi1nGlJfXLhO3uoKr4AfFv_dkUz2BdHtUAHUs80GSZBrT_QAFCTKYtQD4QhFA-eniYOj9bq4tYwnVcyo9i9L6Zh00mWg9Fb3qo&amp;__tn__=kK-R\"><span class=\"xt0psk2\">Heart of Darkness Craft Brewery<\/span><\/a> . M\u1ed9t m\u00f3n qu\u00e0 sinh nh\u1eadt l\u00fd t\u01b0\u1edfng cho ng\u01b0\u1eddi m\u1edbi l\u00e0m quen v\u1edbi th\u1ebf gi\u1edbi bia th\u1ee7 c\u00f4ng.<\/p>\n<p>\u2014\u2013<br \/>\nXem th\u01b0 vi\u1ec7n h\u00ecnh \u1ea3nh \u0111\u1ec3 bi\u1ebft th\u00eam th\u00f4ng tin chi ti\u1ebft v\u1ec1 ngu\u1ed3n g\u1ed1c, th\u00e0nh ph\u1ea7n v\u00e0 h\u01b0\u1edbng d\u1eabn s\u1eed d\u1ee5ng c\u1ee7a s\u1ea3n ph\u1ea9m.<\/p>\n<p>&nbsp;<\/p>\n","protected":false},"excerpt":{"rendered":"<p><strong>3x330ml CANnon<\/strong><\/p>\n","protected":false},"featured_media":22258,"comment_status":"open","ping_status":"closed","template":"","meta":{"_acf_changed":false},"product_brand":[],"product_cat":[337,340,435,373,412,351,366,339,341,352,358,368,604,369],"product_tag":[],"class_list":{"0":"post-17469","1":"product","2":"type-product","3":"status-publish","4":"has-post-thumbnail","6":"product_cat-bia-va-cider","7":"product_cat-vietnam-hcmc","8":"product_cat-barett-craft-beer","9":"product_cat-200k-499k","10":"product_cat-do-luu-niem","11":"product_cat-dong-bia","12":"product_cat-nha-san-xuat","13":"product_cat-xuat-xu","14":"product_cat-dong-goi","15":"product_cat-gia","16":"product_cat-pale-ale","17":"product_cat-east-west","18":"product_cat-cannon-vi","19":"product_cat-heart-of-darkness","21":"first","22":"outofstock","23":"shipping-taxable","24":"purchasable","25":"product-type-simple","26":"add-to-wishlist-before_image"},"acf":[],"yoast_head":"<!-- This site is optimized with the Yoast SEO plugin v27.2 - https:\/\/yoast.com\/product\/yoast-seo-wordpress\/ -->\n<title>Pale Ale CANnon - The Bottle Shop<\/title>\n<meta name=\"description\" content=\"Pale Ale CANnon c\u00f3 c\u00e1c lo\u1ea1i Pale Ale h\u00e0ng \u0111\u1ea7u t\u1eeb 3 nh\u00e0 m\u00e1y bia l\u00e2u \u0111\u1eddi nh\u1ea5t c\u1ee7a S\u00e0i G\u00f2n - Rooster Pale, East West Pale Ale v\u00e0 Heart of Darkness Dream Alone Pale Ale.\" \/>\n<meta name=\"robots\" content=\"index, follow, max-snippet:-1, max-image-preview:large, max-video-preview:-1\" \/>\n<link rel=\"canonical\" href=\"http:\/\/52.77.24.187\/vi\/san-pham\/pale-ale-cannon\/\" \/>\n<meta property=\"og:locale\" content=\"vi_VN\" \/>\n<meta property=\"og:type\" content=\"article\" \/>\n<meta property=\"og:title\" content=\"Pale Ale CANnon - The Bottle Shop\" \/>\n<meta property=\"og:description\" content=\"Pale Ale CANnon c\u00f3 c\u00e1c lo\u1ea1i Pale Ale h\u00e0ng \u0111\u1ea7u t\u1eeb 3 nh\u00e0 m\u00e1y bia l\u00e2u \u0111\u1eddi nh\u1ea5t c\u1ee7a S\u00e0i G\u00f2n - Rooster Pale, East West Pale Ale v\u00e0 Heart of Darkness Dream Alone Pale Ale.\" \/>\n<meta property=\"og:url\" content=\"http:\/\/52.77.24.187\/vi\/san-pham\/pale-ale-cannon\/\" \/>\n<meta property=\"og:site_name\" content=\"The Bottle Shop\" \/>\n<meta property=\"article:publisher\" content=\"https:\/\/www.facebook.com\/thebottleshopvietnam\" \/>\n<meta property=\"article:modified_time\" content=\"2023-05-04T06:55:45+00:00\" \/>\n<meta property=\"og:image\" content=\"https:\/\/mlsrfcxkkbzg.i.optimole.com\/cb:JbP2.215d7\/w:auto\/h:auto\/q:mauto\/ig:avif\/http:\/\/52.77.24.187\/wp-content\/uploads\/2023\/03\/Pale-Ale-Cannon.png\" \/>\n\t<meta property=\"og:image:width\" content=\"1080\" \/>\n\t<meta property=\"og:image:height\" content=\"1080\" \/>\n\t<meta property=\"og:image:type\" content=\"image\/png\" \/>\n<meta name=\"twitter:card\" content=\"summary_large_image\" \/>\n<meta name=\"twitter:label1\" content=\"Est. reading time\" \/>\n\t<meta name=\"twitter:data1\" content=\"1 minute\" \/>\n<script type=\"application\/ld+json\" class=\"yoast-schema-graph\">{\"@context\":\"https:\/\/schema.org\",\"@graph\":[{\"@type\":\"WebPage\",\"@id\":\"http:\/\/52.77.24.187\/vi\/san-pham\/pale-ale-cannon\/\",\"url\":\"http:\/\/52.77.24.187\/vi\/san-pham\/pale-ale-cannon\/\",\"name\":\"Pale Ale CANnon - The Bottle Shop\",\"isPartOf\":{\"@id\":\"http:\/\/52.77.24.187\/#website\"},\"primaryImageOfPage\":{\"@id\":\"http:\/\/52.77.24.187\/vi\/san-pham\/pale-ale-cannon\/#primaryimage\"},\"image\":{\"@id\":\"http:\/\/52.77.24.187\/vi\/san-pham\/pale-ale-cannon\/#primaryimage\"},\"thumbnailUrl\":\"https:\/\/mlsrfcxkkbzg.i.optimole.com\/cb:JbP2.215d7\/w:auto\/h:auto\/q:mauto\/ig:avif\/https:\/\/thebottleshop.vn\/wp-content\/uploads\/2025\/10\/Pale-Ale-Cannon-Craft-Beer-Gift-Pack-1.png\",\"datePublished\":\"2023-03-30T09:22:05+00:00\",\"dateModified\":\"2023-05-04T06:55:45+00:00\",\"description\":\"Pale Ale CANnon c\u00f3 c\u00e1c lo\u1ea1i Pale Ale h\u00e0ng \u0111\u1ea7u t\u1eeb 3 nh\u00e0 m\u00e1y bia l\u00e2u \u0111\u1eddi nh\u1ea5t c\u1ee7a S\u00e0i G\u00f2n - Rooster Pale, East West Pale Ale v\u00e0 Heart of Darkness Dream Alone Pale Ale.\",\"breadcrumb\":{\"@id\":\"http:\/\/52.77.24.187\/vi\/san-pham\/pale-ale-cannon\/#breadcrumb\"},\"inLanguage\":\"vi-VN\",\"potentialAction\":[{\"@type\":\"ReadAction\",\"target\":[\"http:\/\/52.77.24.187\/vi\/san-pham\/pale-ale-cannon\/\"]}]},{\"@type\":\"ImageObject\",\"inLanguage\":\"vi-VN\",\"@id\":\"http:\/\/52.77.24.187\/vi\/san-pham\/pale-ale-cannon\/#primaryimage\",\"url\":\"https:\/\/mlsrfcxkkbzg.i.optimole.com\/cb:JbP2.215d7\/w:auto\/h:auto\/q:mauto\/ig:avif\/https:\/\/thebottleshop.vn\/wp-content\/uploads\/2025\/10\/Pale-Ale-Cannon-Craft-Beer-Gift-Pack-1.png\",\"contentUrl\":\"https:\/\/mlsrfcxkkbzg.i.optimole.com\/cb:JbP2.215d7\/w:auto\/h:auto\/q:mauto\/ig:avif\/https:\/\/thebottleshop.vn\/wp-content\/uploads\/2025\/10\/Pale-Ale-Cannon-Craft-Beer-Gift-Pack-1.png\",\"width\":1080,\"height\":1080,\"caption\":\"Pale Ale Cannon Craft Beer Gift Pack\"},{\"@type\":\"BreadcrumbList\",\"@id\":\"http:\/\/52.77.24.187\/vi\/san-pham\/pale-ale-cannon\/#breadcrumb\",\"itemListElement\":[{\"@type\":\"ListItem\",\"position\":1,\"name\":\"Home\",\"item\":\"http:\/\/52.77.24.187\/vi\/test-popup-vi\/\"},{\"@type\":\"ListItem\",\"position\":2,\"name\":\"C\u1eeda h\u00e0ng\",\"item\":\"http:\/\/52.77.24.187\/vi\/cua-hang\/\"},{\"@type\":\"ListItem\",\"position\":3,\"name\":\"Pale Ale CANnon\"}]},{\"@type\":\"WebSite\",\"@id\":\"http:\/\/52.77.24.187\/#website\",\"url\":\"http:\/\/52.77.24.187\/\",\"name\":\"The Bottle Shop\",\"description\":\"All beers are not created equal\",\"publisher\":{\"@id\":\"http:\/\/52.77.24.187\/#organization\"},\"potentialAction\":[{\"@type\":\"SearchAction\",\"target\":{\"@type\":\"EntryPoint\",\"urlTemplate\":\"http:\/\/52.77.24.187\/?s={search_term_string}\"},\"query-input\":{\"@type\":\"PropertyValueSpecification\",\"valueRequired\":true,\"valueName\":\"search_term_string\"}}],\"inLanguage\":\"vi-VN\"},{\"@type\":\"Organization\",\"@id\":\"http:\/\/52.77.24.187\/#organization\",\"name\":\"The Bottle Shop\",\"url\":\"http:\/\/52.77.24.187\/\",\"logo\":{\"@type\":\"ImageObject\",\"inLanguage\":\"vi-VN\",\"@id\":\"http:\/\/52.77.24.187\/#\/schema\/logo\/image\/\",\"url\":\"https:\/\/mlsrfcxkkbzg.i.optimole.com\/cb:JbP2.215d7\/w:auto\/h:auto\/q:mauto\/ig:avif\/https:\/\/thebottleshop.vn\/wp-content\/uploads\/2022\/10\/The-Bottle-Shop-Online-Logo.png\",\"contentUrl\":\"https:\/\/mlsrfcxkkbzg.i.optimole.com\/cb:JbP2.215d7\/w:auto\/h:auto\/q:mauto\/ig:avif\/https:\/\/thebottleshop.vn\/wp-content\/uploads\/2022\/10\/The-Bottle-Shop-Online-Logo.png\",\"width\":145,\"height\":147,\"caption\":\"The Bottle Shop\"},\"image\":{\"@id\":\"http:\/\/52.77.24.187\/#\/schema\/logo\/image\/\"},\"sameAs\":[\"https:\/\/www.facebook.com\/thebottleshopvietnam\",\"https:\/\/www.instagram.com\/thebottleshop_vietnam\/\"]}]}<\/script>\n<!-- \/ Yoast SEO plugin. -->","yoast_head_json":{"title":"Pale Ale CANnon - The Bottle Shop","description":"Pale Ale CANnon c\u00f3 c\u00e1c lo\u1ea1i Pale Ale h\u00e0ng \u0111\u1ea7u t\u1eeb 3 nh\u00e0 m\u00e1y bia l\u00e2u \u0111\u1eddi nh\u1ea5t c\u1ee7a S\u00e0i G\u00f2n - Rooster Pale, East West Pale Ale v\u00e0 Heart of Darkness Dream Alone Pale Ale.","robots":{"index":"index","follow":"follow","max-snippet":"max-snippet:-1","max-image-preview":"max-image-preview:large","max-video-preview":"max-video-preview:-1"},"canonical":"http:\/\/52.77.24.187\/vi\/san-pham\/pale-ale-cannon\/","og_locale":"vi_VN","og_type":"article","og_title":"Pale Ale CANnon - The Bottle Shop","og_description":"Pale Ale CANnon c\u00f3 c\u00e1c lo\u1ea1i Pale Ale h\u00e0ng \u0111\u1ea7u t\u1eeb 3 nh\u00e0 m\u00e1y bia l\u00e2u \u0111\u1eddi nh\u1ea5t c\u1ee7a S\u00e0i G\u00f2n - Rooster Pale, East West Pale Ale v\u00e0 Heart of Darkness Dream Alone Pale Ale.","og_url":"http:\/\/52.77.24.187\/vi\/san-pham\/pale-ale-cannon\/","og_site_name":"The Bottle Shop","article_publisher":"https:\/\/www.facebook.com\/thebottleshopvietnam","article_modified_time":"2023-05-04T06:55:45+00:00","og_image":[{"width":1080,"height":1080,"url":"https:\/\/mlsrfcxkkbzg.i.optimole.com\/cb:JbP2.215d7\/w:auto\/h:auto\/q:mauto\/ig:avif\/http:\/\/52.77.24.187\/wp-content\/uploads\/2023\/03\/Pale-Ale-Cannon.png","type":"image\/png"}],"twitter_card":"summary_large_image","twitter_misc":{"Est. reading time":"1 minute"},"schema":{"@context":"https:\/\/schema.org","@graph":[{"@type":"WebPage","@id":"http:\/\/52.77.24.187\/vi\/san-pham\/pale-ale-cannon\/","url":"http:\/\/52.77.24.187\/vi\/san-pham\/pale-ale-cannon\/","name":"Pale Ale CANnon - The Bottle Shop","isPartOf":{"@id":"http:\/\/52.77.24.187\/#website"},"primaryImageOfPage":{"@id":"http:\/\/52.77.24.187\/vi\/san-pham\/pale-ale-cannon\/#primaryimage"},"image":{"@id":"http:\/\/52.77.24.187\/vi\/san-pham\/pale-ale-cannon\/#primaryimage"},"thumbnailUrl":"https:\/\/mlsrfcxkkbzg.i.optimole.com\/cb:JbP2.215d7\/w:auto\/h:auto\/q:mauto\/ig:avif\/https:\/\/thebottleshop.vn\/wp-content\/uploads\/2025\/10\/Pale-Ale-Cannon-Craft-Beer-Gift-Pack-1.png","datePublished":"2023-03-30T09:22:05+00:00","dateModified":"2023-05-04T06:55:45+00:00","description":"Pale Ale CANnon c\u00f3 c\u00e1c lo\u1ea1i Pale Ale h\u00e0ng \u0111\u1ea7u t\u1eeb 3 nh\u00e0 m\u00e1y bia l\u00e2u \u0111\u1eddi nh\u1ea5t c\u1ee7a S\u00e0i G\u00f2n - Rooster Pale, East West Pale Ale v\u00e0 Heart of Darkness Dream Alone Pale Ale.","breadcrumb":{"@id":"http:\/\/52.77.24.187\/vi\/san-pham\/pale-ale-cannon\/#breadcrumb"},"inLanguage":"vi-VN","potentialAction":[{"@type":"ReadAction","target":["http:\/\/52.77.24.187\/vi\/san-pham\/pale-ale-cannon\/"]}]},{"@type":"ImageObject","inLanguage":"vi-VN","@id":"http:\/\/52.77.24.187\/vi\/san-pham\/pale-ale-cannon\/#primaryimage","url":"https:\/\/mlsrfcxkkbzg.i.optimole.com\/cb:JbP2.215d7\/w:auto\/h:auto\/q:mauto\/ig:avif\/https:\/\/thebottleshop.vn\/wp-content\/uploads\/2025\/10\/Pale-Ale-Cannon-Craft-Beer-Gift-Pack-1.png","contentUrl":"https:\/\/mlsrfcxkkbzg.i.optimole.com\/cb:JbP2.215d7\/w:auto\/h:auto\/q:mauto\/ig:avif\/https:\/\/thebottleshop.vn\/wp-content\/uploads\/2025\/10\/Pale-Ale-Cannon-Craft-Beer-Gift-Pack-1.png","width":1080,"height":1080,"caption":"Pale Ale Cannon Craft Beer Gift Pack"},{"@type":"BreadcrumbList","@id":"http:\/\/52.77.24.187\/vi\/san-pham\/pale-ale-cannon\/#breadcrumb","itemListElement":[{"@type":"ListItem","position":1,"name":"Home","item":"http:\/\/52.77.24.187\/vi\/test-popup-vi\/"},{"@type":"ListItem","position":2,"name":"C\u1eeda h\u00e0ng","item":"http:\/\/52.77.24.187\/vi\/cua-hang\/"},{"@type":"ListItem","position":3,"name":"Pale Ale CANnon"}]},{"@type":"WebSite","@id":"http:\/\/52.77.24.187\/#website","url":"http:\/\/52.77.24.187\/","name":"The Bottle Shop","description":"All beers are not created equal","publisher":{"@id":"http:\/\/52.77.24.187\/#organization"},"potentialAction":[{"@type":"SearchAction","target":{"@type":"EntryPoint","urlTemplate":"http:\/\/52.77.24.187\/?s={search_term_string}"},"query-input":{"@type":"PropertyValueSpecification","valueRequired":true,"valueName":"search_term_string"}}],"inLanguage":"vi-VN"},{"@type":"Organization","@id":"http:\/\/52.77.24.187\/#organization","name":"The Bottle Shop","url":"http:\/\/52.77.24.187\/","logo":{"@type":"ImageObject","inLanguage":"vi-VN","@id":"http:\/\/52.77.24.187\/#\/schema\/logo\/image\/","url":"https:\/\/mlsrfcxkkbzg.i.optimole.com\/cb:JbP2.215d7\/w:auto\/h:auto\/q:mauto\/ig:avif\/https:\/\/thebottleshop.vn\/wp-content\/uploads\/2022\/10\/The-Bottle-Shop-Online-Logo.png","contentUrl":"https:\/\/mlsrfcxkkbzg.i.optimole.com\/cb:JbP2.215d7\/w:auto\/h:auto\/q:mauto\/ig:avif\/https:\/\/thebottleshop.vn\/wp-content\/uploads\/2022\/10\/The-Bottle-Shop-Online-Logo.png","width":145,"height":147,"caption":"The Bottle Shop"},"image":{"@id":"http:\/\/52.77.24.187\/#\/schema\/logo\/image\/"},"sameAs":["https:\/\/www.facebook.com\/thebottleshopvietnam","https:\/\/www.instagram.com\/thebottleshop_vietnam\/"]}]}},"_links":{"self":[{"href":"https:\/\/thebottleshop.vn\/vi\/wp-json\/wp\/v2\/product\/17469","targetHints":{"allow":["GET"]}}],"collection":[{"href":"https:\/\/thebottleshop.vn\/vi\/wp-json\/wp\/v2\/product"}],"about":[{"href":"https:\/\/thebottleshop.vn\/vi\/wp-json\/wp\/v2\/types\/product"}],"replies":[{"embeddable":true,"href":"https:\/\/thebottleshop.vn\/vi\/wp-json\/wp\/v2\/comments?post=17469"}],"wp:featuredmedia":[{"embeddable":true,"href":"https:\/\/thebottleshop.vn\/vi\/wp-json\/wp\/v2\/media\/22258"}],"wp:attachment":[{"href":"https:\/\/thebottleshop.vn\/vi\/wp-json\/wp\/v2\/media?parent=17469"}],"wp:term":[{"taxonomy":"product_brand","embeddable":true,"href":"https:\/\/thebottleshop.vn\/vi\/wp-json\/wp\/v2\/product_brand?post=17469"},{"taxonomy":"product_cat","embeddable":true,"href":"https:\/\/thebottleshop.vn\/vi\/wp-json\/wp\/v2\/product_cat?post=17469"},{"taxonomy":"product_tag","embeddable":true,"href":"https:\/\/thebottleshop.vn\/vi\/wp-json\/wp\/v2\/product_tag?post=17469"}],"curies":[{"name":"wp","href":"https:\/\/api.w.org\/{rel}","templated":true}]}}