{"id":17490,"date":"2023-04-04T07:26:23","date_gmt":"2023-04-04T00:26:23","guid":{"rendered":"https:\/\/thebottleshop.vn\/product\/fuzzy-logic-cannon\/"},"modified":"2023-04-04T07:28:17","modified_gmt":"2023-04-04T00:28:17","slug":"fuzzy-logic-cannon","status":"publish","type":"product","link":"https:\/\/thebottleshop.vn\/vi\/san-pham\/fuzzy-logic-cannon\/","title":{"rendered":"Fuzzy Logic CANnon"},"content":{"rendered":"<p><a href=\"https:\/\/www.facebook.com\/fuzzylogicbrewing\" target=\"_blank\" rel=\"noopener\">Fuzzy Logic Brewing Co.<\/a> l\u00e0 m\u1ed9t trong nh\u1eefng c\u00f4ng ty ti\u00ean phong trong cu\u1ed9c c\u00e1ch m\u1ea1ng bia th\u1ee7 c\u00f4ng c\u1ee7a Vi\u1ec7t Nam v\u00e0 Fuzzy Logic Pale Ale \u0111\u01b0\u1ee3c cho l\u00e0 lo\u1ea1i bia th\u1ee7 c\u00f4ng \u0111\u1ea7u ti\u00ean c\u1ee7a Vi\u1ec7t Nam. L\u00e0 m\u1ed9t nh\u00e0 m\u00e1y bia th\u1ee7 c\u00f4ng ki\u1ec3u M\u1ef9, c\u00f3 tr\u1ee5 s\u1edf t\u1ea1i TP.HCM nh\u01b0ng c\u00f3 ho\u1ea1t \u0111\u1ed9ng r\u1ed9ng kh\u1eafp \u1edf Campuchia, Fuzzy Logic \u0111\u00e3 s\u1ea3n xu\u1ea5t IPA M\u1ef9, Blonde Ale v\u00e0 Pale Ale t\u1eeb n\u0103m 2014, sau \u0111\u00f3 th\u00eam Hard Lemonade mang t\u00ednh bi\u1ec3u t\u01b0\u1ee3ng v\u00e0o danh m\u1ee5c ch\u1ea5t l\u1ecfng \u1ea5n t\u01b0\u1ee3ng. Fuzzy Logic CANnon bao g\u1ed3m 3 lo\u1ea1i bia n\u1ed5i ti\u1ebfng nh\u1ea5t c\u1ee7a Fuzzy Logic &#8211; <a href=\"https:\/\/thebottleshop.vn\/product\/fuzzy-celestial-blonde-bottle\/\" target=\"_blank\" rel=\"noopener\">Celestial Blonde Ale<\/a> , <a href=\"https:\/\/thebottleshop.vn\/product\/fuzzy-logic-pale-ale\/\" target=\"_blank\" rel=\"noopener\">Fuzzy Logic Pale Ale<\/a> v\u00e0 <a href=\"https:\/\/thebottleshop.vn\/product\/fuzzy-logic-thunderslap-ipa\/\" target=\"_blank\" rel=\"noopener\">Thunderslap IPA<\/a> t\u1eebng \u0111o\u1ea1t gi\u1ea3i th\u01b0\u1edfng.<\/p>\n<p>\u2014\u2013 Xem th\u01b0 vi\u1ec7n h\u00ecnh \u1ea3nh \u0111\u1ec3 bi\u1ebft th\u00eam th\u00f4ng tin chi ti\u1ebft v\u1ec1 ngu\u1ed3n g\u1ed1c, th\u00e0nh ph\u1ea7n v\u00e0 h\u01b0\u1edbng d\u1eabn s\u1eed d\u1ee5ng c\u1ee7a s\u1ea3n ph\u1ea9m.<\/p>\n","protected":false},"excerpt":{"rendered":"<p><strong>3x330ml CANnon<\/strong><\/p>\n","protected":false},"featured_media":22246,"comment_status":"open","ping_status":"closed","template":"","meta":{"_acf_changed":false},"product_brand":[],"product_cat":[337,340,373,412,366,339,341,352,439,604],"product_tag":[],"class_list":{"0":"post-17490","1":"product","2":"type-product","3":"status-publish","4":"has-post-thumbnail","6":"product_cat-bia-va-cider","7":"product_cat-vietnam-hcmc","8":"product_cat-200k-499k","9":"product_cat-do-luu-niem","10":"product_cat-nha-san-xuat","11":"product_cat-xuat-xu","12":"product_cat-dong-goi","13":"product_cat-gia","14":"product_cat-fuzzy-logic-brewing-co","15":"product_cat-cannon-vi","17":"first","18":"outofstock","19":"shipping-taxable","20":"purchasable","21":"product-type-simple","22":"add-to-wishlist-before_image"},"acf":[],"yoast_head":"<!-- This site is optimized with the Yoast SEO plugin v27.2 - https:\/\/yoast.com\/product\/yoast-seo-wordpress\/ -->\n<title>Fuzzy Logic CANnon - The Bottle Shop<\/title>\n<meta name=\"description\" content=\"Fuzzy Logic Brewing Co. l\u00e0 m\u1ed9t trong nh\u1eefng c\u00f4ng ty ti\u00ean phong trong cu\u1ed9c c\u00e1ch m\u1ea1ng bia th\u1ee7 c\u00f4ng c\u1ee7a Vi\u1ec7t Nam v\u00e0 Fuzzy Logic Pale Ale \u0111\u01b0\u1ee3c cho l\u00e0 lo\u1ea1i bia th\u1ee7 c\u00f4ng \u0111\u1ea7u ti\u00ean c\u1ee7a Vi\u1ec7t Nam.\" \/>\n<meta name=\"robots\" content=\"index, follow, max-snippet:-1, max-image-preview:large, max-video-preview:-1\" \/>\n<link rel=\"canonical\" href=\"http:\/\/52.77.24.187\/vi\/san-pham\/fuzzy-logic-cannon\/\" \/>\n<meta property=\"og:locale\" content=\"vi_VN\" \/>\n<meta property=\"og:type\" content=\"article\" \/>\n<meta property=\"og:title\" content=\"Fuzzy Logic CANnon - The Bottle Shop\" \/>\n<meta property=\"og:description\" content=\"Fuzzy Logic Brewing Co. l\u00e0 m\u1ed9t trong nh\u1eefng c\u00f4ng ty ti\u00ean phong trong cu\u1ed9c c\u00e1ch m\u1ea1ng bia th\u1ee7 c\u00f4ng c\u1ee7a Vi\u1ec7t Nam v\u00e0 Fuzzy Logic Pale Ale \u0111\u01b0\u1ee3c cho l\u00e0 lo\u1ea1i bia th\u1ee7 c\u00f4ng \u0111\u1ea7u ti\u00ean c\u1ee7a Vi\u1ec7t Nam.\" \/>\n<meta property=\"og:url\" content=\"http:\/\/52.77.24.187\/vi\/san-pham\/fuzzy-logic-cannon\/\" \/>\n<meta property=\"og:site_name\" content=\"The Bottle Shop\" \/>\n<meta property=\"article:publisher\" content=\"https:\/\/www.facebook.com\/thebottleshopvietnam\" \/>\n<meta property=\"article:modified_time\" content=\"2023-04-04T00:28:17+00:00\" \/>\n<meta property=\"og:image\" content=\"https:\/\/mlsrfcxkkbzg.i.optimole.com\/cb:JbP2.215d7\/w:auto\/h:auto\/q:mauto\/ig:avif\/http:\/\/52.77.24.187\/wp-content\/uploads\/2025\/10\/Fuzzy-Logic-Cannon-Craft-Beer-Gift-Pack-1.png\" \/>\n\t<meta property=\"og:image:width\" content=\"1080\" \/>\n\t<meta property=\"og:image:height\" content=\"1080\" \/>\n\t<meta property=\"og:image:type\" content=\"image\/png\" \/>\n<meta name=\"twitter:card\" content=\"summary_large_image\" \/>\n<meta name=\"twitter:label1\" content=\"Est. reading time\" \/>\n\t<meta name=\"twitter:data1\" content=\"1 minute\" \/>\n<script type=\"application\/ld+json\" class=\"yoast-schema-graph\">{\"@context\":\"https:\/\/schema.org\",\"@graph\":[{\"@type\":\"WebPage\",\"@id\":\"http:\/\/52.77.24.187\/vi\/san-pham\/fuzzy-logic-cannon\/\",\"url\":\"http:\/\/52.77.24.187\/vi\/san-pham\/fuzzy-logic-cannon\/\",\"name\":\"Fuzzy Logic CANnon - The Bottle Shop\",\"isPartOf\":{\"@id\":\"http:\/\/52.77.24.187\/#website\"},\"primaryImageOfPage\":{\"@id\":\"http:\/\/52.77.24.187\/vi\/san-pham\/fuzzy-logic-cannon\/#primaryimage\"},\"image\":{\"@id\":\"http:\/\/52.77.24.187\/vi\/san-pham\/fuzzy-logic-cannon\/#primaryimage\"},\"thumbnailUrl\":\"https:\/\/mlsrfcxkkbzg.i.optimole.com\/cb:JbP2.215d7\/w:auto\/h:auto\/q:mauto\/ig:avif\/https:\/\/thebottleshop.vn\/wp-content\/uploads\/2025\/10\/Fuzzy-Logic-Cannon-Craft-Beer-Gift-Pack-1.png\",\"datePublished\":\"2023-04-04T00:26:23+00:00\",\"dateModified\":\"2023-04-04T00:28:17+00:00\",\"description\":\"Fuzzy Logic Brewing Co. l\u00e0 m\u1ed9t trong nh\u1eefng c\u00f4ng ty ti\u00ean phong trong cu\u1ed9c c\u00e1ch m\u1ea1ng bia th\u1ee7 c\u00f4ng c\u1ee7a Vi\u1ec7t Nam v\u00e0 Fuzzy Logic Pale Ale \u0111\u01b0\u1ee3c cho l\u00e0 lo\u1ea1i bia th\u1ee7 c\u00f4ng \u0111\u1ea7u ti\u00ean c\u1ee7a Vi\u1ec7t Nam.\",\"breadcrumb\":{\"@id\":\"http:\/\/52.77.24.187\/vi\/san-pham\/fuzzy-logic-cannon\/#breadcrumb\"},\"inLanguage\":\"vi-VN\",\"potentialAction\":[{\"@type\":\"ReadAction\",\"target\":[\"http:\/\/52.77.24.187\/vi\/san-pham\/fuzzy-logic-cannon\/\"]}]},{\"@type\":\"ImageObject\",\"inLanguage\":\"vi-VN\",\"@id\":\"http:\/\/52.77.24.187\/vi\/san-pham\/fuzzy-logic-cannon\/#primaryimage\",\"url\":\"https:\/\/mlsrfcxkkbzg.i.optimole.com\/cb:JbP2.215d7\/w:auto\/h:auto\/q:mauto\/ig:avif\/https:\/\/thebottleshop.vn\/wp-content\/uploads\/2025\/10\/Fuzzy-Logic-Cannon-Craft-Beer-Gift-Pack-1.png\",\"contentUrl\":\"https:\/\/mlsrfcxkkbzg.i.optimole.com\/cb:JbP2.215d7\/w:auto\/h:auto\/q:mauto\/ig:avif\/https:\/\/thebottleshop.vn\/wp-content\/uploads\/2025\/10\/Fuzzy-Logic-Cannon-Craft-Beer-Gift-Pack-1.png\",\"width\":1080,\"height\":1080,\"caption\":\"Fuzzy Logic Cannon Craft Beer Gift Pack\"},{\"@type\":\"BreadcrumbList\",\"@id\":\"http:\/\/52.77.24.187\/vi\/san-pham\/fuzzy-logic-cannon\/#breadcrumb\",\"itemListElement\":[{\"@type\":\"ListItem\",\"position\":1,\"name\":\"Home\",\"item\":\"http:\/\/52.77.24.187\/vi\/test-popup-vi\/\"},{\"@type\":\"ListItem\",\"position\":2,\"name\":\"C\u1eeda h\u00e0ng\",\"item\":\"http:\/\/52.77.24.187\/vi\/cua-hang\/\"},{\"@type\":\"ListItem\",\"position\":3,\"name\":\"Fuzzy Logic CANnon\"}]},{\"@type\":\"WebSite\",\"@id\":\"http:\/\/52.77.24.187\/#website\",\"url\":\"http:\/\/52.77.24.187\/\",\"name\":\"The Bottle Shop\",\"description\":\"All beers are not created equal\",\"publisher\":{\"@id\":\"http:\/\/52.77.24.187\/#organization\"},\"potentialAction\":[{\"@type\":\"SearchAction\",\"target\":{\"@type\":\"EntryPoint\",\"urlTemplate\":\"http:\/\/52.77.24.187\/?s={search_term_string}\"},\"query-input\":{\"@type\":\"PropertyValueSpecification\",\"valueRequired\":true,\"valueName\":\"search_term_string\"}}],\"inLanguage\":\"vi-VN\"},{\"@type\":\"Organization\",\"@id\":\"http:\/\/52.77.24.187\/#organization\",\"name\":\"The Bottle Shop\",\"url\":\"http:\/\/52.77.24.187\/\",\"logo\":{\"@type\":\"ImageObject\",\"inLanguage\":\"vi-VN\",\"@id\":\"http:\/\/52.77.24.187\/#\/schema\/logo\/image\/\",\"url\":\"https:\/\/mlsrfcxkkbzg.i.optimole.com\/cb:JbP2.215d7\/w:auto\/h:auto\/q:mauto\/ig:avif\/https:\/\/thebottleshop.vn\/wp-content\/uploads\/2022\/10\/The-Bottle-Shop-Online-Logo.png\",\"contentUrl\":\"https:\/\/mlsrfcxkkbzg.i.optimole.com\/cb:JbP2.215d7\/w:auto\/h:auto\/q:mauto\/ig:avif\/https:\/\/thebottleshop.vn\/wp-content\/uploads\/2022\/10\/The-Bottle-Shop-Online-Logo.png\",\"width\":145,\"height\":147,\"caption\":\"The Bottle Shop\"},\"image\":{\"@id\":\"http:\/\/52.77.24.187\/#\/schema\/logo\/image\/\"},\"sameAs\":[\"https:\/\/www.facebook.com\/thebottleshopvietnam\",\"https:\/\/www.instagram.com\/thebottleshop_vietnam\/\"]}]}<\/script>\n<!-- \/ Yoast SEO plugin. -->","yoast_head_json":{"title":"Fuzzy Logic CANnon - The Bottle Shop","description":"Fuzzy Logic Brewing Co. l\u00e0 m\u1ed9t trong nh\u1eefng c\u00f4ng ty ti\u00ean phong trong cu\u1ed9c c\u00e1ch m\u1ea1ng bia th\u1ee7 c\u00f4ng c\u1ee7a Vi\u1ec7t Nam v\u00e0 Fuzzy Logic Pale Ale \u0111\u01b0\u1ee3c cho l\u00e0 lo\u1ea1i bia th\u1ee7 c\u00f4ng \u0111\u1ea7u ti\u00ean c\u1ee7a Vi\u1ec7t Nam.","robots":{"index":"index","follow":"follow","max-snippet":"max-snippet:-1","max-image-preview":"max-image-preview:large","max-video-preview":"max-video-preview:-1"},"canonical":"http:\/\/52.77.24.187\/vi\/san-pham\/fuzzy-logic-cannon\/","og_locale":"vi_VN","og_type":"article","og_title":"Fuzzy Logic CANnon - The Bottle Shop","og_description":"Fuzzy Logic Brewing Co. l\u00e0 m\u1ed9t trong nh\u1eefng c\u00f4ng ty ti\u00ean phong trong cu\u1ed9c c\u00e1ch m\u1ea1ng bia th\u1ee7 c\u00f4ng c\u1ee7a Vi\u1ec7t Nam v\u00e0 Fuzzy Logic Pale Ale \u0111\u01b0\u1ee3c cho l\u00e0 lo\u1ea1i bia th\u1ee7 c\u00f4ng \u0111\u1ea7u ti\u00ean c\u1ee7a Vi\u1ec7t Nam.","og_url":"http:\/\/52.77.24.187\/vi\/san-pham\/fuzzy-logic-cannon\/","og_site_name":"The Bottle Shop","article_publisher":"https:\/\/www.facebook.com\/thebottleshopvietnam","article_modified_time":"2023-04-04T00:28:17+00:00","og_image":[{"width":1080,"height":1080,"url":"https:\/\/mlsrfcxkkbzg.i.optimole.com\/cb:JbP2.215d7\/w:auto\/h:auto\/q:mauto\/ig:avif\/http:\/\/52.77.24.187\/wp-content\/uploads\/2025\/10\/Fuzzy-Logic-Cannon-Craft-Beer-Gift-Pack-1.png","type":"image\/png"}],"twitter_card":"summary_large_image","twitter_misc":{"Est. reading time":"1 minute"},"schema":{"@context":"https:\/\/schema.org","@graph":[{"@type":"WebPage","@id":"http:\/\/52.77.24.187\/vi\/san-pham\/fuzzy-logic-cannon\/","url":"http:\/\/52.77.24.187\/vi\/san-pham\/fuzzy-logic-cannon\/","name":"Fuzzy Logic CANnon - The Bottle Shop","isPartOf":{"@id":"http:\/\/52.77.24.187\/#website"},"primaryImageOfPage":{"@id":"http:\/\/52.77.24.187\/vi\/san-pham\/fuzzy-logic-cannon\/#primaryimage"},"image":{"@id":"http:\/\/52.77.24.187\/vi\/san-pham\/fuzzy-logic-cannon\/#primaryimage"},"thumbnailUrl":"https:\/\/mlsrfcxkkbzg.i.optimole.com\/cb:JbP2.215d7\/w:auto\/h:auto\/q:mauto\/ig:avif\/https:\/\/thebottleshop.vn\/wp-content\/uploads\/2025\/10\/Fuzzy-Logic-Cannon-Craft-Beer-Gift-Pack-1.png","datePublished":"2023-04-04T00:26:23+00:00","dateModified":"2023-04-04T00:28:17+00:00","description":"Fuzzy Logic Brewing Co. l\u00e0 m\u1ed9t trong nh\u1eefng c\u00f4ng ty ti\u00ean phong trong cu\u1ed9c c\u00e1ch m\u1ea1ng bia th\u1ee7 c\u00f4ng c\u1ee7a Vi\u1ec7t Nam v\u00e0 Fuzzy Logic Pale Ale \u0111\u01b0\u1ee3c cho l\u00e0 lo\u1ea1i bia th\u1ee7 c\u00f4ng \u0111\u1ea7u ti\u00ean c\u1ee7a Vi\u1ec7t Nam.","breadcrumb":{"@id":"http:\/\/52.77.24.187\/vi\/san-pham\/fuzzy-logic-cannon\/#breadcrumb"},"inLanguage":"vi-VN","potentialAction":[{"@type":"ReadAction","target":["http:\/\/52.77.24.187\/vi\/san-pham\/fuzzy-logic-cannon\/"]}]},{"@type":"ImageObject","inLanguage":"vi-VN","@id":"http:\/\/52.77.24.187\/vi\/san-pham\/fuzzy-logic-cannon\/#primaryimage","url":"https:\/\/mlsrfcxkkbzg.i.optimole.com\/cb:JbP2.215d7\/w:auto\/h:auto\/q:mauto\/ig:avif\/https:\/\/thebottleshop.vn\/wp-content\/uploads\/2025\/10\/Fuzzy-Logic-Cannon-Craft-Beer-Gift-Pack-1.png","contentUrl":"https:\/\/mlsrfcxkkbzg.i.optimole.com\/cb:JbP2.215d7\/w:auto\/h:auto\/q:mauto\/ig:avif\/https:\/\/thebottleshop.vn\/wp-content\/uploads\/2025\/10\/Fuzzy-Logic-Cannon-Craft-Beer-Gift-Pack-1.png","width":1080,"height":1080,"caption":"Fuzzy Logic Cannon Craft Beer Gift Pack"},{"@type":"BreadcrumbList","@id":"http:\/\/52.77.24.187\/vi\/san-pham\/fuzzy-logic-cannon\/#breadcrumb","itemListElement":[{"@type":"ListItem","position":1,"name":"Home","item":"http:\/\/52.77.24.187\/vi\/test-popup-vi\/"},{"@type":"ListItem","position":2,"name":"C\u1eeda h\u00e0ng","item":"http:\/\/52.77.24.187\/vi\/cua-hang\/"},{"@type":"ListItem","position":3,"name":"Fuzzy Logic CANnon"}]},{"@type":"WebSite","@id":"http:\/\/52.77.24.187\/#website","url":"http:\/\/52.77.24.187\/","name":"The Bottle Shop","description":"All beers are not created equal","publisher":{"@id":"http:\/\/52.77.24.187\/#organization"},"potentialAction":[{"@type":"SearchAction","target":{"@type":"EntryPoint","urlTemplate":"http:\/\/52.77.24.187\/?s={search_term_string}"},"query-input":{"@type":"PropertyValueSpecification","valueRequired":true,"valueName":"search_term_string"}}],"inLanguage":"vi-VN"},{"@type":"Organization","@id":"http:\/\/52.77.24.187\/#organization","name":"The Bottle Shop","url":"http:\/\/52.77.24.187\/","logo":{"@type":"ImageObject","inLanguage":"vi-VN","@id":"http:\/\/52.77.24.187\/#\/schema\/logo\/image\/","url":"https:\/\/mlsrfcxkkbzg.i.optimole.com\/cb:JbP2.215d7\/w:auto\/h:auto\/q:mauto\/ig:avif\/https:\/\/thebottleshop.vn\/wp-content\/uploads\/2022\/10\/The-Bottle-Shop-Online-Logo.png","contentUrl":"https:\/\/mlsrfcxkkbzg.i.optimole.com\/cb:JbP2.215d7\/w:auto\/h:auto\/q:mauto\/ig:avif\/https:\/\/thebottleshop.vn\/wp-content\/uploads\/2022\/10\/The-Bottle-Shop-Online-Logo.png","width":145,"height":147,"caption":"The Bottle Shop"},"image":{"@id":"http:\/\/52.77.24.187\/#\/schema\/logo\/image\/"},"sameAs":["https:\/\/www.facebook.com\/thebottleshopvietnam","https:\/\/www.instagram.com\/thebottleshop_vietnam\/"]}]}},"_links":{"self":[{"href":"https:\/\/thebottleshop.vn\/vi\/wp-json\/wp\/v2\/product\/17490","targetHints":{"allow":["GET"]}}],"collection":[{"href":"https:\/\/thebottleshop.vn\/vi\/wp-json\/wp\/v2\/product"}],"about":[{"href":"https:\/\/thebottleshop.vn\/vi\/wp-json\/wp\/v2\/types\/product"}],"replies":[{"embeddable":true,"href":"https:\/\/thebottleshop.vn\/vi\/wp-json\/wp\/v2\/comments?post=17490"}],"wp:featuredmedia":[{"embeddable":true,"href":"https:\/\/thebottleshop.vn\/vi\/wp-json\/wp\/v2\/media\/22246"}],"wp:attachment":[{"href":"https:\/\/thebottleshop.vn\/vi\/wp-json\/wp\/v2\/media?parent=17490"}],"wp:term":[{"taxonomy":"product_brand","embeddable":true,"href":"https:\/\/thebottleshop.vn\/vi\/wp-json\/wp\/v2\/product_brand?post=17490"},{"taxonomy":"product_cat","embeddable":true,"href":"https:\/\/thebottleshop.vn\/vi\/wp-json\/wp\/v2\/product_cat?post=17490"},{"taxonomy":"product_tag","embeddable":true,"href":"https:\/\/thebottleshop.vn\/vi\/wp-json\/wp\/v2\/product_tag?post=17490"}],"curies":[{"name":"wp","href":"https:\/\/api.w.org\/{rel}","templated":true}]}}