{"id":17642,"date":"2023-05-03T10:42:43","date_gmt":"2023-05-03T03:42:43","guid":{"rendered":"https:\/\/thebottleshop.vn\/?post_type=product&#038;p=17642"},"modified":"2023-05-04T21:12:11","modified_gmt":"2023-05-04T14:12:11","slug":"hanoi-cider-cannon","status":"publish","type":"product","link":"https:\/\/thebottleshop.vn\/vi\/san-pham\/hanoi-cider-cannon\/","title":{"rendered":"Hanoi Cider CANnon"},"content":{"rendered":"<p><a href=\"https:\/\/www.facebook.com\/hanoicider\/\" target=\"_blank\" rel=\"noopener\">Hanoi Cider Co.<\/a>, th\u01b0\u01a1ng hi\u1ec7u cider \u0111\u1ecba ph\u01b0\u01a1ng \u0111\u1ea7u ti\u00ean t\u1ea1i H\u00e0 N\u1ed9i, b\u1eaft \u0111\u1ea7u t\u1eeb ni\u1ec1m \u0111am m\u00ea cider th\u1ee7 c\u00f4ng c\u1ee7a m\u1ed9t c\u1eb7p v\u1ee3 ch\u1ed3ng v\u00e0 \u0111\u00e3 ph\u00e1t tri\u1ec3n th\u00e0nh m\u1ed9t th\u01b0\u01a1ng hi\u1ec7u cider Vi\u1ec7t Nam t\u1eebng \u0111o\u1ea1t nhi\u1ec1u gi\u1ea3i th\u01b0\u1edfng. Hanoi Cider CANnon gi\u1edbi thi\u1ec7u 3 lo\u1ea1i cider ngon nh\u1ea5t c\u1ee7a Hanoi Cider Co. &#8211; <a href=\"https:\/\/thebottleshop.vn\/vi\/san-pham\/hanoi-cider-yuzu-cider\/\">Cider Chanh Yuzu<\/a>, t\u1ef1 h\u00e0o v\u1edbi h\u01b0\u01a1ng v\u1ecb tr\u00e1i c\u00e2y h\u1ecd cam qu\u00fdt th\u01a1m ngon c\u1ee7a Nh\u1eadt B\u1ea3n, <a href=\"https:\/\/thebottleshop.vn\/product\/hanoi-cider-pineapple-cider\/\">Cider D\u1ee9a<\/a>, v\u1ecb tr\u00e1i c\u00e2y nhi\u1ec7t \u0111\u1edbi, v\u00e0 <a href=\"https:\/\/thebottleshop.vn\/product\/hanoi-cider-hopped-cider\/\">Hopped Cider<\/a> s\u00e1ng t\u1ea1o.<\/p>\n<p>\u2014\u2013<br \/>\nXem th\u01b0 vi\u1ec7n h\u00ecnh \u1ea3nh \u0111\u1ec3 bi\u1ebft th\u00eam th\u00f4ng tin chi ti\u1ebft v\u1ec1 ngu\u1ed3n g\u1ed1c, th\u00e0nh ph\u1ea7n v\u00e0 h\u01b0\u1edbng d\u1eabn s\u1eed d\u1ee5ng c\u1ee7a s\u1ea3n ph\u1ea9m.<\/p>\n","protected":false},"excerpt":{"rendered":"<p><strong>3x330ml CANnon<\/strong><\/p>\n","protected":false},"featured_media":17626,"comment_status":"open","ping_status":"closed","template":"","meta":{"_acf_changed":false},"product_brand":[],"product_cat":[390,337,348,396,373,412,351,363,366,345,339,341,352,431,604],"product_tag":[],"class_list":{"0":"post-17642","1":"product","2":"type-product","3":"status-publish","4":"has-post-thumbnail","6":"product_cat-vietnam-hanoi","7":"product_cat-bia-va-cider","8":"product_cat-6-7-9","9":"product_cat-soda-seltzer","10":"product_cat-200k-499k","11":"product_cat-do-luu-niem","12":"product_cat-dong-bia","13":"product_cat-cider","14":"product_cat-nha-san-xuat","15":"product_cat-abv-vi","16":"product_cat-xuat-xu","17":"product_cat-dong-goi","18":"product_cat-gia","19":"product_cat-hanoi-cider-co","20":"product_cat-cannon-vi","22":"first","23":"instock","24":"shipping-taxable","25":"purchasable","26":"product-type-simple","27":"add-to-wishlist-before_image"},"acf":[],"yoast_head":"<!-- This site is optimized with the Yoast SEO plugin v27.2 - https:\/\/yoast.com\/product\/yoast-seo-wordpress\/ -->\n<title>Hanoi Cider CANnon - The Bottle Shop<\/title>\n<meta name=\"description\" content=\"Hanoi Cider Co. b\u1eaft \u0111\u1ea7u v\u1edbi ni\u1ec1m \u0111am m\u00ea cider th\u1ee7 c\u00f4ng c\u1ee7a m\u1ed9t c\u1eb7p v\u1ee3 ch\u1ed3ng v\u00e0 \u0111\u00e3 ph\u00e1t tri\u1ec3n th\u00e0nh m\u1ed9t th\u01b0\u01a1ng hi\u1ec7u cider Vi\u1ec7t Nam t\u1eebng \u0111o\u1ea1t nhi\u1ec1u gi\u1ea3i th\u01b0\u1edfng.\" \/>\n<meta name=\"robots\" content=\"index, follow, max-snippet:-1, max-image-preview:large, max-video-preview:-1\" \/>\n<link rel=\"canonical\" href=\"http:\/\/52.77.24.187\/vi\/san-pham\/hanoi-cider-cannon\/\" \/>\n<meta property=\"og:locale\" content=\"vi_VN\" \/>\n<meta property=\"og:type\" content=\"article\" \/>\n<meta property=\"og:title\" content=\"Hanoi Cider CANnon - The Bottle Shop\" \/>\n<meta property=\"og:description\" content=\"Hanoi Cider Co. b\u1eaft \u0111\u1ea7u v\u1edbi ni\u1ec1m \u0111am m\u00ea cider th\u1ee7 c\u00f4ng c\u1ee7a m\u1ed9t c\u1eb7p v\u1ee3 ch\u1ed3ng v\u00e0 \u0111\u00e3 ph\u00e1t tri\u1ec3n th\u00e0nh m\u1ed9t th\u01b0\u01a1ng hi\u1ec7u cider Vi\u1ec7t Nam t\u1eebng \u0111o\u1ea1t nhi\u1ec1u gi\u1ea3i th\u01b0\u1edfng.\" \/>\n<meta property=\"og:url\" content=\"http:\/\/52.77.24.187\/vi\/san-pham\/hanoi-cider-cannon\/\" \/>\n<meta property=\"og:site_name\" content=\"The Bottle Shop\" \/>\n<meta property=\"article:publisher\" content=\"https:\/\/www.facebook.com\/thebottleshopvietnam\" \/>\n<meta property=\"article:modified_time\" content=\"2023-05-04T14:12:11+00:00\" \/>\n<meta property=\"og:image\" content=\"https:\/\/mlsrfcxkkbzg.i.optimole.com\/cb:JbP2.215d7\/w:auto\/h:auto\/q:mauto\/ig:avif\/http:\/\/52.77.24.187\/wp-content\/uploads\/2023\/05\/Hanoi-Cider-Cannon.png\" \/>\n\t<meta property=\"og:image:width\" content=\"1080\" \/>\n\t<meta property=\"og:image:height\" content=\"1080\" \/>\n\t<meta property=\"og:image:type\" content=\"image\/png\" \/>\n<meta name=\"twitter:card\" content=\"summary_large_image\" \/>\n<meta name=\"twitter:label1\" content=\"Est. reading time\" \/>\n\t<meta name=\"twitter:data1\" content=\"1 minute\" \/>\n<script type=\"application\/ld+json\" class=\"yoast-schema-graph\">{\"@context\":\"https:\/\/schema.org\",\"@graph\":[{\"@type\":\"WebPage\",\"@id\":\"http:\/\/52.77.24.187\/vi\/san-pham\/hanoi-cider-cannon\/\",\"url\":\"http:\/\/52.77.24.187\/vi\/san-pham\/hanoi-cider-cannon\/\",\"name\":\"Hanoi Cider CANnon - The Bottle Shop\",\"isPartOf\":{\"@id\":\"http:\/\/52.77.24.187\/#website\"},\"primaryImageOfPage\":{\"@id\":\"http:\/\/52.77.24.187\/vi\/san-pham\/hanoi-cider-cannon\/#primaryimage\"},\"image\":{\"@id\":\"http:\/\/52.77.24.187\/vi\/san-pham\/hanoi-cider-cannon\/#primaryimage\"},\"thumbnailUrl\":\"https:\/\/mlsrfcxkkbzg.i.optimole.com\/cb:JbP2.215d7\/w:auto\/h:auto\/q:mauto\/ig:avif\/https:\/\/thebottleshop.vn\/wp-content\/uploads\/2023\/05\/Hanoi-Cider-Cannon.png\",\"datePublished\":\"2023-05-03T03:42:43+00:00\",\"dateModified\":\"2023-05-04T14:12:11+00:00\",\"description\":\"Hanoi Cider Co. b\u1eaft \u0111\u1ea7u v\u1edbi ni\u1ec1m \u0111am m\u00ea cider th\u1ee7 c\u00f4ng c\u1ee7a m\u1ed9t c\u1eb7p v\u1ee3 ch\u1ed3ng v\u00e0 \u0111\u00e3 ph\u00e1t tri\u1ec3n th\u00e0nh m\u1ed9t th\u01b0\u01a1ng hi\u1ec7u cider Vi\u1ec7t Nam t\u1eebng \u0111o\u1ea1t nhi\u1ec1u gi\u1ea3i th\u01b0\u1edfng.\",\"breadcrumb\":{\"@id\":\"http:\/\/52.77.24.187\/vi\/san-pham\/hanoi-cider-cannon\/#breadcrumb\"},\"inLanguage\":\"vi-VN\",\"potentialAction\":[{\"@type\":\"ReadAction\",\"target\":[\"http:\/\/52.77.24.187\/vi\/san-pham\/hanoi-cider-cannon\/\"]}]},{\"@type\":\"ImageObject\",\"inLanguage\":\"vi-VN\",\"@id\":\"http:\/\/52.77.24.187\/vi\/san-pham\/hanoi-cider-cannon\/#primaryimage\",\"url\":\"https:\/\/mlsrfcxkkbzg.i.optimole.com\/cb:JbP2.215d7\/w:auto\/h:auto\/q:mauto\/ig:avif\/https:\/\/thebottleshop.vn\/wp-content\/uploads\/2023\/05\/Hanoi-Cider-Cannon.png\",\"contentUrl\":\"https:\/\/mlsrfcxkkbzg.i.optimole.com\/cb:JbP2.215d7\/w:auto\/h:auto\/q:mauto\/ig:avif\/https:\/\/thebottleshop.vn\/wp-content\/uploads\/2023\/05\/Hanoi-Cider-Cannon.png\",\"width\":1080,\"height\":1080,\"caption\":\"Hanoi Cider Cannon Craft Beer Gift Pack\"},{\"@type\":\"BreadcrumbList\",\"@id\":\"http:\/\/52.77.24.187\/vi\/san-pham\/hanoi-cider-cannon\/#breadcrumb\",\"itemListElement\":[{\"@type\":\"ListItem\",\"position\":1,\"name\":\"Home\",\"item\":\"http:\/\/52.77.24.187\/vi\/test-popup-vi\/\"},{\"@type\":\"ListItem\",\"position\":2,\"name\":\"C\u1eeda h\u00e0ng\",\"item\":\"http:\/\/52.77.24.187\/vi\/cua-hang\/\"},{\"@type\":\"ListItem\",\"position\":3,\"name\":\"Hanoi Cider CANnon\"}]},{\"@type\":\"WebSite\",\"@id\":\"http:\/\/52.77.24.187\/#website\",\"url\":\"http:\/\/52.77.24.187\/\",\"name\":\"The Bottle Shop\",\"description\":\"All beers are not created equal\",\"publisher\":{\"@id\":\"http:\/\/52.77.24.187\/#organization\"},\"potentialAction\":[{\"@type\":\"SearchAction\",\"target\":{\"@type\":\"EntryPoint\",\"urlTemplate\":\"http:\/\/52.77.24.187\/?s={search_term_string}\"},\"query-input\":{\"@type\":\"PropertyValueSpecification\",\"valueRequired\":true,\"valueName\":\"search_term_string\"}}],\"inLanguage\":\"vi-VN\"},{\"@type\":\"Organization\",\"@id\":\"http:\/\/52.77.24.187\/#organization\",\"name\":\"The Bottle Shop\",\"url\":\"http:\/\/52.77.24.187\/\",\"logo\":{\"@type\":\"ImageObject\",\"inLanguage\":\"vi-VN\",\"@id\":\"http:\/\/52.77.24.187\/#\/schema\/logo\/image\/\",\"url\":\"https:\/\/mlsrfcxkkbzg.i.optimole.com\/cb:JbP2.215d7\/w:auto\/h:auto\/q:mauto\/ig:avif\/https:\/\/thebottleshop.vn\/wp-content\/uploads\/2022\/10\/The-Bottle-Shop-Online-Logo.png\",\"contentUrl\":\"https:\/\/mlsrfcxkkbzg.i.optimole.com\/cb:JbP2.215d7\/w:auto\/h:auto\/q:mauto\/ig:avif\/https:\/\/thebottleshop.vn\/wp-content\/uploads\/2022\/10\/The-Bottle-Shop-Online-Logo.png\",\"width\":145,\"height\":147,\"caption\":\"The Bottle Shop\"},\"image\":{\"@id\":\"http:\/\/52.77.24.187\/#\/schema\/logo\/image\/\"},\"sameAs\":[\"https:\/\/www.facebook.com\/thebottleshopvietnam\",\"https:\/\/www.instagram.com\/thebottleshop_vietnam\/\"]}]}<\/script>\n<!-- \/ Yoast SEO plugin. -->","yoast_head_json":{"title":"Hanoi Cider CANnon - The Bottle Shop","description":"Hanoi Cider Co. b\u1eaft \u0111\u1ea7u v\u1edbi ni\u1ec1m \u0111am m\u00ea cider th\u1ee7 c\u00f4ng c\u1ee7a m\u1ed9t c\u1eb7p v\u1ee3 ch\u1ed3ng v\u00e0 \u0111\u00e3 ph\u00e1t tri\u1ec3n th\u00e0nh m\u1ed9t th\u01b0\u01a1ng hi\u1ec7u cider Vi\u1ec7t Nam t\u1eebng \u0111o\u1ea1t nhi\u1ec1u gi\u1ea3i th\u01b0\u1edfng.","robots":{"index":"index","follow":"follow","max-snippet":"max-snippet:-1","max-image-preview":"max-image-preview:large","max-video-preview":"max-video-preview:-1"},"canonical":"http:\/\/52.77.24.187\/vi\/san-pham\/hanoi-cider-cannon\/","og_locale":"vi_VN","og_type":"article","og_title":"Hanoi Cider CANnon - The Bottle Shop","og_description":"Hanoi Cider Co. b\u1eaft \u0111\u1ea7u v\u1edbi ni\u1ec1m \u0111am m\u00ea cider th\u1ee7 c\u00f4ng c\u1ee7a m\u1ed9t c\u1eb7p v\u1ee3 ch\u1ed3ng v\u00e0 \u0111\u00e3 ph\u00e1t tri\u1ec3n th\u00e0nh m\u1ed9t th\u01b0\u01a1ng hi\u1ec7u cider Vi\u1ec7t Nam t\u1eebng \u0111o\u1ea1t nhi\u1ec1u gi\u1ea3i th\u01b0\u1edfng.","og_url":"http:\/\/52.77.24.187\/vi\/san-pham\/hanoi-cider-cannon\/","og_site_name":"The Bottle Shop","article_publisher":"https:\/\/www.facebook.com\/thebottleshopvietnam","article_modified_time":"2023-05-04T14:12:11+00:00","og_image":[{"width":1080,"height":1080,"url":"https:\/\/mlsrfcxkkbzg.i.optimole.com\/cb:JbP2.215d7\/w:auto\/h:auto\/q:mauto\/ig:avif\/http:\/\/52.77.24.187\/wp-content\/uploads\/2023\/05\/Hanoi-Cider-Cannon.png","type":"image\/png"}],"twitter_card":"summary_large_image","twitter_misc":{"Est. reading time":"1 minute"},"schema":{"@context":"https:\/\/schema.org","@graph":[{"@type":"WebPage","@id":"http:\/\/52.77.24.187\/vi\/san-pham\/hanoi-cider-cannon\/","url":"http:\/\/52.77.24.187\/vi\/san-pham\/hanoi-cider-cannon\/","name":"Hanoi Cider CANnon - The Bottle Shop","isPartOf":{"@id":"http:\/\/52.77.24.187\/#website"},"primaryImageOfPage":{"@id":"http:\/\/52.77.24.187\/vi\/san-pham\/hanoi-cider-cannon\/#primaryimage"},"image":{"@id":"http:\/\/52.77.24.187\/vi\/san-pham\/hanoi-cider-cannon\/#primaryimage"},"thumbnailUrl":"https:\/\/mlsrfcxkkbzg.i.optimole.com\/cb:JbP2.215d7\/w:auto\/h:auto\/q:mauto\/ig:avif\/https:\/\/thebottleshop.vn\/wp-content\/uploads\/2023\/05\/Hanoi-Cider-Cannon.png","datePublished":"2023-05-03T03:42:43+00:00","dateModified":"2023-05-04T14:12:11+00:00","description":"Hanoi Cider Co. b\u1eaft \u0111\u1ea7u v\u1edbi ni\u1ec1m \u0111am m\u00ea cider th\u1ee7 c\u00f4ng c\u1ee7a m\u1ed9t c\u1eb7p v\u1ee3 ch\u1ed3ng v\u00e0 \u0111\u00e3 ph\u00e1t tri\u1ec3n th\u00e0nh m\u1ed9t th\u01b0\u01a1ng hi\u1ec7u cider Vi\u1ec7t Nam t\u1eebng \u0111o\u1ea1t nhi\u1ec1u gi\u1ea3i th\u01b0\u1edfng.","breadcrumb":{"@id":"http:\/\/52.77.24.187\/vi\/san-pham\/hanoi-cider-cannon\/#breadcrumb"},"inLanguage":"vi-VN","potentialAction":[{"@type":"ReadAction","target":["http:\/\/52.77.24.187\/vi\/san-pham\/hanoi-cider-cannon\/"]}]},{"@type":"ImageObject","inLanguage":"vi-VN","@id":"http:\/\/52.77.24.187\/vi\/san-pham\/hanoi-cider-cannon\/#primaryimage","url":"https:\/\/mlsrfcxkkbzg.i.optimole.com\/cb:JbP2.215d7\/w:auto\/h:auto\/q:mauto\/ig:avif\/https:\/\/thebottleshop.vn\/wp-content\/uploads\/2023\/05\/Hanoi-Cider-Cannon.png","contentUrl":"https:\/\/mlsrfcxkkbzg.i.optimole.com\/cb:JbP2.215d7\/w:auto\/h:auto\/q:mauto\/ig:avif\/https:\/\/thebottleshop.vn\/wp-content\/uploads\/2023\/05\/Hanoi-Cider-Cannon.png","width":1080,"height":1080,"caption":"Hanoi Cider Cannon Craft Beer Gift Pack"},{"@type":"BreadcrumbList","@id":"http:\/\/52.77.24.187\/vi\/san-pham\/hanoi-cider-cannon\/#breadcrumb","itemListElement":[{"@type":"ListItem","position":1,"name":"Home","item":"http:\/\/52.77.24.187\/vi\/test-popup-vi\/"},{"@type":"ListItem","position":2,"name":"C\u1eeda h\u00e0ng","item":"http:\/\/52.77.24.187\/vi\/cua-hang\/"},{"@type":"ListItem","position":3,"name":"Hanoi Cider CANnon"}]},{"@type":"WebSite","@id":"http:\/\/52.77.24.187\/#website","url":"http:\/\/52.77.24.187\/","name":"The Bottle Shop","description":"All beers are not created equal","publisher":{"@id":"http:\/\/52.77.24.187\/#organization"},"potentialAction":[{"@type":"SearchAction","target":{"@type":"EntryPoint","urlTemplate":"http:\/\/52.77.24.187\/?s={search_term_string}"},"query-input":{"@type":"PropertyValueSpecification","valueRequired":true,"valueName":"search_term_string"}}],"inLanguage":"vi-VN"},{"@type":"Organization","@id":"http:\/\/52.77.24.187\/#organization","name":"The Bottle Shop","url":"http:\/\/52.77.24.187\/","logo":{"@type":"ImageObject","inLanguage":"vi-VN","@id":"http:\/\/52.77.24.187\/#\/schema\/logo\/image\/","url":"https:\/\/mlsrfcxkkbzg.i.optimole.com\/cb:JbP2.215d7\/w:auto\/h:auto\/q:mauto\/ig:avif\/https:\/\/thebottleshop.vn\/wp-content\/uploads\/2022\/10\/The-Bottle-Shop-Online-Logo.png","contentUrl":"https:\/\/mlsrfcxkkbzg.i.optimole.com\/cb:JbP2.215d7\/w:auto\/h:auto\/q:mauto\/ig:avif\/https:\/\/thebottleshop.vn\/wp-content\/uploads\/2022\/10\/The-Bottle-Shop-Online-Logo.png","width":145,"height":147,"caption":"The Bottle Shop"},"image":{"@id":"http:\/\/52.77.24.187\/#\/schema\/logo\/image\/"},"sameAs":["https:\/\/www.facebook.com\/thebottleshopvietnam","https:\/\/www.instagram.com\/thebottleshop_vietnam\/"]}]}},"_links":{"self":[{"href":"https:\/\/thebottleshop.vn\/vi\/wp-json\/wp\/v2\/product\/17642","targetHints":{"allow":["GET"]}}],"collection":[{"href":"https:\/\/thebottleshop.vn\/vi\/wp-json\/wp\/v2\/product"}],"about":[{"href":"https:\/\/thebottleshop.vn\/vi\/wp-json\/wp\/v2\/types\/product"}],"replies":[{"embeddable":true,"href":"https:\/\/thebottleshop.vn\/vi\/wp-json\/wp\/v2\/comments?post=17642"}],"wp:featuredmedia":[{"embeddable":true,"href":"https:\/\/thebottleshop.vn\/vi\/wp-json\/wp\/v2\/media\/17626"}],"wp:attachment":[{"href":"https:\/\/thebottleshop.vn\/vi\/wp-json\/wp\/v2\/media?parent=17642"}],"wp:term":[{"taxonomy":"product_brand","embeddable":true,"href":"https:\/\/thebottleshop.vn\/vi\/wp-json\/wp\/v2\/product_brand?post=17642"},{"taxonomy":"product_cat","embeddable":true,"href":"https:\/\/thebottleshop.vn\/vi\/wp-json\/wp\/v2\/product_cat?post=17642"},{"taxonomy":"product_tag","embeddable":true,"href":"https:\/\/thebottleshop.vn\/vi\/wp-json\/wp\/v2\/product_tag?post=17642"}],"curies":[{"name":"wp","href":"https:\/\/api.w.org\/{rel}","templated":true}]}}