{"id":17644,"date":"2023-05-03T11:12:10","date_gmt":"2023-05-03T04:12:10","guid":{"rendered":"https:\/\/thebottleshop.vn\/?post_type=product&#038;p=17644"},"modified":"2023-05-04T21:13:49","modified_gmt":"2023-05-04T14:13:49","slug":"heart-of-darkness-cannon","status":"publish","type":"product","link":"https:\/\/thebottleshop.vn\/vi\/san-pham\/heart-of-darkness-cannon\/","title":{"rendered":"Heart of Darkness CANnon"},"content":{"rendered":"<p>C\u00e2u chuy\u1ec7n <a href=\"https:\/\/heartofdarknessbrewery.com\/vi\/about\/\" target=\"_blank\" rel=\"noopener\">Heart of Darkness<\/a> b\u1eaft \u0111\u1ea7u trong th\u1eddi gian Nh\u00e0 s\u00e1ng l\u1eadp &amp; Gi\u00e1m \u0111\u1ed1c \u0111i\u1ec1u h\u00e0nh John Pemberton s\u1ed1ng \u1edf Th\u00e0nh ph\u1ed1 New York trong nh\u1eefng n\u0103m 2000, n\u01a1i \u00f4ng say m\u00ea b\u1ed1i c\u1ea3nh bia th\u1ee7 c\u00f4ng c\u1ee7a M\u1ef9 v\u00e0 s\u1ef1 theo \u0111u\u1ed5i kh\u00f4ng ng\u1eebng v\u1ec1 ch\u1ea5t l\u01b0\u1ee3ng v\u00e0 s\u1ef1 \u0111\u1ed5i m\u1edbi c\u1ee7a n\u00f3. Th\u1ea5m tho\u1eaft 10 n\u0103m, t\u00ecnh y\u00eau \u1ea5y \u0111\u00e3 th\u00e0nh hi\u1ec7n th\u1ef1c khi Heart of Darkness \u0111\u01b0\u1ee3c th\u00e0nh l\u1eadp v\u00e0o n\u0103m 2016 b\u1edfi m\u1ed9t nh\u00f3m b\u1ea1n s\u1ed1ng t\u1ea1i S\u00e0i G\u00f2n, v\u1edbi m\u1ee5c ti\u00eau tr\u1edf th\u00e0nh th\u01b0\u01a1ng hi\u1ec7u bia th\u1ee7 c\u00f4ng cao c\u1ea5p c\u1ee7a ch\u00e2u \u00c1. \u0110\u01b0\u1ee3c cho l\u00e0 nh\u00e0 m\u00e1y bia s\u00e1ng t\u1ea1o nh\u1ea5t t\u1ea1i Vi\u1ec7t Nam, Heart of Darkness CANnon c\u00f3 3 lo\u1ea1i bia r\u1ea5t \u0111\u1ed9c \u0111\u00e1o t\u1eeb d\u00f2ng s\u1ea3n ph\u1ea9m c\u1ed1t l\u00f5i c\u1ee7a th\u01b0\u01a1ng hi\u1ec7u &#8211; <a href=\"https:\/\/thebottleshop.vn\/product\/hod-kurtz-insane-ipa\/\">Kurtz&#8217;s Insane IPA<\/a> \u0111\u1eadm \u0111\u00e0 v\u00e0 m\u1ea1nh m\u1ebd, <a href=\"https:\/\/thebottleshop.vn\/vi\/san-pham\/hod-dream-alone-pale-ale-2\/\">Dream Alone Pale Ale<\/a> v\u1ecb cam qu\u00fdt v\u00e0 th\u00f4ng, v\u00e0 <a href=\"https:\/\/thebottleshop.vn\/vi\/san-pham\/hod-the-river-india-pale-ale-2\/\">The River India Pale<\/a>, \u00eam d\u1ecbu v\u00e0 ngon l\u00e0nh bia.<\/p>\n<p>\u2014\u2013<br \/>\nXem th\u01b0 vi\u1ec7n h\u00ecnh \u1ea3nh \u0111\u1ec3 bi\u1ebft th\u00eam th\u00f4ng tin chi ti\u1ebft v\u1ec1 ngu\u1ed3n g\u1ed1c, th\u00e0nh ph\u1ea7n v\u00e0 h\u01b0\u1edbng d\u1eabn s\u1eed d\u1ee5ng c\u1ee7a s\u1ea3n ph\u1ea9m.<\/p>\n","protected":false},"excerpt":{"rendered":"<p><strong>3x330ml CANnon<\/strong><\/p>\n","protected":false},"featured_media":17628,"comment_status":"open","ping_status":"closed","template":"","meta":{"_acf_changed":false},"product_brand":[],"product_cat":[385,337,340,373,412,366,339,341,352,604,369],"product_tag":[],"class_list":{"0":"post-17644","1":"product","2":"type-product","3":"status-publish","4":"has-post-thumbnail","6":"product_cat-top-deals","7":"product_cat-bia-va-cider","8":"product_cat-vietnam-hcmc","9":"product_cat-200k-499k","10":"product_cat-do-luu-niem","11":"product_cat-nha-san-xuat","12":"product_cat-xuat-xu","13":"product_cat-dong-goi","14":"product_cat-gia","15":"product_cat-cannon-vi","16":"product_cat-heart-of-darkness","18":"first","19":"instock","20":"shipping-taxable","21":"purchasable","22":"product-type-simple","23":"add-to-wishlist-before_image"},"acf":[],"yoast_head":"<!-- This site is optimized with the Yoast SEO plugin v27.2 - https:\/\/yoast.com\/product\/yoast-seo-wordpress\/ -->\n<title>Heart of Darkness CANnon - The Bottle Shop<\/title>\n<meta name=\"description\" content=\"Heart of Darkness \u0111\u01b0\u1ee3c th\u00e0nh l\u1eadp v\u00e0o n\u0103m 2016 b\u1edfi m\u1ed9t nh\u00f3m b\u1ea1n s\u1ed1ng t\u1ea1i S\u00e0i G\u00f2n (TP.HCM), v\u1edbi m\u1ee5c ti\u00eau tr\u1edf th\u00e0nh th\u01b0\u01a1ng hi\u1ec7u bia th\u1ee7 c\u00f4ng cao c\u1ea5p c\u1ee7a ch\u00e2u \u00c1.\" \/>\n<meta name=\"robots\" content=\"index, follow, max-snippet:-1, max-image-preview:large, max-video-preview:-1\" \/>\n<link rel=\"canonical\" href=\"http:\/\/52.77.24.187\/vi\/san-pham\/heart-of-darkness-cannon\/\" \/>\n<meta property=\"og:locale\" content=\"vi_VN\" \/>\n<meta property=\"og:type\" content=\"article\" \/>\n<meta property=\"og:title\" content=\"Heart of Darkness CANnon - The Bottle Shop\" \/>\n<meta property=\"og:description\" content=\"Heart of Darkness \u0111\u01b0\u1ee3c th\u00e0nh l\u1eadp v\u00e0o n\u0103m 2016 b\u1edfi m\u1ed9t nh\u00f3m b\u1ea1n s\u1ed1ng t\u1ea1i S\u00e0i G\u00f2n (TP.HCM), v\u1edbi m\u1ee5c ti\u00eau tr\u1edf th\u00e0nh th\u01b0\u01a1ng hi\u1ec7u bia th\u1ee7 c\u00f4ng cao c\u1ea5p c\u1ee7a ch\u00e2u \u00c1.\" \/>\n<meta property=\"og:url\" content=\"http:\/\/52.77.24.187\/vi\/san-pham\/heart-of-darkness-cannon\/\" \/>\n<meta property=\"og:site_name\" content=\"The Bottle Shop\" \/>\n<meta property=\"article:publisher\" content=\"https:\/\/www.facebook.com\/thebottleshopvietnam\" \/>\n<meta property=\"article:modified_time\" content=\"2023-05-04T14:13:49+00:00\" \/>\n<meta property=\"og:image\" content=\"https:\/\/mlsrfcxkkbzg.i.optimole.com\/cb:JbP2.215d7\/w:auto\/h:auto\/q:mauto\/ig:avif\/http:\/\/52.77.24.187\/wp-content\/uploads\/2023\/05\/Heart-of-Darkness-Cannon.png\" \/>\n\t<meta property=\"og:image:width\" content=\"1080\" \/>\n\t<meta property=\"og:image:height\" content=\"1080\" \/>\n\t<meta property=\"og:image:type\" content=\"image\/png\" \/>\n<meta name=\"twitter:card\" content=\"summary_large_image\" \/>\n<meta name=\"twitter:label1\" content=\"Est. reading time\" \/>\n\t<meta name=\"twitter:data1\" content=\"1 minute\" \/>\n<script type=\"application\/ld+json\" class=\"yoast-schema-graph\">{\"@context\":\"https:\/\/schema.org\",\"@graph\":[{\"@type\":\"WebPage\",\"@id\":\"http:\/\/52.77.24.187\/vi\/san-pham\/heart-of-darkness-cannon\/\",\"url\":\"http:\/\/52.77.24.187\/vi\/san-pham\/heart-of-darkness-cannon\/\",\"name\":\"Heart of Darkness CANnon - The Bottle Shop\",\"isPartOf\":{\"@id\":\"http:\/\/52.77.24.187\/#website\"},\"primaryImageOfPage\":{\"@id\":\"http:\/\/52.77.24.187\/vi\/san-pham\/heart-of-darkness-cannon\/#primaryimage\"},\"image\":{\"@id\":\"http:\/\/52.77.24.187\/vi\/san-pham\/heart-of-darkness-cannon\/#primaryimage\"},\"thumbnailUrl\":\"https:\/\/mlsrfcxkkbzg.i.optimole.com\/cb:JbP2.215d7\/w:auto\/h:auto\/q:mauto\/ig:avif\/https:\/\/thebottleshop.vn\/wp-content\/uploads\/2023\/05\/Heart-of-Darkness-Cannon.png\",\"datePublished\":\"2023-05-03T04:12:10+00:00\",\"dateModified\":\"2023-05-04T14:13:49+00:00\",\"description\":\"Heart of Darkness \u0111\u01b0\u1ee3c th\u00e0nh l\u1eadp v\u00e0o n\u0103m 2016 b\u1edfi m\u1ed9t nh\u00f3m b\u1ea1n s\u1ed1ng t\u1ea1i S\u00e0i G\u00f2n (TP.HCM), v\u1edbi m\u1ee5c ti\u00eau tr\u1edf th\u00e0nh th\u01b0\u01a1ng hi\u1ec7u bia th\u1ee7 c\u00f4ng cao c\u1ea5p c\u1ee7a ch\u00e2u \u00c1.\",\"breadcrumb\":{\"@id\":\"http:\/\/52.77.24.187\/vi\/san-pham\/heart-of-darkness-cannon\/#breadcrumb\"},\"inLanguage\":\"vi-VN\",\"potentialAction\":[{\"@type\":\"ReadAction\",\"target\":[\"http:\/\/52.77.24.187\/vi\/san-pham\/heart-of-darkness-cannon\/\"]}]},{\"@type\":\"ImageObject\",\"inLanguage\":\"vi-VN\",\"@id\":\"http:\/\/52.77.24.187\/vi\/san-pham\/heart-of-darkness-cannon\/#primaryimage\",\"url\":\"https:\/\/mlsrfcxkkbzg.i.optimole.com\/cb:JbP2.215d7\/w:auto\/h:auto\/q:mauto\/ig:avif\/https:\/\/thebottleshop.vn\/wp-content\/uploads\/2023\/05\/Heart-of-Darkness-Cannon.png\",\"contentUrl\":\"https:\/\/mlsrfcxkkbzg.i.optimole.com\/cb:JbP2.215d7\/w:auto\/h:auto\/q:mauto\/ig:avif\/https:\/\/thebottleshop.vn\/wp-content\/uploads\/2023\/05\/Heart-of-Darkness-Cannon.png\",\"width\":1080,\"height\":1080,\"caption\":\"Hanoi Cider Cannon Craft Beer Gift Pack\"},{\"@type\":\"BreadcrumbList\",\"@id\":\"http:\/\/52.77.24.187\/vi\/san-pham\/heart-of-darkness-cannon\/#breadcrumb\",\"itemListElement\":[{\"@type\":\"ListItem\",\"position\":1,\"name\":\"Home\",\"item\":\"http:\/\/52.77.24.187\/vi\/test-popup-vi\/\"},{\"@type\":\"ListItem\",\"position\":2,\"name\":\"C\u1eeda h\u00e0ng\",\"item\":\"http:\/\/52.77.24.187\/vi\/cua-hang\/\"},{\"@type\":\"ListItem\",\"position\":3,\"name\":\"Heart of Darkness CANnon\"}]},{\"@type\":\"WebSite\",\"@id\":\"http:\/\/52.77.24.187\/#website\",\"url\":\"http:\/\/52.77.24.187\/\",\"name\":\"The Bottle Shop\",\"description\":\"All beers are not created equal\",\"publisher\":{\"@id\":\"http:\/\/52.77.24.187\/#organization\"},\"potentialAction\":[{\"@type\":\"SearchAction\",\"target\":{\"@type\":\"EntryPoint\",\"urlTemplate\":\"http:\/\/52.77.24.187\/?s={search_term_string}\"},\"query-input\":{\"@type\":\"PropertyValueSpecification\",\"valueRequired\":true,\"valueName\":\"search_term_string\"}}],\"inLanguage\":\"vi-VN\"},{\"@type\":\"Organization\",\"@id\":\"http:\/\/52.77.24.187\/#organization\",\"name\":\"The Bottle Shop\",\"url\":\"http:\/\/52.77.24.187\/\",\"logo\":{\"@type\":\"ImageObject\",\"inLanguage\":\"vi-VN\",\"@id\":\"http:\/\/52.77.24.187\/#\/schema\/logo\/image\/\",\"url\":\"https:\/\/mlsrfcxkkbzg.i.optimole.com\/cb:JbP2.215d7\/w:auto\/h:auto\/q:mauto\/ig:avif\/https:\/\/thebottleshop.vn\/wp-content\/uploads\/2022\/10\/The-Bottle-Shop-Online-Logo.png\",\"contentUrl\":\"https:\/\/mlsrfcxkkbzg.i.optimole.com\/cb:JbP2.215d7\/w:auto\/h:auto\/q:mauto\/ig:avif\/https:\/\/thebottleshop.vn\/wp-content\/uploads\/2022\/10\/The-Bottle-Shop-Online-Logo.png\",\"width\":145,\"height\":147,\"caption\":\"The Bottle Shop\"},\"image\":{\"@id\":\"http:\/\/52.77.24.187\/#\/schema\/logo\/image\/\"},\"sameAs\":[\"https:\/\/www.facebook.com\/thebottleshopvietnam\",\"https:\/\/www.instagram.com\/thebottleshop_vietnam\/\"]}]}<\/script>\n<!-- \/ Yoast SEO plugin. -->","yoast_head_json":{"title":"Heart of Darkness CANnon - The Bottle Shop","description":"Heart of Darkness \u0111\u01b0\u1ee3c th\u00e0nh l\u1eadp v\u00e0o n\u0103m 2016 b\u1edfi m\u1ed9t nh\u00f3m b\u1ea1n s\u1ed1ng t\u1ea1i S\u00e0i G\u00f2n (TP.HCM), v\u1edbi m\u1ee5c ti\u00eau tr\u1edf th\u00e0nh th\u01b0\u01a1ng hi\u1ec7u bia th\u1ee7 c\u00f4ng cao c\u1ea5p c\u1ee7a ch\u00e2u \u00c1.","robots":{"index":"index","follow":"follow","max-snippet":"max-snippet:-1","max-image-preview":"max-image-preview:large","max-video-preview":"max-video-preview:-1"},"canonical":"http:\/\/52.77.24.187\/vi\/san-pham\/heart-of-darkness-cannon\/","og_locale":"vi_VN","og_type":"article","og_title":"Heart of Darkness CANnon - The Bottle Shop","og_description":"Heart of Darkness \u0111\u01b0\u1ee3c th\u00e0nh l\u1eadp v\u00e0o n\u0103m 2016 b\u1edfi m\u1ed9t nh\u00f3m b\u1ea1n s\u1ed1ng t\u1ea1i S\u00e0i G\u00f2n (TP.HCM), v\u1edbi m\u1ee5c ti\u00eau tr\u1edf th\u00e0nh th\u01b0\u01a1ng hi\u1ec7u bia th\u1ee7 c\u00f4ng cao c\u1ea5p c\u1ee7a ch\u00e2u \u00c1.","og_url":"http:\/\/52.77.24.187\/vi\/san-pham\/heart-of-darkness-cannon\/","og_site_name":"The Bottle Shop","article_publisher":"https:\/\/www.facebook.com\/thebottleshopvietnam","article_modified_time":"2023-05-04T14:13:49+00:00","og_image":[{"width":1080,"height":1080,"url":"https:\/\/mlsrfcxkkbzg.i.optimole.com\/cb:JbP2.215d7\/w:auto\/h:auto\/q:mauto\/ig:avif\/http:\/\/52.77.24.187\/wp-content\/uploads\/2023\/05\/Heart-of-Darkness-Cannon.png","type":"image\/png"}],"twitter_card":"summary_large_image","twitter_misc":{"Est. reading time":"1 minute"},"schema":{"@context":"https:\/\/schema.org","@graph":[{"@type":"WebPage","@id":"http:\/\/52.77.24.187\/vi\/san-pham\/heart-of-darkness-cannon\/","url":"http:\/\/52.77.24.187\/vi\/san-pham\/heart-of-darkness-cannon\/","name":"Heart of Darkness CANnon - The Bottle Shop","isPartOf":{"@id":"http:\/\/52.77.24.187\/#website"},"primaryImageOfPage":{"@id":"http:\/\/52.77.24.187\/vi\/san-pham\/heart-of-darkness-cannon\/#primaryimage"},"image":{"@id":"http:\/\/52.77.24.187\/vi\/san-pham\/heart-of-darkness-cannon\/#primaryimage"},"thumbnailUrl":"https:\/\/mlsrfcxkkbzg.i.optimole.com\/cb:JbP2.215d7\/w:auto\/h:auto\/q:mauto\/ig:avif\/https:\/\/thebottleshop.vn\/wp-content\/uploads\/2023\/05\/Heart-of-Darkness-Cannon.png","datePublished":"2023-05-03T04:12:10+00:00","dateModified":"2023-05-04T14:13:49+00:00","description":"Heart of Darkness \u0111\u01b0\u1ee3c th\u00e0nh l\u1eadp v\u00e0o n\u0103m 2016 b\u1edfi m\u1ed9t nh\u00f3m b\u1ea1n s\u1ed1ng t\u1ea1i S\u00e0i G\u00f2n (TP.HCM), v\u1edbi m\u1ee5c ti\u00eau tr\u1edf th\u00e0nh th\u01b0\u01a1ng hi\u1ec7u bia th\u1ee7 c\u00f4ng cao c\u1ea5p c\u1ee7a ch\u00e2u \u00c1.","breadcrumb":{"@id":"http:\/\/52.77.24.187\/vi\/san-pham\/heart-of-darkness-cannon\/#breadcrumb"},"inLanguage":"vi-VN","potentialAction":[{"@type":"ReadAction","target":["http:\/\/52.77.24.187\/vi\/san-pham\/heart-of-darkness-cannon\/"]}]},{"@type":"ImageObject","inLanguage":"vi-VN","@id":"http:\/\/52.77.24.187\/vi\/san-pham\/heart-of-darkness-cannon\/#primaryimage","url":"https:\/\/mlsrfcxkkbzg.i.optimole.com\/cb:JbP2.215d7\/w:auto\/h:auto\/q:mauto\/ig:avif\/https:\/\/thebottleshop.vn\/wp-content\/uploads\/2023\/05\/Heart-of-Darkness-Cannon.png","contentUrl":"https:\/\/mlsrfcxkkbzg.i.optimole.com\/cb:JbP2.215d7\/w:auto\/h:auto\/q:mauto\/ig:avif\/https:\/\/thebottleshop.vn\/wp-content\/uploads\/2023\/05\/Heart-of-Darkness-Cannon.png","width":1080,"height":1080,"caption":"Hanoi Cider Cannon Craft Beer Gift Pack"},{"@type":"BreadcrumbList","@id":"http:\/\/52.77.24.187\/vi\/san-pham\/heart-of-darkness-cannon\/#breadcrumb","itemListElement":[{"@type":"ListItem","position":1,"name":"Home","item":"http:\/\/52.77.24.187\/vi\/test-popup-vi\/"},{"@type":"ListItem","position":2,"name":"C\u1eeda h\u00e0ng","item":"http:\/\/52.77.24.187\/vi\/cua-hang\/"},{"@type":"ListItem","position":3,"name":"Heart of Darkness CANnon"}]},{"@type":"WebSite","@id":"http:\/\/52.77.24.187\/#website","url":"http:\/\/52.77.24.187\/","name":"The Bottle Shop","description":"All beers are not created equal","publisher":{"@id":"http:\/\/52.77.24.187\/#organization"},"potentialAction":[{"@type":"SearchAction","target":{"@type":"EntryPoint","urlTemplate":"http:\/\/52.77.24.187\/?s={search_term_string}"},"query-input":{"@type":"PropertyValueSpecification","valueRequired":true,"valueName":"search_term_string"}}],"inLanguage":"vi-VN"},{"@type":"Organization","@id":"http:\/\/52.77.24.187\/#organization","name":"The Bottle Shop","url":"http:\/\/52.77.24.187\/","logo":{"@type":"ImageObject","inLanguage":"vi-VN","@id":"http:\/\/52.77.24.187\/#\/schema\/logo\/image\/","url":"https:\/\/mlsrfcxkkbzg.i.optimole.com\/cb:JbP2.215d7\/w:auto\/h:auto\/q:mauto\/ig:avif\/https:\/\/thebottleshop.vn\/wp-content\/uploads\/2022\/10\/The-Bottle-Shop-Online-Logo.png","contentUrl":"https:\/\/mlsrfcxkkbzg.i.optimole.com\/cb:JbP2.215d7\/w:auto\/h:auto\/q:mauto\/ig:avif\/https:\/\/thebottleshop.vn\/wp-content\/uploads\/2022\/10\/The-Bottle-Shop-Online-Logo.png","width":145,"height":147,"caption":"The Bottle Shop"},"image":{"@id":"http:\/\/52.77.24.187\/#\/schema\/logo\/image\/"},"sameAs":["https:\/\/www.facebook.com\/thebottleshopvietnam","https:\/\/www.instagram.com\/thebottleshop_vietnam\/"]}]}},"_links":{"self":[{"href":"https:\/\/thebottleshop.vn\/vi\/wp-json\/wp\/v2\/product\/17644","targetHints":{"allow":["GET"]}}],"collection":[{"href":"https:\/\/thebottleshop.vn\/vi\/wp-json\/wp\/v2\/product"}],"about":[{"href":"https:\/\/thebottleshop.vn\/vi\/wp-json\/wp\/v2\/types\/product"}],"replies":[{"embeddable":true,"href":"https:\/\/thebottleshop.vn\/vi\/wp-json\/wp\/v2\/comments?post=17644"}],"wp:featuredmedia":[{"embeddable":true,"href":"https:\/\/thebottleshop.vn\/vi\/wp-json\/wp\/v2\/media\/17628"}],"wp:attachment":[{"href":"https:\/\/thebottleshop.vn\/vi\/wp-json\/wp\/v2\/media?parent=17644"}],"wp:term":[{"taxonomy":"product_brand","embeddable":true,"href":"https:\/\/thebottleshop.vn\/vi\/wp-json\/wp\/v2\/product_brand?post=17644"},{"taxonomy":"product_cat","embeddable":true,"href":"https:\/\/thebottleshop.vn\/vi\/wp-json\/wp\/v2\/product_cat?post=17644"},{"taxonomy":"product_tag","embeddable":true,"href":"https:\/\/thebottleshop.vn\/vi\/wp-json\/wp\/v2\/product_tag?post=17644"}],"curies":[{"name":"wp","href":"https:\/\/api.w.org\/{rel}","templated":true}]}}