{"id":17648,"date":"2023-05-04T11:14:18","date_gmt":"2023-05-04T04:14:18","guid":{"rendered":"https:\/\/thebottleshop.vn\/?post_type=product&#038;p=17648"},"modified":"2025-09-17T16:28:16","modified_gmt":"2025-09-17T09:28:16","slug":"mekong-brewing-cannon","status":"publish","type":"product","link":"https:\/\/thebottleshop.vn\/vi\/san-pham\/mekong-brewing-cannon\/","title":{"rendered":"Mekong Brewing CANnon"},"content":{"rendered":"<p><a href=\"http:\/\/www.mekongbrewing.com\/\" target=\"_blank\" rel=\"noopener\">Mekong Brewing Company<\/a> \u0111\u01b0\u1ee3c th\u00e0nh l\u1eadp b\u1edfi Robert Stevenson khi \u00f4ng quy\u1ebft \u0111\u1ecbnh b\u1eaft \u0111\u1ea7u s\u1ea3n xu\u1ea5t bia t\u1ea1i nh\u00e0 sau khi chuy\u1ec3n \u0111\u1ebfn S\u00e0i G\u00f2n, Vi\u1ec7t Nam. Anh \u1ea5y \u0111\u00e3 ho\u00e0n thi\u1ec7n c\u00f4ng th\u1ee9c \u0111\u1ec3 cho ph\u00e9p c\u00e1c h\u01b0\u01a1ng v\u1ecb v\u00e0 m\u00f9i th\u01a1m ph\u1ee9c h\u1ee3p k\u1ebft h\u1ee3p v\u1edbi nhau, t\u1ea1o ra Blue Elephant IPA, lo\u1ea1i bia \u0111\u1ea7u ti\u00ean trong s\u1ed1 m\u1ed9t s\u1ed1 lo\u1ea1i bia phi th\u01b0\u1eddng t\u1eeb nh\u00e0 m\u00e1y bia th\u1ee7 c\u00f4ng nh\u1ecf n\u00e0y. The Mekong Brewery CANnon gives you the opportunity to enjoy their very best brews packaged in a gift pack &#8211; <a href=\"https:\/\/thebottleshop.vn\/vi\/san-pham\/mekong-bengal-ambush-blonde-ale\/\">Bengal Ambush Blonde Ale<\/a>, sour passionfruit balanced with spicy notes of fresh ginger, <a href=\"https:\/\/thebottleshop.vn\/vi\/san-pham\/mekong-brewing-blue-elephant-ipa-2\/\">Blue Elephant IPA<\/a>, a medium-balanced American-style IPA, and <a href=\"https:\/\/thebottleshop.vn\/vi\/san-pham\/mekong-brewing-albino-rhino-dipa-2\/\">Albino Rhino Double IPA<\/a>, exploding with double the hops and malts.<\/p>\n<p>\u2014\u2013<br \/>\nXem th\u01b0 vi\u1ec7n h\u00ecnh \u1ea3nh \u0111\u1ec3 bi\u1ebft th\u00eam th\u00f4ng tin chi ti\u1ebft v\u1ec1 ngu\u1ed3n g\u1ed1c, th\u00e0nh ph\u1ea7n v\u00e0 h\u01b0\u1edbng d\u1eabn s\u1eed d\u1ee5ng c\u1ee7a s\u1ea3n ph\u1ea9m.<\/p>\n","protected":false},"excerpt":{"rendered":"<p><strong>3x330ml CANnon<\/strong><\/p>\n","protected":false},"featured_media":22254,"comment_status":"open","ping_status":"closed","template":"","meta":{"_acf_changed":false},"product_brand":[],"product_cat":[337,340,373,412,366,339,341,352,604,463],"product_tag":[],"class_list":{"0":"post-17648","1":"product","2":"type-product","3":"status-publish","4":"has-post-thumbnail","6":"product_cat-bia-va-cider","7":"product_cat-vietnam-hcmc","8":"product_cat-200k-499k","9":"product_cat-do-luu-niem","10":"product_cat-nha-san-xuat","11":"product_cat-xuat-xu","12":"product_cat-dong-goi","13":"product_cat-gia","14":"product_cat-cannon-vi","15":"product_cat-mekong-brewing-co","17":"first","18":"outofstock","19":"shipping-taxable","20":"purchasable","21":"product-type-simple","22":"add-to-wishlist-before_image"},"acf":[],"yoast_head":"<!-- This site is optimized with the Yoast SEO plugin v27.2 - https:\/\/yoast.com\/product\/yoast-seo-wordpress\/ -->\n<title>Mekong Brewing CANnon - The Bottle Shop<\/title>\n<meta name=\"description\" content=\"Mekong Brewing Company \u0111\u01b0\u1ee3c th\u00e0nh l\u1eadp b\u1edfi Robert Stevenson khi \u00f4ng quy\u1ebft \u0111\u1ecbnh b\u1eaft \u0111\u1ea7u s\u1ea3n xu\u1ea5t bia t\u1ea1i nh\u00e0 sau khi chuy\u1ec3n \u0111\u1ebfn S\u00e0i G\u00f2n, Vi\u1ec7t Nam.\" \/>\n<meta name=\"robots\" content=\"index, follow, max-snippet:-1, max-image-preview:large, max-video-preview:-1\" \/>\n<link rel=\"canonical\" href=\"http:\/\/52.77.24.187\/vi\/san-pham\/mekong-brewing-cannon\/\" \/>\n<meta property=\"og:locale\" content=\"vi_VN\" \/>\n<meta property=\"og:type\" content=\"article\" \/>\n<meta property=\"og:title\" content=\"Mekong Brewing CANnon - The Bottle Shop\" \/>\n<meta property=\"og:description\" content=\"Mekong Brewing Company \u0111\u01b0\u1ee3c th\u00e0nh l\u1eadp b\u1edfi Robert Stevenson khi \u00f4ng quy\u1ebft \u0111\u1ecbnh b\u1eaft \u0111\u1ea7u s\u1ea3n xu\u1ea5t bia t\u1ea1i nh\u00e0 sau khi chuy\u1ec3n \u0111\u1ebfn S\u00e0i G\u00f2n, Vi\u1ec7t Nam.\" \/>\n<meta property=\"og:url\" content=\"http:\/\/52.77.24.187\/vi\/san-pham\/mekong-brewing-cannon\/\" \/>\n<meta property=\"og:site_name\" content=\"The Bottle Shop\" \/>\n<meta property=\"article:publisher\" content=\"https:\/\/www.facebook.com\/thebottleshopvietnam\" \/>\n<meta property=\"article:modified_time\" content=\"2025-09-17T09:28:16+00:00\" \/>\n<meta name=\"twitter:card\" content=\"summary_large_image\" \/>\n<meta name=\"twitter:label1\" content=\"Est. reading time\" \/>\n\t<meta name=\"twitter:data1\" content=\"1 minute\" \/>\n<script type=\"application\/ld+json\" class=\"yoast-schema-graph\">{\"@context\":\"https:\/\/schema.org\",\"@graph\":[{\"@type\":\"WebPage\",\"@id\":\"http:\/\/52.77.24.187\/vi\/san-pham\/mekong-brewing-cannon\/\",\"url\":\"http:\/\/52.77.24.187\/vi\/san-pham\/mekong-brewing-cannon\/\",\"name\":\"Mekong Brewing CANnon - The Bottle Shop\",\"isPartOf\":{\"@id\":\"http:\/\/52.77.24.187\/#website\"},\"primaryImageOfPage\":{\"@id\":\"http:\/\/52.77.24.187\/vi\/san-pham\/mekong-brewing-cannon\/#primaryimage\"},\"image\":{\"@id\":\"http:\/\/52.77.24.187\/vi\/san-pham\/mekong-brewing-cannon\/#primaryimage\"},\"thumbnailUrl\":\"https:\/\/mlsrfcxkkbzg.i.optimole.com\/cb:JbP2.215d7\/w:auto\/h:auto\/q:mauto\/ig:avif\/https:\/\/thebottleshop.vn\/wp-content\/uploads\/2025\/10\/Mekong-Brewing-Co.-Cannon-Craft-Beer-Gift-Pack-1.png\",\"datePublished\":\"2023-05-04T04:14:18+00:00\",\"dateModified\":\"2025-09-17T09:28:16+00:00\",\"description\":\"Mekong Brewing Company \u0111\u01b0\u1ee3c th\u00e0nh l\u1eadp b\u1edfi Robert Stevenson khi \u00f4ng quy\u1ebft \u0111\u1ecbnh b\u1eaft \u0111\u1ea7u s\u1ea3n xu\u1ea5t bia t\u1ea1i nh\u00e0 sau khi chuy\u1ec3n \u0111\u1ebfn S\u00e0i G\u00f2n, Vi\u1ec7t Nam.\",\"breadcrumb\":{\"@id\":\"http:\/\/52.77.24.187\/vi\/san-pham\/mekong-brewing-cannon\/#breadcrumb\"},\"inLanguage\":\"vi-VN\",\"potentialAction\":[{\"@type\":\"ReadAction\",\"target\":[\"http:\/\/52.77.24.187\/vi\/san-pham\/mekong-brewing-cannon\/\"]}]},{\"@type\":\"ImageObject\",\"inLanguage\":\"vi-VN\",\"@id\":\"http:\/\/52.77.24.187\/vi\/san-pham\/mekong-brewing-cannon\/#primaryimage\",\"url\":\"https:\/\/mlsrfcxkkbzg.i.optimole.com\/cb:JbP2.215d7\/w:auto\/h:auto\/q:mauto\/ig:avif\/https:\/\/thebottleshop.vn\/wp-content\/uploads\/2025\/10\/Mekong-Brewing-Co.-Cannon-Craft-Beer-Gift-Pack-1.png\",\"contentUrl\":\"https:\/\/mlsrfcxkkbzg.i.optimole.com\/cb:JbP2.215d7\/w:auto\/h:auto\/q:mauto\/ig:avif\/https:\/\/thebottleshop.vn\/wp-content\/uploads\/2025\/10\/Mekong-Brewing-Co.-Cannon-Craft-Beer-Gift-Pack-1.png\",\"width\":1080,\"height\":1080,\"caption\":\"Mekong Brewing Co. Cannon Craft Beer Gift Pack\"},{\"@type\":\"BreadcrumbList\",\"@id\":\"http:\/\/52.77.24.187\/vi\/san-pham\/mekong-brewing-cannon\/#breadcrumb\",\"itemListElement\":[{\"@type\":\"ListItem\",\"position\":1,\"name\":\"Home\",\"item\":\"http:\/\/52.77.24.187\/vi\/test-popup-vi\/\"},{\"@type\":\"ListItem\",\"position\":2,\"name\":\"C\u1eeda h\u00e0ng\",\"item\":\"http:\/\/52.77.24.187\/vi\/cua-hang\/\"},{\"@type\":\"ListItem\",\"position\":3,\"name\":\"Mekong Brewing CANnon\"}]},{\"@type\":\"WebSite\",\"@id\":\"http:\/\/52.77.24.187\/#website\",\"url\":\"http:\/\/52.77.24.187\/\",\"name\":\"The Bottle Shop\",\"description\":\"All beers are not created equal\",\"publisher\":{\"@id\":\"http:\/\/52.77.24.187\/#organization\"},\"potentialAction\":[{\"@type\":\"SearchAction\",\"target\":{\"@type\":\"EntryPoint\",\"urlTemplate\":\"http:\/\/52.77.24.187\/?s={search_term_string}\"},\"query-input\":{\"@type\":\"PropertyValueSpecification\",\"valueRequired\":true,\"valueName\":\"search_term_string\"}}],\"inLanguage\":\"vi-VN\"},{\"@type\":\"Organization\",\"@id\":\"http:\/\/52.77.24.187\/#organization\",\"name\":\"The Bottle Shop\",\"url\":\"http:\/\/52.77.24.187\/\",\"logo\":{\"@type\":\"ImageObject\",\"inLanguage\":\"vi-VN\",\"@id\":\"http:\/\/52.77.24.187\/#\/schema\/logo\/image\/\",\"url\":\"https:\/\/mlsrfcxkkbzg.i.optimole.com\/cb:JbP2.215d7\/w:auto\/h:auto\/q:mauto\/ig:avif\/https:\/\/thebottleshop.vn\/wp-content\/uploads\/2022\/10\/The-Bottle-Shop-Online-Logo.png\",\"contentUrl\":\"https:\/\/mlsrfcxkkbzg.i.optimole.com\/cb:JbP2.215d7\/w:auto\/h:auto\/q:mauto\/ig:avif\/https:\/\/thebottleshop.vn\/wp-content\/uploads\/2022\/10\/The-Bottle-Shop-Online-Logo.png\",\"width\":145,\"height\":147,\"caption\":\"The Bottle Shop\"},\"image\":{\"@id\":\"http:\/\/52.77.24.187\/#\/schema\/logo\/image\/\"},\"sameAs\":[\"https:\/\/www.facebook.com\/thebottleshopvietnam\",\"https:\/\/www.instagram.com\/thebottleshop_vietnam\/\"]}]}<\/script>\n<!-- \/ Yoast SEO plugin. -->","yoast_head_json":{"title":"Mekong Brewing CANnon - The Bottle Shop","description":"Mekong Brewing Company \u0111\u01b0\u1ee3c th\u00e0nh l\u1eadp b\u1edfi Robert Stevenson khi \u00f4ng quy\u1ebft \u0111\u1ecbnh b\u1eaft \u0111\u1ea7u s\u1ea3n xu\u1ea5t bia t\u1ea1i nh\u00e0 sau khi chuy\u1ec3n \u0111\u1ebfn S\u00e0i G\u00f2n, Vi\u1ec7t Nam.","robots":{"index":"index","follow":"follow","max-snippet":"max-snippet:-1","max-image-preview":"max-image-preview:large","max-video-preview":"max-video-preview:-1"},"canonical":"http:\/\/52.77.24.187\/vi\/san-pham\/mekong-brewing-cannon\/","og_locale":"vi_VN","og_type":"article","og_title":"Mekong Brewing CANnon - The Bottle Shop","og_description":"Mekong Brewing Company \u0111\u01b0\u1ee3c th\u00e0nh l\u1eadp b\u1edfi Robert Stevenson khi \u00f4ng quy\u1ebft \u0111\u1ecbnh b\u1eaft \u0111\u1ea7u s\u1ea3n xu\u1ea5t bia t\u1ea1i nh\u00e0 sau khi chuy\u1ec3n \u0111\u1ebfn S\u00e0i G\u00f2n, Vi\u1ec7t Nam.","og_url":"http:\/\/52.77.24.187\/vi\/san-pham\/mekong-brewing-cannon\/","og_site_name":"The Bottle Shop","article_publisher":"https:\/\/www.facebook.com\/thebottleshopvietnam","article_modified_time":"2025-09-17T09:28:16+00:00","twitter_card":"summary_large_image","twitter_misc":{"Est. reading time":"1 minute"},"schema":{"@context":"https:\/\/schema.org","@graph":[{"@type":"WebPage","@id":"http:\/\/52.77.24.187\/vi\/san-pham\/mekong-brewing-cannon\/","url":"http:\/\/52.77.24.187\/vi\/san-pham\/mekong-brewing-cannon\/","name":"Mekong Brewing CANnon - The Bottle Shop","isPartOf":{"@id":"http:\/\/52.77.24.187\/#website"},"primaryImageOfPage":{"@id":"http:\/\/52.77.24.187\/vi\/san-pham\/mekong-brewing-cannon\/#primaryimage"},"image":{"@id":"http:\/\/52.77.24.187\/vi\/san-pham\/mekong-brewing-cannon\/#primaryimage"},"thumbnailUrl":"https:\/\/mlsrfcxkkbzg.i.optimole.com\/cb:JbP2.215d7\/w:auto\/h:auto\/q:mauto\/ig:avif\/https:\/\/thebottleshop.vn\/wp-content\/uploads\/2025\/10\/Mekong-Brewing-Co.-Cannon-Craft-Beer-Gift-Pack-1.png","datePublished":"2023-05-04T04:14:18+00:00","dateModified":"2025-09-17T09:28:16+00:00","description":"Mekong Brewing Company \u0111\u01b0\u1ee3c th\u00e0nh l\u1eadp b\u1edfi Robert Stevenson khi \u00f4ng quy\u1ebft \u0111\u1ecbnh b\u1eaft \u0111\u1ea7u s\u1ea3n xu\u1ea5t bia t\u1ea1i nh\u00e0 sau khi chuy\u1ec3n \u0111\u1ebfn S\u00e0i G\u00f2n, Vi\u1ec7t Nam.","breadcrumb":{"@id":"http:\/\/52.77.24.187\/vi\/san-pham\/mekong-brewing-cannon\/#breadcrumb"},"inLanguage":"vi-VN","potentialAction":[{"@type":"ReadAction","target":["http:\/\/52.77.24.187\/vi\/san-pham\/mekong-brewing-cannon\/"]}]},{"@type":"ImageObject","inLanguage":"vi-VN","@id":"http:\/\/52.77.24.187\/vi\/san-pham\/mekong-brewing-cannon\/#primaryimage","url":"https:\/\/mlsrfcxkkbzg.i.optimole.com\/cb:JbP2.215d7\/w:auto\/h:auto\/q:mauto\/ig:avif\/https:\/\/thebottleshop.vn\/wp-content\/uploads\/2025\/10\/Mekong-Brewing-Co.-Cannon-Craft-Beer-Gift-Pack-1.png","contentUrl":"https:\/\/mlsrfcxkkbzg.i.optimole.com\/cb:JbP2.215d7\/w:auto\/h:auto\/q:mauto\/ig:avif\/https:\/\/thebottleshop.vn\/wp-content\/uploads\/2025\/10\/Mekong-Brewing-Co.-Cannon-Craft-Beer-Gift-Pack-1.png","width":1080,"height":1080,"caption":"Mekong Brewing Co. Cannon Craft Beer Gift Pack"},{"@type":"BreadcrumbList","@id":"http:\/\/52.77.24.187\/vi\/san-pham\/mekong-brewing-cannon\/#breadcrumb","itemListElement":[{"@type":"ListItem","position":1,"name":"Home","item":"http:\/\/52.77.24.187\/vi\/test-popup-vi\/"},{"@type":"ListItem","position":2,"name":"C\u1eeda h\u00e0ng","item":"http:\/\/52.77.24.187\/vi\/cua-hang\/"},{"@type":"ListItem","position":3,"name":"Mekong Brewing CANnon"}]},{"@type":"WebSite","@id":"http:\/\/52.77.24.187\/#website","url":"http:\/\/52.77.24.187\/","name":"The Bottle Shop","description":"All beers are not created equal","publisher":{"@id":"http:\/\/52.77.24.187\/#organization"},"potentialAction":[{"@type":"SearchAction","target":{"@type":"EntryPoint","urlTemplate":"http:\/\/52.77.24.187\/?s={search_term_string}"},"query-input":{"@type":"PropertyValueSpecification","valueRequired":true,"valueName":"search_term_string"}}],"inLanguage":"vi-VN"},{"@type":"Organization","@id":"http:\/\/52.77.24.187\/#organization","name":"The Bottle Shop","url":"http:\/\/52.77.24.187\/","logo":{"@type":"ImageObject","inLanguage":"vi-VN","@id":"http:\/\/52.77.24.187\/#\/schema\/logo\/image\/","url":"https:\/\/mlsrfcxkkbzg.i.optimole.com\/cb:JbP2.215d7\/w:auto\/h:auto\/q:mauto\/ig:avif\/https:\/\/thebottleshop.vn\/wp-content\/uploads\/2022\/10\/The-Bottle-Shop-Online-Logo.png","contentUrl":"https:\/\/mlsrfcxkkbzg.i.optimole.com\/cb:JbP2.215d7\/w:auto\/h:auto\/q:mauto\/ig:avif\/https:\/\/thebottleshop.vn\/wp-content\/uploads\/2022\/10\/The-Bottle-Shop-Online-Logo.png","width":145,"height":147,"caption":"The Bottle Shop"},"image":{"@id":"http:\/\/52.77.24.187\/#\/schema\/logo\/image\/"},"sameAs":["https:\/\/www.facebook.com\/thebottleshopvietnam","https:\/\/www.instagram.com\/thebottleshop_vietnam\/"]}]}},"_links":{"self":[{"href":"https:\/\/thebottleshop.vn\/vi\/wp-json\/wp\/v2\/product\/17648","targetHints":{"allow":["GET"]}}],"collection":[{"href":"https:\/\/thebottleshop.vn\/vi\/wp-json\/wp\/v2\/product"}],"about":[{"href":"https:\/\/thebottleshop.vn\/vi\/wp-json\/wp\/v2\/types\/product"}],"replies":[{"embeddable":true,"href":"https:\/\/thebottleshop.vn\/vi\/wp-json\/wp\/v2\/comments?post=17648"}],"wp:featuredmedia":[{"embeddable":true,"href":"https:\/\/thebottleshop.vn\/vi\/wp-json\/wp\/v2\/media\/22254"}],"wp:attachment":[{"href":"https:\/\/thebottleshop.vn\/vi\/wp-json\/wp\/v2\/media?parent=17648"}],"wp:term":[{"taxonomy":"product_brand","embeddable":true,"href":"https:\/\/thebottleshop.vn\/vi\/wp-json\/wp\/v2\/product_brand?post=17648"},{"taxonomy":"product_cat","embeddable":true,"href":"https:\/\/thebottleshop.vn\/vi\/wp-json\/wp\/v2\/product_cat?post=17648"},{"taxonomy":"product_tag","embeddable":true,"href":"https:\/\/thebottleshop.vn\/vi\/wp-json\/wp\/v2\/product_tag?post=17648"}],"curies":[{"name":"wp","href":"https:\/\/api.w.org\/{rel}","templated":true}]}}