{"id":17650,"date":"2023-05-04T11:42:45","date_gmt":"2023-05-04T04:42:45","guid":{"rendered":"https:\/\/thebottleshop.vn\/?post_type=product&#038;p=17650"},"modified":"2023-05-04T21:22:43","modified_gmt":"2023-05-04T14:22:43","slug":"mixtape-drinks-cannon","status":"publish","type":"product","link":"https:\/\/thebottleshop.vn\/vi\/san-pham\/mixtape-drinks-cannon\/","title":{"rendered":"MixTape Drinks CANnon"},"content":{"rendered":"<p><a href=\"https:\/\/mixtapedrinks.com\/\" target=\"_blank\" rel=\"noopener\">MixTape Beverage Company<\/a> lu\u00f4n n\u1ed7 l\u1ef1c theo \u0111u\u1ed5i c\u00e1c s\u1ea3n ph\u1ea9m F.U.N. \u2013 FRESH, UNIQUE, v\u00e0 NEVER-BORING. MixTape h\u01b0\u1edbng t\u1edbi s\u1ea3n ph\u1ea9m ch\u1ea5t l\u01b0\u1ee3ng cao nh\u1ea5t, d\u1ecbch v\u1ee5 kh\u00e1ch h\u00e0ng t\u1ed1t nh\u1ea5t v\u00e0 kh\u00f4ng ng\u1eebng s\u00e1ng t\u1ea1o. MixTape Drinks CANnon ho\u00e0n to\u00e0n F.U.N., bao g\u1ed3m 3 lo\u1ea1i bia xu\u1ea5t s\u1eafc &#8211; <a href=\"https:\/\/thebottleshop.vn\/vi\/san-pham\/mixtape-california-sun-juicy-pale-2\/\">California Sun Juicy Pale<\/a>, bia Pale Ale s\u1ea3ng kho\u00e1i v\u00e0 d\u1ec5 u\u1ed1ng, <a href=\"https:\/\/thebottleshop.vn\/vi\/san-pham\/mixtape-peaches-cream-neipa-2\/\">Peaches &amp; Cream NEIPA<\/a>, v\u1edbi h\u01b0\u01a1ng th\u01a1m c\u1ee7a qu\u1ea3 \u0111\u00e0o v\u00e0 tr\u00e1i c\u00e2y h\u1ecd cam qu\u00fdt, v\u00e0 <a href=\"https:\/\/thebottleshop.vn\/vi\/san-pham\/mixtape-molly-stout-2\/\">Molly Stout<\/a>, bia Stout c\u00f3 v\u1ecb b\u00e9o trung b\u00ecnh v\u1edbi v\u1ecb c\u00e0 ph\u00ea, s\u00f4 c\u00f4 la v\u00e0 r\u01b0\u1ee3u whisky &#8211; \u0111\u01b0\u1ee3c \u0111\u00f3ng g\u00f3i trong m\u1ed9t g\u00f3i qu\u00e0 t\u1eb7ng ch\u1ea5t l\u01b0\u1ee3ng cao.<\/p>\n<p>\u2014\u2013<br \/>\nXem th\u01b0 vi\u1ec7n h\u00ecnh \u1ea3nh \u0111\u1ec3 bi\u1ebft th\u00eam th\u00f4ng tin chi ti\u1ebft v\u1ec1 ngu\u1ed3n g\u1ed1c, th\u00e0nh ph\u1ea7n v\u00e0 h\u01b0\u1edbng d\u1eabn s\u1eed d\u1ee5ng c\u1ee7a s\u1ea3n ph\u1ea9m.<\/p>\n","protected":false},"excerpt":{"rendered":"<p><strong>3x330ml CANnon<\/strong><\/p>\n","protected":false},"featured_media":22256,"comment_status":"open","ping_status":"closed","template":"","meta":{"_acf_changed":false},"product_brand":[],"product_cat":[337,340,373,412,366,339,341,352,604,461],"product_tag":[],"class_list":{"0":"post-17650","1":"product","2":"type-product","3":"status-publish","4":"has-post-thumbnail","6":"product_cat-bia-va-cider","7":"product_cat-vietnam-hcmc","8":"product_cat-200k-499k","9":"product_cat-do-luu-niem","10":"product_cat-nha-san-xuat","11":"product_cat-xuat-xu","12":"product_cat-dong-goi","13":"product_cat-gia","14":"product_cat-cannon-vi","15":"product_cat-mixtape-drinks","17":"first","18":"outofstock","19":"shipping-taxable","20":"purchasable","21":"product-type-simple","22":"add-to-wishlist-before_image"},"acf":[],"yoast_head":"<!-- This site is optimized with the Yoast SEO plugin v27.2 - https:\/\/yoast.com\/product\/yoast-seo-wordpress\/ -->\n<title>MixTape Drinks CANnon - The Bottle Shop<\/title>\n<meta name=\"description\" content=\"MixTape Beverage Company h\u01b0\u1edbng t\u1edbi s\u1ea3n ph\u1ea9m ch\u1ea5t l\u01b0\u1ee3ng cao nh\u1ea5t, d\u1ecbch v\u1ee5 kh\u00e1ch h\u00e0ng t\u1ed1t nh\u1ea5t v\u00e0 kh\u00f4ng ng\u1eebng s\u00e1ng t\u1ea1o\" \/>\n<meta name=\"robots\" content=\"index, follow, max-snippet:-1, max-image-preview:large, max-video-preview:-1\" \/>\n<link rel=\"canonical\" href=\"http:\/\/52.77.24.187\/vi\/san-pham\/mixtape-drinks-cannon\/\" \/>\n<meta property=\"og:locale\" content=\"vi_VN\" \/>\n<meta property=\"og:type\" content=\"article\" \/>\n<meta property=\"og:title\" content=\"MixTape Drinks CANnon - The Bottle Shop\" \/>\n<meta property=\"og:description\" content=\"MixTape Beverage Company h\u01b0\u1edbng t\u1edbi s\u1ea3n ph\u1ea9m ch\u1ea5t l\u01b0\u1ee3ng cao nh\u1ea5t, d\u1ecbch v\u1ee5 kh\u00e1ch h\u00e0ng t\u1ed1t nh\u1ea5t v\u00e0 kh\u00f4ng ng\u1eebng s\u00e1ng t\u1ea1o\" \/>\n<meta property=\"og:url\" content=\"http:\/\/52.77.24.187\/vi\/san-pham\/mixtape-drinks-cannon\/\" \/>\n<meta property=\"og:site_name\" content=\"The Bottle Shop\" \/>\n<meta property=\"article:publisher\" content=\"https:\/\/www.facebook.com\/thebottleshopvietnam\" \/>\n<meta property=\"article:modified_time\" content=\"2023-05-04T14:22:43+00:00\" \/>\n<meta property=\"og:image\" content=\"https:\/\/mlsrfcxkkbzg.i.optimole.com\/cb:JbP2.215d7\/w:auto\/h:auto\/q:mauto\/ig:avif\/http:\/\/52.77.24.187\/wp-content\/uploads\/2023\/05\/Mixtape-Drinks-Cannon.png\" \/>\n\t<meta property=\"og:image:width\" content=\"1080\" \/>\n\t<meta property=\"og:image:height\" content=\"1080\" \/>\n\t<meta property=\"og:image:type\" content=\"image\/png\" \/>\n<meta name=\"twitter:card\" content=\"summary_large_image\" \/>\n<meta name=\"twitter:label1\" content=\"Est. reading time\" \/>\n\t<meta name=\"twitter:data1\" content=\"1 minute\" \/>\n<script type=\"application\/ld+json\" class=\"yoast-schema-graph\">{\"@context\":\"https:\/\/schema.org\",\"@graph\":[{\"@type\":\"WebPage\",\"@id\":\"http:\/\/52.77.24.187\/vi\/san-pham\/mixtape-drinks-cannon\/\",\"url\":\"http:\/\/52.77.24.187\/vi\/san-pham\/mixtape-drinks-cannon\/\",\"name\":\"MixTape Drinks CANnon - The Bottle Shop\",\"isPartOf\":{\"@id\":\"http:\/\/52.77.24.187\/#website\"},\"primaryImageOfPage\":{\"@id\":\"http:\/\/52.77.24.187\/vi\/san-pham\/mixtape-drinks-cannon\/#primaryimage\"},\"image\":{\"@id\":\"http:\/\/52.77.24.187\/vi\/san-pham\/mixtape-drinks-cannon\/#primaryimage\"},\"thumbnailUrl\":\"https:\/\/mlsrfcxkkbzg.i.optimole.com\/cb:JbP2.215d7\/w:auto\/h:auto\/q:mauto\/ig:avif\/https:\/\/thebottleshop.vn\/wp-content\/uploads\/2025\/10\/MixTape-Cannon-Craft-Beer-Gift-Pack-1.png\",\"datePublished\":\"2023-05-04T04:42:45+00:00\",\"dateModified\":\"2023-05-04T14:22:43+00:00\",\"description\":\"MixTape Beverage Company h\u01b0\u1edbng t\u1edbi s\u1ea3n ph\u1ea9m ch\u1ea5t l\u01b0\u1ee3ng cao nh\u1ea5t, d\u1ecbch v\u1ee5 kh\u00e1ch h\u00e0ng t\u1ed1t nh\u1ea5t v\u00e0 kh\u00f4ng ng\u1eebng s\u00e1ng t\u1ea1o\",\"breadcrumb\":{\"@id\":\"http:\/\/52.77.24.187\/vi\/san-pham\/mixtape-drinks-cannon\/#breadcrumb\"},\"inLanguage\":\"vi-VN\",\"potentialAction\":[{\"@type\":\"ReadAction\",\"target\":[\"http:\/\/52.77.24.187\/vi\/san-pham\/mixtape-drinks-cannon\/\"]}]},{\"@type\":\"ImageObject\",\"inLanguage\":\"vi-VN\",\"@id\":\"http:\/\/52.77.24.187\/vi\/san-pham\/mixtape-drinks-cannon\/#primaryimage\",\"url\":\"https:\/\/mlsrfcxkkbzg.i.optimole.com\/cb:JbP2.215d7\/w:auto\/h:auto\/q:mauto\/ig:avif\/https:\/\/thebottleshop.vn\/wp-content\/uploads\/2025\/10\/MixTape-Cannon-Craft-Beer-Gift-Pack-1.png\",\"contentUrl\":\"https:\/\/mlsrfcxkkbzg.i.optimole.com\/cb:JbP2.215d7\/w:auto\/h:auto\/q:mauto\/ig:avif\/https:\/\/thebottleshop.vn\/wp-content\/uploads\/2025\/10\/MixTape-Cannon-Craft-Beer-Gift-Pack-1.png\",\"width\":1080,\"height\":1080,\"caption\":\"MixTape Cannon Craft Beer Gift Pack\"},{\"@type\":\"BreadcrumbList\",\"@id\":\"http:\/\/52.77.24.187\/vi\/san-pham\/mixtape-drinks-cannon\/#breadcrumb\",\"itemListElement\":[{\"@type\":\"ListItem\",\"position\":1,\"name\":\"Home\",\"item\":\"http:\/\/52.77.24.187\/vi\/test-popup-vi\/\"},{\"@type\":\"ListItem\",\"position\":2,\"name\":\"C\u1eeda h\u00e0ng\",\"item\":\"http:\/\/52.77.24.187\/vi\/cua-hang\/\"},{\"@type\":\"ListItem\",\"position\":3,\"name\":\"MixTape Drinks CANnon\"}]},{\"@type\":\"WebSite\",\"@id\":\"http:\/\/52.77.24.187\/#website\",\"url\":\"http:\/\/52.77.24.187\/\",\"name\":\"The Bottle Shop\",\"description\":\"All beers are not created equal\",\"publisher\":{\"@id\":\"http:\/\/52.77.24.187\/#organization\"},\"potentialAction\":[{\"@type\":\"SearchAction\",\"target\":{\"@type\":\"EntryPoint\",\"urlTemplate\":\"http:\/\/52.77.24.187\/?s={search_term_string}\"},\"query-input\":{\"@type\":\"PropertyValueSpecification\",\"valueRequired\":true,\"valueName\":\"search_term_string\"}}],\"inLanguage\":\"vi-VN\"},{\"@type\":\"Organization\",\"@id\":\"http:\/\/52.77.24.187\/#organization\",\"name\":\"The Bottle Shop\",\"url\":\"http:\/\/52.77.24.187\/\",\"logo\":{\"@type\":\"ImageObject\",\"inLanguage\":\"vi-VN\",\"@id\":\"http:\/\/52.77.24.187\/#\/schema\/logo\/image\/\",\"url\":\"https:\/\/mlsrfcxkkbzg.i.optimole.com\/cb:JbP2.215d7\/w:auto\/h:auto\/q:mauto\/ig:avif\/https:\/\/thebottleshop.vn\/wp-content\/uploads\/2022\/10\/The-Bottle-Shop-Online-Logo.png\",\"contentUrl\":\"https:\/\/mlsrfcxkkbzg.i.optimole.com\/cb:JbP2.215d7\/w:auto\/h:auto\/q:mauto\/ig:avif\/https:\/\/thebottleshop.vn\/wp-content\/uploads\/2022\/10\/The-Bottle-Shop-Online-Logo.png\",\"width\":145,\"height\":147,\"caption\":\"The Bottle Shop\"},\"image\":{\"@id\":\"http:\/\/52.77.24.187\/#\/schema\/logo\/image\/\"},\"sameAs\":[\"https:\/\/www.facebook.com\/thebottleshopvietnam\",\"https:\/\/www.instagram.com\/thebottleshop_vietnam\/\"]}]}<\/script>\n<!-- \/ Yoast SEO plugin. -->","yoast_head_json":{"title":"MixTape Drinks CANnon - The Bottle Shop","description":"MixTape Beverage Company h\u01b0\u1edbng t\u1edbi s\u1ea3n ph\u1ea9m ch\u1ea5t l\u01b0\u1ee3ng cao nh\u1ea5t, d\u1ecbch v\u1ee5 kh\u00e1ch h\u00e0ng t\u1ed1t nh\u1ea5t v\u00e0 kh\u00f4ng ng\u1eebng s\u00e1ng t\u1ea1o","robots":{"index":"index","follow":"follow","max-snippet":"max-snippet:-1","max-image-preview":"max-image-preview:large","max-video-preview":"max-video-preview:-1"},"canonical":"http:\/\/52.77.24.187\/vi\/san-pham\/mixtape-drinks-cannon\/","og_locale":"vi_VN","og_type":"article","og_title":"MixTape Drinks CANnon - The Bottle Shop","og_description":"MixTape Beverage Company h\u01b0\u1edbng t\u1edbi s\u1ea3n ph\u1ea9m ch\u1ea5t l\u01b0\u1ee3ng cao nh\u1ea5t, d\u1ecbch v\u1ee5 kh\u00e1ch h\u00e0ng t\u1ed1t nh\u1ea5t v\u00e0 kh\u00f4ng ng\u1eebng s\u00e1ng t\u1ea1o","og_url":"http:\/\/52.77.24.187\/vi\/san-pham\/mixtape-drinks-cannon\/","og_site_name":"The Bottle Shop","article_publisher":"https:\/\/www.facebook.com\/thebottleshopvietnam","article_modified_time":"2023-05-04T14:22:43+00:00","og_image":[{"width":1080,"height":1080,"url":"https:\/\/mlsrfcxkkbzg.i.optimole.com\/cb:JbP2.215d7\/w:auto\/h:auto\/q:mauto\/ig:avif\/http:\/\/52.77.24.187\/wp-content\/uploads\/2023\/05\/Mixtape-Drinks-Cannon.png","type":"image\/png"}],"twitter_card":"summary_large_image","twitter_misc":{"Est. reading time":"1 minute"},"schema":{"@context":"https:\/\/schema.org","@graph":[{"@type":"WebPage","@id":"http:\/\/52.77.24.187\/vi\/san-pham\/mixtape-drinks-cannon\/","url":"http:\/\/52.77.24.187\/vi\/san-pham\/mixtape-drinks-cannon\/","name":"MixTape Drinks CANnon - The Bottle Shop","isPartOf":{"@id":"http:\/\/52.77.24.187\/#website"},"primaryImageOfPage":{"@id":"http:\/\/52.77.24.187\/vi\/san-pham\/mixtape-drinks-cannon\/#primaryimage"},"image":{"@id":"http:\/\/52.77.24.187\/vi\/san-pham\/mixtape-drinks-cannon\/#primaryimage"},"thumbnailUrl":"https:\/\/mlsrfcxkkbzg.i.optimole.com\/cb:JbP2.215d7\/w:auto\/h:auto\/q:mauto\/ig:avif\/https:\/\/thebottleshop.vn\/wp-content\/uploads\/2025\/10\/MixTape-Cannon-Craft-Beer-Gift-Pack-1.png","datePublished":"2023-05-04T04:42:45+00:00","dateModified":"2023-05-04T14:22:43+00:00","description":"MixTape Beverage Company h\u01b0\u1edbng t\u1edbi s\u1ea3n ph\u1ea9m ch\u1ea5t l\u01b0\u1ee3ng cao nh\u1ea5t, d\u1ecbch v\u1ee5 kh\u00e1ch h\u00e0ng t\u1ed1t nh\u1ea5t v\u00e0 kh\u00f4ng ng\u1eebng s\u00e1ng t\u1ea1o","breadcrumb":{"@id":"http:\/\/52.77.24.187\/vi\/san-pham\/mixtape-drinks-cannon\/#breadcrumb"},"inLanguage":"vi-VN","potentialAction":[{"@type":"ReadAction","target":["http:\/\/52.77.24.187\/vi\/san-pham\/mixtape-drinks-cannon\/"]}]},{"@type":"ImageObject","inLanguage":"vi-VN","@id":"http:\/\/52.77.24.187\/vi\/san-pham\/mixtape-drinks-cannon\/#primaryimage","url":"https:\/\/mlsrfcxkkbzg.i.optimole.com\/cb:JbP2.215d7\/w:auto\/h:auto\/q:mauto\/ig:avif\/https:\/\/thebottleshop.vn\/wp-content\/uploads\/2025\/10\/MixTape-Cannon-Craft-Beer-Gift-Pack-1.png","contentUrl":"https:\/\/mlsrfcxkkbzg.i.optimole.com\/cb:JbP2.215d7\/w:auto\/h:auto\/q:mauto\/ig:avif\/https:\/\/thebottleshop.vn\/wp-content\/uploads\/2025\/10\/MixTape-Cannon-Craft-Beer-Gift-Pack-1.png","width":1080,"height":1080,"caption":"MixTape Cannon Craft Beer Gift Pack"},{"@type":"BreadcrumbList","@id":"http:\/\/52.77.24.187\/vi\/san-pham\/mixtape-drinks-cannon\/#breadcrumb","itemListElement":[{"@type":"ListItem","position":1,"name":"Home","item":"http:\/\/52.77.24.187\/vi\/test-popup-vi\/"},{"@type":"ListItem","position":2,"name":"C\u1eeda h\u00e0ng","item":"http:\/\/52.77.24.187\/vi\/cua-hang\/"},{"@type":"ListItem","position":3,"name":"MixTape Drinks CANnon"}]},{"@type":"WebSite","@id":"http:\/\/52.77.24.187\/#website","url":"http:\/\/52.77.24.187\/","name":"The Bottle Shop","description":"All beers are not created equal","publisher":{"@id":"http:\/\/52.77.24.187\/#organization"},"potentialAction":[{"@type":"SearchAction","target":{"@type":"EntryPoint","urlTemplate":"http:\/\/52.77.24.187\/?s={search_term_string}"},"query-input":{"@type":"PropertyValueSpecification","valueRequired":true,"valueName":"search_term_string"}}],"inLanguage":"vi-VN"},{"@type":"Organization","@id":"http:\/\/52.77.24.187\/#organization","name":"The Bottle Shop","url":"http:\/\/52.77.24.187\/","logo":{"@type":"ImageObject","inLanguage":"vi-VN","@id":"http:\/\/52.77.24.187\/#\/schema\/logo\/image\/","url":"https:\/\/mlsrfcxkkbzg.i.optimole.com\/cb:JbP2.215d7\/w:auto\/h:auto\/q:mauto\/ig:avif\/https:\/\/thebottleshop.vn\/wp-content\/uploads\/2022\/10\/The-Bottle-Shop-Online-Logo.png","contentUrl":"https:\/\/mlsrfcxkkbzg.i.optimole.com\/cb:JbP2.215d7\/w:auto\/h:auto\/q:mauto\/ig:avif\/https:\/\/thebottleshop.vn\/wp-content\/uploads\/2022\/10\/The-Bottle-Shop-Online-Logo.png","width":145,"height":147,"caption":"The Bottle Shop"},"image":{"@id":"http:\/\/52.77.24.187\/#\/schema\/logo\/image\/"},"sameAs":["https:\/\/www.facebook.com\/thebottleshopvietnam","https:\/\/www.instagram.com\/thebottleshop_vietnam\/"]}]}},"_links":{"self":[{"href":"https:\/\/thebottleshop.vn\/vi\/wp-json\/wp\/v2\/product\/17650","targetHints":{"allow":["GET"]}}],"collection":[{"href":"https:\/\/thebottleshop.vn\/vi\/wp-json\/wp\/v2\/product"}],"about":[{"href":"https:\/\/thebottleshop.vn\/vi\/wp-json\/wp\/v2\/types\/product"}],"replies":[{"embeddable":true,"href":"https:\/\/thebottleshop.vn\/vi\/wp-json\/wp\/v2\/comments?post=17650"}],"wp:featuredmedia":[{"embeddable":true,"href":"https:\/\/thebottleshop.vn\/vi\/wp-json\/wp\/v2\/media\/22256"}],"wp:attachment":[{"href":"https:\/\/thebottleshop.vn\/vi\/wp-json\/wp\/v2\/media?parent=17650"}],"wp:term":[{"taxonomy":"product_brand","embeddable":true,"href":"https:\/\/thebottleshop.vn\/vi\/wp-json\/wp\/v2\/product_brand?post=17650"},{"taxonomy":"product_cat","embeddable":true,"href":"https:\/\/thebottleshop.vn\/vi\/wp-json\/wp\/v2\/product_cat?post=17650"},{"taxonomy":"product_tag","embeddable":true,"href":"https:\/\/thebottleshop.vn\/vi\/wp-json\/wp\/v2\/product_tag?post=17650"}],"curies":[{"name":"wp","href":"https:\/\/api.w.org\/{rel}","templated":true}]}}