{"id":17748,"date":"2023-05-18T08:27:32","date_gmt":"2023-05-18T01:27:32","guid":{"rendered":"https:\/\/thebottleshop.vn\/product\/barett-lemongrass-weizen\/"},"modified":"2023-05-18T12:04:39","modified_gmt":"2023-05-18T05:04:39","slug":"barett-lemongrass-weizen","status":"publish","type":"product","link":"https:\/\/thebottleshop.vn\/vi\/san-pham\/barett-lemongrass-weizen\/","title":{"rendered":"Barett Lemongrass Weizen"},"content":{"rendered":"<p>Barett Lemongrass Weizen l\u00e0 bia \u0111\u01b0\u1ee3c n\u1ea5u t\u1eeb h\u1ea1t l\u00faa m\u00ec cho h\u01b0\u01a1ng v\u1ecb ng\u1ecdt ng\u00e0o. Kh\u00f4ng gi\u1ed1ng nh\u01b0 c\u00e1c lo\u1ea1i bia truy\u1ec1n th\u1ed1ng, bia l\u00faa m\u00ec \u0111\u01b0\u1ee3c l\u00ean men n\u1ed5i cho nhi\u1ec1u h\u01b0\u01a1ng th\u01a1m ester. Bia n\u00e0y b\u1ed5 sung c\u1ee7 s\u1ea3 t\u01b0\u01a1i tr\u1ed3ng t\u1ef1 nhi\u00ean t\u1ea1i v\u01b0\u1eddn rau ngo\u1ea1i th\u00e0nh H\u00e0 N\u1ed9i t\u1ea1o n\u00ean h\u01b0\u01a1ng th\u01a1m t\u01b0\u01a1i m\u00e1t<\/p>\n<p>\u2014\u2013<br \/>\nXem th\u01b0 vi\u1ec7n h\u00ecnh \u1ea3nh \u0111\u1ec3 bi\u1ebft th\u00eam th\u00f4ng tin chi ti\u1ebft v\u1ec1 ngu\u1ed3n g\u1ed1c, th\u00e0nh ph\u1ea7n v\u00e0 h\u01b0\u1edbng d\u1eabn s\u1eed d\u1ee5ng c\u1ee7a s\u1ea3n ph\u1ea9m.<\/p>\n","protected":false},"excerpt":{"rendered":"<p><strong>Cam chanh, S\u1ea3ng kho\u00e1i, V\u1ecb s\u1ea3 4.8%<\/strong><\/p>\n","protected":false},"featured_media":17730,"comment_status":"open","ping_status":"closed","template":"","meta":{"_acf_changed":false},"product_brand":[],"product_cat":[378,390,347,353,337,435,419,351,366,345,377,339,341,352,344],"product_tag":[],"class_list":{"0":"post-17748","1":"product","2":"type-product","3":"status-publish","4":"has-post-thumbnail","6":"product_cat-00-19","7":"product_cat-vietnam-hanoi","8":"product_cat-4-5-9","9":"product_cat-50k-74k","10":"product_cat-bia-va-cider","11":"product_cat-barett-craft-beer","12":"product_cat-bia-lua-mi","13":"product_cat-dong-bia","14":"product_cat-nha-san-xuat","15":"product_cat-abv-vi","16":"product_cat-ibu","17":"product_cat-xuat-xu","18":"product_cat-dong-goi","19":"product_cat-gia","20":"product_cat-lon-330-ml","22":"first","23":"outofstock","24":"shipping-taxable","25":"purchasable","26":"product-type-simple","27":"add-to-wishlist-before_image"},"acf":[],"yoast_head":"<!-- This site is optimized with the Yoast SEO plugin v27.2 - https:\/\/yoast.com\/product\/yoast-seo-wordpress\/ -->\n<title>Barett Lemongrass Weizen - The Bottle Shop<\/title>\n<meta name=\"description\" content=\"Barett Lemongrass Weizen l\u00e0 m\u1ed9t lo\u1ea1i bia l\u00faa m\u00ec. M\u00f9i th\u01a1m ng\u00e0o ng\u1ea1t c\u1ee7a qu\u1ea3 chu\u1ed1i quy\u1ec7n v\u1edbi v\u1ecb cay n\u1ed3ng c\u1ee7a s\u1ea3 t\u1ea1o n\u00ean m\u00f9i th\u01a1m tuy\u1ec7t v\u1eddi.\" \/>\n<meta name=\"robots\" content=\"index, follow, max-snippet:-1, max-image-preview:large, max-video-preview:-1\" \/>\n<link rel=\"canonical\" href=\"http:\/\/52.77.24.187\/vi\/san-pham\/barett-lemongrass-weizen\/\" \/>\n<meta property=\"og:locale\" content=\"vi_VN\" \/>\n<meta property=\"og:type\" content=\"article\" \/>\n<meta property=\"og:title\" content=\"Barett Lemongrass Weizen - The Bottle Shop\" \/>\n<meta property=\"og:description\" content=\"Barett Lemongrass Weizen l\u00e0 m\u1ed9t lo\u1ea1i bia l\u00faa m\u00ec. M\u00f9i th\u01a1m ng\u00e0o ng\u1ea1t c\u1ee7a qu\u1ea3 chu\u1ed1i quy\u1ec7n v\u1edbi v\u1ecb cay n\u1ed3ng c\u1ee7a s\u1ea3 t\u1ea1o n\u00ean m\u00f9i th\u01a1m tuy\u1ec7t v\u1eddi.\" \/>\n<meta property=\"og:url\" content=\"http:\/\/52.77.24.187\/vi\/san-pham\/barett-lemongrass-weizen\/\" \/>\n<meta property=\"og:site_name\" content=\"The Bottle Shop\" \/>\n<meta property=\"article:publisher\" content=\"https:\/\/www.facebook.com\/thebottleshopvietnam\" \/>\n<meta property=\"article:modified_time\" content=\"2023-05-18T05:04:39+00:00\" \/>\n<meta property=\"og:image\" content=\"https:\/\/mlsrfcxkkbzg.i.optimole.com\/cb:JbP2.215d7\/w:auto\/h:auto\/q:mauto\/ig:avif\/http:\/\/52.77.24.187\/wp-content\/uploads\/2023\/05\/346065674_600020112104638_8075804073977892480_n.png\" \/>\n\t<meta property=\"og:image:width\" content=\"1080\" \/>\n\t<meta property=\"og:image:height\" content=\"1080\" \/>\n\t<meta property=\"og:image:type\" content=\"image\/png\" \/>\n<meta name=\"twitter:card\" content=\"summary_large_image\" \/>\n<meta name=\"twitter:label1\" content=\"Est. reading time\" \/>\n\t<meta name=\"twitter:data1\" content=\"1 minute\" \/>\n<script type=\"application\/ld+json\" class=\"yoast-schema-graph\">{\"@context\":\"https:\/\/schema.org\",\"@graph\":[{\"@type\":\"WebPage\",\"@id\":\"http:\/\/52.77.24.187\/vi\/san-pham\/barett-lemongrass-weizen\/\",\"url\":\"http:\/\/52.77.24.187\/vi\/san-pham\/barett-lemongrass-weizen\/\",\"name\":\"Barett Lemongrass Weizen - The Bottle Shop\",\"isPartOf\":{\"@id\":\"http:\/\/52.77.24.187\/#website\"},\"primaryImageOfPage\":{\"@id\":\"http:\/\/52.77.24.187\/vi\/san-pham\/barett-lemongrass-weizen\/#primaryimage\"},\"image\":{\"@id\":\"http:\/\/52.77.24.187\/vi\/san-pham\/barett-lemongrass-weizen\/#primaryimage\"},\"thumbnailUrl\":\"https:\/\/mlsrfcxkkbzg.i.optimole.com\/cb:JbP2.215d7\/w:auto\/h:auto\/q:mauto\/ig:avif\/https:\/\/thebottleshop.vn\/wp-content\/uploads\/2023\/05\/346065674_600020112104638_8075804073977892480_n.png\",\"datePublished\":\"2023-05-18T01:27:32+00:00\",\"dateModified\":\"2023-05-18T05:04:39+00:00\",\"description\":\"Barett Lemongrass Weizen l\u00e0 m\u1ed9t lo\u1ea1i bia l\u00faa m\u00ec. M\u00f9i th\u01a1m ng\u00e0o ng\u1ea1t c\u1ee7a qu\u1ea3 chu\u1ed1i quy\u1ec7n v\u1edbi v\u1ecb cay n\u1ed3ng c\u1ee7a s\u1ea3 t\u1ea1o n\u00ean m\u00f9i th\u01a1m tuy\u1ec7t v\u1eddi.\",\"breadcrumb\":{\"@id\":\"http:\/\/52.77.24.187\/vi\/san-pham\/barett-lemongrass-weizen\/#breadcrumb\"},\"inLanguage\":\"vi-VN\",\"potentialAction\":[{\"@type\":\"ReadAction\",\"target\":[\"http:\/\/52.77.24.187\/vi\/san-pham\/barett-lemongrass-weizen\/\"]}]},{\"@type\":\"ImageObject\",\"inLanguage\":\"vi-VN\",\"@id\":\"http:\/\/52.77.24.187\/vi\/san-pham\/barett-lemongrass-weizen\/#primaryimage\",\"url\":\"https:\/\/mlsrfcxkkbzg.i.optimole.com\/cb:JbP2.215d7\/w:auto\/h:auto\/q:mauto\/ig:avif\/https:\/\/thebottleshop.vn\/wp-content\/uploads\/2023\/05\/346065674_600020112104638_8075804073977892480_n.png\",\"contentUrl\":\"https:\/\/mlsrfcxkkbzg.i.optimole.com\/cb:JbP2.215d7\/w:auto\/h:auto\/q:mauto\/ig:avif\/https:\/\/thebottleshop.vn\/wp-content\/uploads\/2023\/05\/346065674_600020112104638_8075804073977892480_n.png\",\"width\":1080,\"height\":1080,\"caption\":\"Barett Craft Beer Lemongrass Weizen CAN\"},{\"@type\":\"BreadcrumbList\",\"@id\":\"http:\/\/52.77.24.187\/vi\/san-pham\/barett-lemongrass-weizen\/#breadcrumb\",\"itemListElement\":[{\"@type\":\"ListItem\",\"position\":1,\"name\":\"Home\",\"item\":\"http:\/\/52.77.24.187\/vi\/test-popup-vi\/\"},{\"@type\":\"ListItem\",\"position\":2,\"name\":\"C\u1eeda h\u00e0ng\",\"item\":\"http:\/\/52.77.24.187\/vi\/cua-hang\/\"},{\"@type\":\"ListItem\",\"position\":3,\"name\":\"Barett Lemongrass Weizen\"}]},{\"@type\":\"WebSite\",\"@id\":\"http:\/\/52.77.24.187\/#website\",\"url\":\"http:\/\/52.77.24.187\/\",\"name\":\"The Bottle Shop\",\"description\":\"All beers are not created equal\",\"publisher\":{\"@id\":\"http:\/\/52.77.24.187\/#organization\"},\"potentialAction\":[{\"@type\":\"SearchAction\",\"target\":{\"@type\":\"EntryPoint\",\"urlTemplate\":\"http:\/\/52.77.24.187\/?s={search_term_string}\"},\"query-input\":{\"@type\":\"PropertyValueSpecification\",\"valueRequired\":true,\"valueName\":\"search_term_string\"}}],\"inLanguage\":\"vi-VN\"},{\"@type\":\"Organization\",\"@id\":\"http:\/\/52.77.24.187\/#organization\",\"name\":\"The Bottle Shop\",\"url\":\"http:\/\/52.77.24.187\/\",\"logo\":{\"@type\":\"ImageObject\",\"inLanguage\":\"vi-VN\",\"@id\":\"http:\/\/52.77.24.187\/#\/schema\/logo\/image\/\",\"url\":\"https:\/\/mlsrfcxkkbzg.i.optimole.com\/cb:JbP2.215d7\/w:auto\/h:auto\/q:mauto\/ig:avif\/https:\/\/thebottleshop.vn\/wp-content\/uploads\/2022\/10\/The-Bottle-Shop-Online-Logo.png\",\"contentUrl\":\"https:\/\/mlsrfcxkkbzg.i.optimole.com\/cb:JbP2.215d7\/w:auto\/h:auto\/q:mauto\/ig:avif\/https:\/\/thebottleshop.vn\/wp-content\/uploads\/2022\/10\/The-Bottle-Shop-Online-Logo.png\",\"width\":145,\"height\":147,\"caption\":\"The Bottle Shop\"},\"image\":{\"@id\":\"http:\/\/52.77.24.187\/#\/schema\/logo\/image\/\"},\"sameAs\":[\"https:\/\/www.facebook.com\/thebottleshopvietnam\",\"https:\/\/www.instagram.com\/thebottleshop_vietnam\/\"]}]}<\/script>\n<!-- \/ Yoast SEO plugin. -->","yoast_head_json":{"title":"Barett Lemongrass Weizen - The Bottle Shop","description":"Barett Lemongrass Weizen l\u00e0 m\u1ed9t lo\u1ea1i bia l\u00faa m\u00ec. M\u00f9i th\u01a1m ng\u00e0o ng\u1ea1t c\u1ee7a qu\u1ea3 chu\u1ed1i quy\u1ec7n v\u1edbi v\u1ecb cay n\u1ed3ng c\u1ee7a s\u1ea3 t\u1ea1o n\u00ean m\u00f9i th\u01a1m tuy\u1ec7t v\u1eddi.","robots":{"index":"index","follow":"follow","max-snippet":"max-snippet:-1","max-image-preview":"max-image-preview:large","max-video-preview":"max-video-preview:-1"},"canonical":"http:\/\/52.77.24.187\/vi\/san-pham\/barett-lemongrass-weizen\/","og_locale":"vi_VN","og_type":"article","og_title":"Barett Lemongrass Weizen - The Bottle Shop","og_description":"Barett Lemongrass Weizen l\u00e0 m\u1ed9t lo\u1ea1i bia l\u00faa m\u00ec. M\u00f9i th\u01a1m ng\u00e0o ng\u1ea1t c\u1ee7a qu\u1ea3 chu\u1ed1i quy\u1ec7n v\u1edbi v\u1ecb cay n\u1ed3ng c\u1ee7a s\u1ea3 t\u1ea1o n\u00ean m\u00f9i th\u01a1m tuy\u1ec7t v\u1eddi.","og_url":"http:\/\/52.77.24.187\/vi\/san-pham\/barett-lemongrass-weizen\/","og_site_name":"The Bottle Shop","article_publisher":"https:\/\/www.facebook.com\/thebottleshopvietnam","article_modified_time":"2023-05-18T05:04:39+00:00","og_image":[{"width":1080,"height":1080,"url":"https:\/\/mlsrfcxkkbzg.i.optimole.com\/cb:JbP2.215d7\/w:auto\/h:auto\/q:mauto\/ig:avif\/http:\/\/52.77.24.187\/wp-content\/uploads\/2023\/05\/346065674_600020112104638_8075804073977892480_n.png","type":"image\/png"}],"twitter_card":"summary_large_image","twitter_misc":{"Est. reading time":"1 minute"},"schema":{"@context":"https:\/\/schema.org","@graph":[{"@type":"WebPage","@id":"http:\/\/52.77.24.187\/vi\/san-pham\/barett-lemongrass-weizen\/","url":"http:\/\/52.77.24.187\/vi\/san-pham\/barett-lemongrass-weizen\/","name":"Barett Lemongrass Weizen - The Bottle Shop","isPartOf":{"@id":"http:\/\/52.77.24.187\/#website"},"primaryImageOfPage":{"@id":"http:\/\/52.77.24.187\/vi\/san-pham\/barett-lemongrass-weizen\/#primaryimage"},"image":{"@id":"http:\/\/52.77.24.187\/vi\/san-pham\/barett-lemongrass-weizen\/#primaryimage"},"thumbnailUrl":"https:\/\/mlsrfcxkkbzg.i.optimole.com\/cb:JbP2.215d7\/w:auto\/h:auto\/q:mauto\/ig:avif\/https:\/\/thebottleshop.vn\/wp-content\/uploads\/2023\/05\/346065674_600020112104638_8075804073977892480_n.png","datePublished":"2023-05-18T01:27:32+00:00","dateModified":"2023-05-18T05:04:39+00:00","description":"Barett Lemongrass Weizen l\u00e0 m\u1ed9t lo\u1ea1i bia l\u00faa m\u00ec. M\u00f9i th\u01a1m ng\u00e0o ng\u1ea1t c\u1ee7a qu\u1ea3 chu\u1ed1i quy\u1ec7n v\u1edbi v\u1ecb cay n\u1ed3ng c\u1ee7a s\u1ea3 t\u1ea1o n\u00ean m\u00f9i th\u01a1m tuy\u1ec7t v\u1eddi.","breadcrumb":{"@id":"http:\/\/52.77.24.187\/vi\/san-pham\/barett-lemongrass-weizen\/#breadcrumb"},"inLanguage":"vi-VN","potentialAction":[{"@type":"ReadAction","target":["http:\/\/52.77.24.187\/vi\/san-pham\/barett-lemongrass-weizen\/"]}]},{"@type":"ImageObject","inLanguage":"vi-VN","@id":"http:\/\/52.77.24.187\/vi\/san-pham\/barett-lemongrass-weizen\/#primaryimage","url":"https:\/\/mlsrfcxkkbzg.i.optimole.com\/cb:JbP2.215d7\/w:auto\/h:auto\/q:mauto\/ig:avif\/https:\/\/thebottleshop.vn\/wp-content\/uploads\/2023\/05\/346065674_600020112104638_8075804073977892480_n.png","contentUrl":"https:\/\/mlsrfcxkkbzg.i.optimole.com\/cb:JbP2.215d7\/w:auto\/h:auto\/q:mauto\/ig:avif\/https:\/\/thebottleshop.vn\/wp-content\/uploads\/2023\/05\/346065674_600020112104638_8075804073977892480_n.png","width":1080,"height":1080,"caption":"Barett Craft Beer Lemongrass Weizen CAN"},{"@type":"BreadcrumbList","@id":"http:\/\/52.77.24.187\/vi\/san-pham\/barett-lemongrass-weizen\/#breadcrumb","itemListElement":[{"@type":"ListItem","position":1,"name":"Home","item":"http:\/\/52.77.24.187\/vi\/test-popup-vi\/"},{"@type":"ListItem","position":2,"name":"C\u1eeda h\u00e0ng","item":"http:\/\/52.77.24.187\/vi\/cua-hang\/"},{"@type":"ListItem","position":3,"name":"Barett Lemongrass Weizen"}]},{"@type":"WebSite","@id":"http:\/\/52.77.24.187\/#website","url":"http:\/\/52.77.24.187\/","name":"The Bottle Shop","description":"All beers are not created equal","publisher":{"@id":"http:\/\/52.77.24.187\/#organization"},"potentialAction":[{"@type":"SearchAction","target":{"@type":"EntryPoint","urlTemplate":"http:\/\/52.77.24.187\/?s={search_term_string}"},"query-input":{"@type":"PropertyValueSpecification","valueRequired":true,"valueName":"search_term_string"}}],"inLanguage":"vi-VN"},{"@type":"Organization","@id":"http:\/\/52.77.24.187\/#organization","name":"The Bottle Shop","url":"http:\/\/52.77.24.187\/","logo":{"@type":"ImageObject","inLanguage":"vi-VN","@id":"http:\/\/52.77.24.187\/#\/schema\/logo\/image\/","url":"https:\/\/mlsrfcxkkbzg.i.optimole.com\/cb:JbP2.215d7\/w:auto\/h:auto\/q:mauto\/ig:avif\/https:\/\/thebottleshop.vn\/wp-content\/uploads\/2022\/10\/The-Bottle-Shop-Online-Logo.png","contentUrl":"https:\/\/mlsrfcxkkbzg.i.optimole.com\/cb:JbP2.215d7\/w:auto\/h:auto\/q:mauto\/ig:avif\/https:\/\/thebottleshop.vn\/wp-content\/uploads\/2022\/10\/The-Bottle-Shop-Online-Logo.png","width":145,"height":147,"caption":"The Bottle Shop"},"image":{"@id":"http:\/\/52.77.24.187\/#\/schema\/logo\/image\/"},"sameAs":["https:\/\/www.facebook.com\/thebottleshopvietnam","https:\/\/www.instagram.com\/thebottleshop_vietnam\/"]}]}},"_links":{"self":[{"href":"https:\/\/thebottleshop.vn\/vi\/wp-json\/wp\/v2\/product\/17748","targetHints":{"allow":["GET"]}}],"collection":[{"href":"https:\/\/thebottleshop.vn\/vi\/wp-json\/wp\/v2\/product"}],"about":[{"href":"https:\/\/thebottleshop.vn\/vi\/wp-json\/wp\/v2\/types\/product"}],"replies":[{"embeddable":true,"href":"https:\/\/thebottleshop.vn\/vi\/wp-json\/wp\/v2\/comments?post=17748"}],"wp:featuredmedia":[{"embeddable":true,"href":"https:\/\/thebottleshop.vn\/vi\/wp-json\/wp\/v2\/media\/17730"}],"wp:attachment":[{"href":"https:\/\/thebottleshop.vn\/vi\/wp-json\/wp\/v2\/media?parent=17748"}],"wp:term":[{"taxonomy":"product_brand","embeddable":true,"href":"https:\/\/thebottleshop.vn\/vi\/wp-json\/wp\/v2\/product_brand?post=17748"},{"taxonomy":"product_cat","embeddable":true,"href":"https:\/\/thebottleshop.vn\/vi\/wp-json\/wp\/v2\/product_cat?post=17748"},{"taxonomy":"product_tag","embeddable":true,"href":"https:\/\/thebottleshop.vn\/vi\/wp-json\/wp\/v2\/product_tag?post=17748"}],"curies":[{"name":"wp","href":"https:\/\/api.w.org\/{rel}","templated":true}]}}