{"id":17754,"date":"2023-05-18T12:34:18","date_gmt":"2023-05-18T05:44:02","guid":{"rendered":"https:\/\/thebottleshop.vn\/product\/barett-smoke-king-red-ale\/"},"modified":"2023-05-18T15:16:09","modified_gmt":"2023-05-18T08:16:09","slug":"barett-smoke-king-red-ale","status":"publish","type":"product","link":"https:\/\/thebottleshop.vn\/vi\/san-pham\/barett-smoke-king-red-ale\/","title":{"rendered":"Barett Smoke King Red Ale"},"content":{"rendered":"<p>Barett Smoke King l\u00e0 m\u1ed9t lo\u1ea1i Red Ale c\u00f3 v\u1ecb kh\u00f4 v\u00e0 m\u00f9i kh\u00f3i. V\u1ecb kh\u00f3i \u0111\u1ebfn t\u1eeb m\u1ea1ch nha \u0111\u01b0\u1ee3c hun kh\u00f3i t\u1ef1 nhi\u00ean b\u1eb1ng g\u1ed7 s\u1ed3i v\u00f9ng Bavaria. Smoke King k\u1ebft h\u1ee3p ho\u00e0n h\u1ea3o v\u1edbi b\u00edt t\u1ebft, c\u00e1c m\u00f3n BBQ ho\u1eb7c th\u1ecbt mu\u1ed1i Iberico c\u1ee7a T\u00e2y Ban Nha.<\/p>\n<p>\u2014\u2013<br \/>\nXem th\u01b0 vi\u1ec7n h\u00ecnh \u1ea3nh \u0111\u1ec3 bi\u1ebft th\u00eam th\u00f4ng tin chi ti\u1ebft v\u1ec1 ngu\u1ed3n g\u1ed1c, th\u00e0nh ph\u1ea7n v\u00e0 h\u01b0\u1edbng d\u1eabn s\u1eed d\u1ee5ng c\u1ee7a s\u1ea3n ph\u1ea9m.<\/p>\n","protected":false},"excerpt":{"rendered":"<p><strong>Hun kh\u00f3i, M\u1ea1ch nha, Gi\u00f2n \u0111\u1eafng 5%<\/strong><\/p>\n","protected":false},"featured_media":17718,"comment_status":"open","ping_status":"closed","template":"","meta":{"_acf_changed":false},"product_brand":[],"product_cat":[390,337,379,427,347,353,435,351,366,345,377,339,341,352,344],"product_tag":[],"class_list":{"0":"post-17754","1":"product","2":"type-product","3":"status-publish","4":"has-post-thumbnail","6":"product_cat-vietnam-hanoi","7":"product_cat-bia-va-cider","8":"product_cat-20-39","9":"product_cat-bia-do","10":"product_cat-4-5-9","11":"product_cat-50k-74k","12":"product_cat-barett-craft-beer","13":"product_cat-dong-bia","14":"product_cat-nha-san-xuat","15":"product_cat-abv-vi","16":"product_cat-ibu","17":"product_cat-xuat-xu","18":"product_cat-dong-goi","19":"product_cat-gia","20":"product_cat-lon-330-ml","22":"first","23":"outofstock","24":"shipping-taxable","25":"purchasable","26":"product-type-simple","27":"add-to-wishlist-before_image"},"acf":[],"yoast_head":"<!-- This site is optimized with the Yoast SEO plugin v27.2 - https:\/\/yoast.com\/product\/yoast-seo-wordpress\/ -->\n<title>Barett Smoke King Red Ale - The Bottle Shop<\/title>\n<meta name=\"description\" content=\"Barett Smoke King l\u00e0 m\u1ed9t lo\u1ea1i Red Ale c\u00f3 v\u1ecb kh\u00f4 v\u00e0 m\u00f9i kh\u00f3i. V\u1ecb kh\u00f3i \u0111\u1ebfn t\u1eeb m\u1ea1ch nha \u0111\u01b0\u1ee3c hun kh\u00f3i t\u1ef1 nhi\u00ean b\u1eb1ng g\u1ed7 s\u1ed3i v\u00f9ng Bavaria.\" \/>\n<meta name=\"robots\" content=\"index, follow, max-snippet:-1, max-image-preview:large, max-video-preview:-1\" \/>\n<link rel=\"canonical\" href=\"http:\/\/52.77.24.187\/vi\/san-pham\/barett-smoke-king-red-ale\/\" \/>\n<meta property=\"og:locale\" content=\"vi_VN\" \/>\n<meta property=\"og:type\" content=\"article\" \/>\n<meta property=\"og:title\" content=\"Barett Smoke King Red Ale - The Bottle Shop\" \/>\n<meta property=\"og:description\" content=\"Barett Smoke King l\u00e0 m\u1ed9t lo\u1ea1i Red Ale c\u00f3 v\u1ecb kh\u00f4 v\u00e0 m\u00f9i kh\u00f3i. V\u1ecb kh\u00f3i \u0111\u1ebfn t\u1eeb m\u1ea1ch nha \u0111\u01b0\u1ee3c hun kh\u00f3i t\u1ef1 nhi\u00ean b\u1eb1ng g\u1ed7 s\u1ed3i v\u00f9ng Bavaria.\" \/>\n<meta property=\"og:url\" content=\"http:\/\/52.77.24.187\/vi\/san-pham\/barett-smoke-king-red-ale\/\" \/>\n<meta property=\"og:site_name\" content=\"The Bottle Shop\" \/>\n<meta property=\"article:publisher\" content=\"https:\/\/www.facebook.com\/thebottleshopvietnam\" \/>\n<meta property=\"article:modified_time\" content=\"2023-05-18T08:16:09+00:00\" \/>\n<meta property=\"og:image\" content=\"https:\/\/mlsrfcxkkbzg.i.optimole.com\/cb:JbP2.215d7\/w:auto\/h:auto\/q:mauto\/ig:avif\/http:\/\/52.77.24.187\/wp-content\/uploads\/2023\/05\/346105102_1427697117770071_3786718357925931649_n.png\" \/>\n\t<meta property=\"og:image:width\" content=\"1080\" \/>\n\t<meta property=\"og:image:height\" content=\"1080\" \/>\n\t<meta property=\"og:image:type\" content=\"image\/png\" \/>\n<meta name=\"twitter:card\" content=\"summary_large_image\" \/>\n<meta name=\"twitter:label1\" content=\"Est. reading time\" \/>\n\t<meta name=\"twitter:data1\" content=\"1 minute\" \/>\n<script type=\"application\/ld+json\" class=\"yoast-schema-graph\">{\"@context\":\"https:\/\/schema.org\",\"@graph\":[{\"@type\":\"WebPage\",\"@id\":\"http:\/\/52.77.24.187\/vi\/san-pham\/barett-smoke-king-red-ale\/\",\"url\":\"http:\/\/52.77.24.187\/vi\/san-pham\/barett-smoke-king-red-ale\/\",\"name\":\"Barett Smoke King Red Ale - The Bottle Shop\",\"isPartOf\":{\"@id\":\"http:\/\/52.77.24.187\/#website\"},\"primaryImageOfPage\":{\"@id\":\"http:\/\/52.77.24.187\/vi\/san-pham\/barett-smoke-king-red-ale\/#primaryimage\"},\"image\":{\"@id\":\"http:\/\/52.77.24.187\/vi\/san-pham\/barett-smoke-king-red-ale\/#primaryimage\"},\"thumbnailUrl\":\"https:\/\/mlsrfcxkkbzg.i.optimole.com\/cb:JbP2.215d7\/w:auto\/h:auto\/q:mauto\/ig:avif\/https:\/\/thebottleshop.vn\/wp-content\/uploads\/2023\/05\/346105102_1427697117770071_3786718357925931649_n.png\",\"datePublished\":\"2023-05-18T05:44:02+00:00\",\"dateModified\":\"2023-05-18T08:16:09+00:00\",\"description\":\"Barett Smoke King l\u00e0 m\u1ed9t lo\u1ea1i Red Ale c\u00f3 v\u1ecb kh\u00f4 v\u00e0 m\u00f9i kh\u00f3i. V\u1ecb kh\u00f3i \u0111\u1ebfn t\u1eeb m\u1ea1ch nha \u0111\u01b0\u1ee3c hun kh\u00f3i t\u1ef1 nhi\u00ean b\u1eb1ng g\u1ed7 s\u1ed3i v\u00f9ng Bavaria.\",\"breadcrumb\":{\"@id\":\"http:\/\/52.77.24.187\/vi\/san-pham\/barett-smoke-king-red-ale\/#breadcrumb\"},\"inLanguage\":\"vi-VN\",\"potentialAction\":[{\"@type\":\"ReadAction\",\"target\":[\"http:\/\/52.77.24.187\/vi\/san-pham\/barett-smoke-king-red-ale\/\"]}]},{\"@type\":\"ImageObject\",\"inLanguage\":\"vi-VN\",\"@id\":\"http:\/\/52.77.24.187\/vi\/san-pham\/barett-smoke-king-red-ale\/#primaryimage\",\"url\":\"https:\/\/mlsrfcxkkbzg.i.optimole.com\/cb:JbP2.215d7\/w:auto\/h:auto\/q:mauto\/ig:avif\/https:\/\/thebottleshop.vn\/wp-content\/uploads\/2023\/05\/346105102_1427697117770071_3786718357925931649_n.png\",\"contentUrl\":\"https:\/\/mlsrfcxkkbzg.i.optimole.com\/cb:JbP2.215d7\/w:auto\/h:auto\/q:mauto\/ig:avif\/https:\/\/thebottleshop.vn\/wp-content\/uploads\/2023\/05\/346105102_1427697117770071_3786718357925931649_n.png\",\"width\":1080,\"height\":1080,\"caption\":\"Barett Craft Beer Smoke King Red Ale CAN\"},{\"@type\":\"BreadcrumbList\",\"@id\":\"http:\/\/52.77.24.187\/vi\/san-pham\/barett-smoke-king-red-ale\/#breadcrumb\",\"itemListElement\":[{\"@type\":\"ListItem\",\"position\":1,\"name\":\"Home\",\"item\":\"http:\/\/52.77.24.187\/vi\/test-popup-vi\/\"},{\"@type\":\"ListItem\",\"position\":2,\"name\":\"C\u1eeda h\u00e0ng\",\"item\":\"http:\/\/52.77.24.187\/vi\/cua-hang\/\"},{\"@type\":\"ListItem\",\"position\":3,\"name\":\"Barett Smoke King Red Ale\"}]},{\"@type\":\"WebSite\",\"@id\":\"http:\/\/52.77.24.187\/#website\",\"url\":\"http:\/\/52.77.24.187\/\",\"name\":\"The Bottle Shop\",\"description\":\"All beers are not created equal\",\"publisher\":{\"@id\":\"http:\/\/52.77.24.187\/#organization\"},\"potentialAction\":[{\"@type\":\"SearchAction\",\"target\":{\"@type\":\"EntryPoint\",\"urlTemplate\":\"http:\/\/52.77.24.187\/?s={search_term_string}\"},\"query-input\":{\"@type\":\"PropertyValueSpecification\",\"valueRequired\":true,\"valueName\":\"search_term_string\"}}],\"inLanguage\":\"vi-VN\"},{\"@type\":\"Organization\",\"@id\":\"http:\/\/52.77.24.187\/#organization\",\"name\":\"The Bottle Shop\",\"url\":\"http:\/\/52.77.24.187\/\",\"logo\":{\"@type\":\"ImageObject\",\"inLanguage\":\"vi-VN\",\"@id\":\"http:\/\/52.77.24.187\/#\/schema\/logo\/image\/\",\"url\":\"https:\/\/mlsrfcxkkbzg.i.optimole.com\/cb:JbP2.215d7\/w:auto\/h:auto\/q:mauto\/ig:avif\/https:\/\/thebottleshop.vn\/wp-content\/uploads\/2022\/10\/The-Bottle-Shop-Online-Logo.png\",\"contentUrl\":\"https:\/\/mlsrfcxkkbzg.i.optimole.com\/cb:JbP2.215d7\/w:auto\/h:auto\/q:mauto\/ig:avif\/https:\/\/thebottleshop.vn\/wp-content\/uploads\/2022\/10\/The-Bottle-Shop-Online-Logo.png\",\"width\":145,\"height\":147,\"caption\":\"The Bottle Shop\"},\"image\":{\"@id\":\"http:\/\/52.77.24.187\/#\/schema\/logo\/image\/\"},\"sameAs\":[\"https:\/\/www.facebook.com\/thebottleshopvietnam\",\"https:\/\/www.instagram.com\/thebottleshop_vietnam\/\"]}]}<\/script>\n<!-- \/ Yoast SEO plugin. -->","yoast_head_json":{"title":"Barett Smoke King Red Ale - The Bottle Shop","description":"Barett Smoke King l\u00e0 m\u1ed9t lo\u1ea1i Red Ale c\u00f3 v\u1ecb kh\u00f4 v\u00e0 m\u00f9i kh\u00f3i. V\u1ecb kh\u00f3i \u0111\u1ebfn t\u1eeb m\u1ea1ch nha \u0111\u01b0\u1ee3c hun kh\u00f3i t\u1ef1 nhi\u00ean b\u1eb1ng g\u1ed7 s\u1ed3i v\u00f9ng Bavaria.","robots":{"index":"index","follow":"follow","max-snippet":"max-snippet:-1","max-image-preview":"max-image-preview:large","max-video-preview":"max-video-preview:-1"},"canonical":"http:\/\/52.77.24.187\/vi\/san-pham\/barett-smoke-king-red-ale\/","og_locale":"vi_VN","og_type":"article","og_title":"Barett Smoke King Red Ale - The Bottle Shop","og_description":"Barett Smoke King l\u00e0 m\u1ed9t lo\u1ea1i Red Ale c\u00f3 v\u1ecb kh\u00f4 v\u00e0 m\u00f9i kh\u00f3i. V\u1ecb kh\u00f3i \u0111\u1ebfn t\u1eeb m\u1ea1ch nha \u0111\u01b0\u1ee3c hun kh\u00f3i t\u1ef1 nhi\u00ean b\u1eb1ng g\u1ed7 s\u1ed3i v\u00f9ng Bavaria.","og_url":"http:\/\/52.77.24.187\/vi\/san-pham\/barett-smoke-king-red-ale\/","og_site_name":"The Bottle Shop","article_publisher":"https:\/\/www.facebook.com\/thebottleshopvietnam","article_modified_time":"2023-05-18T08:16:09+00:00","og_image":[{"width":1080,"height":1080,"url":"https:\/\/mlsrfcxkkbzg.i.optimole.com\/cb:JbP2.215d7\/w:auto\/h:auto\/q:mauto\/ig:avif\/http:\/\/52.77.24.187\/wp-content\/uploads\/2023\/05\/346105102_1427697117770071_3786718357925931649_n.png","type":"image\/png"}],"twitter_card":"summary_large_image","twitter_misc":{"Est. reading time":"1 minute"},"schema":{"@context":"https:\/\/schema.org","@graph":[{"@type":"WebPage","@id":"http:\/\/52.77.24.187\/vi\/san-pham\/barett-smoke-king-red-ale\/","url":"http:\/\/52.77.24.187\/vi\/san-pham\/barett-smoke-king-red-ale\/","name":"Barett Smoke King Red Ale - The Bottle Shop","isPartOf":{"@id":"http:\/\/52.77.24.187\/#website"},"primaryImageOfPage":{"@id":"http:\/\/52.77.24.187\/vi\/san-pham\/barett-smoke-king-red-ale\/#primaryimage"},"image":{"@id":"http:\/\/52.77.24.187\/vi\/san-pham\/barett-smoke-king-red-ale\/#primaryimage"},"thumbnailUrl":"https:\/\/mlsrfcxkkbzg.i.optimole.com\/cb:JbP2.215d7\/w:auto\/h:auto\/q:mauto\/ig:avif\/https:\/\/thebottleshop.vn\/wp-content\/uploads\/2023\/05\/346105102_1427697117770071_3786718357925931649_n.png","datePublished":"2023-05-18T05:44:02+00:00","dateModified":"2023-05-18T08:16:09+00:00","description":"Barett Smoke King l\u00e0 m\u1ed9t lo\u1ea1i Red Ale c\u00f3 v\u1ecb kh\u00f4 v\u00e0 m\u00f9i kh\u00f3i. V\u1ecb kh\u00f3i \u0111\u1ebfn t\u1eeb m\u1ea1ch nha \u0111\u01b0\u1ee3c hun kh\u00f3i t\u1ef1 nhi\u00ean b\u1eb1ng g\u1ed7 s\u1ed3i v\u00f9ng Bavaria.","breadcrumb":{"@id":"http:\/\/52.77.24.187\/vi\/san-pham\/barett-smoke-king-red-ale\/#breadcrumb"},"inLanguage":"vi-VN","potentialAction":[{"@type":"ReadAction","target":["http:\/\/52.77.24.187\/vi\/san-pham\/barett-smoke-king-red-ale\/"]}]},{"@type":"ImageObject","inLanguage":"vi-VN","@id":"http:\/\/52.77.24.187\/vi\/san-pham\/barett-smoke-king-red-ale\/#primaryimage","url":"https:\/\/mlsrfcxkkbzg.i.optimole.com\/cb:JbP2.215d7\/w:auto\/h:auto\/q:mauto\/ig:avif\/https:\/\/thebottleshop.vn\/wp-content\/uploads\/2023\/05\/346105102_1427697117770071_3786718357925931649_n.png","contentUrl":"https:\/\/mlsrfcxkkbzg.i.optimole.com\/cb:JbP2.215d7\/w:auto\/h:auto\/q:mauto\/ig:avif\/https:\/\/thebottleshop.vn\/wp-content\/uploads\/2023\/05\/346105102_1427697117770071_3786718357925931649_n.png","width":1080,"height":1080,"caption":"Barett Craft Beer Smoke King Red Ale CAN"},{"@type":"BreadcrumbList","@id":"http:\/\/52.77.24.187\/vi\/san-pham\/barett-smoke-king-red-ale\/#breadcrumb","itemListElement":[{"@type":"ListItem","position":1,"name":"Home","item":"http:\/\/52.77.24.187\/vi\/test-popup-vi\/"},{"@type":"ListItem","position":2,"name":"C\u1eeda h\u00e0ng","item":"http:\/\/52.77.24.187\/vi\/cua-hang\/"},{"@type":"ListItem","position":3,"name":"Barett Smoke King Red Ale"}]},{"@type":"WebSite","@id":"http:\/\/52.77.24.187\/#website","url":"http:\/\/52.77.24.187\/","name":"The Bottle Shop","description":"All beers are not created equal","publisher":{"@id":"http:\/\/52.77.24.187\/#organization"},"potentialAction":[{"@type":"SearchAction","target":{"@type":"EntryPoint","urlTemplate":"http:\/\/52.77.24.187\/?s={search_term_string}"},"query-input":{"@type":"PropertyValueSpecification","valueRequired":true,"valueName":"search_term_string"}}],"inLanguage":"vi-VN"},{"@type":"Organization","@id":"http:\/\/52.77.24.187\/#organization","name":"The Bottle Shop","url":"http:\/\/52.77.24.187\/","logo":{"@type":"ImageObject","inLanguage":"vi-VN","@id":"http:\/\/52.77.24.187\/#\/schema\/logo\/image\/","url":"https:\/\/mlsrfcxkkbzg.i.optimole.com\/cb:JbP2.215d7\/w:auto\/h:auto\/q:mauto\/ig:avif\/https:\/\/thebottleshop.vn\/wp-content\/uploads\/2022\/10\/The-Bottle-Shop-Online-Logo.png","contentUrl":"https:\/\/mlsrfcxkkbzg.i.optimole.com\/cb:JbP2.215d7\/w:auto\/h:auto\/q:mauto\/ig:avif\/https:\/\/thebottleshop.vn\/wp-content\/uploads\/2022\/10\/The-Bottle-Shop-Online-Logo.png","width":145,"height":147,"caption":"The Bottle Shop"},"image":{"@id":"http:\/\/52.77.24.187\/#\/schema\/logo\/image\/"},"sameAs":["https:\/\/www.facebook.com\/thebottleshopvietnam","https:\/\/www.instagram.com\/thebottleshop_vietnam\/"]}]}},"_links":{"self":[{"href":"https:\/\/thebottleshop.vn\/vi\/wp-json\/wp\/v2\/product\/17754","targetHints":{"allow":["GET"]}}],"collection":[{"href":"https:\/\/thebottleshop.vn\/vi\/wp-json\/wp\/v2\/product"}],"about":[{"href":"https:\/\/thebottleshop.vn\/vi\/wp-json\/wp\/v2\/types\/product"}],"replies":[{"embeddable":true,"href":"https:\/\/thebottleshop.vn\/vi\/wp-json\/wp\/v2\/comments?post=17754"}],"wp:featuredmedia":[{"embeddable":true,"href":"https:\/\/thebottleshop.vn\/vi\/wp-json\/wp\/v2\/media\/17718"}],"wp:attachment":[{"href":"https:\/\/thebottleshop.vn\/vi\/wp-json\/wp\/v2\/media?parent=17754"}],"wp:term":[{"taxonomy":"product_brand","embeddable":true,"href":"https:\/\/thebottleshop.vn\/vi\/wp-json\/wp\/v2\/product_brand?post=17754"},{"taxonomy":"product_cat","embeddable":true,"href":"https:\/\/thebottleshop.vn\/vi\/wp-json\/wp\/v2\/product_cat?post=17754"},{"taxonomy":"product_tag","embeddable":true,"href":"https:\/\/thebottleshop.vn\/vi\/wp-json\/wp\/v2\/product_tag?post=17754"}],"curies":[{"name":"wp","href":"https:\/\/api.w.org\/{rel}","templated":true}]}}