{"id":17887,"date":"2023-06-30T13:48:58","date_gmt":"2023-06-30T06:57:37","guid":{"rendered":"https:\/\/thebottleshop.vn\/product\/hod-cherry-pie-pastry-ipa\/"},"modified":"2024-04-16T08:19:08","modified_gmt":"2024-04-16T01:19:08","slug":"hod-cherry-pie-pastry-ipa","status":"publish","type":"product","link":"https:\/\/thebottleshop.vn\/vi\/san-pham\/hod-cherry-pie-pastry-ipa\/","title":{"rendered":"Heart of Darkness Cherry Pie Pastry IPA"},"content":{"rendered":"<p>Heart of Darkness Charmed Life Cherry Pie IPA l\u00e0 m\u1ed9t b\u1ea3n ph\u00e1t h\u00e0nh gi\u1edbi h\u1ea1n, v\u00ec v\u1eady h\u00e3y t\u1eadn h\u01b0\u1edfng khi b\u1ea1n c\u00f3 th\u1ec3. H\u00e3y s\u1eb5n s\u00e0ng \u0111\u1ec3 th\u01b0\u1edfng th\u1ee9c chi\u1ebfc B\u00e1nh Anh \u0110\u00e0o ng\u1ecdt l\u1ecbm trong ly. H\u01b0\u01a1ng gia v\u1ecb d\u1ecbu nh\u1eb9 ho\u00e0 c\u00f9ng tr\u00e1i c\u00e2y tr\u00ean n\u1ec1n v\u1ecb b\u00e1nh m\u00ec th\u01a1m b\u00e9o. Ch\u1ea5t kem s\u00e1nh \u0111\u1ecdng v\u00e0 th\u01a1m ng\u1ecdt theo sau b\u1edfi h\u1eadu v\u1ecb chua t\u1eeb qu\u1ea3 anh \u0111\u00e0o. M\u1ed9t d\u00f2ng bia \u0111em l\u1ea1i kho\u00e1i c\u1ea3m \u00eam d\u1ecbu kh\u00f3 t\u1ea3.<\/p>\n<p>\u2014\u2013<br \/>\nXem th\u01b0 vi\u1ec7n h\u00ecnh \u1ea3nh \u0111\u1ec3 bi\u1ebft th\u00eam th\u00f4ng tin chi ti\u1ebft v\u1ec1 ngu\u1ed3n g\u1ed1c, th\u00e0nh ph\u1ea7n v\u00e0 h\u01b0\u1edbng d\u1eabn s\u1eed d\u1ee5ng c\u1ee7a s\u1ea3n ph\u1ea9m.<\/p>\n","protected":false},"excerpt":{"rendered":"<p><strong>Ng\u1ecdt ng\u00e0o, Chua d\u1ecbu, Tr\u00e1i c\u00e2y 6.4%<\/strong><\/p>\n","protected":false},"featured_media":17896,"comment_status":"open","ping_status":"closed","template":"","meta":{"_acf_changed":false},"product_brand":[],"product_cat":[378,337,340,348,423,351,366,345,377,339,341,352,359,344,369],"product_tag":[],"class_list":{"0":"post-17887","1":"product","2":"type-product","3":"status-publish","4":"has-post-thumbnail","6":"product_cat-00-19","7":"product_cat-bia-va-cider","8":"product_cat-vietnam-hcmc","9":"product_cat-6-7-9","10":"product_cat-100k-149k","11":"product_cat-dong-bia","12":"product_cat-nha-san-xuat","13":"product_cat-abv-vi","14":"product_cat-ibu","15":"product_cat-xuat-xu","16":"product_cat-dong-goi","17":"product_cat-gia","18":"product_cat-ipa","19":"product_cat-lon-330-ml","20":"product_cat-heart-of-darkness","22":"first","23":"outofstock","24":"shipping-taxable","25":"purchasable","26":"product-type-simple","27":"add-to-wishlist-before_image"},"acf":[],"yoast_head":"<!-- This site is optimized with the Yoast SEO plugin v27.2 - https:\/\/yoast.com\/product\/yoast-seo-wordpress\/ -->\n<title>Heart of Darkness Cherry Pie Pastry IPA - The Bottle Shop<\/title>\n<meta name=\"description\" content=\"Charmed Life Cherry Pie Pastry IPA. H\u01b0\u01a1ng gia v\u1ecb d\u1ecbu nh\u1eb9 ho\u00e0 c\u00f9ng tr\u00e1i c\u00e2y tr\u00ean n\u1ec1n v\u1ecb b\u00e1nh m\u00ec th\u01a1m b\u00e9o. Ch\u1ea5t kem s\u00e1nh \u0111\u1ecdng v\u00e0 th\u01a1m ng\u1ecdt theo sau b\u1edfi h\u1eadu v\u1ecb chua t\u1eeb qu\u1ea3 anh \u0111\u00e0o.\" \/>\n<meta name=\"robots\" content=\"index, follow, max-snippet:-1, max-image-preview:large, max-video-preview:-1\" \/>\n<link rel=\"canonical\" href=\"http:\/\/52.77.24.187\/vi\/san-pham\/hod-cherry-pie-pastry-ipa\/\" \/>\n<meta property=\"og:locale\" content=\"vi_VN\" \/>\n<meta property=\"og:type\" content=\"article\" \/>\n<meta property=\"og:title\" content=\"Heart of Darkness Cherry Pie Pastry IPA - The Bottle Shop\" \/>\n<meta property=\"og:description\" content=\"Charmed Life Cherry Pie Pastry IPA. H\u01b0\u01a1ng gia v\u1ecb d\u1ecbu nh\u1eb9 ho\u00e0 c\u00f9ng tr\u00e1i c\u00e2y tr\u00ean n\u1ec1n v\u1ecb b\u00e1nh m\u00ec th\u01a1m b\u00e9o. Ch\u1ea5t kem s\u00e1nh \u0111\u1ecdng v\u00e0 th\u01a1m ng\u1ecdt theo sau b\u1edfi h\u1eadu v\u1ecb chua t\u1eeb qu\u1ea3 anh \u0111\u00e0o.\" \/>\n<meta property=\"og:url\" content=\"http:\/\/52.77.24.187\/vi\/san-pham\/hod-cherry-pie-pastry-ipa\/\" \/>\n<meta property=\"og:site_name\" content=\"The Bottle Shop\" \/>\n<meta property=\"article:publisher\" content=\"https:\/\/www.facebook.com\/thebottleshopvietnam\" \/>\n<meta property=\"article:modified_time\" content=\"2024-04-16T01:19:08+00:00\" \/>\n<meta property=\"og:image\" content=\"https:\/\/mlsrfcxkkbzg.i.optimole.com\/cb:JbP2.215d7\/w:auto\/h:auto\/q:mauto\/ig:avif\/http:\/\/52.77.24.187\/wp-content\/uploads\/2023\/06\/Heart-of-Darkness-Charmed-Life-Cherry-Pie-Pastry-IPA.png\" \/>\n\t<meta property=\"og:image:width\" content=\"1080\" \/>\n\t<meta property=\"og:image:height\" content=\"1080\" \/>\n\t<meta property=\"og:image:type\" content=\"image\/png\" \/>\n<meta name=\"twitter:card\" content=\"summary_large_image\" \/>\n<meta name=\"twitter:label1\" content=\"Est. reading time\" \/>\n\t<meta name=\"twitter:data1\" content=\"1 minute\" \/>\n<script type=\"application\/ld+json\" class=\"yoast-schema-graph\">{\"@context\":\"https:\/\/schema.org\",\"@graph\":[{\"@type\":\"WebPage\",\"@id\":\"http:\/\/52.77.24.187\/vi\/san-pham\/hod-cherry-pie-pastry-ipa\/\",\"url\":\"http:\/\/52.77.24.187\/vi\/san-pham\/hod-cherry-pie-pastry-ipa\/\",\"name\":\"Heart of Darkness Cherry Pie Pastry IPA - The Bottle Shop\",\"isPartOf\":{\"@id\":\"http:\/\/52.77.24.187\/#website\"},\"primaryImageOfPage\":{\"@id\":\"http:\/\/52.77.24.187\/vi\/san-pham\/hod-cherry-pie-pastry-ipa\/#primaryimage\"},\"image\":{\"@id\":\"http:\/\/52.77.24.187\/vi\/san-pham\/hod-cherry-pie-pastry-ipa\/#primaryimage\"},\"thumbnailUrl\":\"https:\/\/mlsrfcxkkbzg.i.optimole.com\/cb:JbP2.215d7\/w:auto\/h:auto\/q:mauto\/ig:avif\/https:\/\/thebottleshop.vn\/wp-content\/uploads\/2023\/06\/Heart-of-Darkness-Charmed-Life-Cherry-Pie-Pastry-IPA.png\",\"datePublished\":\"2023-06-30T06:57:37+00:00\",\"dateModified\":\"2024-04-16T01:19:08+00:00\",\"description\":\"Charmed Life Cherry Pie Pastry IPA. H\u01b0\u01a1ng gia v\u1ecb d\u1ecbu nh\u1eb9 ho\u00e0 c\u00f9ng tr\u00e1i c\u00e2y tr\u00ean n\u1ec1n v\u1ecb b\u00e1nh m\u00ec th\u01a1m b\u00e9o. Ch\u1ea5t kem s\u00e1nh \u0111\u1ecdng v\u00e0 th\u01a1m ng\u1ecdt theo sau b\u1edfi h\u1eadu v\u1ecb chua t\u1eeb qu\u1ea3 anh \u0111\u00e0o.\",\"breadcrumb\":{\"@id\":\"http:\/\/52.77.24.187\/vi\/san-pham\/hod-cherry-pie-pastry-ipa\/#breadcrumb\"},\"inLanguage\":\"vi-VN\",\"potentialAction\":[{\"@type\":\"ReadAction\",\"target\":[\"http:\/\/52.77.24.187\/vi\/san-pham\/hod-cherry-pie-pastry-ipa\/\"]}]},{\"@type\":\"ImageObject\",\"inLanguage\":\"vi-VN\",\"@id\":\"http:\/\/52.77.24.187\/vi\/san-pham\/hod-cherry-pie-pastry-ipa\/#primaryimage\",\"url\":\"https:\/\/mlsrfcxkkbzg.i.optimole.com\/cb:JbP2.215d7\/w:auto\/h:auto\/q:mauto\/ig:avif\/https:\/\/thebottleshop.vn\/wp-content\/uploads\/2023\/06\/Heart-of-Darkness-Charmed-Life-Cherry-Pie-Pastry-IPA.png\",\"contentUrl\":\"https:\/\/mlsrfcxkkbzg.i.optimole.com\/cb:JbP2.215d7\/w:auto\/h:auto\/q:mauto\/ig:avif\/https:\/\/thebottleshop.vn\/wp-content\/uploads\/2023\/06\/Heart-of-Darkness-Charmed-Life-Cherry-Pie-Pastry-IPA.png\",\"width\":1080,\"height\":1080,\"caption\":\"Heart of Darkness Charmed Life Cherry Pie Pastry IPA\"},{\"@type\":\"BreadcrumbList\",\"@id\":\"http:\/\/52.77.24.187\/vi\/san-pham\/hod-cherry-pie-pastry-ipa\/#breadcrumb\",\"itemListElement\":[{\"@type\":\"ListItem\",\"position\":1,\"name\":\"Home\",\"item\":\"http:\/\/52.77.24.187\/vi\/test-popup-vi\/\"},{\"@type\":\"ListItem\",\"position\":2,\"name\":\"C\u1eeda h\u00e0ng\",\"item\":\"http:\/\/52.77.24.187\/vi\/cua-hang\/\"},{\"@type\":\"ListItem\",\"position\":3,\"name\":\"Heart of Darkness Cherry Pie Pastry IPA\"}]},{\"@type\":\"WebSite\",\"@id\":\"http:\/\/52.77.24.187\/#website\",\"url\":\"http:\/\/52.77.24.187\/\",\"name\":\"The Bottle Shop\",\"description\":\"All beers are not created equal\",\"publisher\":{\"@id\":\"http:\/\/52.77.24.187\/#organization\"},\"potentialAction\":[{\"@type\":\"SearchAction\",\"target\":{\"@type\":\"EntryPoint\",\"urlTemplate\":\"http:\/\/52.77.24.187\/?s={search_term_string}\"},\"query-input\":{\"@type\":\"PropertyValueSpecification\",\"valueRequired\":true,\"valueName\":\"search_term_string\"}}],\"inLanguage\":\"vi-VN\"},{\"@type\":\"Organization\",\"@id\":\"http:\/\/52.77.24.187\/#organization\",\"name\":\"The Bottle Shop\",\"url\":\"http:\/\/52.77.24.187\/\",\"logo\":{\"@type\":\"ImageObject\",\"inLanguage\":\"vi-VN\",\"@id\":\"http:\/\/52.77.24.187\/#\/schema\/logo\/image\/\",\"url\":\"https:\/\/mlsrfcxkkbzg.i.optimole.com\/cb:JbP2.215d7\/w:auto\/h:auto\/q:mauto\/ig:avif\/https:\/\/thebottleshop.vn\/wp-content\/uploads\/2022\/10\/The-Bottle-Shop-Online-Logo.png\",\"contentUrl\":\"https:\/\/mlsrfcxkkbzg.i.optimole.com\/cb:JbP2.215d7\/w:auto\/h:auto\/q:mauto\/ig:avif\/https:\/\/thebottleshop.vn\/wp-content\/uploads\/2022\/10\/The-Bottle-Shop-Online-Logo.png\",\"width\":145,\"height\":147,\"caption\":\"The Bottle Shop\"},\"image\":{\"@id\":\"http:\/\/52.77.24.187\/#\/schema\/logo\/image\/\"},\"sameAs\":[\"https:\/\/www.facebook.com\/thebottleshopvietnam\",\"https:\/\/www.instagram.com\/thebottleshop_vietnam\/\"]}]}<\/script>\n<!-- \/ Yoast SEO plugin. -->","yoast_head_json":{"title":"Heart of Darkness Cherry Pie Pastry IPA - The Bottle Shop","description":"Charmed Life Cherry Pie Pastry IPA. H\u01b0\u01a1ng gia v\u1ecb d\u1ecbu nh\u1eb9 ho\u00e0 c\u00f9ng tr\u00e1i c\u00e2y tr\u00ean n\u1ec1n v\u1ecb b\u00e1nh m\u00ec th\u01a1m b\u00e9o. Ch\u1ea5t kem s\u00e1nh \u0111\u1ecdng v\u00e0 th\u01a1m ng\u1ecdt theo sau b\u1edfi h\u1eadu v\u1ecb chua t\u1eeb qu\u1ea3 anh \u0111\u00e0o.","robots":{"index":"index","follow":"follow","max-snippet":"max-snippet:-1","max-image-preview":"max-image-preview:large","max-video-preview":"max-video-preview:-1"},"canonical":"http:\/\/52.77.24.187\/vi\/san-pham\/hod-cherry-pie-pastry-ipa\/","og_locale":"vi_VN","og_type":"article","og_title":"Heart of Darkness Cherry Pie Pastry IPA - The Bottle Shop","og_description":"Charmed Life Cherry Pie Pastry IPA. H\u01b0\u01a1ng gia v\u1ecb d\u1ecbu nh\u1eb9 ho\u00e0 c\u00f9ng tr\u00e1i c\u00e2y tr\u00ean n\u1ec1n v\u1ecb b\u00e1nh m\u00ec th\u01a1m b\u00e9o. Ch\u1ea5t kem s\u00e1nh \u0111\u1ecdng v\u00e0 th\u01a1m ng\u1ecdt theo sau b\u1edfi h\u1eadu v\u1ecb chua t\u1eeb qu\u1ea3 anh \u0111\u00e0o.","og_url":"http:\/\/52.77.24.187\/vi\/san-pham\/hod-cherry-pie-pastry-ipa\/","og_site_name":"The Bottle Shop","article_publisher":"https:\/\/www.facebook.com\/thebottleshopvietnam","article_modified_time":"2024-04-16T01:19:08+00:00","og_image":[{"width":1080,"height":1080,"url":"https:\/\/mlsrfcxkkbzg.i.optimole.com\/cb:JbP2.215d7\/w:auto\/h:auto\/q:mauto\/ig:avif\/http:\/\/52.77.24.187\/wp-content\/uploads\/2023\/06\/Heart-of-Darkness-Charmed-Life-Cherry-Pie-Pastry-IPA.png","type":"image\/png"}],"twitter_card":"summary_large_image","twitter_misc":{"Est. reading time":"1 minute"},"schema":{"@context":"https:\/\/schema.org","@graph":[{"@type":"WebPage","@id":"http:\/\/52.77.24.187\/vi\/san-pham\/hod-cherry-pie-pastry-ipa\/","url":"http:\/\/52.77.24.187\/vi\/san-pham\/hod-cherry-pie-pastry-ipa\/","name":"Heart of Darkness Cherry Pie Pastry IPA - The Bottle Shop","isPartOf":{"@id":"http:\/\/52.77.24.187\/#website"},"primaryImageOfPage":{"@id":"http:\/\/52.77.24.187\/vi\/san-pham\/hod-cherry-pie-pastry-ipa\/#primaryimage"},"image":{"@id":"http:\/\/52.77.24.187\/vi\/san-pham\/hod-cherry-pie-pastry-ipa\/#primaryimage"},"thumbnailUrl":"https:\/\/mlsrfcxkkbzg.i.optimole.com\/cb:JbP2.215d7\/w:auto\/h:auto\/q:mauto\/ig:avif\/https:\/\/thebottleshop.vn\/wp-content\/uploads\/2023\/06\/Heart-of-Darkness-Charmed-Life-Cherry-Pie-Pastry-IPA.png","datePublished":"2023-06-30T06:57:37+00:00","dateModified":"2024-04-16T01:19:08+00:00","description":"Charmed Life Cherry Pie Pastry IPA. H\u01b0\u01a1ng gia v\u1ecb d\u1ecbu nh\u1eb9 ho\u00e0 c\u00f9ng tr\u00e1i c\u00e2y tr\u00ean n\u1ec1n v\u1ecb b\u00e1nh m\u00ec th\u01a1m b\u00e9o. Ch\u1ea5t kem s\u00e1nh \u0111\u1ecdng v\u00e0 th\u01a1m ng\u1ecdt theo sau b\u1edfi h\u1eadu v\u1ecb chua t\u1eeb qu\u1ea3 anh \u0111\u00e0o.","breadcrumb":{"@id":"http:\/\/52.77.24.187\/vi\/san-pham\/hod-cherry-pie-pastry-ipa\/#breadcrumb"},"inLanguage":"vi-VN","potentialAction":[{"@type":"ReadAction","target":["http:\/\/52.77.24.187\/vi\/san-pham\/hod-cherry-pie-pastry-ipa\/"]}]},{"@type":"ImageObject","inLanguage":"vi-VN","@id":"http:\/\/52.77.24.187\/vi\/san-pham\/hod-cherry-pie-pastry-ipa\/#primaryimage","url":"https:\/\/mlsrfcxkkbzg.i.optimole.com\/cb:JbP2.215d7\/w:auto\/h:auto\/q:mauto\/ig:avif\/https:\/\/thebottleshop.vn\/wp-content\/uploads\/2023\/06\/Heart-of-Darkness-Charmed-Life-Cherry-Pie-Pastry-IPA.png","contentUrl":"https:\/\/mlsrfcxkkbzg.i.optimole.com\/cb:JbP2.215d7\/w:auto\/h:auto\/q:mauto\/ig:avif\/https:\/\/thebottleshop.vn\/wp-content\/uploads\/2023\/06\/Heart-of-Darkness-Charmed-Life-Cherry-Pie-Pastry-IPA.png","width":1080,"height":1080,"caption":"Heart of Darkness Charmed Life Cherry Pie Pastry IPA"},{"@type":"BreadcrumbList","@id":"http:\/\/52.77.24.187\/vi\/san-pham\/hod-cherry-pie-pastry-ipa\/#breadcrumb","itemListElement":[{"@type":"ListItem","position":1,"name":"Home","item":"http:\/\/52.77.24.187\/vi\/test-popup-vi\/"},{"@type":"ListItem","position":2,"name":"C\u1eeda h\u00e0ng","item":"http:\/\/52.77.24.187\/vi\/cua-hang\/"},{"@type":"ListItem","position":3,"name":"Heart of Darkness Cherry Pie Pastry IPA"}]},{"@type":"WebSite","@id":"http:\/\/52.77.24.187\/#website","url":"http:\/\/52.77.24.187\/","name":"The Bottle Shop","description":"All beers are not created equal","publisher":{"@id":"http:\/\/52.77.24.187\/#organization"},"potentialAction":[{"@type":"SearchAction","target":{"@type":"EntryPoint","urlTemplate":"http:\/\/52.77.24.187\/?s={search_term_string}"},"query-input":{"@type":"PropertyValueSpecification","valueRequired":true,"valueName":"search_term_string"}}],"inLanguage":"vi-VN"},{"@type":"Organization","@id":"http:\/\/52.77.24.187\/#organization","name":"The Bottle Shop","url":"http:\/\/52.77.24.187\/","logo":{"@type":"ImageObject","inLanguage":"vi-VN","@id":"http:\/\/52.77.24.187\/#\/schema\/logo\/image\/","url":"https:\/\/mlsrfcxkkbzg.i.optimole.com\/cb:JbP2.215d7\/w:auto\/h:auto\/q:mauto\/ig:avif\/https:\/\/thebottleshop.vn\/wp-content\/uploads\/2022\/10\/The-Bottle-Shop-Online-Logo.png","contentUrl":"https:\/\/mlsrfcxkkbzg.i.optimole.com\/cb:JbP2.215d7\/w:auto\/h:auto\/q:mauto\/ig:avif\/https:\/\/thebottleshop.vn\/wp-content\/uploads\/2022\/10\/The-Bottle-Shop-Online-Logo.png","width":145,"height":147,"caption":"The Bottle Shop"},"image":{"@id":"http:\/\/52.77.24.187\/#\/schema\/logo\/image\/"},"sameAs":["https:\/\/www.facebook.com\/thebottleshopvietnam","https:\/\/www.instagram.com\/thebottleshop_vietnam\/"]}]}},"_links":{"self":[{"href":"https:\/\/thebottleshop.vn\/vi\/wp-json\/wp\/v2\/product\/17887","targetHints":{"allow":["GET"]}}],"collection":[{"href":"https:\/\/thebottleshop.vn\/vi\/wp-json\/wp\/v2\/product"}],"about":[{"href":"https:\/\/thebottleshop.vn\/vi\/wp-json\/wp\/v2\/types\/product"}],"replies":[{"embeddable":true,"href":"https:\/\/thebottleshop.vn\/vi\/wp-json\/wp\/v2\/comments?post=17887"}],"wp:featuredmedia":[{"embeddable":true,"href":"https:\/\/thebottleshop.vn\/vi\/wp-json\/wp\/v2\/media\/17896"}],"wp:attachment":[{"href":"https:\/\/thebottleshop.vn\/vi\/wp-json\/wp\/v2\/media?parent=17887"}],"wp:term":[{"taxonomy":"product_brand","embeddable":true,"href":"https:\/\/thebottleshop.vn\/vi\/wp-json\/wp\/v2\/product_brand?post=17887"},{"taxonomy":"product_cat","embeddable":true,"href":"https:\/\/thebottleshop.vn\/vi\/wp-json\/wp\/v2\/product_cat?post=17887"},{"taxonomy":"product_tag","embeddable":true,"href":"https:\/\/thebottleshop.vn\/vi\/wp-json\/wp\/v2\/product_tag?post=17887"}],"curies":[{"name":"wp","href":"https:\/\/api.w.org\/{rel}","templated":true}]}}