{"id":17923,"date":"2023-07-18T08:42:51","date_gmt":"2023-07-18T01:42:51","guid":{"rendered":"https:\/\/thebottleshop.vn\/product\/mua-sake-vi-co-dien\/"},"modified":"2023-07-18T09:28:07","modified_gmt":"2023-07-18T02:28:07","slug":"mua-classic-sake","status":"publish","type":"product","link":"https:\/\/thebottleshop.vn\/vi\/san-pham\/mua-classic-sake\/","title":{"rendered":"M\u00f9a Sake C\u1ed5 \u0110i\u1ec3n"},"content":{"rendered":"<p>M\u00f9a Sake C\u1ed5 \u0110i\u1ec3n l\u00e0 lo\u1ea1i r\u01b0\u1ee3u sake c\u00f3 v\u1ebb \u0111\u1eb9p nguy\u00ean b\u1ea3n, m\u1ea1nh m\u1ebd, c\u00f3 v\u1ecb ng\u1ecdt thanh c\u00e2n b\u1eb1ng v\u1edbi \u0111\u1ed9 chua r\u00f5 n\u00e9t xen k\u1ebd. Nh\u1eefng c\u1ea3m v\u1ecb l\u1ea7n l\u01b0\u1ee3t l\u00e0 v\u1ea3i, l\u00ea v\u00e0 t\u00e1o. Ti\u1ebfp theo l\u00e0 m\u00f9i th\u01a1m c\u1ee7a nho tr\u1eafng, s\u1eefa chua v\u00e0 m\u00e3ng c\u1ea7u xi\u00eam s\u1ebd d\u00ecu d\u1eaft b\u1ea1n \u0111i qua m\u1ed9t l\u00e0n s\u00f3ng v\u1ecb gi\u00e1c tuy\u1ec7t h\u1ea3o r\u1ed3i k\u1ebft th\u00fac v\u1edbi m\u1ed9t ch\u00fat v\u1ecb b\u00e9o \u0111\u1ed9c \u0111\u00e1o.<\/p>\n<p>\u2014\u2013<br \/>\nXem th\u01b0 vi\u1ec7n h\u00ecnh \u1ea3nh \u0111\u1ec3 bi\u1ebft th\u00eam th\u00f4ng tin chi ti\u1ebft v\u1ec1 ngu\u1ed3n g\u1ed1c, th\u00e0nh ph\u1ea7n v\u00e0 h\u01b0\u1edbng d\u1eabn s\u1eed d\u1ee5ng c\u1ee7a s\u1ea3n ph\u1ea9m.<\/p>\n","protected":false},"excerpt":{"rendered":"<p><strong>Umami, Thanh m\u00e1t, Ng\u1ecdt ng\u00e0o 14%<\/strong><\/p>\n","protected":false},"featured_media":17963,"comment_status":"open","ping_status":"closed","template":"","meta":{"_acf_changed":false},"product_brand":[],"product_cat":[391,338,349,373,342,345,490,339,341,352,616,618,364,371],"product_tag":[],"class_list":{"0":"post-17923","1":"product","2":"type-product","3":"status-publish","4":"has-post-thumbnail","6":"product_cat-vietnam-danang","7":"product_cat-ruou-va-ruou-vang","8":"product_cat-1-0-2-5","9":"product_cat-200k-499k","10":"product_cat-chai-330-ml","11":"product_cat-abv-vi","12":"product_cat-sa-ke","13":"product_cat-xuat-xu","14":"product_cat-dong-goi","15":"product_cat-gia","16":"product_cat-mua-craft-sake-vi","17":"product_cat-chai-720ml","18":"product_cat-dong-ruou","19":"product_cat-nha-san-xuat-ruou","20":"pa_pack_type-300ml","21":"pa_pack_type-720ml","23":"first","24":"instock","25":"shipping-taxable","26":"purchasable","27":"product-type-variable","28":"add-to-wishlist-before_image"},"acf":[],"yoast_head":"<!-- This site is optimized with the Yoast SEO plugin v27.2 - https:\/\/yoast.com\/product\/yoast-seo-wordpress\/ -->\n<title>M\u00f9a Sake C\u1ed5 \u0110i\u1ec3n - The Bottle Shop<\/title>\n<meta name=\"description\" content=\"M\u00f9a Sake C\u1ed5 \u0110i\u1ec3n l\u00e0 lo\u1ea1i r\u01b0\u1ee3u sake c\u00f3 v\u1ebb \u0111\u1eb9p nguy\u00ean b\u1ea3n, m\u1ea1nh m\u1ebd, c\u00f3 v\u1ecb ng\u1ecdt thanh c\u00e2n b\u1eb1ng v\u1edbi \u0111\u1ed9 chua r\u00f5 n\u00e9t xen k\u1ebd.\" \/>\n<meta name=\"robots\" content=\"index, follow, max-snippet:-1, max-image-preview:large, max-video-preview:-1\" \/>\n<link rel=\"canonical\" href=\"https:\/\/thebottleshop.vn\/vi\/san-pham\/mua-classic-sake\/\" \/>\n<meta property=\"og:locale\" content=\"vi_VN\" \/>\n<meta property=\"og:type\" content=\"article\" \/>\n<meta property=\"og:title\" content=\"M\u00f9a Sake C\u1ed5 \u0110i\u1ec3n - The Bottle Shop\" \/>\n<meta property=\"og:description\" content=\"M\u00f9a Sake C\u1ed5 \u0110i\u1ec3n l\u00e0 lo\u1ea1i r\u01b0\u1ee3u sake c\u00f3 v\u1ebb \u0111\u1eb9p nguy\u00ean b\u1ea3n, m\u1ea1nh m\u1ebd, c\u00f3 v\u1ecb ng\u1ecdt thanh c\u00e2n b\u1eb1ng v\u1edbi \u0111\u1ed9 chua r\u00f5 n\u00e9t xen k\u1ebd.\" \/>\n<meta property=\"og:url\" content=\"https:\/\/thebottleshop.vn\/vi\/san-pham\/mua-classic-sake\/\" \/>\n<meta property=\"og:site_name\" content=\"The Bottle Shop\" \/>\n<meta property=\"article:publisher\" content=\"https:\/\/www.facebook.com\/thebottleshopvietnam\" \/>\n<meta property=\"article:modified_time\" content=\"2023-07-18T02:28:07+00:00\" \/>\n<meta property=\"og:image\" content=\"https:\/\/mlsrfcxkkbzg.i.optimole.com\/cb:JbP2.215d7\/w:auto\/h:auto\/q:mauto\/ig:avif\/https:\/\/thebottleshop.vn\/wp-content\/uploads\/2023\/07\/Mua-Craft-Sake-Classic.png\" \/>\n\t<meta property=\"og:image:width\" content=\"1080\" \/>\n\t<meta property=\"og:image:height\" content=\"1080\" \/>\n\t<meta property=\"og:image:type\" content=\"image\/png\" \/>\n<meta name=\"twitter:card\" content=\"summary_large_image\" \/>\n<meta name=\"twitter:label1\" content=\"Est. reading time\" \/>\n\t<meta name=\"twitter:data1\" content=\"1 minute\" \/>\n<script type=\"application\/ld+json\" class=\"yoast-schema-graph\">{\"@context\":\"https:\/\/schema.org\",\"@graph\":[{\"@type\":\"WebPage\",\"@id\":\"https:\/\/thebottleshop.vn\/vi\/san-pham\/mua-classic-sake\/\",\"url\":\"https:\/\/thebottleshop.vn\/vi\/san-pham\/mua-classic-sake\/\",\"name\":\"M\u00f9a Sake C\u1ed5 \u0110i\u1ec3n - The Bottle Shop\",\"isPartOf\":{\"@id\":\"http:\/\/52.77.24.187\/#website\"},\"primaryImageOfPage\":{\"@id\":\"https:\/\/thebottleshop.vn\/vi\/san-pham\/mua-classic-sake\/#primaryimage\"},\"image\":{\"@id\":\"https:\/\/thebottleshop.vn\/vi\/san-pham\/mua-classic-sake\/#primaryimage\"},\"thumbnailUrl\":\"https:\/\/mlsrfcxkkbzg.i.optimole.com\/cb:JbP2.215d7\/w:auto\/h:auto\/q:mauto\/ig:avif\/https:\/\/thebottleshop.vn\/wp-content\/uploads\/2023\/07\/Mua-Craft-Sake-Classic.png\",\"datePublished\":\"2023-07-18T01:42:51+00:00\",\"dateModified\":\"2023-07-18T02:28:07+00:00\",\"description\":\"M\u00f9a Sake C\u1ed5 \u0110i\u1ec3n l\u00e0 lo\u1ea1i r\u01b0\u1ee3u sake c\u00f3 v\u1ebb \u0111\u1eb9p nguy\u00ean b\u1ea3n, m\u1ea1nh m\u1ebd, c\u00f3 v\u1ecb ng\u1ecdt thanh c\u00e2n b\u1eb1ng v\u1edbi \u0111\u1ed9 chua r\u00f5 n\u00e9t xen k\u1ebd.\",\"breadcrumb\":{\"@id\":\"https:\/\/thebottleshop.vn\/vi\/san-pham\/mua-classic-sake\/#breadcrumb\"},\"inLanguage\":\"vi-VN\",\"potentialAction\":[{\"@type\":\"ReadAction\",\"target\":[\"https:\/\/thebottleshop.vn\/vi\/san-pham\/mua-classic-sake\/\"]}]},{\"@type\":\"ImageObject\",\"inLanguage\":\"vi-VN\",\"@id\":\"https:\/\/thebottleshop.vn\/vi\/san-pham\/mua-classic-sake\/#primaryimage\",\"url\":\"https:\/\/mlsrfcxkkbzg.i.optimole.com\/cb:JbP2.215d7\/w:auto\/h:auto\/q:mauto\/ig:avif\/https:\/\/thebottleshop.vn\/wp-content\/uploads\/2023\/07\/Mua-Craft-Sake-Classic.png\",\"contentUrl\":\"https:\/\/mlsrfcxkkbzg.i.optimole.com\/cb:JbP2.215d7\/w:auto\/h:auto\/q:mauto\/ig:avif\/https:\/\/thebottleshop.vn\/wp-content\/uploads\/2023\/07\/Mua-Craft-Sake-Classic.png\",\"width\":1080,\"height\":1080,\"caption\":\"M\u00f9a Craft Sake Classic\"},{\"@type\":\"BreadcrumbList\",\"@id\":\"https:\/\/thebottleshop.vn\/vi\/san-pham\/mua-classic-sake\/#breadcrumb\",\"itemListElement\":[{\"@type\":\"ListItem\",\"position\":1,\"name\":\"Home\",\"item\":\"http:\/\/52.77.24.187\/vi\/test-popup-vi\/\"},{\"@type\":\"ListItem\",\"position\":2,\"name\":\"C\u1eeda h\u00e0ng\",\"item\":\"http:\/\/52.77.24.187\/vi\/cua-hang\/\"},{\"@type\":\"ListItem\",\"position\":3,\"name\":\"M\u00f9a Sake C\u1ed5 \u0110i\u1ec3n\"}]},{\"@type\":\"WebSite\",\"@id\":\"http:\/\/52.77.24.187\/#website\",\"url\":\"http:\/\/52.77.24.187\/\",\"name\":\"The Bottle Shop\",\"description\":\"All beers are not created equal\",\"publisher\":{\"@id\":\"http:\/\/52.77.24.187\/#organization\"},\"potentialAction\":[{\"@type\":\"SearchAction\",\"target\":{\"@type\":\"EntryPoint\",\"urlTemplate\":\"http:\/\/52.77.24.187\/?s={search_term_string}\"},\"query-input\":{\"@type\":\"PropertyValueSpecification\",\"valueRequired\":true,\"valueName\":\"search_term_string\"}}],\"inLanguage\":\"vi-VN\"},{\"@type\":\"Organization\",\"@id\":\"http:\/\/52.77.24.187\/#organization\",\"name\":\"The Bottle Shop\",\"url\":\"http:\/\/52.77.24.187\/\",\"logo\":{\"@type\":\"ImageObject\",\"inLanguage\":\"vi-VN\",\"@id\":\"http:\/\/52.77.24.187\/#\/schema\/logo\/image\/\",\"url\":\"https:\/\/mlsrfcxkkbzg.i.optimole.com\/cb:JbP2.215d7\/w:auto\/h:auto\/q:mauto\/ig:avif\/https:\/\/thebottleshop.vn\/wp-content\/uploads\/2022\/10\/The-Bottle-Shop-Online-Logo.png\",\"contentUrl\":\"https:\/\/mlsrfcxkkbzg.i.optimole.com\/cb:JbP2.215d7\/w:auto\/h:auto\/q:mauto\/ig:avif\/https:\/\/thebottleshop.vn\/wp-content\/uploads\/2022\/10\/The-Bottle-Shop-Online-Logo.png\",\"width\":145,\"height\":147,\"caption\":\"The Bottle Shop\"},\"image\":{\"@id\":\"http:\/\/52.77.24.187\/#\/schema\/logo\/image\/\"},\"sameAs\":[\"https:\/\/www.facebook.com\/thebottleshopvietnam\",\"https:\/\/www.instagram.com\/thebottleshop_vietnam\/\"]}]}<\/script>\n<!-- \/ Yoast SEO plugin. -->","yoast_head_json":{"title":"M\u00f9a Sake C\u1ed5 \u0110i\u1ec3n - The Bottle Shop","description":"M\u00f9a Sake C\u1ed5 \u0110i\u1ec3n l\u00e0 lo\u1ea1i r\u01b0\u1ee3u sake c\u00f3 v\u1ebb \u0111\u1eb9p nguy\u00ean b\u1ea3n, m\u1ea1nh m\u1ebd, c\u00f3 v\u1ecb ng\u1ecdt thanh c\u00e2n b\u1eb1ng v\u1edbi \u0111\u1ed9 chua r\u00f5 n\u00e9t xen k\u1ebd.","robots":{"index":"index","follow":"follow","max-snippet":"max-snippet:-1","max-image-preview":"max-image-preview:large","max-video-preview":"max-video-preview:-1"},"canonical":"https:\/\/thebottleshop.vn\/vi\/san-pham\/mua-classic-sake\/","og_locale":"vi_VN","og_type":"article","og_title":"M\u00f9a Sake C\u1ed5 \u0110i\u1ec3n - The Bottle Shop","og_description":"M\u00f9a Sake C\u1ed5 \u0110i\u1ec3n l\u00e0 lo\u1ea1i r\u01b0\u1ee3u sake c\u00f3 v\u1ebb \u0111\u1eb9p nguy\u00ean b\u1ea3n, m\u1ea1nh m\u1ebd, c\u00f3 v\u1ecb ng\u1ecdt thanh c\u00e2n b\u1eb1ng v\u1edbi \u0111\u1ed9 chua r\u00f5 n\u00e9t xen k\u1ebd.","og_url":"https:\/\/thebottleshop.vn\/vi\/san-pham\/mua-classic-sake\/","og_site_name":"The Bottle Shop","article_publisher":"https:\/\/www.facebook.com\/thebottleshopvietnam","article_modified_time":"2023-07-18T02:28:07+00:00","og_image":[{"width":1080,"height":1080,"url":"https:\/\/mlsrfcxkkbzg.i.optimole.com\/cb:JbP2.215d7\/w:auto\/h:auto\/q:mauto\/ig:avif\/https:\/\/thebottleshop.vn\/wp-content\/uploads\/2023\/07\/Mua-Craft-Sake-Classic.png","type":"image\/png"}],"twitter_card":"summary_large_image","twitter_misc":{"Est. reading time":"1 minute"},"schema":{"@context":"https:\/\/schema.org","@graph":[{"@type":"WebPage","@id":"https:\/\/thebottleshop.vn\/vi\/san-pham\/mua-classic-sake\/","url":"https:\/\/thebottleshop.vn\/vi\/san-pham\/mua-classic-sake\/","name":"M\u00f9a Sake C\u1ed5 \u0110i\u1ec3n - The Bottle Shop","isPartOf":{"@id":"http:\/\/52.77.24.187\/#website"},"primaryImageOfPage":{"@id":"https:\/\/thebottleshop.vn\/vi\/san-pham\/mua-classic-sake\/#primaryimage"},"image":{"@id":"https:\/\/thebottleshop.vn\/vi\/san-pham\/mua-classic-sake\/#primaryimage"},"thumbnailUrl":"https:\/\/mlsrfcxkkbzg.i.optimole.com\/cb:JbP2.215d7\/w:auto\/h:auto\/q:mauto\/ig:avif\/https:\/\/thebottleshop.vn\/wp-content\/uploads\/2023\/07\/Mua-Craft-Sake-Classic.png","datePublished":"2023-07-18T01:42:51+00:00","dateModified":"2023-07-18T02:28:07+00:00","description":"M\u00f9a Sake C\u1ed5 \u0110i\u1ec3n l\u00e0 lo\u1ea1i r\u01b0\u1ee3u sake c\u00f3 v\u1ebb \u0111\u1eb9p nguy\u00ean b\u1ea3n, m\u1ea1nh m\u1ebd, c\u00f3 v\u1ecb ng\u1ecdt thanh c\u00e2n b\u1eb1ng v\u1edbi \u0111\u1ed9 chua r\u00f5 n\u00e9t xen k\u1ebd.","breadcrumb":{"@id":"https:\/\/thebottleshop.vn\/vi\/san-pham\/mua-classic-sake\/#breadcrumb"},"inLanguage":"vi-VN","potentialAction":[{"@type":"ReadAction","target":["https:\/\/thebottleshop.vn\/vi\/san-pham\/mua-classic-sake\/"]}]},{"@type":"ImageObject","inLanguage":"vi-VN","@id":"https:\/\/thebottleshop.vn\/vi\/san-pham\/mua-classic-sake\/#primaryimage","url":"https:\/\/mlsrfcxkkbzg.i.optimole.com\/cb:JbP2.215d7\/w:auto\/h:auto\/q:mauto\/ig:avif\/https:\/\/thebottleshop.vn\/wp-content\/uploads\/2023\/07\/Mua-Craft-Sake-Classic.png","contentUrl":"https:\/\/mlsrfcxkkbzg.i.optimole.com\/cb:JbP2.215d7\/w:auto\/h:auto\/q:mauto\/ig:avif\/https:\/\/thebottleshop.vn\/wp-content\/uploads\/2023\/07\/Mua-Craft-Sake-Classic.png","width":1080,"height":1080,"caption":"M\u00f9a Craft Sake Classic"},{"@type":"BreadcrumbList","@id":"https:\/\/thebottleshop.vn\/vi\/san-pham\/mua-classic-sake\/#breadcrumb","itemListElement":[{"@type":"ListItem","position":1,"name":"Home","item":"http:\/\/52.77.24.187\/vi\/test-popup-vi\/"},{"@type":"ListItem","position":2,"name":"C\u1eeda h\u00e0ng","item":"http:\/\/52.77.24.187\/vi\/cua-hang\/"},{"@type":"ListItem","position":3,"name":"M\u00f9a Sake C\u1ed5 \u0110i\u1ec3n"}]},{"@type":"WebSite","@id":"http:\/\/52.77.24.187\/#website","url":"http:\/\/52.77.24.187\/","name":"The Bottle Shop","description":"All beers are not created equal","publisher":{"@id":"http:\/\/52.77.24.187\/#organization"},"potentialAction":[{"@type":"SearchAction","target":{"@type":"EntryPoint","urlTemplate":"http:\/\/52.77.24.187\/?s={search_term_string}"},"query-input":{"@type":"PropertyValueSpecification","valueRequired":true,"valueName":"search_term_string"}}],"inLanguage":"vi-VN"},{"@type":"Organization","@id":"http:\/\/52.77.24.187\/#organization","name":"The Bottle Shop","url":"http:\/\/52.77.24.187\/","logo":{"@type":"ImageObject","inLanguage":"vi-VN","@id":"http:\/\/52.77.24.187\/#\/schema\/logo\/image\/","url":"https:\/\/mlsrfcxkkbzg.i.optimole.com\/cb:JbP2.215d7\/w:auto\/h:auto\/q:mauto\/ig:avif\/https:\/\/thebottleshop.vn\/wp-content\/uploads\/2022\/10\/The-Bottle-Shop-Online-Logo.png","contentUrl":"https:\/\/mlsrfcxkkbzg.i.optimole.com\/cb:JbP2.215d7\/w:auto\/h:auto\/q:mauto\/ig:avif\/https:\/\/thebottleshop.vn\/wp-content\/uploads\/2022\/10\/The-Bottle-Shop-Online-Logo.png","width":145,"height":147,"caption":"The Bottle Shop"},"image":{"@id":"http:\/\/52.77.24.187\/#\/schema\/logo\/image\/"},"sameAs":["https:\/\/www.facebook.com\/thebottleshopvietnam","https:\/\/www.instagram.com\/thebottleshop_vietnam\/"]}]}},"_links":{"self":[{"href":"https:\/\/thebottleshop.vn\/vi\/wp-json\/wp\/v2\/product\/17923","targetHints":{"allow":["GET"]}}],"collection":[{"href":"https:\/\/thebottleshop.vn\/vi\/wp-json\/wp\/v2\/product"}],"about":[{"href":"https:\/\/thebottleshop.vn\/vi\/wp-json\/wp\/v2\/types\/product"}],"replies":[{"embeddable":true,"href":"https:\/\/thebottleshop.vn\/vi\/wp-json\/wp\/v2\/comments?post=17923"}],"wp:featuredmedia":[{"embeddable":true,"href":"https:\/\/thebottleshop.vn\/vi\/wp-json\/wp\/v2\/media\/17963"}],"wp:attachment":[{"href":"https:\/\/thebottleshop.vn\/vi\/wp-json\/wp\/v2\/media?parent=17923"}],"wp:term":[{"taxonomy":"product_brand","embeddable":true,"href":"https:\/\/thebottleshop.vn\/vi\/wp-json\/wp\/v2\/product_brand?post=17923"},{"taxonomy":"product_cat","embeddable":true,"href":"https:\/\/thebottleshop.vn\/vi\/wp-json\/wp\/v2\/product_cat?post=17923"},{"taxonomy":"product_tag","embeddable":true,"href":"https:\/\/thebottleshop.vn\/vi\/wp-json\/wp\/v2\/product_tag?post=17923"}],"curies":[{"name":"wp","href":"https:\/\/api.w.org\/{rel}","templated":true}]}}