{"id":17927,"date":"2023-07-18T09:19:55","date_gmt":"2023-07-18T02:19:55","guid":{"rendered":"https:\/\/thebottleshop.vn\/product\/mua-sake-vi-dua-mat-ot\/"},"modified":"2023-07-18T09:32:15","modified_gmt":"2023-07-18T02:32:15","slug":"mua-pineapple-chili-sake","status":"publish","type":"product","link":"https:\/\/thebottleshop.vn\/vi\/san-pham\/mua-pineapple-chili-sake\/","title":{"rendered":"M\u00f9a Sake D\u1ee9a M\u1eadt &amp; \u1edat"},"content":{"rendered":"<p>M\u00f9a Sake D\u1ee9a M\u1eadt &amp; \u1edat c\u00f3 c\u1ea3m gi\u00e1c b\u1eebng t\u1ec9nh, t\u01b0\u01a1i s\u00e1ng. V\u1ecb ng\u1ecdt d\u1ecbu m\u00e1t c\u1ee7a d\u1ee9a m\u1eadt \u1edf c\u1ea3m v\u1ecb \u0111\u1ea7u ti\u00ean \u0111an xen n\u1ed1t h\u01b0\u01a1ng hoa c\u1ee7a hibiscus t\u1ea1o n\u00ean l\u00e0n s\u00f3ng v\u1ecb gi\u00e1c tuy\u1ec7t v\u1eddi r\u1ed3i k\u1ebft th\u00fac b\u1eb1ng m\u1ed9t ch\u00fat d\u01b0 v\u1ecb cay nh\u1eb9 c\u1ee7a \u1edbt.<\/p>\n<p>\u2014\u2013<br \/>\nXem th\u01b0 vi\u1ec7n h\u00ecnh \u1ea3nh \u0111\u1ec3 bi\u1ebft th\u00eam th\u00f4ng tin chi ti\u1ebft v\u1ec1 ngu\u1ed3n g\u1ed1c, th\u00e0nh ph\u1ea7n v\u00e0 h\u01b0\u1edbng d\u1eabn s\u1eed d\u1ee5ng c\u1ee7a s\u1ea3n ph\u1ea9m.<\/p>\n","protected":false},"excerpt":{"rendered":"<p><strong>Nhi\u1ec7t \u0111\u1edbi, H\u01b0\u01a1ng hoa, V\u1ecb cay 8%<\/strong><\/p>\n","protected":false},"featured_media":17969,"comment_status":"open","ping_status":"closed","template":"","meta":{"_acf_changed":false},"product_brand":[],"product_cat":[391,338,350,373,374,538,345,490,339,341,352,616,618,364,371],"product_tag":[],"class_list":{"0":"post-17927","1":"product","2":"type-product","3":"status-publish","4":"has-post-thumbnail","6":"product_cat-vietnam-danang","7":"product_cat-ruou-va-ruou-vang","8":"product_cat-8-9-9","9":"product_cat-200k-499k","10":"product_cat-500k-749k","11":"product_cat-cjai-300-ml","12":"product_cat-abv-vi","13":"product_cat-sa-ke","14":"product_cat-xuat-xu","15":"product_cat-dong-goi","16":"product_cat-gia","17":"product_cat-mua-craft-sake-vi","18":"product_cat-chai-720ml","19":"product_cat-dong-ruou","20":"product_cat-nha-san-xuat-ruou","21":"pa_pack_type-720ml","22":"pa_pack_type-300ml","24":"first","25":"instock","26":"shipping-taxable","27":"product-type-variable","28":"has-default-attributes","29":"add-to-wishlist-before_image"},"acf":[],"yoast_head":"<!-- This site is optimized with the Yoast SEO plugin v27.2 - https:\/\/yoast.com\/product\/yoast-seo-wordpress\/ -->\n<title>M\u00f9a Sake D\u1ee9a M\u1eadt &amp; \u1edat - The Bottle Shop<\/title>\n<meta name=\"description\" content=\"M\u00f9a Sake D\u1ee9a M\u1eadt &amp; \u1edat c\u00f3 v\u1ecb ng\u1ecdt d\u1ecbu m\u00e1t c\u1ee7a d\u1ee9a m\u1eadt \u1edf c\u1ea3m v\u1ecb \u0111\u1ea7u ti\u00ean \u0111an xen n\u1ed1t h\u01b0\u01a1ng hoa c\u1ee7a hibiscus, k\u1ebft th\u00fac b\u1eb1ng m\u1ed9t ch\u00fat d\u01b0 v\u1ecb cay nh\u1eb9 c\u1ee7a \u1edbt.\" \/>\n<meta name=\"robots\" content=\"index, follow, max-snippet:-1, max-image-preview:large, max-video-preview:-1\" \/>\n<link rel=\"canonical\" href=\"http:\/\/52.77.24.187\/vi\/san-pham\/mua-pineapple-chili-sake\/\" \/>\n<meta property=\"og:locale\" content=\"vi_VN\" \/>\n<meta property=\"og:type\" content=\"article\" \/>\n<meta property=\"og:title\" content=\"M\u00f9a Sake D\u1ee9a M\u1eadt &amp; \u1edat - The Bottle Shop\" \/>\n<meta property=\"og:description\" content=\"M\u00f9a Sake D\u1ee9a M\u1eadt &amp; \u1edat c\u00f3 v\u1ecb ng\u1ecdt d\u1ecbu m\u00e1t c\u1ee7a d\u1ee9a m\u1eadt \u1edf c\u1ea3m v\u1ecb \u0111\u1ea7u ti\u00ean \u0111an xen n\u1ed1t h\u01b0\u01a1ng hoa c\u1ee7a hibiscus, k\u1ebft th\u00fac b\u1eb1ng m\u1ed9t ch\u00fat d\u01b0 v\u1ecb cay nh\u1eb9 c\u1ee7a \u1edbt.\" \/>\n<meta property=\"og:url\" content=\"http:\/\/52.77.24.187\/vi\/san-pham\/mua-pineapple-chili-sake\/\" \/>\n<meta property=\"og:site_name\" content=\"The Bottle Shop\" \/>\n<meta property=\"article:publisher\" content=\"https:\/\/www.facebook.com\/thebottleshopvietnam\" \/>\n<meta property=\"article:modified_time\" content=\"2023-07-18T02:32:15+00:00\" \/>\n<meta property=\"og:image\" content=\"https:\/\/mlsrfcxkkbzg.i.optimole.com\/cb:JbP2.215d7\/w:auto\/h:auto\/q:mauto\/ig:avif\/http:\/\/52.77.24.187\/wp-content\/uploads\/2023\/07\/Mua-Craft-Sake-Pineapple-Chili.png\" \/>\n\t<meta property=\"og:image:width\" content=\"1080\" \/>\n\t<meta property=\"og:image:height\" content=\"1080\" \/>\n\t<meta property=\"og:image:type\" content=\"image\/png\" \/>\n<meta name=\"twitter:card\" content=\"summary_large_image\" \/>\n<meta name=\"twitter:label1\" content=\"Est. reading time\" \/>\n\t<meta name=\"twitter:data1\" content=\"1 minute\" \/>\n<script type=\"application\/ld+json\" class=\"yoast-schema-graph\">{\"@context\":\"https:\/\/schema.org\",\"@graph\":[{\"@type\":\"WebPage\",\"@id\":\"http:\/\/52.77.24.187\/vi\/san-pham\/mua-pineapple-chili-sake\/\",\"url\":\"http:\/\/52.77.24.187\/vi\/san-pham\/mua-pineapple-chili-sake\/\",\"name\":\"M\u00f9a Sake D\u1ee9a M\u1eadt &amp; \u1edat - The Bottle Shop\",\"isPartOf\":{\"@id\":\"http:\/\/52.77.24.187\/#website\"},\"primaryImageOfPage\":{\"@id\":\"http:\/\/52.77.24.187\/vi\/san-pham\/mua-pineapple-chili-sake\/#primaryimage\"},\"image\":{\"@id\":\"http:\/\/52.77.24.187\/vi\/san-pham\/mua-pineapple-chili-sake\/#primaryimage\"},\"thumbnailUrl\":\"https:\/\/mlsrfcxkkbzg.i.optimole.com\/cb:JbP2.215d7\/w:auto\/h:auto\/q:mauto\/ig:avif\/https:\/\/thebottleshop.vn\/wp-content\/uploads\/2023\/07\/Mua-Craft-Sake-Pineapple-Chili.png\",\"datePublished\":\"2023-07-18T02:19:55+00:00\",\"dateModified\":\"2023-07-18T02:32:15+00:00\",\"description\":\"M\u00f9a Sake D\u1ee9a M\u1eadt & \u1edat c\u00f3 v\u1ecb ng\u1ecdt d\u1ecbu m\u00e1t c\u1ee7a d\u1ee9a m\u1eadt \u1edf c\u1ea3m v\u1ecb \u0111\u1ea7u ti\u00ean \u0111an xen n\u1ed1t h\u01b0\u01a1ng hoa c\u1ee7a hibiscus, k\u1ebft th\u00fac b\u1eb1ng m\u1ed9t ch\u00fat d\u01b0 v\u1ecb cay nh\u1eb9 c\u1ee7a \u1edbt.\",\"breadcrumb\":{\"@id\":\"http:\/\/52.77.24.187\/vi\/san-pham\/mua-pineapple-chili-sake\/#breadcrumb\"},\"inLanguage\":\"vi-VN\",\"potentialAction\":[{\"@type\":\"ReadAction\",\"target\":[\"http:\/\/52.77.24.187\/vi\/san-pham\/mua-pineapple-chili-sake\/\"]}]},{\"@type\":\"ImageObject\",\"inLanguage\":\"vi-VN\",\"@id\":\"http:\/\/52.77.24.187\/vi\/san-pham\/mua-pineapple-chili-sake\/#primaryimage\",\"url\":\"https:\/\/mlsrfcxkkbzg.i.optimole.com\/cb:JbP2.215d7\/w:auto\/h:auto\/q:mauto\/ig:avif\/https:\/\/thebottleshop.vn\/wp-content\/uploads\/2023\/07\/Mua-Craft-Sake-Pineapple-Chili.png\",\"contentUrl\":\"https:\/\/mlsrfcxkkbzg.i.optimole.com\/cb:JbP2.215d7\/w:auto\/h:auto\/q:mauto\/ig:avif\/https:\/\/thebottleshop.vn\/wp-content\/uploads\/2023\/07\/Mua-Craft-Sake-Pineapple-Chili.png\",\"width\":1080,\"height\":1080,\"caption\":\"M\u00f9a Craft Sake Pineapple Chili\"},{\"@type\":\"BreadcrumbList\",\"@id\":\"http:\/\/52.77.24.187\/vi\/san-pham\/mua-pineapple-chili-sake\/#breadcrumb\",\"itemListElement\":[{\"@type\":\"ListItem\",\"position\":1,\"name\":\"Home\",\"item\":\"http:\/\/52.77.24.187\/vi\/test-popup-vi\/\"},{\"@type\":\"ListItem\",\"position\":2,\"name\":\"C\u1eeda h\u00e0ng\",\"item\":\"http:\/\/52.77.24.187\/vi\/cua-hang\/\"},{\"@type\":\"ListItem\",\"position\":3,\"name\":\"M\u00f9a Sake D\u1ee9a M\u1eadt &amp; \u1edat\"}]},{\"@type\":\"WebSite\",\"@id\":\"http:\/\/52.77.24.187\/#website\",\"url\":\"http:\/\/52.77.24.187\/\",\"name\":\"The Bottle Shop\",\"description\":\"All beers are not created equal\",\"publisher\":{\"@id\":\"http:\/\/52.77.24.187\/#organization\"},\"potentialAction\":[{\"@type\":\"SearchAction\",\"target\":{\"@type\":\"EntryPoint\",\"urlTemplate\":\"http:\/\/52.77.24.187\/?s={search_term_string}\"},\"query-input\":{\"@type\":\"PropertyValueSpecification\",\"valueRequired\":true,\"valueName\":\"search_term_string\"}}],\"inLanguage\":\"vi-VN\"},{\"@type\":\"Organization\",\"@id\":\"http:\/\/52.77.24.187\/#organization\",\"name\":\"The Bottle Shop\",\"url\":\"http:\/\/52.77.24.187\/\",\"logo\":{\"@type\":\"ImageObject\",\"inLanguage\":\"vi-VN\",\"@id\":\"http:\/\/52.77.24.187\/#\/schema\/logo\/image\/\",\"url\":\"https:\/\/mlsrfcxkkbzg.i.optimole.com\/cb:JbP2.215d7\/w:auto\/h:auto\/q:mauto\/ig:avif\/https:\/\/thebottleshop.vn\/wp-content\/uploads\/2022\/10\/The-Bottle-Shop-Online-Logo.png\",\"contentUrl\":\"https:\/\/mlsrfcxkkbzg.i.optimole.com\/cb:JbP2.215d7\/w:auto\/h:auto\/q:mauto\/ig:avif\/https:\/\/thebottleshop.vn\/wp-content\/uploads\/2022\/10\/The-Bottle-Shop-Online-Logo.png\",\"width\":145,\"height\":147,\"caption\":\"The Bottle Shop\"},\"image\":{\"@id\":\"http:\/\/52.77.24.187\/#\/schema\/logo\/image\/\"},\"sameAs\":[\"https:\/\/www.facebook.com\/thebottleshopvietnam\",\"https:\/\/www.instagram.com\/thebottleshop_vietnam\/\"]}]}<\/script>\n<!-- \/ Yoast SEO plugin. -->","yoast_head_json":{"title":"M\u00f9a Sake D\u1ee9a M\u1eadt &amp; \u1edat - The Bottle Shop","description":"M\u00f9a Sake D\u1ee9a M\u1eadt & \u1edat c\u00f3 v\u1ecb ng\u1ecdt d\u1ecbu m\u00e1t c\u1ee7a d\u1ee9a m\u1eadt \u1edf c\u1ea3m v\u1ecb \u0111\u1ea7u ti\u00ean \u0111an xen n\u1ed1t h\u01b0\u01a1ng hoa c\u1ee7a hibiscus, k\u1ebft th\u00fac b\u1eb1ng m\u1ed9t ch\u00fat d\u01b0 v\u1ecb cay nh\u1eb9 c\u1ee7a \u1edbt.","robots":{"index":"index","follow":"follow","max-snippet":"max-snippet:-1","max-image-preview":"max-image-preview:large","max-video-preview":"max-video-preview:-1"},"canonical":"http:\/\/52.77.24.187\/vi\/san-pham\/mua-pineapple-chili-sake\/","og_locale":"vi_VN","og_type":"article","og_title":"M\u00f9a Sake D\u1ee9a M\u1eadt &amp; \u1edat - The Bottle Shop","og_description":"M\u00f9a Sake D\u1ee9a M\u1eadt & \u1edat c\u00f3 v\u1ecb ng\u1ecdt d\u1ecbu m\u00e1t c\u1ee7a d\u1ee9a m\u1eadt \u1edf c\u1ea3m v\u1ecb \u0111\u1ea7u ti\u00ean \u0111an xen n\u1ed1t h\u01b0\u01a1ng hoa c\u1ee7a hibiscus, k\u1ebft th\u00fac b\u1eb1ng m\u1ed9t ch\u00fat d\u01b0 v\u1ecb cay nh\u1eb9 c\u1ee7a \u1edbt.","og_url":"http:\/\/52.77.24.187\/vi\/san-pham\/mua-pineapple-chili-sake\/","og_site_name":"The Bottle Shop","article_publisher":"https:\/\/www.facebook.com\/thebottleshopvietnam","article_modified_time":"2023-07-18T02:32:15+00:00","og_image":[{"width":1080,"height":1080,"url":"https:\/\/mlsrfcxkkbzg.i.optimole.com\/cb:JbP2.215d7\/w:auto\/h:auto\/q:mauto\/ig:avif\/http:\/\/52.77.24.187\/wp-content\/uploads\/2023\/07\/Mua-Craft-Sake-Pineapple-Chili.png","type":"image\/png"}],"twitter_card":"summary_large_image","twitter_misc":{"Est. reading time":"1 minute"},"schema":{"@context":"https:\/\/schema.org","@graph":[{"@type":"WebPage","@id":"http:\/\/52.77.24.187\/vi\/san-pham\/mua-pineapple-chili-sake\/","url":"http:\/\/52.77.24.187\/vi\/san-pham\/mua-pineapple-chili-sake\/","name":"M\u00f9a Sake D\u1ee9a M\u1eadt &amp; \u1edat - The Bottle Shop","isPartOf":{"@id":"http:\/\/52.77.24.187\/#website"},"primaryImageOfPage":{"@id":"http:\/\/52.77.24.187\/vi\/san-pham\/mua-pineapple-chili-sake\/#primaryimage"},"image":{"@id":"http:\/\/52.77.24.187\/vi\/san-pham\/mua-pineapple-chili-sake\/#primaryimage"},"thumbnailUrl":"https:\/\/mlsrfcxkkbzg.i.optimole.com\/cb:JbP2.215d7\/w:auto\/h:auto\/q:mauto\/ig:avif\/https:\/\/thebottleshop.vn\/wp-content\/uploads\/2023\/07\/Mua-Craft-Sake-Pineapple-Chili.png","datePublished":"2023-07-18T02:19:55+00:00","dateModified":"2023-07-18T02:32:15+00:00","description":"M\u00f9a Sake D\u1ee9a M\u1eadt & \u1edat c\u00f3 v\u1ecb ng\u1ecdt d\u1ecbu m\u00e1t c\u1ee7a d\u1ee9a m\u1eadt \u1edf c\u1ea3m v\u1ecb \u0111\u1ea7u ti\u00ean \u0111an xen n\u1ed1t h\u01b0\u01a1ng hoa c\u1ee7a hibiscus, k\u1ebft th\u00fac b\u1eb1ng m\u1ed9t ch\u00fat d\u01b0 v\u1ecb cay nh\u1eb9 c\u1ee7a \u1edbt.","breadcrumb":{"@id":"http:\/\/52.77.24.187\/vi\/san-pham\/mua-pineapple-chili-sake\/#breadcrumb"},"inLanguage":"vi-VN","potentialAction":[{"@type":"ReadAction","target":["http:\/\/52.77.24.187\/vi\/san-pham\/mua-pineapple-chili-sake\/"]}]},{"@type":"ImageObject","inLanguage":"vi-VN","@id":"http:\/\/52.77.24.187\/vi\/san-pham\/mua-pineapple-chili-sake\/#primaryimage","url":"https:\/\/mlsrfcxkkbzg.i.optimole.com\/cb:JbP2.215d7\/w:auto\/h:auto\/q:mauto\/ig:avif\/https:\/\/thebottleshop.vn\/wp-content\/uploads\/2023\/07\/Mua-Craft-Sake-Pineapple-Chili.png","contentUrl":"https:\/\/mlsrfcxkkbzg.i.optimole.com\/cb:JbP2.215d7\/w:auto\/h:auto\/q:mauto\/ig:avif\/https:\/\/thebottleshop.vn\/wp-content\/uploads\/2023\/07\/Mua-Craft-Sake-Pineapple-Chili.png","width":1080,"height":1080,"caption":"M\u00f9a Craft Sake Pineapple Chili"},{"@type":"BreadcrumbList","@id":"http:\/\/52.77.24.187\/vi\/san-pham\/mua-pineapple-chili-sake\/#breadcrumb","itemListElement":[{"@type":"ListItem","position":1,"name":"Home","item":"http:\/\/52.77.24.187\/vi\/test-popup-vi\/"},{"@type":"ListItem","position":2,"name":"C\u1eeda h\u00e0ng","item":"http:\/\/52.77.24.187\/vi\/cua-hang\/"},{"@type":"ListItem","position":3,"name":"M\u00f9a Sake D\u1ee9a M\u1eadt &amp; \u1edat"}]},{"@type":"WebSite","@id":"http:\/\/52.77.24.187\/#website","url":"http:\/\/52.77.24.187\/","name":"The Bottle Shop","description":"All beers are not created equal","publisher":{"@id":"http:\/\/52.77.24.187\/#organization"},"potentialAction":[{"@type":"SearchAction","target":{"@type":"EntryPoint","urlTemplate":"http:\/\/52.77.24.187\/?s={search_term_string}"},"query-input":{"@type":"PropertyValueSpecification","valueRequired":true,"valueName":"search_term_string"}}],"inLanguage":"vi-VN"},{"@type":"Organization","@id":"http:\/\/52.77.24.187\/#organization","name":"The Bottle Shop","url":"http:\/\/52.77.24.187\/","logo":{"@type":"ImageObject","inLanguage":"vi-VN","@id":"http:\/\/52.77.24.187\/#\/schema\/logo\/image\/","url":"https:\/\/mlsrfcxkkbzg.i.optimole.com\/cb:JbP2.215d7\/w:auto\/h:auto\/q:mauto\/ig:avif\/https:\/\/thebottleshop.vn\/wp-content\/uploads\/2022\/10\/The-Bottle-Shop-Online-Logo.png","contentUrl":"https:\/\/mlsrfcxkkbzg.i.optimole.com\/cb:JbP2.215d7\/w:auto\/h:auto\/q:mauto\/ig:avif\/https:\/\/thebottleshop.vn\/wp-content\/uploads\/2022\/10\/The-Bottle-Shop-Online-Logo.png","width":145,"height":147,"caption":"The Bottle Shop"},"image":{"@id":"http:\/\/52.77.24.187\/#\/schema\/logo\/image\/"},"sameAs":["https:\/\/www.facebook.com\/thebottleshopvietnam","https:\/\/www.instagram.com\/thebottleshop_vietnam\/"]}]}},"_links":{"self":[{"href":"https:\/\/thebottleshop.vn\/vi\/wp-json\/wp\/v2\/product\/17927","targetHints":{"allow":["GET"]}}],"collection":[{"href":"https:\/\/thebottleshop.vn\/vi\/wp-json\/wp\/v2\/product"}],"about":[{"href":"https:\/\/thebottleshop.vn\/vi\/wp-json\/wp\/v2\/types\/product"}],"replies":[{"embeddable":true,"href":"https:\/\/thebottleshop.vn\/vi\/wp-json\/wp\/v2\/comments?post=17927"}],"wp:featuredmedia":[{"embeddable":true,"href":"https:\/\/thebottleshop.vn\/vi\/wp-json\/wp\/v2\/media\/17969"}],"wp:attachment":[{"href":"https:\/\/thebottleshop.vn\/vi\/wp-json\/wp\/v2\/media?parent=17927"}],"wp:term":[{"taxonomy":"product_brand","embeddable":true,"href":"https:\/\/thebottleshop.vn\/vi\/wp-json\/wp\/v2\/product_brand?post=17927"},{"taxonomy":"product_cat","embeddable":true,"href":"https:\/\/thebottleshop.vn\/vi\/wp-json\/wp\/v2\/product_cat?post=17927"},{"taxonomy":"product_tag","embeddable":true,"href":"https:\/\/thebottleshop.vn\/vi\/wp-json\/wp\/v2\/product_tag?post=17927"}],"curies":[{"name":"wp","href":"https:\/\/api.w.org\/{rel}","templated":true}]}}