{"id":17931,"date":"2023-07-18T10:11:41","date_gmt":"2023-07-18T03:15:03","guid":{"rendered":"https:\/\/thebottleshop.vn\/product\/cacaocha-quat\/"},"modified":"2023-07-18T10:58:30","modified_gmt":"2023-07-18T03:58:30","slug":"cacaocha-kumquat","status":"publish","type":"product","link":"https:\/\/thebottleshop.vn\/vi\/san-pham\/cacaocha-kumquat\/","title":{"rendered":"CacaoCha Qu\u1ea5t"},"content":{"rendered":"<p>CacaoCha Qu\u1ea5t l\u00e0 tr\u00e0 ca cao l\u00ean men t\u1eeb ng\u00f2i ca cao v\u00e0 v\u1ecf l\u1ee5a ca cao k\u1ebft h\u1ee3p v\u1edbi men vi sinh Scoby theo ph\u01b0\u01a1ng ph\u00e1p th\u1ee7 c\u00f4ng. V\u1ecb thanh m\u00e1t c\u1ee7a qu\u1ea5t mang \u0111\u1ebfn c\u1ea3m gi\u00e1c gi\u1ea3i nhi\u1ec7t t\u1ee9c th\u00ec.<\/p>\n<p>\u2014\u2013<br \/>\nXem th\u01b0 vi\u1ec7n h\u00ecnh \u1ea3nh \u0111\u1ec3 bi\u1ebft th\u00eam th\u00f4ng tin chi ti\u1ebft v\u1ec1 ngu\u1ed3n g\u1ed1c, th\u00e0nh ph\u1ea7n v\u00e0 h\u01b0\u1edbng d\u1eabn s\u1eed d\u1ee5ng c\u1ee7a s\u1ea3n ph\u1ea9m.<\/p>\n","protected":false},"excerpt":{"rendered":"<p><strong>Thanh m\u00e1t, V\u1ecb qu\u1ea5t 0.5%<\/strong><\/p>\n","protected":false},"featured_media":17976,"comment_status":"open","ping_status":"closed","template":"","meta":{"_acf_changed":false},"product_brand":[],"product_cat":[346,514,353,391,397,351,366,345,339,341,352,513,421,615],"product_tag":[],"class_list":{"0":"post-17931","1":"product","2":"type-product","3":"status-publish","4":"has-post-thumbnail","6":"product_cat-0-3-9","7":"product_cat-khong-gluten","8":"product_cat-50k-74k","9":"product_cat-vietnam-danang","10":"product_cat-do-khong-con","11":"product_cat-dong-bia","12":"product_cat-nha-san-xuat","13":"product_cat-abv-vi","14":"product_cat-xuat-xu","15":"product_cat-dong-goi","16":"product_cat-gia","17":"product_cat-khac","18":"product_cat-kombucha","19":"product_cat-tbros-vi","21":"first","22":"outofstock","23":"shipping-taxable","24":"purchasable","25":"product-type-simple","26":"add-to-wishlist-before_image"},"acf":[],"yoast_head":"<!-- This site is optimized with the Yoast SEO plugin v27.2 - https:\/\/yoast.com\/product\/yoast-seo-wordpress\/ -->\n<title>CacaoCha Qu\u1ea5t - The Bottle Shop<\/title>\n<meta name=\"description\" content=\"CacaoCha Qu\u1ea5t l\u00e0 tr\u00e0 ca cao l\u00ean men t\u1eeb ng\u00f2i ca cao v\u00e0 v\u1ecf l\u1ee5a ca cao k\u1ebft h\u1ee3p v\u1edbi men vi sinh Scoby theo ph\u01b0\u01a1ng ph\u00e1p th\u1ee7 c\u00f4ng.\" \/>\n<meta name=\"robots\" content=\"index, follow, max-snippet:-1, max-image-preview:large, max-video-preview:-1\" \/>\n<link rel=\"canonical\" href=\"http:\/\/52.77.24.187\/vi\/san-pham\/cacaocha-kumquat\/\" \/>\n<meta property=\"og:locale\" content=\"vi_VN\" \/>\n<meta property=\"og:type\" content=\"article\" \/>\n<meta property=\"og:title\" content=\"CacaoCha Qu\u1ea5t - The Bottle Shop\" \/>\n<meta property=\"og:description\" content=\"CacaoCha Qu\u1ea5t l\u00e0 tr\u00e0 ca cao l\u00ean men t\u1eeb ng\u00f2i ca cao v\u00e0 v\u1ecf l\u1ee5a ca cao k\u1ebft h\u1ee3p v\u1edbi men vi sinh Scoby theo ph\u01b0\u01a1ng ph\u00e1p th\u1ee7 c\u00f4ng.\" \/>\n<meta property=\"og:url\" content=\"http:\/\/52.77.24.187\/vi\/san-pham\/cacaocha-kumquat\/\" \/>\n<meta property=\"og:site_name\" content=\"The Bottle Shop\" \/>\n<meta property=\"article:publisher\" content=\"https:\/\/www.facebook.com\/thebottleshopvietnam\" \/>\n<meta property=\"article:modified_time\" content=\"2023-07-18T03:58:30+00:00\" \/>\n<meta name=\"twitter:card\" content=\"summary_large_image\" \/>\n<meta name=\"twitter:label1\" content=\"Est. reading time\" \/>\n\t<meta name=\"twitter:data1\" content=\"1 minute\" \/>\n<script type=\"application\/ld+json\" class=\"yoast-schema-graph\">{\"@context\":\"https:\/\/schema.org\",\"@graph\":[{\"@type\":\"WebPage\",\"@id\":\"http:\/\/52.77.24.187\/vi\/san-pham\/cacaocha-kumquat\/\",\"url\":\"http:\/\/52.77.24.187\/vi\/san-pham\/cacaocha-kumquat\/\",\"name\":\"CacaoCha Qu\u1ea5t - The Bottle Shop\",\"isPartOf\":{\"@id\":\"http:\/\/52.77.24.187\/#website\"},\"primaryImageOfPage\":{\"@id\":\"http:\/\/52.77.24.187\/vi\/san-pham\/cacaocha-kumquat\/#primaryimage\"},\"image\":{\"@id\":\"http:\/\/52.77.24.187\/vi\/san-pham\/cacaocha-kumquat\/#primaryimage\"},\"thumbnailUrl\":\"https:\/\/mlsrfcxkkbzg.i.optimole.com\/cb:JbP2.215d7\/w:auto\/h:auto\/q:mauto\/ig:avif\/https:\/\/thebottleshop.vn\/wp-content\/uploads\/2023\/07\/Cacaocha-Fermented-Cocoa-Tea-Kumquat.png\",\"datePublished\":\"2023-07-18T03:15:03+00:00\",\"dateModified\":\"2023-07-18T03:58:30+00:00\",\"description\":\"CacaoCha Qu\u1ea5t l\u00e0 tr\u00e0 ca cao l\u00ean men t\u1eeb ng\u00f2i ca cao v\u00e0 v\u1ecf l\u1ee5a ca cao k\u1ebft h\u1ee3p v\u1edbi men vi sinh Scoby theo ph\u01b0\u01a1ng ph\u00e1p th\u1ee7 c\u00f4ng.\",\"breadcrumb\":{\"@id\":\"http:\/\/52.77.24.187\/vi\/san-pham\/cacaocha-kumquat\/#breadcrumb\"},\"inLanguage\":\"vi-VN\",\"potentialAction\":[{\"@type\":\"ReadAction\",\"target\":[\"http:\/\/52.77.24.187\/vi\/san-pham\/cacaocha-kumquat\/\"]}]},{\"@type\":\"ImageObject\",\"inLanguage\":\"vi-VN\",\"@id\":\"http:\/\/52.77.24.187\/vi\/san-pham\/cacaocha-kumquat\/#primaryimage\",\"url\":\"https:\/\/mlsrfcxkkbzg.i.optimole.com\/cb:JbP2.215d7\/w:auto\/h:auto\/q:mauto\/ig:avif\/https:\/\/thebottleshop.vn\/wp-content\/uploads\/2023\/07\/Cacaocha-Fermented-Cocoa-Tea-Kumquat.png\",\"contentUrl\":\"https:\/\/mlsrfcxkkbzg.i.optimole.com\/cb:JbP2.215d7\/w:auto\/h:auto\/q:mauto\/ig:avif\/https:\/\/thebottleshop.vn\/wp-content\/uploads\/2023\/07\/Cacaocha-Fermented-Cocoa-Tea-Kumquat.png\",\"width\":1080,\"height\":1080,\"caption\":\"Cacaocha Fermented Cocoa Tea Kumquat\"},{\"@type\":\"BreadcrumbList\",\"@id\":\"http:\/\/52.77.24.187\/vi\/san-pham\/cacaocha-kumquat\/#breadcrumb\",\"itemListElement\":[{\"@type\":\"ListItem\",\"position\":1,\"name\":\"Home\",\"item\":\"http:\/\/52.77.24.187\/vi\/test-popup-vi\/\"},{\"@type\":\"ListItem\",\"position\":2,\"name\":\"C\u1eeda h\u00e0ng\",\"item\":\"http:\/\/52.77.24.187\/vi\/cua-hang\/\"},{\"@type\":\"ListItem\",\"position\":3,\"name\":\"CacaoCha Qu\u1ea5t\"}]},{\"@type\":\"WebSite\",\"@id\":\"http:\/\/52.77.24.187\/#website\",\"url\":\"http:\/\/52.77.24.187\/\",\"name\":\"The Bottle Shop\",\"description\":\"All beers are not created equal\",\"publisher\":{\"@id\":\"http:\/\/52.77.24.187\/#organization\"},\"potentialAction\":[{\"@type\":\"SearchAction\",\"target\":{\"@type\":\"EntryPoint\",\"urlTemplate\":\"http:\/\/52.77.24.187\/?s={search_term_string}\"},\"query-input\":{\"@type\":\"PropertyValueSpecification\",\"valueRequired\":true,\"valueName\":\"search_term_string\"}}],\"inLanguage\":\"vi-VN\"},{\"@type\":\"Organization\",\"@id\":\"http:\/\/52.77.24.187\/#organization\",\"name\":\"The Bottle Shop\",\"url\":\"http:\/\/52.77.24.187\/\",\"logo\":{\"@type\":\"ImageObject\",\"inLanguage\":\"vi-VN\",\"@id\":\"http:\/\/52.77.24.187\/#\/schema\/logo\/image\/\",\"url\":\"https:\/\/mlsrfcxkkbzg.i.optimole.com\/cb:JbP2.215d7\/w:auto\/h:auto\/q:mauto\/ig:avif\/https:\/\/thebottleshop.vn\/wp-content\/uploads\/2022\/10\/The-Bottle-Shop-Online-Logo.png\",\"contentUrl\":\"https:\/\/mlsrfcxkkbzg.i.optimole.com\/cb:JbP2.215d7\/w:auto\/h:auto\/q:mauto\/ig:avif\/https:\/\/thebottleshop.vn\/wp-content\/uploads\/2022\/10\/The-Bottle-Shop-Online-Logo.png\",\"width\":145,\"height\":147,\"caption\":\"The Bottle Shop\"},\"image\":{\"@id\":\"http:\/\/52.77.24.187\/#\/schema\/logo\/image\/\"},\"sameAs\":[\"https:\/\/www.facebook.com\/thebottleshopvietnam\",\"https:\/\/www.instagram.com\/thebottleshop_vietnam\/\"]}]}<\/script>\n<!-- \/ Yoast SEO plugin. -->","yoast_head_json":{"title":"CacaoCha Qu\u1ea5t - The Bottle Shop","description":"CacaoCha Qu\u1ea5t l\u00e0 tr\u00e0 ca cao l\u00ean men t\u1eeb ng\u00f2i ca cao v\u00e0 v\u1ecf l\u1ee5a ca cao k\u1ebft h\u1ee3p v\u1edbi men vi sinh Scoby theo ph\u01b0\u01a1ng ph\u00e1p th\u1ee7 c\u00f4ng.","robots":{"index":"index","follow":"follow","max-snippet":"max-snippet:-1","max-image-preview":"max-image-preview:large","max-video-preview":"max-video-preview:-1"},"canonical":"http:\/\/52.77.24.187\/vi\/san-pham\/cacaocha-kumquat\/","og_locale":"vi_VN","og_type":"article","og_title":"CacaoCha Qu\u1ea5t - The Bottle Shop","og_description":"CacaoCha Qu\u1ea5t l\u00e0 tr\u00e0 ca cao l\u00ean men t\u1eeb ng\u00f2i ca cao v\u00e0 v\u1ecf l\u1ee5a ca cao k\u1ebft h\u1ee3p v\u1edbi men vi sinh Scoby theo ph\u01b0\u01a1ng ph\u00e1p th\u1ee7 c\u00f4ng.","og_url":"http:\/\/52.77.24.187\/vi\/san-pham\/cacaocha-kumquat\/","og_site_name":"The Bottle Shop","article_publisher":"https:\/\/www.facebook.com\/thebottleshopvietnam","article_modified_time":"2023-07-18T03:58:30+00:00","twitter_card":"summary_large_image","twitter_misc":{"Est. reading time":"1 minute"},"schema":{"@context":"https:\/\/schema.org","@graph":[{"@type":"WebPage","@id":"http:\/\/52.77.24.187\/vi\/san-pham\/cacaocha-kumquat\/","url":"http:\/\/52.77.24.187\/vi\/san-pham\/cacaocha-kumquat\/","name":"CacaoCha Qu\u1ea5t - The Bottle Shop","isPartOf":{"@id":"http:\/\/52.77.24.187\/#website"},"primaryImageOfPage":{"@id":"http:\/\/52.77.24.187\/vi\/san-pham\/cacaocha-kumquat\/#primaryimage"},"image":{"@id":"http:\/\/52.77.24.187\/vi\/san-pham\/cacaocha-kumquat\/#primaryimage"},"thumbnailUrl":"https:\/\/mlsrfcxkkbzg.i.optimole.com\/cb:JbP2.215d7\/w:auto\/h:auto\/q:mauto\/ig:avif\/https:\/\/thebottleshop.vn\/wp-content\/uploads\/2023\/07\/Cacaocha-Fermented-Cocoa-Tea-Kumquat.png","datePublished":"2023-07-18T03:15:03+00:00","dateModified":"2023-07-18T03:58:30+00:00","description":"CacaoCha Qu\u1ea5t l\u00e0 tr\u00e0 ca cao l\u00ean men t\u1eeb ng\u00f2i ca cao v\u00e0 v\u1ecf l\u1ee5a ca cao k\u1ebft h\u1ee3p v\u1edbi men vi sinh Scoby theo ph\u01b0\u01a1ng ph\u00e1p th\u1ee7 c\u00f4ng.","breadcrumb":{"@id":"http:\/\/52.77.24.187\/vi\/san-pham\/cacaocha-kumquat\/#breadcrumb"},"inLanguage":"vi-VN","potentialAction":[{"@type":"ReadAction","target":["http:\/\/52.77.24.187\/vi\/san-pham\/cacaocha-kumquat\/"]}]},{"@type":"ImageObject","inLanguage":"vi-VN","@id":"http:\/\/52.77.24.187\/vi\/san-pham\/cacaocha-kumquat\/#primaryimage","url":"https:\/\/mlsrfcxkkbzg.i.optimole.com\/cb:JbP2.215d7\/w:auto\/h:auto\/q:mauto\/ig:avif\/https:\/\/thebottleshop.vn\/wp-content\/uploads\/2023\/07\/Cacaocha-Fermented-Cocoa-Tea-Kumquat.png","contentUrl":"https:\/\/mlsrfcxkkbzg.i.optimole.com\/cb:JbP2.215d7\/w:auto\/h:auto\/q:mauto\/ig:avif\/https:\/\/thebottleshop.vn\/wp-content\/uploads\/2023\/07\/Cacaocha-Fermented-Cocoa-Tea-Kumquat.png","width":1080,"height":1080,"caption":"Cacaocha Fermented Cocoa Tea Kumquat"},{"@type":"BreadcrumbList","@id":"http:\/\/52.77.24.187\/vi\/san-pham\/cacaocha-kumquat\/#breadcrumb","itemListElement":[{"@type":"ListItem","position":1,"name":"Home","item":"http:\/\/52.77.24.187\/vi\/test-popup-vi\/"},{"@type":"ListItem","position":2,"name":"C\u1eeda h\u00e0ng","item":"http:\/\/52.77.24.187\/vi\/cua-hang\/"},{"@type":"ListItem","position":3,"name":"CacaoCha Qu\u1ea5t"}]},{"@type":"WebSite","@id":"http:\/\/52.77.24.187\/#website","url":"http:\/\/52.77.24.187\/","name":"The Bottle Shop","description":"All beers are not created equal","publisher":{"@id":"http:\/\/52.77.24.187\/#organization"},"potentialAction":[{"@type":"SearchAction","target":{"@type":"EntryPoint","urlTemplate":"http:\/\/52.77.24.187\/?s={search_term_string}"},"query-input":{"@type":"PropertyValueSpecification","valueRequired":true,"valueName":"search_term_string"}}],"inLanguage":"vi-VN"},{"@type":"Organization","@id":"http:\/\/52.77.24.187\/#organization","name":"The Bottle Shop","url":"http:\/\/52.77.24.187\/","logo":{"@type":"ImageObject","inLanguage":"vi-VN","@id":"http:\/\/52.77.24.187\/#\/schema\/logo\/image\/","url":"https:\/\/mlsrfcxkkbzg.i.optimole.com\/cb:JbP2.215d7\/w:auto\/h:auto\/q:mauto\/ig:avif\/https:\/\/thebottleshop.vn\/wp-content\/uploads\/2022\/10\/The-Bottle-Shop-Online-Logo.png","contentUrl":"https:\/\/mlsrfcxkkbzg.i.optimole.com\/cb:JbP2.215d7\/w:auto\/h:auto\/q:mauto\/ig:avif\/https:\/\/thebottleshop.vn\/wp-content\/uploads\/2022\/10\/The-Bottle-Shop-Online-Logo.png","width":145,"height":147,"caption":"The Bottle Shop"},"image":{"@id":"http:\/\/52.77.24.187\/#\/schema\/logo\/image\/"},"sameAs":["https:\/\/www.facebook.com\/thebottleshopvietnam","https:\/\/www.instagram.com\/thebottleshop_vietnam\/"]}]}},"_links":{"self":[{"href":"https:\/\/thebottleshop.vn\/vi\/wp-json\/wp\/v2\/product\/17931","targetHints":{"allow":["GET"]}}],"collection":[{"href":"https:\/\/thebottleshop.vn\/vi\/wp-json\/wp\/v2\/product"}],"about":[{"href":"https:\/\/thebottleshop.vn\/vi\/wp-json\/wp\/v2\/types\/product"}],"replies":[{"embeddable":true,"href":"https:\/\/thebottleshop.vn\/vi\/wp-json\/wp\/v2\/comments?post=17931"}],"wp:featuredmedia":[{"embeddable":true,"href":"https:\/\/thebottleshop.vn\/vi\/wp-json\/wp\/v2\/media\/17976"}],"wp:attachment":[{"href":"https:\/\/thebottleshop.vn\/vi\/wp-json\/wp\/v2\/media?parent=17931"}],"wp:term":[{"taxonomy":"product_brand","embeddable":true,"href":"https:\/\/thebottleshop.vn\/vi\/wp-json\/wp\/v2\/product_brand?post=17931"},{"taxonomy":"product_cat","embeddable":true,"href":"https:\/\/thebottleshop.vn\/vi\/wp-json\/wp\/v2\/product_cat?post=17931"},{"taxonomy":"product_tag","embeddable":true,"href":"https:\/\/thebottleshop.vn\/vi\/wp-json\/wp\/v2\/product_tag?post=17931"}],"curies":[{"name":"wp","href":"https:\/\/api.w.org\/{rel}","templated":true}]}}