{"id":18093,"date":"2023-08-27T17:44:03","date_gmt":"2023-08-27T10:44:03","guid":{"rendered":"https:\/\/thebottleshop.vn\/product\/overmorrow-ha-noi-weisse-sour\/"},"modified":"2025-06-05T10:39:51","modified_gmt":"2025-06-05T03:39:51","slug":"overmorrow-ha-noi-weisse-sour","status":"publish","type":"product","link":"https:\/\/thebottleshop.vn\/vi\/san-pham\/overmorrow-ha-noi-weisse-sour\/","title":{"rendered":"Overmorrow H\u00e0 N\u1ed9i Weisse Sour"},"content":{"rendered":"<p>Overmorrow H\u00e0 N\u1ed9i Weisse l\u00e0 m\u1ed9t phi\u00ean b\u1ea3n \u0111\u1eadm ch\u1ea5t \u0111\u1ecba ph\u01b0\u01a1ng tinh t\u1ebf \u0111\u01b0\u1ee3c bi\u1ebfn th\u1ec3 t\u1eeb Berliner Weisse, s\u1eed d\u1ee5ng men bia brettanomyces truy\u1ec1n th\u1ed1ng v\u00e0 c\u00e1c lo\u1ea1i men bia ale \u0111\u1ec3 t\u1ea1o ra m\u1ed9t lo\u1ea1i bia chua t\u01b0\u01a1i m\u00e1t, s\u1ea3ng kho\u00e1i. V\u1edbi lo\u1ea1i bia chua thanh, m\u00e1t d\u1ecbu n\u00e0y, Overmorrow \u0111\u00e3 mang m\u1ed9t h\u01b0\u01a1ng v\u1ecb Berlin c\u1ed5 k\u00ednh t\u1edbi H\u00e0 N\u1ed9i hi\u1ec7n \u0111\u1ea1i, v\u00e0 l\u00e0 lo\u1ea1i bia ho\u00e0n h\u1ea3o \u0111\u1ec3 g\u1ee3i l\u00ean nh\u1eefng suy ngh\u0129 v\u1ec1 bi\u1ec3n v\u00e0 n\u1eafng, cho d\u00f9 b\u1ea1n \u1edf \u0111\u00e2u. <\/p>\n<p>\u2014\u2013<br \/>\nXem th\u01b0 vi\u1ec7n h\u00ecnh \u1ea3nh \u0111\u1ec3 bi\u1ebft th\u00eam th\u00f4ng tin chi ti\u1ebft v\u1ec1 ngu\u1ed3n g\u1ed1c, th\u00e0nh ph\u1ea7n v\u00e0 h\u01b0\u1edbng d\u1eabn s\u1eed d\u1ee5ng c\u1ee7a s\u1ea3n ph\u1ea9m.<\/p>\n","protected":false},"excerpt":{"rendered":"<p><strong>Nh\u1eb9, Chua, S\u1ea3ng kho\u00e1i 3%<\/strong><\/p>\n","protected":false},"featured_media":18083,"comment_status":"open","ping_status":"closed","template":"","meta":{"_acf_changed":false},"product_brand":[],"product_cat":[390,346,378,337,354,342,351,366,345,377,339,341,352,361,512,471],"product_tag":[],"class_list":{"0":"post-18093","1":"product","2":"type-product","3":"status-publish","4":"has-post-thumbnail","6":"product_cat-vietnam-hanoi","7":"product_cat-0-3-9","8":"product_cat-00-19","9":"product_cat-bia-va-cider","10":"product_cat-75k-99k","11":"product_cat-chai-330-ml","12":"product_cat-dong-bia","13":"product_cat-nha-san-xuat","14":"product_cat-abv-vi","15":"product_cat-ibu","16":"product_cat-xuat-xu","17":"product_cat-dong-goi","18":"product_cat-gia","19":"product_cat-sour","20":"product_cat-thung-24-chai","21":"product_cat-overmorrow-brewing-co","22":"pa_pack_type-bottle-330ml-vi","23":"pa_pack_type-thung-24","25":"first","26":"instock","27":"sale","28":"shipping-taxable","29":"product-type-variable","30":"has-default-attributes","31":"add-to-wishlist-before_image"},"acf":[],"yoast_head":"<!-- This site is optimized with the Yoast SEO plugin v27.2 - https:\/\/yoast.com\/product\/yoast-seo-wordpress\/ -->\n<title>Overmorrow H\u00e0 N\u1ed9i Weisse Sour - The Bottle Shop<\/title>\n<meta name=\"description\" content=\"Overmorrow H\u00e0 N\u1ed9i Weisse l\u00e0 m\u1ed9t phi\u00ean b\u1ea3n \u0111\u1eadm ch\u1ea5t \u0111\u1ecba ph\u01b0\u01a1ng tinh t\u1ebf \u0111\u01b0\u1ee3c bi\u1ebfn th\u1ec3 t\u1eeb Berliner Weisse, s\u1eed d\u1ee5ng men bia brettanomyces truy\u1ec1n th\u1ed1ng.\" \/>\n<meta name=\"robots\" content=\"index, follow, max-snippet:-1, max-image-preview:large, max-video-preview:-1\" \/>\n<link rel=\"canonical\" href=\"http:\/\/52.77.24.187\/vi\/san-pham\/overmorrow-ha-noi-weisse-sour\/\" \/>\n<meta property=\"og:locale\" content=\"vi_VN\" \/>\n<meta property=\"og:type\" content=\"article\" \/>\n<meta property=\"og:title\" content=\"Overmorrow H\u00e0 N\u1ed9i Weisse Sour - The Bottle Shop\" \/>\n<meta property=\"og:description\" content=\"Overmorrow H\u00e0 N\u1ed9i Weisse l\u00e0 m\u1ed9t phi\u00ean b\u1ea3n \u0111\u1eadm ch\u1ea5t \u0111\u1ecba ph\u01b0\u01a1ng tinh t\u1ebf \u0111\u01b0\u1ee3c bi\u1ebfn th\u1ec3 t\u1eeb Berliner Weisse, s\u1eed d\u1ee5ng men bia brettanomyces truy\u1ec1n th\u1ed1ng.\" \/>\n<meta property=\"og:url\" content=\"http:\/\/52.77.24.187\/vi\/san-pham\/overmorrow-ha-noi-weisse-sour\/\" \/>\n<meta property=\"og:site_name\" content=\"The Bottle Shop\" \/>\n<meta property=\"article:publisher\" content=\"https:\/\/www.facebook.com\/thebottleshopvietnam\" \/>\n<meta property=\"article:modified_time\" content=\"2025-06-05T03:39:51+00:00\" \/>\n<meta property=\"og:image\" content=\"https:\/\/mlsrfcxkkbzg.i.optimole.com\/cb:JbP2.215d7\/w:auto\/h:auto\/q:mauto\/ig:avif\/http:\/\/52.77.24.187\/wp-content\/uploads\/2023\/08\/Overmorrow-Hanoi-Weisse-Sour.png\" \/>\n\t<meta property=\"og:image:width\" content=\"1080\" \/>\n\t<meta property=\"og:image:height\" content=\"1080\" \/>\n\t<meta property=\"og:image:type\" content=\"image\/png\" \/>\n<meta name=\"twitter:card\" content=\"summary_large_image\" \/>\n<meta name=\"twitter:label1\" content=\"Est. reading time\" \/>\n\t<meta name=\"twitter:data1\" content=\"1 minute\" \/>\n<script type=\"application\/ld+json\" class=\"yoast-schema-graph\">{\"@context\":\"https:\/\/schema.org\",\"@graph\":[{\"@type\":\"WebPage\",\"@id\":\"http:\/\/52.77.24.187\/vi\/san-pham\/overmorrow-ha-noi-weisse-sour\/\",\"url\":\"http:\/\/52.77.24.187\/vi\/san-pham\/overmorrow-ha-noi-weisse-sour\/\",\"name\":\"Overmorrow H\u00e0 N\u1ed9i Weisse Sour - The Bottle Shop\",\"isPartOf\":{\"@id\":\"http:\/\/52.77.24.187\/#website\"},\"primaryImageOfPage\":{\"@id\":\"http:\/\/52.77.24.187\/vi\/san-pham\/overmorrow-ha-noi-weisse-sour\/#primaryimage\"},\"image\":{\"@id\":\"http:\/\/52.77.24.187\/vi\/san-pham\/overmorrow-ha-noi-weisse-sour\/#primaryimage\"},\"thumbnailUrl\":\"https:\/\/mlsrfcxkkbzg.i.optimole.com\/cb:JbP2.215d7\/w:auto\/h:auto\/q:mauto\/ig:avif\/https:\/\/thebottleshop.vn\/wp-content\/uploads\/2023\/08\/Overmorrow-Hanoi-Weisse-Sour.png\",\"datePublished\":\"2023-08-27T10:44:03+00:00\",\"dateModified\":\"2025-06-05T03:39:51+00:00\",\"description\":\"Overmorrow H\u00e0 N\u1ed9i Weisse l\u00e0 m\u1ed9t phi\u00ean b\u1ea3n \u0111\u1eadm ch\u1ea5t \u0111\u1ecba ph\u01b0\u01a1ng tinh t\u1ebf \u0111\u01b0\u1ee3c bi\u1ebfn th\u1ec3 t\u1eeb Berliner Weisse, s\u1eed d\u1ee5ng men bia brettanomyces truy\u1ec1n th\u1ed1ng.\",\"breadcrumb\":{\"@id\":\"http:\/\/52.77.24.187\/vi\/san-pham\/overmorrow-ha-noi-weisse-sour\/#breadcrumb\"},\"inLanguage\":\"vi-VN\",\"potentialAction\":[{\"@type\":\"ReadAction\",\"target\":[\"http:\/\/52.77.24.187\/vi\/san-pham\/overmorrow-ha-noi-weisse-sour\/\"]}]},{\"@type\":\"ImageObject\",\"inLanguage\":\"vi-VN\",\"@id\":\"http:\/\/52.77.24.187\/vi\/san-pham\/overmorrow-ha-noi-weisse-sour\/#primaryimage\",\"url\":\"https:\/\/mlsrfcxkkbzg.i.optimole.com\/cb:JbP2.215d7\/w:auto\/h:auto\/q:mauto\/ig:avif\/https:\/\/thebottleshop.vn\/wp-content\/uploads\/2023\/08\/Overmorrow-Hanoi-Weisse-Sour.png\",\"contentUrl\":\"https:\/\/mlsrfcxkkbzg.i.optimole.com\/cb:JbP2.215d7\/w:auto\/h:auto\/q:mauto\/ig:avif\/https:\/\/thebottleshop.vn\/wp-content\/uploads\/2023\/08\/Overmorrow-Hanoi-Weisse-Sour.png\",\"width\":1080,\"height\":1080,\"caption\":\"Overmorrow Hanoi Weisse Sour\"},{\"@type\":\"BreadcrumbList\",\"@id\":\"http:\/\/52.77.24.187\/vi\/san-pham\/overmorrow-ha-noi-weisse-sour\/#breadcrumb\",\"itemListElement\":[{\"@type\":\"ListItem\",\"position\":1,\"name\":\"Home\",\"item\":\"http:\/\/52.77.24.187\/vi\/test-popup-vi\/\"},{\"@type\":\"ListItem\",\"position\":2,\"name\":\"C\u1eeda h\u00e0ng\",\"item\":\"http:\/\/52.77.24.187\/vi\/cua-hang\/\"},{\"@type\":\"ListItem\",\"position\":3,\"name\":\"Overmorrow H\u00e0 N\u1ed9i Weisse Sour\"}]},{\"@type\":\"WebSite\",\"@id\":\"http:\/\/52.77.24.187\/#website\",\"url\":\"http:\/\/52.77.24.187\/\",\"name\":\"The Bottle Shop\",\"description\":\"All beers are not created equal\",\"publisher\":{\"@id\":\"http:\/\/52.77.24.187\/#organization\"},\"potentialAction\":[{\"@type\":\"SearchAction\",\"target\":{\"@type\":\"EntryPoint\",\"urlTemplate\":\"http:\/\/52.77.24.187\/?s={search_term_string}\"},\"query-input\":{\"@type\":\"PropertyValueSpecification\",\"valueRequired\":true,\"valueName\":\"search_term_string\"}}],\"inLanguage\":\"vi-VN\"},{\"@type\":\"Organization\",\"@id\":\"http:\/\/52.77.24.187\/#organization\",\"name\":\"The Bottle Shop\",\"url\":\"http:\/\/52.77.24.187\/\",\"logo\":{\"@type\":\"ImageObject\",\"inLanguage\":\"vi-VN\",\"@id\":\"http:\/\/52.77.24.187\/#\/schema\/logo\/image\/\",\"url\":\"https:\/\/mlsrfcxkkbzg.i.optimole.com\/cb:JbP2.215d7\/w:auto\/h:auto\/q:mauto\/ig:avif\/https:\/\/thebottleshop.vn\/wp-content\/uploads\/2022\/10\/The-Bottle-Shop-Online-Logo.png\",\"contentUrl\":\"https:\/\/mlsrfcxkkbzg.i.optimole.com\/cb:JbP2.215d7\/w:auto\/h:auto\/q:mauto\/ig:avif\/https:\/\/thebottleshop.vn\/wp-content\/uploads\/2022\/10\/The-Bottle-Shop-Online-Logo.png\",\"width\":145,\"height\":147,\"caption\":\"The Bottle Shop\"},\"image\":{\"@id\":\"http:\/\/52.77.24.187\/#\/schema\/logo\/image\/\"},\"sameAs\":[\"https:\/\/www.facebook.com\/thebottleshopvietnam\",\"https:\/\/www.instagram.com\/thebottleshop_vietnam\/\"]}]}<\/script>\n<!-- \/ Yoast SEO plugin. -->","yoast_head_json":{"title":"Overmorrow H\u00e0 N\u1ed9i Weisse Sour - The Bottle Shop","description":"Overmorrow H\u00e0 N\u1ed9i Weisse l\u00e0 m\u1ed9t phi\u00ean b\u1ea3n \u0111\u1eadm ch\u1ea5t \u0111\u1ecba ph\u01b0\u01a1ng tinh t\u1ebf \u0111\u01b0\u1ee3c bi\u1ebfn th\u1ec3 t\u1eeb Berliner Weisse, s\u1eed d\u1ee5ng men bia brettanomyces truy\u1ec1n th\u1ed1ng.","robots":{"index":"index","follow":"follow","max-snippet":"max-snippet:-1","max-image-preview":"max-image-preview:large","max-video-preview":"max-video-preview:-1"},"canonical":"http:\/\/52.77.24.187\/vi\/san-pham\/overmorrow-ha-noi-weisse-sour\/","og_locale":"vi_VN","og_type":"article","og_title":"Overmorrow H\u00e0 N\u1ed9i Weisse Sour - The Bottle Shop","og_description":"Overmorrow H\u00e0 N\u1ed9i Weisse l\u00e0 m\u1ed9t phi\u00ean b\u1ea3n \u0111\u1eadm ch\u1ea5t \u0111\u1ecba ph\u01b0\u01a1ng tinh t\u1ebf \u0111\u01b0\u1ee3c bi\u1ebfn th\u1ec3 t\u1eeb Berliner Weisse, s\u1eed d\u1ee5ng men bia brettanomyces truy\u1ec1n th\u1ed1ng.","og_url":"http:\/\/52.77.24.187\/vi\/san-pham\/overmorrow-ha-noi-weisse-sour\/","og_site_name":"The Bottle Shop","article_publisher":"https:\/\/www.facebook.com\/thebottleshopvietnam","article_modified_time":"2025-06-05T03:39:51+00:00","og_image":[{"width":1080,"height":1080,"url":"https:\/\/mlsrfcxkkbzg.i.optimole.com\/cb:JbP2.215d7\/w:auto\/h:auto\/q:mauto\/ig:avif\/http:\/\/52.77.24.187\/wp-content\/uploads\/2023\/08\/Overmorrow-Hanoi-Weisse-Sour.png","type":"image\/png"}],"twitter_card":"summary_large_image","twitter_misc":{"Est. reading time":"1 minute"},"schema":{"@context":"https:\/\/schema.org","@graph":[{"@type":"WebPage","@id":"http:\/\/52.77.24.187\/vi\/san-pham\/overmorrow-ha-noi-weisse-sour\/","url":"http:\/\/52.77.24.187\/vi\/san-pham\/overmorrow-ha-noi-weisse-sour\/","name":"Overmorrow H\u00e0 N\u1ed9i Weisse Sour - The Bottle Shop","isPartOf":{"@id":"http:\/\/52.77.24.187\/#website"},"primaryImageOfPage":{"@id":"http:\/\/52.77.24.187\/vi\/san-pham\/overmorrow-ha-noi-weisse-sour\/#primaryimage"},"image":{"@id":"http:\/\/52.77.24.187\/vi\/san-pham\/overmorrow-ha-noi-weisse-sour\/#primaryimage"},"thumbnailUrl":"https:\/\/mlsrfcxkkbzg.i.optimole.com\/cb:JbP2.215d7\/w:auto\/h:auto\/q:mauto\/ig:avif\/https:\/\/thebottleshop.vn\/wp-content\/uploads\/2023\/08\/Overmorrow-Hanoi-Weisse-Sour.png","datePublished":"2023-08-27T10:44:03+00:00","dateModified":"2025-06-05T03:39:51+00:00","description":"Overmorrow H\u00e0 N\u1ed9i Weisse l\u00e0 m\u1ed9t phi\u00ean b\u1ea3n \u0111\u1eadm ch\u1ea5t \u0111\u1ecba ph\u01b0\u01a1ng tinh t\u1ebf \u0111\u01b0\u1ee3c bi\u1ebfn th\u1ec3 t\u1eeb Berliner Weisse, s\u1eed d\u1ee5ng men bia brettanomyces truy\u1ec1n th\u1ed1ng.","breadcrumb":{"@id":"http:\/\/52.77.24.187\/vi\/san-pham\/overmorrow-ha-noi-weisse-sour\/#breadcrumb"},"inLanguage":"vi-VN","potentialAction":[{"@type":"ReadAction","target":["http:\/\/52.77.24.187\/vi\/san-pham\/overmorrow-ha-noi-weisse-sour\/"]}]},{"@type":"ImageObject","inLanguage":"vi-VN","@id":"http:\/\/52.77.24.187\/vi\/san-pham\/overmorrow-ha-noi-weisse-sour\/#primaryimage","url":"https:\/\/mlsrfcxkkbzg.i.optimole.com\/cb:JbP2.215d7\/w:auto\/h:auto\/q:mauto\/ig:avif\/https:\/\/thebottleshop.vn\/wp-content\/uploads\/2023\/08\/Overmorrow-Hanoi-Weisse-Sour.png","contentUrl":"https:\/\/mlsrfcxkkbzg.i.optimole.com\/cb:JbP2.215d7\/w:auto\/h:auto\/q:mauto\/ig:avif\/https:\/\/thebottleshop.vn\/wp-content\/uploads\/2023\/08\/Overmorrow-Hanoi-Weisse-Sour.png","width":1080,"height":1080,"caption":"Overmorrow Hanoi Weisse Sour"},{"@type":"BreadcrumbList","@id":"http:\/\/52.77.24.187\/vi\/san-pham\/overmorrow-ha-noi-weisse-sour\/#breadcrumb","itemListElement":[{"@type":"ListItem","position":1,"name":"Home","item":"http:\/\/52.77.24.187\/vi\/test-popup-vi\/"},{"@type":"ListItem","position":2,"name":"C\u1eeda h\u00e0ng","item":"http:\/\/52.77.24.187\/vi\/cua-hang\/"},{"@type":"ListItem","position":3,"name":"Overmorrow H\u00e0 N\u1ed9i Weisse Sour"}]},{"@type":"WebSite","@id":"http:\/\/52.77.24.187\/#website","url":"http:\/\/52.77.24.187\/","name":"The Bottle Shop","description":"All beers are not created equal","publisher":{"@id":"http:\/\/52.77.24.187\/#organization"},"potentialAction":[{"@type":"SearchAction","target":{"@type":"EntryPoint","urlTemplate":"http:\/\/52.77.24.187\/?s={search_term_string}"},"query-input":{"@type":"PropertyValueSpecification","valueRequired":true,"valueName":"search_term_string"}}],"inLanguage":"vi-VN"},{"@type":"Organization","@id":"http:\/\/52.77.24.187\/#organization","name":"The Bottle Shop","url":"http:\/\/52.77.24.187\/","logo":{"@type":"ImageObject","inLanguage":"vi-VN","@id":"http:\/\/52.77.24.187\/#\/schema\/logo\/image\/","url":"https:\/\/mlsrfcxkkbzg.i.optimole.com\/cb:JbP2.215d7\/w:auto\/h:auto\/q:mauto\/ig:avif\/https:\/\/thebottleshop.vn\/wp-content\/uploads\/2022\/10\/The-Bottle-Shop-Online-Logo.png","contentUrl":"https:\/\/mlsrfcxkkbzg.i.optimole.com\/cb:JbP2.215d7\/w:auto\/h:auto\/q:mauto\/ig:avif\/https:\/\/thebottleshop.vn\/wp-content\/uploads\/2022\/10\/The-Bottle-Shop-Online-Logo.png","width":145,"height":147,"caption":"The Bottle Shop"},"image":{"@id":"http:\/\/52.77.24.187\/#\/schema\/logo\/image\/"},"sameAs":["https:\/\/www.facebook.com\/thebottleshopvietnam","https:\/\/www.instagram.com\/thebottleshop_vietnam\/"]}]}},"_links":{"self":[{"href":"https:\/\/thebottleshop.vn\/vi\/wp-json\/wp\/v2\/product\/18093","targetHints":{"allow":["GET"]}}],"collection":[{"href":"https:\/\/thebottleshop.vn\/vi\/wp-json\/wp\/v2\/product"}],"about":[{"href":"https:\/\/thebottleshop.vn\/vi\/wp-json\/wp\/v2\/types\/product"}],"replies":[{"embeddable":true,"href":"https:\/\/thebottleshop.vn\/vi\/wp-json\/wp\/v2\/comments?post=18093"}],"wp:featuredmedia":[{"embeddable":true,"href":"https:\/\/thebottleshop.vn\/vi\/wp-json\/wp\/v2\/media\/18083"}],"wp:attachment":[{"href":"https:\/\/thebottleshop.vn\/vi\/wp-json\/wp\/v2\/media?parent=18093"}],"wp:term":[{"taxonomy":"product_brand","embeddable":true,"href":"https:\/\/thebottleshop.vn\/vi\/wp-json\/wp\/v2\/product_brand?post=18093"},{"taxonomy":"product_cat","embeddable":true,"href":"https:\/\/thebottleshop.vn\/vi\/wp-json\/wp\/v2\/product_cat?post=18093"},{"taxonomy":"product_tag","embeddable":true,"href":"https:\/\/thebottleshop.vn\/vi\/wp-json\/wp\/v2\/product_tag?post=18093"}],"curies":[{"name":"wp","href":"https:\/\/api.w.org\/{rel}","templated":true}]}}