{"id":18113,"date":"2023-08-31T17:52:10","date_gmt":"2023-08-31T10:52:10","guid":{"rendered":"https:\/\/thebottleshop.vn\/product\/fuzzy-logic-craft-lager-6-pack\/"},"modified":"2024-10-10T12:00:19","modified_gmt":"2024-10-10T05:00:19","slug":"fuzzy-fridays-craft-lager","status":"publish","type":"product","link":"https:\/\/thebottleshop.vn\/vi\/san-pham\/fuzzy-fridays-craft-lager\/","title":{"rendered":"Fuzzy Fridays Craft Lager"},"content":{"rendered":"<p>TH\u1ee8 6 H\u00c0NG TU\u1ea6N, MUA 4 T\u1eb6NG 2 V\u1edaI FUZZY FRIDAYS!<\/p>\n<p>Fuzzy Logic Craft Lager l\u00e0 bia lager c\u1ed5 \u0111i\u1ec3n \u0111\u1eadm v\u1ecb m\u1ea1ch nha, s\u1ea3ng kho\u00e1i, d\u1ec5 u\u1ed1ng. V\u1ecb ng\u0169 c\u1ed1c thanh m\u00e1t trong khoang mi\u1ec7ng, c\u00e2n b\u1eb1ng v\u1edbi v\u1ecb hoa bia qu\u00fd ph\u00e1i, mang l\u1ea1i m\u1ed9t c\u1ea3m gi\u00e1c th\u1ecfa m\u00e3n v\u00e0 s\u00e1nh b\u1ecdt khi u\u1ed1ng.<\/p>\n<p>C\u1ea3 ng\u00e0y th\u1ee9 6 h\u00e0ng tu\u1ea5n, ch\u1ec9 c\u00f3 t\u1ea1i The Bottle Shop Online!<\/p>\n<p>\u2014\u2013<br \/>\nXem th\u01b0 vi\u1ec7n h\u00ecnh \u1ea3nh \u0111\u1ec3 bi\u1ebft th\u00eam th\u00f4ng tin chi ti\u1ebft v\u1ec1 ngu\u1ed3n g\u1ed1c, th\u00e0nh ph\u1ea7n v\u00e0 h\u01b0\u1edbng d\u1eabn s\u1eed d\u1ee5ng c\u1ee7a s\u1ea3n ph\u1ea9m.<\/p>\n","protected":false},"excerpt":{"rendered":"<p><strong>D\u1ecbu nh\u1eb9, Thanh m\u00e1t, D\u1ec5 u\u1ed1ng 4.3%<\/strong><\/p>\n","protected":false},"featured_media":18111,"comment_status":"open","ping_status":"closed","template":"","meta":{"_acf_changed":false},"product_brand":[],"product_cat":[378,385,337,340,347,374,351,366,345,377,339,341,352,356,439,574],"product_tag":[],"class_list":{"0":"post-18113","1":"product","2":"type-product","3":"status-publish","4":"has-post-thumbnail","6":"product_cat-00-19","7":"product_cat-top-deals","8":"product_cat-bia-va-cider","9":"product_cat-vietnam-hcmc","10":"product_cat-4-5-9","11":"product_cat-500k-749k","12":"product_cat-dong-bia","13":"product_cat-nha-san-xuat","14":"product_cat-abv-vi","15":"product_cat-ibu","16":"product_cat-xuat-xu","17":"product_cat-dong-goi","18":"product_cat-gia","19":"product_cat-lager","20":"product_cat-fuzzy-logic-brewing-co","21":"product_cat-lon-6-pack","23":"first","24":"instock","25":"sale","26":"shipping-taxable","27":"purchasable","28":"product-type-simple","29":"add-to-wishlist-before_image"},"acf":[],"yoast_head":"<!-- This site is optimized with the Yoast SEO plugin v27.2 - https:\/\/yoast.com\/product\/yoast-seo-wordpress\/ -->\n<title>Fuzzy Fridays Craft Lager - The Bottle Shop<\/title>\n<meta name=\"description\" content=\"TH\u1ee8 6 H\u00c0NG TU\u1ea6N, MUA 4 T\u1eb6NG 2 V\u1edaI FUZZY FRIDAYS! Fuzzy Logic Craft Lager l\u00e0 bia lager c\u1ed5 \u0111i\u1ec3n \u0111\u1eadm v\u1ecb m\u1ea1ch nha, s\u1ea3ng kho\u00e1i, d\u1ec5 u\u1ed1ng.\" \/>\n<meta name=\"robots\" content=\"index, follow, max-snippet:-1, max-image-preview:large, max-video-preview:-1\" \/>\n<link rel=\"canonical\" href=\"http:\/\/52.77.24.187\/vi\/san-pham\/fuzzy-fridays-craft-lager\/\" \/>\n<meta property=\"og:locale\" content=\"vi_VN\" \/>\n<meta property=\"og:type\" content=\"article\" \/>\n<meta property=\"og:title\" content=\"Fuzzy Fridays Craft Lager - The Bottle Shop\" \/>\n<meta property=\"og:description\" content=\"TH\u1ee8 6 H\u00c0NG TU\u1ea6N, MUA 4 T\u1eb6NG 2 V\u1edaI FUZZY FRIDAYS! Fuzzy Logic Craft Lager l\u00e0 bia lager c\u1ed5 \u0111i\u1ec3n \u0111\u1eadm v\u1ecb m\u1ea1ch nha, s\u1ea3ng kho\u00e1i, d\u1ec5 u\u1ed1ng.\" \/>\n<meta property=\"og:url\" content=\"http:\/\/52.77.24.187\/vi\/san-pham\/fuzzy-fridays-craft-lager\/\" \/>\n<meta property=\"og:site_name\" content=\"The Bottle Shop\" \/>\n<meta property=\"article:publisher\" content=\"https:\/\/www.facebook.com\/thebottleshopvietnam\" \/>\n<meta property=\"article:modified_time\" content=\"2024-10-10T05:00:19+00:00\" \/>\n<meta property=\"og:image\" content=\"https:\/\/mlsrfcxkkbzg.i.optimole.com\/cb:JbP2.215d7\/w:auto\/h:auto\/q:mauto\/ig:avif\/http:\/\/52.77.24.187\/wp-content\/uploads\/2023\/08\/371545806_336453705431403_6054675350782969517_n.png\" \/>\n\t<meta property=\"og:image:width\" content=\"1080\" \/>\n\t<meta property=\"og:image:height\" content=\"1080\" \/>\n\t<meta property=\"og:image:type\" content=\"image\/png\" \/>\n<meta name=\"twitter:card\" content=\"summary_large_image\" \/>\n<meta name=\"twitter:label1\" content=\"Est. reading time\" \/>\n\t<meta name=\"twitter:data1\" content=\"1 minute\" \/>\n<script type=\"application\/ld+json\" class=\"yoast-schema-graph\">{\"@context\":\"https:\/\/schema.org\",\"@graph\":[{\"@type\":\"WebPage\",\"@id\":\"http:\/\/52.77.24.187\/vi\/san-pham\/fuzzy-fridays-craft-lager\/\",\"url\":\"http:\/\/52.77.24.187\/vi\/san-pham\/fuzzy-fridays-craft-lager\/\",\"name\":\"Fuzzy Fridays Craft Lager - The Bottle Shop\",\"isPartOf\":{\"@id\":\"http:\/\/52.77.24.187\/#website\"},\"primaryImageOfPage\":{\"@id\":\"http:\/\/52.77.24.187\/vi\/san-pham\/fuzzy-fridays-craft-lager\/#primaryimage\"},\"image\":{\"@id\":\"http:\/\/52.77.24.187\/vi\/san-pham\/fuzzy-fridays-craft-lager\/#primaryimage\"},\"thumbnailUrl\":\"https:\/\/mlsrfcxkkbzg.i.optimole.com\/cb:JbP2.215d7\/w:auto\/h:auto\/q:mauto\/ig:avif\/https:\/\/thebottleshop.vn\/wp-content\/uploads\/2023\/08\/371545806_336453705431403_6054675350782969517_n.png\",\"datePublished\":\"2023-08-31T10:52:10+00:00\",\"dateModified\":\"2024-10-10T05:00:19+00:00\",\"description\":\"TH\u1ee8 6 H\u00c0NG TU\u1ea6N, MUA 4 T\u1eb6NG 2 V\u1edaI FUZZY FRIDAYS! Fuzzy Logic Craft Lager l\u00e0 bia lager c\u1ed5 \u0111i\u1ec3n \u0111\u1eadm v\u1ecb m\u1ea1ch nha, s\u1ea3ng kho\u00e1i, d\u1ec5 u\u1ed1ng.\",\"breadcrumb\":{\"@id\":\"http:\/\/52.77.24.187\/vi\/san-pham\/fuzzy-fridays-craft-lager\/#breadcrumb\"},\"inLanguage\":\"vi-VN\",\"potentialAction\":[{\"@type\":\"ReadAction\",\"target\":[\"http:\/\/52.77.24.187\/vi\/san-pham\/fuzzy-fridays-craft-lager\/\"]}]},{\"@type\":\"ImageObject\",\"inLanguage\":\"vi-VN\",\"@id\":\"http:\/\/52.77.24.187\/vi\/san-pham\/fuzzy-fridays-craft-lager\/#primaryimage\",\"url\":\"https:\/\/mlsrfcxkkbzg.i.optimole.com\/cb:JbP2.215d7\/w:auto\/h:auto\/q:mauto\/ig:avif\/https:\/\/thebottleshop.vn\/wp-content\/uploads\/2023\/08\/371545806_336453705431403_6054675350782969517_n.png\",\"contentUrl\":\"https:\/\/mlsrfcxkkbzg.i.optimole.com\/cb:JbP2.215d7\/w:auto\/h:auto\/q:mauto\/ig:avif\/https:\/\/thebottleshop.vn\/wp-content\/uploads\/2023\/08\/371545806_336453705431403_6054675350782969517_n.png\",\"width\":1080,\"height\":1080,\"caption\":\"Fuzzy Logic Craft Lager [6-pack]\"},{\"@type\":\"BreadcrumbList\",\"@id\":\"http:\/\/52.77.24.187\/vi\/san-pham\/fuzzy-fridays-craft-lager\/#breadcrumb\",\"itemListElement\":[{\"@type\":\"ListItem\",\"position\":1,\"name\":\"Home\",\"item\":\"http:\/\/52.77.24.187\/vi\/test-popup-vi\/\"},{\"@type\":\"ListItem\",\"position\":2,\"name\":\"C\u1eeda h\u00e0ng\",\"item\":\"http:\/\/52.77.24.187\/vi\/cua-hang\/\"},{\"@type\":\"ListItem\",\"position\":3,\"name\":\"Fuzzy Fridays Craft Lager\"}]},{\"@type\":\"WebSite\",\"@id\":\"http:\/\/52.77.24.187\/#website\",\"url\":\"http:\/\/52.77.24.187\/\",\"name\":\"The Bottle Shop\",\"description\":\"All beers are not created equal\",\"publisher\":{\"@id\":\"http:\/\/52.77.24.187\/#organization\"},\"potentialAction\":[{\"@type\":\"SearchAction\",\"target\":{\"@type\":\"EntryPoint\",\"urlTemplate\":\"http:\/\/52.77.24.187\/?s={search_term_string}\"},\"query-input\":{\"@type\":\"PropertyValueSpecification\",\"valueRequired\":true,\"valueName\":\"search_term_string\"}}],\"inLanguage\":\"vi-VN\"},{\"@type\":\"Organization\",\"@id\":\"http:\/\/52.77.24.187\/#organization\",\"name\":\"The Bottle Shop\",\"url\":\"http:\/\/52.77.24.187\/\",\"logo\":{\"@type\":\"ImageObject\",\"inLanguage\":\"vi-VN\",\"@id\":\"http:\/\/52.77.24.187\/#\/schema\/logo\/image\/\",\"url\":\"https:\/\/mlsrfcxkkbzg.i.optimole.com\/cb:JbP2.215d7\/w:auto\/h:auto\/q:mauto\/ig:avif\/https:\/\/thebottleshop.vn\/wp-content\/uploads\/2022\/10\/The-Bottle-Shop-Online-Logo.png\",\"contentUrl\":\"https:\/\/mlsrfcxkkbzg.i.optimole.com\/cb:JbP2.215d7\/w:auto\/h:auto\/q:mauto\/ig:avif\/https:\/\/thebottleshop.vn\/wp-content\/uploads\/2022\/10\/The-Bottle-Shop-Online-Logo.png\",\"width\":145,\"height\":147,\"caption\":\"The Bottle Shop\"},\"image\":{\"@id\":\"http:\/\/52.77.24.187\/#\/schema\/logo\/image\/\"},\"sameAs\":[\"https:\/\/www.facebook.com\/thebottleshopvietnam\",\"https:\/\/www.instagram.com\/thebottleshop_vietnam\/\"]}]}<\/script>\n<!-- \/ Yoast SEO plugin. -->","yoast_head_json":{"title":"Fuzzy Fridays Craft Lager - The Bottle Shop","description":"TH\u1ee8 6 H\u00c0NG TU\u1ea6N, MUA 4 T\u1eb6NG 2 V\u1edaI FUZZY FRIDAYS! Fuzzy Logic Craft Lager l\u00e0 bia lager c\u1ed5 \u0111i\u1ec3n \u0111\u1eadm v\u1ecb m\u1ea1ch nha, s\u1ea3ng kho\u00e1i, d\u1ec5 u\u1ed1ng.","robots":{"index":"index","follow":"follow","max-snippet":"max-snippet:-1","max-image-preview":"max-image-preview:large","max-video-preview":"max-video-preview:-1"},"canonical":"http:\/\/52.77.24.187\/vi\/san-pham\/fuzzy-fridays-craft-lager\/","og_locale":"vi_VN","og_type":"article","og_title":"Fuzzy Fridays Craft Lager - The Bottle Shop","og_description":"TH\u1ee8 6 H\u00c0NG TU\u1ea6N, MUA 4 T\u1eb6NG 2 V\u1edaI FUZZY FRIDAYS! Fuzzy Logic Craft Lager l\u00e0 bia lager c\u1ed5 \u0111i\u1ec3n \u0111\u1eadm v\u1ecb m\u1ea1ch nha, s\u1ea3ng kho\u00e1i, d\u1ec5 u\u1ed1ng.","og_url":"http:\/\/52.77.24.187\/vi\/san-pham\/fuzzy-fridays-craft-lager\/","og_site_name":"The Bottle Shop","article_publisher":"https:\/\/www.facebook.com\/thebottleshopvietnam","article_modified_time":"2024-10-10T05:00:19+00:00","og_image":[{"width":1080,"height":1080,"url":"https:\/\/mlsrfcxkkbzg.i.optimole.com\/cb:JbP2.215d7\/w:auto\/h:auto\/q:mauto\/ig:avif\/http:\/\/52.77.24.187\/wp-content\/uploads\/2023\/08\/371545806_336453705431403_6054675350782969517_n.png","type":"image\/png"}],"twitter_card":"summary_large_image","twitter_misc":{"Est. reading time":"1 minute"},"schema":{"@context":"https:\/\/schema.org","@graph":[{"@type":"WebPage","@id":"http:\/\/52.77.24.187\/vi\/san-pham\/fuzzy-fridays-craft-lager\/","url":"http:\/\/52.77.24.187\/vi\/san-pham\/fuzzy-fridays-craft-lager\/","name":"Fuzzy Fridays Craft Lager - The Bottle Shop","isPartOf":{"@id":"http:\/\/52.77.24.187\/#website"},"primaryImageOfPage":{"@id":"http:\/\/52.77.24.187\/vi\/san-pham\/fuzzy-fridays-craft-lager\/#primaryimage"},"image":{"@id":"http:\/\/52.77.24.187\/vi\/san-pham\/fuzzy-fridays-craft-lager\/#primaryimage"},"thumbnailUrl":"https:\/\/mlsrfcxkkbzg.i.optimole.com\/cb:JbP2.215d7\/w:auto\/h:auto\/q:mauto\/ig:avif\/https:\/\/thebottleshop.vn\/wp-content\/uploads\/2023\/08\/371545806_336453705431403_6054675350782969517_n.png","datePublished":"2023-08-31T10:52:10+00:00","dateModified":"2024-10-10T05:00:19+00:00","description":"TH\u1ee8 6 H\u00c0NG TU\u1ea6N, MUA 4 T\u1eb6NG 2 V\u1edaI FUZZY FRIDAYS! Fuzzy Logic Craft Lager l\u00e0 bia lager c\u1ed5 \u0111i\u1ec3n \u0111\u1eadm v\u1ecb m\u1ea1ch nha, s\u1ea3ng kho\u00e1i, d\u1ec5 u\u1ed1ng.","breadcrumb":{"@id":"http:\/\/52.77.24.187\/vi\/san-pham\/fuzzy-fridays-craft-lager\/#breadcrumb"},"inLanguage":"vi-VN","potentialAction":[{"@type":"ReadAction","target":["http:\/\/52.77.24.187\/vi\/san-pham\/fuzzy-fridays-craft-lager\/"]}]},{"@type":"ImageObject","inLanguage":"vi-VN","@id":"http:\/\/52.77.24.187\/vi\/san-pham\/fuzzy-fridays-craft-lager\/#primaryimage","url":"https:\/\/mlsrfcxkkbzg.i.optimole.com\/cb:JbP2.215d7\/w:auto\/h:auto\/q:mauto\/ig:avif\/https:\/\/thebottleshop.vn\/wp-content\/uploads\/2023\/08\/371545806_336453705431403_6054675350782969517_n.png","contentUrl":"https:\/\/mlsrfcxkkbzg.i.optimole.com\/cb:JbP2.215d7\/w:auto\/h:auto\/q:mauto\/ig:avif\/https:\/\/thebottleshop.vn\/wp-content\/uploads\/2023\/08\/371545806_336453705431403_6054675350782969517_n.png","width":1080,"height":1080,"caption":"Fuzzy Logic Craft Lager [6-pack]"},{"@type":"BreadcrumbList","@id":"http:\/\/52.77.24.187\/vi\/san-pham\/fuzzy-fridays-craft-lager\/#breadcrumb","itemListElement":[{"@type":"ListItem","position":1,"name":"Home","item":"http:\/\/52.77.24.187\/vi\/test-popup-vi\/"},{"@type":"ListItem","position":2,"name":"C\u1eeda h\u00e0ng","item":"http:\/\/52.77.24.187\/vi\/cua-hang\/"},{"@type":"ListItem","position":3,"name":"Fuzzy Fridays Craft Lager"}]},{"@type":"WebSite","@id":"http:\/\/52.77.24.187\/#website","url":"http:\/\/52.77.24.187\/","name":"The Bottle Shop","description":"All beers are not created equal","publisher":{"@id":"http:\/\/52.77.24.187\/#organization"},"potentialAction":[{"@type":"SearchAction","target":{"@type":"EntryPoint","urlTemplate":"http:\/\/52.77.24.187\/?s={search_term_string}"},"query-input":{"@type":"PropertyValueSpecification","valueRequired":true,"valueName":"search_term_string"}}],"inLanguage":"vi-VN"},{"@type":"Organization","@id":"http:\/\/52.77.24.187\/#organization","name":"The Bottle Shop","url":"http:\/\/52.77.24.187\/","logo":{"@type":"ImageObject","inLanguage":"vi-VN","@id":"http:\/\/52.77.24.187\/#\/schema\/logo\/image\/","url":"https:\/\/mlsrfcxkkbzg.i.optimole.com\/cb:JbP2.215d7\/w:auto\/h:auto\/q:mauto\/ig:avif\/https:\/\/thebottleshop.vn\/wp-content\/uploads\/2022\/10\/The-Bottle-Shop-Online-Logo.png","contentUrl":"https:\/\/mlsrfcxkkbzg.i.optimole.com\/cb:JbP2.215d7\/w:auto\/h:auto\/q:mauto\/ig:avif\/https:\/\/thebottleshop.vn\/wp-content\/uploads\/2022\/10\/The-Bottle-Shop-Online-Logo.png","width":145,"height":147,"caption":"The Bottle Shop"},"image":{"@id":"http:\/\/52.77.24.187\/#\/schema\/logo\/image\/"},"sameAs":["https:\/\/www.facebook.com\/thebottleshopvietnam","https:\/\/www.instagram.com\/thebottleshop_vietnam\/"]}]}},"_links":{"self":[{"href":"https:\/\/thebottleshop.vn\/vi\/wp-json\/wp\/v2\/product\/18113","targetHints":{"allow":["GET"]}}],"collection":[{"href":"https:\/\/thebottleshop.vn\/vi\/wp-json\/wp\/v2\/product"}],"about":[{"href":"https:\/\/thebottleshop.vn\/vi\/wp-json\/wp\/v2\/types\/product"}],"replies":[{"embeddable":true,"href":"https:\/\/thebottleshop.vn\/vi\/wp-json\/wp\/v2\/comments?post=18113"}],"wp:featuredmedia":[{"embeddable":true,"href":"https:\/\/thebottleshop.vn\/vi\/wp-json\/wp\/v2\/media\/18111"}],"wp:attachment":[{"href":"https:\/\/thebottleshop.vn\/vi\/wp-json\/wp\/v2\/media?parent=18113"}],"wp:term":[{"taxonomy":"product_brand","embeddable":true,"href":"https:\/\/thebottleshop.vn\/vi\/wp-json\/wp\/v2\/product_brand?post=18113"},{"taxonomy":"product_cat","embeddable":true,"href":"https:\/\/thebottleshop.vn\/vi\/wp-json\/wp\/v2\/product_cat?post=18113"},{"taxonomy":"product_tag","embeddable":true,"href":"https:\/\/thebottleshop.vn\/vi\/wp-json\/wp\/v2\/product_tag?post=18113"}],"curies":[{"name":"wp","href":"https:\/\/api.w.org\/{rel}","templated":true}]}}