{"id":18134,"date":"2023-09-06T16:46:45","date_gmt":"2023-09-06T09:46:45","guid":{"rendered":"https:\/\/thebottleshop.vn\/product\/36-streets-opera-house-tripel\/"},"modified":"2023-09-07T14:10:20","modified_gmt":"2023-09-07T07:10:20","slug":"36-streets-opera-house-tripel","status":"publish","type":"product","link":"https:\/\/thebottleshop.vn\/vi\/san-pham\/36-streets-opera-house-tripel\/","title":{"rendered":"36 Streets Nh\u00e0 H\u00e1t L\u1edbn Tripel"},"content":{"rendered":"<p>36 Streets Nh\u00e0 H\u00e1t L\u1edbn Tripel. N\u1ebfu nh\u01b0 \u0111\u1ed1i v\u1edbi ng\u01b0\u1eddi H\u00e0 N\u1ed9i, Nh\u00e0 H\u00e1t L\u1edbn \u0111\u01b0\u1ee3c t\u00f4n vinh nh\u01b0 m\u1ed9t bi\u1ec3u t\u01b0\u1ee3ng di s\u1ea3n c\u1ee7a ngh\u1ec7 thu\u1eadt th\u1ee7 \u0111\u00f4, th\u00ec Nh\u00e0 H\u00e1t L\u1edbn Tripel l\u00e0 c\u0169ng gi\u1ed1ng nh\u01b0 m\u1ed9t bi\u1ec3u t\u01b0\u1ee3ng tinh hoa trong v\u0103n ho\u00e1 bia th\u1ee7 c\u00f4ng. V\u1eb9n nguy\u00ean c\u00f4ng th\u1ee9c l\u01b0u truy\u1ec1n h\u00e0ng tr\u0103m n\u0103m, Nh\u00e0 H\u00e1t L\u1edbn Tripel nh\u01b0 m\u1ed9t b\u1ea3n h\u00f2a t\u1ea5u mang nhi\u1ec1u n\u1ed1t h\u01b0\u01a1ng th\u00fa v\u1ecb, ph\u1ee9c h\u1ee3p t\u1ea7ng h\u01b0\u01a1ng v\u1edbi m\u1ea1nh nha d\u1ecbu ng\u1ecdt, c\u00f9ng s\u1eafc \u0111\u1ecf quy\u1ebfn r\u0169 t\u1ea1o n\u00ean tr\u1ea3i nghi\u1ec7m bia th\u1eadt s\u1ef1 tr\u1ecdn v\u1eb9n v\u00e0 gi\u00e0u c\u1ea3m x\u00fac.<\/p>\n<p>\u2014\u2013<br \/>\nXem th\u01b0 vi\u1ec7n h\u00ecnh \u1ea3nh \u0111\u1ec3 bi\u1ebft th\u00eam th\u00f4ng tin chi ti\u1ebft v\u1ec1 ngu\u1ed3n g\u1ed1c, th\u00e0nh ph\u1ea7n v\u00e0 h\u01b0\u1edbng d\u1eabn s\u1eed d\u1ee5ng c\u1ee7a s\u1ea3n ph\u1ea9m.<\/p>\n","protected":false},"excerpt":{"rendered":"<p><strong>\u0110\u1eadm \u0111\u00e0, \u0110a d\u1ea1ng, Th\u01a1m 7.5%<\/strong><\/p>\n","protected":false},"featured_media":18152,"comment_status":"open","ping_status":"closed","template":"","meta":{"_acf_changed":false},"product_brand":[],"product_cat":[390,337,379,437,348,354,362,342,351,366,345,377,339,341,352],"product_tag":[],"class_list":{"0":"post-18134","1":"product","2":"type-product","3":"status-publish","4":"has-post-thumbnail","6":"product_cat-vietnam-hanoi","7":"product_cat-bia-va-cider","8":"product_cat-20-39","9":"product_cat-36-streets-craft-beer","10":"product_cat-6-7-9","11":"product_cat-75k-99k","12":"product_cat-bia-kieu-bi","13":"product_cat-chai-330-ml","14":"product_cat-dong-bia","15":"product_cat-nha-san-xuat","16":"product_cat-abv-vi","17":"product_cat-ibu","18":"product_cat-xuat-xu","19":"product_cat-dong-goi","20":"product_cat-gia","22":"first","23":"instock","24":"shipping-taxable","25":"purchasable","26":"product-type-simple","27":"add-to-wishlist-before_image"},"acf":[],"yoast_head":"<!-- This site is optimized with the Yoast SEO plugin v27.2 - https:\/\/yoast.com\/product\/yoast-seo-wordpress\/ -->\n<title>36 Streets Nh\u00e0 H\u00e1t L\u1edbn Tripel - The Bottle Shop<\/title>\n<meta name=\"description\" content=\"36 Streets Nh\u00e0 H\u00e1t L\u1edbn Tripel nh\u01b0 m\u1ed9t b\u1ea3n h\u00f2a t\u1ea5u mang nhi\u1ec1u n\u1ed1t h\u01b0\u01a1ng th\u00fa v\u1ecb, ph\u1ee9c h\u1ee3p t\u1ea7ng h\u01b0\u01a1ng v\u1edbi m\u1ea1nh nha d\u1ecbu ng\u1ecdt, c\u00f9ng s\u1eafc \u0111\u1ecf quy\u1ebfn r\u0169.\" \/>\n<meta name=\"robots\" content=\"index, follow, max-snippet:-1, max-image-preview:large, max-video-preview:-1\" \/>\n<link rel=\"canonical\" href=\"http:\/\/52.77.24.187\/vi\/san-pham\/36-streets-opera-house-tripel\/\" \/>\n<meta property=\"og:locale\" content=\"vi_VN\" \/>\n<meta property=\"og:type\" content=\"article\" \/>\n<meta property=\"og:title\" content=\"36 Streets Nh\u00e0 H\u00e1t L\u1edbn Tripel - The Bottle Shop\" \/>\n<meta property=\"og:description\" content=\"36 Streets Nh\u00e0 H\u00e1t L\u1edbn Tripel nh\u01b0 m\u1ed9t b\u1ea3n h\u00f2a t\u1ea5u mang nhi\u1ec1u n\u1ed1t h\u01b0\u01a1ng th\u00fa v\u1ecb, ph\u1ee9c h\u1ee3p t\u1ea7ng h\u01b0\u01a1ng v\u1edbi m\u1ea1nh nha d\u1ecbu ng\u1ecdt, c\u00f9ng s\u1eafc \u0111\u1ecf quy\u1ebfn r\u0169.\" \/>\n<meta property=\"og:url\" content=\"http:\/\/52.77.24.187\/vi\/san-pham\/36-streets-opera-house-tripel\/\" \/>\n<meta property=\"og:site_name\" content=\"The Bottle Shop\" \/>\n<meta property=\"article:publisher\" content=\"https:\/\/www.facebook.com\/thebottleshopvietnam\" \/>\n<meta property=\"article:modified_time\" content=\"2023-09-07T07:10:20+00:00\" \/>\n<meta property=\"og:image\" content=\"https:\/\/mlsrfcxkkbzg.i.optimole.com\/cb:JbP2.215d7\/w:auto\/h:auto\/q:mauto\/ig:avif\/http:\/\/52.77.24.187\/wp-content\/uploads\/2023\/09\/36-Streets-Opera-House-Nha-Hat-Lon-Tripel.png\" \/>\n\t<meta property=\"og:image:width\" content=\"1080\" \/>\n\t<meta property=\"og:image:height\" content=\"1080\" \/>\n\t<meta property=\"og:image:type\" content=\"image\/png\" \/>\n<meta name=\"twitter:card\" content=\"summary_large_image\" \/>\n<meta name=\"twitter:label1\" content=\"Est. reading time\" \/>\n\t<meta name=\"twitter:data1\" content=\"1 minute\" \/>\n<script type=\"application\/ld+json\" class=\"yoast-schema-graph\">{\"@context\":\"https:\/\/schema.org\",\"@graph\":[{\"@type\":\"WebPage\",\"@id\":\"http:\/\/52.77.24.187\/vi\/san-pham\/36-streets-opera-house-tripel\/\",\"url\":\"http:\/\/52.77.24.187\/vi\/san-pham\/36-streets-opera-house-tripel\/\",\"name\":\"36 Streets Nh\u00e0 H\u00e1t L\u1edbn Tripel - The Bottle Shop\",\"isPartOf\":{\"@id\":\"http:\/\/52.77.24.187\/#website\"},\"primaryImageOfPage\":{\"@id\":\"http:\/\/52.77.24.187\/vi\/san-pham\/36-streets-opera-house-tripel\/#primaryimage\"},\"image\":{\"@id\":\"http:\/\/52.77.24.187\/vi\/san-pham\/36-streets-opera-house-tripel\/#primaryimage\"},\"thumbnailUrl\":\"https:\/\/mlsrfcxkkbzg.i.optimole.com\/cb:JbP2.215d7\/w:auto\/h:auto\/q:mauto\/ig:avif\/https:\/\/thebottleshop.vn\/wp-content\/uploads\/2023\/09\/36-Streets-Opera-House-Nha-Hat-Lon-Tripel.png\",\"datePublished\":\"2023-09-06T09:46:45+00:00\",\"dateModified\":\"2023-09-07T07:10:20+00:00\",\"description\":\"36 Streets Nh\u00e0 H\u00e1t L\u1edbn Tripel nh\u01b0 m\u1ed9t b\u1ea3n h\u00f2a t\u1ea5u mang nhi\u1ec1u n\u1ed1t h\u01b0\u01a1ng th\u00fa v\u1ecb, ph\u1ee9c h\u1ee3p t\u1ea7ng h\u01b0\u01a1ng v\u1edbi m\u1ea1nh nha d\u1ecbu ng\u1ecdt, c\u00f9ng s\u1eafc \u0111\u1ecf quy\u1ebfn r\u0169.\",\"breadcrumb\":{\"@id\":\"http:\/\/52.77.24.187\/vi\/san-pham\/36-streets-opera-house-tripel\/#breadcrumb\"},\"inLanguage\":\"vi-VN\",\"potentialAction\":[{\"@type\":\"ReadAction\",\"target\":[\"http:\/\/52.77.24.187\/vi\/san-pham\/36-streets-opera-house-tripel\/\"]}]},{\"@type\":\"ImageObject\",\"inLanguage\":\"vi-VN\",\"@id\":\"http:\/\/52.77.24.187\/vi\/san-pham\/36-streets-opera-house-tripel\/#primaryimage\",\"url\":\"https:\/\/mlsrfcxkkbzg.i.optimole.com\/cb:JbP2.215d7\/w:auto\/h:auto\/q:mauto\/ig:avif\/https:\/\/thebottleshop.vn\/wp-content\/uploads\/2023\/09\/36-Streets-Opera-House-Nha-Hat-Lon-Tripel.png\",\"contentUrl\":\"https:\/\/mlsrfcxkkbzg.i.optimole.com\/cb:JbP2.215d7\/w:auto\/h:auto\/q:mauto\/ig:avif\/https:\/\/thebottleshop.vn\/wp-content\/uploads\/2023\/09\/36-Streets-Opera-House-Nha-Hat-Lon-Tripel.png\",\"width\":1080,\"height\":1080,\"caption\":\"36 Streets Opera House Nh\u00e0 H\u00e1t L\u1edbn Tripel\"},{\"@type\":\"BreadcrumbList\",\"@id\":\"http:\/\/52.77.24.187\/vi\/san-pham\/36-streets-opera-house-tripel\/#breadcrumb\",\"itemListElement\":[{\"@type\":\"ListItem\",\"position\":1,\"name\":\"Home\",\"item\":\"http:\/\/52.77.24.187\/vi\/test-popup-vi\/\"},{\"@type\":\"ListItem\",\"position\":2,\"name\":\"C\u1eeda h\u00e0ng\",\"item\":\"http:\/\/52.77.24.187\/vi\/cua-hang\/\"},{\"@type\":\"ListItem\",\"position\":3,\"name\":\"36 Streets Nh\u00e0 H\u00e1t L\u1edbn Tripel\"}]},{\"@type\":\"WebSite\",\"@id\":\"http:\/\/52.77.24.187\/#website\",\"url\":\"http:\/\/52.77.24.187\/\",\"name\":\"The Bottle Shop\",\"description\":\"All beers are not created equal\",\"publisher\":{\"@id\":\"http:\/\/52.77.24.187\/#organization\"},\"potentialAction\":[{\"@type\":\"SearchAction\",\"target\":{\"@type\":\"EntryPoint\",\"urlTemplate\":\"http:\/\/52.77.24.187\/?s={search_term_string}\"},\"query-input\":{\"@type\":\"PropertyValueSpecification\",\"valueRequired\":true,\"valueName\":\"search_term_string\"}}],\"inLanguage\":\"vi-VN\"},{\"@type\":\"Organization\",\"@id\":\"http:\/\/52.77.24.187\/#organization\",\"name\":\"The Bottle Shop\",\"url\":\"http:\/\/52.77.24.187\/\",\"logo\":{\"@type\":\"ImageObject\",\"inLanguage\":\"vi-VN\",\"@id\":\"http:\/\/52.77.24.187\/#\/schema\/logo\/image\/\",\"url\":\"https:\/\/mlsrfcxkkbzg.i.optimole.com\/cb:JbP2.215d7\/w:auto\/h:auto\/q:mauto\/ig:avif\/https:\/\/thebottleshop.vn\/wp-content\/uploads\/2022\/10\/The-Bottle-Shop-Online-Logo.png\",\"contentUrl\":\"https:\/\/mlsrfcxkkbzg.i.optimole.com\/cb:JbP2.215d7\/w:auto\/h:auto\/q:mauto\/ig:avif\/https:\/\/thebottleshop.vn\/wp-content\/uploads\/2022\/10\/The-Bottle-Shop-Online-Logo.png\",\"width\":145,\"height\":147,\"caption\":\"The Bottle Shop\"},\"image\":{\"@id\":\"http:\/\/52.77.24.187\/#\/schema\/logo\/image\/\"},\"sameAs\":[\"https:\/\/www.facebook.com\/thebottleshopvietnam\",\"https:\/\/www.instagram.com\/thebottleshop_vietnam\/\"]}]}<\/script>\n<!-- \/ Yoast SEO plugin. -->","yoast_head_json":{"title":"36 Streets Nh\u00e0 H\u00e1t L\u1edbn Tripel - The Bottle Shop","description":"36 Streets Nh\u00e0 H\u00e1t L\u1edbn Tripel nh\u01b0 m\u1ed9t b\u1ea3n h\u00f2a t\u1ea5u mang nhi\u1ec1u n\u1ed1t h\u01b0\u01a1ng th\u00fa v\u1ecb, ph\u1ee9c h\u1ee3p t\u1ea7ng h\u01b0\u01a1ng v\u1edbi m\u1ea1nh nha d\u1ecbu ng\u1ecdt, c\u00f9ng s\u1eafc \u0111\u1ecf quy\u1ebfn r\u0169.","robots":{"index":"index","follow":"follow","max-snippet":"max-snippet:-1","max-image-preview":"max-image-preview:large","max-video-preview":"max-video-preview:-1"},"canonical":"http:\/\/52.77.24.187\/vi\/san-pham\/36-streets-opera-house-tripel\/","og_locale":"vi_VN","og_type":"article","og_title":"36 Streets Nh\u00e0 H\u00e1t L\u1edbn Tripel - The Bottle Shop","og_description":"36 Streets Nh\u00e0 H\u00e1t L\u1edbn Tripel nh\u01b0 m\u1ed9t b\u1ea3n h\u00f2a t\u1ea5u mang nhi\u1ec1u n\u1ed1t h\u01b0\u01a1ng th\u00fa v\u1ecb, ph\u1ee9c h\u1ee3p t\u1ea7ng h\u01b0\u01a1ng v\u1edbi m\u1ea1nh nha d\u1ecbu ng\u1ecdt, c\u00f9ng s\u1eafc \u0111\u1ecf quy\u1ebfn r\u0169.","og_url":"http:\/\/52.77.24.187\/vi\/san-pham\/36-streets-opera-house-tripel\/","og_site_name":"The Bottle Shop","article_publisher":"https:\/\/www.facebook.com\/thebottleshopvietnam","article_modified_time":"2023-09-07T07:10:20+00:00","og_image":[{"width":1080,"height":1080,"url":"https:\/\/mlsrfcxkkbzg.i.optimole.com\/cb:JbP2.215d7\/w:auto\/h:auto\/q:mauto\/ig:avif\/http:\/\/52.77.24.187\/wp-content\/uploads\/2023\/09\/36-Streets-Opera-House-Nha-Hat-Lon-Tripel.png","type":"image\/png"}],"twitter_card":"summary_large_image","twitter_misc":{"Est. reading time":"1 minute"},"schema":{"@context":"https:\/\/schema.org","@graph":[{"@type":"WebPage","@id":"http:\/\/52.77.24.187\/vi\/san-pham\/36-streets-opera-house-tripel\/","url":"http:\/\/52.77.24.187\/vi\/san-pham\/36-streets-opera-house-tripel\/","name":"36 Streets Nh\u00e0 H\u00e1t L\u1edbn Tripel - The Bottle Shop","isPartOf":{"@id":"http:\/\/52.77.24.187\/#website"},"primaryImageOfPage":{"@id":"http:\/\/52.77.24.187\/vi\/san-pham\/36-streets-opera-house-tripel\/#primaryimage"},"image":{"@id":"http:\/\/52.77.24.187\/vi\/san-pham\/36-streets-opera-house-tripel\/#primaryimage"},"thumbnailUrl":"https:\/\/mlsrfcxkkbzg.i.optimole.com\/cb:JbP2.215d7\/w:auto\/h:auto\/q:mauto\/ig:avif\/https:\/\/thebottleshop.vn\/wp-content\/uploads\/2023\/09\/36-Streets-Opera-House-Nha-Hat-Lon-Tripel.png","datePublished":"2023-09-06T09:46:45+00:00","dateModified":"2023-09-07T07:10:20+00:00","description":"36 Streets Nh\u00e0 H\u00e1t L\u1edbn Tripel nh\u01b0 m\u1ed9t b\u1ea3n h\u00f2a t\u1ea5u mang nhi\u1ec1u n\u1ed1t h\u01b0\u01a1ng th\u00fa v\u1ecb, ph\u1ee9c h\u1ee3p t\u1ea7ng h\u01b0\u01a1ng v\u1edbi m\u1ea1nh nha d\u1ecbu ng\u1ecdt, c\u00f9ng s\u1eafc \u0111\u1ecf quy\u1ebfn r\u0169.","breadcrumb":{"@id":"http:\/\/52.77.24.187\/vi\/san-pham\/36-streets-opera-house-tripel\/#breadcrumb"},"inLanguage":"vi-VN","potentialAction":[{"@type":"ReadAction","target":["http:\/\/52.77.24.187\/vi\/san-pham\/36-streets-opera-house-tripel\/"]}]},{"@type":"ImageObject","inLanguage":"vi-VN","@id":"http:\/\/52.77.24.187\/vi\/san-pham\/36-streets-opera-house-tripel\/#primaryimage","url":"https:\/\/mlsrfcxkkbzg.i.optimole.com\/cb:JbP2.215d7\/w:auto\/h:auto\/q:mauto\/ig:avif\/https:\/\/thebottleshop.vn\/wp-content\/uploads\/2023\/09\/36-Streets-Opera-House-Nha-Hat-Lon-Tripel.png","contentUrl":"https:\/\/mlsrfcxkkbzg.i.optimole.com\/cb:JbP2.215d7\/w:auto\/h:auto\/q:mauto\/ig:avif\/https:\/\/thebottleshop.vn\/wp-content\/uploads\/2023\/09\/36-Streets-Opera-House-Nha-Hat-Lon-Tripel.png","width":1080,"height":1080,"caption":"36 Streets Opera House Nh\u00e0 H\u00e1t L\u1edbn Tripel"},{"@type":"BreadcrumbList","@id":"http:\/\/52.77.24.187\/vi\/san-pham\/36-streets-opera-house-tripel\/#breadcrumb","itemListElement":[{"@type":"ListItem","position":1,"name":"Home","item":"http:\/\/52.77.24.187\/vi\/test-popup-vi\/"},{"@type":"ListItem","position":2,"name":"C\u1eeda h\u00e0ng","item":"http:\/\/52.77.24.187\/vi\/cua-hang\/"},{"@type":"ListItem","position":3,"name":"36 Streets Nh\u00e0 H\u00e1t L\u1edbn Tripel"}]},{"@type":"WebSite","@id":"http:\/\/52.77.24.187\/#website","url":"http:\/\/52.77.24.187\/","name":"The Bottle Shop","description":"All beers are not created equal","publisher":{"@id":"http:\/\/52.77.24.187\/#organization"},"potentialAction":[{"@type":"SearchAction","target":{"@type":"EntryPoint","urlTemplate":"http:\/\/52.77.24.187\/?s={search_term_string}"},"query-input":{"@type":"PropertyValueSpecification","valueRequired":true,"valueName":"search_term_string"}}],"inLanguage":"vi-VN"},{"@type":"Organization","@id":"http:\/\/52.77.24.187\/#organization","name":"The Bottle Shop","url":"http:\/\/52.77.24.187\/","logo":{"@type":"ImageObject","inLanguage":"vi-VN","@id":"http:\/\/52.77.24.187\/#\/schema\/logo\/image\/","url":"https:\/\/mlsrfcxkkbzg.i.optimole.com\/cb:JbP2.215d7\/w:auto\/h:auto\/q:mauto\/ig:avif\/https:\/\/thebottleshop.vn\/wp-content\/uploads\/2022\/10\/The-Bottle-Shop-Online-Logo.png","contentUrl":"https:\/\/mlsrfcxkkbzg.i.optimole.com\/cb:JbP2.215d7\/w:auto\/h:auto\/q:mauto\/ig:avif\/https:\/\/thebottleshop.vn\/wp-content\/uploads\/2022\/10\/The-Bottle-Shop-Online-Logo.png","width":145,"height":147,"caption":"The Bottle Shop"},"image":{"@id":"http:\/\/52.77.24.187\/#\/schema\/logo\/image\/"},"sameAs":["https:\/\/www.facebook.com\/thebottleshopvietnam","https:\/\/www.instagram.com\/thebottleshop_vietnam\/"]}]}},"_links":{"self":[{"href":"https:\/\/thebottleshop.vn\/vi\/wp-json\/wp\/v2\/product\/18134","targetHints":{"allow":["GET"]}}],"collection":[{"href":"https:\/\/thebottleshop.vn\/vi\/wp-json\/wp\/v2\/product"}],"about":[{"href":"https:\/\/thebottleshop.vn\/vi\/wp-json\/wp\/v2\/types\/product"}],"replies":[{"embeddable":true,"href":"https:\/\/thebottleshop.vn\/vi\/wp-json\/wp\/v2\/comments?post=18134"}],"wp:featuredmedia":[{"embeddable":true,"href":"https:\/\/thebottleshop.vn\/vi\/wp-json\/wp\/v2\/media\/18152"}],"wp:attachment":[{"href":"https:\/\/thebottleshop.vn\/vi\/wp-json\/wp\/v2\/media?parent=18134"}],"wp:term":[{"taxonomy":"product_brand","embeddable":true,"href":"https:\/\/thebottleshop.vn\/vi\/wp-json\/wp\/v2\/product_brand?post=18134"},{"taxonomy":"product_cat","embeddable":true,"href":"https:\/\/thebottleshop.vn\/vi\/wp-json\/wp\/v2\/product_cat?post=18134"},{"taxonomy":"product_tag","embeddable":true,"href":"https:\/\/thebottleshop.vn\/vi\/wp-json\/wp\/v2\/product_tag?post=18134"}],"curies":[{"name":"wp","href":"https:\/\/api.w.org\/{rel}","templated":true}]}}