{"id":18136,"date":"2023-09-06T17:00:54","date_gmt":"2023-09-06T10:00:54","guid":{"rendered":"https:\/\/thebottleshop.vn\/product\/36-streets-wooden-bridge-ipa\/"},"modified":"2023-09-06T17:20:19","modified_gmt":"2023-09-06T10:20:19","slug":"36-streets-wooden-bridge-ipa","status":"publish","type":"product","link":"https:\/\/thebottleshop.vn\/vi\/san-pham\/36-streets-wooden-bridge-ipa\/","title":{"rendered":"36 Streets C\u1ea7u G\u1ed7 IPA"},"content":{"rendered":"<p>36 Streets C\u1ea7u G\u1ed7 IPA \u0111\u1eb7c bi\u1ec7t b\u1edfi s\u1ef1 b\u00f9ng n\u1ed5 h\u01b0\u01a1ng v\u1ecb ban \u0111\u1ea7u, nh\u01b0ng mang l\u1ea1i m\u1ed9t k\u1ebft th\u00fac d\u1ecbu \u00eam. \u0110\u01b0\u1ee3c \u0111\u1eb7t t\u00ean theo c\u00e2y c\u1ea7u n\u1ed5i ti\u1ebfng n\u1ed1i li\u1ec1n h\u1ed3 Ho\u00e0n Ki\u1ebfm v\u00e0 H\u00e0ng \u0110\u00e0o, C\u1ea7u G\u1ed7 IPA mang bi\u1ec3u tr\u01b0ng \u0111\u1ed9c \u0111\u00e1o c\u1ee7a m\u1ed9t th\u1eddi k\u1ef3 l\u1ecbch s\u1eed, l\u01b0u gi\u1eef n\u00e9t v\u0103n h\u00f3a kh\u00f4ng th\u1ec3 n\u00e0o qu\u00ean c\u1ee7a m\u1ea3nh \u0111\u1ea5t th\u1ee7 \u0111\u00f4.<\/p>\n<p>\u2014\u2013<br \/>\nXem th\u01b0 vi\u1ec7n h\u00ecnh \u1ea3nh \u0111\u1ec3 bi\u1ebft th\u00eam th\u00f4ng tin chi ti\u1ebft v\u1ec1 ngu\u1ed3n g\u1ed1c, th\u00e0nh ph\u1ea7n v\u00e0 h\u01b0\u1edbng d\u1eabn s\u1eed d\u1ee5ng c\u1ee7a s\u1ea3n ph\u1ea9m.<\/p>\n","protected":false},"excerpt":{"rendered":"<p><strong>Hoa bia, \u00cam d\u1ecbu, Th\u01a1m 6.9%<\/strong><\/p>\n","protected":false},"featured_media":18157,"comment_status":"open","ping_status":"closed","template":"","meta":{"_acf_changed":false},"product_brand":[],"product_cat":[390,337,380,437,348,354,342,351,366,345,377,339,341,352,359],"product_tag":[],"class_list":{"0":"post-18136","1":"product","2":"type-product","3":"status-publish","4":"has-post-thumbnail","6":"product_cat-vietnam-hanoi","7":"product_cat-bia-va-cider","8":"product_cat-40-59","9":"product_cat-36-streets-craft-beer","10":"product_cat-6-7-9","11":"product_cat-75k-99k","12":"product_cat-chai-330-ml","13":"product_cat-dong-bia","14":"product_cat-nha-san-xuat","15":"product_cat-abv-vi","16":"product_cat-ibu","17":"product_cat-xuat-xu","18":"product_cat-dong-goi","19":"product_cat-gia","20":"product_cat-ipa","22":"first","23":"instock","24":"shipping-taxable","25":"purchasable","26":"product-type-simple","27":"add-to-wishlist-before_image"},"acf":[],"yoast_head":"<!-- This site is optimized with the Yoast SEO plugin v27.2 - https:\/\/yoast.com\/product\/yoast-seo-wordpress\/ -->\n<title>36 Streets C\u1ea7u G\u1ed7 IPA - The Bottle Shop<\/title>\n<meta name=\"description\" content=\"36 Streets C\u1ea7u G\u1ed7 IPA \u0111\u1eb7c bi\u1ec7t b\u1edfi s\u1ef1 b\u00f9ng n\u1ed5 h\u01b0\u01a1ng v\u1ecb ban \u0111\u1ea7u, nh\u01b0ng mang l\u1ea1i m\u1ed9t k\u1ebft th\u00fac d\u1ecbu \u00eam.\" \/>\n<meta name=\"robots\" content=\"index, follow, max-snippet:-1, max-image-preview:large, max-video-preview:-1\" \/>\n<link rel=\"canonical\" href=\"https:\/\/thebottleshop.vn\/vi\/san-pham\/36-streets-wooden-bridge-ipa\/\" \/>\n<meta property=\"og:locale\" content=\"vi_VN\" \/>\n<meta property=\"og:type\" content=\"article\" \/>\n<meta property=\"og:title\" content=\"36 Streets C\u1ea7u G\u1ed7 IPA - The Bottle Shop\" \/>\n<meta property=\"og:description\" content=\"36 Streets C\u1ea7u G\u1ed7 IPA \u0111\u1eb7c bi\u1ec7t b\u1edfi s\u1ef1 b\u00f9ng n\u1ed5 h\u01b0\u01a1ng v\u1ecb ban \u0111\u1ea7u, nh\u01b0ng mang l\u1ea1i m\u1ed9t k\u1ebft th\u00fac d\u1ecbu \u00eam.\" \/>\n<meta property=\"og:url\" content=\"https:\/\/thebottleshop.vn\/vi\/san-pham\/36-streets-wooden-bridge-ipa\/\" \/>\n<meta property=\"og:site_name\" content=\"The Bottle Shop\" \/>\n<meta property=\"article:publisher\" content=\"https:\/\/www.facebook.com\/thebottleshopvietnam\" \/>\n<meta property=\"article:modified_time\" content=\"2023-09-06T10:20:19+00:00\" \/>\n<meta property=\"og:image\" content=\"https:\/\/mlsrfcxkkbzg.i.optimole.com\/cb:JbP2.215d7\/w:auto\/h:auto\/q:mauto\/ig:avif\/https:\/\/thebottleshop.vn\/wp-content\/uploads\/2023\/09\/36-Streets-Wooden-Bridge-Cau-Go-IPA.png\" \/>\n\t<meta property=\"og:image:width\" content=\"1080\" \/>\n\t<meta property=\"og:image:height\" content=\"1080\" \/>\n\t<meta property=\"og:image:type\" content=\"image\/png\" \/>\n<meta name=\"twitter:card\" content=\"summary_large_image\" \/>\n<meta name=\"twitter:label1\" content=\"Est. reading time\" \/>\n\t<meta name=\"twitter:data1\" content=\"1 minute\" \/>\n<script type=\"application\/ld+json\" class=\"yoast-schema-graph\">{\"@context\":\"https:\/\/schema.org\",\"@graph\":[{\"@type\":\"WebPage\",\"@id\":\"https:\/\/thebottleshop.vn\/vi\/san-pham\/36-streets-wooden-bridge-ipa\/\",\"url\":\"https:\/\/thebottleshop.vn\/vi\/san-pham\/36-streets-wooden-bridge-ipa\/\",\"name\":\"36 Streets C\u1ea7u G\u1ed7 IPA - The Bottle Shop\",\"isPartOf\":{\"@id\":\"http:\/\/52.77.24.187\/#website\"},\"primaryImageOfPage\":{\"@id\":\"https:\/\/thebottleshop.vn\/vi\/san-pham\/36-streets-wooden-bridge-ipa\/#primaryimage\"},\"image\":{\"@id\":\"https:\/\/thebottleshop.vn\/vi\/san-pham\/36-streets-wooden-bridge-ipa\/#primaryimage\"},\"thumbnailUrl\":\"https:\/\/mlsrfcxkkbzg.i.optimole.com\/cb:JbP2.215d7\/w:auto\/h:auto\/q:mauto\/ig:avif\/https:\/\/thebottleshop.vn\/wp-content\/uploads\/2023\/09\/36-Streets-Wooden-Bridge-Cau-Go-IPA.png\",\"datePublished\":\"2023-09-06T10:00:54+00:00\",\"dateModified\":\"2023-09-06T10:20:19+00:00\",\"description\":\"36 Streets C\u1ea7u G\u1ed7 IPA \u0111\u1eb7c bi\u1ec7t b\u1edfi s\u1ef1 b\u00f9ng n\u1ed5 h\u01b0\u01a1ng v\u1ecb ban \u0111\u1ea7u, nh\u01b0ng mang l\u1ea1i m\u1ed9t k\u1ebft th\u00fac d\u1ecbu \u00eam.\",\"breadcrumb\":{\"@id\":\"https:\/\/thebottleshop.vn\/vi\/san-pham\/36-streets-wooden-bridge-ipa\/#breadcrumb\"},\"inLanguage\":\"vi-VN\",\"potentialAction\":[{\"@type\":\"ReadAction\",\"target\":[\"https:\/\/thebottleshop.vn\/vi\/san-pham\/36-streets-wooden-bridge-ipa\/\"]}]},{\"@type\":\"ImageObject\",\"inLanguage\":\"vi-VN\",\"@id\":\"https:\/\/thebottleshop.vn\/vi\/san-pham\/36-streets-wooden-bridge-ipa\/#primaryimage\",\"url\":\"https:\/\/mlsrfcxkkbzg.i.optimole.com\/cb:JbP2.215d7\/w:auto\/h:auto\/q:mauto\/ig:avif\/https:\/\/thebottleshop.vn\/wp-content\/uploads\/2023\/09\/36-Streets-Wooden-Bridge-Cau-Go-IPA.png\",\"contentUrl\":\"https:\/\/mlsrfcxkkbzg.i.optimole.com\/cb:JbP2.215d7\/w:auto\/h:auto\/q:mauto\/ig:avif\/https:\/\/thebottleshop.vn\/wp-content\/uploads\/2023\/09\/36-Streets-Wooden-Bridge-Cau-Go-IPA.png\",\"width\":1080,\"height\":1080,\"caption\":\"36 Streets Wooden Bridge C\u1ea7u G\u1ed7 IPA\"},{\"@type\":\"BreadcrumbList\",\"@id\":\"https:\/\/thebottleshop.vn\/vi\/san-pham\/36-streets-wooden-bridge-ipa\/#breadcrumb\",\"itemListElement\":[{\"@type\":\"ListItem\",\"position\":1,\"name\":\"Home\",\"item\":\"http:\/\/52.77.24.187\/vi\/test-popup-vi\/\"},{\"@type\":\"ListItem\",\"position\":2,\"name\":\"C\u1eeda h\u00e0ng\",\"item\":\"http:\/\/52.77.24.187\/vi\/cua-hang\/\"},{\"@type\":\"ListItem\",\"position\":3,\"name\":\"36 Streets C\u1ea7u G\u1ed7 IPA\"}]},{\"@type\":\"WebSite\",\"@id\":\"http:\/\/52.77.24.187\/#website\",\"url\":\"http:\/\/52.77.24.187\/\",\"name\":\"The Bottle Shop\",\"description\":\"All beers are not created equal\",\"publisher\":{\"@id\":\"http:\/\/52.77.24.187\/#organization\"},\"potentialAction\":[{\"@type\":\"SearchAction\",\"target\":{\"@type\":\"EntryPoint\",\"urlTemplate\":\"http:\/\/52.77.24.187\/?s={search_term_string}\"},\"query-input\":{\"@type\":\"PropertyValueSpecification\",\"valueRequired\":true,\"valueName\":\"search_term_string\"}}],\"inLanguage\":\"vi-VN\"},{\"@type\":\"Organization\",\"@id\":\"http:\/\/52.77.24.187\/#organization\",\"name\":\"The Bottle Shop\",\"url\":\"http:\/\/52.77.24.187\/\",\"logo\":{\"@type\":\"ImageObject\",\"inLanguage\":\"vi-VN\",\"@id\":\"http:\/\/52.77.24.187\/#\/schema\/logo\/image\/\",\"url\":\"https:\/\/mlsrfcxkkbzg.i.optimole.com\/cb:JbP2.215d7\/w:auto\/h:auto\/q:mauto\/ig:avif\/https:\/\/thebottleshop.vn\/wp-content\/uploads\/2022\/10\/The-Bottle-Shop-Online-Logo.png\",\"contentUrl\":\"https:\/\/mlsrfcxkkbzg.i.optimole.com\/cb:JbP2.215d7\/w:auto\/h:auto\/q:mauto\/ig:avif\/https:\/\/thebottleshop.vn\/wp-content\/uploads\/2022\/10\/The-Bottle-Shop-Online-Logo.png\",\"width\":145,\"height\":147,\"caption\":\"The Bottle Shop\"},\"image\":{\"@id\":\"http:\/\/52.77.24.187\/#\/schema\/logo\/image\/\"},\"sameAs\":[\"https:\/\/www.facebook.com\/thebottleshopvietnam\",\"https:\/\/www.instagram.com\/thebottleshop_vietnam\/\"]}]}<\/script>\n<!-- \/ Yoast SEO plugin. -->","yoast_head_json":{"title":"36 Streets C\u1ea7u G\u1ed7 IPA - The Bottle Shop","description":"36 Streets C\u1ea7u G\u1ed7 IPA \u0111\u1eb7c bi\u1ec7t b\u1edfi s\u1ef1 b\u00f9ng n\u1ed5 h\u01b0\u01a1ng v\u1ecb ban \u0111\u1ea7u, nh\u01b0ng mang l\u1ea1i m\u1ed9t k\u1ebft th\u00fac d\u1ecbu \u00eam.","robots":{"index":"index","follow":"follow","max-snippet":"max-snippet:-1","max-image-preview":"max-image-preview:large","max-video-preview":"max-video-preview:-1"},"canonical":"https:\/\/thebottleshop.vn\/vi\/san-pham\/36-streets-wooden-bridge-ipa\/","og_locale":"vi_VN","og_type":"article","og_title":"36 Streets C\u1ea7u G\u1ed7 IPA - The Bottle Shop","og_description":"36 Streets C\u1ea7u G\u1ed7 IPA \u0111\u1eb7c bi\u1ec7t b\u1edfi s\u1ef1 b\u00f9ng n\u1ed5 h\u01b0\u01a1ng v\u1ecb ban \u0111\u1ea7u, nh\u01b0ng mang l\u1ea1i m\u1ed9t k\u1ebft th\u00fac d\u1ecbu \u00eam.","og_url":"https:\/\/thebottleshop.vn\/vi\/san-pham\/36-streets-wooden-bridge-ipa\/","og_site_name":"The Bottle Shop","article_publisher":"https:\/\/www.facebook.com\/thebottleshopvietnam","article_modified_time":"2023-09-06T10:20:19+00:00","og_image":[{"width":1080,"height":1080,"url":"https:\/\/mlsrfcxkkbzg.i.optimole.com\/cb:JbP2.215d7\/w:auto\/h:auto\/q:mauto\/ig:avif\/https:\/\/thebottleshop.vn\/wp-content\/uploads\/2023\/09\/36-Streets-Wooden-Bridge-Cau-Go-IPA.png","type":"image\/png"}],"twitter_card":"summary_large_image","twitter_misc":{"Est. reading time":"1 minute"},"schema":{"@context":"https:\/\/schema.org","@graph":[{"@type":"WebPage","@id":"https:\/\/thebottleshop.vn\/vi\/san-pham\/36-streets-wooden-bridge-ipa\/","url":"https:\/\/thebottleshop.vn\/vi\/san-pham\/36-streets-wooden-bridge-ipa\/","name":"36 Streets C\u1ea7u G\u1ed7 IPA - The Bottle Shop","isPartOf":{"@id":"http:\/\/52.77.24.187\/#website"},"primaryImageOfPage":{"@id":"https:\/\/thebottleshop.vn\/vi\/san-pham\/36-streets-wooden-bridge-ipa\/#primaryimage"},"image":{"@id":"https:\/\/thebottleshop.vn\/vi\/san-pham\/36-streets-wooden-bridge-ipa\/#primaryimage"},"thumbnailUrl":"https:\/\/mlsrfcxkkbzg.i.optimole.com\/cb:JbP2.215d7\/w:auto\/h:auto\/q:mauto\/ig:avif\/https:\/\/thebottleshop.vn\/wp-content\/uploads\/2023\/09\/36-Streets-Wooden-Bridge-Cau-Go-IPA.png","datePublished":"2023-09-06T10:00:54+00:00","dateModified":"2023-09-06T10:20:19+00:00","description":"36 Streets C\u1ea7u G\u1ed7 IPA \u0111\u1eb7c bi\u1ec7t b\u1edfi s\u1ef1 b\u00f9ng n\u1ed5 h\u01b0\u01a1ng v\u1ecb ban \u0111\u1ea7u, nh\u01b0ng mang l\u1ea1i m\u1ed9t k\u1ebft th\u00fac d\u1ecbu \u00eam.","breadcrumb":{"@id":"https:\/\/thebottleshop.vn\/vi\/san-pham\/36-streets-wooden-bridge-ipa\/#breadcrumb"},"inLanguage":"vi-VN","potentialAction":[{"@type":"ReadAction","target":["https:\/\/thebottleshop.vn\/vi\/san-pham\/36-streets-wooden-bridge-ipa\/"]}]},{"@type":"ImageObject","inLanguage":"vi-VN","@id":"https:\/\/thebottleshop.vn\/vi\/san-pham\/36-streets-wooden-bridge-ipa\/#primaryimage","url":"https:\/\/mlsrfcxkkbzg.i.optimole.com\/cb:JbP2.215d7\/w:auto\/h:auto\/q:mauto\/ig:avif\/https:\/\/thebottleshop.vn\/wp-content\/uploads\/2023\/09\/36-Streets-Wooden-Bridge-Cau-Go-IPA.png","contentUrl":"https:\/\/mlsrfcxkkbzg.i.optimole.com\/cb:JbP2.215d7\/w:auto\/h:auto\/q:mauto\/ig:avif\/https:\/\/thebottleshop.vn\/wp-content\/uploads\/2023\/09\/36-Streets-Wooden-Bridge-Cau-Go-IPA.png","width":1080,"height":1080,"caption":"36 Streets Wooden Bridge C\u1ea7u G\u1ed7 IPA"},{"@type":"BreadcrumbList","@id":"https:\/\/thebottleshop.vn\/vi\/san-pham\/36-streets-wooden-bridge-ipa\/#breadcrumb","itemListElement":[{"@type":"ListItem","position":1,"name":"Home","item":"http:\/\/52.77.24.187\/vi\/test-popup-vi\/"},{"@type":"ListItem","position":2,"name":"C\u1eeda h\u00e0ng","item":"http:\/\/52.77.24.187\/vi\/cua-hang\/"},{"@type":"ListItem","position":3,"name":"36 Streets C\u1ea7u G\u1ed7 IPA"}]},{"@type":"WebSite","@id":"http:\/\/52.77.24.187\/#website","url":"http:\/\/52.77.24.187\/","name":"The Bottle Shop","description":"All beers are not created equal","publisher":{"@id":"http:\/\/52.77.24.187\/#organization"},"potentialAction":[{"@type":"SearchAction","target":{"@type":"EntryPoint","urlTemplate":"http:\/\/52.77.24.187\/?s={search_term_string}"},"query-input":{"@type":"PropertyValueSpecification","valueRequired":true,"valueName":"search_term_string"}}],"inLanguage":"vi-VN"},{"@type":"Organization","@id":"http:\/\/52.77.24.187\/#organization","name":"The Bottle Shop","url":"http:\/\/52.77.24.187\/","logo":{"@type":"ImageObject","inLanguage":"vi-VN","@id":"http:\/\/52.77.24.187\/#\/schema\/logo\/image\/","url":"https:\/\/mlsrfcxkkbzg.i.optimole.com\/cb:JbP2.215d7\/w:auto\/h:auto\/q:mauto\/ig:avif\/https:\/\/thebottleshop.vn\/wp-content\/uploads\/2022\/10\/The-Bottle-Shop-Online-Logo.png","contentUrl":"https:\/\/mlsrfcxkkbzg.i.optimole.com\/cb:JbP2.215d7\/w:auto\/h:auto\/q:mauto\/ig:avif\/https:\/\/thebottleshop.vn\/wp-content\/uploads\/2022\/10\/The-Bottle-Shop-Online-Logo.png","width":145,"height":147,"caption":"The Bottle Shop"},"image":{"@id":"http:\/\/52.77.24.187\/#\/schema\/logo\/image\/"},"sameAs":["https:\/\/www.facebook.com\/thebottleshopvietnam","https:\/\/www.instagram.com\/thebottleshop_vietnam\/"]}]}},"_links":{"self":[{"href":"https:\/\/thebottleshop.vn\/vi\/wp-json\/wp\/v2\/product\/18136","targetHints":{"allow":["GET"]}}],"collection":[{"href":"https:\/\/thebottleshop.vn\/vi\/wp-json\/wp\/v2\/product"}],"about":[{"href":"https:\/\/thebottleshop.vn\/vi\/wp-json\/wp\/v2\/types\/product"}],"replies":[{"embeddable":true,"href":"https:\/\/thebottleshop.vn\/vi\/wp-json\/wp\/v2\/comments?post=18136"}],"wp:featuredmedia":[{"embeddable":true,"href":"https:\/\/thebottleshop.vn\/vi\/wp-json\/wp\/v2\/media\/18157"}],"wp:attachment":[{"href":"https:\/\/thebottleshop.vn\/vi\/wp-json\/wp\/v2\/media?parent=18136"}],"wp:term":[{"taxonomy":"product_brand","embeddable":true,"href":"https:\/\/thebottleshop.vn\/vi\/wp-json\/wp\/v2\/product_brand?post=18136"},{"taxonomy":"product_cat","embeddable":true,"href":"https:\/\/thebottleshop.vn\/vi\/wp-json\/wp\/v2\/product_cat?post=18136"},{"taxonomy":"product_tag","embeddable":true,"href":"https:\/\/thebottleshop.vn\/vi\/wp-json\/wp\/v2\/product_tag?post=18136"}],"curies":[{"name":"wp","href":"https:\/\/api.w.org\/{rel}","templated":true}]}}