{"id":18176,"date":"2023-09-14T14:43:31","date_gmt":"2023-09-14T07:48:41","guid":{"rendered":"https:\/\/thebottleshop.vn\/product\/steersman-wheat-wave-hefeweizen\/"},"modified":"2023-09-14T14:50:01","modified_gmt":"2023-09-14T07:50:01","slug":"steersman-wheat-wave-hefeweizen","status":"publish","type":"product","link":"https:\/\/thebottleshop.vn\/vi\/san-pham\/steersman-wheat-wave-hefeweizen\/","title":{"rendered":"Steersman Wheat Wave Hefeweizen"},"content":{"rendered":"<p>Steersman Wheat Wave Hefeweizen c\u00f3 m\u00f9i th\u01a1m pha tr\u1ed9n c\u1ee7a chu\u1ed1i v\u1edbi cam qu\u00fdt. V\u1edbi v\u1ecb \u0111\u1eafng nh\u1eb9 v\u00e0 \u0111\u1eadm h\u01b0\u01a1ng l\u00faa m\u00ec, bia n\u00e0y nh\u1eb9, thanh m\u00e1t v\u00e0 \u0111\u1eadm v\u1eeba.<\/p>\n<p>\u2014\u2013<br \/>\nXem th\u01b0 vi\u1ec7n h\u00ecnh \u1ea3nh \u0111\u1ec3 bi\u1ebft th\u00eam th\u00f4ng tin chi ti\u1ebft v\u1ec1 ngu\u1ed3n g\u1ed1c, th\u00e0nh ph\u1ea7n v\u00e0 h\u01b0\u1edbng d\u1eabn s\u1eed d\u1ee5ng c\u1ee7a s\u1ea3n ph\u1ea9m.<\/p>\n","protected":false},"excerpt":{"rendered":"<p><strong>Nh\u1eb9 nh\u00e0ng, Thanh m\u00e1t, \u0110\u1eadm v\u1eeba 4.5%<\/strong><\/p>\n","protected":false},"featured_media":18187,"comment_status":"open","ping_status":"closed","template":"","meta":{"_acf_changed":false},"product_brand":[],"product_cat":[378,340,347,337,354,419,342,351,366,345,377,339,341,352,462],"product_tag":[],"class_list":{"0":"post-18176","1":"product","2":"type-product","3":"status-publish","4":"has-post-thumbnail","6":"product_cat-00-19","7":"product_cat-vietnam-hcmc","8":"product_cat-4-5-9","9":"product_cat-bia-va-cider","10":"product_cat-75k-99k","11":"product_cat-bia-lua-mi","12":"product_cat-chai-330-ml","13":"product_cat-dong-bia","14":"product_cat-nha-san-xuat","15":"product_cat-abv-vi","16":"product_cat-ibu","17":"product_cat-xuat-xu","18":"product_cat-dong-goi","19":"product_cat-gia","20":"product_cat-steersman-brewery","22":"first","23":"outofstock","24":"shipping-taxable","25":"purchasable","26":"product-type-simple","27":"add-to-wishlist-before_image"},"acf":[],"yoast_head":"<!-- This site is optimized with the Yoast SEO plugin v27.2 - https:\/\/yoast.com\/product\/yoast-seo-wordpress\/ -->\n<title>Steersman Wheat Wave Hefeweizen - The Bottle Shop<\/title>\n<meta name=\"description\" content=\"Steersman Wheat Wave Hefeweizen c\u00f3 m\u00f9i th\u01a1m pha tr\u1ed9n c\u1ee7a chu\u1ed1i v\u1edbi cam qu\u00fdt. Bia l\u00faa m\u00ec n\u00e0y nh\u1eb9, thanh m\u00e1t v\u00e0 \u0111\u1eadm v\u1eeba.\" \/>\n<meta name=\"robots\" content=\"index, follow, max-snippet:-1, max-image-preview:large, max-video-preview:-1\" \/>\n<link rel=\"canonical\" href=\"http:\/\/52.77.24.187\/vi\/san-pham\/steersman-wheat-wave-hefeweizen\/\" \/>\n<meta property=\"og:locale\" content=\"vi_VN\" \/>\n<meta property=\"og:type\" content=\"article\" \/>\n<meta property=\"og:title\" content=\"Steersman Wheat Wave Hefeweizen - The Bottle Shop\" \/>\n<meta property=\"og:description\" content=\"Steersman Wheat Wave Hefeweizen c\u00f3 m\u00f9i th\u01a1m pha tr\u1ed9n c\u1ee7a chu\u1ed1i v\u1edbi cam qu\u00fdt. Bia l\u00faa m\u00ec n\u00e0y nh\u1eb9, thanh m\u00e1t v\u00e0 \u0111\u1eadm v\u1eeba.\" \/>\n<meta property=\"og:url\" content=\"http:\/\/52.77.24.187\/vi\/san-pham\/steersman-wheat-wave-hefeweizen\/\" \/>\n<meta property=\"og:site_name\" content=\"The Bottle Shop\" \/>\n<meta property=\"article:publisher\" content=\"https:\/\/www.facebook.com\/thebottleshopvietnam\" \/>\n<meta property=\"article:modified_time\" content=\"2023-09-14T07:50:01+00:00\" \/>\n<meta name=\"twitter:card\" content=\"summary_large_image\" \/>\n<meta name=\"twitter:label1\" content=\"Est. reading time\" \/>\n\t<meta name=\"twitter:data1\" content=\"1 minute\" \/>\n<script type=\"application\/ld+json\" class=\"yoast-schema-graph\">{\"@context\":\"https:\/\/schema.org\",\"@graph\":[{\"@type\":\"WebPage\",\"@id\":\"http:\/\/52.77.24.187\/vi\/san-pham\/steersman-wheat-wave-hefeweizen\/\",\"url\":\"http:\/\/52.77.24.187\/vi\/san-pham\/steersman-wheat-wave-hefeweizen\/\",\"name\":\"Steersman Wheat Wave Hefeweizen - The Bottle Shop\",\"isPartOf\":{\"@id\":\"http:\/\/52.77.24.187\/#website\"},\"primaryImageOfPage\":{\"@id\":\"http:\/\/52.77.24.187\/vi\/san-pham\/steersman-wheat-wave-hefeweizen\/#primaryimage\"},\"image\":{\"@id\":\"http:\/\/52.77.24.187\/vi\/san-pham\/steersman-wheat-wave-hefeweizen\/#primaryimage\"},\"thumbnailUrl\":\"https:\/\/mlsrfcxkkbzg.i.optimole.com\/cb:JbP2.215d7\/w:auto\/h:auto\/q:mauto\/ig:avif\/https:\/\/thebottleshop.vn\/wp-content\/uploads\/2023\/09\/Steersman-Wheat-Wave-Hefeweizen.png\",\"datePublished\":\"2023-09-14T07:48:41+00:00\",\"dateModified\":\"2023-09-14T07:50:01+00:00\",\"description\":\"Steersman Wheat Wave Hefeweizen c\u00f3 m\u00f9i th\u01a1m pha tr\u1ed9n c\u1ee7a chu\u1ed1i v\u1edbi cam qu\u00fdt. Bia l\u00faa m\u00ec n\u00e0y nh\u1eb9, thanh m\u00e1t v\u00e0 \u0111\u1eadm v\u1eeba.\",\"breadcrumb\":{\"@id\":\"http:\/\/52.77.24.187\/vi\/san-pham\/steersman-wheat-wave-hefeweizen\/#breadcrumb\"},\"inLanguage\":\"vi-VN\",\"potentialAction\":[{\"@type\":\"ReadAction\",\"target\":[\"http:\/\/52.77.24.187\/vi\/san-pham\/steersman-wheat-wave-hefeweizen\/\"]}]},{\"@type\":\"ImageObject\",\"inLanguage\":\"vi-VN\",\"@id\":\"http:\/\/52.77.24.187\/vi\/san-pham\/steersman-wheat-wave-hefeweizen\/#primaryimage\",\"url\":\"https:\/\/mlsrfcxkkbzg.i.optimole.com\/cb:JbP2.215d7\/w:auto\/h:auto\/q:mauto\/ig:avif\/https:\/\/thebottleshop.vn\/wp-content\/uploads\/2023\/09\/Steersman-Wheat-Wave-Hefeweizen.png\",\"contentUrl\":\"https:\/\/mlsrfcxkkbzg.i.optimole.com\/cb:JbP2.215d7\/w:auto\/h:auto\/q:mauto\/ig:avif\/https:\/\/thebottleshop.vn\/wp-content\/uploads\/2023\/09\/Steersman-Wheat-Wave-Hefeweizen.png\",\"width\":1080,\"height\":1080,\"caption\":\"Steersman Wheat Wave Hefeweizen\"},{\"@type\":\"BreadcrumbList\",\"@id\":\"http:\/\/52.77.24.187\/vi\/san-pham\/steersman-wheat-wave-hefeweizen\/#breadcrumb\",\"itemListElement\":[{\"@type\":\"ListItem\",\"position\":1,\"name\":\"Home\",\"item\":\"http:\/\/52.77.24.187\/vi\/test-popup-vi\/\"},{\"@type\":\"ListItem\",\"position\":2,\"name\":\"C\u1eeda h\u00e0ng\",\"item\":\"http:\/\/52.77.24.187\/vi\/cua-hang\/\"},{\"@type\":\"ListItem\",\"position\":3,\"name\":\"Steersman Wheat Wave Hefeweizen\"}]},{\"@type\":\"WebSite\",\"@id\":\"http:\/\/52.77.24.187\/#website\",\"url\":\"http:\/\/52.77.24.187\/\",\"name\":\"The Bottle Shop\",\"description\":\"All beers are not created equal\",\"publisher\":{\"@id\":\"http:\/\/52.77.24.187\/#organization\"},\"potentialAction\":[{\"@type\":\"SearchAction\",\"target\":{\"@type\":\"EntryPoint\",\"urlTemplate\":\"http:\/\/52.77.24.187\/?s={search_term_string}\"},\"query-input\":{\"@type\":\"PropertyValueSpecification\",\"valueRequired\":true,\"valueName\":\"search_term_string\"}}],\"inLanguage\":\"vi-VN\"},{\"@type\":\"Organization\",\"@id\":\"http:\/\/52.77.24.187\/#organization\",\"name\":\"The Bottle Shop\",\"url\":\"http:\/\/52.77.24.187\/\",\"logo\":{\"@type\":\"ImageObject\",\"inLanguage\":\"vi-VN\",\"@id\":\"http:\/\/52.77.24.187\/#\/schema\/logo\/image\/\",\"url\":\"https:\/\/mlsrfcxkkbzg.i.optimole.com\/cb:JbP2.215d7\/w:auto\/h:auto\/q:mauto\/ig:avif\/https:\/\/thebottleshop.vn\/wp-content\/uploads\/2022\/10\/The-Bottle-Shop-Online-Logo.png\",\"contentUrl\":\"https:\/\/mlsrfcxkkbzg.i.optimole.com\/cb:JbP2.215d7\/w:auto\/h:auto\/q:mauto\/ig:avif\/https:\/\/thebottleshop.vn\/wp-content\/uploads\/2022\/10\/The-Bottle-Shop-Online-Logo.png\",\"width\":145,\"height\":147,\"caption\":\"The Bottle Shop\"},\"image\":{\"@id\":\"http:\/\/52.77.24.187\/#\/schema\/logo\/image\/\"},\"sameAs\":[\"https:\/\/www.facebook.com\/thebottleshopvietnam\",\"https:\/\/www.instagram.com\/thebottleshop_vietnam\/\"]}]}<\/script>\n<!-- \/ Yoast SEO plugin. -->","yoast_head_json":{"title":"Steersman Wheat Wave Hefeweizen - The Bottle Shop","description":"Steersman Wheat Wave Hefeweizen c\u00f3 m\u00f9i th\u01a1m pha tr\u1ed9n c\u1ee7a chu\u1ed1i v\u1edbi cam qu\u00fdt. Bia l\u00faa m\u00ec n\u00e0y nh\u1eb9, thanh m\u00e1t v\u00e0 \u0111\u1eadm v\u1eeba.","robots":{"index":"index","follow":"follow","max-snippet":"max-snippet:-1","max-image-preview":"max-image-preview:large","max-video-preview":"max-video-preview:-1"},"canonical":"http:\/\/52.77.24.187\/vi\/san-pham\/steersman-wheat-wave-hefeweizen\/","og_locale":"vi_VN","og_type":"article","og_title":"Steersman Wheat Wave Hefeweizen - The Bottle Shop","og_description":"Steersman Wheat Wave Hefeweizen c\u00f3 m\u00f9i th\u01a1m pha tr\u1ed9n c\u1ee7a chu\u1ed1i v\u1edbi cam qu\u00fdt. Bia l\u00faa m\u00ec n\u00e0y nh\u1eb9, thanh m\u00e1t v\u00e0 \u0111\u1eadm v\u1eeba.","og_url":"http:\/\/52.77.24.187\/vi\/san-pham\/steersman-wheat-wave-hefeweizen\/","og_site_name":"The Bottle Shop","article_publisher":"https:\/\/www.facebook.com\/thebottleshopvietnam","article_modified_time":"2023-09-14T07:50:01+00:00","twitter_card":"summary_large_image","twitter_misc":{"Est. reading time":"1 minute"},"schema":{"@context":"https:\/\/schema.org","@graph":[{"@type":"WebPage","@id":"http:\/\/52.77.24.187\/vi\/san-pham\/steersman-wheat-wave-hefeweizen\/","url":"http:\/\/52.77.24.187\/vi\/san-pham\/steersman-wheat-wave-hefeweizen\/","name":"Steersman Wheat Wave Hefeweizen - The Bottle Shop","isPartOf":{"@id":"http:\/\/52.77.24.187\/#website"},"primaryImageOfPage":{"@id":"http:\/\/52.77.24.187\/vi\/san-pham\/steersman-wheat-wave-hefeweizen\/#primaryimage"},"image":{"@id":"http:\/\/52.77.24.187\/vi\/san-pham\/steersman-wheat-wave-hefeweizen\/#primaryimage"},"thumbnailUrl":"https:\/\/mlsrfcxkkbzg.i.optimole.com\/cb:JbP2.215d7\/w:auto\/h:auto\/q:mauto\/ig:avif\/https:\/\/thebottleshop.vn\/wp-content\/uploads\/2023\/09\/Steersman-Wheat-Wave-Hefeweizen.png","datePublished":"2023-09-14T07:48:41+00:00","dateModified":"2023-09-14T07:50:01+00:00","description":"Steersman Wheat Wave Hefeweizen c\u00f3 m\u00f9i th\u01a1m pha tr\u1ed9n c\u1ee7a chu\u1ed1i v\u1edbi cam qu\u00fdt. Bia l\u00faa m\u00ec n\u00e0y nh\u1eb9, thanh m\u00e1t v\u00e0 \u0111\u1eadm v\u1eeba.","breadcrumb":{"@id":"http:\/\/52.77.24.187\/vi\/san-pham\/steersman-wheat-wave-hefeweizen\/#breadcrumb"},"inLanguage":"vi-VN","potentialAction":[{"@type":"ReadAction","target":["http:\/\/52.77.24.187\/vi\/san-pham\/steersman-wheat-wave-hefeweizen\/"]}]},{"@type":"ImageObject","inLanguage":"vi-VN","@id":"http:\/\/52.77.24.187\/vi\/san-pham\/steersman-wheat-wave-hefeweizen\/#primaryimage","url":"https:\/\/mlsrfcxkkbzg.i.optimole.com\/cb:JbP2.215d7\/w:auto\/h:auto\/q:mauto\/ig:avif\/https:\/\/thebottleshop.vn\/wp-content\/uploads\/2023\/09\/Steersman-Wheat-Wave-Hefeweizen.png","contentUrl":"https:\/\/mlsrfcxkkbzg.i.optimole.com\/cb:JbP2.215d7\/w:auto\/h:auto\/q:mauto\/ig:avif\/https:\/\/thebottleshop.vn\/wp-content\/uploads\/2023\/09\/Steersman-Wheat-Wave-Hefeweizen.png","width":1080,"height":1080,"caption":"Steersman Wheat Wave Hefeweizen"},{"@type":"BreadcrumbList","@id":"http:\/\/52.77.24.187\/vi\/san-pham\/steersman-wheat-wave-hefeweizen\/#breadcrumb","itemListElement":[{"@type":"ListItem","position":1,"name":"Home","item":"http:\/\/52.77.24.187\/vi\/test-popup-vi\/"},{"@type":"ListItem","position":2,"name":"C\u1eeda h\u00e0ng","item":"http:\/\/52.77.24.187\/vi\/cua-hang\/"},{"@type":"ListItem","position":3,"name":"Steersman Wheat Wave Hefeweizen"}]},{"@type":"WebSite","@id":"http:\/\/52.77.24.187\/#website","url":"http:\/\/52.77.24.187\/","name":"The Bottle Shop","description":"All beers are not created equal","publisher":{"@id":"http:\/\/52.77.24.187\/#organization"},"potentialAction":[{"@type":"SearchAction","target":{"@type":"EntryPoint","urlTemplate":"http:\/\/52.77.24.187\/?s={search_term_string}"},"query-input":{"@type":"PropertyValueSpecification","valueRequired":true,"valueName":"search_term_string"}}],"inLanguage":"vi-VN"},{"@type":"Organization","@id":"http:\/\/52.77.24.187\/#organization","name":"The Bottle Shop","url":"http:\/\/52.77.24.187\/","logo":{"@type":"ImageObject","inLanguage":"vi-VN","@id":"http:\/\/52.77.24.187\/#\/schema\/logo\/image\/","url":"https:\/\/mlsrfcxkkbzg.i.optimole.com\/cb:JbP2.215d7\/w:auto\/h:auto\/q:mauto\/ig:avif\/https:\/\/thebottleshop.vn\/wp-content\/uploads\/2022\/10\/The-Bottle-Shop-Online-Logo.png","contentUrl":"https:\/\/mlsrfcxkkbzg.i.optimole.com\/cb:JbP2.215d7\/w:auto\/h:auto\/q:mauto\/ig:avif\/https:\/\/thebottleshop.vn\/wp-content\/uploads\/2022\/10\/The-Bottle-Shop-Online-Logo.png","width":145,"height":147,"caption":"The Bottle Shop"},"image":{"@id":"http:\/\/52.77.24.187\/#\/schema\/logo\/image\/"},"sameAs":["https:\/\/www.facebook.com\/thebottleshopvietnam","https:\/\/www.instagram.com\/thebottleshop_vietnam\/"]}]}},"_links":{"self":[{"href":"https:\/\/thebottleshop.vn\/vi\/wp-json\/wp\/v2\/product\/18176","targetHints":{"allow":["GET"]}}],"collection":[{"href":"https:\/\/thebottleshop.vn\/vi\/wp-json\/wp\/v2\/product"}],"about":[{"href":"https:\/\/thebottleshop.vn\/vi\/wp-json\/wp\/v2\/types\/product"}],"replies":[{"embeddable":true,"href":"https:\/\/thebottleshop.vn\/vi\/wp-json\/wp\/v2\/comments?post=18176"}],"wp:featuredmedia":[{"embeddable":true,"href":"https:\/\/thebottleshop.vn\/vi\/wp-json\/wp\/v2\/media\/18187"}],"wp:attachment":[{"href":"https:\/\/thebottleshop.vn\/vi\/wp-json\/wp\/v2\/media?parent=18176"}],"wp:term":[{"taxonomy":"product_brand","embeddable":true,"href":"https:\/\/thebottleshop.vn\/vi\/wp-json\/wp\/v2\/product_brand?post=18176"},{"taxonomy":"product_cat","embeddable":true,"href":"https:\/\/thebottleshop.vn\/vi\/wp-json\/wp\/v2\/product_cat?post=18176"},{"taxonomy":"product_tag","embeddable":true,"href":"https:\/\/thebottleshop.vn\/vi\/wp-json\/wp\/v2\/product_tag?post=18176"}],"curies":[{"name":"wp","href":"https:\/\/api.w.org\/{rel}","templated":true}]}}