{"id":18219,"date":"2023-09-19T12:05:33","date_gmt":"2023-09-19T05:05:33","guid":{"rendered":"https:\/\/thebottleshop.vn\/product\/ten-dogs-elvis-imperial-red\/"},"modified":"2023-09-20T17:57:22","modified_gmt":"2023-09-20T10:57:22","slug":"ten-dogs-elvis-imperial-red","status":"publish","type":"product","link":"https:\/\/thebottleshop.vn\/vi\/san-pham\/ten-dogs-elvis-imperial-red\/","title":{"rendered":"Ten Dogs Elvis Imperial Red"},"content":{"rendered":"<p>Ten Dogs Elvis Imperial Red Ale.\u00a0Kh\u00e1m ph\u00e1 h\u01b0\u01a1ng tinh t\u1ebf c\u1ee7a caramel v\u00e0 toffee, tr\u1ea3i nghi\u1ec7m h\u01b0\u01a1ng v\u1ecb n\u1ed3ng n\u00e0n c\u1ee7a hoa bia v\u1edbi \u0111\u1ed9 ng\u1ecdt v\u1eeba ph\u1ea3i, \u0111em l\u1ea1i \u1ea5n t\u01b0\u1ee3ng s\u00e2u s\u1eafc m\u00e0 tr\u1ea7m\u00a0l\u1eafng.<\/p>\n<p>B\u00ean c\u1ea1nh \u0111\u00f3, b\u1ea1n \u0111\u1eafm m\u00ecnh trong h\u01b0\u01a1ng th\u01a1m quy\u1ebfn r\u0169 c\u1ee7a v\u1ecb m\u1ea1ch nha \u0111\u1eadm \u0111\u00e0 c\u00f9ng v\u1edbi h\u01b0\u01a1ng tr\u00e1i c\u00e2y nh\u1eb9 nh\u00e0ng v\u00e0 th\u01b0\u1edfng th\u1ee9c m\u1ed9t th\u1ee9c u\u1ed1ng\u00a0kh\u00f3 qu\u00ean.<\/p>\n<p>\u2014\u2013<br \/>\nXem th\u01b0 vi\u1ec7n h\u00ecnh \u1ea3nh \u0111\u1ec3 bi\u1ebft th\u00eam th\u00f4ng tin chi ti\u1ebft v\u1ec1 ngu\u1ed3n g\u1ed1c, th\u00e0nh ph\u1ea7n v\u00e0 h\u01b0\u1edbng d\u1eabn s\u1eed d\u1ee5ng c\u1ee7a s\u1ea3n ph\u1ea9m.<\/p>\n","protected":false},"excerpt":{"rendered":"<p><strong>M\u1ea1ch nha, \u0110\u1eadm \u0111\u00e0, \u00cam d\u1ecbu 8.3%<\/strong><\/p>\n","protected":false},"featured_media":18268,"comment_status":"open","ping_status":"closed","template":"","meta":{"_acf_changed":false},"product_brand":[],"product_cat":[337,340,427,380,423,350,351,366,345,377,339,341,352,344,622],"product_tag":[],"class_list":{"0":"post-18219","1":"product","2":"type-product","3":"status-publish","4":"has-post-thumbnail","6":"product_cat-bia-va-cider","7":"product_cat-vietnam-hcmc","8":"product_cat-bia-do","9":"product_cat-40-59","10":"product_cat-100k-149k","11":"product_cat-8-9-9","12":"product_cat-dong-bia","13":"product_cat-nha-san-xuat","14":"product_cat-abv-vi","15":"product_cat-ibu","16":"product_cat-xuat-xu","17":"product_cat-dong-goi","18":"product_cat-gia","19":"product_cat-lon-330-ml","20":"product_cat-ten-dogs-vi","22":"first","23":"instock","24":"shipping-taxable","25":"purchasable","26":"product-type-simple","27":"add-to-wishlist-before_image"},"acf":[],"yoast_head":"<!-- This site is optimized with the Yoast SEO plugin v27.2 - https:\/\/yoast.com\/product\/yoast-seo-wordpress\/ -->\n<title>Ten Dogs Elvis Imperial Red - The Bottle Shop<\/title>\n<meta name=\"description\" content=\"Ten Dogs Elvis Imperial Red Ale. H\u01b0\u01a1ng th\u01a1m quy\u1ebfn r\u0169 c\u1ee7a m\u1ea1ch nha \u0111\u01b0\u1ee3c b\u1ed5 sung b\u1edfi m\u1ed9t tinh ch\u1ea5t tr\u00e1i c\u00e2y tinh t\u1ebf v\u00e0 l\u00faa m\u1ea1ch nh\u1ea1t phong ph\u00fa.\" \/>\n<meta name=\"robots\" content=\"index, follow, max-snippet:-1, max-image-preview:large, max-video-preview:-1\" \/>\n<link rel=\"canonical\" href=\"http:\/\/52.77.24.187\/vi\/san-pham\/ten-dogs-elvis-imperial-red\/\" \/>\n<meta property=\"og:locale\" content=\"vi_VN\" \/>\n<meta property=\"og:type\" content=\"article\" \/>\n<meta property=\"og:title\" content=\"Ten Dogs Elvis Imperial Red - The Bottle Shop\" \/>\n<meta property=\"og:description\" content=\"Ten Dogs Elvis Imperial Red Ale. H\u01b0\u01a1ng th\u01a1m quy\u1ebfn r\u0169 c\u1ee7a m\u1ea1ch nha \u0111\u01b0\u1ee3c b\u1ed5 sung b\u1edfi m\u1ed9t tinh ch\u1ea5t tr\u00e1i c\u00e2y tinh t\u1ebf v\u00e0 l\u00faa m\u1ea1ch nh\u1ea1t phong ph\u00fa.\" \/>\n<meta property=\"og:url\" content=\"http:\/\/52.77.24.187\/vi\/san-pham\/ten-dogs-elvis-imperial-red\/\" \/>\n<meta property=\"og:site_name\" content=\"The Bottle Shop\" \/>\n<meta property=\"article:publisher\" content=\"https:\/\/www.facebook.com\/thebottleshopvietnam\" \/>\n<meta property=\"article:modified_time\" content=\"2023-09-20T10:57:22+00:00\" \/>\n<meta property=\"og:image\" content=\"https:\/\/mlsrfcxkkbzg.i.optimole.com\/cb:JbP2.215d7\/w:auto\/h:auto\/q:mauto\/ig:avif\/http:\/\/52.77.24.187\/wp-content\/uploads\/2023\/10\/Ten-Dogs-Elvis-Imperial-Red-Ale-1.png\" \/>\n\t<meta property=\"og:image:width\" content=\"1080\" \/>\n\t<meta property=\"og:image:height\" content=\"1080\" \/>\n\t<meta property=\"og:image:type\" content=\"image\/png\" \/>\n<meta name=\"twitter:card\" content=\"summary_large_image\" \/>\n<meta name=\"twitter:label1\" content=\"Est. reading time\" \/>\n\t<meta name=\"twitter:data1\" content=\"1 minute\" \/>\n<script type=\"application\/ld+json\" class=\"yoast-schema-graph\">{\"@context\":\"https:\/\/schema.org\",\"@graph\":[{\"@type\":\"WebPage\",\"@id\":\"http:\/\/52.77.24.187\/vi\/san-pham\/ten-dogs-elvis-imperial-red\/\",\"url\":\"http:\/\/52.77.24.187\/vi\/san-pham\/ten-dogs-elvis-imperial-red\/\",\"name\":\"Ten Dogs Elvis Imperial Red - The Bottle Shop\",\"isPartOf\":{\"@id\":\"http:\/\/52.77.24.187\/#website\"},\"primaryImageOfPage\":{\"@id\":\"http:\/\/52.77.24.187\/vi\/san-pham\/ten-dogs-elvis-imperial-red\/#primaryimage\"},\"image\":{\"@id\":\"http:\/\/52.77.24.187\/vi\/san-pham\/ten-dogs-elvis-imperial-red\/#primaryimage\"},\"thumbnailUrl\":\"https:\/\/mlsrfcxkkbzg.i.optimole.com\/cb:JbP2.215d7\/w:auto\/h:auto\/q:mauto\/ig:avif\/https:\/\/thebottleshop.vn\/wp-content\/uploads\/2023\/10\/Ten-Dogs-Elvis-Imperial-Red-Ale-1.png\",\"datePublished\":\"2023-09-19T05:05:33+00:00\",\"dateModified\":\"2023-09-20T10:57:22+00:00\",\"description\":\"Ten Dogs Elvis Imperial Red Ale. H\u01b0\u01a1ng th\u01a1m quy\u1ebfn r\u0169 c\u1ee7a m\u1ea1ch nha \u0111\u01b0\u1ee3c b\u1ed5 sung b\u1edfi m\u1ed9t tinh ch\u1ea5t tr\u00e1i c\u00e2y tinh t\u1ebf v\u00e0 l\u00faa m\u1ea1ch nh\u1ea1t phong ph\u00fa.\",\"breadcrumb\":{\"@id\":\"http:\/\/52.77.24.187\/vi\/san-pham\/ten-dogs-elvis-imperial-red\/#breadcrumb\"},\"inLanguage\":\"vi-VN\",\"potentialAction\":[{\"@type\":\"ReadAction\",\"target\":[\"http:\/\/52.77.24.187\/vi\/san-pham\/ten-dogs-elvis-imperial-red\/\"]}]},{\"@type\":\"ImageObject\",\"inLanguage\":\"vi-VN\",\"@id\":\"http:\/\/52.77.24.187\/vi\/san-pham\/ten-dogs-elvis-imperial-red\/#primaryimage\",\"url\":\"https:\/\/mlsrfcxkkbzg.i.optimole.com\/cb:JbP2.215d7\/w:auto\/h:auto\/q:mauto\/ig:avif\/https:\/\/thebottleshop.vn\/wp-content\/uploads\/2023\/10\/Ten-Dogs-Elvis-Imperial-Red-Ale-1.png\",\"contentUrl\":\"https:\/\/mlsrfcxkkbzg.i.optimole.com\/cb:JbP2.215d7\/w:auto\/h:auto\/q:mauto\/ig:avif\/https:\/\/thebottleshop.vn\/wp-content\/uploads\/2023\/10\/Ten-Dogs-Elvis-Imperial-Red-Ale-1.png\",\"width\":1080,\"height\":1080,\"caption\":\"Ten Dogs Elvis Imperial Red Ale\"},{\"@type\":\"BreadcrumbList\",\"@id\":\"http:\/\/52.77.24.187\/vi\/san-pham\/ten-dogs-elvis-imperial-red\/#breadcrumb\",\"itemListElement\":[{\"@type\":\"ListItem\",\"position\":1,\"name\":\"Home\",\"item\":\"http:\/\/52.77.24.187\/vi\/test-popup-vi\/\"},{\"@type\":\"ListItem\",\"position\":2,\"name\":\"C\u1eeda h\u00e0ng\",\"item\":\"http:\/\/52.77.24.187\/vi\/cua-hang\/\"},{\"@type\":\"ListItem\",\"position\":3,\"name\":\"Ten Dogs Elvis Imperial Red\"}]},{\"@type\":\"WebSite\",\"@id\":\"http:\/\/52.77.24.187\/#website\",\"url\":\"http:\/\/52.77.24.187\/\",\"name\":\"The Bottle Shop\",\"description\":\"All beers are not created equal\",\"publisher\":{\"@id\":\"http:\/\/52.77.24.187\/#organization\"},\"potentialAction\":[{\"@type\":\"SearchAction\",\"target\":{\"@type\":\"EntryPoint\",\"urlTemplate\":\"http:\/\/52.77.24.187\/?s={search_term_string}\"},\"query-input\":{\"@type\":\"PropertyValueSpecification\",\"valueRequired\":true,\"valueName\":\"search_term_string\"}}],\"inLanguage\":\"vi-VN\"},{\"@type\":\"Organization\",\"@id\":\"http:\/\/52.77.24.187\/#organization\",\"name\":\"The Bottle Shop\",\"url\":\"http:\/\/52.77.24.187\/\",\"logo\":{\"@type\":\"ImageObject\",\"inLanguage\":\"vi-VN\",\"@id\":\"http:\/\/52.77.24.187\/#\/schema\/logo\/image\/\",\"url\":\"https:\/\/mlsrfcxkkbzg.i.optimole.com\/cb:JbP2.215d7\/w:auto\/h:auto\/q:mauto\/ig:avif\/https:\/\/thebottleshop.vn\/wp-content\/uploads\/2022\/10\/The-Bottle-Shop-Online-Logo.png\",\"contentUrl\":\"https:\/\/mlsrfcxkkbzg.i.optimole.com\/cb:JbP2.215d7\/w:auto\/h:auto\/q:mauto\/ig:avif\/https:\/\/thebottleshop.vn\/wp-content\/uploads\/2022\/10\/The-Bottle-Shop-Online-Logo.png\",\"width\":145,\"height\":147,\"caption\":\"The Bottle Shop\"},\"image\":{\"@id\":\"http:\/\/52.77.24.187\/#\/schema\/logo\/image\/\"},\"sameAs\":[\"https:\/\/www.facebook.com\/thebottleshopvietnam\",\"https:\/\/www.instagram.com\/thebottleshop_vietnam\/\"]}]}<\/script>\n<!-- \/ Yoast SEO plugin. -->","yoast_head_json":{"title":"Ten Dogs Elvis Imperial Red - The Bottle Shop","description":"Ten Dogs Elvis Imperial Red Ale. H\u01b0\u01a1ng th\u01a1m quy\u1ebfn r\u0169 c\u1ee7a m\u1ea1ch nha \u0111\u01b0\u1ee3c b\u1ed5 sung b\u1edfi m\u1ed9t tinh ch\u1ea5t tr\u00e1i c\u00e2y tinh t\u1ebf v\u00e0 l\u00faa m\u1ea1ch nh\u1ea1t phong ph\u00fa.","robots":{"index":"index","follow":"follow","max-snippet":"max-snippet:-1","max-image-preview":"max-image-preview:large","max-video-preview":"max-video-preview:-1"},"canonical":"http:\/\/52.77.24.187\/vi\/san-pham\/ten-dogs-elvis-imperial-red\/","og_locale":"vi_VN","og_type":"article","og_title":"Ten Dogs Elvis Imperial Red - The Bottle Shop","og_description":"Ten Dogs Elvis Imperial Red Ale. H\u01b0\u01a1ng th\u01a1m quy\u1ebfn r\u0169 c\u1ee7a m\u1ea1ch nha \u0111\u01b0\u1ee3c b\u1ed5 sung b\u1edfi m\u1ed9t tinh ch\u1ea5t tr\u00e1i c\u00e2y tinh t\u1ebf v\u00e0 l\u00faa m\u1ea1ch nh\u1ea1t phong ph\u00fa.","og_url":"http:\/\/52.77.24.187\/vi\/san-pham\/ten-dogs-elvis-imperial-red\/","og_site_name":"The Bottle Shop","article_publisher":"https:\/\/www.facebook.com\/thebottleshopvietnam","article_modified_time":"2023-09-20T10:57:22+00:00","og_image":[{"width":1080,"height":1080,"url":"https:\/\/mlsrfcxkkbzg.i.optimole.com\/cb:JbP2.215d7\/w:auto\/h:auto\/q:mauto\/ig:avif\/http:\/\/52.77.24.187\/wp-content\/uploads\/2023\/10\/Ten-Dogs-Elvis-Imperial-Red-Ale-1.png","type":"image\/png"}],"twitter_card":"summary_large_image","twitter_misc":{"Est. reading time":"1 minute"},"schema":{"@context":"https:\/\/schema.org","@graph":[{"@type":"WebPage","@id":"http:\/\/52.77.24.187\/vi\/san-pham\/ten-dogs-elvis-imperial-red\/","url":"http:\/\/52.77.24.187\/vi\/san-pham\/ten-dogs-elvis-imperial-red\/","name":"Ten Dogs Elvis Imperial Red - The Bottle Shop","isPartOf":{"@id":"http:\/\/52.77.24.187\/#website"},"primaryImageOfPage":{"@id":"http:\/\/52.77.24.187\/vi\/san-pham\/ten-dogs-elvis-imperial-red\/#primaryimage"},"image":{"@id":"http:\/\/52.77.24.187\/vi\/san-pham\/ten-dogs-elvis-imperial-red\/#primaryimage"},"thumbnailUrl":"https:\/\/mlsrfcxkkbzg.i.optimole.com\/cb:JbP2.215d7\/w:auto\/h:auto\/q:mauto\/ig:avif\/https:\/\/thebottleshop.vn\/wp-content\/uploads\/2023\/10\/Ten-Dogs-Elvis-Imperial-Red-Ale-1.png","datePublished":"2023-09-19T05:05:33+00:00","dateModified":"2023-09-20T10:57:22+00:00","description":"Ten Dogs Elvis Imperial Red Ale. H\u01b0\u01a1ng th\u01a1m quy\u1ebfn r\u0169 c\u1ee7a m\u1ea1ch nha \u0111\u01b0\u1ee3c b\u1ed5 sung b\u1edfi m\u1ed9t tinh ch\u1ea5t tr\u00e1i c\u00e2y tinh t\u1ebf v\u00e0 l\u00faa m\u1ea1ch nh\u1ea1t phong ph\u00fa.","breadcrumb":{"@id":"http:\/\/52.77.24.187\/vi\/san-pham\/ten-dogs-elvis-imperial-red\/#breadcrumb"},"inLanguage":"vi-VN","potentialAction":[{"@type":"ReadAction","target":["http:\/\/52.77.24.187\/vi\/san-pham\/ten-dogs-elvis-imperial-red\/"]}]},{"@type":"ImageObject","inLanguage":"vi-VN","@id":"http:\/\/52.77.24.187\/vi\/san-pham\/ten-dogs-elvis-imperial-red\/#primaryimage","url":"https:\/\/mlsrfcxkkbzg.i.optimole.com\/cb:JbP2.215d7\/w:auto\/h:auto\/q:mauto\/ig:avif\/https:\/\/thebottleshop.vn\/wp-content\/uploads\/2023\/10\/Ten-Dogs-Elvis-Imperial-Red-Ale-1.png","contentUrl":"https:\/\/mlsrfcxkkbzg.i.optimole.com\/cb:JbP2.215d7\/w:auto\/h:auto\/q:mauto\/ig:avif\/https:\/\/thebottleshop.vn\/wp-content\/uploads\/2023\/10\/Ten-Dogs-Elvis-Imperial-Red-Ale-1.png","width":1080,"height":1080,"caption":"Ten Dogs Elvis Imperial Red Ale"},{"@type":"BreadcrumbList","@id":"http:\/\/52.77.24.187\/vi\/san-pham\/ten-dogs-elvis-imperial-red\/#breadcrumb","itemListElement":[{"@type":"ListItem","position":1,"name":"Home","item":"http:\/\/52.77.24.187\/vi\/test-popup-vi\/"},{"@type":"ListItem","position":2,"name":"C\u1eeda h\u00e0ng","item":"http:\/\/52.77.24.187\/vi\/cua-hang\/"},{"@type":"ListItem","position":3,"name":"Ten Dogs Elvis Imperial Red"}]},{"@type":"WebSite","@id":"http:\/\/52.77.24.187\/#website","url":"http:\/\/52.77.24.187\/","name":"The Bottle Shop","description":"All beers are not created equal","publisher":{"@id":"http:\/\/52.77.24.187\/#organization"},"potentialAction":[{"@type":"SearchAction","target":{"@type":"EntryPoint","urlTemplate":"http:\/\/52.77.24.187\/?s={search_term_string}"},"query-input":{"@type":"PropertyValueSpecification","valueRequired":true,"valueName":"search_term_string"}}],"inLanguage":"vi-VN"},{"@type":"Organization","@id":"http:\/\/52.77.24.187\/#organization","name":"The Bottle Shop","url":"http:\/\/52.77.24.187\/","logo":{"@type":"ImageObject","inLanguage":"vi-VN","@id":"http:\/\/52.77.24.187\/#\/schema\/logo\/image\/","url":"https:\/\/mlsrfcxkkbzg.i.optimole.com\/cb:JbP2.215d7\/w:auto\/h:auto\/q:mauto\/ig:avif\/https:\/\/thebottleshop.vn\/wp-content\/uploads\/2022\/10\/The-Bottle-Shop-Online-Logo.png","contentUrl":"https:\/\/mlsrfcxkkbzg.i.optimole.com\/cb:JbP2.215d7\/w:auto\/h:auto\/q:mauto\/ig:avif\/https:\/\/thebottleshop.vn\/wp-content\/uploads\/2022\/10\/The-Bottle-Shop-Online-Logo.png","width":145,"height":147,"caption":"The Bottle Shop"},"image":{"@id":"http:\/\/52.77.24.187\/#\/schema\/logo\/image\/"},"sameAs":["https:\/\/www.facebook.com\/thebottleshopvietnam","https:\/\/www.instagram.com\/thebottleshop_vietnam\/"]}]}},"_links":{"self":[{"href":"https:\/\/thebottleshop.vn\/vi\/wp-json\/wp\/v2\/product\/18219","targetHints":{"allow":["GET"]}}],"collection":[{"href":"https:\/\/thebottleshop.vn\/vi\/wp-json\/wp\/v2\/product"}],"about":[{"href":"https:\/\/thebottleshop.vn\/vi\/wp-json\/wp\/v2\/types\/product"}],"replies":[{"embeddable":true,"href":"https:\/\/thebottleshop.vn\/vi\/wp-json\/wp\/v2\/comments?post=18219"}],"wp:featuredmedia":[{"embeddable":true,"href":"https:\/\/thebottleshop.vn\/vi\/wp-json\/wp\/v2\/media\/18268"}],"wp:attachment":[{"href":"https:\/\/thebottleshop.vn\/vi\/wp-json\/wp\/v2\/media?parent=18219"}],"wp:term":[{"taxonomy":"product_brand","embeddable":true,"href":"https:\/\/thebottleshop.vn\/vi\/wp-json\/wp\/v2\/product_brand?post=18219"},{"taxonomy":"product_cat","embeddable":true,"href":"https:\/\/thebottleshop.vn\/vi\/wp-json\/wp\/v2\/product_cat?post=18219"},{"taxonomy":"product_tag","embeddable":true,"href":"https:\/\/thebottleshop.vn\/vi\/wp-json\/wp\/v2\/product_tag?post=18219"}],"curies":[{"name":"wp","href":"https:\/\/api.w.org\/{rel}","templated":true}]}}