{"id":18226,"date":"2023-09-20T16:54:48","date_gmt":"2023-09-20T09:54:48","guid":{"rendered":"https:\/\/thebottleshop.vn\/product\/ten-dogs-elvis-imperial-red-6-pack\/"},"modified":"2024-10-10T12:26:13","modified_gmt":"2024-10-10T05:26:13","slug":"fuzzy-fridays-ten-dogs-elvis-imperial-red","status":"publish","type":"product","link":"https:\/\/thebottleshop.vn\/vi\/san-pham\/fuzzy-fridays-ten-dogs-elvis-imperial-red\/","title":{"rendered":"Fuzzy Fridays Ten Dogs Elvis Imperial Red"},"content":{"rendered":"<p>TH\u1ee8 6 H\u00c0NG TU\u1ea6N, MUA 4 T\u1eb6NG 2 V\u1edaI FUZZY FRIDAYS!<\/p>\n<p>Ten Dogs Elvis Imperial Red Ale. Kh\u00e1m ph\u00e1 h\u01b0\u01a1ng tinh t\u1ebf c\u1ee7a caramel v\u00e0 toffee, tr\u1ea3i nghi\u1ec7m h\u01b0\u01a1ng v\u1ecb n\u1ed3ng n\u00e0n c\u1ee7a hoa bia v\u1edbi \u0111\u1ed9 ng\u1ecdt v\u1eeba ph\u1ea3i, \u0111em l\u1ea1i \u1ea5n t\u01b0\u1ee3ng s\u00e2u s\u1eafc m\u00e0 tr\u1ea7m l\u1eafng.\u00a0B\u00ean c\u1ea1nh \u0111\u00f3, b\u1ea1n \u0111\u1eafm m\u00ecnh trong h\u01b0\u01a1ng th\u01a1m quy\u1ebfn r\u0169 c\u1ee7a v\u1ecb m\u1ea1ch nha \u0111\u1eadm \u0111\u00e0 c\u00f9ng v\u1edbi h\u01b0\u01a1ng tr\u00e1i c\u00e2y nh\u1eb9 nh\u00e0ng v\u00e0 th\u01b0\u1edfng th\u1ee9c m\u1ed9t th\u1ee9c u\u1ed1ng\u00a0kh\u00f3 qu\u00ean.<\/p>\n<p>C\u1ea3 ng\u00e0y th\u1ee9 6 h\u00e0ng tu\u1ea5n, ch\u1ec9 c\u00f3 t\u1ea1i The Bottle Shop Online!<\/p>\n<p>\u2014\u2013<br \/>\nXem th\u01b0 vi\u1ec7n h\u00ecnh \u1ea3nh \u0111\u1ec3 bi\u1ebft th\u00eam th\u00f4ng tin chi ti\u1ebft v\u1ec1 ngu\u1ed3n g\u1ed1c, th\u00e0nh ph\u1ea7n v\u00e0 h\u01b0\u1edbng d\u1eabn s\u1eed d\u1ee5ng c\u1ee7a s\u1ea3n ph\u1ea9m.<\/p>\n","protected":false},"excerpt":{"rendered":"<p><strong>M\u1ea1ch nha, \u0110\u1eadm \u0111\u00e0, \u00cam d\u1ecbu 8.3%<\/strong><\/p>\n","protected":false},"featured_media":18262,"comment_status":"open","ping_status":"closed","template":"","meta":{"_acf_changed":false},"product_brand":[],"product_cat":[385,337,340,427,380,350,374,351,366,345,377,339,341,352,574,622],"product_tag":[],"class_list":{"0":"post-18226","1":"product","2":"type-product","3":"status-publish","4":"has-post-thumbnail","6":"product_cat-top-deals","7":"product_cat-bia-va-cider","8":"product_cat-vietnam-hcmc","9":"product_cat-bia-do","10":"product_cat-40-59","11":"product_cat-8-9-9","12":"product_cat-500k-749k","13":"product_cat-dong-bia","14":"product_cat-nha-san-xuat","15":"product_cat-abv-vi","16":"product_cat-ibu","17":"product_cat-xuat-xu","18":"product_cat-dong-goi","19":"product_cat-gia","20":"product_cat-lon-6-pack","21":"product_cat-ten-dogs-vi","23":"first","24":"instock","25":"sale","26":"shipping-taxable","27":"purchasable","28":"product-type-simple","29":"add-to-wishlist-before_image"},"acf":[],"yoast_head":"<!-- This site is optimized with the Yoast SEO plugin v27.2 - https:\/\/yoast.com\/product\/yoast-seo-wordpress\/ -->\n<title>Fuzzy Fridays Ten Dogs Elvis Imperial Red - The Bottle Shop<\/title>\n<meta name=\"description\" content=\"TH\u1ee8 6 H\u00c0NG TU\u1ea6N, MUA 4 T\u1eb6NG 2 V\u1edaI FUZZY FRIDAYS! Ten Dogs Elvis Imperial Red Ale. Kh\u00e1m ph\u00e1 h\u01b0\u01a1ng tinh t\u1ebf c\u1ee7a caramel v\u00e0 toffee, tr\u1ea3i nghi\u1ec7m hoa bia.\" \/>\n<meta name=\"robots\" content=\"index, follow, max-snippet:-1, max-image-preview:large, max-video-preview:-1\" \/>\n<link rel=\"canonical\" href=\"http:\/\/52.77.24.187\/vi\/san-pham\/fuzzy-fridays-ten-dogs-elvis-imperial-red\/\" \/>\n<meta property=\"og:locale\" content=\"vi_VN\" \/>\n<meta property=\"og:type\" content=\"article\" \/>\n<meta property=\"og:title\" content=\"Fuzzy Fridays Ten Dogs Elvis Imperial Red - The Bottle Shop\" \/>\n<meta property=\"og:description\" content=\"TH\u1ee8 6 H\u00c0NG TU\u1ea6N, MUA 4 T\u1eb6NG 2 V\u1edaI FUZZY FRIDAYS! Ten Dogs Elvis Imperial Red Ale. Kh\u00e1m ph\u00e1 h\u01b0\u01a1ng tinh t\u1ebf c\u1ee7a caramel v\u00e0 toffee, tr\u1ea3i nghi\u1ec7m hoa bia.\" \/>\n<meta property=\"og:url\" content=\"http:\/\/52.77.24.187\/vi\/san-pham\/fuzzy-fridays-ten-dogs-elvis-imperial-red\/\" \/>\n<meta property=\"og:site_name\" content=\"The Bottle Shop\" \/>\n<meta property=\"article:publisher\" content=\"https:\/\/www.facebook.com\/thebottleshopvietnam\" \/>\n<meta property=\"article:modified_time\" content=\"2024-10-10T05:26:13+00:00\" \/>\n<meta property=\"og:image\" content=\"https:\/\/mlsrfcxkkbzg.i.optimole.com\/cb:JbP2.215d7\/w:auto\/h:auto\/q:mauto\/ig:avif\/http:\/\/52.77.24.187\/wp-content\/uploads\/2023\/10\/Ten-Dogs-Elvis-Imperial-Red-Ale-6-pack.png\" \/>\n\t<meta property=\"og:image:width\" content=\"1080\" \/>\n\t<meta property=\"og:image:height\" content=\"1080\" \/>\n\t<meta property=\"og:image:type\" content=\"image\/png\" \/>\n<meta name=\"twitter:card\" content=\"summary_large_image\" \/>\n<meta name=\"twitter:label1\" content=\"Est. reading time\" \/>\n\t<meta name=\"twitter:data1\" content=\"1 minute\" \/>\n<script type=\"application\/ld+json\" class=\"yoast-schema-graph\">{\"@context\":\"https:\/\/schema.org\",\"@graph\":[{\"@type\":\"WebPage\",\"@id\":\"http:\/\/52.77.24.187\/vi\/san-pham\/fuzzy-fridays-ten-dogs-elvis-imperial-red\/\",\"url\":\"http:\/\/52.77.24.187\/vi\/san-pham\/fuzzy-fridays-ten-dogs-elvis-imperial-red\/\",\"name\":\"Fuzzy Fridays Ten Dogs Elvis Imperial Red - The Bottle Shop\",\"isPartOf\":{\"@id\":\"http:\/\/52.77.24.187\/#website\"},\"primaryImageOfPage\":{\"@id\":\"http:\/\/52.77.24.187\/vi\/san-pham\/fuzzy-fridays-ten-dogs-elvis-imperial-red\/#primaryimage\"},\"image\":{\"@id\":\"http:\/\/52.77.24.187\/vi\/san-pham\/fuzzy-fridays-ten-dogs-elvis-imperial-red\/#primaryimage\"},\"thumbnailUrl\":\"https:\/\/mlsrfcxkkbzg.i.optimole.com\/cb:JbP2.215d7\/w:auto\/h:auto\/q:mauto\/ig:avif\/https:\/\/thebottleshop.vn\/wp-content\/uploads\/2023\/10\/Ten-Dogs-Elvis-Imperial-Red-Ale-6-pack.png\",\"datePublished\":\"2023-09-20T09:54:48+00:00\",\"dateModified\":\"2024-10-10T05:26:13+00:00\",\"description\":\"TH\u1ee8 6 H\u00c0NG TU\u1ea6N, MUA 4 T\u1eb6NG 2 V\u1edaI FUZZY FRIDAYS! Ten Dogs Elvis Imperial Red Ale. Kh\u00e1m ph\u00e1 h\u01b0\u01a1ng tinh t\u1ebf c\u1ee7a caramel v\u00e0 toffee, tr\u1ea3i nghi\u1ec7m hoa bia.\",\"breadcrumb\":{\"@id\":\"http:\/\/52.77.24.187\/vi\/san-pham\/fuzzy-fridays-ten-dogs-elvis-imperial-red\/#breadcrumb\"},\"inLanguage\":\"vi-VN\",\"potentialAction\":[{\"@type\":\"ReadAction\",\"target\":[\"http:\/\/52.77.24.187\/vi\/san-pham\/fuzzy-fridays-ten-dogs-elvis-imperial-red\/\"]}]},{\"@type\":\"ImageObject\",\"inLanguage\":\"vi-VN\",\"@id\":\"http:\/\/52.77.24.187\/vi\/san-pham\/fuzzy-fridays-ten-dogs-elvis-imperial-red\/#primaryimage\",\"url\":\"https:\/\/mlsrfcxkkbzg.i.optimole.com\/cb:JbP2.215d7\/w:auto\/h:auto\/q:mauto\/ig:avif\/https:\/\/thebottleshop.vn\/wp-content\/uploads\/2023\/10\/Ten-Dogs-Elvis-Imperial-Red-Ale-6-pack.png\",\"contentUrl\":\"https:\/\/mlsrfcxkkbzg.i.optimole.com\/cb:JbP2.215d7\/w:auto\/h:auto\/q:mauto\/ig:avif\/https:\/\/thebottleshop.vn\/wp-content\/uploads\/2023\/10\/Ten-Dogs-Elvis-Imperial-Red-Ale-6-pack.png\",\"width\":1080,\"height\":1080,\"caption\":\"Ten Dogs Elvis Imperial Red Ale 6-pack\"},{\"@type\":\"BreadcrumbList\",\"@id\":\"http:\/\/52.77.24.187\/vi\/san-pham\/fuzzy-fridays-ten-dogs-elvis-imperial-red\/#breadcrumb\",\"itemListElement\":[{\"@type\":\"ListItem\",\"position\":1,\"name\":\"Home\",\"item\":\"http:\/\/52.77.24.187\/vi\/test-popup-vi\/\"},{\"@type\":\"ListItem\",\"position\":2,\"name\":\"C\u1eeda h\u00e0ng\",\"item\":\"http:\/\/52.77.24.187\/vi\/cua-hang\/\"},{\"@type\":\"ListItem\",\"position\":3,\"name\":\"Fuzzy Fridays Ten Dogs Elvis Imperial Red\"}]},{\"@type\":\"WebSite\",\"@id\":\"http:\/\/52.77.24.187\/#website\",\"url\":\"http:\/\/52.77.24.187\/\",\"name\":\"The Bottle Shop\",\"description\":\"All beers are not created equal\",\"publisher\":{\"@id\":\"http:\/\/52.77.24.187\/#organization\"},\"potentialAction\":[{\"@type\":\"SearchAction\",\"target\":{\"@type\":\"EntryPoint\",\"urlTemplate\":\"http:\/\/52.77.24.187\/?s={search_term_string}\"},\"query-input\":{\"@type\":\"PropertyValueSpecification\",\"valueRequired\":true,\"valueName\":\"search_term_string\"}}],\"inLanguage\":\"vi-VN\"},{\"@type\":\"Organization\",\"@id\":\"http:\/\/52.77.24.187\/#organization\",\"name\":\"The Bottle Shop\",\"url\":\"http:\/\/52.77.24.187\/\",\"logo\":{\"@type\":\"ImageObject\",\"inLanguage\":\"vi-VN\",\"@id\":\"http:\/\/52.77.24.187\/#\/schema\/logo\/image\/\",\"url\":\"https:\/\/mlsrfcxkkbzg.i.optimole.com\/cb:JbP2.215d7\/w:auto\/h:auto\/q:mauto\/ig:avif\/https:\/\/thebottleshop.vn\/wp-content\/uploads\/2022\/10\/The-Bottle-Shop-Online-Logo.png\",\"contentUrl\":\"https:\/\/mlsrfcxkkbzg.i.optimole.com\/cb:JbP2.215d7\/w:auto\/h:auto\/q:mauto\/ig:avif\/https:\/\/thebottleshop.vn\/wp-content\/uploads\/2022\/10\/The-Bottle-Shop-Online-Logo.png\",\"width\":145,\"height\":147,\"caption\":\"The Bottle Shop\"},\"image\":{\"@id\":\"http:\/\/52.77.24.187\/#\/schema\/logo\/image\/\"},\"sameAs\":[\"https:\/\/www.facebook.com\/thebottleshopvietnam\",\"https:\/\/www.instagram.com\/thebottleshop_vietnam\/\"]}]}<\/script>\n<!-- \/ Yoast SEO plugin. -->","yoast_head_json":{"title":"Fuzzy Fridays Ten Dogs Elvis Imperial Red - The Bottle Shop","description":"TH\u1ee8 6 H\u00c0NG TU\u1ea6N, MUA 4 T\u1eb6NG 2 V\u1edaI FUZZY FRIDAYS! Ten Dogs Elvis Imperial Red Ale. Kh\u00e1m ph\u00e1 h\u01b0\u01a1ng tinh t\u1ebf c\u1ee7a caramel v\u00e0 toffee, tr\u1ea3i nghi\u1ec7m hoa bia.","robots":{"index":"index","follow":"follow","max-snippet":"max-snippet:-1","max-image-preview":"max-image-preview:large","max-video-preview":"max-video-preview:-1"},"canonical":"http:\/\/52.77.24.187\/vi\/san-pham\/fuzzy-fridays-ten-dogs-elvis-imperial-red\/","og_locale":"vi_VN","og_type":"article","og_title":"Fuzzy Fridays Ten Dogs Elvis Imperial Red - The Bottle Shop","og_description":"TH\u1ee8 6 H\u00c0NG TU\u1ea6N, MUA 4 T\u1eb6NG 2 V\u1edaI FUZZY FRIDAYS! Ten Dogs Elvis Imperial Red Ale. Kh\u00e1m ph\u00e1 h\u01b0\u01a1ng tinh t\u1ebf c\u1ee7a caramel v\u00e0 toffee, tr\u1ea3i nghi\u1ec7m hoa bia.","og_url":"http:\/\/52.77.24.187\/vi\/san-pham\/fuzzy-fridays-ten-dogs-elvis-imperial-red\/","og_site_name":"The Bottle Shop","article_publisher":"https:\/\/www.facebook.com\/thebottleshopvietnam","article_modified_time":"2024-10-10T05:26:13+00:00","og_image":[{"width":1080,"height":1080,"url":"https:\/\/mlsrfcxkkbzg.i.optimole.com\/cb:JbP2.215d7\/w:auto\/h:auto\/q:mauto\/ig:avif\/http:\/\/52.77.24.187\/wp-content\/uploads\/2023\/10\/Ten-Dogs-Elvis-Imperial-Red-Ale-6-pack.png","type":"image\/png"}],"twitter_card":"summary_large_image","twitter_misc":{"Est. reading time":"1 minute"},"schema":{"@context":"https:\/\/schema.org","@graph":[{"@type":"WebPage","@id":"http:\/\/52.77.24.187\/vi\/san-pham\/fuzzy-fridays-ten-dogs-elvis-imperial-red\/","url":"http:\/\/52.77.24.187\/vi\/san-pham\/fuzzy-fridays-ten-dogs-elvis-imperial-red\/","name":"Fuzzy Fridays Ten Dogs Elvis Imperial Red - The Bottle Shop","isPartOf":{"@id":"http:\/\/52.77.24.187\/#website"},"primaryImageOfPage":{"@id":"http:\/\/52.77.24.187\/vi\/san-pham\/fuzzy-fridays-ten-dogs-elvis-imperial-red\/#primaryimage"},"image":{"@id":"http:\/\/52.77.24.187\/vi\/san-pham\/fuzzy-fridays-ten-dogs-elvis-imperial-red\/#primaryimage"},"thumbnailUrl":"https:\/\/mlsrfcxkkbzg.i.optimole.com\/cb:JbP2.215d7\/w:auto\/h:auto\/q:mauto\/ig:avif\/https:\/\/thebottleshop.vn\/wp-content\/uploads\/2023\/10\/Ten-Dogs-Elvis-Imperial-Red-Ale-6-pack.png","datePublished":"2023-09-20T09:54:48+00:00","dateModified":"2024-10-10T05:26:13+00:00","description":"TH\u1ee8 6 H\u00c0NG TU\u1ea6N, MUA 4 T\u1eb6NG 2 V\u1edaI FUZZY FRIDAYS! Ten Dogs Elvis Imperial Red Ale. Kh\u00e1m ph\u00e1 h\u01b0\u01a1ng tinh t\u1ebf c\u1ee7a caramel v\u00e0 toffee, tr\u1ea3i nghi\u1ec7m hoa bia.","breadcrumb":{"@id":"http:\/\/52.77.24.187\/vi\/san-pham\/fuzzy-fridays-ten-dogs-elvis-imperial-red\/#breadcrumb"},"inLanguage":"vi-VN","potentialAction":[{"@type":"ReadAction","target":["http:\/\/52.77.24.187\/vi\/san-pham\/fuzzy-fridays-ten-dogs-elvis-imperial-red\/"]}]},{"@type":"ImageObject","inLanguage":"vi-VN","@id":"http:\/\/52.77.24.187\/vi\/san-pham\/fuzzy-fridays-ten-dogs-elvis-imperial-red\/#primaryimage","url":"https:\/\/mlsrfcxkkbzg.i.optimole.com\/cb:JbP2.215d7\/w:auto\/h:auto\/q:mauto\/ig:avif\/https:\/\/thebottleshop.vn\/wp-content\/uploads\/2023\/10\/Ten-Dogs-Elvis-Imperial-Red-Ale-6-pack.png","contentUrl":"https:\/\/mlsrfcxkkbzg.i.optimole.com\/cb:JbP2.215d7\/w:auto\/h:auto\/q:mauto\/ig:avif\/https:\/\/thebottleshop.vn\/wp-content\/uploads\/2023\/10\/Ten-Dogs-Elvis-Imperial-Red-Ale-6-pack.png","width":1080,"height":1080,"caption":"Ten Dogs Elvis Imperial Red Ale 6-pack"},{"@type":"BreadcrumbList","@id":"http:\/\/52.77.24.187\/vi\/san-pham\/fuzzy-fridays-ten-dogs-elvis-imperial-red\/#breadcrumb","itemListElement":[{"@type":"ListItem","position":1,"name":"Home","item":"http:\/\/52.77.24.187\/vi\/test-popup-vi\/"},{"@type":"ListItem","position":2,"name":"C\u1eeda h\u00e0ng","item":"http:\/\/52.77.24.187\/vi\/cua-hang\/"},{"@type":"ListItem","position":3,"name":"Fuzzy Fridays Ten Dogs Elvis Imperial Red"}]},{"@type":"WebSite","@id":"http:\/\/52.77.24.187\/#website","url":"http:\/\/52.77.24.187\/","name":"The Bottle Shop","description":"All beers are not created equal","publisher":{"@id":"http:\/\/52.77.24.187\/#organization"},"potentialAction":[{"@type":"SearchAction","target":{"@type":"EntryPoint","urlTemplate":"http:\/\/52.77.24.187\/?s={search_term_string}"},"query-input":{"@type":"PropertyValueSpecification","valueRequired":true,"valueName":"search_term_string"}}],"inLanguage":"vi-VN"},{"@type":"Organization","@id":"http:\/\/52.77.24.187\/#organization","name":"The Bottle Shop","url":"http:\/\/52.77.24.187\/","logo":{"@type":"ImageObject","inLanguage":"vi-VN","@id":"http:\/\/52.77.24.187\/#\/schema\/logo\/image\/","url":"https:\/\/mlsrfcxkkbzg.i.optimole.com\/cb:JbP2.215d7\/w:auto\/h:auto\/q:mauto\/ig:avif\/https:\/\/thebottleshop.vn\/wp-content\/uploads\/2022\/10\/The-Bottle-Shop-Online-Logo.png","contentUrl":"https:\/\/mlsrfcxkkbzg.i.optimole.com\/cb:JbP2.215d7\/w:auto\/h:auto\/q:mauto\/ig:avif\/https:\/\/thebottleshop.vn\/wp-content\/uploads\/2022\/10\/The-Bottle-Shop-Online-Logo.png","width":145,"height":147,"caption":"The Bottle Shop"},"image":{"@id":"http:\/\/52.77.24.187\/#\/schema\/logo\/image\/"},"sameAs":["https:\/\/www.facebook.com\/thebottleshopvietnam","https:\/\/www.instagram.com\/thebottleshop_vietnam\/"]}]}},"_links":{"self":[{"href":"https:\/\/thebottleshop.vn\/vi\/wp-json\/wp\/v2\/product\/18226","targetHints":{"allow":["GET"]}}],"collection":[{"href":"https:\/\/thebottleshop.vn\/vi\/wp-json\/wp\/v2\/product"}],"about":[{"href":"https:\/\/thebottleshop.vn\/vi\/wp-json\/wp\/v2\/types\/product"}],"replies":[{"embeddable":true,"href":"https:\/\/thebottleshop.vn\/vi\/wp-json\/wp\/v2\/comments?post=18226"}],"wp:featuredmedia":[{"embeddable":true,"href":"https:\/\/thebottleshop.vn\/vi\/wp-json\/wp\/v2\/media\/18262"}],"wp:attachment":[{"href":"https:\/\/thebottleshop.vn\/vi\/wp-json\/wp\/v2\/media?parent=18226"}],"wp:term":[{"taxonomy":"product_brand","embeddable":true,"href":"https:\/\/thebottleshop.vn\/vi\/wp-json\/wp\/v2\/product_brand?post=18226"},{"taxonomy":"product_cat","embeddable":true,"href":"https:\/\/thebottleshop.vn\/vi\/wp-json\/wp\/v2\/product_cat?post=18226"},{"taxonomy":"product_tag","embeddable":true,"href":"https:\/\/thebottleshop.vn\/vi\/wp-json\/wp\/v2\/product_tag?post=18226"}],"curies":[{"name":"wp","href":"https:\/\/api.w.org\/{rel}","templated":true}]}}