{"id":18249,"date":"2023-09-29T15:41:13","date_gmt":"2023-09-29T09:29:01","guid":{"rendered":"https:\/\/thebottleshop.vn\/product\/overmorrow-little-nau-nau-bipa\/"},"modified":"2023-09-29T16:50:34","modified_gmt":"2023-09-29T09:50:34","slug":"overmorrow-little-nau-nau-bipa","status":"publish","type":"product","link":"https:\/\/thebottleshop.vn\/vi\/san-pham\/overmorrow-little-nau-nau-bipa\/","title":{"rendered":"Overmorrow Little N\u00e2u N\u00e2u BIPA"},"content":{"rendered":"<p>Overmorrow Little N\u00e2u N\u00e2u BIPA l\u00e0 m\u1ed9t lo\u1ea1i bia kh\u00f4ng tu\u00e2n theo m\u1ed9t quy t\u1eafc n\u00e0o, nh\u01b0ng l\u1ea1i l\u00e0 m\u1ed9t s\u1ef1 k\u1ebft h\u1ee3p gi\u1eefa c\u00e1c phong c\u00e1ch m\u00e0 ch\u1ec9 Overmorrow m\u1edbi d\u00e1m m\u1ea1o hi\u1ec3m \u00e1p d\u1ee5ng. Este men B\u1ec9 c\u00f3 v\u1ecb chu\u1ed1i v\u00e0 h\u1ea1ch qu\u1ea3, nh\u01b0 m\u1ed9t b\u1ec7 ph\u00f3ng t\u00ean l\u1eeda x\u1ed9c th\u1eb3ng v\u00e0o kh\u1ee9u gi\u00e1c c\u1ee7a b\u1ea1n d\u00f9ng c\u00e1c h\u01b0\u01a1ng v\u1ecb hoa qu\u1ea3 nhi\u1ec7t \u0111\u1edbi, \u0111\u00e0o v\u00e0 th\u1ea3o m\u1ed9c. \u0110an xen c\u00f9ng v\u1ecb d\u1eeba \u0111\u1ec3 t\u1ea1o n\u00ean m\u1ed9t b\u1ea3n giao h\u01b0\u1edfng th\u1eadt h\u00e0i h\u00f2a l\u00e0 h\u01b0\u01a1ng b\u00e1nh m\u00ec, caramel, v\u00e0 c\u00e0 ph\u00ea l\u1ea5p l\u00f3 sau nh\u1eefng t\u1ea7ng bia ng\u1ecdt ng\u00e0o c\u1ee7a m\u1ea1ch nha n\u00e2u.<\/p>\n<p>\u2014\u2013<br \/>\nXem th\u01b0 vi\u1ec7n h\u00ecnh \u1ea3nh \u0111\u1ec3 bi\u1ebft th\u00eam th\u00f4ng tin chi ti\u1ebft v\u1ec1 ngu\u1ed3n g\u1ed1c, th\u00e0nh ph\u1ea7n v\u00e0 h\u01b0\u1edbng d\u1eabn s\u1eed d\u1ee5ng c\u1ee7a s\u1ea3n ph\u1ea9m.<\/p>\n","protected":false},"excerpt":{"rendered":"<p><strong>Nhi\u1ec7t \u0111\u1edbi, Ng\u1ecdt ng\u00e0o, Ph\u00e1 c\u00e1ch 6.8%<\/strong><\/p>\n","protected":false},"featured_media":18270,"comment_status":"open","ping_status":"closed","template":"","meta":{"_acf_changed":false},"product_brand":[],"product_cat":[390,337,379,354,348,342,351,366,345,377,339,341,352,359,471],"product_tag":[],"class_list":{"0":"post-18249","1":"product","2":"type-product","3":"status-publish","4":"has-post-thumbnail","6":"product_cat-vietnam-hanoi","7":"product_cat-bia-va-cider","8":"product_cat-20-39","9":"product_cat-75k-99k","10":"product_cat-6-7-9","11":"product_cat-chai-330-ml","12":"product_cat-dong-bia","13":"product_cat-nha-san-xuat","14":"product_cat-abv-vi","15":"product_cat-ibu","16":"product_cat-xuat-xu","17":"product_cat-dong-goi","18":"product_cat-gia","19":"product_cat-ipa","20":"product_cat-overmorrow-brewing-co","22":"first","23":"outofstock","24":"shipping-taxable","25":"purchasable","26":"product-type-simple","27":"add-to-wishlist-before_image"},"acf":[],"yoast_head":"<!-- This site is optimized with the Yoast SEO plugin v27.2 - https:\/\/yoast.com\/product\/yoast-seo-wordpress\/ -->\n<title>Overmorrow Little N\u00e2u N\u00e2u BIPA - The Bottle Shop<\/title>\n<meta name=\"description\" content=\"Overmorrow Little N\u00e2u N\u00e2u BIPA l\u00e0 m\u1ed9t s\u1ef1 k\u1ebft h\u1ee3p gi\u1eefa c\u00e1c phong c\u00e1ch m\u00e0 ch\u1ec9 Overmorrow m\u1edbi d\u00e1m m\u1ea1o hi\u1ec3m \u00e1p d\u1ee5ng.\" \/>\n<meta name=\"robots\" content=\"index, follow, max-snippet:-1, max-image-preview:large, max-video-preview:-1\" \/>\n<link rel=\"canonical\" href=\"http:\/\/52.77.24.187\/vi\/san-pham\/overmorrow-little-nau-nau-bipa\/\" \/>\n<meta property=\"og:locale\" content=\"vi_VN\" \/>\n<meta property=\"og:type\" content=\"article\" \/>\n<meta property=\"og:title\" content=\"Overmorrow Little N\u00e2u N\u00e2u BIPA - The Bottle Shop\" \/>\n<meta property=\"og:description\" content=\"Overmorrow Little N\u00e2u N\u00e2u BIPA l\u00e0 m\u1ed9t s\u1ef1 k\u1ebft h\u1ee3p gi\u1eefa c\u00e1c phong c\u00e1ch m\u00e0 ch\u1ec9 Overmorrow m\u1edbi d\u00e1m m\u1ea1o hi\u1ec3m \u00e1p d\u1ee5ng.\" \/>\n<meta property=\"og:url\" content=\"http:\/\/52.77.24.187\/vi\/san-pham\/overmorrow-little-nau-nau-bipa\/\" \/>\n<meta property=\"og:site_name\" content=\"The Bottle Shop\" \/>\n<meta property=\"article:publisher\" content=\"https:\/\/www.facebook.com\/thebottleshopvietnam\" \/>\n<meta property=\"article:modified_time\" content=\"2023-09-29T09:50:34+00:00\" \/>\n<meta name=\"twitter:card\" content=\"summary_large_image\" \/>\n<meta name=\"twitter:label1\" content=\"Est. reading time\" \/>\n\t<meta name=\"twitter:data1\" content=\"1 minute\" \/>\n<script type=\"application\/ld+json\" class=\"yoast-schema-graph\">{\"@context\":\"https:\/\/schema.org\",\"@graph\":[{\"@type\":\"WebPage\",\"@id\":\"http:\/\/52.77.24.187\/vi\/san-pham\/overmorrow-little-nau-nau-bipa\/\",\"url\":\"http:\/\/52.77.24.187\/vi\/san-pham\/overmorrow-little-nau-nau-bipa\/\",\"name\":\"Overmorrow Little N\u00e2u N\u00e2u BIPA - The Bottle Shop\",\"isPartOf\":{\"@id\":\"http:\/\/52.77.24.187\/#website\"},\"primaryImageOfPage\":{\"@id\":\"http:\/\/52.77.24.187\/vi\/san-pham\/overmorrow-little-nau-nau-bipa\/#primaryimage\"},\"image\":{\"@id\":\"http:\/\/52.77.24.187\/vi\/san-pham\/overmorrow-little-nau-nau-bipa\/#primaryimage\"},\"thumbnailUrl\":\"https:\/\/mlsrfcxkkbzg.i.optimole.com\/cb:JbP2.215d7\/w:auto\/h:auto\/q:mauto\/ig:avif\/https:\/\/thebottleshop.vn\/wp-content\/uploads\/2023\/09\/Overmorrow-Little-Nau-Nau-BIPA.png\",\"datePublished\":\"2023-09-29T09:29:01+00:00\",\"dateModified\":\"2023-09-29T09:50:34+00:00\",\"description\":\"Overmorrow Little N\u00e2u N\u00e2u BIPA l\u00e0 m\u1ed9t s\u1ef1 k\u1ebft h\u1ee3p gi\u1eefa c\u00e1c phong c\u00e1ch m\u00e0 ch\u1ec9 Overmorrow m\u1edbi d\u00e1m m\u1ea1o hi\u1ec3m \u00e1p d\u1ee5ng.\",\"breadcrumb\":{\"@id\":\"http:\/\/52.77.24.187\/vi\/san-pham\/overmorrow-little-nau-nau-bipa\/#breadcrumb\"},\"inLanguage\":\"vi-VN\",\"potentialAction\":[{\"@type\":\"ReadAction\",\"target\":[\"http:\/\/52.77.24.187\/vi\/san-pham\/overmorrow-little-nau-nau-bipa\/\"]}]},{\"@type\":\"ImageObject\",\"inLanguage\":\"vi-VN\",\"@id\":\"http:\/\/52.77.24.187\/vi\/san-pham\/overmorrow-little-nau-nau-bipa\/#primaryimage\",\"url\":\"https:\/\/mlsrfcxkkbzg.i.optimole.com\/cb:JbP2.215d7\/w:auto\/h:auto\/q:mauto\/ig:avif\/https:\/\/thebottleshop.vn\/wp-content\/uploads\/2023\/09\/Overmorrow-Little-Nau-Nau-BIPA.png\",\"contentUrl\":\"https:\/\/mlsrfcxkkbzg.i.optimole.com\/cb:JbP2.215d7\/w:auto\/h:auto\/q:mauto\/ig:avif\/https:\/\/thebottleshop.vn\/wp-content\/uploads\/2023\/09\/Overmorrow-Little-Nau-Nau-BIPA.png\",\"width\":1080,\"height\":1080,\"caption\":\"Overmorrow Little N\u00e2u N\u00e2u BIPA\"},{\"@type\":\"BreadcrumbList\",\"@id\":\"http:\/\/52.77.24.187\/vi\/san-pham\/overmorrow-little-nau-nau-bipa\/#breadcrumb\",\"itemListElement\":[{\"@type\":\"ListItem\",\"position\":1,\"name\":\"Home\",\"item\":\"http:\/\/52.77.24.187\/vi\/test-popup-vi\/\"},{\"@type\":\"ListItem\",\"position\":2,\"name\":\"C\u1eeda h\u00e0ng\",\"item\":\"http:\/\/52.77.24.187\/vi\/cua-hang\/\"},{\"@type\":\"ListItem\",\"position\":3,\"name\":\"Overmorrow Little N\u00e2u N\u00e2u BIPA\"}]},{\"@type\":\"WebSite\",\"@id\":\"http:\/\/52.77.24.187\/#website\",\"url\":\"http:\/\/52.77.24.187\/\",\"name\":\"The Bottle Shop\",\"description\":\"All beers are not created equal\",\"publisher\":{\"@id\":\"http:\/\/52.77.24.187\/#organization\"},\"potentialAction\":[{\"@type\":\"SearchAction\",\"target\":{\"@type\":\"EntryPoint\",\"urlTemplate\":\"http:\/\/52.77.24.187\/?s={search_term_string}\"},\"query-input\":{\"@type\":\"PropertyValueSpecification\",\"valueRequired\":true,\"valueName\":\"search_term_string\"}}],\"inLanguage\":\"vi-VN\"},{\"@type\":\"Organization\",\"@id\":\"http:\/\/52.77.24.187\/#organization\",\"name\":\"The Bottle Shop\",\"url\":\"http:\/\/52.77.24.187\/\",\"logo\":{\"@type\":\"ImageObject\",\"inLanguage\":\"vi-VN\",\"@id\":\"http:\/\/52.77.24.187\/#\/schema\/logo\/image\/\",\"url\":\"https:\/\/mlsrfcxkkbzg.i.optimole.com\/cb:JbP2.215d7\/w:auto\/h:auto\/q:mauto\/ig:avif\/https:\/\/thebottleshop.vn\/wp-content\/uploads\/2022\/10\/The-Bottle-Shop-Online-Logo.png\",\"contentUrl\":\"https:\/\/mlsrfcxkkbzg.i.optimole.com\/cb:JbP2.215d7\/w:auto\/h:auto\/q:mauto\/ig:avif\/https:\/\/thebottleshop.vn\/wp-content\/uploads\/2022\/10\/The-Bottle-Shop-Online-Logo.png\",\"width\":145,\"height\":147,\"caption\":\"The Bottle Shop\"},\"image\":{\"@id\":\"http:\/\/52.77.24.187\/#\/schema\/logo\/image\/\"},\"sameAs\":[\"https:\/\/www.facebook.com\/thebottleshopvietnam\",\"https:\/\/www.instagram.com\/thebottleshop_vietnam\/\"]}]}<\/script>\n<!-- \/ Yoast SEO plugin. -->","yoast_head_json":{"title":"Overmorrow Little N\u00e2u N\u00e2u BIPA - The Bottle Shop","description":"Overmorrow Little N\u00e2u N\u00e2u BIPA l\u00e0 m\u1ed9t s\u1ef1 k\u1ebft h\u1ee3p gi\u1eefa c\u00e1c phong c\u00e1ch m\u00e0 ch\u1ec9 Overmorrow m\u1edbi d\u00e1m m\u1ea1o hi\u1ec3m \u00e1p d\u1ee5ng.","robots":{"index":"index","follow":"follow","max-snippet":"max-snippet:-1","max-image-preview":"max-image-preview:large","max-video-preview":"max-video-preview:-1"},"canonical":"http:\/\/52.77.24.187\/vi\/san-pham\/overmorrow-little-nau-nau-bipa\/","og_locale":"vi_VN","og_type":"article","og_title":"Overmorrow Little N\u00e2u N\u00e2u BIPA - The Bottle Shop","og_description":"Overmorrow Little N\u00e2u N\u00e2u BIPA l\u00e0 m\u1ed9t s\u1ef1 k\u1ebft h\u1ee3p gi\u1eefa c\u00e1c phong c\u00e1ch m\u00e0 ch\u1ec9 Overmorrow m\u1edbi d\u00e1m m\u1ea1o hi\u1ec3m \u00e1p d\u1ee5ng.","og_url":"http:\/\/52.77.24.187\/vi\/san-pham\/overmorrow-little-nau-nau-bipa\/","og_site_name":"The Bottle Shop","article_publisher":"https:\/\/www.facebook.com\/thebottleshopvietnam","article_modified_time":"2023-09-29T09:50:34+00:00","twitter_card":"summary_large_image","twitter_misc":{"Est. reading time":"1 minute"},"schema":{"@context":"https:\/\/schema.org","@graph":[{"@type":"WebPage","@id":"http:\/\/52.77.24.187\/vi\/san-pham\/overmorrow-little-nau-nau-bipa\/","url":"http:\/\/52.77.24.187\/vi\/san-pham\/overmorrow-little-nau-nau-bipa\/","name":"Overmorrow Little N\u00e2u N\u00e2u BIPA - The Bottle Shop","isPartOf":{"@id":"http:\/\/52.77.24.187\/#website"},"primaryImageOfPage":{"@id":"http:\/\/52.77.24.187\/vi\/san-pham\/overmorrow-little-nau-nau-bipa\/#primaryimage"},"image":{"@id":"http:\/\/52.77.24.187\/vi\/san-pham\/overmorrow-little-nau-nau-bipa\/#primaryimage"},"thumbnailUrl":"https:\/\/mlsrfcxkkbzg.i.optimole.com\/cb:JbP2.215d7\/w:auto\/h:auto\/q:mauto\/ig:avif\/https:\/\/thebottleshop.vn\/wp-content\/uploads\/2023\/09\/Overmorrow-Little-Nau-Nau-BIPA.png","datePublished":"2023-09-29T09:29:01+00:00","dateModified":"2023-09-29T09:50:34+00:00","description":"Overmorrow Little N\u00e2u N\u00e2u BIPA l\u00e0 m\u1ed9t s\u1ef1 k\u1ebft h\u1ee3p gi\u1eefa c\u00e1c phong c\u00e1ch m\u00e0 ch\u1ec9 Overmorrow m\u1edbi d\u00e1m m\u1ea1o hi\u1ec3m \u00e1p d\u1ee5ng.","breadcrumb":{"@id":"http:\/\/52.77.24.187\/vi\/san-pham\/overmorrow-little-nau-nau-bipa\/#breadcrumb"},"inLanguage":"vi-VN","potentialAction":[{"@type":"ReadAction","target":["http:\/\/52.77.24.187\/vi\/san-pham\/overmorrow-little-nau-nau-bipa\/"]}]},{"@type":"ImageObject","inLanguage":"vi-VN","@id":"http:\/\/52.77.24.187\/vi\/san-pham\/overmorrow-little-nau-nau-bipa\/#primaryimage","url":"https:\/\/mlsrfcxkkbzg.i.optimole.com\/cb:JbP2.215d7\/w:auto\/h:auto\/q:mauto\/ig:avif\/https:\/\/thebottleshop.vn\/wp-content\/uploads\/2023\/09\/Overmorrow-Little-Nau-Nau-BIPA.png","contentUrl":"https:\/\/mlsrfcxkkbzg.i.optimole.com\/cb:JbP2.215d7\/w:auto\/h:auto\/q:mauto\/ig:avif\/https:\/\/thebottleshop.vn\/wp-content\/uploads\/2023\/09\/Overmorrow-Little-Nau-Nau-BIPA.png","width":1080,"height":1080,"caption":"Overmorrow Little N\u00e2u N\u00e2u BIPA"},{"@type":"BreadcrumbList","@id":"http:\/\/52.77.24.187\/vi\/san-pham\/overmorrow-little-nau-nau-bipa\/#breadcrumb","itemListElement":[{"@type":"ListItem","position":1,"name":"Home","item":"http:\/\/52.77.24.187\/vi\/test-popup-vi\/"},{"@type":"ListItem","position":2,"name":"C\u1eeda h\u00e0ng","item":"http:\/\/52.77.24.187\/vi\/cua-hang\/"},{"@type":"ListItem","position":3,"name":"Overmorrow Little N\u00e2u N\u00e2u BIPA"}]},{"@type":"WebSite","@id":"http:\/\/52.77.24.187\/#website","url":"http:\/\/52.77.24.187\/","name":"The Bottle Shop","description":"All beers are not created equal","publisher":{"@id":"http:\/\/52.77.24.187\/#organization"},"potentialAction":[{"@type":"SearchAction","target":{"@type":"EntryPoint","urlTemplate":"http:\/\/52.77.24.187\/?s={search_term_string}"},"query-input":{"@type":"PropertyValueSpecification","valueRequired":true,"valueName":"search_term_string"}}],"inLanguage":"vi-VN"},{"@type":"Organization","@id":"http:\/\/52.77.24.187\/#organization","name":"The Bottle Shop","url":"http:\/\/52.77.24.187\/","logo":{"@type":"ImageObject","inLanguage":"vi-VN","@id":"http:\/\/52.77.24.187\/#\/schema\/logo\/image\/","url":"https:\/\/mlsrfcxkkbzg.i.optimole.com\/cb:JbP2.215d7\/w:auto\/h:auto\/q:mauto\/ig:avif\/https:\/\/thebottleshop.vn\/wp-content\/uploads\/2022\/10\/The-Bottle-Shop-Online-Logo.png","contentUrl":"https:\/\/mlsrfcxkkbzg.i.optimole.com\/cb:JbP2.215d7\/w:auto\/h:auto\/q:mauto\/ig:avif\/https:\/\/thebottleshop.vn\/wp-content\/uploads\/2022\/10\/The-Bottle-Shop-Online-Logo.png","width":145,"height":147,"caption":"The Bottle Shop"},"image":{"@id":"http:\/\/52.77.24.187\/#\/schema\/logo\/image\/"},"sameAs":["https:\/\/www.facebook.com\/thebottleshopvietnam","https:\/\/www.instagram.com\/thebottleshop_vietnam\/"]}]}},"_links":{"self":[{"href":"https:\/\/thebottleshop.vn\/vi\/wp-json\/wp\/v2\/product\/18249","targetHints":{"allow":["GET"]}}],"collection":[{"href":"https:\/\/thebottleshop.vn\/vi\/wp-json\/wp\/v2\/product"}],"about":[{"href":"https:\/\/thebottleshop.vn\/vi\/wp-json\/wp\/v2\/types\/product"}],"replies":[{"embeddable":true,"href":"https:\/\/thebottleshop.vn\/vi\/wp-json\/wp\/v2\/comments?post=18249"}],"wp:featuredmedia":[{"embeddable":true,"href":"https:\/\/thebottleshop.vn\/vi\/wp-json\/wp\/v2\/media\/18270"}],"wp:attachment":[{"href":"https:\/\/thebottleshop.vn\/vi\/wp-json\/wp\/v2\/media?parent=18249"}],"wp:term":[{"taxonomy":"product_brand","embeddable":true,"href":"https:\/\/thebottleshop.vn\/vi\/wp-json\/wp\/v2\/product_brand?post=18249"},{"taxonomy":"product_cat","embeddable":true,"href":"https:\/\/thebottleshop.vn\/vi\/wp-json\/wp\/v2\/product_cat?post=18249"},{"taxonomy":"product_tag","embeddable":true,"href":"https:\/\/thebottleshop.vn\/vi\/wp-json\/wp\/v2\/product_tag?post=18249"}],"curies":[{"name":"wp","href":"https:\/\/api.w.org\/{rel}","templated":true}]}}