{"id":18251,"date":"2023-09-29T15:44:29","date_gmt":"2023-09-29T09:40:52","guid":{"rendered":"https:\/\/thebottleshop.vn\/product\/overmorrow-big-nau-nau-belgian-ale\/"},"modified":"2023-09-29T16:49:26","modified_gmt":"2023-09-29T09:49:26","slug":"overmorrow-big-nau-nau-belgian-ale","status":"publish","type":"product","link":"https:\/\/thebottleshop.vn\/vi\/san-pham\/overmorrow-big-nau-nau-belgian-ale\/","title":{"rendered":"Overmorrow Big N\u00e2u N\u00e2u Belgian Dark"},"content":{"rendered":"<p>Overmorrow Big N\u00e2u N\u00e2u Belgian Dark \u0111\u01b0\u1ee3c ho\u00e0n thi\u1ec7n trong th\u00f9ng r\u01b0\u1ee3u. M\u1ed9t m\u1ebb bia ng\u1ecdt thanh, th\u01a1m v\u1ecb c\u00e0 ph\u00ea, \u0111\u01b0\u1ee3c chia th\u00e0nh 9 lo\u1ea1i ri\u00eang bi\u1ec7t \u1ee7 c\u00f9ng 9 lo\u1ea1i g\u1ed7 kh\u00e1c nhau: g\u1ed7 h\u1ed3 \u0111\u00e0o, anh \u0111\u00e0o, s\u1ed3i \u0111\u1ecf ho\u1eb7c tr\u1eafng, g\u1ed7 phong c\u1ee9ng ho\u1eb7c m\u1ec1m, t\u1ea7n b\u00ec tr\u1eafng, b\u1ea1ch d\u01b0\u01a1ng v\u00e0ng ho\u1eb7c s\u00e1 x\u1ecb. M\u1ed7i chai bia \u0111\u01b0\u1ee3c m\u1edf mang \u0111\u1ebfn m\u1ed9t tr\u1ea3i nghi\u1ec7m ho\u00e0n to\u00e0n kh\u00e1c nhau, m\u1ed9t lo\u1ea1i bia \u1ea5n t\u01b0\u1ee3ng v\u00e0 ho\u00e0n h\u1ea3o \u0111\u1ec3 chia s\u1ebb v\u1edbi b\u1ea1n b\u00e8.<\/p>\n<p>\u2014\u2013<br \/>\nXem th\u01b0 vi\u1ec7n h\u00ecnh \u1ea3nh \u0111\u1ec3 bi\u1ebft th\u00eam th\u00f4ng tin chi ti\u1ebft v\u1ec1 ngu\u1ed3n g\u1ed1c, th\u00e0nh ph\u1ea7n v\u00e0 h\u01b0\u1edbng d\u1eabn s\u1eed d\u1ee5ng c\u1ee7a s\u1ea3n ph\u1ea9m.<\/p>\n","protected":false},"excerpt":{"rendered":"<p><strong>\u0110\u1eadm \u0111\u00e0, \u00cam d\u1ecbu, Tr\u1ea3i nghi\u1ec7m 10.3%<\/strong><\/p>\n","protected":false},"featured_media":18272,"comment_status":"open","ping_status":"closed","template":"","meta":{"_acf_changed":false},"product_brand":[],"product_cat":[390,337,379,423,349,362,342,351,366,345,377,339,341,352,471],"product_tag":[],"class_list":{"0":"post-18251","1":"product","2":"type-product","3":"status-publish","4":"has-post-thumbnail","6":"product_cat-vietnam-hanoi","7":"product_cat-bia-va-cider","8":"product_cat-20-39","9":"product_cat-100k-149k","10":"product_cat-1-0-2-5","11":"product_cat-bia-kieu-bi","12":"product_cat-chai-330-ml","13":"product_cat-dong-bia","14":"product_cat-nha-san-xuat","15":"product_cat-abv-vi","16":"product_cat-ibu","17":"product_cat-xuat-xu","18":"product_cat-dong-goi","19":"product_cat-gia","20":"product_cat-overmorrow-brewing-co","22":"first","23":"outofstock","24":"shipping-taxable","25":"purchasable","26":"product-type-simple","27":"add-to-wishlist-before_image"},"acf":[],"yoast_head":"<!-- This site is optimized with the Yoast SEO plugin v27.5 - https:\/\/yoast.com\/product\/yoast-seo-wordpress\/ -->\n<title>Overmorrow Big N\u00e2u N\u00e2u Belgian Dark - The Bottle Shop<\/title>\n<meta name=\"description\" content=\"Overmorrow Big N\u00e2u N\u00e2u Belgian Dark \u0111\u01b0\u1ee3c ho\u00e0n thi\u1ec7n trong th\u00f9ng r\u01b0\u1ee3u. M\u1ed9t m\u1ebb bia ng\u1ecdt thanh, th\u01a1m v\u1ecb c\u00e0 ph\u00ea, \u0111\u01b0\u1ee3c chia th\u00e0nh 9 lo\u1ea1i ri\u00eang bi\u1ec7t \u1ee7 c\u00f9ng 9 lo\u1ea1i g\u1ed7.\" \/>\n<meta name=\"robots\" content=\"index, follow, max-snippet:-1, max-image-preview:large, max-video-preview:-1\" \/>\n<link rel=\"canonical\" href=\"http:\/\/52.77.24.187\/vi\/san-pham\/overmorrow-big-nau-nau-belgian-ale\/\" \/>\n<meta property=\"og:locale\" content=\"vi_VN\" \/>\n<meta property=\"og:type\" content=\"article\" \/>\n<meta property=\"og:title\" content=\"Overmorrow Big N\u00e2u N\u00e2u Belgian Dark - The Bottle Shop\" \/>\n<meta property=\"og:description\" content=\"Overmorrow Big N\u00e2u N\u00e2u Belgian Dark \u0111\u01b0\u1ee3c ho\u00e0n thi\u1ec7n trong th\u00f9ng r\u01b0\u1ee3u. M\u1ed9t m\u1ebb bia ng\u1ecdt thanh, th\u01a1m v\u1ecb c\u00e0 ph\u00ea, \u0111\u01b0\u1ee3c chia th\u00e0nh 9 lo\u1ea1i ri\u00eang bi\u1ec7t \u1ee7 c\u00f9ng 9 lo\u1ea1i g\u1ed7.\" \/>\n<meta property=\"og:url\" content=\"http:\/\/52.77.24.187\/vi\/san-pham\/overmorrow-big-nau-nau-belgian-ale\/\" \/>\n<meta property=\"og:site_name\" content=\"The Bottle Shop\" \/>\n<meta property=\"article:publisher\" content=\"https:\/\/www.facebook.com\/thebottleshopvietnam\" \/>\n<meta property=\"article:modified_time\" content=\"2023-09-29T09:49:26+00:00\" \/>\n<meta name=\"twitter:card\" content=\"summary_large_image\" \/>\n<meta name=\"twitter:label1\" content=\"Est. reading time\" \/>\n\t<meta name=\"twitter:data1\" content=\"1 minute\" \/>\n<script type=\"application\/ld+json\" class=\"yoast-schema-graph\">{\"@context\":\"https:\\\/\\\/schema.org\",\"@graph\":[{\"@type\":\"WebPage\",\"@id\":\"http:\\\/\\\/52.77.24.187\\\/vi\\\/san-pham\\\/overmorrow-big-nau-nau-belgian-ale\\\/\",\"url\":\"http:\\\/\\\/52.77.24.187\\\/vi\\\/san-pham\\\/overmorrow-big-nau-nau-belgian-ale\\\/\",\"name\":\"Overmorrow Big N\u00e2u N\u00e2u Belgian Dark - The Bottle Shop\",\"isPartOf\":{\"@id\":\"http:\\\/\\\/52.77.24.187\\\/#website\"},\"primaryImageOfPage\":{\"@id\":\"http:\\\/\\\/52.77.24.187\\\/vi\\\/san-pham\\\/overmorrow-big-nau-nau-belgian-ale\\\/#primaryimage\"},\"image\":{\"@id\":\"http:\\\/\\\/52.77.24.187\\\/vi\\\/san-pham\\\/overmorrow-big-nau-nau-belgian-ale\\\/#primaryimage\"},\"thumbnailUrl\":\"https:\\/\\/thebottleshop.vn\\/wp-content\\/uploads\\/2023\\/09\\/Overmorrow-Big-Nau-Nau-Belgian-Dark-Strong-Ale.png\",\"datePublished\":\"2023-09-29T09:40:52+00:00\",\"dateModified\":\"2023-09-29T09:49:26+00:00\",\"description\":\"Overmorrow Big N\u00e2u N\u00e2u Belgian Dark \u0111\u01b0\u1ee3c ho\u00e0n thi\u1ec7n trong th\u00f9ng r\u01b0\u1ee3u. M\u1ed9t m\u1ebb bia ng\u1ecdt thanh, th\u01a1m v\u1ecb c\u00e0 ph\u00ea, \u0111\u01b0\u1ee3c chia th\u00e0nh 9 lo\u1ea1i ri\u00eang bi\u1ec7t \u1ee7 c\u00f9ng 9 lo\u1ea1i g\u1ed7.\",\"breadcrumb\":{\"@id\":\"http:\\\/\\\/52.77.24.187\\\/vi\\\/san-pham\\\/overmorrow-big-nau-nau-belgian-ale\\\/#breadcrumb\"},\"inLanguage\":\"vi-VN\",\"potentialAction\":[{\"@type\":\"ReadAction\",\"target\":[\"http:\\\/\\\/52.77.24.187\\\/vi\\\/san-pham\\\/overmorrow-big-nau-nau-belgian-ale\\\/\"]}]},{\"@type\":\"ImageObject\",\"inLanguage\":\"vi-VN\",\"@id\":\"http:\\\/\\\/52.77.24.187\\\/vi\\\/san-pham\\\/overmorrow-big-nau-nau-belgian-ale\\\/#primaryimage\",\"url\":\"https:\\/\\/thebottleshop.vn\\/wp-content\\/uploads\\/2023\\/09\\/Overmorrow-Big-Nau-Nau-Belgian-Dark-Strong-Ale.png\",\"contentUrl\":\"https:\\/\\/thebottleshop.vn\\/wp-content\\/uploads\\/2023\\/09\\/Overmorrow-Big-Nau-Nau-Belgian-Dark-Strong-Ale.png\",\"width\":1080,\"height\":1080,\"caption\":\"Overmorrow Big N\u00e2u N\u00e2u Belgian Dark Strong Ale\"},{\"@type\":\"BreadcrumbList\",\"@id\":\"http:\\\/\\\/52.77.24.187\\\/vi\\\/san-pham\\\/overmorrow-big-nau-nau-belgian-ale\\\/#breadcrumb\",\"itemListElement\":[{\"@type\":\"ListItem\",\"position\":1,\"name\":\"Home\",\"item\":\"http:\\\/\\\/52.77.24.187\\\/vi\\\/test-popup-vi\\\/\"},{\"@type\":\"ListItem\",\"position\":2,\"name\":\"C\u1eeda h\u00e0ng\",\"item\":\"http:\\\/\\\/52.77.24.187\\\/vi\\\/cua-hang\\\/\"},{\"@type\":\"ListItem\",\"position\":3,\"name\":\"Overmorrow Big N\u00e2u N\u00e2u Belgian Dark\"}]},{\"@type\":\"WebSite\",\"@id\":\"http:\\\/\\\/52.77.24.187\\\/#website\",\"url\":\"http:\\\/\\\/52.77.24.187\\\/\",\"name\":\"The Bottle Shop\",\"description\":\"All beers are not created equal\",\"publisher\":{\"@id\":\"http:\\\/\\\/52.77.24.187\\\/#organization\"},\"potentialAction\":[{\"@type\":\"SearchAction\",\"target\":{\"@type\":\"EntryPoint\",\"urlTemplate\":\"http:\\\/\\\/52.77.24.187\\\/?s={search_term_string}\"},\"query-input\":{\"@type\":\"PropertyValueSpecification\",\"valueRequired\":true,\"valueName\":\"search_term_string\"}}],\"inLanguage\":\"vi-VN\"},{\"@type\":\"Organization\",\"@id\":\"http:\\\/\\\/52.77.24.187\\\/#organization\",\"name\":\"The Bottle Shop\",\"url\":\"http:\\\/\\\/52.77.24.187\\\/\",\"logo\":{\"@type\":\"ImageObject\",\"inLanguage\":\"vi-VN\",\"@id\":\"http:\\\/\\\/52.77.24.187\\\/#\\\/schema\\\/logo\\\/image\\\/\",\"url\":\"https:\\/\\/thebottleshop.vn\\/wp-content\\/uploads\\/2022\\/10\\/The-Bottle-Shop-Online-Logo.png\",\"contentUrl\":\"https:\\/\\/thebottleshop.vn\\/wp-content\\/uploads\\/2022\\/10\\/The-Bottle-Shop-Online-Logo.png\",\"width\":145,\"height\":147,\"caption\":\"The Bottle Shop\"},\"image\":{\"@id\":\"http:\\\/\\\/52.77.24.187\\\/#\\\/schema\\\/logo\\\/image\\\/\"},\"sameAs\":[\"https:\\\/\\\/www.facebook.com\\\/thebottleshopvietnam\",\"https:\\\/\\\/www.instagram.com\\\/thebottleshop_vietnam\\\/\"]}]}<\/script>\n<!-- \/ Yoast SEO plugin. -->","yoast_head_json":{"title":"Overmorrow Big N\u00e2u N\u00e2u Belgian Dark - The Bottle Shop","description":"Overmorrow Big N\u00e2u N\u00e2u Belgian Dark \u0111\u01b0\u1ee3c ho\u00e0n thi\u1ec7n trong th\u00f9ng r\u01b0\u1ee3u. M\u1ed9t m\u1ebb bia ng\u1ecdt thanh, th\u01a1m v\u1ecb c\u00e0 ph\u00ea, \u0111\u01b0\u1ee3c chia th\u00e0nh 9 lo\u1ea1i ri\u00eang bi\u1ec7t \u1ee7 c\u00f9ng 9 lo\u1ea1i g\u1ed7.","robots":{"index":"index","follow":"follow","max-snippet":"max-snippet:-1","max-image-preview":"max-image-preview:large","max-video-preview":"max-video-preview:-1"},"canonical":"http:\/\/52.77.24.187\/vi\/san-pham\/overmorrow-big-nau-nau-belgian-ale\/","og_locale":"vi_VN","og_type":"article","og_title":"Overmorrow Big N\u00e2u N\u00e2u Belgian Dark - The Bottle Shop","og_description":"Overmorrow Big N\u00e2u N\u00e2u Belgian Dark \u0111\u01b0\u1ee3c ho\u00e0n thi\u1ec7n trong th\u00f9ng r\u01b0\u1ee3u. M\u1ed9t m\u1ebb bia ng\u1ecdt thanh, th\u01a1m v\u1ecb c\u00e0 ph\u00ea, \u0111\u01b0\u1ee3c chia th\u00e0nh 9 lo\u1ea1i ri\u00eang bi\u1ec7t \u1ee7 c\u00f9ng 9 lo\u1ea1i g\u1ed7.","og_url":"http:\/\/52.77.24.187\/vi\/san-pham\/overmorrow-big-nau-nau-belgian-ale\/","og_site_name":"The Bottle Shop","article_publisher":"https:\/\/www.facebook.com\/thebottleshopvietnam","article_modified_time":"2023-09-29T09:49:26+00:00","twitter_card":"summary_large_image","twitter_misc":{"Est. reading time":"1 minute"},"schema":{"@context":"https:\/\/schema.org","@graph":[{"@type":"WebPage","@id":"http:\/\/52.77.24.187\/vi\/san-pham\/overmorrow-big-nau-nau-belgian-ale\/","url":"http:\/\/52.77.24.187\/vi\/san-pham\/overmorrow-big-nau-nau-belgian-ale\/","name":"Overmorrow Big N\u00e2u N\u00e2u Belgian Dark - The Bottle Shop","isPartOf":{"@id":"http:\/\/52.77.24.187\/#website"},"primaryImageOfPage":{"@id":"http:\/\/52.77.24.187\/vi\/san-pham\/overmorrow-big-nau-nau-belgian-ale\/#primaryimage"},"image":{"@id":"http:\/\/52.77.24.187\/vi\/san-pham\/overmorrow-big-nau-nau-belgian-ale\/#primaryimage"},"thumbnailUrl":"https:\/\/mlsrfcxkkbzg.i.optimole.com\/cb:JbP2.215d7\/w:auto\/h:auto\/q:mauto\/ig:avif\/https:\/\/thebottleshop.vn\/wp-content\/uploads\/2023\/09\/Overmorrow-Big-Nau-Nau-Belgian-Dark-Strong-Ale.png","datePublished":"2023-09-29T09:40:52+00:00","dateModified":"2023-09-29T09:49:26+00:00","description":"Overmorrow Big N\u00e2u N\u00e2u Belgian Dark \u0111\u01b0\u1ee3c ho\u00e0n thi\u1ec7n trong th\u00f9ng r\u01b0\u1ee3u. M\u1ed9t m\u1ebb bia ng\u1ecdt thanh, th\u01a1m v\u1ecb c\u00e0 ph\u00ea, \u0111\u01b0\u1ee3c chia th\u00e0nh 9 lo\u1ea1i ri\u00eang bi\u1ec7t \u1ee7 c\u00f9ng 9 lo\u1ea1i g\u1ed7.","breadcrumb":{"@id":"http:\/\/52.77.24.187\/vi\/san-pham\/overmorrow-big-nau-nau-belgian-ale\/#breadcrumb"},"inLanguage":"vi-VN","potentialAction":[{"@type":"ReadAction","target":["http:\/\/52.77.24.187\/vi\/san-pham\/overmorrow-big-nau-nau-belgian-ale\/"]}]},{"@type":"ImageObject","inLanguage":"vi-VN","@id":"http:\/\/52.77.24.187\/vi\/san-pham\/overmorrow-big-nau-nau-belgian-ale\/#primaryimage","url":"https:\/\/mlsrfcxkkbzg.i.optimole.com\/cb:JbP2.215d7\/w:auto\/h:auto\/q:mauto\/ig:avif\/https:\/\/thebottleshop.vn\/wp-content\/uploads\/2023\/09\/Overmorrow-Big-Nau-Nau-Belgian-Dark-Strong-Ale.png","contentUrl":"https:\/\/mlsrfcxkkbzg.i.optimole.com\/cb:JbP2.215d7\/w:auto\/h:auto\/q:mauto\/ig:avif\/https:\/\/thebottleshop.vn\/wp-content\/uploads\/2023\/09\/Overmorrow-Big-Nau-Nau-Belgian-Dark-Strong-Ale.png","width":1080,"height":1080,"caption":"Overmorrow Big N\u00e2u N\u00e2u Belgian Dark Strong Ale"},{"@type":"BreadcrumbList","@id":"http:\/\/52.77.24.187\/vi\/san-pham\/overmorrow-big-nau-nau-belgian-ale\/#breadcrumb","itemListElement":[{"@type":"ListItem","position":1,"name":"Home","item":"http:\/\/52.77.24.187\/vi\/test-popup-vi\/"},{"@type":"ListItem","position":2,"name":"C\u1eeda h\u00e0ng","item":"http:\/\/52.77.24.187\/vi\/cua-hang\/"},{"@type":"ListItem","position":3,"name":"Overmorrow Big N\u00e2u N\u00e2u Belgian Dark"}]},{"@type":"WebSite","@id":"http:\/\/52.77.24.187\/#website","url":"http:\/\/52.77.24.187\/","name":"The Bottle Shop","description":"All beers are not created equal","publisher":{"@id":"http:\/\/52.77.24.187\/#organization"},"potentialAction":[{"@type":"SearchAction","target":{"@type":"EntryPoint","urlTemplate":"http:\/\/52.77.24.187\/?s={search_term_string}"},"query-input":{"@type":"PropertyValueSpecification","valueRequired":true,"valueName":"search_term_string"}}],"inLanguage":"vi-VN"},{"@type":"Organization","@id":"http:\/\/52.77.24.187\/#organization","name":"The Bottle Shop","url":"http:\/\/52.77.24.187\/","logo":{"@type":"ImageObject","inLanguage":"vi-VN","@id":"http:\/\/52.77.24.187\/#\/schema\/logo\/image\/","url":"https:\/\/mlsrfcxkkbzg.i.optimole.com\/cb:JbP2.215d7\/w:auto\/h:auto\/q:mauto\/ig:avif\/https:\/\/thebottleshop.vn\/wp-content\/uploads\/2022\/10\/The-Bottle-Shop-Online-Logo.png","contentUrl":"https:\/\/mlsrfcxkkbzg.i.optimole.com\/cb:JbP2.215d7\/w:auto\/h:auto\/q:mauto\/ig:avif\/https:\/\/thebottleshop.vn\/wp-content\/uploads\/2022\/10\/The-Bottle-Shop-Online-Logo.png","width":145,"height":147,"caption":"The Bottle Shop"},"image":{"@id":"http:\/\/52.77.24.187\/#\/schema\/logo\/image\/"},"sameAs":["https:\/\/www.facebook.com\/thebottleshopvietnam","https:\/\/www.instagram.com\/thebottleshop_vietnam\/"]}]}},"_links":{"self":[{"href":"https:\/\/thebottleshop.vn\/vi\/wp-json\/wp\/v2\/product\/18251","targetHints":{"allow":["GET"]}}],"collection":[{"href":"https:\/\/thebottleshop.vn\/vi\/wp-json\/wp\/v2\/product"}],"about":[{"href":"https:\/\/thebottleshop.vn\/vi\/wp-json\/wp\/v2\/types\/product"}],"replies":[{"embeddable":true,"href":"https:\/\/thebottleshop.vn\/vi\/wp-json\/wp\/v2\/comments?post=18251"}],"wp:featuredmedia":[{"embeddable":true,"href":"https:\/\/thebottleshop.vn\/vi\/wp-json\/wp\/v2\/media\/18272"}],"wp:attachment":[{"href":"https:\/\/thebottleshop.vn\/vi\/wp-json\/wp\/v2\/media?parent=18251"}],"wp:term":[{"taxonomy":"product_brand","embeddable":true,"href":"https:\/\/thebottleshop.vn\/vi\/wp-json\/wp\/v2\/product_brand?post=18251"},{"taxonomy":"product_cat","embeddable":true,"href":"https:\/\/thebottleshop.vn\/vi\/wp-json\/wp\/v2\/product_cat?post=18251"},{"taxonomy":"product_tag","embeddable":true,"href":"https:\/\/thebottleshop.vn\/vi\/wp-json\/wp\/v2\/product_tag?post=18251"}],"curies":[{"name":"wp","href":"https:\/\/api.w.org\/{rel}","templated":true}]}}