{"id":18294,"date":"2023-10-03T16:17:10","date_gmt":"2023-10-03T09:23:15","guid":{"rendered":"https:\/\/thebottleshop.vn\/product\/hod-eldorado-mango-hazy-dipa\/"},"modified":"2024-04-16T07:55:55","modified_gmt":"2024-04-16T00:55:55","slug":"hod-eldorado-mango-hazy-dipa","status":"publish","type":"product","link":"https:\/\/thebottleshop.vn\/vi\/san-pham\/hod-eldorado-mango-hazy-dipa\/","title":{"rendered":"Heart of Darkness Eldorado Mango Hazy DIPA"},"content":{"rendered":"<p>Heart of Darkness Eldorado Mango Hazy Double IPA, m\u1ecf v\u00e0ng h\u01b0\u01a1ng v\u1ecb. C\u00e2n \u0111\u1ed1i v\u00e0 b\u00f9ng n\u1ed5 v\u1ecb xo\u00e0i v\u00e0 tr\u00e1i c\u00e2y nhi\u1ec7t \u0111\u1edbi. Hoa bia \u0111\u01b0\u1ee3c tuy\u1ec3n ch\u1ecdn k\u0129 l\u01b0\u1ee1ng \u0111\u1ec3 n\u00e2ng t\u1ea7m h\u01b0\u01a1ng v\u1ecb xo\u00e0i nghi\u1ec1n d\u1ed3i d\u00e0o. Y\u1ebfn m\u1ea1ch v\u00e0 l\u00faa m\u1ea1ch t\u1ea1o n\u00ean body b\u00e9o m\u1ecbn, t\u1ea5t c\u1ea3 ho\u00e0 v\u00e0o th\u00e0nh m\u1ed9t IPA \u00eam d\u1ecbu d\u1ec5 u\u1ed1ng m\u00e0 v\u1eabn g\u00e2y \u1ea5n t\u01b0\u1ee3ng m\u1ea1nh m\u1ebd.<\/p>\n<p>\u2014\u2013<br \/>\nXem th\u01b0 vi\u1ec7n h\u00ecnh \u1ea3nh \u0111\u1ec3 bi\u1ebft th\u00eam th\u00f4ng tin chi ti\u1ebft v\u1ec1 ngu\u1ed3n g\u1ed1c, th\u00e0nh ph\u1ea7n v\u00e0 h\u01b0\u1edbng d\u1eabn s\u1eed d\u1ee5ng c\u1ee7a s\u1ea3n ph\u1ea9m.<\/p>\n","protected":false},"excerpt":{"rendered":"<p><strong>Tr\u00e1i c\u00e2y, C\u0103ng m\u1ecdng, S\u00e1nh m\u1ecbn 8.5%<\/strong><\/p>\n","protected":false},"featured_media":18296,"comment_status":"open","ping_status":"closed","template":"","meta":{"_acf_changed":false},"product_brand":[],"product_cat":[385,337,340,379,423,350,351,366,345,377,339,341,352,359,344,369],"product_tag":[],"class_list":{"0":"post-18294","1":"product","2":"type-product","3":"status-publish","4":"has-post-thumbnail","6":"product_cat-top-deals","7":"product_cat-bia-va-cider","8":"product_cat-vietnam-hcmc","9":"product_cat-20-39","10":"product_cat-100k-149k","11":"product_cat-8-9-9","12":"product_cat-dong-bia","13":"product_cat-nha-san-xuat","14":"product_cat-abv-vi","15":"product_cat-ibu","16":"product_cat-xuat-xu","17":"product_cat-dong-goi","18":"product_cat-gia","19":"product_cat-ipa","20":"product_cat-lon-330-ml","21":"product_cat-heart-of-darkness","23":"first","24":"outofstock","25":"shipping-taxable","26":"purchasable","27":"product-type-simple","28":"add-to-wishlist-before_image"},"acf":[],"yoast_head":"<!-- This site is optimized with the Yoast SEO plugin v27.2 - https:\/\/yoast.com\/product\/yoast-seo-wordpress\/ -->\n<title>Heart of Darkness Eldorado Mango Hazy DIPA - The Bottle Shop<\/title>\n<meta name=\"description\" content=\"Heart of Darkness Eldorado Mango Hazy Double IPA, m\u1ecf v\u00e0ng h\u01b0\u01a1ng v\u1ecb. C\u00e2n \u0111\u1ed1i v\u00e0 b\u00f9ng n\u1ed5 v\u1ecb xo\u00e0i v\u00e0 tr\u00e1i c\u00e2y nhi\u1ec7t \u0111\u1edbi.\" \/>\n<meta name=\"robots\" content=\"index, follow, max-snippet:-1, max-image-preview:large, max-video-preview:-1\" \/>\n<link rel=\"canonical\" href=\"http:\/\/52.77.24.187\/vi\/san-pham\/hod-eldorado-mango-hazy-dipa\/\" \/>\n<meta property=\"og:locale\" content=\"vi_VN\" \/>\n<meta property=\"og:type\" content=\"article\" \/>\n<meta property=\"og:title\" content=\"Heart of Darkness Eldorado Mango Hazy DIPA - The Bottle Shop\" \/>\n<meta property=\"og:description\" content=\"Heart of Darkness Eldorado Mango Hazy Double IPA, m\u1ecf v\u00e0ng h\u01b0\u01a1ng v\u1ecb. C\u00e2n \u0111\u1ed1i v\u00e0 b\u00f9ng n\u1ed5 v\u1ecb xo\u00e0i v\u00e0 tr\u00e1i c\u00e2y nhi\u1ec7t \u0111\u1edbi.\" \/>\n<meta property=\"og:url\" content=\"http:\/\/52.77.24.187\/vi\/san-pham\/hod-eldorado-mango-hazy-dipa\/\" \/>\n<meta property=\"og:site_name\" content=\"The Bottle Shop\" \/>\n<meta property=\"article:publisher\" content=\"https:\/\/www.facebook.com\/thebottleshopvietnam\" \/>\n<meta property=\"article:modified_time\" content=\"2024-04-16T00:55:55+00:00\" \/>\n<meta property=\"og:image\" content=\"https:\/\/mlsrfcxkkbzg.i.optimole.com\/cb:JbP2.215d7\/w:auto\/h:auto\/q:mauto\/ig:avif\/http:\/\/52.77.24.187\/wp-content\/uploads\/2023\/10\/Heart-of-Darkness-Eldorado-Mango-Hazy-Double-IPA.png\" \/>\n\t<meta property=\"og:image:width\" content=\"1080\" \/>\n\t<meta property=\"og:image:height\" content=\"1080\" \/>\n\t<meta property=\"og:image:type\" content=\"image\/png\" \/>\n<meta name=\"twitter:card\" content=\"summary_large_image\" \/>\n<meta name=\"twitter:label1\" content=\"Est. reading time\" \/>\n\t<meta name=\"twitter:data1\" content=\"1 minute\" \/>\n<script type=\"application\/ld+json\" class=\"yoast-schema-graph\">{\"@context\":\"https:\/\/schema.org\",\"@graph\":[{\"@type\":\"WebPage\",\"@id\":\"http:\/\/52.77.24.187\/vi\/san-pham\/hod-eldorado-mango-hazy-dipa\/\",\"url\":\"http:\/\/52.77.24.187\/vi\/san-pham\/hod-eldorado-mango-hazy-dipa\/\",\"name\":\"Heart of Darkness Eldorado Mango Hazy DIPA - The Bottle Shop\",\"isPartOf\":{\"@id\":\"http:\/\/52.77.24.187\/#website\"},\"primaryImageOfPage\":{\"@id\":\"http:\/\/52.77.24.187\/vi\/san-pham\/hod-eldorado-mango-hazy-dipa\/#primaryimage\"},\"image\":{\"@id\":\"http:\/\/52.77.24.187\/vi\/san-pham\/hod-eldorado-mango-hazy-dipa\/#primaryimage\"},\"thumbnailUrl\":\"https:\/\/mlsrfcxkkbzg.i.optimole.com\/cb:JbP2.215d7\/w:auto\/h:auto\/q:mauto\/ig:avif\/https:\/\/thebottleshop.vn\/wp-content\/uploads\/2023\/10\/Heart-of-Darkness-Eldorado-Mango-Hazy-Double-IPA.png\",\"datePublished\":\"2023-10-03T09:23:15+00:00\",\"dateModified\":\"2024-04-16T00:55:55+00:00\",\"description\":\"Heart of Darkness Eldorado Mango Hazy Double IPA, m\u1ecf v\u00e0ng h\u01b0\u01a1ng v\u1ecb. C\u00e2n \u0111\u1ed1i v\u00e0 b\u00f9ng n\u1ed5 v\u1ecb xo\u00e0i v\u00e0 tr\u00e1i c\u00e2y nhi\u1ec7t \u0111\u1edbi.\",\"breadcrumb\":{\"@id\":\"http:\/\/52.77.24.187\/vi\/san-pham\/hod-eldorado-mango-hazy-dipa\/#breadcrumb\"},\"inLanguage\":\"vi-VN\",\"potentialAction\":[{\"@type\":\"ReadAction\",\"target\":[\"http:\/\/52.77.24.187\/vi\/san-pham\/hod-eldorado-mango-hazy-dipa\/\"]}]},{\"@type\":\"ImageObject\",\"inLanguage\":\"vi-VN\",\"@id\":\"http:\/\/52.77.24.187\/vi\/san-pham\/hod-eldorado-mango-hazy-dipa\/#primaryimage\",\"url\":\"https:\/\/mlsrfcxkkbzg.i.optimole.com\/cb:JbP2.215d7\/w:auto\/h:auto\/q:mauto\/ig:avif\/https:\/\/thebottleshop.vn\/wp-content\/uploads\/2023\/10\/Heart-of-Darkness-Eldorado-Mango-Hazy-Double-IPA.png\",\"contentUrl\":\"https:\/\/mlsrfcxkkbzg.i.optimole.com\/cb:JbP2.215d7\/w:auto\/h:auto\/q:mauto\/ig:avif\/https:\/\/thebottleshop.vn\/wp-content\/uploads\/2023\/10\/Heart-of-Darkness-Eldorado-Mango-Hazy-Double-IPA.png\",\"width\":1080,\"height\":1080,\"caption\":\"Heart of Darkness Eldorado Mango Hazy Double IPA\"},{\"@type\":\"BreadcrumbList\",\"@id\":\"http:\/\/52.77.24.187\/vi\/san-pham\/hod-eldorado-mango-hazy-dipa\/#breadcrumb\",\"itemListElement\":[{\"@type\":\"ListItem\",\"position\":1,\"name\":\"Home\",\"item\":\"http:\/\/52.77.24.187\/vi\/test-popup-vi\/\"},{\"@type\":\"ListItem\",\"position\":2,\"name\":\"C\u1eeda h\u00e0ng\",\"item\":\"http:\/\/52.77.24.187\/vi\/cua-hang\/\"},{\"@type\":\"ListItem\",\"position\":3,\"name\":\"Heart of Darkness Eldorado Mango Hazy DIPA\"}]},{\"@type\":\"WebSite\",\"@id\":\"http:\/\/52.77.24.187\/#website\",\"url\":\"http:\/\/52.77.24.187\/\",\"name\":\"The Bottle Shop\",\"description\":\"All beers are not created equal\",\"publisher\":{\"@id\":\"http:\/\/52.77.24.187\/#organization\"},\"potentialAction\":[{\"@type\":\"SearchAction\",\"target\":{\"@type\":\"EntryPoint\",\"urlTemplate\":\"http:\/\/52.77.24.187\/?s={search_term_string}\"},\"query-input\":{\"@type\":\"PropertyValueSpecification\",\"valueRequired\":true,\"valueName\":\"search_term_string\"}}],\"inLanguage\":\"vi-VN\"},{\"@type\":\"Organization\",\"@id\":\"http:\/\/52.77.24.187\/#organization\",\"name\":\"The Bottle Shop\",\"url\":\"http:\/\/52.77.24.187\/\",\"logo\":{\"@type\":\"ImageObject\",\"inLanguage\":\"vi-VN\",\"@id\":\"http:\/\/52.77.24.187\/#\/schema\/logo\/image\/\",\"url\":\"https:\/\/mlsrfcxkkbzg.i.optimole.com\/cb:JbP2.215d7\/w:auto\/h:auto\/q:mauto\/ig:avif\/https:\/\/thebottleshop.vn\/wp-content\/uploads\/2022\/10\/The-Bottle-Shop-Online-Logo.png\",\"contentUrl\":\"https:\/\/mlsrfcxkkbzg.i.optimole.com\/cb:JbP2.215d7\/w:auto\/h:auto\/q:mauto\/ig:avif\/https:\/\/thebottleshop.vn\/wp-content\/uploads\/2022\/10\/The-Bottle-Shop-Online-Logo.png\",\"width\":145,\"height\":147,\"caption\":\"The Bottle Shop\"},\"image\":{\"@id\":\"http:\/\/52.77.24.187\/#\/schema\/logo\/image\/\"},\"sameAs\":[\"https:\/\/www.facebook.com\/thebottleshopvietnam\",\"https:\/\/www.instagram.com\/thebottleshop_vietnam\/\"]}]}<\/script>\n<!-- \/ Yoast SEO plugin. -->","yoast_head_json":{"title":"Heart of Darkness Eldorado Mango Hazy DIPA - The Bottle Shop","description":"Heart of Darkness Eldorado Mango Hazy Double IPA, m\u1ecf v\u00e0ng h\u01b0\u01a1ng v\u1ecb. C\u00e2n \u0111\u1ed1i v\u00e0 b\u00f9ng n\u1ed5 v\u1ecb xo\u00e0i v\u00e0 tr\u00e1i c\u00e2y nhi\u1ec7t \u0111\u1edbi.","robots":{"index":"index","follow":"follow","max-snippet":"max-snippet:-1","max-image-preview":"max-image-preview:large","max-video-preview":"max-video-preview:-1"},"canonical":"http:\/\/52.77.24.187\/vi\/san-pham\/hod-eldorado-mango-hazy-dipa\/","og_locale":"vi_VN","og_type":"article","og_title":"Heart of Darkness Eldorado Mango Hazy DIPA - The Bottle Shop","og_description":"Heart of Darkness Eldorado Mango Hazy Double IPA, m\u1ecf v\u00e0ng h\u01b0\u01a1ng v\u1ecb. C\u00e2n \u0111\u1ed1i v\u00e0 b\u00f9ng n\u1ed5 v\u1ecb xo\u00e0i v\u00e0 tr\u00e1i c\u00e2y nhi\u1ec7t \u0111\u1edbi.","og_url":"http:\/\/52.77.24.187\/vi\/san-pham\/hod-eldorado-mango-hazy-dipa\/","og_site_name":"The Bottle Shop","article_publisher":"https:\/\/www.facebook.com\/thebottleshopvietnam","article_modified_time":"2024-04-16T00:55:55+00:00","og_image":[{"width":1080,"height":1080,"url":"https:\/\/mlsrfcxkkbzg.i.optimole.com\/cb:JbP2.215d7\/w:auto\/h:auto\/q:mauto\/ig:avif\/http:\/\/52.77.24.187\/wp-content\/uploads\/2023\/10\/Heart-of-Darkness-Eldorado-Mango-Hazy-Double-IPA.png","type":"image\/png"}],"twitter_card":"summary_large_image","twitter_misc":{"Est. reading time":"1 minute"},"schema":{"@context":"https:\/\/schema.org","@graph":[{"@type":"WebPage","@id":"http:\/\/52.77.24.187\/vi\/san-pham\/hod-eldorado-mango-hazy-dipa\/","url":"http:\/\/52.77.24.187\/vi\/san-pham\/hod-eldorado-mango-hazy-dipa\/","name":"Heart of Darkness Eldorado Mango Hazy DIPA - The Bottle Shop","isPartOf":{"@id":"http:\/\/52.77.24.187\/#website"},"primaryImageOfPage":{"@id":"http:\/\/52.77.24.187\/vi\/san-pham\/hod-eldorado-mango-hazy-dipa\/#primaryimage"},"image":{"@id":"http:\/\/52.77.24.187\/vi\/san-pham\/hod-eldorado-mango-hazy-dipa\/#primaryimage"},"thumbnailUrl":"https:\/\/mlsrfcxkkbzg.i.optimole.com\/cb:JbP2.215d7\/w:auto\/h:auto\/q:mauto\/ig:avif\/https:\/\/thebottleshop.vn\/wp-content\/uploads\/2023\/10\/Heart-of-Darkness-Eldorado-Mango-Hazy-Double-IPA.png","datePublished":"2023-10-03T09:23:15+00:00","dateModified":"2024-04-16T00:55:55+00:00","description":"Heart of Darkness Eldorado Mango Hazy Double IPA, m\u1ecf v\u00e0ng h\u01b0\u01a1ng v\u1ecb. C\u00e2n \u0111\u1ed1i v\u00e0 b\u00f9ng n\u1ed5 v\u1ecb xo\u00e0i v\u00e0 tr\u00e1i c\u00e2y nhi\u1ec7t \u0111\u1edbi.","breadcrumb":{"@id":"http:\/\/52.77.24.187\/vi\/san-pham\/hod-eldorado-mango-hazy-dipa\/#breadcrumb"},"inLanguage":"vi-VN","potentialAction":[{"@type":"ReadAction","target":["http:\/\/52.77.24.187\/vi\/san-pham\/hod-eldorado-mango-hazy-dipa\/"]}]},{"@type":"ImageObject","inLanguage":"vi-VN","@id":"http:\/\/52.77.24.187\/vi\/san-pham\/hod-eldorado-mango-hazy-dipa\/#primaryimage","url":"https:\/\/mlsrfcxkkbzg.i.optimole.com\/cb:JbP2.215d7\/w:auto\/h:auto\/q:mauto\/ig:avif\/https:\/\/thebottleshop.vn\/wp-content\/uploads\/2023\/10\/Heart-of-Darkness-Eldorado-Mango-Hazy-Double-IPA.png","contentUrl":"https:\/\/mlsrfcxkkbzg.i.optimole.com\/cb:JbP2.215d7\/w:auto\/h:auto\/q:mauto\/ig:avif\/https:\/\/thebottleshop.vn\/wp-content\/uploads\/2023\/10\/Heart-of-Darkness-Eldorado-Mango-Hazy-Double-IPA.png","width":1080,"height":1080,"caption":"Heart of Darkness Eldorado Mango Hazy Double IPA"},{"@type":"BreadcrumbList","@id":"http:\/\/52.77.24.187\/vi\/san-pham\/hod-eldorado-mango-hazy-dipa\/#breadcrumb","itemListElement":[{"@type":"ListItem","position":1,"name":"Home","item":"http:\/\/52.77.24.187\/vi\/test-popup-vi\/"},{"@type":"ListItem","position":2,"name":"C\u1eeda h\u00e0ng","item":"http:\/\/52.77.24.187\/vi\/cua-hang\/"},{"@type":"ListItem","position":3,"name":"Heart of Darkness Eldorado Mango Hazy DIPA"}]},{"@type":"WebSite","@id":"http:\/\/52.77.24.187\/#website","url":"http:\/\/52.77.24.187\/","name":"The Bottle Shop","description":"All beers are not created equal","publisher":{"@id":"http:\/\/52.77.24.187\/#organization"},"potentialAction":[{"@type":"SearchAction","target":{"@type":"EntryPoint","urlTemplate":"http:\/\/52.77.24.187\/?s={search_term_string}"},"query-input":{"@type":"PropertyValueSpecification","valueRequired":true,"valueName":"search_term_string"}}],"inLanguage":"vi-VN"},{"@type":"Organization","@id":"http:\/\/52.77.24.187\/#organization","name":"The Bottle Shop","url":"http:\/\/52.77.24.187\/","logo":{"@type":"ImageObject","inLanguage":"vi-VN","@id":"http:\/\/52.77.24.187\/#\/schema\/logo\/image\/","url":"https:\/\/mlsrfcxkkbzg.i.optimole.com\/cb:JbP2.215d7\/w:auto\/h:auto\/q:mauto\/ig:avif\/https:\/\/thebottleshop.vn\/wp-content\/uploads\/2022\/10\/The-Bottle-Shop-Online-Logo.png","contentUrl":"https:\/\/mlsrfcxkkbzg.i.optimole.com\/cb:JbP2.215d7\/w:auto\/h:auto\/q:mauto\/ig:avif\/https:\/\/thebottleshop.vn\/wp-content\/uploads\/2022\/10\/The-Bottle-Shop-Online-Logo.png","width":145,"height":147,"caption":"The Bottle Shop"},"image":{"@id":"http:\/\/52.77.24.187\/#\/schema\/logo\/image\/"},"sameAs":["https:\/\/www.facebook.com\/thebottleshopvietnam","https:\/\/www.instagram.com\/thebottleshop_vietnam\/"]}]}},"_links":{"self":[{"href":"https:\/\/thebottleshop.vn\/vi\/wp-json\/wp\/v2\/product\/18294","targetHints":{"allow":["GET"]}}],"collection":[{"href":"https:\/\/thebottleshop.vn\/vi\/wp-json\/wp\/v2\/product"}],"about":[{"href":"https:\/\/thebottleshop.vn\/vi\/wp-json\/wp\/v2\/types\/product"}],"replies":[{"embeddable":true,"href":"https:\/\/thebottleshop.vn\/vi\/wp-json\/wp\/v2\/comments?post=18294"}],"wp:featuredmedia":[{"embeddable":true,"href":"https:\/\/thebottleshop.vn\/vi\/wp-json\/wp\/v2\/media\/18296"}],"wp:attachment":[{"href":"https:\/\/thebottleshop.vn\/vi\/wp-json\/wp\/v2\/media?parent=18294"}],"wp:term":[{"taxonomy":"product_brand","embeddable":true,"href":"https:\/\/thebottleshop.vn\/vi\/wp-json\/wp\/v2\/product_brand?post=18294"},{"taxonomy":"product_cat","embeddable":true,"href":"https:\/\/thebottleshop.vn\/vi\/wp-json\/wp\/v2\/product_cat?post=18294"},{"taxonomy":"product_tag","embeddable":true,"href":"https:\/\/thebottleshop.vn\/vi\/wp-json\/wp\/v2\/product_tag?post=18294"}],"curies":[{"name":"wp","href":"https:\/\/api.w.org\/{rel}","templated":true}]}}