{"id":18350,"date":"2023-10-16T14:18:05","date_gmt":"2023-10-16T07:21:53","guid":{"rendered":"https:\/\/thebottleshop.vn\/product\/overmorrow-hallertau-nao-ipa\/"},"modified":"2023-10-16T14:23:39","modified_gmt":"2023-10-16T07:23:39","slug":"overmorrow-hallertau-nao-ipa","status":"publish","type":"product","link":"https:\/\/thebottleshop.vn\/vi\/san-pham\/overmorrow-hallertau-nao-ipa\/","title":{"rendered":"Overmorrow Hallertau N\u00e0o! IPA"},"content":{"rendered":"<p>Hallertau N\u00e0o! l\u00e0 West Coast IPA (IPA B\u1edd T\u00e2y) \u0111\u1ea7u ti\u00ean c\u1ee7a Overmorrow v\u00e0 nh\u01b0 m\u1ecdi khi, v\u1eabn trung th\u00e0nh v\u1edbi ngu\u1ed3n g\u1ed1c c\u1ee7a m\u1ed7i phong c\u00e1ch bia. H\u01b0\u01a1ng hoa bia \u0111\u1eadm \u0111\u00e0, v\u1edbi hoa bia b\u1ed5 sung \u0111\u01b0\u1ee3c th\u00eam v\u00e0o sau khi \u0111un s\u00f4i \u0111\u1ec3 t\u1ea1o n\u00ean n\u1ec1n t\u1ea3ng \u0111\u1eb7c tr\u01b0ng c\u1ee7a h\u01b0\u01a1ng v\u1ecb, mang h\u01b0\u01a1ng c\u1ed5 \u0111i\u1ec3n c\u1ee7a c\u00e2y th\u00f4ng v\u00e0 cam qu\u00fdt l\u00ean ngay ph\u00eda tr\u01b0\u1edbc. Nh\u1eefng n\u1ed1t h\u01b0\u01a1ng n\u00e0y nhanh ch\u00f3ng bi\u1ebfn m\u1ea5t \u0111\u1ecdng l\u1ea1i m\u1ed9t h\u1eadu v\u1ecb thanh l\u1ecbch v\u00e0 s\u1ea1ch s\u1ebd, v\u1edbi h\u01b0\u01a1ng tr\u00e1i c\u00e2y c\u1ee7a d\u00e2u t\u00e2y v\u00e0 d\u01b0a l\u01b0\u1edbi, l\u00e0m m\u1ec1m l\u00f2ng ng\u01b0\u1eddi u\u1ed1ng, \u0111\u01b0a \u0111\u1ea9y nh\u1eefng ng\u1ee5m bia sau \u0111\u00f3.<\/p>\n<p>\u2014\u2013<br \/>\nXem th\u01b0 vi\u1ec7n h\u00ecnh \u1ea3nh \u0111\u1ec3 bi\u1ebft th\u00eam th\u00f4ng tin chi ti\u1ebft v\u1ec1 ngu\u1ed3n g\u1ed1c, th\u00e0nh ph\u1ea7n v\u00e0 h\u01b0\u1edbng d\u1eabn s\u1eed d\u1ee5ng c\u1ee7a s\u1ea3n ph\u1ea9m.<\/p>\n","protected":false},"excerpt":{"rendered":"<p><strong>Cam chanh, \u00cam d\u1ecbu, Hoa bia 6.8%<\/strong><\/p>\n","protected":false},"featured_media":18357,"comment_status":"open","ping_status":"closed","template":"","meta":{"_acf_changed":false},"product_brand":[],"product_cat":[390,337,380,348,354,342,351,366,345,377,339,341,352,359,471],"product_tag":[],"class_list":{"0":"post-18350","1":"product","2":"type-product","3":"status-publish","4":"has-post-thumbnail","6":"product_cat-vietnam-hanoi","7":"product_cat-bia-va-cider","8":"product_cat-40-59","9":"product_cat-6-7-9","10":"product_cat-75k-99k","11":"product_cat-chai-330-ml","12":"product_cat-dong-bia","13":"product_cat-nha-san-xuat","14":"product_cat-abv-vi","15":"product_cat-ibu","16":"product_cat-xuat-xu","17":"product_cat-dong-goi","18":"product_cat-gia","19":"product_cat-ipa","20":"product_cat-overmorrow-brewing-co","22":"first","23":"outofstock","24":"shipping-taxable","25":"purchasable","26":"product-type-simple","27":"add-to-wishlist-before_image"},"acf":[],"yoast_head":"<!-- This site is optimized with the Yoast SEO plugin v27.5 - https:\/\/yoast.com\/product\/yoast-seo-wordpress\/ -->\n<title>Overmorrow Hallertau N\u00e0o! IPA - The Bottle Shop<\/title>\n<meta name=\"description\" content=\"Hallertau N\u00e0o! l\u00e0 West Coast IPA (IPA B\u1edd T\u00e2y) \u0111\u1ea7u ti\u00ean c\u1ee7a Overmorrow v\u00e0 nh\u01b0 m\u1ecdi khi, v\u1eabn trung th\u00e0nh v\u1edbi ngu\u1ed3n g\u1ed1c c\u1ee7a m\u1ed7i phong c\u00e1ch bia.\" \/>\n<meta name=\"robots\" content=\"index, follow, max-snippet:-1, max-image-preview:large, max-video-preview:-1\" \/>\n<link rel=\"canonical\" href=\"http:\/\/52.77.24.187\/vi\/san-pham\/overmorrow-hallertau-nao-ipa\/\" \/>\n<meta property=\"og:locale\" content=\"vi_VN\" \/>\n<meta property=\"og:type\" content=\"article\" \/>\n<meta property=\"og:title\" content=\"Overmorrow Hallertau N\u00e0o! IPA - The Bottle Shop\" \/>\n<meta property=\"og:description\" content=\"Hallertau N\u00e0o! l\u00e0 West Coast IPA (IPA B\u1edd T\u00e2y) \u0111\u1ea7u ti\u00ean c\u1ee7a Overmorrow v\u00e0 nh\u01b0 m\u1ecdi khi, v\u1eabn trung th\u00e0nh v\u1edbi ngu\u1ed3n g\u1ed1c c\u1ee7a m\u1ed7i phong c\u00e1ch bia.\" \/>\n<meta property=\"og:url\" content=\"http:\/\/52.77.24.187\/vi\/san-pham\/overmorrow-hallertau-nao-ipa\/\" \/>\n<meta property=\"og:site_name\" content=\"The Bottle Shop\" \/>\n<meta property=\"article:publisher\" content=\"https:\/\/www.facebook.com\/thebottleshopvietnam\" \/>\n<meta property=\"article:modified_time\" content=\"2023-10-16T07:23:39+00:00\" \/>\n<meta name=\"twitter:card\" content=\"summary_large_image\" \/>\n<meta name=\"twitter:label1\" content=\"Est. reading time\" \/>\n\t<meta name=\"twitter:data1\" content=\"1 minute\" \/>\n<script type=\"application\/ld+json\" class=\"yoast-schema-graph\">{\"@context\":\"https:\\\/\\\/schema.org\",\"@graph\":[{\"@type\":\"WebPage\",\"@id\":\"http:\\\/\\\/52.77.24.187\\\/vi\\\/san-pham\\\/overmorrow-hallertau-nao-ipa\\\/\",\"url\":\"http:\\\/\\\/52.77.24.187\\\/vi\\\/san-pham\\\/overmorrow-hallertau-nao-ipa\\\/\",\"name\":\"Overmorrow Hallertau N\u00e0o! IPA - The Bottle Shop\",\"isPartOf\":{\"@id\":\"http:\\\/\\\/52.77.24.187\\\/#website\"},\"primaryImageOfPage\":{\"@id\":\"http:\\\/\\\/52.77.24.187\\\/vi\\\/san-pham\\\/overmorrow-hallertau-nao-ipa\\\/#primaryimage\"},\"image\":{\"@id\":\"http:\\\/\\\/52.77.24.187\\\/vi\\\/san-pham\\\/overmorrow-hallertau-nao-ipa\\\/#primaryimage\"},\"thumbnailUrl\":\"https:\\/\\/thebottleshop.vn\\/wp-content\\/uploads\\/2023\\/10\\/Overmorrow-Hallertau-Nao-Germanic-West-Coast-IPA.png\",\"datePublished\":\"2023-10-16T07:21:53+00:00\",\"dateModified\":\"2023-10-16T07:23:39+00:00\",\"description\":\"Hallertau N\u00e0o! l\u00e0 West Coast IPA (IPA B\u1edd T\u00e2y) \u0111\u1ea7u ti\u00ean c\u1ee7a Overmorrow v\u00e0 nh\u01b0 m\u1ecdi khi, v\u1eabn trung th\u00e0nh v\u1edbi ngu\u1ed3n g\u1ed1c c\u1ee7a m\u1ed7i phong c\u00e1ch bia.\",\"breadcrumb\":{\"@id\":\"http:\\\/\\\/52.77.24.187\\\/vi\\\/san-pham\\\/overmorrow-hallertau-nao-ipa\\\/#breadcrumb\"},\"inLanguage\":\"vi-VN\",\"potentialAction\":[{\"@type\":\"ReadAction\",\"target\":[\"http:\\\/\\\/52.77.24.187\\\/vi\\\/san-pham\\\/overmorrow-hallertau-nao-ipa\\\/\"]}]},{\"@type\":\"ImageObject\",\"inLanguage\":\"vi-VN\",\"@id\":\"http:\\\/\\\/52.77.24.187\\\/vi\\\/san-pham\\\/overmorrow-hallertau-nao-ipa\\\/#primaryimage\",\"url\":\"https:\\/\\/thebottleshop.vn\\/wp-content\\/uploads\\/2023\\/10\\/Overmorrow-Hallertau-Nao-Germanic-West-Coast-IPA.png\",\"contentUrl\":\"https:\\/\\/thebottleshop.vn\\/wp-content\\/uploads\\/2023\\/10\\/Overmorrow-Hallertau-Nao-Germanic-West-Coast-IPA.png\",\"width\":1080,\"height\":1080,\"caption\":\"Overmorrow Hallertau N\u00e0o Germanic West Coast IPA\"},{\"@type\":\"BreadcrumbList\",\"@id\":\"http:\\\/\\\/52.77.24.187\\\/vi\\\/san-pham\\\/overmorrow-hallertau-nao-ipa\\\/#breadcrumb\",\"itemListElement\":[{\"@type\":\"ListItem\",\"position\":1,\"name\":\"Home\",\"item\":\"http:\\\/\\\/52.77.24.187\\\/vi\\\/test-popup-vi\\\/\"},{\"@type\":\"ListItem\",\"position\":2,\"name\":\"C\u1eeda h\u00e0ng\",\"item\":\"http:\\\/\\\/52.77.24.187\\\/vi\\\/cua-hang\\\/\"},{\"@type\":\"ListItem\",\"position\":3,\"name\":\"Overmorrow Hallertau N\u00e0o! IPA\"}]},{\"@type\":\"WebSite\",\"@id\":\"http:\\\/\\\/52.77.24.187\\\/#website\",\"url\":\"http:\\\/\\\/52.77.24.187\\\/\",\"name\":\"The Bottle Shop\",\"description\":\"All beers are not created equal\",\"publisher\":{\"@id\":\"http:\\\/\\\/52.77.24.187\\\/#organization\"},\"potentialAction\":[{\"@type\":\"SearchAction\",\"target\":{\"@type\":\"EntryPoint\",\"urlTemplate\":\"http:\\\/\\\/52.77.24.187\\\/?s={search_term_string}\"},\"query-input\":{\"@type\":\"PropertyValueSpecification\",\"valueRequired\":true,\"valueName\":\"search_term_string\"}}],\"inLanguage\":\"vi-VN\"},{\"@type\":\"Organization\",\"@id\":\"http:\\\/\\\/52.77.24.187\\\/#organization\",\"name\":\"The Bottle Shop\",\"url\":\"http:\\\/\\\/52.77.24.187\\\/\",\"logo\":{\"@type\":\"ImageObject\",\"inLanguage\":\"vi-VN\",\"@id\":\"http:\\\/\\\/52.77.24.187\\\/#\\\/schema\\\/logo\\\/image\\\/\",\"url\":\"https:\\/\\/thebottleshop.vn\\/wp-content\\/uploads\\/2022\\/10\\/The-Bottle-Shop-Online-Logo.png\",\"contentUrl\":\"https:\\/\\/thebottleshop.vn\\/wp-content\\/uploads\\/2022\\/10\\/The-Bottle-Shop-Online-Logo.png\",\"width\":145,\"height\":147,\"caption\":\"The Bottle Shop\"},\"image\":{\"@id\":\"http:\\\/\\\/52.77.24.187\\\/#\\\/schema\\\/logo\\\/image\\\/\"},\"sameAs\":[\"https:\\\/\\\/www.facebook.com\\\/thebottleshopvietnam\",\"https:\\\/\\\/www.instagram.com\\\/thebottleshop_vietnam\\\/\"]}]}<\/script>\n<!-- \/ Yoast SEO plugin. -->","yoast_head_json":{"title":"Overmorrow Hallertau N\u00e0o! IPA - The Bottle Shop","description":"Hallertau N\u00e0o! l\u00e0 West Coast IPA (IPA B\u1edd T\u00e2y) \u0111\u1ea7u ti\u00ean c\u1ee7a Overmorrow v\u00e0 nh\u01b0 m\u1ecdi khi, v\u1eabn trung th\u00e0nh v\u1edbi ngu\u1ed3n g\u1ed1c c\u1ee7a m\u1ed7i phong c\u00e1ch bia.","robots":{"index":"index","follow":"follow","max-snippet":"max-snippet:-1","max-image-preview":"max-image-preview:large","max-video-preview":"max-video-preview:-1"},"canonical":"http:\/\/52.77.24.187\/vi\/san-pham\/overmorrow-hallertau-nao-ipa\/","og_locale":"vi_VN","og_type":"article","og_title":"Overmorrow Hallertau N\u00e0o! IPA - The Bottle Shop","og_description":"Hallertau N\u00e0o! l\u00e0 West Coast IPA (IPA B\u1edd T\u00e2y) \u0111\u1ea7u ti\u00ean c\u1ee7a Overmorrow v\u00e0 nh\u01b0 m\u1ecdi khi, v\u1eabn trung th\u00e0nh v\u1edbi ngu\u1ed3n g\u1ed1c c\u1ee7a m\u1ed7i phong c\u00e1ch bia.","og_url":"http:\/\/52.77.24.187\/vi\/san-pham\/overmorrow-hallertau-nao-ipa\/","og_site_name":"The Bottle Shop","article_publisher":"https:\/\/www.facebook.com\/thebottleshopvietnam","article_modified_time":"2023-10-16T07:23:39+00:00","twitter_card":"summary_large_image","twitter_misc":{"Est. reading time":"1 minute"},"schema":{"@context":"https:\/\/schema.org","@graph":[{"@type":"WebPage","@id":"http:\/\/52.77.24.187\/vi\/san-pham\/overmorrow-hallertau-nao-ipa\/","url":"http:\/\/52.77.24.187\/vi\/san-pham\/overmorrow-hallertau-nao-ipa\/","name":"Overmorrow Hallertau N\u00e0o! IPA - The Bottle Shop","isPartOf":{"@id":"http:\/\/52.77.24.187\/#website"},"primaryImageOfPage":{"@id":"http:\/\/52.77.24.187\/vi\/san-pham\/overmorrow-hallertau-nao-ipa\/#primaryimage"},"image":{"@id":"http:\/\/52.77.24.187\/vi\/san-pham\/overmorrow-hallertau-nao-ipa\/#primaryimage"},"thumbnailUrl":"https:\/\/mlsrfcxkkbzg.i.optimole.com\/cb:JbP2.215d7\/w:auto\/h:auto\/q:mauto\/ig:avif\/https:\/\/thebottleshop.vn\/wp-content\/uploads\/2023\/10\/Overmorrow-Hallertau-Nao-Germanic-West-Coast-IPA.png","datePublished":"2023-10-16T07:21:53+00:00","dateModified":"2023-10-16T07:23:39+00:00","description":"Hallertau N\u00e0o! l\u00e0 West Coast IPA (IPA B\u1edd T\u00e2y) \u0111\u1ea7u ti\u00ean c\u1ee7a Overmorrow v\u00e0 nh\u01b0 m\u1ecdi khi, v\u1eabn trung th\u00e0nh v\u1edbi ngu\u1ed3n g\u1ed1c c\u1ee7a m\u1ed7i phong c\u00e1ch bia.","breadcrumb":{"@id":"http:\/\/52.77.24.187\/vi\/san-pham\/overmorrow-hallertau-nao-ipa\/#breadcrumb"},"inLanguage":"vi-VN","potentialAction":[{"@type":"ReadAction","target":["http:\/\/52.77.24.187\/vi\/san-pham\/overmorrow-hallertau-nao-ipa\/"]}]},{"@type":"ImageObject","inLanguage":"vi-VN","@id":"http:\/\/52.77.24.187\/vi\/san-pham\/overmorrow-hallertau-nao-ipa\/#primaryimage","url":"https:\/\/mlsrfcxkkbzg.i.optimole.com\/cb:JbP2.215d7\/w:auto\/h:auto\/q:mauto\/ig:avif\/https:\/\/thebottleshop.vn\/wp-content\/uploads\/2023\/10\/Overmorrow-Hallertau-Nao-Germanic-West-Coast-IPA.png","contentUrl":"https:\/\/mlsrfcxkkbzg.i.optimole.com\/cb:JbP2.215d7\/w:auto\/h:auto\/q:mauto\/ig:avif\/https:\/\/thebottleshop.vn\/wp-content\/uploads\/2023\/10\/Overmorrow-Hallertau-Nao-Germanic-West-Coast-IPA.png","width":1080,"height":1080,"caption":"Overmorrow Hallertau N\u00e0o Germanic West Coast IPA"},{"@type":"BreadcrumbList","@id":"http:\/\/52.77.24.187\/vi\/san-pham\/overmorrow-hallertau-nao-ipa\/#breadcrumb","itemListElement":[{"@type":"ListItem","position":1,"name":"Home","item":"http:\/\/52.77.24.187\/vi\/test-popup-vi\/"},{"@type":"ListItem","position":2,"name":"C\u1eeda h\u00e0ng","item":"http:\/\/52.77.24.187\/vi\/cua-hang\/"},{"@type":"ListItem","position":3,"name":"Overmorrow Hallertau N\u00e0o! IPA"}]},{"@type":"WebSite","@id":"http:\/\/52.77.24.187\/#website","url":"http:\/\/52.77.24.187\/","name":"The Bottle Shop","description":"All beers are not created equal","publisher":{"@id":"http:\/\/52.77.24.187\/#organization"},"potentialAction":[{"@type":"SearchAction","target":{"@type":"EntryPoint","urlTemplate":"http:\/\/52.77.24.187\/?s={search_term_string}"},"query-input":{"@type":"PropertyValueSpecification","valueRequired":true,"valueName":"search_term_string"}}],"inLanguage":"vi-VN"},{"@type":"Organization","@id":"http:\/\/52.77.24.187\/#organization","name":"The Bottle Shop","url":"http:\/\/52.77.24.187\/","logo":{"@type":"ImageObject","inLanguage":"vi-VN","@id":"http:\/\/52.77.24.187\/#\/schema\/logo\/image\/","url":"https:\/\/mlsrfcxkkbzg.i.optimole.com\/cb:JbP2.215d7\/w:auto\/h:auto\/q:mauto\/ig:avif\/https:\/\/thebottleshop.vn\/wp-content\/uploads\/2022\/10\/The-Bottle-Shop-Online-Logo.png","contentUrl":"https:\/\/mlsrfcxkkbzg.i.optimole.com\/cb:JbP2.215d7\/w:auto\/h:auto\/q:mauto\/ig:avif\/https:\/\/thebottleshop.vn\/wp-content\/uploads\/2022\/10\/The-Bottle-Shop-Online-Logo.png","width":145,"height":147,"caption":"The Bottle Shop"},"image":{"@id":"http:\/\/52.77.24.187\/#\/schema\/logo\/image\/"},"sameAs":["https:\/\/www.facebook.com\/thebottleshopvietnam","https:\/\/www.instagram.com\/thebottleshop_vietnam\/"]}]}},"_links":{"self":[{"href":"https:\/\/thebottleshop.vn\/vi\/wp-json\/wp\/v2\/product\/18350","targetHints":{"allow":["GET"]}}],"collection":[{"href":"https:\/\/thebottleshop.vn\/vi\/wp-json\/wp\/v2\/product"}],"about":[{"href":"https:\/\/thebottleshop.vn\/vi\/wp-json\/wp\/v2\/types\/product"}],"replies":[{"embeddable":true,"href":"https:\/\/thebottleshop.vn\/vi\/wp-json\/wp\/v2\/comments?post=18350"}],"wp:featuredmedia":[{"embeddable":true,"href":"https:\/\/thebottleshop.vn\/vi\/wp-json\/wp\/v2\/media\/18357"}],"wp:attachment":[{"href":"https:\/\/thebottleshop.vn\/vi\/wp-json\/wp\/v2\/media?parent=18350"}],"wp:term":[{"taxonomy":"product_brand","embeddable":true,"href":"https:\/\/thebottleshop.vn\/vi\/wp-json\/wp\/v2\/product_brand?post=18350"},{"taxonomy":"product_cat","embeddable":true,"href":"https:\/\/thebottleshop.vn\/vi\/wp-json\/wp\/v2\/product_cat?post=18350"},{"taxonomy":"product_tag","embeddable":true,"href":"https:\/\/thebottleshop.vn\/vi\/wp-json\/wp\/v2\/product_tag?post=18350"}],"curies":[{"name":"wp","href":"https:\/\/api.w.org\/{rel}","templated":true}]}}