{"id":18391,"date":"2023-10-31T09:39:57","date_gmt":"2023-10-31T02:42:48","guid":{"rendered":"https:\/\/thebottleshop.vn\/product\/origins-tra-tac-honey-ale\/"},"modified":"2025-06-04T22:34:20","modified_gmt":"2025-06-04T15:34:20","slug":"origins-tra-tac-honey-ale","status":"publish","type":"product","link":"https:\/\/thebottleshop.vn\/vi\/san-pham\/origins-tra-tac-honey-ale\/","title":{"rendered":"Origins Tr\u00e0 T\u1eafc Honey Ale"},"content":{"rendered":"<p>Origins Tr\u00e0 T\u1eafc Honey Ale l\u00e0 m\u1ed9t lo\u1ea1i bia m\u1eadt ong v\u00e0ng tuy\u1ec7t \u0111\u1eb9p \u0111\u01b0\u1ee3c t\u1ea9m v\u1edbi m\u1eadt ong hoa d\u1ea1i Vi\u1ec7t Nam \u0111\u1ecba ph\u01b0\u01a1ng, tr\u00e0 \u0111en v\u00e0 qu\u1ea5t m\u1edbi v\u1eaft. L\u1ea5y c\u1ea3m h\u1ee9ng t\u1eeb th\u1ee9c u\u1ed1ng c\u1ed5 \u0111i\u1ec3n S\u00e0i G\u00f2n Tr\u00e0 T\u1eafc, lo\u1ea1i bia n\u00e0y ch\u1eafc ch\u1eafn s\u1ebd gi\u00fap b\u1ea1n s\u1ea3ng kho\u00e1i v\u00e0o nh\u1eefng ng\u00e0y n\u00f3ng nh\u1ea5t!<\/p>\n<p>\u2014\u2013<br \/>\nXem th\u01b0 vi\u1ec7n h\u00ecnh \u1ea3nh \u0111\u1ec3 bi\u1ebft th\u00eam th\u00f4ng tin chi ti\u1ebft v\u1ec1 ngu\u1ed3n g\u1ed1c, th\u00e0nh ph\u1ea7n v\u00e0 h\u01b0\u1edbng d\u1eabn s\u1eed d\u1ee5ng c\u1ee7a s\u1ea3n ph\u1ea9m.<\/p>\n","protected":false},"excerpt":{"rendered":"<p><strong>Qu\u1ea5t, Tr\u00e0 \u0111en 5%<\/strong><\/p>\n","protected":false},"featured_media":18420,"comment_status":"open","ping_status":"closed","template":"","meta":{"_acf_changed":false},"product_brand":[],"product_cat":[337,379,340,347,354,400,351,366,345,377,339,341,352,344,454],"product_tag":[],"class_list":{"0":"post-18391","1":"product","2":"type-product","3":"status-publish","4":"has-post-thumbnail","6":"product_cat-bia-va-cider","7":"product_cat-20-39","8":"product_cat-vietnam-hcmc","9":"product_cat-4-5-9","10":"product_cat-75k-99k","11":"product_cat-bia-vang","12":"product_cat-dong-bia","13":"product_cat-nha-san-xuat","14":"product_cat-abv-vi","15":"product_cat-ibu","16":"product_cat-xuat-xu","17":"product_cat-dong-goi","18":"product_cat-gia","19":"product_cat-lon-330-ml","20":"product_cat-origins-bia","21":"pa_pack_type-can-330ml-vi","22":"pa_pack_type-thung-24","24":"first","25":"outofstock","26":"shipping-taxable","27":"product-type-variable","28":"add-to-wishlist-before_image"},"acf":[],"yoast_head":"<!-- This site is optimized with the Yoast SEO plugin v27.2 - https:\/\/yoast.com\/product\/yoast-seo-wordpress\/ -->\n<title>Origins Tr\u00e0 T\u1eafc Honey Ale - The Bottle Shop<\/title>\n<meta name=\"description\" content=\"Origins Tr\u00e0 T\u1eafc Honey Ale l\u00e0 m\u1ed9t lo\u1ea1i bia m\u1eadt ong v\u00e0ng tuy\u1ec7t \u0111\u1eb9p \u0111\u01b0\u1ee3c t\u1ea9m v\u1edbi m\u1eadt ong hoa d\u1ea1i Vi\u1ec7t Nam \u0111\u1ecba ph\u01b0\u01a1ng, tr\u00e0 \u0111en v\u00e0 qu\u1ea5t m\u1edbi v\u1eaft.\" \/>\n<meta name=\"robots\" content=\"index, follow, max-snippet:-1, max-image-preview:large, max-video-preview:-1\" \/>\n<link rel=\"canonical\" href=\"http:\/\/52.77.24.187\/vi\/san-pham\/origins-tra-tac-honey-ale\/\" \/>\n<meta property=\"og:locale\" content=\"vi_VN\" \/>\n<meta property=\"og:type\" content=\"article\" \/>\n<meta property=\"og:title\" content=\"Origins Tr\u00e0 T\u1eafc Honey Ale - The Bottle Shop\" \/>\n<meta property=\"og:description\" content=\"Origins Tr\u00e0 T\u1eafc Honey Ale l\u00e0 m\u1ed9t lo\u1ea1i bia m\u1eadt ong v\u00e0ng tuy\u1ec7t \u0111\u1eb9p \u0111\u01b0\u1ee3c t\u1ea9m v\u1edbi m\u1eadt ong hoa d\u1ea1i Vi\u1ec7t Nam \u0111\u1ecba ph\u01b0\u01a1ng, tr\u00e0 \u0111en v\u00e0 qu\u1ea5t m\u1edbi v\u1eaft.\" \/>\n<meta property=\"og:url\" content=\"http:\/\/52.77.24.187\/vi\/san-pham\/origins-tra-tac-honey-ale\/\" \/>\n<meta property=\"og:site_name\" content=\"The Bottle Shop\" \/>\n<meta property=\"article:publisher\" content=\"https:\/\/www.facebook.com\/thebottleshopvietnam\" \/>\n<meta property=\"article:modified_time\" content=\"2025-06-04T15:34:20+00:00\" \/>\n<meta property=\"og:image\" content=\"https:\/\/mlsrfcxkkbzg.i.optimole.com\/cb:JbP2.215d7\/w:auto\/h:auto\/q:mauto\/ig:avif\/http:\/\/52.77.24.187\/wp-content\/uploads\/2023\/10\/Origins-Tra-Tac-Honey-Ale.png\" \/>\n\t<meta property=\"og:image:width\" content=\"1080\" \/>\n\t<meta property=\"og:image:height\" content=\"1080\" \/>\n\t<meta property=\"og:image:type\" content=\"image\/png\" \/>\n<meta name=\"twitter:card\" content=\"summary_large_image\" \/>\n<meta name=\"twitter:label1\" content=\"Est. reading time\" \/>\n\t<meta name=\"twitter:data1\" content=\"1 minute\" \/>\n<script type=\"application\/ld+json\" class=\"yoast-schema-graph\">{\"@context\":\"https:\/\/schema.org\",\"@graph\":[{\"@type\":\"WebPage\",\"@id\":\"http:\/\/52.77.24.187\/vi\/san-pham\/origins-tra-tac-honey-ale\/\",\"url\":\"http:\/\/52.77.24.187\/vi\/san-pham\/origins-tra-tac-honey-ale\/\",\"name\":\"Origins Tr\u00e0 T\u1eafc Honey Ale - The Bottle Shop\",\"isPartOf\":{\"@id\":\"http:\/\/52.77.24.187\/#website\"},\"primaryImageOfPage\":{\"@id\":\"http:\/\/52.77.24.187\/vi\/san-pham\/origins-tra-tac-honey-ale\/#primaryimage\"},\"image\":{\"@id\":\"http:\/\/52.77.24.187\/vi\/san-pham\/origins-tra-tac-honey-ale\/#primaryimage\"},\"thumbnailUrl\":\"https:\/\/mlsrfcxkkbzg.i.optimole.com\/cb:JbP2.215d7\/w:auto\/h:auto\/q:mauto\/ig:avif\/https:\/\/thebottleshop.vn\/wp-content\/uploads\/2023\/10\/Origins-Tra-Tac-Honey-Ale.png\",\"datePublished\":\"2023-10-31T02:42:48+00:00\",\"dateModified\":\"2025-06-04T15:34:20+00:00\",\"description\":\"Origins Tr\u00e0 T\u1eafc Honey Ale l\u00e0 m\u1ed9t lo\u1ea1i bia m\u1eadt ong v\u00e0ng tuy\u1ec7t \u0111\u1eb9p \u0111\u01b0\u1ee3c t\u1ea9m v\u1edbi m\u1eadt ong hoa d\u1ea1i Vi\u1ec7t Nam \u0111\u1ecba ph\u01b0\u01a1ng, tr\u00e0 \u0111en v\u00e0 qu\u1ea5t m\u1edbi v\u1eaft.\",\"breadcrumb\":{\"@id\":\"http:\/\/52.77.24.187\/vi\/san-pham\/origins-tra-tac-honey-ale\/#breadcrumb\"},\"inLanguage\":\"vi-VN\",\"potentialAction\":[{\"@type\":\"ReadAction\",\"target\":[\"http:\/\/52.77.24.187\/vi\/san-pham\/origins-tra-tac-honey-ale\/\"]}]},{\"@type\":\"ImageObject\",\"inLanguage\":\"vi-VN\",\"@id\":\"http:\/\/52.77.24.187\/vi\/san-pham\/origins-tra-tac-honey-ale\/#primaryimage\",\"url\":\"https:\/\/mlsrfcxkkbzg.i.optimole.com\/cb:JbP2.215d7\/w:auto\/h:auto\/q:mauto\/ig:avif\/https:\/\/thebottleshop.vn\/wp-content\/uploads\/2023\/10\/Origins-Tra-Tac-Honey-Ale.png\",\"contentUrl\":\"https:\/\/mlsrfcxkkbzg.i.optimole.com\/cb:JbP2.215d7\/w:auto\/h:auto\/q:mauto\/ig:avif\/https:\/\/thebottleshop.vn\/wp-content\/uploads\/2023\/10\/Origins-Tra-Tac-Honey-Ale.png\",\"width\":1080,\"height\":1080,\"caption\":\"Origins Tr\u00e0 T\u1eafc Honey Ale\"},{\"@type\":\"BreadcrumbList\",\"@id\":\"http:\/\/52.77.24.187\/vi\/san-pham\/origins-tra-tac-honey-ale\/#breadcrumb\",\"itemListElement\":[{\"@type\":\"ListItem\",\"position\":1,\"name\":\"Home\",\"item\":\"http:\/\/52.77.24.187\/vi\/test-popup-vi\/\"},{\"@type\":\"ListItem\",\"position\":2,\"name\":\"C\u1eeda h\u00e0ng\",\"item\":\"http:\/\/52.77.24.187\/vi\/cua-hang\/\"},{\"@type\":\"ListItem\",\"position\":3,\"name\":\"Origins Tr\u00e0 T\u1eafc Honey Ale\"}]},{\"@type\":\"WebSite\",\"@id\":\"http:\/\/52.77.24.187\/#website\",\"url\":\"http:\/\/52.77.24.187\/\",\"name\":\"The Bottle Shop\",\"description\":\"All beers are not created equal\",\"publisher\":{\"@id\":\"http:\/\/52.77.24.187\/#organization\"},\"potentialAction\":[{\"@type\":\"SearchAction\",\"target\":{\"@type\":\"EntryPoint\",\"urlTemplate\":\"http:\/\/52.77.24.187\/?s={search_term_string}\"},\"query-input\":{\"@type\":\"PropertyValueSpecification\",\"valueRequired\":true,\"valueName\":\"search_term_string\"}}],\"inLanguage\":\"vi-VN\"},{\"@type\":\"Organization\",\"@id\":\"http:\/\/52.77.24.187\/#organization\",\"name\":\"The Bottle Shop\",\"url\":\"http:\/\/52.77.24.187\/\",\"logo\":{\"@type\":\"ImageObject\",\"inLanguage\":\"vi-VN\",\"@id\":\"http:\/\/52.77.24.187\/#\/schema\/logo\/image\/\",\"url\":\"https:\/\/mlsrfcxkkbzg.i.optimole.com\/cb:JbP2.215d7\/w:auto\/h:auto\/q:mauto\/ig:avif\/https:\/\/thebottleshop.vn\/wp-content\/uploads\/2022\/10\/The-Bottle-Shop-Online-Logo.png\",\"contentUrl\":\"https:\/\/mlsrfcxkkbzg.i.optimole.com\/cb:JbP2.215d7\/w:auto\/h:auto\/q:mauto\/ig:avif\/https:\/\/thebottleshop.vn\/wp-content\/uploads\/2022\/10\/The-Bottle-Shop-Online-Logo.png\",\"width\":145,\"height\":147,\"caption\":\"The Bottle Shop\"},\"image\":{\"@id\":\"http:\/\/52.77.24.187\/#\/schema\/logo\/image\/\"},\"sameAs\":[\"https:\/\/www.facebook.com\/thebottleshopvietnam\",\"https:\/\/www.instagram.com\/thebottleshop_vietnam\/\"]}]}<\/script>\n<!-- \/ Yoast SEO plugin. -->","yoast_head_json":{"title":"Origins Tr\u00e0 T\u1eafc Honey Ale - The Bottle Shop","description":"Origins Tr\u00e0 T\u1eafc Honey Ale l\u00e0 m\u1ed9t lo\u1ea1i bia m\u1eadt ong v\u00e0ng tuy\u1ec7t \u0111\u1eb9p \u0111\u01b0\u1ee3c t\u1ea9m v\u1edbi m\u1eadt ong hoa d\u1ea1i Vi\u1ec7t Nam \u0111\u1ecba ph\u01b0\u01a1ng, tr\u00e0 \u0111en v\u00e0 qu\u1ea5t m\u1edbi v\u1eaft.","robots":{"index":"index","follow":"follow","max-snippet":"max-snippet:-1","max-image-preview":"max-image-preview:large","max-video-preview":"max-video-preview:-1"},"canonical":"http:\/\/52.77.24.187\/vi\/san-pham\/origins-tra-tac-honey-ale\/","og_locale":"vi_VN","og_type":"article","og_title":"Origins Tr\u00e0 T\u1eafc Honey Ale - The Bottle Shop","og_description":"Origins Tr\u00e0 T\u1eafc Honey Ale l\u00e0 m\u1ed9t lo\u1ea1i bia m\u1eadt ong v\u00e0ng tuy\u1ec7t \u0111\u1eb9p \u0111\u01b0\u1ee3c t\u1ea9m v\u1edbi m\u1eadt ong hoa d\u1ea1i Vi\u1ec7t Nam \u0111\u1ecba ph\u01b0\u01a1ng, tr\u00e0 \u0111en v\u00e0 qu\u1ea5t m\u1edbi v\u1eaft.","og_url":"http:\/\/52.77.24.187\/vi\/san-pham\/origins-tra-tac-honey-ale\/","og_site_name":"The Bottle Shop","article_publisher":"https:\/\/www.facebook.com\/thebottleshopvietnam","article_modified_time":"2025-06-04T15:34:20+00:00","og_image":[{"width":1080,"height":1080,"url":"https:\/\/mlsrfcxkkbzg.i.optimole.com\/cb:JbP2.215d7\/w:auto\/h:auto\/q:mauto\/ig:avif\/http:\/\/52.77.24.187\/wp-content\/uploads\/2023\/10\/Origins-Tra-Tac-Honey-Ale.png","type":"image\/png"}],"twitter_card":"summary_large_image","twitter_misc":{"Est. reading time":"1 minute"},"schema":{"@context":"https:\/\/schema.org","@graph":[{"@type":"WebPage","@id":"http:\/\/52.77.24.187\/vi\/san-pham\/origins-tra-tac-honey-ale\/","url":"http:\/\/52.77.24.187\/vi\/san-pham\/origins-tra-tac-honey-ale\/","name":"Origins Tr\u00e0 T\u1eafc Honey Ale - The Bottle Shop","isPartOf":{"@id":"http:\/\/52.77.24.187\/#website"},"primaryImageOfPage":{"@id":"http:\/\/52.77.24.187\/vi\/san-pham\/origins-tra-tac-honey-ale\/#primaryimage"},"image":{"@id":"http:\/\/52.77.24.187\/vi\/san-pham\/origins-tra-tac-honey-ale\/#primaryimage"},"thumbnailUrl":"https:\/\/mlsrfcxkkbzg.i.optimole.com\/cb:JbP2.215d7\/w:auto\/h:auto\/q:mauto\/ig:avif\/https:\/\/thebottleshop.vn\/wp-content\/uploads\/2023\/10\/Origins-Tra-Tac-Honey-Ale.png","datePublished":"2023-10-31T02:42:48+00:00","dateModified":"2025-06-04T15:34:20+00:00","description":"Origins Tr\u00e0 T\u1eafc Honey Ale l\u00e0 m\u1ed9t lo\u1ea1i bia m\u1eadt ong v\u00e0ng tuy\u1ec7t \u0111\u1eb9p \u0111\u01b0\u1ee3c t\u1ea9m v\u1edbi m\u1eadt ong hoa d\u1ea1i Vi\u1ec7t Nam \u0111\u1ecba ph\u01b0\u01a1ng, tr\u00e0 \u0111en v\u00e0 qu\u1ea5t m\u1edbi v\u1eaft.","breadcrumb":{"@id":"http:\/\/52.77.24.187\/vi\/san-pham\/origins-tra-tac-honey-ale\/#breadcrumb"},"inLanguage":"vi-VN","potentialAction":[{"@type":"ReadAction","target":["http:\/\/52.77.24.187\/vi\/san-pham\/origins-tra-tac-honey-ale\/"]}]},{"@type":"ImageObject","inLanguage":"vi-VN","@id":"http:\/\/52.77.24.187\/vi\/san-pham\/origins-tra-tac-honey-ale\/#primaryimage","url":"https:\/\/mlsrfcxkkbzg.i.optimole.com\/cb:JbP2.215d7\/w:auto\/h:auto\/q:mauto\/ig:avif\/https:\/\/thebottleshop.vn\/wp-content\/uploads\/2023\/10\/Origins-Tra-Tac-Honey-Ale.png","contentUrl":"https:\/\/mlsrfcxkkbzg.i.optimole.com\/cb:JbP2.215d7\/w:auto\/h:auto\/q:mauto\/ig:avif\/https:\/\/thebottleshop.vn\/wp-content\/uploads\/2023\/10\/Origins-Tra-Tac-Honey-Ale.png","width":1080,"height":1080,"caption":"Origins Tr\u00e0 T\u1eafc Honey Ale"},{"@type":"BreadcrumbList","@id":"http:\/\/52.77.24.187\/vi\/san-pham\/origins-tra-tac-honey-ale\/#breadcrumb","itemListElement":[{"@type":"ListItem","position":1,"name":"Home","item":"http:\/\/52.77.24.187\/vi\/test-popup-vi\/"},{"@type":"ListItem","position":2,"name":"C\u1eeda h\u00e0ng","item":"http:\/\/52.77.24.187\/vi\/cua-hang\/"},{"@type":"ListItem","position":3,"name":"Origins Tr\u00e0 T\u1eafc Honey Ale"}]},{"@type":"WebSite","@id":"http:\/\/52.77.24.187\/#website","url":"http:\/\/52.77.24.187\/","name":"The Bottle Shop","description":"All beers are not created equal","publisher":{"@id":"http:\/\/52.77.24.187\/#organization"},"potentialAction":[{"@type":"SearchAction","target":{"@type":"EntryPoint","urlTemplate":"http:\/\/52.77.24.187\/?s={search_term_string}"},"query-input":{"@type":"PropertyValueSpecification","valueRequired":true,"valueName":"search_term_string"}}],"inLanguage":"vi-VN"},{"@type":"Organization","@id":"http:\/\/52.77.24.187\/#organization","name":"The Bottle Shop","url":"http:\/\/52.77.24.187\/","logo":{"@type":"ImageObject","inLanguage":"vi-VN","@id":"http:\/\/52.77.24.187\/#\/schema\/logo\/image\/","url":"https:\/\/mlsrfcxkkbzg.i.optimole.com\/cb:JbP2.215d7\/w:auto\/h:auto\/q:mauto\/ig:avif\/https:\/\/thebottleshop.vn\/wp-content\/uploads\/2022\/10\/The-Bottle-Shop-Online-Logo.png","contentUrl":"https:\/\/mlsrfcxkkbzg.i.optimole.com\/cb:JbP2.215d7\/w:auto\/h:auto\/q:mauto\/ig:avif\/https:\/\/thebottleshop.vn\/wp-content\/uploads\/2022\/10\/The-Bottle-Shop-Online-Logo.png","width":145,"height":147,"caption":"The Bottle Shop"},"image":{"@id":"http:\/\/52.77.24.187\/#\/schema\/logo\/image\/"},"sameAs":["https:\/\/www.facebook.com\/thebottleshopvietnam","https:\/\/www.instagram.com\/thebottleshop_vietnam\/"]}]}},"_links":{"self":[{"href":"https:\/\/thebottleshop.vn\/vi\/wp-json\/wp\/v2\/product\/18391","targetHints":{"allow":["GET"]}}],"collection":[{"href":"https:\/\/thebottleshop.vn\/vi\/wp-json\/wp\/v2\/product"}],"about":[{"href":"https:\/\/thebottleshop.vn\/vi\/wp-json\/wp\/v2\/types\/product"}],"replies":[{"embeddable":true,"href":"https:\/\/thebottleshop.vn\/vi\/wp-json\/wp\/v2\/comments?post=18391"}],"wp:featuredmedia":[{"embeddable":true,"href":"https:\/\/thebottleshop.vn\/vi\/wp-json\/wp\/v2\/media\/18420"}],"wp:attachment":[{"href":"https:\/\/thebottleshop.vn\/vi\/wp-json\/wp\/v2\/media?parent=18391"}],"wp:term":[{"taxonomy":"product_brand","embeddable":true,"href":"https:\/\/thebottleshop.vn\/vi\/wp-json\/wp\/v2\/product_brand?post=18391"},{"taxonomy":"product_cat","embeddable":true,"href":"https:\/\/thebottleshop.vn\/vi\/wp-json\/wp\/v2\/product_cat?post=18391"},{"taxonomy":"product_tag","embeddable":true,"href":"https:\/\/thebottleshop.vn\/vi\/wp-json\/wp\/v2\/product_tag?post=18391"}],"curies":[{"name":"wp","href":"https:\/\/api.w.org\/{rel}","templated":true}]}}