{"id":18538,"date":"2023-10-27T09:59:20","date_gmt":"2023-11-08T02:23:45","guid":{"rendered":"https:\/\/thebottleshop.vn\/product\/hoptimist-blonde-ale\/"},"modified":"2023-11-14T12:41:04","modified_gmt":"2023-11-14T05:41:04","slug":"hoptimist-blonde-ale","status":"publish","type":"product","link":"https:\/\/thebottleshop.vn\/vi\/san-pham\/hoptimist-blonde-ale\/","title":{"rendered":"Hoptimist Blonde Ale"},"content":{"rendered":"<p>Hoptimist Blonde Ale l\u00e0 m\u1ed9t lo\u1ea1i bia thanh m\u00e1t, d\u1ecbu nh\u1eb9, d\u1ec5 u\u1ed1ng \u0111\u1ec3 u\u1ed1ng h\u00e0ng ng\u00e0y. M\u00f9i th\u01a1m tr\u00e1i c\u00e2y nhi\u1ec7t \u0111\u1edbi. Ng\u1ecdt ng\u00e0o v\u1eeba ph\u1ea3i k\u1ebft h\u1ee3p v\u1edbi h\u01b0\u01a1ng hoa bia nhi\u1ec7t \u0111\u1edbi nh\u1eb9 nh\u00e0ng v\u00e0 m\u1ed9t ch\u00fat s\u1eafc n\u00e9t.<\/p>\n<p>\u2014\u2013<br \/>\nXem th\u01b0 vi\u1ec7n h\u00ecnh \u1ea3nh \u0111\u1ec3 bi\u1ebft th\u00eam th\u00f4ng tin chi ti\u1ebft v\u1ec1 ngu\u1ed3n g\u1ed1c, th\u00e0nh ph\u1ea7n v\u00e0 h\u01b0\u1edbng d\u1eabn s\u1eed d\u1ee5ng c\u1ee7a s\u1ea3n ph\u1ea9m.<\/p>\n<p>\u00a0<\/p>\n","protected":false},"excerpt":{"rendered":"<p><strong>D\u1ecbu nh\u1eb9, Thanh m\u00e1t, Hoa bia 4.2%<\/strong><\/p>\n","protected":false},"featured_media":18550,"comment_status":"open","ping_status":"closed","template":"","meta":{"_acf_changed":false},"product_brand":[],"product_cat":[378,340,347,337,354,400,351,366,345,377,339,341,352,344,624],"product_tag":[],"class_list":{"0":"post-18538","1":"product","2":"type-product","3":"status-publish","4":"has-post-thumbnail","6":"product_cat-00-19","7":"product_cat-vietnam-hcmc","8":"product_cat-4-5-9","9":"product_cat-bia-va-cider","10":"product_cat-75k-99k","11":"product_cat-bia-vang","12":"product_cat-dong-bia","13":"product_cat-nha-san-xuat","14":"product_cat-abv-vi","15":"product_cat-ibu","16":"product_cat-xuat-xu","17":"product_cat-dong-goi","18":"product_cat-gia","19":"product_cat-lon-330-ml","20":"product_cat-hoptimist-vi","22":"first","23":"outofstock","24":"shipping-taxable","25":"purchasable","26":"product-type-simple","27":"add-to-wishlist-before_image"},"acf":[],"yoast_head":"<!-- This site is optimized with the Yoast SEO plugin v27.5 - https:\/\/yoast.com\/product\/yoast-seo-wordpress\/ -->\n<title>Hoptimist Blonde Ale - The Bottle Shop<\/title>\n<meta name=\"description\" content=\"Hoptimist Blonde Ale l\u00e0 m\u1ed9t lo\u1ea1i bia thanh m\u00e1t, d\u1ecbu nh\u1eb9, d\u1ec5 u\u1ed1ng \u0111\u1ec3 u\u1ed1ng h\u00e0ng ng\u00e0y. Ng\u1ecdt v\u1eeba \u0111\u1ebfn th\u1ea5p, \u0111\u1eafng nh\u1eb9.\" \/>\n<meta name=\"robots\" content=\"index, follow, max-snippet:-1, max-image-preview:large, max-video-preview:-1\" \/>\n<link rel=\"canonical\" href=\"http:\/\/52.77.24.187\/vi\/san-pham\/hoptimist-blonde-ale\/\" \/>\n<meta property=\"og:locale\" content=\"vi_VN\" \/>\n<meta property=\"og:type\" content=\"article\" \/>\n<meta property=\"og:title\" content=\"Hoptimist Blonde Ale - The Bottle Shop\" \/>\n<meta property=\"og:description\" content=\"Hoptimist Blonde Ale l\u00e0 m\u1ed9t lo\u1ea1i bia thanh m\u00e1t, d\u1ecbu nh\u1eb9, d\u1ec5 u\u1ed1ng \u0111\u1ec3 u\u1ed1ng h\u00e0ng ng\u00e0y. Ng\u1ecdt v\u1eeba \u0111\u1ebfn th\u1ea5p, \u0111\u1eafng nh\u1eb9.\" \/>\n<meta property=\"og:url\" content=\"http:\/\/52.77.24.187\/vi\/san-pham\/hoptimist-blonde-ale\/\" \/>\n<meta property=\"og:site_name\" content=\"The Bottle Shop\" \/>\n<meta property=\"article:publisher\" content=\"https:\/\/www.facebook.com\/thebottleshopvietnam\" \/>\n<meta property=\"article:modified_time\" content=\"2023-11-14T05:41:04+00:00\" \/>\n<meta property=\"og:image\" content=\"https:\/\/mlsrfcxkkbzg.i.optimole.com\/cb:JbP2.215d7\/w:auto\/h:auto\/q:mauto\/ig:avif\/http:\/\/52.77.24.187\/wp-content\/uploads\/2023\/10\/Hoptimist-Blonde-Ale-Can.png\" \/>\n\t<meta property=\"og:image:width\" content=\"1080\" \/>\n\t<meta property=\"og:image:height\" content=\"1080\" \/>\n\t<meta property=\"og:image:type\" content=\"image\/png\" \/>\n<meta name=\"twitter:card\" content=\"summary_large_image\" \/>\n<meta name=\"twitter:label1\" content=\"Est. reading time\" \/>\n\t<meta name=\"twitter:data1\" content=\"1 minute\" \/>\n<script type=\"application\/ld+json\" class=\"yoast-schema-graph\">{\"@context\":\"https:\\\/\\\/schema.org\",\"@graph\":[{\"@type\":\"WebPage\",\"@id\":\"http:\\\/\\\/52.77.24.187\\\/vi\\\/san-pham\\\/hoptimist-blonde-ale\\\/\",\"url\":\"http:\\\/\\\/52.77.24.187\\\/vi\\\/san-pham\\\/hoptimist-blonde-ale\\\/\",\"name\":\"Hoptimist Blonde Ale - The Bottle Shop\",\"isPartOf\":{\"@id\":\"http:\\\/\\\/52.77.24.187\\\/#website\"},\"primaryImageOfPage\":{\"@id\":\"http:\\\/\\\/52.77.24.187\\\/vi\\\/san-pham\\\/hoptimist-blonde-ale\\\/#primaryimage\"},\"image\":{\"@id\":\"http:\\\/\\\/52.77.24.187\\\/vi\\\/san-pham\\\/hoptimist-blonde-ale\\\/#primaryimage\"},\"thumbnailUrl\":\"https:\\/\\/thebottleshop.vn\\/wp-content\\/uploads\\/2023\\/10\\/Hoptimist-Blonde-Ale-Can.png\",\"datePublished\":\"2023-11-08T02:23:45+00:00\",\"dateModified\":\"2023-11-14T05:41:04+00:00\",\"description\":\"Hoptimist Blonde Ale l\u00e0 m\u1ed9t lo\u1ea1i bia thanh m\u00e1t, d\u1ecbu nh\u1eb9, d\u1ec5 u\u1ed1ng \u0111\u1ec3 u\u1ed1ng h\u00e0ng ng\u00e0y. Ng\u1ecdt v\u1eeba \u0111\u1ebfn th\u1ea5p, \u0111\u1eafng nh\u1eb9.\",\"breadcrumb\":{\"@id\":\"http:\\\/\\\/52.77.24.187\\\/vi\\\/san-pham\\\/hoptimist-blonde-ale\\\/#breadcrumb\"},\"inLanguage\":\"vi-VN\",\"potentialAction\":[{\"@type\":\"ReadAction\",\"target\":[\"http:\\\/\\\/52.77.24.187\\\/vi\\\/san-pham\\\/hoptimist-blonde-ale\\\/\"]}]},{\"@type\":\"ImageObject\",\"inLanguage\":\"vi-VN\",\"@id\":\"http:\\\/\\\/52.77.24.187\\\/vi\\\/san-pham\\\/hoptimist-blonde-ale\\\/#primaryimage\",\"url\":\"https:\\/\\/thebottleshop.vn\\/wp-content\\/uploads\\/2023\\/10\\/Hoptimist-Blonde-Ale-Can.png\",\"contentUrl\":\"https:\\/\\/thebottleshop.vn\\/wp-content\\/uploads\\/2023\\/10\\/Hoptimist-Blonde-Ale-Can.png\",\"width\":1080,\"height\":1080,\"caption\":\"Hoptimist Blonde Ale Can\"},{\"@type\":\"BreadcrumbList\",\"@id\":\"http:\\\/\\\/52.77.24.187\\\/vi\\\/san-pham\\\/hoptimist-blonde-ale\\\/#breadcrumb\",\"itemListElement\":[{\"@type\":\"ListItem\",\"position\":1,\"name\":\"Home\",\"item\":\"http:\\\/\\\/52.77.24.187\\\/vi\\\/test-popup-vi\\\/\"},{\"@type\":\"ListItem\",\"position\":2,\"name\":\"C\u1eeda h\u00e0ng\",\"item\":\"http:\\\/\\\/52.77.24.187\\\/vi\\\/cua-hang\\\/\"},{\"@type\":\"ListItem\",\"position\":3,\"name\":\"Hoptimist Blonde Ale\"}]},{\"@type\":\"WebSite\",\"@id\":\"http:\\\/\\\/52.77.24.187\\\/#website\",\"url\":\"http:\\\/\\\/52.77.24.187\\\/\",\"name\":\"The Bottle Shop\",\"description\":\"All beers are not created equal\",\"publisher\":{\"@id\":\"http:\\\/\\\/52.77.24.187\\\/#organization\"},\"potentialAction\":[{\"@type\":\"SearchAction\",\"target\":{\"@type\":\"EntryPoint\",\"urlTemplate\":\"http:\\\/\\\/52.77.24.187\\\/?s={search_term_string}\"},\"query-input\":{\"@type\":\"PropertyValueSpecification\",\"valueRequired\":true,\"valueName\":\"search_term_string\"}}],\"inLanguage\":\"vi-VN\"},{\"@type\":\"Organization\",\"@id\":\"http:\\\/\\\/52.77.24.187\\\/#organization\",\"name\":\"The Bottle Shop\",\"url\":\"http:\\\/\\\/52.77.24.187\\\/\",\"logo\":{\"@type\":\"ImageObject\",\"inLanguage\":\"vi-VN\",\"@id\":\"http:\\\/\\\/52.77.24.187\\\/#\\\/schema\\\/logo\\\/image\\\/\",\"url\":\"https:\\/\\/thebottleshop.vn\\/wp-content\\/uploads\\/2022\\/10\\/The-Bottle-Shop-Online-Logo.png\",\"contentUrl\":\"https:\\/\\/thebottleshop.vn\\/wp-content\\/uploads\\/2022\\/10\\/The-Bottle-Shop-Online-Logo.png\",\"width\":145,\"height\":147,\"caption\":\"The Bottle Shop\"},\"image\":{\"@id\":\"http:\\\/\\\/52.77.24.187\\\/#\\\/schema\\\/logo\\\/image\\\/\"},\"sameAs\":[\"https:\\\/\\\/www.facebook.com\\\/thebottleshopvietnam\",\"https:\\\/\\\/www.instagram.com\\\/thebottleshop_vietnam\\\/\"]}]}<\/script>\n<!-- \/ Yoast SEO plugin. -->","yoast_head_json":{"title":"Hoptimist Blonde Ale - The Bottle Shop","description":"Hoptimist Blonde Ale l\u00e0 m\u1ed9t lo\u1ea1i bia thanh m\u00e1t, d\u1ecbu nh\u1eb9, d\u1ec5 u\u1ed1ng \u0111\u1ec3 u\u1ed1ng h\u00e0ng ng\u00e0y. Ng\u1ecdt v\u1eeba \u0111\u1ebfn th\u1ea5p, \u0111\u1eafng nh\u1eb9.","robots":{"index":"index","follow":"follow","max-snippet":"max-snippet:-1","max-image-preview":"max-image-preview:large","max-video-preview":"max-video-preview:-1"},"canonical":"http:\/\/52.77.24.187\/vi\/san-pham\/hoptimist-blonde-ale\/","og_locale":"vi_VN","og_type":"article","og_title":"Hoptimist Blonde Ale - The Bottle Shop","og_description":"Hoptimist Blonde Ale l\u00e0 m\u1ed9t lo\u1ea1i bia thanh m\u00e1t, d\u1ecbu nh\u1eb9, d\u1ec5 u\u1ed1ng \u0111\u1ec3 u\u1ed1ng h\u00e0ng ng\u00e0y. Ng\u1ecdt v\u1eeba \u0111\u1ebfn th\u1ea5p, \u0111\u1eafng nh\u1eb9.","og_url":"http:\/\/52.77.24.187\/vi\/san-pham\/hoptimist-blonde-ale\/","og_site_name":"The Bottle Shop","article_publisher":"https:\/\/www.facebook.com\/thebottleshopvietnam","article_modified_time":"2023-11-14T05:41:04+00:00","og_image":[{"width":1080,"height":1080,"url":"https:\/\/mlsrfcxkkbzg.i.optimole.com\/cb:JbP2.215d7\/w:auto\/h:auto\/q:mauto\/ig:avif\/http:\/\/52.77.24.187\/wp-content\/uploads\/2023\/10\/Hoptimist-Blonde-Ale-Can.png","type":"image\/png"}],"twitter_card":"summary_large_image","twitter_misc":{"Est. reading time":"1 minute"},"schema":{"@context":"https:\/\/schema.org","@graph":[{"@type":"WebPage","@id":"http:\/\/52.77.24.187\/vi\/san-pham\/hoptimist-blonde-ale\/","url":"http:\/\/52.77.24.187\/vi\/san-pham\/hoptimist-blonde-ale\/","name":"Hoptimist Blonde Ale - The Bottle Shop","isPartOf":{"@id":"http:\/\/52.77.24.187\/#website"},"primaryImageOfPage":{"@id":"http:\/\/52.77.24.187\/vi\/san-pham\/hoptimist-blonde-ale\/#primaryimage"},"image":{"@id":"http:\/\/52.77.24.187\/vi\/san-pham\/hoptimist-blonde-ale\/#primaryimage"},"thumbnailUrl":"https:\/\/mlsrfcxkkbzg.i.optimole.com\/cb:JbP2.215d7\/w:auto\/h:auto\/q:mauto\/ig:avif\/https:\/\/thebottleshop.vn\/wp-content\/uploads\/2023\/10\/Hoptimist-Blonde-Ale-Can.png","datePublished":"2023-11-08T02:23:45+00:00","dateModified":"2023-11-14T05:41:04+00:00","description":"Hoptimist Blonde Ale l\u00e0 m\u1ed9t lo\u1ea1i bia thanh m\u00e1t, d\u1ecbu nh\u1eb9, d\u1ec5 u\u1ed1ng \u0111\u1ec3 u\u1ed1ng h\u00e0ng ng\u00e0y. Ng\u1ecdt v\u1eeba \u0111\u1ebfn th\u1ea5p, \u0111\u1eafng nh\u1eb9.","breadcrumb":{"@id":"http:\/\/52.77.24.187\/vi\/san-pham\/hoptimist-blonde-ale\/#breadcrumb"},"inLanguage":"vi-VN","potentialAction":[{"@type":"ReadAction","target":["http:\/\/52.77.24.187\/vi\/san-pham\/hoptimist-blonde-ale\/"]}]},{"@type":"ImageObject","inLanguage":"vi-VN","@id":"http:\/\/52.77.24.187\/vi\/san-pham\/hoptimist-blonde-ale\/#primaryimage","url":"https:\/\/mlsrfcxkkbzg.i.optimole.com\/cb:JbP2.215d7\/w:auto\/h:auto\/q:mauto\/ig:avif\/https:\/\/thebottleshop.vn\/wp-content\/uploads\/2023\/10\/Hoptimist-Blonde-Ale-Can.png","contentUrl":"https:\/\/mlsrfcxkkbzg.i.optimole.com\/cb:JbP2.215d7\/w:auto\/h:auto\/q:mauto\/ig:avif\/https:\/\/thebottleshop.vn\/wp-content\/uploads\/2023\/10\/Hoptimist-Blonde-Ale-Can.png","width":1080,"height":1080,"caption":"Hoptimist Blonde Ale Can"},{"@type":"BreadcrumbList","@id":"http:\/\/52.77.24.187\/vi\/san-pham\/hoptimist-blonde-ale\/#breadcrumb","itemListElement":[{"@type":"ListItem","position":1,"name":"Home","item":"http:\/\/52.77.24.187\/vi\/test-popup-vi\/"},{"@type":"ListItem","position":2,"name":"C\u1eeda h\u00e0ng","item":"http:\/\/52.77.24.187\/vi\/cua-hang\/"},{"@type":"ListItem","position":3,"name":"Hoptimist Blonde Ale"}]},{"@type":"WebSite","@id":"http:\/\/52.77.24.187\/#website","url":"http:\/\/52.77.24.187\/","name":"The Bottle Shop","description":"All beers are not created equal","publisher":{"@id":"http:\/\/52.77.24.187\/#organization"},"potentialAction":[{"@type":"SearchAction","target":{"@type":"EntryPoint","urlTemplate":"http:\/\/52.77.24.187\/?s={search_term_string}"},"query-input":{"@type":"PropertyValueSpecification","valueRequired":true,"valueName":"search_term_string"}}],"inLanguage":"vi-VN"},{"@type":"Organization","@id":"http:\/\/52.77.24.187\/#organization","name":"The Bottle Shop","url":"http:\/\/52.77.24.187\/","logo":{"@type":"ImageObject","inLanguage":"vi-VN","@id":"http:\/\/52.77.24.187\/#\/schema\/logo\/image\/","url":"https:\/\/mlsrfcxkkbzg.i.optimole.com\/cb:JbP2.215d7\/w:auto\/h:auto\/q:mauto\/ig:avif\/https:\/\/thebottleshop.vn\/wp-content\/uploads\/2022\/10\/The-Bottle-Shop-Online-Logo.png","contentUrl":"https:\/\/mlsrfcxkkbzg.i.optimole.com\/cb:JbP2.215d7\/w:auto\/h:auto\/q:mauto\/ig:avif\/https:\/\/thebottleshop.vn\/wp-content\/uploads\/2022\/10\/The-Bottle-Shop-Online-Logo.png","width":145,"height":147,"caption":"The Bottle Shop"},"image":{"@id":"http:\/\/52.77.24.187\/#\/schema\/logo\/image\/"},"sameAs":["https:\/\/www.facebook.com\/thebottleshopvietnam","https:\/\/www.instagram.com\/thebottleshop_vietnam\/"]}]}},"_links":{"self":[{"href":"https:\/\/thebottleshop.vn\/vi\/wp-json\/wp\/v2\/product\/18538","targetHints":{"allow":["GET"]}}],"collection":[{"href":"https:\/\/thebottleshop.vn\/vi\/wp-json\/wp\/v2\/product"}],"about":[{"href":"https:\/\/thebottleshop.vn\/vi\/wp-json\/wp\/v2\/types\/product"}],"replies":[{"embeddable":true,"href":"https:\/\/thebottleshop.vn\/vi\/wp-json\/wp\/v2\/comments?post=18538"}],"wp:featuredmedia":[{"embeddable":true,"href":"https:\/\/thebottleshop.vn\/vi\/wp-json\/wp\/v2\/media\/18550"}],"wp:attachment":[{"href":"https:\/\/thebottleshop.vn\/vi\/wp-json\/wp\/v2\/media?parent=18538"}],"wp:term":[{"taxonomy":"product_brand","embeddable":true,"href":"https:\/\/thebottleshop.vn\/vi\/wp-json\/wp\/v2\/product_brand?post=18538"},{"taxonomy":"product_cat","embeddable":true,"href":"https:\/\/thebottleshop.vn\/vi\/wp-json\/wp\/v2\/product_cat?post=18538"},{"taxonomy":"product_tag","embeddable":true,"href":"https:\/\/thebottleshop.vn\/vi\/wp-json\/wp\/v2\/product_tag?post=18538"}],"curies":[{"name":"wp","href":"https:\/\/api.w.org\/{rel}","templated":true}]}}