{"id":18539,"date":"2023-10-27T12:17:44","date_gmt":"2023-10-27T05:17:44","guid":{"rendered":"https:\/\/thebottleshop.vn\/product\/hoptimist-mango-hazy-ipa\/"},"modified":"2023-11-14T12:40:00","modified_gmt":"2023-11-14T05:40:00","slug":"hoptimist-mango-hazy-ipa","status":"publish","type":"product","link":"https:\/\/thebottleshop.vn\/vi\/san-pham\/hoptimist-mango-hazy-ipa\/","title":{"rendered":"Hoptimist Mango Hazy IPA"},"content":{"rendered":"<p>Hoptimist Mango Hazy IPA l\u00e0 m\u1ed9t lo\u1ea1i bia \u0111\u1eadm \u0111\u00e0, t\u01b0\u01a1i ngon, \u0111\u01b0\u1ee3c l\u00e0m b\u1eb1ng xo\u00e0i xay nhuy\u1ec5n th\u1eadt; gi\u1ea3i kh\u00e1t ho\u00e0n h\u1ea3o trong ng\u00e0y h\u00e8 n\u00f3ng b\u1ee9c. H\u01b0\u01a1ng xo\u00e0i n\u1ed3ng n\u00e0n, c\u00f9ng v\u1edbi c\u00e1c h\u01b0\u01a1ng tr\u00e1i c\u00e2y nhi\u1ec7t \u0111\u1edbi kh\u00e1c.<\/p>\n<p>\u2014\u2013<br \/>\nXem th\u01b0 vi\u1ec7n h\u00ecnh \u1ea3nh \u0111\u1ec3 bi\u1ebft th\u00eam th\u00f4ng tin chi ti\u1ebft v\u1ec1 ngu\u1ed3n g\u1ed1c, th\u00e0nh ph\u1ea7n v\u00e0 h\u01b0\u1edbng d\u1eabn s\u1eed d\u1ee5ng c\u1ee7a s\u1ea3n ph\u1ea9m.<\/p>\n","protected":false},"excerpt":{"rendered":"<p><strong>Tr\u00e1i c\u00e2y, Hoa bia, Nhi\u1ec7t \u0111\u1edbi 6.5%<\/strong><\/p>\n","protected":false},"featured_media":18554,"comment_status":"open","ping_status":"closed","template":"","meta":{"_acf_changed":false},"product_brand":[],"product_cat":[337,340,379,354,348,351,366,345,377,339,341,352,359,344,624],"product_tag":[],"class_list":{"0":"post-18539","1":"product","2":"type-product","3":"status-publish","4":"has-post-thumbnail","6":"product_cat-bia-va-cider","7":"product_cat-vietnam-hcmc","8":"product_cat-20-39","9":"product_cat-75k-99k","10":"product_cat-6-7-9","11":"product_cat-dong-bia","12":"product_cat-nha-san-xuat","13":"product_cat-abv-vi","14":"product_cat-ibu","15":"product_cat-xuat-xu","16":"product_cat-dong-goi","17":"product_cat-gia","18":"product_cat-ipa","19":"product_cat-lon-330-ml","20":"product_cat-hoptimist-vi","22":"first","23":"instock","24":"shipping-taxable","25":"purchasable","26":"product-type-simple","27":"add-to-wishlist-before_image"},"acf":[],"yoast_head":"<!-- This site is optimized with the Yoast SEO plugin v27.2 - https:\/\/yoast.com\/product\/yoast-seo-wordpress\/ -->\n<title>Hoptimist Mango Hazy IPA - The Bottle Shop<\/title>\n<meta name=\"description\" content=\"Hoptimist Mango Hazy IPA l\u00e0 m\u1ed9t lo\u1ea1i bia \u0111\u1eadm \u0111\u00e0, t\u01b0\u01a1i ngon, \u0111\u01b0\u1ee3c l\u00e0m b\u1eb1ng xo\u00e0i xay nhuy\u1ec5n th\u1eadt; gi\u1ea3i kh\u00e1t ho\u00e0n h\u1ea3o trong ng\u00e0y h\u00e8 n\u00f3ng b\u1ee9c.\" \/>\n<meta name=\"robots\" content=\"index, follow, max-snippet:-1, max-image-preview:large, max-video-preview:-1\" \/>\n<link rel=\"canonical\" href=\"http:\/\/52.77.24.187\/vi\/san-pham\/hoptimist-mango-hazy-ipa\/\" \/>\n<meta property=\"og:locale\" content=\"vi_VN\" \/>\n<meta property=\"og:type\" content=\"article\" \/>\n<meta property=\"og:title\" content=\"Hoptimist Mango Hazy IPA - The Bottle Shop\" \/>\n<meta property=\"og:description\" content=\"Hoptimist Mango Hazy IPA l\u00e0 m\u1ed9t lo\u1ea1i bia \u0111\u1eadm \u0111\u00e0, t\u01b0\u01a1i ngon, \u0111\u01b0\u1ee3c l\u00e0m b\u1eb1ng xo\u00e0i xay nhuy\u1ec5n th\u1eadt; gi\u1ea3i kh\u00e1t ho\u00e0n h\u1ea3o trong ng\u00e0y h\u00e8 n\u00f3ng b\u1ee9c.\" \/>\n<meta property=\"og:url\" content=\"http:\/\/52.77.24.187\/vi\/san-pham\/hoptimist-mango-hazy-ipa\/\" \/>\n<meta property=\"og:site_name\" content=\"The Bottle Shop\" \/>\n<meta property=\"article:publisher\" content=\"https:\/\/www.facebook.com\/thebottleshopvietnam\" \/>\n<meta property=\"article:modified_time\" content=\"2023-11-14T05:40:00+00:00\" \/>\n<meta property=\"og:image\" content=\"https:\/\/mlsrfcxkkbzg.i.optimole.com\/cb:JbP2.215d7\/w:auto\/h:auto\/q:mauto\/ig:avif\/http:\/\/52.77.24.187\/wp-content\/uploads\/2023\/10\/Hoptimist-Mango-Hazy-IPA-Can.png\" \/>\n\t<meta property=\"og:image:width\" content=\"1080\" \/>\n\t<meta property=\"og:image:height\" content=\"1080\" \/>\n\t<meta property=\"og:image:type\" content=\"image\/png\" \/>\n<meta name=\"twitter:card\" content=\"summary_large_image\" \/>\n<meta name=\"twitter:label1\" content=\"Est. reading time\" \/>\n\t<meta name=\"twitter:data1\" content=\"1 minute\" \/>\n<script type=\"application\/ld+json\" class=\"yoast-schema-graph\">{\"@context\":\"https:\/\/schema.org\",\"@graph\":[{\"@type\":\"WebPage\",\"@id\":\"http:\/\/52.77.24.187\/vi\/san-pham\/hoptimist-mango-hazy-ipa\/\",\"url\":\"http:\/\/52.77.24.187\/vi\/san-pham\/hoptimist-mango-hazy-ipa\/\",\"name\":\"Hoptimist Mango Hazy IPA - The Bottle Shop\",\"isPartOf\":{\"@id\":\"http:\/\/52.77.24.187\/#website\"},\"primaryImageOfPage\":{\"@id\":\"http:\/\/52.77.24.187\/vi\/san-pham\/hoptimist-mango-hazy-ipa\/#primaryimage\"},\"image\":{\"@id\":\"http:\/\/52.77.24.187\/vi\/san-pham\/hoptimist-mango-hazy-ipa\/#primaryimage\"},\"thumbnailUrl\":\"https:\/\/mlsrfcxkkbzg.i.optimole.com\/cb:JbP2.215d7\/w:auto\/h:auto\/q:mauto\/ig:avif\/https:\/\/thebottleshop.vn\/wp-content\/uploads\/2023\/10\/Hoptimist-Mango-Hazy-IPA-Can.png\",\"datePublished\":\"2023-10-27T05:17:44+00:00\",\"dateModified\":\"2023-11-14T05:40:00+00:00\",\"description\":\"Hoptimist Mango Hazy IPA l\u00e0 m\u1ed9t lo\u1ea1i bia \u0111\u1eadm \u0111\u00e0, t\u01b0\u01a1i ngon, \u0111\u01b0\u1ee3c l\u00e0m b\u1eb1ng xo\u00e0i xay nhuy\u1ec5n th\u1eadt; gi\u1ea3i kh\u00e1t ho\u00e0n h\u1ea3o trong ng\u00e0y h\u00e8 n\u00f3ng b\u1ee9c.\",\"breadcrumb\":{\"@id\":\"http:\/\/52.77.24.187\/vi\/san-pham\/hoptimist-mango-hazy-ipa\/#breadcrumb\"},\"inLanguage\":\"vi-VN\",\"potentialAction\":[{\"@type\":\"ReadAction\",\"target\":[\"http:\/\/52.77.24.187\/vi\/san-pham\/hoptimist-mango-hazy-ipa\/\"]}]},{\"@type\":\"ImageObject\",\"inLanguage\":\"vi-VN\",\"@id\":\"http:\/\/52.77.24.187\/vi\/san-pham\/hoptimist-mango-hazy-ipa\/#primaryimage\",\"url\":\"https:\/\/mlsrfcxkkbzg.i.optimole.com\/cb:JbP2.215d7\/w:auto\/h:auto\/q:mauto\/ig:avif\/https:\/\/thebottleshop.vn\/wp-content\/uploads\/2023\/10\/Hoptimist-Mango-Hazy-IPA-Can.png\",\"contentUrl\":\"https:\/\/mlsrfcxkkbzg.i.optimole.com\/cb:JbP2.215d7\/w:auto\/h:auto\/q:mauto\/ig:avif\/https:\/\/thebottleshop.vn\/wp-content\/uploads\/2023\/10\/Hoptimist-Mango-Hazy-IPA-Can.png\",\"width\":1080,\"height\":1080,\"caption\":\"Hoptimist Mango Hazy IPA Can\"},{\"@type\":\"BreadcrumbList\",\"@id\":\"http:\/\/52.77.24.187\/vi\/san-pham\/hoptimist-mango-hazy-ipa\/#breadcrumb\",\"itemListElement\":[{\"@type\":\"ListItem\",\"position\":1,\"name\":\"Home\",\"item\":\"http:\/\/52.77.24.187\/vi\/test-popup-vi\/\"},{\"@type\":\"ListItem\",\"position\":2,\"name\":\"C\u1eeda h\u00e0ng\",\"item\":\"http:\/\/52.77.24.187\/vi\/cua-hang\/\"},{\"@type\":\"ListItem\",\"position\":3,\"name\":\"Hoptimist Mango Hazy IPA\"}]},{\"@type\":\"WebSite\",\"@id\":\"http:\/\/52.77.24.187\/#website\",\"url\":\"http:\/\/52.77.24.187\/\",\"name\":\"The Bottle Shop\",\"description\":\"All beers are not created equal\",\"publisher\":{\"@id\":\"http:\/\/52.77.24.187\/#organization\"},\"potentialAction\":[{\"@type\":\"SearchAction\",\"target\":{\"@type\":\"EntryPoint\",\"urlTemplate\":\"http:\/\/52.77.24.187\/?s={search_term_string}\"},\"query-input\":{\"@type\":\"PropertyValueSpecification\",\"valueRequired\":true,\"valueName\":\"search_term_string\"}}],\"inLanguage\":\"vi-VN\"},{\"@type\":\"Organization\",\"@id\":\"http:\/\/52.77.24.187\/#organization\",\"name\":\"The Bottle Shop\",\"url\":\"http:\/\/52.77.24.187\/\",\"logo\":{\"@type\":\"ImageObject\",\"inLanguage\":\"vi-VN\",\"@id\":\"http:\/\/52.77.24.187\/#\/schema\/logo\/image\/\",\"url\":\"https:\/\/mlsrfcxkkbzg.i.optimole.com\/cb:JbP2.215d7\/w:auto\/h:auto\/q:mauto\/ig:avif\/https:\/\/thebottleshop.vn\/wp-content\/uploads\/2022\/10\/The-Bottle-Shop-Online-Logo.png\",\"contentUrl\":\"https:\/\/mlsrfcxkkbzg.i.optimole.com\/cb:JbP2.215d7\/w:auto\/h:auto\/q:mauto\/ig:avif\/https:\/\/thebottleshop.vn\/wp-content\/uploads\/2022\/10\/The-Bottle-Shop-Online-Logo.png\",\"width\":145,\"height\":147,\"caption\":\"The Bottle Shop\"},\"image\":{\"@id\":\"http:\/\/52.77.24.187\/#\/schema\/logo\/image\/\"},\"sameAs\":[\"https:\/\/www.facebook.com\/thebottleshopvietnam\",\"https:\/\/www.instagram.com\/thebottleshop_vietnam\/\"]}]}<\/script>\n<!-- \/ Yoast SEO plugin. -->","yoast_head_json":{"title":"Hoptimist Mango Hazy IPA - The Bottle Shop","description":"Hoptimist Mango Hazy IPA l\u00e0 m\u1ed9t lo\u1ea1i bia \u0111\u1eadm \u0111\u00e0, t\u01b0\u01a1i ngon, \u0111\u01b0\u1ee3c l\u00e0m b\u1eb1ng xo\u00e0i xay nhuy\u1ec5n th\u1eadt; gi\u1ea3i kh\u00e1t ho\u00e0n h\u1ea3o trong ng\u00e0y h\u00e8 n\u00f3ng b\u1ee9c.","robots":{"index":"index","follow":"follow","max-snippet":"max-snippet:-1","max-image-preview":"max-image-preview:large","max-video-preview":"max-video-preview:-1"},"canonical":"http:\/\/52.77.24.187\/vi\/san-pham\/hoptimist-mango-hazy-ipa\/","og_locale":"vi_VN","og_type":"article","og_title":"Hoptimist Mango Hazy IPA - The Bottle Shop","og_description":"Hoptimist Mango Hazy IPA l\u00e0 m\u1ed9t lo\u1ea1i bia \u0111\u1eadm \u0111\u00e0, t\u01b0\u01a1i ngon, \u0111\u01b0\u1ee3c l\u00e0m b\u1eb1ng xo\u00e0i xay nhuy\u1ec5n th\u1eadt; gi\u1ea3i kh\u00e1t ho\u00e0n h\u1ea3o trong ng\u00e0y h\u00e8 n\u00f3ng b\u1ee9c.","og_url":"http:\/\/52.77.24.187\/vi\/san-pham\/hoptimist-mango-hazy-ipa\/","og_site_name":"The Bottle Shop","article_publisher":"https:\/\/www.facebook.com\/thebottleshopvietnam","article_modified_time":"2023-11-14T05:40:00+00:00","og_image":[{"width":1080,"height":1080,"url":"https:\/\/mlsrfcxkkbzg.i.optimole.com\/cb:JbP2.215d7\/w:auto\/h:auto\/q:mauto\/ig:avif\/http:\/\/52.77.24.187\/wp-content\/uploads\/2023\/10\/Hoptimist-Mango-Hazy-IPA-Can.png","type":"image\/png"}],"twitter_card":"summary_large_image","twitter_misc":{"Est. reading time":"1 minute"},"schema":{"@context":"https:\/\/schema.org","@graph":[{"@type":"WebPage","@id":"http:\/\/52.77.24.187\/vi\/san-pham\/hoptimist-mango-hazy-ipa\/","url":"http:\/\/52.77.24.187\/vi\/san-pham\/hoptimist-mango-hazy-ipa\/","name":"Hoptimist Mango Hazy IPA - The Bottle Shop","isPartOf":{"@id":"http:\/\/52.77.24.187\/#website"},"primaryImageOfPage":{"@id":"http:\/\/52.77.24.187\/vi\/san-pham\/hoptimist-mango-hazy-ipa\/#primaryimage"},"image":{"@id":"http:\/\/52.77.24.187\/vi\/san-pham\/hoptimist-mango-hazy-ipa\/#primaryimage"},"thumbnailUrl":"https:\/\/mlsrfcxkkbzg.i.optimole.com\/cb:JbP2.215d7\/w:auto\/h:auto\/q:mauto\/ig:avif\/https:\/\/thebottleshop.vn\/wp-content\/uploads\/2023\/10\/Hoptimist-Mango-Hazy-IPA-Can.png","datePublished":"2023-10-27T05:17:44+00:00","dateModified":"2023-11-14T05:40:00+00:00","description":"Hoptimist Mango Hazy IPA l\u00e0 m\u1ed9t lo\u1ea1i bia \u0111\u1eadm \u0111\u00e0, t\u01b0\u01a1i ngon, \u0111\u01b0\u1ee3c l\u00e0m b\u1eb1ng xo\u00e0i xay nhuy\u1ec5n th\u1eadt; gi\u1ea3i kh\u00e1t ho\u00e0n h\u1ea3o trong ng\u00e0y h\u00e8 n\u00f3ng b\u1ee9c.","breadcrumb":{"@id":"http:\/\/52.77.24.187\/vi\/san-pham\/hoptimist-mango-hazy-ipa\/#breadcrumb"},"inLanguage":"vi-VN","potentialAction":[{"@type":"ReadAction","target":["http:\/\/52.77.24.187\/vi\/san-pham\/hoptimist-mango-hazy-ipa\/"]}]},{"@type":"ImageObject","inLanguage":"vi-VN","@id":"http:\/\/52.77.24.187\/vi\/san-pham\/hoptimist-mango-hazy-ipa\/#primaryimage","url":"https:\/\/mlsrfcxkkbzg.i.optimole.com\/cb:JbP2.215d7\/w:auto\/h:auto\/q:mauto\/ig:avif\/https:\/\/thebottleshop.vn\/wp-content\/uploads\/2023\/10\/Hoptimist-Mango-Hazy-IPA-Can.png","contentUrl":"https:\/\/mlsrfcxkkbzg.i.optimole.com\/cb:JbP2.215d7\/w:auto\/h:auto\/q:mauto\/ig:avif\/https:\/\/thebottleshop.vn\/wp-content\/uploads\/2023\/10\/Hoptimist-Mango-Hazy-IPA-Can.png","width":1080,"height":1080,"caption":"Hoptimist Mango Hazy IPA Can"},{"@type":"BreadcrumbList","@id":"http:\/\/52.77.24.187\/vi\/san-pham\/hoptimist-mango-hazy-ipa\/#breadcrumb","itemListElement":[{"@type":"ListItem","position":1,"name":"Home","item":"http:\/\/52.77.24.187\/vi\/test-popup-vi\/"},{"@type":"ListItem","position":2,"name":"C\u1eeda h\u00e0ng","item":"http:\/\/52.77.24.187\/vi\/cua-hang\/"},{"@type":"ListItem","position":3,"name":"Hoptimist Mango Hazy IPA"}]},{"@type":"WebSite","@id":"http:\/\/52.77.24.187\/#website","url":"http:\/\/52.77.24.187\/","name":"The Bottle Shop","description":"All beers are not created equal","publisher":{"@id":"http:\/\/52.77.24.187\/#organization"},"potentialAction":[{"@type":"SearchAction","target":{"@type":"EntryPoint","urlTemplate":"http:\/\/52.77.24.187\/?s={search_term_string}"},"query-input":{"@type":"PropertyValueSpecification","valueRequired":true,"valueName":"search_term_string"}}],"inLanguage":"vi-VN"},{"@type":"Organization","@id":"http:\/\/52.77.24.187\/#organization","name":"The Bottle Shop","url":"http:\/\/52.77.24.187\/","logo":{"@type":"ImageObject","inLanguage":"vi-VN","@id":"http:\/\/52.77.24.187\/#\/schema\/logo\/image\/","url":"https:\/\/mlsrfcxkkbzg.i.optimole.com\/cb:JbP2.215d7\/w:auto\/h:auto\/q:mauto\/ig:avif\/https:\/\/thebottleshop.vn\/wp-content\/uploads\/2022\/10\/The-Bottle-Shop-Online-Logo.png","contentUrl":"https:\/\/mlsrfcxkkbzg.i.optimole.com\/cb:JbP2.215d7\/w:auto\/h:auto\/q:mauto\/ig:avif\/https:\/\/thebottleshop.vn\/wp-content\/uploads\/2022\/10\/The-Bottle-Shop-Online-Logo.png","width":145,"height":147,"caption":"The Bottle Shop"},"image":{"@id":"http:\/\/52.77.24.187\/#\/schema\/logo\/image\/"},"sameAs":["https:\/\/www.facebook.com\/thebottleshopvietnam","https:\/\/www.instagram.com\/thebottleshop_vietnam\/"]}]}},"_links":{"self":[{"href":"https:\/\/thebottleshop.vn\/vi\/wp-json\/wp\/v2\/product\/18539","targetHints":{"allow":["GET"]}}],"collection":[{"href":"https:\/\/thebottleshop.vn\/vi\/wp-json\/wp\/v2\/product"}],"about":[{"href":"https:\/\/thebottleshop.vn\/vi\/wp-json\/wp\/v2\/types\/product"}],"replies":[{"embeddable":true,"href":"https:\/\/thebottleshop.vn\/vi\/wp-json\/wp\/v2\/comments?post=18539"}],"wp:featuredmedia":[{"embeddable":true,"href":"https:\/\/thebottleshop.vn\/vi\/wp-json\/wp\/v2\/media\/18554"}],"wp:attachment":[{"href":"https:\/\/thebottleshop.vn\/vi\/wp-json\/wp\/v2\/media?parent=18539"}],"wp:term":[{"taxonomy":"product_brand","embeddable":true,"href":"https:\/\/thebottleshop.vn\/vi\/wp-json\/wp\/v2\/product_brand?post=18539"},{"taxonomy":"product_cat","embeddable":true,"href":"https:\/\/thebottleshop.vn\/vi\/wp-json\/wp\/v2\/product_cat?post=18539"},{"taxonomy":"product_tag","embeddable":true,"href":"https:\/\/thebottleshop.vn\/vi\/wp-json\/wp\/v2\/product_tag?post=18539"}],"curies":[{"name":"wp","href":"https:\/\/api.w.org\/{rel}","templated":true}]}}