{"id":18681,"date":"2023-12-11T15:59:31","date_gmt":"2023-12-11T09:03:38","guid":{"rendered":"https:\/\/thebottleshop.vn\/product\/hod-the-wraith-barrel-aged-stout\/"},"modified":"2024-04-16T07:53:14","modified_gmt":"2024-04-16T00:53:14","slug":"hod-the-wraith-barrel-aged-stout","status":"publish","type":"product","link":"https:\/\/thebottleshop.vn\/vi\/san-pham\/hod-the-wraith-barrel-aged-stout\/","title":{"rendered":"Heart of Darkness The Wraith Barrel-aged Stout"},"content":{"rendered":"<p>Heart of Darkness The Wraith Barrel-aged Stout l\u00e0 m\u1ed9t s\u1ef1 h\u1ee3p t\u00e1c c\u00f9ng Yakima Chief Hops \u0111\u1ec3 bi\u1ebfn t\u1ea5u d\u00f2ng bia stout \u1ee7 th\u00f9ng g\u1ed7, n\u00e2ng t\u1ea7m th\u00e0nh m\u1ed9t s\u1ea3n ph\u1ea9m \u0111\u1ed9c \u0111\u00e1o v\u1edbi hoa bia Superdelic v\u00e0 Cryo Idaho 7. H\u01b0\u01a1ng v\u1ecb nho kh\u00f4 \u0111\u1eadm \u0111\u00e0 t\u1eeb th\u00f9ng g\u1ed7, qu\u1ea3 m\u1ecdng ng\u1ecdt ng\u00e0o v\u00e0 qu\u1ea3 h\u1ea1ch t\u1eeb hoa bia t\u1ea1o n\u00ean tr\u1ea3i nghi\u1ec7m m\u1ea1nh m\u1ebd kh\u1ed5ng l\u1ed3 c\u00f3 m\u1ed9t kh\u00f4ng hai.<\/p>\n<p>\u2014\u2013<br \/>\nXem th\u01b0 vi\u1ec7n h\u00ecnh \u1ea3nh \u0111\u1ec3 bi\u1ebft th\u00eam th\u00f4ng tin chi ti\u1ebft v\u1ec1 ngu\u1ed3n g\u1ed1c, th\u00e0nh ph\u1ea7n v\u00e0 h\u01b0\u1edbng d\u1eabn s\u1eed d\u1ee5ng c\u1ee7a s\u1ea3n ph\u1ea9m.<\/p>\n","protected":false},"excerpt":{"rendered":"<p><strong>M\u1ea1nh m\u1ebd, \u0110\u1eadm \u0111\u00e0, \u0110\u1ed9c \u0111\u00e1o 13%<\/strong><\/p>\n","protected":false},"featured_media":18695,"comment_status":"open","ping_status":"closed","template":"","meta":{"_acf_changed":false},"product_brand":[],"product_cat":[395,337,340,381,349,373,342,351,366,345,377,339,341,352,360,369],"product_tag":[],"class_list":{"0":"post-18681","1":"product","2":"type-product","3":"status-publish","4":"has-post-thumbnail","6":"product_cat-barell-aged","7":"product_cat-bia-va-cider","8":"product_cat-vietnam-hcmc","9":"product_cat-60-79","10":"product_cat-1-0-2-5","11":"product_cat-200k-499k","12":"product_cat-chai-330-ml","13":"product_cat-dong-bia","14":"product_cat-nha-san-xuat","15":"product_cat-abv-vi","16":"product_cat-ibu","17":"product_cat-xuat-xu","18":"product_cat-dong-goi","19":"product_cat-gia","20":"product_cat-stout-porter","21":"product_cat-heart-of-darkness","23":"first","24":"outofstock","25":"shipping-taxable","26":"purchasable","27":"product-type-simple","28":"add-to-wishlist-before_image"},"acf":[],"yoast_head":"<!-- This site is optimized with the Yoast SEO plugin v27.2 - https:\/\/yoast.com\/product\/yoast-seo-wordpress\/ -->\n<title>Heart of Darkness The Wraith Barrel-aged Stout - The Bottle Shop<\/title>\n<meta name=\"description\" content=\"Heart of Darkness The Wraith Barrel-aged Stout l\u00e0 m\u1ed9t s\u1ef1 h\u1ee3p t\u00e1c c\u00f9ng Yakima Chief Hops \u0111\u1ec3 bi\u1ebfn t\u1ea5u d\u00f2ng bia stout \u1ee7 th\u00f9ng g\u1ed7.\" \/>\n<meta name=\"robots\" content=\"index, follow, max-snippet:-1, max-image-preview:large, max-video-preview:-1\" \/>\n<link rel=\"canonical\" href=\"http:\/\/52.77.24.187\/vi\/san-pham\/hod-the-wraith-barrel-aged-stout\/\" \/>\n<meta property=\"og:locale\" content=\"vi_VN\" \/>\n<meta property=\"og:type\" content=\"article\" \/>\n<meta property=\"og:title\" content=\"Heart of Darkness The Wraith Barrel-aged Stout - The Bottle Shop\" \/>\n<meta property=\"og:description\" content=\"Heart of Darkness The Wraith Barrel-aged Stout l\u00e0 m\u1ed9t s\u1ef1 h\u1ee3p t\u00e1c c\u00f9ng Yakima Chief Hops \u0111\u1ec3 bi\u1ebfn t\u1ea5u d\u00f2ng bia stout \u1ee7 th\u00f9ng g\u1ed7.\" \/>\n<meta property=\"og:url\" content=\"http:\/\/52.77.24.187\/vi\/san-pham\/hod-the-wraith-barrel-aged-stout\/\" \/>\n<meta property=\"og:site_name\" content=\"The Bottle Shop\" \/>\n<meta property=\"article:publisher\" content=\"https:\/\/www.facebook.com\/thebottleshopvietnam\" \/>\n<meta property=\"article:modified_time\" content=\"2024-04-16T00:53:14+00:00\" \/>\n<meta property=\"og:image\" content=\"https:\/\/mlsrfcxkkbzg.i.optimole.com\/cb:JbP2.215d7\/w:auto\/h:auto\/q:mauto\/ig:avif\/http:\/\/52.77.24.187\/wp-content\/uploads\/2023\/12\/HoD-The-Wraith-Barrel-aged-Stout.png\" \/>\n\t<meta property=\"og:image:width\" content=\"1080\" \/>\n\t<meta property=\"og:image:height\" content=\"1080\" \/>\n\t<meta property=\"og:image:type\" content=\"image\/png\" \/>\n<meta name=\"twitter:card\" content=\"summary_large_image\" \/>\n<meta name=\"twitter:label1\" content=\"Est. reading time\" \/>\n\t<meta name=\"twitter:data1\" content=\"1 minute\" \/>\n<script type=\"application\/ld+json\" class=\"yoast-schema-graph\">{\"@context\":\"https:\/\/schema.org\",\"@graph\":[{\"@type\":\"WebPage\",\"@id\":\"http:\/\/52.77.24.187\/vi\/san-pham\/hod-the-wraith-barrel-aged-stout\/\",\"url\":\"http:\/\/52.77.24.187\/vi\/san-pham\/hod-the-wraith-barrel-aged-stout\/\",\"name\":\"Heart of Darkness The Wraith Barrel-aged Stout - The Bottle Shop\",\"isPartOf\":{\"@id\":\"http:\/\/52.77.24.187\/#website\"},\"primaryImageOfPage\":{\"@id\":\"http:\/\/52.77.24.187\/vi\/san-pham\/hod-the-wraith-barrel-aged-stout\/#primaryimage\"},\"image\":{\"@id\":\"http:\/\/52.77.24.187\/vi\/san-pham\/hod-the-wraith-barrel-aged-stout\/#primaryimage\"},\"thumbnailUrl\":\"https:\/\/mlsrfcxkkbzg.i.optimole.com\/cb:JbP2.215d7\/w:auto\/h:auto\/q:mauto\/ig:avif\/https:\/\/thebottleshop.vn\/wp-content\/uploads\/2023\/12\/HoD-The-Wraith-Barrel-aged-Stout.png\",\"datePublished\":\"2023-12-11T09:03:38+00:00\",\"dateModified\":\"2024-04-16T00:53:14+00:00\",\"description\":\"Heart of Darkness The Wraith Barrel-aged Stout l\u00e0 m\u1ed9t s\u1ef1 h\u1ee3p t\u00e1c c\u00f9ng Yakima Chief Hops \u0111\u1ec3 bi\u1ebfn t\u1ea5u d\u00f2ng bia stout \u1ee7 th\u00f9ng g\u1ed7.\",\"breadcrumb\":{\"@id\":\"http:\/\/52.77.24.187\/vi\/san-pham\/hod-the-wraith-barrel-aged-stout\/#breadcrumb\"},\"inLanguage\":\"vi-VN\",\"potentialAction\":[{\"@type\":\"ReadAction\",\"target\":[\"http:\/\/52.77.24.187\/vi\/san-pham\/hod-the-wraith-barrel-aged-stout\/\"]}]},{\"@type\":\"ImageObject\",\"inLanguage\":\"vi-VN\",\"@id\":\"http:\/\/52.77.24.187\/vi\/san-pham\/hod-the-wraith-barrel-aged-stout\/#primaryimage\",\"url\":\"https:\/\/mlsrfcxkkbzg.i.optimole.com\/cb:JbP2.215d7\/w:auto\/h:auto\/q:mauto\/ig:avif\/https:\/\/thebottleshop.vn\/wp-content\/uploads\/2023\/12\/HoD-The-Wraith-Barrel-aged-Stout.png\",\"contentUrl\":\"https:\/\/mlsrfcxkkbzg.i.optimole.com\/cb:JbP2.215d7\/w:auto\/h:auto\/q:mauto\/ig:avif\/https:\/\/thebottleshop.vn\/wp-content\/uploads\/2023\/12\/HoD-The-Wraith-Barrel-aged-Stout.png\",\"width\":1080,\"height\":1080,\"caption\":\"Heart of Darkness The Wraith Barrel-aged Stout\"},{\"@type\":\"BreadcrumbList\",\"@id\":\"http:\/\/52.77.24.187\/vi\/san-pham\/hod-the-wraith-barrel-aged-stout\/#breadcrumb\",\"itemListElement\":[{\"@type\":\"ListItem\",\"position\":1,\"name\":\"Home\",\"item\":\"http:\/\/52.77.24.187\/vi\/test-popup-vi\/\"},{\"@type\":\"ListItem\",\"position\":2,\"name\":\"C\u1eeda h\u00e0ng\",\"item\":\"http:\/\/52.77.24.187\/vi\/cua-hang\/\"},{\"@type\":\"ListItem\",\"position\":3,\"name\":\"Heart of Darkness The Wraith Barrel-aged Stout\"}]},{\"@type\":\"WebSite\",\"@id\":\"http:\/\/52.77.24.187\/#website\",\"url\":\"http:\/\/52.77.24.187\/\",\"name\":\"The Bottle Shop\",\"description\":\"All beers are not created equal\",\"publisher\":{\"@id\":\"http:\/\/52.77.24.187\/#organization\"},\"potentialAction\":[{\"@type\":\"SearchAction\",\"target\":{\"@type\":\"EntryPoint\",\"urlTemplate\":\"http:\/\/52.77.24.187\/?s={search_term_string}\"},\"query-input\":{\"@type\":\"PropertyValueSpecification\",\"valueRequired\":true,\"valueName\":\"search_term_string\"}}],\"inLanguage\":\"vi-VN\"},{\"@type\":\"Organization\",\"@id\":\"http:\/\/52.77.24.187\/#organization\",\"name\":\"The Bottle Shop\",\"url\":\"http:\/\/52.77.24.187\/\",\"logo\":{\"@type\":\"ImageObject\",\"inLanguage\":\"vi-VN\",\"@id\":\"http:\/\/52.77.24.187\/#\/schema\/logo\/image\/\",\"url\":\"https:\/\/mlsrfcxkkbzg.i.optimole.com\/cb:JbP2.215d7\/w:auto\/h:auto\/q:mauto\/ig:avif\/https:\/\/thebottleshop.vn\/wp-content\/uploads\/2022\/10\/The-Bottle-Shop-Online-Logo.png\",\"contentUrl\":\"https:\/\/mlsrfcxkkbzg.i.optimole.com\/cb:JbP2.215d7\/w:auto\/h:auto\/q:mauto\/ig:avif\/https:\/\/thebottleshop.vn\/wp-content\/uploads\/2022\/10\/The-Bottle-Shop-Online-Logo.png\",\"width\":145,\"height\":147,\"caption\":\"The Bottle Shop\"},\"image\":{\"@id\":\"http:\/\/52.77.24.187\/#\/schema\/logo\/image\/\"},\"sameAs\":[\"https:\/\/www.facebook.com\/thebottleshopvietnam\",\"https:\/\/www.instagram.com\/thebottleshop_vietnam\/\"]}]}<\/script>\n<!-- \/ Yoast SEO plugin. -->","yoast_head_json":{"title":"Heart of Darkness The Wraith Barrel-aged Stout - The Bottle Shop","description":"Heart of Darkness The Wraith Barrel-aged Stout l\u00e0 m\u1ed9t s\u1ef1 h\u1ee3p t\u00e1c c\u00f9ng Yakima Chief Hops \u0111\u1ec3 bi\u1ebfn t\u1ea5u d\u00f2ng bia stout \u1ee7 th\u00f9ng g\u1ed7.","robots":{"index":"index","follow":"follow","max-snippet":"max-snippet:-1","max-image-preview":"max-image-preview:large","max-video-preview":"max-video-preview:-1"},"canonical":"http:\/\/52.77.24.187\/vi\/san-pham\/hod-the-wraith-barrel-aged-stout\/","og_locale":"vi_VN","og_type":"article","og_title":"Heart of Darkness The Wraith Barrel-aged Stout - The Bottle Shop","og_description":"Heart of Darkness The Wraith Barrel-aged Stout l\u00e0 m\u1ed9t s\u1ef1 h\u1ee3p t\u00e1c c\u00f9ng Yakima Chief Hops \u0111\u1ec3 bi\u1ebfn t\u1ea5u d\u00f2ng bia stout \u1ee7 th\u00f9ng g\u1ed7.","og_url":"http:\/\/52.77.24.187\/vi\/san-pham\/hod-the-wraith-barrel-aged-stout\/","og_site_name":"The Bottle Shop","article_publisher":"https:\/\/www.facebook.com\/thebottleshopvietnam","article_modified_time":"2024-04-16T00:53:14+00:00","og_image":[{"width":1080,"height":1080,"url":"https:\/\/mlsrfcxkkbzg.i.optimole.com\/cb:JbP2.215d7\/w:auto\/h:auto\/q:mauto\/ig:avif\/http:\/\/52.77.24.187\/wp-content\/uploads\/2023\/12\/HoD-The-Wraith-Barrel-aged-Stout.png","type":"image\/png"}],"twitter_card":"summary_large_image","twitter_misc":{"Est. reading time":"1 minute"},"schema":{"@context":"https:\/\/schema.org","@graph":[{"@type":"WebPage","@id":"http:\/\/52.77.24.187\/vi\/san-pham\/hod-the-wraith-barrel-aged-stout\/","url":"http:\/\/52.77.24.187\/vi\/san-pham\/hod-the-wraith-barrel-aged-stout\/","name":"Heart of Darkness The Wraith Barrel-aged Stout - The Bottle Shop","isPartOf":{"@id":"http:\/\/52.77.24.187\/#website"},"primaryImageOfPage":{"@id":"http:\/\/52.77.24.187\/vi\/san-pham\/hod-the-wraith-barrel-aged-stout\/#primaryimage"},"image":{"@id":"http:\/\/52.77.24.187\/vi\/san-pham\/hod-the-wraith-barrel-aged-stout\/#primaryimage"},"thumbnailUrl":"https:\/\/mlsrfcxkkbzg.i.optimole.com\/cb:JbP2.215d7\/w:auto\/h:auto\/q:mauto\/ig:avif\/https:\/\/thebottleshop.vn\/wp-content\/uploads\/2023\/12\/HoD-The-Wraith-Barrel-aged-Stout.png","datePublished":"2023-12-11T09:03:38+00:00","dateModified":"2024-04-16T00:53:14+00:00","description":"Heart of Darkness The Wraith Barrel-aged Stout l\u00e0 m\u1ed9t s\u1ef1 h\u1ee3p t\u00e1c c\u00f9ng Yakima Chief Hops \u0111\u1ec3 bi\u1ebfn t\u1ea5u d\u00f2ng bia stout \u1ee7 th\u00f9ng g\u1ed7.","breadcrumb":{"@id":"http:\/\/52.77.24.187\/vi\/san-pham\/hod-the-wraith-barrel-aged-stout\/#breadcrumb"},"inLanguage":"vi-VN","potentialAction":[{"@type":"ReadAction","target":["http:\/\/52.77.24.187\/vi\/san-pham\/hod-the-wraith-barrel-aged-stout\/"]}]},{"@type":"ImageObject","inLanguage":"vi-VN","@id":"http:\/\/52.77.24.187\/vi\/san-pham\/hod-the-wraith-barrel-aged-stout\/#primaryimage","url":"https:\/\/mlsrfcxkkbzg.i.optimole.com\/cb:JbP2.215d7\/w:auto\/h:auto\/q:mauto\/ig:avif\/https:\/\/thebottleshop.vn\/wp-content\/uploads\/2023\/12\/HoD-The-Wraith-Barrel-aged-Stout.png","contentUrl":"https:\/\/mlsrfcxkkbzg.i.optimole.com\/cb:JbP2.215d7\/w:auto\/h:auto\/q:mauto\/ig:avif\/https:\/\/thebottleshop.vn\/wp-content\/uploads\/2023\/12\/HoD-The-Wraith-Barrel-aged-Stout.png","width":1080,"height":1080,"caption":"Heart of Darkness The Wraith Barrel-aged Stout"},{"@type":"BreadcrumbList","@id":"http:\/\/52.77.24.187\/vi\/san-pham\/hod-the-wraith-barrel-aged-stout\/#breadcrumb","itemListElement":[{"@type":"ListItem","position":1,"name":"Home","item":"http:\/\/52.77.24.187\/vi\/test-popup-vi\/"},{"@type":"ListItem","position":2,"name":"C\u1eeda h\u00e0ng","item":"http:\/\/52.77.24.187\/vi\/cua-hang\/"},{"@type":"ListItem","position":3,"name":"Heart of Darkness The Wraith Barrel-aged Stout"}]},{"@type":"WebSite","@id":"http:\/\/52.77.24.187\/#website","url":"http:\/\/52.77.24.187\/","name":"The Bottle Shop","description":"All beers are not created equal","publisher":{"@id":"http:\/\/52.77.24.187\/#organization"},"potentialAction":[{"@type":"SearchAction","target":{"@type":"EntryPoint","urlTemplate":"http:\/\/52.77.24.187\/?s={search_term_string}"},"query-input":{"@type":"PropertyValueSpecification","valueRequired":true,"valueName":"search_term_string"}}],"inLanguage":"vi-VN"},{"@type":"Organization","@id":"http:\/\/52.77.24.187\/#organization","name":"The Bottle Shop","url":"http:\/\/52.77.24.187\/","logo":{"@type":"ImageObject","inLanguage":"vi-VN","@id":"http:\/\/52.77.24.187\/#\/schema\/logo\/image\/","url":"https:\/\/mlsrfcxkkbzg.i.optimole.com\/cb:JbP2.215d7\/w:auto\/h:auto\/q:mauto\/ig:avif\/https:\/\/thebottleshop.vn\/wp-content\/uploads\/2022\/10\/The-Bottle-Shop-Online-Logo.png","contentUrl":"https:\/\/mlsrfcxkkbzg.i.optimole.com\/cb:JbP2.215d7\/w:auto\/h:auto\/q:mauto\/ig:avif\/https:\/\/thebottleshop.vn\/wp-content\/uploads\/2022\/10\/The-Bottle-Shop-Online-Logo.png","width":145,"height":147,"caption":"The Bottle Shop"},"image":{"@id":"http:\/\/52.77.24.187\/#\/schema\/logo\/image\/"},"sameAs":["https:\/\/www.facebook.com\/thebottleshopvietnam","https:\/\/www.instagram.com\/thebottleshop_vietnam\/"]}]}},"_links":{"self":[{"href":"https:\/\/thebottleshop.vn\/vi\/wp-json\/wp\/v2\/product\/18681","targetHints":{"allow":["GET"]}}],"collection":[{"href":"https:\/\/thebottleshop.vn\/vi\/wp-json\/wp\/v2\/product"}],"about":[{"href":"https:\/\/thebottleshop.vn\/vi\/wp-json\/wp\/v2\/types\/product"}],"replies":[{"embeddable":true,"href":"https:\/\/thebottleshop.vn\/vi\/wp-json\/wp\/v2\/comments?post=18681"}],"wp:featuredmedia":[{"embeddable":true,"href":"https:\/\/thebottleshop.vn\/vi\/wp-json\/wp\/v2\/media\/18695"}],"wp:attachment":[{"href":"https:\/\/thebottleshop.vn\/vi\/wp-json\/wp\/v2\/media?parent=18681"}],"wp:term":[{"taxonomy":"product_brand","embeddable":true,"href":"https:\/\/thebottleshop.vn\/vi\/wp-json\/wp\/v2\/product_brand?post=18681"},{"taxonomy":"product_cat","embeddable":true,"href":"https:\/\/thebottleshop.vn\/vi\/wp-json\/wp\/v2\/product_cat?post=18681"},{"taxonomy":"product_tag","embeddable":true,"href":"https:\/\/thebottleshop.vn\/vi\/wp-json\/wp\/v2\/product_tag?post=18681"}],"curies":[{"name":"wp","href":"https:\/\/api.w.org\/{rel}","templated":true}]}}