{"id":18756,"date":"2023-12-27T16:09:34","date_gmt":"2023-12-27T09:12:34","guid":{"rendered":"https:\/\/thebottleshop.vn\/product\/mixtape-ai-hazy-love-ipa\/"},"modified":"2025-06-04T22:34:39","modified_gmt":"2025-06-04T15:34:39","slug":"mixtape-ai-hazy-love-ipa","status":"publish","type":"product","link":"https:\/\/thebottleshop.vn\/vi\/san-pham\/mixtape-ai-hazy-love-ipa\/","title":{"rendered":"MixTape \u00c1i Hazy Love IPA"},"content":{"rendered":"<p>MixTape \u00c1i Hazy Love IPA l\u00e0 m\u1ed9t qu\u1ea3 bom kh\u00f3i l\u1edbn, \u0111\u1eadm \u0111\u00e0. \u0110\u01b0\u1ee3c \u0111\u00f3ng g\u00f3i \u0111\u1ea7y \u0111\u1ee7 hoa bia \u00dac v\u00e0 M\u1ef9, m\u1ea1ch nha B\u1ec9 v\u00e0 men Anh, \u0111\u00e2y l\u00e0 m\u1ed9t m\u1ed1i t\u00ecnh qu\u1ed1c t\u1ebf th\u1ef1c s\u1ef1 trong m\u1ed9t lon. <\/p>\n<p>\u2014\u2013<br \/>\nXem th\u01b0 vi\u1ec7n h\u00ecnh \u1ea3nh \u0111\u1ec3 bi\u1ebft th\u00eam th\u00f4ng tin chi ti\u1ebft v\u1ec1 ngu\u1ed3n g\u1ed1c, th\u00e0nh ph\u1ea7n v\u00e0 h\u01b0\u1edbng d\u1eabn s\u1eed d\u1ee5ng c\u1ee7a s\u1ea3n ph\u1ea9m.<\/p>\n","protected":false},"excerpt":{"rendered":"<p><strong>Nhi\u1ec7t \u0111\u1edbi, Hazy, C\u0103ng m\u1ecdng 7.77%<\/strong><\/p>\n","protected":false},"featured_media":18794,"comment_status":"open","ping_status":"closed","template":"","meta":{"_acf_changed":false},"product_brand":[],"product_cat":[337,340,348,423,351,366,345,339,341,352,359,344,387,461],"product_tag":[],"class_list":{"0":"post-18756","1":"product","2":"type-product","3":"status-publish","4":"has-post-thumbnail","6":"product_cat-bia-va-cider","7":"product_cat-vietnam-hcmc","8":"product_cat-6-7-9","9":"product_cat-100k-149k","10":"product_cat-dong-bia","11":"product_cat-nha-san-xuat","12":"product_cat-abv-vi","13":"product_cat-xuat-xu","14":"product_cat-dong-goi","15":"product_cat-gia","16":"product_cat-ipa","17":"product_cat-lon-330-ml","18":"product_cat-thung-24-lon","19":"product_cat-mixtape-drinks","20":"pa_pack_type-can-330ml-vi","21":"pa_pack_type-thung-24","23":"first","24":"outofstock","25":"shipping-taxable","26":"product-type-variable","27":"has-default-attributes","28":"add-to-wishlist-before_image"},"acf":[],"yoast_head":"<!-- This site is optimized with the Yoast SEO plugin v27.2 - https:\/\/yoast.com\/product\/yoast-seo-wordpress\/ -->\n<title>MixTape \u00c1i Hazy Love IPA - The Bottle Shop<\/title>\n<meta name=\"description\" content=\"MixTape \u00c1i Hazy Love IPA l\u00e0 lo\u1ea1i bia c\u00f3 h\u01b0\u01a1ng v\u1ecb nhi\u1ec7t \u0111\u1edbi, n\u1ed3ng n\u00e0n, ngon ng\u1ecdt.\" \/>\n<meta name=\"robots\" content=\"index, follow, max-snippet:-1, max-image-preview:large, max-video-preview:-1\" \/>\n<link rel=\"canonical\" href=\"http:\/\/52.77.24.187\/vi\/san-pham\/mixtape-ai-hazy-love-ipa\/\" \/>\n<meta property=\"og:locale\" content=\"vi_VN\" \/>\n<meta property=\"og:type\" content=\"article\" \/>\n<meta property=\"og:title\" content=\"MixTape \u00c1i Hazy Love IPA - The Bottle Shop\" \/>\n<meta property=\"og:description\" content=\"MixTape \u00c1i Hazy Love IPA l\u00e0 lo\u1ea1i bia c\u00f3 h\u01b0\u01a1ng v\u1ecb nhi\u1ec7t \u0111\u1edbi, n\u1ed3ng n\u00e0n, ngon ng\u1ecdt.\" \/>\n<meta property=\"og:url\" content=\"http:\/\/52.77.24.187\/vi\/san-pham\/mixtape-ai-hazy-love-ipa\/\" \/>\n<meta property=\"og:site_name\" content=\"The Bottle Shop\" \/>\n<meta property=\"article:publisher\" content=\"https:\/\/www.facebook.com\/thebottleshopvietnam\" \/>\n<meta property=\"article:modified_time\" content=\"2025-06-04T15:34:39+00:00\" \/>\n<meta property=\"og:image\" content=\"https:\/\/mlsrfcxkkbzg.i.optimole.com\/cb:JbP2.215d7\/w:auto\/h:auto\/q:mauto\/ig:avif\/http:\/\/52.77.24.187\/wp-content\/uploads\/2023\/12\/MixTape-Ai-Hazy-Love-IPA.png\" \/>\n\t<meta property=\"og:image:width\" content=\"1080\" \/>\n\t<meta property=\"og:image:height\" content=\"1080\" \/>\n\t<meta property=\"og:image:type\" content=\"image\/png\" \/>\n<meta name=\"twitter:card\" content=\"summary_large_image\" \/>\n<meta name=\"twitter:label1\" content=\"Est. reading time\" \/>\n\t<meta name=\"twitter:data1\" content=\"1 minute\" \/>\n<script type=\"application\/ld+json\" class=\"yoast-schema-graph\">{\"@context\":\"https:\/\/schema.org\",\"@graph\":[{\"@type\":\"WebPage\",\"@id\":\"http:\/\/52.77.24.187\/vi\/san-pham\/mixtape-ai-hazy-love-ipa\/\",\"url\":\"http:\/\/52.77.24.187\/vi\/san-pham\/mixtape-ai-hazy-love-ipa\/\",\"name\":\"MixTape \u00c1i Hazy Love IPA - The Bottle Shop\",\"isPartOf\":{\"@id\":\"http:\/\/52.77.24.187\/#website\"},\"primaryImageOfPage\":{\"@id\":\"http:\/\/52.77.24.187\/vi\/san-pham\/mixtape-ai-hazy-love-ipa\/#primaryimage\"},\"image\":{\"@id\":\"http:\/\/52.77.24.187\/vi\/san-pham\/mixtape-ai-hazy-love-ipa\/#primaryimage\"},\"thumbnailUrl\":\"https:\/\/mlsrfcxkkbzg.i.optimole.com\/cb:JbP2.215d7\/w:auto\/h:auto\/q:mauto\/ig:avif\/https:\/\/thebottleshop.vn\/wp-content\/uploads\/2023\/12\/MixTape-Ai-Hazy-Love-IPA.png\",\"datePublished\":\"2023-12-27T09:12:34+00:00\",\"dateModified\":\"2025-06-04T15:34:39+00:00\",\"description\":\"MixTape \u00c1i Hazy Love IPA l\u00e0 lo\u1ea1i bia c\u00f3 h\u01b0\u01a1ng v\u1ecb nhi\u1ec7t \u0111\u1edbi, n\u1ed3ng n\u00e0n, ngon ng\u1ecdt.\",\"breadcrumb\":{\"@id\":\"http:\/\/52.77.24.187\/vi\/san-pham\/mixtape-ai-hazy-love-ipa\/#breadcrumb\"},\"inLanguage\":\"vi-VN\",\"potentialAction\":[{\"@type\":\"ReadAction\",\"target\":[\"http:\/\/52.77.24.187\/vi\/san-pham\/mixtape-ai-hazy-love-ipa\/\"]}]},{\"@type\":\"ImageObject\",\"inLanguage\":\"vi-VN\",\"@id\":\"http:\/\/52.77.24.187\/vi\/san-pham\/mixtape-ai-hazy-love-ipa\/#primaryimage\",\"url\":\"https:\/\/mlsrfcxkkbzg.i.optimole.com\/cb:JbP2.215d7\/w:auto\/h:auto\/q:mauto\/ig:avif\/https:\/\/thebottleshop.vn\/wp-content\/uploads\/2023\/12\/MixTape-Ai-Hazy-Love-IPA.png\",\"contentUrl\":\"https:\/\/mlsrfcxkkbzg.i.optimole.com\/cb:JbP2.215d7\/w:auto\/h:auto\/q:mauto\/ig:avif\/https:\/\/thebottleshop.vn\/wp-content\/uploads\/2023\/12\/MixTape-Ai-Hazy-Love-IPA.png\",\"width\":1080,\"height\":1080,\"caption\":\"MixTape \u00c1i Hazy Love IPA\"},{\"@type\":\"BreadcrumbList\",\"@id\":\"http:\/\/52.77.24.187\/vi\/san-pham\/mixtape-ai-hazy-love-ipa\/#breadcrumb\",\"itemListElement\":[{\"@type\":\"ListItem\",\"position\":1,\"name\":\"Home\",\"item\":\"http:\/\/52.77.24.187\/vi\/test-popup-vi\/\"},{\"@type\":\"ListItem\",\"position\":2,\"name\":\"C\u1eeda h\u00e0ng\",\"item\":\"http:\/\/52.77.24.187\/vi\/cua-hang\/\"},{\"@type\":\"ListItem\",\"position\":3,\"name\":\"MixTape \u00c1i Hazy Love IPA\"}]},{\"@type\":\"WebSite\",\"@id\":\"http:\/\/52.77.24.187\/#website\",\"url\":\"http:\/\/52.77.24.187\/\",\"name\":\"The Bottle Shop\",\"description\":\"All beers are not created equal\",\"publisher\":{\"@id\":\"http:\/\/52.77.24.187\/#organization\"},\"potentialAction\":[{\"@type\":\"SearchAction\",\"target\":{\"@type\":\"EntryPoint\",\"urlTemplate\":\"http:\/\/52.77.24.187\/?s={search_term_string}\"},\"query-input\":{\"@type\":\"PropertyValueSpecification\",\"valueRequired\":true,\"valueName\":\"search_term_string\"}}],\"inLanguage\":\"vi-VN\"},{\"@type\":\"Organization\",\"@id\":\"http:\/\/52.77.24.187\/#organization\",\"name\":\"The Bottle Shop\",\"url\":\"http:\/\/52.77.24.187\/\",\"logo\":{\"@type\":\"ImageObject\",\"inLanguage\":\"vi-VN\",\"@id\":\"http:\/\/52.77.24.187\/#\/schema\/logo\/image\/\",\"url\":\"https:\/\/mlsrfcxkkbzg.i.optimole.com\/cb:JbP2.215d7\/w:auto\/h:auto\/q:mauto\/ig:avif\/https:\/\/thebottleshop.vn\/wp-content\/uploads\/2022\/10\/The-Bottle-Shop-Online-Logo.png\",\"contentUrl\":\"https:\/\/mlsrfcxkkbzg.i.optimole.com\/cb:JbP2.215d7\/w:auto\/h:auto\/q:mauto\/ig:avif\/https:\/\/thebottleshop.vn\/wp-content\/uploads\/2022\/10\/The-Bottle-Shop-Online-Logo.png\",\"width\":145,\"height\":147,\"caption\":\"The Bottle Shop\"},\"image\":{\"@id\":\"http:\/\/52.77.24.187\/#\/schema\/logo\/image\/\"},\"sameAs\":[\"https:\/\/www.facebook.com\/thebottleshopvietnam\",\"https:\/\/www.instagram.com\/thebottleshop_vietnam\/\"]}]}<\/script>\n<!-- \/ Yoast SEO plugin. -->","yoast_head_json":{"title":"MixTape \u00c1i Hazy Love IPA - The Bottle Shop","description":"MixTape \u00c1i Hazy Love IPA l\u00e0 lo\u1ea1i bia c\u00f3 h\u01b0\u01a1ng v\u1ecb nhi\u1ec7t \u0111\u1edbi, n\u1ed3ng n\u00e0n, ngon ng\u1ecdt.","robots":{"index":"index","follow":"follow","max-snippet":"max-snippet:-1","max-image-preview":"max-image-preview:large","max-video-preview":"max-video-preview:-1"},"canonical":"http:\/\/52.77.24.187\/vi\/san-pham\/mixtape-ai-hazy-love-ipa\/","og_locale":"vi_VN","og_type":"article","og_title":"MixTape \u00c1i Hazy Love IPA - The Bottle Shop","og_description":"MixTape \u00c1i Hazy Love IPA l\u00e0 lo\u1ea1i bia c\u00f3 h\u01b0\u01a1ng v\u1ecb nhi\u1ec7t \u0111\u1edbi, n\u1ed3ng n\u00e0n, ngon ng\u1ecdt.","og_url":"http:\/\/52.77.24.187\/vi\/san-pham\/mixtape-ai-hazy-love-ipa\/","og_site_name":"The Bottle Shop","article_publisher":"https:\/\/www.facebook.com\/thebottleshopvietnam","article_modified_time":"2025-06-04T15:34:39+00:00","og_image":[{"width":1080,"height":1080,"url":"https:\/\/mlsrfcxkkbzg.i.optimole.com\/cb:JbP2.215d7\/w:auto\/h:auto\/q:mauto\/ig:avif\/http:\/\/52.77.24.187\/wp-content\/uploads\/2023\/12\/MixTape-Ai-Hazy-Love-IPA.png","type":"image\/png"}],"twitter_card":"summary_large_image","twitter_misc":{"Est. reading time":"1 minute"},"schema":{"@context":"https:\/\/schema.org","@graph":[{"@type":"WebPage","@id":"http:\/\/52.77.24.187\/vi\/san-pham\/mixtape-ai-hazy-love-ipa\/","url":"http:\/\/52.77.24.187\/vi\/san-pham\/mixtape-ai-hazy-love-ipa\/","name":"MixTape \u00c1i Hazy Love IPA - The Bottle Shop","isPartOf":{"@id":"http:\/\/52.77.24.187\/#website"},"primaryImageOfPage":{"@id":"http:\/\/52.77.24.187\/vi\/san-pham\/mixtape-ai-hazy-love-ipa\/#primaryimage"},"image":{"@id":"http:\/\/52.77.24.187\/vi\/san-pham\/mixtape-ai-hazy-love-ipa\/#primaryimage"},"thumbnailUrl":"https:\/\/mlsrfcxkkbzg.i.optimole.com\/cb:JbP2.215d7\/w:auto\/h:auto\/q:mauto\/ig:avif\/https:\/\/thebottleshop.vn\/wp-content\/uploads\/2023\/12\/MixTape-Ai-Hazy-Love-IPA.png","datePublished":"2023-12-27T09:12:34+00:00","dateModified":"2025-06-04T15:34:39+00:00","description":"MixTape \u00c1i Hazy Love IPA l\u00e0 lo\u1ea1i bia c\u00f3 h\u01b0\u01a1ng v\u1ecb nhi\u1ec7t \u0111\u1edbi, n\u1ed3ng n\u00e0n, ngon ng\u1ecdt.","breadcrumb":{"@id":"http:\/\/52.77.24.187\/vi\/san-pham\/mixtape-ai-hazy-love-ipa\/#breadcrumb"},"inLanguage":"vi-VN","potentialAction":[{"@type":"ReadAction","target":["http:\/\/52.77.24.187\/vi\/san-pham\/mixtape-ai-hazy-love-ipa\/"]}]},{"@type":"ImageObject","inLanguage":"vi-VN","@id":"http:\/\/52.77.24.187\/vi\/san-pham\/mixtape-ai-hazy-love-ipa\/#primaryimage","url":"https:\/\/mlsrfcxkkbzg.i.optimole.com\/cb:JbP2.215d7\/w:auto\/h:auto\/q:mauto\/ig:avif\/https:\/\/thebottleshop.vn\/wp-content\/uploads\/2023\/12\/MixTape-Ai-Hazy-Love-IPA.png","contentUrl":"https:\/\/mlsrfcxkkbzg.i.optimole.com\/cb:JbP2.215d7\/w:auto\/h:auto\/q:mauto\/ig:avif\/https:\/\/thebottleshop.vn\/wp-content\/uploads\/2023\/12\/MixTape-Ai-Hazy-Love-IPA.png","width":1080,"height":1080,"caption":"MixTape \u00c1i Hazy Love IPA"},{"@type":"BreadcrumbList","@id":"http:\/\/52.77.24.187\/vi\/san-pham\/mixtape-ai-hazy-love-ipa\/#breadcrumb","itemListElement":[{"@type":"ListItem","position":1,"name":"Home","item":"http:\/\/52.77.24.187\/vi\/test-popup-vi\/"},{"@type":"ListItem","position":2,"name":"C\u1eeda h\u00e0ng","item":"http:\/\/52.77.24.187\/vi\/cua-hang\/"},{"@type":"ListItem","position":3,"name":"MixTape \u00c1i Hazy Love IPA"}]},{"@type":"WebSite","@id":"http:\/\/52.77.24.187\/#website","url":"http:\/\/52.77.24.187\/","name":"The Bottle Shop","description":"All beers are not created equal","publisher":{"@id":"http:\/\/52.77.24.187\/#organization"},"potentialAction":[{"@type":"SearchAction","target":{"@type":"EntryPoint","urlTemplate":"http:\/\/52.77.24.187\/?s={search_term_string}"},"query-input":{"@type":"PropertyValueSpecification","valueRequired":true,"valueName":"search_term_string"}}],"inLanguage":"vi-VN"},{"@type":"Organization","@id":"http:\/\/52.77.24.187\/#organization","name":"The Bottle Shop","url":"http:\/\/52.77.24.187\/","logo":{"@type":"ImageObject","inLanguage":"vi-VN","@id":"http:\/\/52.77.24.187\/#\/schema\/logo\/image\/","url":"https:\/\/mlsrfcxkkbzg.i.optimole.com\/cb:JbP2.215d7\/w:auto\/h:auto\/q:mauto\/ig:avif\/https:\/\/thebottleshop.vn\/wp-content\/uploads\/2022\/10\/The-Bottle-Shop-Online-Logo.png","contentUrl":"https:\/\/mlsrfcxkkbzg.i.optimole.com\/cb:JbP2.215d7\/w:auto\/h:auto\/q:mauto\/ig:avif\/https:\/\/thebottleshop.vn\/wp-content\/uploads\/2022\/10\/The-Bottle-Shop-Online-Logo.png","width":145,"height":147,"caption":"The Bottle Shop"},"image":{"@id":"http:\/\/52.77.24.187\/#\/schema\/logo\/image\/"},"sameAs":["https:\/\/www.facebook.com\/thebottleshopvietnam","https:\/\/www.instagram.com\/thebottleshop_vietnam\/"]}]}},"_links":{"self":[{"href":"https:\/\/thebottleshop.vn\/vi\/wp-json\/wp\/v2\/product\/18756","targetHints":{"allow":["GET"]}}],"collection":[{"href":"https:\/\/thebottleshop.vn\/vi\/wp-json\/wp\/v2\/product"}],"about":[{"href":"https:\/\/thebottleshop.vn\/vi\/wp-json\/wp\/v2\/types\/product"}],"replies":[{"embeddable":true,"href":"https:\/\/thebottleshop.vn\/vi\/wp-json\/wp\/v2\/comments?post=18756"}],"wp:featuredmedia":[{"embeddable":true,"href":"https:\/\/thebottleshop.vn\/vi\/wp-json\/wp\/v2\/media\/18794"}],"wp:attachment":[{"href":"https:\/\/thebottleshop.vn\/vi\/wp-json\/wp\/v2\/media?parent=18756"}],"wp:term":[{"taxonomy":"product_brand","embeddable":true,"href":"https:\/\/thebottleshop.vn\/vi\/wp-json\/wp\/v2\/product_brand?post=18756"},{"taxonomy":"product_cat","embeddable":true,"href":"https:\/\/thebottleshop.vn\/vi\/wp-json\/wp\/v2\/product_cat?post=18756"},{"taxonomy":"product_tag","embeddable":true,"href":"https:\/\/thebottleshop.vn\/vi\/wp-json\/wp\/v2\/product_tag?post=18756"}],"curies":[{"name":"wp","href":"https:\/\/api.w.org\/{rel}","templated":true}]}}