{"id":18769,"date":"2023-12-27T20:08:20","date_gmt":"2023-12-27T13:08:20","guid":{"rendered":"https:\/\/thebottleshop.vn\/product\/ve-de-di-duo-giftbox\/"},"modified":"2025-12-17T21:42:26","modified_gmt":"2025-12-17T14:42:26","slug":"hop-qua-ve-de-di-duo","status":"publish","type":"product","link":"https:\/\/thebottleshop.vn\/vi\/san-pham\/hop-qua-ve-de-di-duo\/","title":{"rendered":"H\u1ed9p Qu\u00e0 V\u1ec1 \u0110\u1ec3 \u0110i"},"content":{"rendered":"<p>H\u1ed9p Qu\u00e0 V\u1ec1 \u0110\u1ec3 \u0110i. H\u1ed9p qu\u00e0 t\u1eb7ng sang tr\u1ecdng, s\u1eb5n s\u00e0ng \u0111\u1ec3 ch\u1ecdn 2 chai 350ml b\u1ea5t k\u1ef3 s\u1ea3n ph\u1ea9m n\u00e0o c\u1ee7a V\u1ec1 \u0110\u1ec3 \u0110i. C\u00f3 th\u1ec3 t\u1ef1 ch\u1ecdn v\u00e0 k\u1ebft h\u1ee3p c\u00e1c s\u1ea3n ph\u1ea9m theo \u00fd th\u00edch. M\u00f3n qu\u00e0 ho\u00e0n h\u1ea3o cho m\u1ecdi d\u1ecbp.   <\/p>\n<p>\u2014\u2013<br \/>\nXem th\u01b0 vi\u1ec7n h\u00ecnh \u1ea3nh \u0111\u1ec3 bi\u1ebft th\u00eam th\u00f4ng tin chi ti\u1ebft v\u1ec1 ngu\u1ed3n g\u1ed1c, th\u00e0nh ph\u1ea7n v\u00e0 h\u01b0\u1edbng d\u1eabn s\u1eed d\u1ee5ng c\u1ee7a s\u1ea3n ph\u1ea9m.<\/p>\n","protected":false},"excerpt":{"rendered":"<p><strong>H\u1ed9p Qu\u00e0 2x350ml<\/strong><\/p>\n","protected":false},"featured_media":18802,"comment_status":"open","ping_status":"closed","template":"","meta":{"_acf_changed":false},"product_brand":[],"product_cat":[390,338,373,388,412,345,339,341,352,364,371,608],"product_tag":[],"class_list":{"0":"post-18769","1":"product","2":"type-product","3":"status-publish","4":"has-post-thumbnail","6":"product_cat-vietnam-hanoi","7":"product_cat-ruou-va-ruou-vang","8":"product_cat-200k-499k","9":"product_cat-25-vi","10":"product_cat-do-luu-niem","11":"product_cat-abv-vi","12":"product_cat-xuat-xu","13":"product_cat-dong-goi","14":"product_cat-gia","15":"product_cat-dong-ruou","16":"product_cat-nha-san-xuat-ruou","17":"product_cat-ve-de-di-vi","19":"first","20":"instock","21":"shipping-taxable","22":"purchasable","23":"product-type-simple","24":"add-to-wishlist-before_image"},"acf":[],"yoast_head":"<!-- This site is optimized with the Yoast SEO plugin v27.2 - https:\/\/yoast.com\/product\/yoast-seo-wordpress\/ -->\n<title>H\u1ed9p Qu\u00e0 V\u1ec1 \u0110\u1ec3 \u0110i - The Bottle Shop<\/title>\n<meta name=\"description\" content=\"H\u1ed9p Qu\u00e0 V\u1ec1 \u0110\u1ec3 \u0110i. H\u1ed9p qu\u00e0 t\u1eb7ng sang tr\u1ecdng, s\u1eb5n s\u00e0ng \u0111\u1ec3 ch\u1ecdn 2 chai 350ml b\u1ea5t k\u1ef3 s\u1ea3n ph\u1ea9m n\u00e0o c\u1ee7a V\u1ec1 \u0110\u1ec3 \u0110i. M\u00f3n qu\u00e0 ho\u00e0n h\u1ea3o cho m\u1ecdi d\u1ecbp.\" \/>\n<meta name=\"robots\" content=\"index, follow, max-snippet:-1, max-image-preview:large, max-video-preview:-1\" \/>\n<link rel=\"canonical\" href=\"https:\/\/thebottleshop.vn\/vi\/san-pham\/hop-qua-ve-de-di-duo\/\" \/>\n<meta property=\"og:locale\" content=\"vi_VN\" \/>\n<meta property=\"og:type\" content=\"article\" \/>\n<meta property=\"og:title\" content=\"H\u1ed9p Qu\u00e0 V\u1ec1 \u0110\u1ec3 \u0110i - The Bottle Shop\" \/>\n<meta property=\"og:description\" content=\"H\u1ed9p Qu\u00e0 V\u1ec1 \u0110\u1ec3 \u0110i. H\u1ed9p qu\u00e0 t\u1eb7ng sang tr\u1ecdng, s\u1eb5n s\u00e0ng \u0111\u1ec3 ch\u1ecdn 2 chai 350ml b\u1ea5t k\u1ef3 s\u1ea3n ph\u1ea9m n\u00e0o c\u1ee7a V\u1ec1 \u0110\u1ec3 \u0110i. M\u00f3n qu\u00e0 ho\u00e0n h\u1ea3o cho m\u1ecdi d\u1ecbp.\" \/>\n<meta property=\"og:url\" content=\"https:\/\/thebottleshop.vn\/vi\/san-pham\/hop-qua-ve-de-di-duo\/\" \/>\n<meta property=\"og:site_name\" content=\"The Bottle Shop\" \/>\n<meta property=\"article:publisher\" content=\"https:\/\/www.facebook.com\/thebottleshopvietnam\" \/>\n<meta property=\"article:modified_time\" content=\"2025-12-17T14:42:26+00:00\" \/>\n<meta property=\"og:image\" content=\"https:\/\/mlsrfcxkkbzg.i.optimole.com\/cb:JbP2.215d7\/w:auto\/h:auto\/q:mauto\/ig:avif\/https:\/\/thebottleshop.vn\/wp-content\/uploads\/2023\/12\/Ve-De-Di-Giftbox.png\" \/>\n\t<meta property=\"og:image:width\" content=\"1080\" \/>\n\t<meta property=\"og:image:height\" content=\"1080\" \/>\n\t<meta property=\"og:image:type\" content=\"image\/png\" \/>\n<meta name=\"twitter:card\" content=\"summary_large_image\" \/>\n<meta name=\"twitter:label1\" content=\"Est. reading time\" \/>\n\t<meta name=\"twitter:data1\" content=\"1 minute\" \/>\n<script type=\"application\/ld+json\" class=\"yoast-schema-graph\">{\"@context\":\"https:\/\/schema.org\",\"@graph\":[{\"@type\":\"WebPage\",\"@id\":\"https:\/\/thebottleshop.vn\/vi\/san-pham\/hop-qua-ve-de-di-duo\/\",\"url\":\"https:\/\/thebottleshop.vn\/vi\/san-pham\/hop-qua-ve-de-di-duo\/\",\"name\":\"H\u1ed9p Qu\u00e0 V\u1ec1 \u0110\u1ec3 \u0110i - The Bottle Shop\",\"isPartOf\":{\"@id\":\"http:\/\/52.77.24.187\/#website\"},\"primaryImageOfPage\":{\"@id\":\"https:\/\/thebottleshop.vn\/vi\/san-pham\/hop-qua-ve-de-di-duo\/#primaryimage\"},\"image\":{\"@id\":\"https:\/\/thebottleshop.vn\/vi\/san-pham\/hop-qua-ve-de-di-duo\/#primaryimage\"},\"thumbnailUrl\":\"https:\/\/mlsrfcxkkbzg.i.optimole.com\/cb:JbP2.215d7\/w:auto\/h:auto\/q:mauto\/ig:avif\/https:\/\/thebottleshop.vn\/wp-content\/uploads\/2023\/12\/Ve-De-Di-Giftbox.png\",\"datePublished\":\"2023-12-27T13:08:20+00:00\",\"dateModified\":\"2025-12-17T14:42:26+00:00\",\"description\":\"H\u1ed9p Qu\u00e0 V\u1ec1 \u0110\u1ec3 \u0110i. H\u1ed9p qu\u00e0 t\u1eb7ng sang tr\u1ecdng, s\u1eb5n s\u00e0ng \u0111\u1ec3 ch\u1ecdn 2 chai 350ml b\u1ea5t k\u1ef3 s\u1ea3n ph\u1ea9m n\u00e0o c\u1ee7a V\u1ec1 \u0110\u1ec3 \u0110i. M\u00f3n qu\u00e0 ho\u00e0n h\u1ea3o cho m\u1ecdi d\u1ecbp.\",\"breadcrumb\":{\"@id\":\"https:\/\/thebottleshop.vn\/vi\/san-pham\/hop-qua-ve-de-di-duo\/#breadcrumb\"},\"inLanguage\":\"vi-VN\",\"potentialAction\":[{\"@type\":\"ReadAction\",\"target\":[\"https:\/\/thebottleshop.vn\/vi\/san-pham\/hop-qua-ve-de-di-duo\/\"]}]},{\"@type\":\"ImageObject\",\"inLanguage\":\"vi-VN\",\"@id\":\"https:\/\/thebottleshop.vn\/vi\/san-pham\/hop-qua-ve-de-di-duo\/#primaryimage\",\"url\":\"https:\/\/mlsrfcxkkbzg.i.optimole.com\/cb:JbP2.215d7\/w:auto\/h:auto\/q:mauto\/ig:avif\/https:\/\/thebottleshop.vn\/wp-content\/uploads\/2023\/12\/Ve-De-Di-Giftbox.png\",\"contentUrl\":\"https:\/\/mlsrfcxkkbzg.i.optimole.com\/cb:JbP2.215d7\/w:auto\/h:auto\/q:mauto\/ig:avif\/https:\/\/thebottleshop.vn\/wp-content\/uploads\/2023\/12\/Ve-De-Di-Giftbox.png\",\"width\":1080,\"height\":1080,\"caption\":\"V\u1ec1 \u0110\u1ec3 \u0110i Giftbox\"},{\"@type\":\"BreadcrumbList\",\"@id\":\"https:\/\/thebottleshop.vn\/vi\/san-pham\/hop-qua-ve-de-di-duo\/#breadcrumb\",\"itemListElement\":[{\"@type\":\"ListItem\",\"position\":1,\"name\":\"Home\",\"item\":\"http:\/\/52.77.24.187\/vi\/test-popup-vi\/\"},{\"@type\":\"ListItem\",\"position\":2,\"name\":\"C\u1eeda h\u00e0ng\",\"item\":\"http:\/\/52.77.24.187\/vi\/cua-hang\/\"},{\"@type\":\"ListItem\",\"position\":3,\"name\":\"H\u1ed9p Qu\u00e0 V\u1ec1 \u0110\u1ec3 \u0110i\"}]},{\"@type\":\"WebSite\",\"@id\":\"http:\/\/52.77.24.187\/#website\",\"url\":\"http:\/\/52.77.24.187\/\",\"name\":\"The Bottle Shop\",\"description\":\"All beers are not created equal\",\"publisher\":{\"@id\":\"http:\/\/52.77.24.187\/#organization\"},\"potentialAction\":[{\"@type\":\"SearchAction\",\"target\":{\"@type\":\"EntryPoint\",\"urlTemplate\":\"http:\/\/52.77.24.187\/?s={search_term_string}\"},\"query-input\":{\"@type\":\"PropertyValueSpecification\",\"valueRequired\":true,\"valueName\":\"search_term_string\"}}],\"inLanguage\":\"vi-VN\"},{\"@type\":\"Organization\",\"@id\":\"http:\/\/52.77.24.187\/#organization\",\"name\":\"The Bottle Shop\",\"url\":\"http:\/\/52.77.24.187\/\",\"logo\":{\"@type\":\"ImageObject\",\"inLanguage\":\"vi-VN\",\"@id\":\"http:\/\/52.77.24.187\/#\/schema\/logo\/image\/\",\"url\":\"https:\/\/mlsrfcxkkbzg.i.optimole.com\/cb:JbP2.215d7\/w:auto\/h:auto\/q:mauto\/ig:avif\/https:\/\/thebottleshop.vn\/wp-content\/uploads\/2022\/10\/The-Bottle-Shop-Online-Logo.png\",\"contentUrl\":\"https:\/\/mlsrfcxkkbzg.i.optimole.com\/cb:JbP2.215d7\/w:auto\/h:auto\/q:mauto\/ig:avif\/https:\/\/thebottleshop.vn\/wp-content\/uploads\/2022\/10\/The-Bottle-Shop-Online-Logo.png\",\"width\":145,\"height\":147,\"caption\":\"The Bottle Shop\"},\"image\":{\"@id\":\"http:\/\/52.77.24.187\/#\/schema\/logo\/image\/\"},\"sameAs\":[\"https:\/\/www.facebook.com\/thebottleshopvietnam\",\"https:\/\/www.instagram.com\/thebottleshop_vietnam\/\"]}]}<\/script>\n<!-- \/ Yoast SEO plugin. -->","yoast_head_json":{"title":"H\u1ed9p Qu\u00e0 V\u1ec1 \u0110\u1ec3 \u0110i - The Bottle Shop","description":"H\u1ed9p Qu\u00e0 V\u1ec1 \u0110\u1ec3 \u0110i. H\u1ed9p qu\u00e0 t\u1eb7ng sang tr\u1ecdng, s\u1eb5n s\u00e0ng \u0111\u1ec3 ch\u1ecdn 2 chai 350ml b\u1ea5t k\u1ef3 s\u1ea3n ph\u1ea9m n\u00e0o c\u1ee7a V\u1ec1 \u0110\u1ec3 \u0110i. M\u00f3n qu\u00e0 ho\u00e0n h\u1ea3o cho m\u1ecdi d\u1ecbp.","robots":{"index":"index","follow":"follow","max-snippet":"max-snippet:-1","max-image-preview":"max-image-preview:large","max-video-preview":"max-video-preview:-1"},"canonical":"https:\/\/thebottleshop.vn\/vi\/san-pham\/hop-qua-ve-de-di-duo\/","og_locale":"vi_VN","og_type":"article","og_title":"H\u1ed9p Qu\u00e0 V\u1ec1 \u0110\u1ec3 \u0110i - The Bottle Shop","og_description":"H\u1ed9p Qu\u00e0 V\u1ec1 \u0110\u1ec3 \u0110i. H\u1ed9p qu\u00e0 t\u1eb7ng sang tr\u1ecdng, s\u1eb5n s\u00e0ng \u0111\u1ec3 ch\u1ecdn 2 chai 350ml b\u1ea5t k\u1ef3 s\u1ea3n ph\u1ea9m n\u00e0o c\u1ee7a V\u1ec1 \u0110\u1ec3 \u0110i. M\u00f3n qu\u00e0 ho\u00e0n h\u1ea3o cho m\u1ecdi d\u1ecbp.","og_url":"https:\/\/thebottleshop.vn\/vi\/san-pham\/hop-qua-ve-de-di-duo\/","og_site_name":"The Bottle Shop","article_publisher":"https:\/\/www.facebook.com\/thebottleshopvietnam","article_modified_time":"2025-12-17T14:42:26+00:00","og_image":[{"width":1080,"height":1080,"url":"https:\/\/mlsrfcxkkbzg.i.optimole.com\/cb:JbP2.215d7\/w:auto\/h:auto\/q:mauto\/ig:avif\/https:\/\/thebottleshop.vn\/wp-content\/uploads\/2023\/12\/Ve-De-Di-Giftbox.png","type":"image\/png"}],"twitter_card":"summary_large_image","twitter_misc":{"Est. reading time":"1 minute"},"schema":{"@context":"https:\/\/schema.org","@graph":[{"@type":"WebPage","@id":"https:\/\/thebottleshop.vn\/vi\/san-pham\/hop-qua-ve-de-di-duo\/","url":"https:\/\/thebottleshop.vn\/vi\/san-pham\/hop-qua-ve-de-di-duo\/","name":"H\u1ed9p Qu\u00e0 V\u1ec1 \u0110\u1ec3 \u0110i - The Bottle Shop","isPartOf":{"@id":"http:\/\/52.77.24.187\/#website"},"primaryImageOfPage":{"@id":"https:\/\/thebottleshop.vn\/vi\/san-pham\/hop-qua-ve-de-di-duo\/#primaryimage"},"image":{"@id":"https:\/\/thebottleshop.vn\/vi\/san-pham\/hop-qua-ve-de-di-duo\/#primaryimage"},"thumbnailUrl":"https:\/\/mlsrfcxkkbzg.i.optimole.com\/cb:JbP2.215d7\/w:auto\/h:auto\/q:mauto\/ig:avif\/https:\/\/thebottleshop.vn\/wp-content\/uploads\/2023\/12\/Ve-De-Di-Giftbox.png","datePublished":"2023-12-27T13:08:20+00:00","dateModified":"2025-12-17T14:42:26+00:00","description":"H\u1ed9p Qu\u00e0 V\u1ec1 \u0110\u1ec3 \u0110i. H\u1ed9p qu\u00e0 t\u1eb7ng sang tr\u1ecdng, s\u1eb5n s\u00e0ng \u0111\u1ec3 ch\u1ecdn 2 chai 350ml b\u1ea5t k\u1ef3 s\u1ea3n ph\u1ea9m n\u00e0o c\u1ee7a V\u1ec1 \u0110\u1ec3 \u0110i. M\u00f3n qu\u00e0 ho\u00e0n h\u1ea3o cho m\u1ecdi d\u1ecbp.","breadcrumb":{"@id":"https:\/\/thebottleshop.vn\/vi\/san-pham\/hop-qua-ve-de-di-duo\/#breadcrumb"},"inLanguage":"vi-VN","potentialAction":[{"@type":"ReadAction","target":["https:\/\/thebottleshop.vn\/vi\/san-pham\/hop-qua-ve-de-di-duo\/"]}]},{"@type":"ImageObject","inLanguage":"vi-VN","@id":"https:\/\/thebottleshop.vn\/vi\/san-pham\/hop-qua-ve-de-di-duo\/#primaryimage","url":"https:\/\/mlsrfcxkkbzg.i.optimole.com\/cb:JbP2.215d7\/w:auto\/h:auto\/q:mauto\/ig:avif\/https:\/\/thebottleshop.vn\/wp-content\/uploads\/2023\/12\/Ve-De-Di-Giftbox.png","contentUrl":"https:\/\/mlsrfcxkkbzg.i.optimole.com\/cb:JbP2.215d7\/w:auto\/h:auto\/q:mauto\/ig:avif\/https:\/\/thebottleshop.vn\/wp-content\/uploads\/2023\/12\/Ve-De-Di-Giftbox.png","width":1080,"height":1080,"caption":"V\u1ec1 \u0110\u1ec3 \u0110i Giftbox"},{"@type":"BreadcrumbList","@id":"https:\/\/thebottleshop.vn\/vi\/san-pham\/hop-qua-ve-de-di-duo\/#breadcrumb","itemListElement":[{"@type":"ListItem","position":1,"name":"Home","item":"http:\/\/52.77.24.187\/vi\/test-popup-vi\/"},{"@type":"ListItem","position":2,"name":"C\u1eeda h\u00e0ng","item":"http:\/\/52.77.24.187\/vi\/cua-hang\/"},{"@type":"ListItem","position":3,"name":"H\u1ed9p Qu\u00e0 V\u1ec1 \u0110\u1ec3 \u0110i"}]},{"@type":"WebSite","@id":"http:\/\/52.77.24.187\/#website","url":"http:\/\/52.77.24.187\/","name":"The Bottle Shop","description":"All beers are not created equal","publisher":{"@id":"http:\/\/52.77.24.187\/#organization"},"potentialAction":[{"@type":"SearchAction","target":{"@type":"EntryPoint","urlTemplate":"http:\/\/52.77.24.187\/?s={search_term_string}"},"query-input":{"@type":"PropertyValueSpecification","valueRequired":true,"valueName":"search_term_string"}}],"inLanguage":"vi-VN"},{"@type":"Organization","@id":"http:\/\/52.77.24.187\/#organization","name":"The Bottle Shop","url":"http:\/\/52.77.24.187\/","logo":{"@type":"ImageObject","inLanguage":"vi-VN","@id":"http:\/\/52.77.24.187\/#\/schema\/logo\/image\/","url":"https:\/\/mlsrfcxkkbzg.i.optimole.com\/cb:JbP2.215d7\/w:auto\/h:auto\/q:mauto\/ig:avif\/https:\/\/thebottleshop.vn\/wp-content\/uploads\/2022\/10\/The-Bottle-Shop-Online-Logo.png","contentUrl":"https:\/\/mlsrfcxkkbzg.i.optimole.com\/cb:JbP2.215d7\/w:auto\/h:auto\/q:mauto\/ig:avif\/https:\/\/thebottleshop.vn\/wp-content\/uploads\/2022\/10\/The-Bottle-Shop-Online-Logo.png","width":145,"height":147,"caption":"The Bottle Shop"},"image":{"@id":"http:\/\/52.77.24.187\/#\/schema\/logo\/image\/"},"sameAs":["https:\/\/www.facebook.com\/thebottleshopvietnam","https:\/\/www.instagram.com\/thebottleshop_vietnam\/"]}]}},"_links":{"self":[{"href":"https:\/\/thebottleshop.vn\/vi\/wp-json\/wp\/v2\/product\/18769","targetHints":{"allow":["GET"]}}],"collection":[{"href":"https:\/\/thebottleshop.vn\/vi\/wp-json\/wp\/v2\/product"}],"about":[{"href":"https:\/\/thebottleshop.vn\/vi\/wp-json\/wp\/v2\/types\/product"}],"replies":[{"embeddable":true,"href":"https:\/\/thebottleshop.vn\/vi\/wp-json\/wp\/v2\/comments?post=18769"}],"wp:featuredmedia":[{"embeddable":true,"href":"https:\/\/thebottleshop.vn\/vi\/wp-json\/wp\/v2\/media\/18802"}],"wp:attachment":[{"href":"https:\/\/thebottleshop.vn\/vi\/wp-json\/wp\/v2\/media?parent=18769"}],"wp:term":[{"taxonomy":"product_brand","embeddable":true,"href":"https:\/\/thebottleshop.vn\/vi\/wp-json\/wp\/v2\/product_brand?post=18769"},{"taxonomy":"product_cat","embeddable":true,"href":"https:\/\/thebottleshop.vn\/vi\/wp-json\/wp\/v2\/product_cat?post=18769"},{"taxonomy":"product_tag","embeddable":true,"href":"https:\/\/thebottleshop.vn\/vi\/wp-json\/wp\/v2\/product_tag?post=18769"}],"curies":[{"name":"wp","href":"https:\/\/api.w.org\/{rel}","templated":true}]}}