{"id":18771,"date":"2023-12-27T18:01:39","date_gmt":"2023-12-27T11:01:39","guid":{"rendered":"https:\/\/thebottleshop.vn\/product\/hop-qua-ve-de-di-creme-de-cacao\/"},"modified":"2023-12-27T20:14:41","modified_gmt":"2023-12-27T13:14:41","slug":"ve-de-di-creme-de-cacao-giftbox","status":"publish","type":"product","link":"https:\/\/thebottleshop.vn\/vi\/san-pham\/ve-de-di-creme-de-cacao-giftbox\/","title":{"rendered":"H\u1ed9p qu\u00e0 V\u1ec1 \u0110\u1ec3 \u0110i Cr\u00e8me de Cacao"},"content":{"rendered":"<p>H\u1ed9p qu\u00e0 V\u1ec1 \u0110\u1ec3 \u0110i Cr\u00e8me de Cacao. H\u1ed9p qu\u00e0 sang tr\u1ecdng g\u1ed3m 2 chai 350ml V\u1ec1 \u0110\u1ec3 \u0110i Cr\u00e8me de Cacao. Ho\u00e0n h\u1ea3o cho b\u1ea5t k\u1ef3 d\u1ecbp n\u00e0o. 30% ABV.<\/p>\n<p>\u2014\u2013 Xem th\u01b0 vi\u1ec7n h\u00ecnh \u1ea3nh \u0111\u1ec3 bi\u1ebft th\u00eam th\u00f4ng tin chi ti\u1ebft v\u1ec1 ngu\u1ed3n g\u1ed1c, th\u00e0nh ph\u1ea7n v\u00e0 h\u01b0\u1edbng d\u1eabn s\u1eed d\u1ee5ng c\u1ee7a s\u1ea3n ph\u1ea9m.<\/p>\n","protected":false},"excerpt":{"rendered":"<p><strong>2x350ml :: 30%<\/strong><\/p>\n","protected":false},"featured_media":18802,"comment_status":"open","ping_status":"closed","template":"","meta":{"_acf_changed":false},"product_brand":[],"product_cat":[385,390,338,388,508,412,376,345,339,341,352,364,626,371,608],"product_tag":[],"class_list":{"0":"post-18771","1":"product","2":"type-product","3":"status-publish","4":"has-post-thumbnail","6":"product_cat-top-deals","7":"product_cat-vietnam-hanoi","8":"product_cat-ruou-va-ruou-vang","9":"product_cat-25-vi","10":"product_cat-liqueuer","11":"product_cat-do-luu-niem","12":"product_cat-1m","13":"product_cat-abv-vi","14":"product_cat-xuat-xu","15":"product_cat-dong-goi","16":"product_cat-gia","17":"product_cat-dong-ruou","18":"product_cat-chai-2x350ml","19":"product_cat-nha-san-xuat-ruou","20":"product_cat-ve-de-di-vi","22":"first","23":"instock","24":"shipping-taxable","25":"purchasable","26":"product-type-simple","27":"add-to-wishlist-before_image"},"acf":[],"yoast_head":"<!-- This site is optimized with the Yoast SEO plugin v27.2 - https:\/\/yoast.com\/product\/yoast-seo-wordpress\/ -->\n<title>H\u1ed9p qu\u00e0 V\u1ec1 \u0110\u1ec3 \u0110i Cr\u00e8me de Cacao - The Bottle Shop<\/title>\n<meta name=\"description\" content=\"H\u1ed9p qu\u00e0 V\u1ec1 \u0110\u1ec3 \u0110i Cr\u00e8me de Cacao. H\u1ed9p qu\u00e0 sang tr\u1ecdng g\u1ed3m 2 chai 350ml V\u1ec1 \u0110\u1ec3 \u0110i Cr\u00e8me de Cacao. Ho\u00e0n h\u1ea3o cho b\u1ea5t k\u1ef3 d\u1ecbp n\u00e0o. 30% ABV.\" \/>\n<meta name=\"robots\" content=\"index, follow, max-snippet:-1, max-image-preview:large, max-video-preview:-1\" \/>\n<link rel=\"canonical\" href=\"https:\/\/thebottleshop.vn\/vi\/san-pham\/ve-de-di-creme-de-cacao-giftbox\/\" \/>\n<meta property=\"og:locale\" content=\"vi_VN\" \/>\n<meta property=\"og:type\" content=\"article\" \/>\n<meta property=\"og:title\" content=\"H\u1ed9p qu\u00e0 V\u1ec1 \u0110\u1ec3 \u0110i Cr\u00e8me de Cacao - The Bottle Shop\" \/>\n<meta property=\"og:description\" content=\"H\u1ed9p qu\u00e0 V\u1ec1 \u0110\u1ec3 \u0110i Cr\u00e8me de Cacao. H\u1ed9p qu\u00e0 sang tr\u1ecdng g\u1ed3m 2 chai 350ml V\u1ec1 \u0110\u1ec3 \u0110i Cr\u00e8me de Cacao. Ho\u00e0n h\u1ea3o cho b\u1ea5t k\u1ef3 d\u1ecbp n\u00e0o. 30% ABV.\" \/>\n<meta property=\"og:url\" content=\"https:\/\/thebottleshop.vn\/vi\/san-pham\/ve-de-di-creme-de-cacao-giftbox\/\" \/>\n<meta property=\"og:site_name\" content=\"The Bottle Shop\" \/>\n<meta property=\"article:publisher\" content=\"https:\/\/www.facebook.com\/thebottleshopvietnam\" \/>\n<meta property=\"article:modified_time\" content=\"2023-12-27T13:14:41+00:00\" \/>\n<meta property=\"og:image\" content=\"https:\/\/mlsrfcxkkbzg.i.optimole.com\/cb:JbP2.215d7\/w:auto\/h:auto\/q:mauto\/ig:avif\/https:\/\/thebottleshop.vn\/wp-content\/uploads\/2023\/12\/Ve-De-Di-Giftbox.png\" \/>\n\t<meta property=\"og:image:width\" content=\"1080\" \/>\n\t<meta property=\"og:image:height\" content=\"1080\" \/>\n\t<meta property=\"og:image:type\" content=\"image\/png\" \/>\n<meta name=\"twitter:card\" content=\"summary_large_image\" \/>\n<script type=\"application\/ld+json\" class=\"yoast-schema-graph\">{\"@context\":\"https:\/\/schema.org\",\"@graph\":[{\"@type\":\"WebPage\",\"@id\":\"https:\/\/thebottleshop.vn\/vi\/san-pham\/ve-de-di-creme-de-cacao-giftbox\/\",\"url\":\"https:\/\/thebottleshop.vn\/vi\/san-pham\/ve-de-di-creme-de-cacao-giftbox\/\",\"name\":\"H\u1ed9p qu\u00e0 V\u1ec1 \u0110\u1ec3 \u0110i Cr\u00e8me de Cacao - The Bottle Shop\",\"isPartOf\":{\"@id\":\"http:\/\/52.77.24.187\/#website\"},\"primaryImageOfPage\":{\"@id\":\"https:\/\/thebottleshop.vn\/vi\/san-pham\/ve-de-di-creme-de-cacao-giftbox\/#primaryimage\"},\"image\":{\"@id\":\"https:\/\/thebottleshop.vn\/vi\/san-pham\/ve-de-di-creme-de-cacao-giftbox\/#primaryimage\"},\"thumbnailUrl\":\"https:\/\/mlsrfcxkkbzg.i.optimole.com\/cb:JbP2.215d7\/w:auto\/h:auto\/q:mauto\/ig:avif\/https:\/\/thebottleshop.vn\/wp-content\/uploads\/2023\/12\/Ve-De-Di-Giftbox.png\",\"datePublished\":\"2023-12-27T11:01:39+00:00\",\"dateModified\":\"2023-12-27T13:14:41+00:00\",\"description\":\"H\u1ed9p qu\u00e0 V\u1ec1 \u0110\u1ec3 \u0110i Cr\u00e8me de Cacao. H\u1ed9p qu\u00e0 sang tr\u1ecdng g\u1ed3m 2 chai 350ml V\u1ec1 \u0110\u1ec3 \u0110i Cr\u00e8me de Cacao. Ho\u00e0n h\u1ea3o cho b\u1ea5t k\u1ef3 d\u1ecbp n\u00e0o. 30% ABV.\",\"breadcrumb\":{\"@id\":\"https:\/\/thebottleshop.vn\/vi\/san-pham\/ve-de-di-creme-de-cacao-giftbox\/#breadcrumb\"},\"inLanguage\":\"vi-VN\",\"potentialAction\":[{\"@type\":\"ReadAction\",\"target\":[\"https:\/\/thebottleshop.vn\/vi\/san-pham\/ve-de-di-creme-de-cacao-giftbox\/\"]}]},{\"@type\":\"ImageObject\",\"inLanguage\":\"vi-VN\",\"@id\":\"https:\/\/thebottleshop.vn\/vi\/san-pham\/ve-de-di-creme-de-cacao-giftbox\/#primaryimage\",\"url\":\"https:\/\/mlsrfcxkkbzg.i.optimole.com\/cb:JbP2.215d7\/w:auto\/h:auto\/q:mauto\/ig:avif\/https:\/\/thebottleshop.vn\/wp-content\/uploads\/2023\/12\/Ve-De-Di-Giftbox.png\",\"contentUrl\":\"https:\/\/mlsrfcxkkbzg.i.optimole.com\/cb:JbP2.215d7\/w:auto\/h:auto\/q:mauto\/ig:avif\/https:\/\/thebottleshop.vn\/wp-content\/uploads\/2023\/12\/Ve-De-Di-Giftbox.png\",\"width\":1080,\"height\":1080,\"caption\":\"V\u1ec1 \u0110\u1ec3 \u0110i Giftbox\"},{\"@type\":\"BreadcrumbList\",\"@id\":\"https:\/\/thebottleshop.vn\/vi\/san-pham\/ve-de-di-creme-de-cacao-giftbox\/#breadcrumb\",\"itemListElement\":[{\"@type\":\"ListItem\",\"position\":1,\"name\":\"Home\",\"item\":\"http:\/\/52.77.24.187\/vi\/test-popup-vi\/\"},{\"@type\":\"ListItem\",\"position\":2,\"name\":\"C\u1eeda h\u00e0ng\",\"item\":\"http:\/\/52.77.24.187\/vi\/cua-hang\/\"},{\"@type\":\"ListItem\",\"position\":3,\"name\":\"H\u1ed9p qu\u00e0 V\u1ec1 \u0110\u1ec3 \u0110i Cr\u00e8me de Cacao\"}]},{\"@type\":\"WebSite\",\"@id\":\"http:\/\/52.77.24.187\/#website\",\"url\":\"http:\/\/52.77.24.187\/\",\"name\":\"The Bottle Shop\",\"description\":\"All beers are not created equal\",\"publisher\":{\"@id\":\"http:\/\/52.77.24.187\/#organization\"},\"potentialAction\":[{\"@type\":\"SearchAction\",\"target\":{\"@type\":\"EntryPoint\",\"urlTemplate\":\"http:\/\/52.77.24.187\/?s={search_term_string}\"},\"query-input\":{\"@type\":\"PropertyValueSpecification\",\"valueRequired\":true,\"valueName\":\"search_term_string\"}}],\"inLanguage\":\"vi-VN\"},{\"@type\":\"Organization\",\"@id\":\"http:\/\/52.77.24.187\/#organization\",\"name\":\"The Bottle Shop\",\"url\":\"http:\/\/52.77.24.187\/\",\"logo\":{\"@type\":\"ImageObject\",\"inLanguage\":\"vi-VN\",\"@id\":\"http:\/\/52.77.24.187\/#\/schema\/logo\/image\/\",\"url\":\"https:\/\/mlsrfcxkkbzg.i.optimole.com\/cb:JbP2.215d7\/w:auto\/h:auto\/q:mauto\/ig:avif\/https:\/\/thebottleshop.vn\/wp-content\/uploads\/2022\/10\/The-Bottle-Shop-Online-Logo.png\",\"contentUrl\":\"https:\/\/mlsrfcxkkbzg.i.optimole.com\/cb:JbP2.215d7\/w:auto\/h:auto\/q:mauto\/ig:avif\/https:\/\/thebottleshop.vn\/wp-content\/uploads\/2022\/10\/The-Bottle-Shop-Online-Logo.png\",\"width\":145,\"height\":147,\"caption\":\"The Bottle Shop\"},\"image\":{\"@id\":\"http:\/\/52.77.24.187\/#\/schema\/logo\/image\/\"},\"sameAs\":[\"https:\/\/www.facebook.com\/thebottleshopvietnam\",\"https:\/\/www.instagram.com\/thebottleshop_vietnam\/\"]}]}<\/script>\n<!-- \/ Yoast SEO plugin. -->","yoast_head_json":{"title":"H\u1ed9p qu\u00e0 V\u1ec1 \u0110\u1ec3 \u0110i Cr\u00e8me de Cacao - The Bottle Shop","description":"H\u1ed9p qu\u00e0 V\u1ec1 \u0110\u1ec3 \u0110i Cr\u00e8me de Cacao. H\u1ed9p qu\u00e0 sang tr\u1ecdng g\u1ed3m 2 chai 350ml V\u1ec1 \u0110\u1ec3 \u0110i Cr\u00e8me de Cacao. Ho\u00e0n h\u1ea3o cho b\u1ea5t k\u1ef3 d\u1ecbp n\u00e0o. 30% ABV.","robots":{"index":"index","follow":"follow","max-snippet":"max-snippet:-1","max-image-preview":"max-image-preview:large","max-video-preview":"max-video-preview:-1"},"canonical":"https:\/\/thebottleshop.vn\/vi\/san-pham\/ve-de-di-creme-de-cacao-giftbox\/","og_locale":"vi_VN","og_type":"article","og_title":"H\u1ed9p qu\u00e0 V\u1ec1 \u0110\u1ec3 \u0110i Cr\u00e8me de Cacao - The Bottle Shop","og_description":"H\u1ed9p qu\u00e0 V\u1ec1 \u0110\u1ec3 \u0110i Cr\u00e8me de Cacao. H\u1ed9p qu\u00e0 sang tr\u1ecdng g\u1ed3m 2 chai 350ml V\u1ec1 \u0110\u1ec3 \u0110i Cr\u00e8me de Cacao. Ho\u00e0n h\u1ea3o cho b\u1ea5t k\u1ef3 d\u1ecbp n\u00e0o. 30% ABV.","og_url":"https:\/\/thebottleshop.vn\/vi\/san-pham\/ve-de-di-creme-de-cacao-giftbox\/","og_site_name":"The Bottle Shop","article_publisher":"https:\/\/www.facebook.com\/thebottleshopvietnam","article_modified_time":"2023-12-27T13:14:41+00:00","og_image":[{"width":1080,"height":1080,"url":"https:\/\/mlsrfcxkkbzg.i.optimole.com\/cb:JbP2.215d7\/w:auto\/h:auto\/q:mauto\/ig:avif\/https:\/\/thebottleshop.vn\/wp-content\/uploads\/2023\/12\/Ve-De-Di-Giftbox.png","type":"image\/png"}],"twitter_card":"summary_large_image","schema":{"@context":"https:\/\/schema.org","@graph":[{"@type":"WebPage","@id":"https:\/\/thebottleshop.vn\/vi\/san-pham\/ve-de-di-creme-de-cacao-giftbox\/","url":"https:\/\/thebottleshop.vn\/vi\/san-pham\/ve-de-di-creme-de-cacao-giftbox\/","name":"H\u1ed9p qu\u00e0 V\u1ec1 \u0110\u1ec3 \u0110i Cr\u00e8me de Cacao - The Bottle Shop","isPartOf":{"@id":"http:\/\/52.77.24.187\/#website"},"primaryImageOfPage":{"@id":"https:\/\/thebottleshop.vn\/vi\/san-pham\/ve-de-di-creme-de-cacao-giftbox\/#primaryimage"},"image":{"@id":"https:\/\/thebottleshop.vn\/vi\/san-pham\/ve-de-di-creme-de-cacao-giftbox\/#primaryimage"},"thumbnailUrl":"https:\/\/mlsrfcxkkbzg.i.optimole.com\/cb:JbP2.215d7\/w:auto\/h:auto\/q:mauto\/ig:avif\/https:\/\/thebottleshop.vn\/wp-content\/uploads\/2023\/12\/Ve-De-Di-Giftbox.png","datePublished":"2023-12-27T11:01:39+00:00","dateModified":"2023-12-27T13:14:41+00:00","description":"H\u1ed9p qu\u00e0 V\u1ec1 \u0110\u1ec3 \u0110i Cr\u00e8me de Cacao. H\u1ed9p qu\u00e0 sang tr\u1ecdng g\u1ed3m 2 chai 350ml V\u1ec1 \u0110\u1ec3 \u0110i Cr\u00e8me de Cacao. Ho\u00e0n h\u1ea3o cho b\u1ea5t k\u1ef3 d\u1ecbp n\u00e0o. 30% ABV.","breadcrumb":{"@id":"https:\/\/thebottleshop.vn\/vi\/san-pham\/ve-de-di-creme-de-cacao-giftbox\/#breadcrumb"},"inLanguage":"vi-VN","potentialAction":[{"@type":"ReadAction","target":["https:\/\/thebottleshop.vn\/vi\/san-pham\/ve-de-di-creme-de-cacao-giftbox\/"]}]},{"@type":"ImageObject","inLanguage":"vi-VN","@id":"https:\/\/thebottleshop.vn\/vi\/san-pham\/ve-de-di-creme-de-cacao-giftbox\/#primaryimage","url":"https:\/\/mlsrfcxkkbzg.i.optimole.com\/cb:JbP2.215d7\/w:auto\/h:auto\/q:mauto\/ig:avif\/https:\/\/thebottleshop.vn\/wp-content\/uploads\/2023\/12\/Ve-De-Di-Giftbox.png","contentUrl":"https:\/\/mlsrfcxkkbzg.i.optimole.com\/cb:JbP2.215d7\/w:auto\/h:auto\/q:mauto\/ig:avif\/https:\/\/thebottleshop.vn\/wp-content\/uploads\/2023\/12\/Ve-De-Di-Giftbox.png","width":1080,"height":1080,"caption":"V\u1ec1 \u0110\u1ec3 \u0110i Giftbox"},{"@type":"BreadcrumbList","@id":"https:\/\/thebottleshop.vn\/vi\/san-pham\/ve-de-di-creme-de-cacao-giftbox\/#breadcrumb","itemListElement":[{"@type":"ListItem","position":1,"name":"Home","item":"http:\/\/52.77.24.187\/vi\/test-popup-vi\/"},{"@type":"ListItem","position":2,"name":"C\u1eeda h\u00e0ng","item":"http:\/\/52.77.24.187\/vi\/cua-hang\/"},{"@type":"ListItem","position":3,"name":"H\u1ed9p qu\u00e0 V\u1ec1 \u0110\u1ec3 \u0110i Cr\u00e8me de Cacao"}]},{"@type":"WebSite","@id":"http:\/\/52.77.24.187\/#website","url":"http:\/\/52.77.24.187\/","name":"The Bottle Shop","description":"All beers are not created equal","publisher":{"@id":"http:\/\/52.77.24.187\/#organization"},"potentialAction":[{"@type":"SearchAction","target":{"@type":"EntryPoint","urlTemplate":"http:\/\/52.77.24.187\/?s={search_term_string}"},"query-input":{"@type":"PropertyValueSpecification","valueRequired":true,"valueName":"search_term_string"}}],"inLanguage":"vi-VN"},{"@type":"Organization","@id":"http:\/\/52.77.24.187\/#organization","name":"The Bottle Shop","url":"http:\/\/52.77.24.187\/","logo":{"@type":"ImageObject","inLanguage":"vi-VN","@id":"http:\/\/52.77.24.187\/#\/schema\/logo\/image\/","url":"https:\/\/mlsrfcxkkbzg.i.optimole.com\/cb:JbP2.215d7\/w:auto\/h:auto\/q:mauto\/ig:avif\/https:\/\/thebottleshop.vn\/wp-content\/uploads\/2022\/10\/The-Bottle-Shop-Online-Logo.png","contentUrl":"https:\/\/mlsrfcxkkbzg.i.optimole.com\/cb:JbP2.215d7\/w:auto\/h:auto\/q:mauto\/ig:avif\/https:\/\/thebottleshop.vn\/wp-content\/uploads\/2022\/10\/The-Bottle-Shop-Online-Logo.png","width":145,"height":147,"caption":"The Bottle Shop"},"image":{"@id":"http:\/\/52.77.24.187\/#\/schema\/logo\/image\/"},"sameAs":["https:\/\/www.facebook.com\/thebottleshopvietnam","https:\/\/www.instagram.com\/thebottleshop_vietnam\/"]}]}},"_links":{"self":[{"href":"https:\/\/thebottleshop.vn\/vi\/wp-json\/wp\/v2\/product\/18771","targetHints":{"allow":["GET"]}}],"collection":[{"href":"https:\/\/thebottleshop.vn\/vi\/wp-json\/wp\/v2\/product"}],"about":[{"href":"https:\/\/thebottleshop.vn\/vi\/wp-json\/wp\/v2\/types\/product"}],"replies":[{"embeddable":true,"href":"https:\/\/thebottleshop.vn\/vi\/wp-json\/wp\/v2\/comments?post=18771"}],"wp:featuredmedia":[{"embeddable":true,"href":"https:\/\/thebottleshop.vn\/vi\/wp-json\/wp\/v2\/media\/18802"}],"wp:attachment":[{"href":"https:\/\/thebottleshop.vn\/vi\/wp-json\/wp\/v2\/media?parent=18771"}],"wp:term":[{"taxonomy":"product_brand","embeddable":true,"href":"https:\/\/thebottleshop.vn\/vi\/wp-json\/wp\/v2\/product_brand?post=18771"},{"taxonomy":"product_cat","embeddable":true,"href":"https:\/\/thebottleshop.vn\/vi\/wp-json\/wp\/v2\/product_cat?post=18771"},{"taxonomy":"product_tag","embeddable":true,"href":"https:\/\/thebottleshop.vn\/vi\/wp-json\/wp\/v2\/product_tag?post=18771"}],"curies":[{"name":"wp","href":"https:\/\/api.w.org\/{rel}","templated":true}]}}