{"id":18819,"date":"2023-12-31T12:49:50","date_gmt":"2023-12-31T05:52:38","guid":{"rendered":"https:\/\/thebottleshop.vn\/product\/hod-great-silence-white-pastry-stout\/"},"modified":"2024-04-16T08:02:41","modified_gmt":"2024-04-16T01:02:41","slug":"hod-great-silence-white-pastry-stout","status":"publish","type":"product","link":"https:\/\/thebottleshop.vn\/vi\/san-pham\/hod-great-silence-white-pastry-stout\/","title":{"rendered":"Heart of Darkness Great Silence White Pastry Stout"},"content":{"rendered":"<p>Heart of Darkness Great Silence White Pastry Stout. H\u01b0\u01a1ng th\u01a1m c\u1ee7a c\u00e0 ph\u00ea v\u00e0 kem h\u00f2a quy\u1ec7n th\u00e0nh m\u1ed9t white stout \u0111\u1eadm \u0111\u00e0. N\u1ed3ng n\u00e0n h\u1ea1t ph\u1ec9 v\u00e0 t\u01b0\u01a1i ngon t\u1eeb chu\u1ed1i, m\u00f3n tr\u00e1ng mi\u1ec7ng ng\u1ecdt ng\u00e0o v\u00e0 h\u1ea5p d\u1eabn n\u00e0y k\u1ebft th\u00fac v\u1edbi h\u1eadu v\u1ecb \u00eam d\u1ecbu m\u1ecbn m\u00e0ng nh\u01b0 kem.<\/p>\n<p>\u2014\u2013<br \/>\nXem th\u01b0 vi\u1ec7n h\u00ecnh \u1ea3nh \u0111\u1ec3 bi\u1ebft th\u00eam th\u00f4ng tin chi ti\u1ebft v\u1ec1 ngu\u1ed3n g\u1ed1c, th\u00e0nh ph\u1ea7n v\u00e0 h\u01b0\u1edbng d\u1eabn s\u1eed d\u1ee5ng c\u1ee7a s\u1ea3n ph\u1ea9m.<\/p>\n","protected":false},"excerpt":{"rendered":"<p><strong>\u0110\u1eadm \u0111\u00e0, Ng\u1ecdt ng\u00e0o, M\u1ecbn m\u00e0ng 6.1%<\/strong><\/p>\n","protected":false},"featured_media":18786,"comment_status":"open","ping_status":"closed","template":"","meta":{"_acf_changed":false},"product_brand":[],"product_cat":[378,337,340,348,423,351,366,345,377,339,341,352,360,344,369],"product_tag":[],"class_list":{"0":"post-18819","1":"product","2":"type-product","3":"status-publish","4":"has-post-thumbnail","6":"product_cat-00-19","7":"product_cat-bia-va-cider","8":"product_cat-vietnam-hcmc","9":"product_cat-6-7-9","10":"product_cat-100k-149k","11":"product_cat-dong-bia","12":"product_cat-nha-san-xuat","13":"product_cat-abv-vi","14":"product_cat-ibu","15":"product_cat-xuat-xu","16":"product_cat-dong-goi","17":"product_cat-gia","18":"product_cat-stout-porter","19":"product_cat-lon-330-ml","20":"product_cat-heart-of-darkness","22":"first","23":"outofstock","24":"shipping-taxable","25":"purchasable","26":"product-type-simple","27":"add-to-wishlist-before_image"},"acf":[],"yoast_head":"<!-- This site is optimized with the Yoast SEO plugin v27.2 - https:\/\/yoast.com\/product\/yoast-seo-wordpress\/ -->\n<title>Heart of Darkness Great Silence White Pastry Stout - The Bottle Shop<\/title>\n<meta name=\"description\" content=\"Heart of Darkness Great Silence White Pastry Stout. H\u01b0\u01a1ng th\u01a1m c\u1ee7a c\u00e0 ph\u00ea v\u00e0 kem h\u00f2a quy\u1ec7n th\u00e0nh m\u1ed9t white stout \u0111\u1eadm \u0111\u00e0.\" \/>\n<meta name=\"robots\" content=\"index, follow, max-snippet:-1, max-image-preview:large, max-video-preview:-1\" \/>\n<link rel=\"canonical\" href=\"http:\/\/52.77.24.187\/vi\/san-pham\/hod-great-silence-white-pastry-stout\/\" \/>\n<meta property=\"og:locale\" content=\"vi_VN\" \/>\n<meta property=\"og:type\" content=\"article\" \/>\n<meta property=\"og:title\" content=\"Heart of Darkness Great Silence White Pastry Stout - The Bottle Shop\" \/>\n<meta property=\"og:description\" content=\"Heart of Darkness Great Silence White Pastry Stout. H\u01b0\u01a1ng th\u01a1m c\u1ee7a c\u00e0 ph\u00ea v\u00e0 kem h\u00f2a quy\u1ec7n th\u00e0nh m\u1ed9t white stout \u0111\u1eadm \u0111\u00e0.\" \/>\n<meta property=\"og:url\" content=\"http:\/\/52.77.24.187\/vi\/san-pham\/hod-great-silence-white-pastry-stout\/\" \/>\n<meta property=\"og:site_name\" content=\"The Bottle Shop\" \/>\n<meta property=\"article:publisher\" content=\"https:\/\/www.facebook.com\/thebottleshopvietnam\" \/>\n<meta property=\"article:modified_time\" content=\"2024-04-16T01:02:41+00:00\" \/>\n<meta property=\"og:image\" content=\"https:\/\/mlsrfcxkkbzg.i.optimole.com\/cb:JbP2.215d7\/w:auto\/h:auto\/q:mauto\/ig:avif\/http:\/\/52.77.24.187\/wp-content\/uploads\/2023\/12\/Heart-of-Darkness-Great-Silence-White-Pastry-Stout.png\" \/>\n\t<meta property=\"og:image:width\" content=\"1080\" \/>\n\t<meta property=\"og:image:height\" content=\"1080\" \/>\n\t<meta property=\"og:image:type\" content=\"image\/png\" \/>\n<meta name=\"twitter:card\" content=\"summary_large_image\" \/>\n<meta name=\"twitter:label1\" content=\"Est. reading time\" \/>\n\t<meta name=\"twitter:data1\" content=\"1 minute\" \/>\n<script type=\"application\/ld+json\" class=\"yoast-schema-graph\">{\"@context\":\"https:\/\/schema.org\",\"@graph\":[{\"@type\":\"WebPage\",\"@id\":\"http:\/\/52.77.24.187\/vi\/san-pham\/hod-great-silence-white-pastry-stout\/\",\"url\":\"http:\/\/52.77.24.187\/vi\/san-pham\/hod-great-silence-white-pastry-stout\/\",\"name\":\"Heart of Darkness Great Silence White Pastry Stout - The Bottle Shop\",\"isPartOf\":{\"@id\":\"http:\/\/52.77.24.187\/#website\"},\"primaryImageOfPage\":{\"@id\":\"http:\/\/52.77.24.187\/vi\/san-pham\/hod-great-silence-white-pastry-stout\/#primaryimage\"},\"image\":{\"@id\":\"http:\/\/52.77.24.187\/vi\/san-pham\/hod-great-silence-white-pastry-stout\/#primaryimage\"},\"thumbnailUrl\":\"https:\/\/mlsrfcxkkbzg.i.optimole.com\/cb:JbP2.215d7\/w:auto\/h:auto\/q:mauto\/ig:avif\/https:\/\/thebottleshop.vn\/wp-content\/uploads\/2023\/12\/Heart-of-Darkness-Great-Silence-White-Pastry-Stout.png\",\"datePublished\":\"2023-12-31T05:52:38+00:00\",\"dateModified\":\"2024-04-16T01:02:41+00:00\",\"description\":\"Heart of Darkness Great Silence White Pastry Stout. H\u01b0\u01a1ng th\u01a1m c\u1ee7a c\u00e0 ph\u00ea v\u00e0 kem h\u00f2a quy\u1ec7n th\u00e0nh m\u1ed9t white stout \u0111\u1eadm \u0111\u00e0.\",\"breadcrumb\":{\"@id\":\"http:\/\/52.77.24.187\/vi\/san-pham\/hod-great-silence-white-pastry-stout\/#breadcrumb\"},\"inLanguage\":\"vi-VN\",\"potentialAction\":[{\"@type\":\"ReadAction\",\"target\":[\"http:\/\/52.77.24.187\/vi\/san-pham\/hod-great-silence-white-pastry-stout\/\"]}]},{\"@type\":\"ImageObject\",\"inLanguage\":\"vi-VN\",\"@id\":\"http:\/\/52.77.24.187\/vi\/san-pham\/hod-great-silence-white-pastry-stout\/#primaryimage\",\"url\":\"https:\/\/mlsrfcxkkbzg.i.optimole.com\/cb:JbP2.215d7\/w:auto\/h:auto\/q:mauto\/ig:avif\/https:\/\/thebottleshop.vn\/wp-content\/uploads\/2023\/12\/Heart-of-Darkness-Great-Silence-White-Pastry-Stout.png\",\"contentUrl\":\"https:\/\/mlsrfcxkkbzg.i.optimole.com\/cb:JbP2.215d7\/w:auto\/h:auto\/q:mauto\/ig:avif\/https:\/\/thebottleshop.vn\/wp-content\/uploads\/2023\/12\/Heart-of-Darkness-Great-Silence-White-Pastry-Stout.png\",\"width\":1080,\"height\":1080,\"caption\":\"Heart of Darkness Great Silence White Pastry Stout\"},{\"@type\":\"BreadcrumbList\",\"@id\":\"http:\/\/52.77.24.187\/vi\/san-pham\/hod-great-silence-white-pastry-stout\/#breadcrumb\",\"itemListElement\":[{\"@type\":\"ListItem\",\"position\":1,\"name\":\"Home\",\"item\":\"http:\/\/52.77.24.187\/vi\/test-popup-vi\/\"},{\"@type\":\"ListItem\",\"position\":2,\"name\":\"C\u1eeda h\u00e0ng\",\"item\":\"http:\/\/52.77.24.187\/vi\/cua-hang\/\"},{\"@type\":\"ListItem\",\"position\":3,\"name\":\"Heart of Darkness Great Silence White Pastry Stout\"}]},{\"@type\":\"WebSite\",\"@id\":\"http:\/\/52.77.24.187\/#website\",\"url\":\"http:\/\/52.77.24.187\/\",\"name\":\"The Bottle Shop\",\"description\":\"All beers are not created equal\",\"publisher\":{\"@id\":\"http:\/\/52.77.24.187\/#organization\"},\"potentialAction\":[{\"@type\":\"SearchAction\",\"target\":{\"@type\":\"EntryPoint\",\"urlTemplate\":\"http:\/\/52.77.24.187\/?s={search_term_string}\"},\"query-input\":{\"@type\":\"PropertyValueSpecification\",\"valueRequired\":true,\"valueName\":\"search_term_string\"}}],\"inLanguage\":\"vi-VN\"},{\"@type\":\"Organization\",\"@id\":\"http:\/\/52.77.24.187\/#organization\",\"name\":\"The Bottle Shop\",\"url\":\"http:\/\/52.77.24.187\/\",\"logo\":{\"@type\":\"ImageObject\",\"inLanguage\":\"vi-VN\",\"@id\":\"http:\/\/52.77.24.187\/#\/schema\/logo\/image\/\",\"url\":\"https:\/\/mlsrfcxkkbzg.i.optimole.com\/cb:JbP2.215d7\/w:auto\/h:auto\/q:mauto\/ig:avif\/https:\/\/thebottleshop.vn\/wp-content\/uploads\/2022\/10\/The-Bottle-Shop-Online-Logo.png\",\"contentUrl\":\"https:\/\/mlsrfcxkkbzg.i.optimole.com\/cb:JbP2.215d7\/w:auto\/h:auto\/q:mauto\/ig:avif\/https:\/\/thebottleshop.vn\/wp-content\/uploads\/2022\/10\/The-Bottle-Shop-Online-Logo.png\",\"width\":145,\"height\":147,\"caption\":\"The Bottle Shop\"},\"image\":{\"@id\":\"http:\/\/52.77.24.187\/#\/schema\/logo\/image\/\"},\"sameAs\":[\"https:\/\/www.facebook.com\/thebottleshopvietnam\",\"https:\/\/www.instagram.com\/thebottleshop_vietnam\/\"]}]}<\/script>\n<!-- \/ Yoast SEO plugin. -->","yoast_head_json":{"title":"Heart of Darkness Great Silence White Pastry Stout - The Bottle Shop","description":"Heart of Darkness Great Silence White Pastry Stout. H\u01b0\u01a1ng th\u01a1m c\u1ee7a c\u00e0 ph\u00ea v\u00e0 kem h\u00f2a quy\u1ec7n th\u00e0nh m\u1ed9t white stout \u0111\u1eadm \u0111\u00e0.","robots":{"index":"index","follow":"follow","max-snippet":"max-snippet:-1","max-image-preview":"max-image-preview:large","max-video-preview":"max-video-preview:-1"},"canonical":"http:\/\/52.77.24.187\/vi\/san-pham\/hod-great-silence-white-pastry-stout\/","og_locale":"vi_VN","og_type":"article","og_title":"Heart of Darkness Great Silence White Pastry Stout - The Bottle Shop","og_description":"Heart of Darkness Great Silence White Pastry Stout. H\u01b0\u01a1ng th\u01a1m c\u1ee7a c\u00e0 ph\u00ea v\u00e0 kem h\u00f2a quy\u1ec7n th\u00e0nh m\u1ed9t white stout \u0111\u1eadm \u0111\u00e0.","og_url":"http:\/\/52.77.24.187\/vi\/san-pham\/hod-great-silence-white-pastry-stout\/","og_site_name":"The Bottle Shop","article_publisher":"https:\/\/www.facebook.com\/thebottleshopvietnam","article_modified_time":"2024-04-16T01:02:41+00:00","og_image":[{"width":1080,"height":1080,"url":"https:\/\/mlsrfcxkkbzg.i.optimole.com\/cb:JbP2.215d7\/w:auto\/h:auto\/q:mauto\/ig:avif\/http:\/\/52.77.24.187\/wp-content\/uploads\/2023\/12\/Heart-of-Darkness-Great-Silence-White-Pastry-Stout.png","type":"image\/png"}],"twitter_card":"summary_large_image","twitter_misc":{"Est. reading time":"1 minute"},"schema":{"@context":"https:\/\/schema.org","@graph":[{"@type":"WebPage","@id":"http:\/\/52.77.24.187\/vi\/san-pham\/hod-great-silence-white-pastry-stout\/","url":"http:\/\/52.77.24.187\/vi\/san-pham\/hod-great-silence-white-pastry-stout\/","name":"Heart of Darkness Great Silence White Pastry Stout - The Bottle Shop","isPartOf":{"@id":"http:\/\/52.77.24.187\/#website"},"primaryImageOfPage":{"@id":"http:\/\/52.77.24.187\/vi\/san-pham\/hod-great-silence-white-pastry-stout\/#primaryimage"},"image":{"@id":"http:\/\/52.77.24.187\/vi\/san-pham\/hod-great-silence-white-pastry-stout\/#primaryimage"},"thumbnailUrl":"https:\/\/mlsrfcxkkbzg.i.optimole.com\/cb:JbP2.215d7\/w:auto\/h:auto\/q:mauto\/ig:avif\/https:\/\/thebottleshop.vn\/wp-content\/uploads\/2023\/12\/Heart-of-Darkness-Great-Silence-White-Pastry-Stout.png","datePublished":"2023-12-31T05:52:38+00:00","dateModified":"2024-04-16T01:02:41+00:00","description":"Heart of Darkness Great Silence White Pastry Stout. H\u01b0\u01a1ng th\u01a1m c\u1ee7a c\u00e0 ph\u00ea v\u00e0 kem h\u00f2a quy\u1ec7n th\u00e0nh m\u1ed9t white stout \u0111\u1eadm \u0111\u00e0.","breadcrumb":{"@id":"http:\/\/52.77.24.187\/vi\/san-pham\/hod-great-silence-white-pastry-stout\/#breadcrumb"},"inLanguage":"vi-VN","potentialAction":[{"@type":"ReadAction","target":["http:\/\/52.77.24.187\/vi\/san-pham\/hod-great-silence-white-pastry-stout\/"]}]},{"@type":"ImageObject","inLanguage":"vi-VN","@id":"http:\/\/52.77.24.187\/vi\/san-pham\/hod-great-silence-white-pastry-stout\/#primaryimage","url":"https:\/\/mlsrfcxkkbzg.i.optimole.com\/cb:JbP2.215d7\/w:auto\/h:auto\/q:mauto\/ig:avif\/https:\/\/thebottleshop.vn\/wp-content\/uploads\/2023\/12\/Heart-of-Darkness-Great-Silence-White-Pastry-Stout.png","contentUrl":"https:\/\/mlsrfcxkkbzg.i.optimole.com\/cb:JbP2.215d7\/w:auto\/h:auto\/q:mauto\/ig:avif\/https:\/\/thebottleshop.vn\/wp-content\/uploads\/2023\/12\/Heart-of-Darkness-Great-Silence-White-Pastry-Stout.png","width":1080,"height":1080,"caption":"Heart of Darkness Great Silence White Pastry Stout"},{"@type":"BreadcrumbList","@id":"http:\/\/52.77.24.187\/vi\/san-pham\/hod-great-silence-white-pastry-stout\/#breadcrumb","itemListElement":[{"@type":"ListItem","position":1,"name":"Home","item":"http:\/\/52.77.24.187\/vi\/test-popup-vi\/"},{"@type":"ListItem","position":2,"name":"C\u1eeda h\u00e0ng","item":"http:\/\/52.77.24.187\/vi\/cua-hang\/"},{"@type":"ListItem","position":3,"name":"Heart of Darkness Great Silence White Pastry Stout"}]},{"@type":"WebSite","@id":"http:\/\/52.77.24.187\/#website","url":"http:\/\/52.77.24.187\/","name":"The Bottle Shop","description":"All beers are not created equal","publisher":{"@id":"http:\/\/52.77.24.187\/#organization"},"potentialAction":[{"@type":"SearchAction","target":{"@type":"EntryPoint","urlTemplate":"http:\/\/52.77.24.187\/?s={search_term_string}"},"query-input":{"@type":"PropertyValueSpecification","valueRequired":true,"valueName":"search_term_string"}}],"inLanguage":"vi-VN"},{"@type":"Organization","@id":"http:\/\/52.77.24.187\/#organization","name":"The Bottle Shop","url":"http:\/\/52.77.24.187\/","logo":{"@type":"ImageObject","inLanguage":"vi-VN","@id":"http:\/\/52.77.24.187\/#\/schema\/logo\/image\/","url":"https:\/\/mlsrfcxkkbzg.i.optimole.com\/cb:JbP2.215d7\/w:auto\/h:auto\/q:mauto\/ig:avif\/https:\/\/thebottleshop.vn\/wp-content\/uploads\/2022\/10\/The-Bottle-Shop-Online-Logo.png","contentUrl":"https:\/\/mlsrfcxkkbzg.i.optimole.com\/cb:JbP2.215d7\/w:auto\/h:auto\/q:mauto\/ig:avif\/https:\/\/thebottleshop.vn\/wp-content\/uploads\/2022\/10\/The-Bottle-Shop-Online-Logo.png","width":145,"height":147,"caption":"The Bottle Shop"},"image":{"@id":"http:\/\/52.77.24.187\/#\/schema\/logo\/image\/"},"sameAs":["https:\/\/www.facebook.com\/thebottleshopvietnam","https:\/\/www.instagram.com\/thebottleshop_vietnam\/"]}]}},"_links":{"self":[{"href":"https:\/\/thebottleshop.vn\/vi\/wp-json\/wp\/v2\/product\/18819","targetHints":{"allow":["GET"]}}],"collection":[{"href":"https:\/\/thebottleshop.vn\/vi\/wp-json\/wp\/v2\/product"}],"about":[{"href":"https:\/\/thebottleshop.vn\/vi\/wp-json\/wp\/v2\/types\/product"}],"replies":[{"embeddable":true,"href":"https:\/\/thebottleshop.vn\/vi\/wp-json\/wp\/v2\/comments?post=18819"}],"wp:featuredmedia":[{"embeddable":true,"href":"https:\/\/thebottleshop.vn\/vi\/wp-json\/wp\/v2\/media\/18786"}],"wp:attachment":[{"href":"https:\/\/thebottleshop.vn\/vi\/wp-json\/wp\/v2\/media?parent=18819"}],"wp:term":[{"taxonomy":"product_brand","embeddable":true,"href":"https:\/\/thebottleshop.vn\/vi\/wp-json\/wp\/v2\/product_brand?post=18819"},{"taxonomy":"product_cat","embeddable":true,"href":"https:\/\/thebottleshop.vn\/vi\/wp-json\/wp\/v2\/product_cat?post=18819"},{"taxonomy":"product_tag","embeddable":true,"href":"https:\/\/thebottleshop.vn\/vi\/wp-json\/wp\/v2\/product_tag?post=18819"}],"curies":[{"name":"wp","href":"https:\/\/api.w.org\/{rel}","templated":true}]}}