{"id":19001,"date":"2024-01-27T12:44:22","date_gmt":"2024-01-27T05:44:22","guid":{"rendered":"https:\/\/thebottleshop.vn\/product\/labtory-quyt-tale-mandarin-tripel\/"},"modified":"2024-01-27T13:39:19","modified_gmt":"2024-01-27T06:39:19","slug":"labtory-quyt-tale-mandarin-tripel","status":"publish","type":"product","link":"https:\/\/thebottleshop.vn\/vi\/san-pham\/labtory-quyt-tale-mandarin-tripel\/","title":{"rendered":"Labtory Qu\u00fdt Tale Mandarin Tripel"},"content":{"rendered":"<p>Labtory Qu\u00fdt Tale Mandarin Tripel is a golden beer with the fresh scent of mandarin peel and coriander combined with the rich and complex taste of a Belgian Tripel. \u0110\u1ed9 \u0111\u1eafng cao nh\u01b0ng \u00eam d\u1ecbu t\u1eeb hoa bia qu\u00fd t\u1ed9c ch\u00e2u \u00c2u.<\/p>\n<p>Th\u00f4ng qua Qu\u00fdt Tale, Labtory mu\u1ed1n k\u1ec3 b\u1ea1n nghe c\u00e2u chuy\u1ec7n v\u1ec1 qu\u1ea3 qu\u00fdt gi\u1ea5y, m\u1ed9t \u0111\u1eb7c s\u1ea3n c\u1ee7a th\u1ecb tr\u1ea5n c\u1ed5 tr\u00ean l\u01b0ng \u0111\u00e8o &#8211; D&#8217;ran, L\u00e2m \u0110\u1ed3ng. \u0110\u00f3 c\u00f2n l\u00e0 c\u00e2u chuy\u1ec7n v\u1ec1 Qu\u00fdt Ta Ale t\u1ee9c l\u00e0 Bia t\u1eeb Qu\u00fdt Ta. H\u00e3y \u0111\u1ec3 t\u1eebng c\u00e1i nh\u1ea5p m\u00f4i h\u00e9 m\u1edf cho b\u1ea1n nh\u1eefng c\u00e2u chuy\u1ec7n k\u1ec3 th\u00fa v\u1ecb v\u1ec1 lo\u1ea1i n\u00f4ng s\u1ea3n \u0111\u1eb7c s\u1eafc v\u00f9ng T\u00e2y Nguy\u00ean n\u00e0y.<\/p>\n<p>\u2014\u2013<br \/>\nXem th\u01b0 vi\u1ec7n h\u00ecnh \u1ea3nh \u0111\u1ec3 bi\u1ebft th\u00eam th\u00f4ng tin chi ti\u1ebft v\u1ec1 ngu\u1ed3n g\u1ed1c, th\u00e0nh ph\u1ea7n v\u00e0 h\u01b0\u1edbng d\u1eabn s\u1eed d\u1ee5ng c\u1ee7a s\u1ea3n ph\u1ea9m.<\/p>\n","protected":false},"excerpt":{"rendered":"<p><strong>Qu\u00fdt ta, \u0110\u1eadm \u0111\u00e0, \u0110a d\u1ea1ng 11%<\/strong><\/p>\n","protected":false},"featured_media":19000,"comment_status":"open","ping_status":"closed","template":"","meta":{"_acf_changed":false},"product_brand":[],"product_cat":[390,337,380,423,349,362,342,351,366,345,377,339,341,352,584],"product_tag":[],"class_list":{"0":"post-19001","1":"product","2":"type-product","3":"status-publish","4":"has-post-thumbnail","6":"product_cat-vietnam-hanoi","7":"product_cat-bia-va-cider","8":"product_cat-40-59","9":"product_cat-100k-149k","10":"product_cat-1-0-2-5","11":"product_cat-bia-kieu-bi","12":"product_cat-chai-330-ml","13":"product_cat-dong-bia","14":"product_cat-nha-san-xuat","15":"product_cat-abv-vi","16":"product_cat-ibu","17":"product_cat-xuat-xu","18":"product_cat-dong-goi","19":"product_cat-gia","20":"product_cat-labtory-brewing-co-vi","22":"first","23":"instock","24":"shipping-taxable","25":"purchasable","26":"product-type-simple","27":"add-to-wishlist-before_image"},"acf":[],"yoast_head":"<!-- This site is optimized with the Yoast SEO plugin v27.2 - https:\/\/yoast.com\/product\/yoast-seo-wordpress\/ -->\n<title>Labtory Qu\u00fdt Tale Mandarin Tripel - The Bottle Shop<\/title>\n<meta name=\"description\" content=\"Labtory Qu\u00fdt Tale Mandarin Tripel mang m\u00f9i h\u01b0\u01a1ng c\u1ee7a v\u1ecf qu\u00fdt ta, k\u1ebft h\u1ee3p c\u00f9ng v\u1ecb \u0111\u1eadm \u0111\u00e0, ph\u1ee9c t\u1ea1p c\u1ee7a phong c\u00e1ch bia Tripel B\u1ec9.\" \/>\n<meta name=\"robots\" content=\"index, follow, max-snippet:-1, max-image-preview:large, max-video-preview:-1\" \/>\n<link rel=\"canonical\" href=\"http:\/\/52.77.24.187\/vi\/san-pham\/labtory-quyt-tale-mandarin-tripel\/\" \/>\n<meta property=\"og:locale\" content=\"vi_VN\" \/>\n<meta property=\"og:type\" content=\"article\" \/>\n<meta property=\"og:title\" content=\"Labtory Qu\u00fdt Tale Mandarin Tripel - The Bottle Shop\" \/>\n<meta property=\"og:description\" content=\"Labtory Qu\u00fdt Tale Mandarin Tripel mang m\u00f9i h\u01b0\u01a1ng c\u1ee7a v\u1ecf qu\u00fdt ta, k\u1ebft h\u1ee3p c\u00f9ng v\u1ecb \u0111\u1eadm \u0111\u00e0, ph\u1ee9c t\u1ea1p c\u1ee7a phong c\u00e1ch bia Tripel B\u1ec9.\" \/>\n<meta property=\"og:url\" content=\"http:\/\/52.77.24.187\/vi\/san-pham\/labtory-quyt-tale-mandarin-tripel\/\" \/>\n<meta property=\"og:site_name\" content=\"The Bottle Shop\" \/>\n<meta property=\"article:publisher\" content=\"https:\/\/www.facebook.com\/thebottleshopvietnam\" \/>\n<meta property=\"article:modified_time\" content=\"2024-01-27T06:39:19+00:00\" \/>\n<meta property=\"og:image\" content=\"https:\/\/mlsrfcxkkbzg.i.optimole.com\/cb:JbP2.215d7\/w:auto\/h:auto\/q:mauto\/ig:avif\/http:\/\/52.77.24.187\/wp-content\/uploads\/2024\/01\/Labtory-Quyt-Tale-Mandarin-Tripel.png\" \/>\n\t<meta property=\"og:image:width\" content=\"1080\" \/>\n\t<meta property=\"og:image:height\" content=\"1080\" \/>\n\t<meta property=\"og:image:type\" content=\"image\/png\" \/>\n<meta name=\"twitter:card\" content=\"summary_large_image\" \/>\n<meta name=\"twitter:label1\" content=\"Est. reading time\" \/>\n\t<meta name=\"twitter:data1\" content=\"1 minute\" \/>\n<script type=\"application\/ld+json\" class=\"yoast-schema-graph\">{\"@context\":\"https:\/\/schema.org\",\"@graph\":[{\"@type\":\"WebPage\",\"@id\":\"http:\/\/52.77.24.187\/vi\/san-pham\/labtory-quyt-tale-mandarin-tripel\/\",\"url\":\"http:\/\/52.77.24.187\/vi\/san-pham\/labtory-quyt-tale-mandarin-tripel\/\",\"name\":\"Labtory Qu\u00fdt Tale Mandarin Tripel - The Bottle Shop\",\"isPartOf\":{\"@id\":\"http:\/\/52.77.24.187\/#website\"},\"primaryImageOfPage\":{\"@id\":\"http:\/\/52.77.24.187\/vi\/san-pham\/labtory-quyt-tale-mandarin-tripel\/#primaryimage\"},\"image\":{\"@id\":\"http:\/\/52.77.24.187\/vi\/san-pham\/labtory-quyt-tale-mandarin-tripel\/#primaryimage\"},\"thumbnailUrl\":\"https:\/\/mlsrfcxkkbzg.i.optimole.com\/cb:JbP2.215d7\/w:auto\/h:auto\/q:mauto\/ig:avif\/https:\/\/thebottleshop.vn\/wp-content\/uploads\/2024\/01\/Labtory-Quyt-Tale-Mandarin-Tripel.png\",\"datePublished\":\"2024-01-27T05:44:22+00:00\",\"dateModified\":\"2024-01-27T06:39:19+00:00\",\"description\":\"Labtory Qu\u00fdt Tale Mandarin Tripel mang m\u00f9i h\u01b0\u01a1ng c\u1ee7a v\u1ecf qu\u00fdt ta, k\u1ebft h\u1ee3p c\u00f9ng v\u1ecb \u0111\u1eadm \u0111\u00e0, ph\u1ee9c t\u1ea1p c\u1ee7a phong c\u00e1ch bia Tripel B\u1ec9.\",\"breadcrumb\":{\"@id\":\"http:\/\/52.77.24.187\/vi\/san-pham\/labtory-quyt-tale-mandarin-tripel\/#breadcrumb\"},\"inLanguage\":\"vi-VN\",\"potentialAction\":[{\"@type\":\"ReadAction\",\"target\":[\"http:\/\/52.77.24.187\/vi\/san-pham\/labtory-quyt-tale-mandarin-tripel\/\"]}]},{\"@type\":\"ImageObject\",\"inLanguage\":\"vi-VN\",\"@id\":\"http:\/\/52.77.24.187\/vi\/san-pham\/labtory-quyt-tale-mandarin-tripel\/#primaryimage\",\"url\":\"https:\/\/mlsrfcxkkbzg.i.optimole.com\/cb:JbP2.215d7\/w:auto\/h:auto\/q:mauto\/ig:avif\/https:\/\/thebottleshop.vn\/wp-content\/uploads\/2024\/01\/Labtory-Quyt-Tale-Mandarin-Tripel.png\",\"contentUrl\":\"https:\/\/mlsrfcxkkbzg.i.optimole.com\/cb:JbP2.215d7\/w:auto\/h:auto\/q:mauto\/ig:avif\/https:\/\/thebottleshop.vn\/wp-content\/uploads\/2024\/01\/Labtory-Quyt-Tale-Mandarin-Tripel.png\",\"width\":1080,\"height\":1080,\"caption\":\"Labtory Quyt Tale Mandarin Tripel\"},{\"@type\":\"BreadcrumbList\",\"@id\":\"http:\/\/52.77.24.187\/vi\/san-pham\/labtory-quyt-tale-mandarin-tripel\/#breadcrumb\",\"itemListElement\":[{\"@type\":\"ListItem\",\"position\":1,\"name\":\"Home\",\"item\":\"http:\/\/52.77.24.187\/vi\/test-popup-vi\/\"},{\"@type\":\"ListItem\",\"position\":2,\"name\":\"C\u1eeda h\u00e0ng\",\"item\":\"http:\/\/52.77.24.187\/vi\/cua-hang\/\"},{\"@type\":\"ListItem\",\"position\":3,\"name\":\"Labtory Qu\u00fdt Tale Mandarin Tripel\"}]},{\"@type\":\"WebSite\",\"@id\":\"http:\/\/52.77.24.187\/#website\",\"url\":\"http:\/\/52.77.24.187\/\",\"name\":\"The Bottle Shop\",\"description\":\"All beers are not created equal\",\"publisher\":{\"@id\":\"http:\/\/52.77.24.187\/#organization\"},\"potentialAction\":[{\"@type\":\"SearchAction\",\"target\":{\"@type\":\"EntryPoint\",\"urlTemplate\":\"http:\/\/52.77.24.187\/?s={search_term_string}\"},\"query-input\":{\"@type\":\"PropertyValueSpecification\",\"valueRequired\":true,\"valueName\":\"search_term_string\"}}],\"inLanguage\":\"vi-VN\"},{\"@type\":\"Organization\",\"@id\":\"http:\/\/52.77.24.187\/#organization\",\"name\":\"The Bottle Shop\",\"url\":\"http:\/\/52.77.24.187\/\",\"logo\":{\"@type\":\"ImageObject\",\"inLanguage\":\"vi-VN\",\"@id\":\"http:\/\/52.77.24.187\/#\/schema\/logo\/image\/\",\"url\":\"https:\/\/mlsrfcxkkbzg.i.optimole.com\/cb:JbP2.215d7\/w:auto\/h:auto\/q:mauto\/ig:avif\/https:\/\/thebottleshop.vn\/wp-content\/uploads\/2022\/10\/The-Bottle-Shop-Online-Logo.png\",\"contentUrl\":\"https:\/\/mlsrfcxkkbzg.i.optimole.com\/cb:JbP2.215d7\/w:auto\/h:auto\/q:mauto\/ig:avif\/https:\/\/thebottleshop.vn\/wp-content\/uploads\/2022\/10\/The-Bottle-Shop-Online-Logo.png\",\"width\":145,\"height\":147,\"caption\":\"The Bottle Shop\"},\"image\":{\"@id\":\"http:\/\/52.77.24.187\/#\/schema\/logo\/image\/\"},\"sameAs\":[\"https:\/\/www.facebook.com\/thebottleshopvietnam\",\"https:\/\/www.instagram.com\/thebottleshop_vietnam\/\"]}]}<\/script>\n<!-- \/ Yoast SEO plugin. -->","yoast_head_json":{"title":"Labtory Qu\u00fdt Tale Mandarin Tripel - The Bottle Shop","description":"Labtory Qu\u00fdt Tale Mandarin Tripel mang m\u00f9i h\u01b0\u01a1ng c\u1ee7a v\u1ecf qu\u00fdt ta, k\u1ebft h\u1ee3p c\u00f9ng v\u1ecb \u0111\u1eadm \u0111\u00e0, ph\u1ee9c t\u1ea1p c\u1ee7a phong c\u00e1ch bia Tripel B\u1ec9.","robots":{"index":"index","follow":"follow","max-snippet":"max-snippet:-1","max-image-preview":"max-image-preview:large","max-video-preview":"max-video-preview:-1"},"canonical":"http:\/\/52.77.24.187\/vi\/san-pham\/labtory-quyt-tale-mandarin-tripel\/","og_locale":"vi_VN","og_type":"article","og_title":"Labtory Qu\u00fdt Tale Mandarin Tripel - The Bottle Shop","og_description":"Labtory Qu\u00fdt Tale Mandarin Tripel mang m\u00f9i h\u01b0\u01a1ng c\u1ee7a v\u1ecf qu\u00fdt ta, k\u1ebft h\u1ee3p c\u00f9ng v\u1ecb \u0111\u1eadm \u0111\u00e0, ph\u1ee9c t\u1ea1p c\u1ee7a phong c\u00e1ch bia Tripel B\u1ec9.","og_url":"http:\/\/52.77.24.187\/vi\/san-pham\/labtory-quyt-tale-mandarin-tripel\/","og_site_name":"The Bottle Shop","article_publisher":"https:\/\/www.facebook.com\/thebottleshopvietnam","article_modified_time":"2024-01-27T06:39:19+00:00","og_image":[{"width":1080,"height":1080,"url":"https:\/\/mlsrfcxkkbzg.i.optimole.com\/cb:JbP2.215d7\/w:auto\/h:auto\/q:mauto\/ig:avif\/http:\/\/52.77.24.187\/wp-content\/uploads\/2024\/01\/Labtory-Quyt-Tale-Mandarin-Tripel.png","type":"image\/png"}],"twitter_card":"summary_large_image","twitter_misc":{"Est. reading time":"1 minute"},"schema":{"@context":"https:\/\/schema.org","@graph":[{"@type":"WebPage","@id":"http:\/\/52.77.24.187\/vi\/san-pham\/labtory-quyt-tale-mandarin-tripel\/","url":"http:\/\/52.77.24.187\/vi\/san-pham\/labtory-quyt-tale-mandarin-tripel\/","name":"Labtory Qu\u00fdt Tale Mandarin Tripel - The Bottle Shop","isPartOf":{"@id":"http:\/\/52.77.24.187\/#website"},"primaryImageOfPage":{"@id":"http:\/\/52.77.24.187\/vi\/san-pham\/labtory-quyt-tale-mandarin-tripel\/#primaryimage"},"image":{"@id":"http:\/\/52.77.24.187\/vi\/san-pham\/labtory-quyt-tale-mandarin-tripel\/#primaryimage"},"thumbnailUrl":"https:\/\/mlsrfcxkkbzg.i.optimole.com\/cb:JbP2.215d7\/w:auto\/h:auto\/q:mauto\/ig:avif\/https:\/\/thebottleshop.vn\/wp-content\/uploads\/2024\/01\/Labtory-Quyt-Tale-Mandarin-Tripel.png","datePublished":"2024-01-27T05:44:22+00:00","dateModified":"2024-01-27T06:39:19+00:00","description":"Labtory Qu\u00fdt Tale Mandarin Tripel mang m\u00f9i h\u01b0\u01a1ng c\u1ee7a v\u1ecf qu\u00fdt ta, k\u1ebft h\u1ee3p c\u00f9ng v\u1ecb \u0111\u1eadm \u0111\u00e0, ph\u1ee9c t\u1ea1p c\u1ee7a phong c\u00e1ch bia Tripel B\u1ec9.","breadcrumb":{"@id":"http:\/\/52.77.24.187\/vi\/san-pham\/labtory-quyt-tale-mandarin-tripel\/#breadcrumb"},"inLanguage":"vi-VN","potentialAction":[{"@type":"ReadAction","target":["http:\/\/52.77.24.187\/vi\/san-pham\/labtory-quyt-tale-mandarin-tripel\/"]}]},{"@type":"ImageObject","inLanguage":"vi-VN","@id":"http:\/\/52.77.24.187\/vi\/san-pham\/labtory-quyt-tale-mandarin-tripel\/#primaryimage","url":"https:\/\/mlsrfcxkkbzg.i.optimole.com\/cb:JbP2.215d7\/w:auto\/h:auto\/q:mauto\/ig:avif\/https:\/\/thebottleshop.vn\/wp-content\/uploads\/2024\/01\/Labtory-Quyt-Tale-Mandarin-Tripel.png","contentUrl":"https:\/\/mlsrfcxkkbzg.i.optimole.com\/cb:JbP2.215d7\/w:auto\/h:auto\/q:mauto\/ig:avif\/https:\/\/thebottleshop.vn\/wp-content\/uploads\/2024\/01\/Labtory-Quyt-Tale-Mandarin-Tripel.png","width":1080,"height":1080,"caption":"Labtory Quyt Tale Mandarin Tripel"},{"@type":"BreadcrumbList","@id":"http:\/\/52.77.24.187\/vi\/san-pham\/labtory-quyt-tale-mandarin-tripel\/#breadcrumb","itemListElement":[{"@type":"ListItem","position":1,"name":"Home","item":"http:\/\/52.77.24.187\/vi\/test-popup-vi\/"},{"@type":"ListItem","position":2,"name":"C\u1eeda h\u00e0ng","item":"http:\/\/52.77.24.187\/vi\/cua-hang\/"},{"@type":"ListItem","position":3,"name":"Labtory Qu\u00fdt Tale Mandarin Tripel"}]},{"@type":"WebSite","@id":"http:\/\/52.77.24.187\/#website","url":"http:\/\/52.77.24.187\/","name":"The Bottle Shop","description":"All beers are not created equal","publisher":{"@id":"http:\/\/52.77.24.187\/#organization"},"potentialAction":[{"@type":"SearchAction","target":{"@type":"EntryPoint","urlTemplate":"http:\/\/52.77.24.187\/?s={search_term_string}"},"query-input":{"@type":"PropertyValueSpecification","valueRequired":true,"valueName":"search_term_string"}}],"inLanguage":"vi-VN"},{"@type":"Organization","@id":"http:\/\/52.77.24.187\/#organization","name":"The Bottle Shop","url":"http:\/\/52.77.24.187\/","logo":{"@type":"ImageObject","inLanguage":"vi-VN","@id":"http:\/\/52.77.24.187\/#\/schema\/logo\/image\/","url":"https:\/\/mlsrfcxkkbzg.i.optimole.com\/cb:JbP2.215d7\/w:auto\/h:auto\/q:mauto\/ig:avif\/https:\/\/thebottleshop.vn\/wp-content\/uploads\/2022\/10\/The-Bottle-Shop-Online-Logo.png","contentUrl":"https:\/\/mlsrfcxkkbzg.i.optimole.com\/cb:JbP2.215d7\/w:auto\/h:auto\/q:mauto\/ig:avif\/https:\/\/thebottleshop.vn\/wp-content\/uploads\/2022\/10\/The-Bottle-Shop-Online-Logo.png","width":145,"height":147,"caption":"The Bottle Shop"},"image":{"@id":"http:\/\/52.77.24.187\/#\/schema\/logo\/image\/"},"sameAs":["https:\/\/www.facebook.com\/thebottleshopvietnam","https:\/\/www.instagram.com\/thebottleshop_vietnam\/"]}]}},"_links":{"self":[{"href":"https:\/\/thebottleshop.vn\/vi\/wp-json\/wp\/v2\/product\/19001","targetHints":{"allow":["GET"]}}],"collection":[{"href":"https:\/\/thebottleshop.vn\/vi\/wp-json\/wp\/v2\/product"}],"about":[{"href":"https:\/\/thebottleshop.vn\/vi\/wp-json\/wp\/v2\/types\/product"}],"replies":[{"embeddable":true,"href":"https:\/\/thebottleshop.vn\/vi\/wp-json\/wp\/v2\/comments?post=19001"}],"wp:featuredmedia":[{"embeddable":true,"href":"https:\/\/thebottleshop.vn\/vi\/wp-json\/wp\/v2\/media\/19000"}],"wp:attachment":[{"href":"https:\/\/thebottleshop.vn\/vi\/wp-json\/wp\/v2\/media?parent=19001"}],"wp:term":[{"taxonomy":"product_brand","embeddable":true,"href":"https:\/\/thebottleshop.vn\/vi\/wp-json\/wp\/v2\/product_brand?post=19001"},{"taxonomy":"product_cat","embeddable":true,"href":"https:\/\/thebottleshop.vn\/vi\/wp-json\/wp\/v2\/product_cat?post=19001"},{"taxonomy":"product_tag","embeddable":true,"href":"https:\/\/thebottleshop.vn\/vi\/wp-json\/wp\/v2\/product_tag?post=19001"}],"curies":[{"name":"wp","href":"https:\/\/api.w.org\/{rel}","templated":true}]}}