{"id":19027,"date":"2024-01-27T14:13:54","date_gmt":"2024-01-27T07:18:55","guid":{"rendered":"https:\/\/thebottleshop.vn\/product\/barett-lucky-dragon-ruby-weizen\/"},"modified":"2024-01-27T14:21:22","modified_gmt":"2024-01-27T07:21:22","slug":"barett-lucky-dragon-ruby-weizen","status":"publish","type":"product","link":"https:\/\/thebottleshop.vn\/vi\/san-pham\/barett-lucky-dragon-ruby-weizen\/","title":{"rendered":"Barett Lucky Dragon Ruby Weizen"},"content":{"rendered":"<p>Barett Lucky Dragon Ruby Weizen. L\u1ea1c v\u00e0o v\u00f9ng \u0111\u1ea5t c\u1ee7a lo\u00e0i R\u1ed3ng, \u00f4ng Barett t\u00ecm th\u1ea5y m\u1ed9t th\u1ee9 qu\u1ea3 m\u1ecdng n\u01b0\u1edbc m\u00e0u \u0111\u1ecf. Nh\u1edd v\u00e0o t\u00e0i n\u0103ng n\u1ea5u bia c\u1ee7a m\u00ecnh, \u00f4ng \u0111\u00e3 s\u00e1ng t\u1ea1o ra c\u00f4ng th\u1ee9c bia Lucky Dragon v\u1edbi m\u00e0u \u0111\u1ecf ruby b\u1eaft m\u1eaft khi\u1ebfn lo\u00e0i R\u1ed3ng say m\u00ea.<\/p>\n<p>\u2014\u2013<br \/>\nXem th\u01b0 vi\u1ec7n h\u00ecnh \u1ea3nh \u0111\u1ec3 bi\u1ebft th\u00eam th\u00f4ng tin chi ti\u1ebft v\u1ec1 ngu\u1ed3n g\u1ed1c, th\u00e0nh ph\u1ea7n v\u00e0 h\u01b0\u1edbng d\u1eabn s\u1eed d\u1ee5ng c\u1ee7a s\u1ea3n ph\u1ea9m.<\/p>\n","protected":false},"excerpt":{"rendered":"<p><strong>Thanh long, Tr\u00e1i c\u00e2y, D\u1ecbu nh\u1eb9 5%<\/strong><\/p>\n","protected":false},"featured_media":19026,"comment_status":"open","ping_status":"closed","template":"","meta":{"_acf_changed":false},"product_brand":[],"product_cat":[378,390,353,337,347,435,419,351,366,345,377,339,341,352,344],"product_tag":[],"class_list":{"0":"post-19027","1":"product","2":"type-product","3":"status-publish","4":"has-post-thumbnail","6":"product_cat-00-19","7":"product_cat-vietnam-hanoi","8":"product_cat-50k-74k","9":"product_cat-bia-va-cider","10":"product_cat-4-5-9","11":"product_cat-barett-craft-beer","12":"product_cat-bia-lua-mi","13":"product_cat-dong-bia","14":"product_cat-nha-san-xuat","15":"product_cat-abv-vi","16":"product_cat-ibu","17":"product_cat-xuat-xu","18":"product_cat-dong-goi","19":"product_cat-gia","20":"product_cat-lon-330-ml","22":"first","23":"outofstock","24":"shipping-taxable","25":"purchasable","26":"product-type-simple","27":"add-to-wishlist-before_image"},"acf":[],"yoast_head":"<!-- This site is optimized with the Yoast SEO plugin v27.2 - https:\/\/yoast.com\/product\/yoast-seo-wordpress\/ -->\n<title>Barett Lucky Dragon Ruby Weizen - The Bottle Shop<\/title>\n<meta name=\"description\" content=\"Barett Lucky Dragon Ruby Weizen. L\u1ea1c v\u00e0o v\u00f9ng \u0111\u1ea5t c\u1ee7a lo\u00e0i R\u1ed3ng, \u00f4ng Barett t\u00ecm th\u1ea5y m\u1ed9t th\u1ee9 qu\u1ea3 m\u1ecdng n\u01b0\u1edbc m\u00e0u \u0111\u1ecf.\" \/>\n<meta name=\"robots\" content=\"index, follow, max-snippet:-1, max-image-preview:large, max-video-preview:-1\" \/>\n<link rel=\"canonical\" href=\"http:\/\/52.77.24.187\/vi\/san-pham\/barett-lucky-dragon-ruby-weizen\/\" \/>\n<meta property=\"og:locale\" content=\"vi_VN\" \/>\n<meta property=\"og:type\" content=\"article\" \/>\n<meta property=\"og:title\" content=\"Barett Lucky Dragon Ruby Weizen - The Bottle Shop\" \/>\n<meta property=\"og:description\" content=\"Barett Lucky Dragon Ruby Weizen. L\u1ea1c v\u00e0o v\u00f9ng \u0111\u1ea5t c\u1ee7a lo\u00e0i R\u1ed3ng, \u00f4ng Barett t\u00ecm th\u1ea5y m\u1ed9t th\u1ee9 qu\u1ea3 m\u1ecdng n\u01b0\u1edbc m\u00e0u \u0111\u1ecf.\" \/>\n<meta property=\"og:url\" content=\"http:\/\/52.77.24.187\/vi\/san-pham\/barett-lucky-dragon-ruby-weizen\/\" \/>\n<meta property=\"og:site_name\" content=\"The Bottle Shop\" \/>\n<meta property=\"article:publisher\" content=\"https:\/\/www.facebook.com\/thebottleshopvietnam\" \/>\n<meta property=\"article:modified_time\" content=\"2024-01-27T07:21:22+00:00\" \/>\n<meta property=\"og:image\" content=\"https:\/\/mlsrfcxkkbzg.i.optimole.com\/cb:JbP2.215d7\/w:auto\/h:auto\/q:mauto\/ig:avif\/http:\/\/52.77.24.187\/wp-content\/uploads\/2024\/01\/Barett-Lucky-Dragon-Ruby-Weizen.png\" \/>\n\t<meta property=\"og:image:width\" content=\"1080\" \/>\n\t<meta property=\"og:image:height\" content=\"1080\" \/>\n\t<meta property=\"og:image:type\" content=\"image\/png\" \/>\n<meta name=\"twitter:card\" content=\"summary_large_image\" \/>\n<meta name=\"twitter:label1\" content=\"Est. reading time\" \/>\n\t<meta name=\"twitter:data1\" content=\"1 minute\" \/>\n<script type=\"application\/ld+json\" class=\"yoast-schema-graph\">{\"@context\":\"https:\/\/schema.org\",\"@graph\":[{\"@type\":\"WebPage\",\"@id\":\"http:\/\/52.77.24.187\/vi\/san-pham\/barett-lucky-dragon-ruby-weizen\/\",\"url\":\"http:\/\/52.77.24.187\/vi\/san-pham\/barett-lucky-dragon-ruby-weizen\/\",\"name\":\"Barett Lucky Dragon Ruby Weizen - The Bottle Shop\",\"isPartOf\":{\"@id\":\"http:\/\/52.77.24.187\/#website\"},\"primaryImageOfPage\":{\"@id\":\"http:\/\/52.77.24.187\/vi\/san-pham\/barett-lucky-dragon-ruby-weizen\/#primaryimage\"},\"image\":{\"@id\":\"http:\/\/52.77.24.187\/vi\/san-pham\/barett-lucky-dragon-ruby-weizen\/#primaryimage\"},\"thumbnailUrl\":\"https:\/\/mlsrfcxkkbzg.i.optimole.com\/cb:JbP2.215d7\/w:auto\/h:auto\/q:mauto\/ig:avif\/https:\/\/thebottleshop.vn\/wp-content\/uploads\/2024\/01\/Barett-Lucky-Dragon-Ruby-Weizen.png\",\"datePublished\":\"2024-01-27T07:18:55+00:00\",\"dateModified\":\"2024-01-27T07:21:22+00:00\",\"description\":\"Barett Lucky Dragon Ruby Weizen. L\u1ea1c v\u00e0o v\u00f9ng \u0111\u1ea5t c\u1ee7a lo\u00e0i R\u1ed3ng, \u00f4ng Barett t\u00ecm th\u1ea5y m\u1ed9t th\u1ee9 qu\u1ea3 m\u1ecdng n\u01b0\u1edbc m\u00e0u \u0111\u1ecf.\",\"breadcrumb\":{\"@id\":\"http:\/\/52.77.24.187\/vi\/san-pham\/barett-lucky-dragon-ruby-weizen\/#breadcrumb\"},\"inLanguage\":\"vi-VN\",\"potentialAction\":[{\"@type\":\"ReadAction\",\"target\":[\"http:\/\/52.77.24.187\/vi\/san-pham\/barett-lucky-dragon-ruby-weizen\/\"]}]},{\"@type\":\"ImageObject\",\"inLanguage\":\"vi-VN\",\"@id\":\"http:\/\/52.77.24.187\/vi\/san-pham\/barett-lucky-dragon-ruby-weizen\/#primaryimage\",\"url\":\"https:\/\/mlsrfcxkkbzg.i.optimole.com\/cb:JbP2.215d7\/w:auto\/h:auto\/q:mauto\/ig:avif\/https:\/\/thebottleshop.vn\/wp-content\/uploads\/2024\/01\/Barett-Lucky-Dragon-Ruby-Weizen.png\",\"contentUrl\":\"https:\/\/mlsrfcxkkbzg.i.optimole.com\/cb:JbP2.215d7\/w:auto\/h:auto\/q:mauto\/ig:avif\/https:\/\/thebottleshop.vn\/wp-content\/uploads\/2024\/01\/Barett-Lucky-Dragon-Ruby-Weizen.png\",\"width\":1080,\"height\":1080,\"caption\":\"Barett Lucky Dragon Ruby Weizen\"},{\"@type\":\"BreadcrumbList\",\"@id\":\"http:\/\/52.77.24.187\/vi\/san-pham\/barett-lucky-dragon-ruby-weizen\/#breadcrumb\",\"itemListElement\":[{\"@type\":\"ListItem\",\"position\":1,\"name\":\"Home\",\"item\":\"http:\/\/52.77.24.187\/vi\/test-popup-vi\/\"},{\"@type\":\"ListItem\",\"position\":2,\"name\":\"C\u1eeda h\u00e0ng\",\"item\":\"http:\/\/52.77.24.187\/vi\/cua-hang\/\"},{\"@type\":\"ListItem\",\"position\":3,\"name\":\"Barett Lucky Dragon Ruby Weizen\"}]},{\"@type\":\"WebSite\",\"@id\":\"http:\/\/52.77.24.187\/#website\",\"url\":\"http:\/\/52.77.24.187\/\",\"name\":\"The Bottle Shop\",\"description\":\"All beers are not created equal\",\"publisher\":{\"@id\":\"http:\/\/52.77.24.187\/#organization\"},\"potentialAction\":[{\"@type\":\"SearchAction\",\"target\":{\"@type\":\"EntryPoint\",\"urlTemplate\":\"http:\/\/52.77.24.187\/?s={search_term_string}\"},\"query-input\":{\"@type\":\"PropertyValueSpecification\",\"valueRequired\":true,\"valueName\":\"search_term_string\"}}],\"inLanguage\":\"vi-VN\"},{\"@type\":\"Organization\",\"@id\":\"http:\/\/52.77.24.187\/#organization\",\"name\":\"The Bottle Shop\",\"url\":\"http:\/\/52.77.24.187\/\",\"logo\":{\"@type\":\"ImageObject\",\"inLanguage\":\"vi-VN\",\"@id\":\"http:\/\/52.77.24.187\/#\/schema\/logo\/image\/\",\"url\":\"https:\/\/mlsrfcxkkbzg.i.optimole.com\/cb:JbP2.215d7\/w:auto\/h:auto\/q:mauto\/ig:avif\/https:\/\/thebottleshop.vn\/wp-content\/uploads\/2022\/10\/The-Bottle-Shop-Online-Logo.png\",\"contentUrl\":\"https:\/\/mlsrfcxkkbzg.i.optimole.com\/cb:JbP2.215d7\/w:auto\/h:auto\/q:mauto\/ig:avif\/https:\/\/thebottleshop.vn\/wp-content\/uploads\/2022\/10\/The-Bottle-Shop-Online-Logo.png\",\"width\":145,\"height\":147,\"caption\":\"The Bottle Shop\"},\"image\":{\"@id\":\"http:\/\/52.77.24.187\/#\/schema\/logo\/image\/\"},\"sameAs\":[\"https:\/\/www.facebook.com\/thebottleshopvietnam\",\"https:\/\/www.instagram.com\/thebottleshop_vietnam\/\"]}]}<\/script>\n<!-- \/ Yoast SEO plugin. -->","yoast_head_json":{"title":"Barett Lucky Dragon Ruby Weizen - The Bottle Shop","description":"Barett Lucky Dragon Ruby Weizen. L\u1ea1c v\u00e0o v\u00f9ng \u0111\u1ea5t c\u1ee7a lo\u00e0i R\u1ed3ng, \u00f4ng Barett t\u00ecm th\u1ea5y m\u1ed9t th\u1ee9 qu\u1ea3 m\u1ecdng n\u01b0\u1edbc m\u00e0u \u0111\u1ecf.","robots":{"index":"index","follow":"follow","max-snippet":"max-snippet:-1","max-image-preview":"max-image-preview:large","max-video-preview":"max-video-preview:-1"},"canonical":"http:\/\/52.77.24.187\/vi\/san-pham\/barett-lucky-dragon-ruby-weizen\/","og_locale":"vi_VN","og_type":"article","og_title":"Barett Lucky Dragon Ruby Weizen - The Bottle Shop","og_description":"Barett Lucky Dragon Ruby Weizen. L\u1ea1c v\u00e0o v\u00f9ng \u0111\u1ea5t c\u1ee7a lo\u00e0i R\u1ed3ng, \u00f4ng Barett t\u00ecm th\u1ea5y m\u1ed9t th\u1ee9 qu\u1ea3 m\u1ecdng n\u01b0\u1edbc m\u00e0u \u0111\u1ecf.","og_url":"http:\/\/52.77.24.187\/vi\/san-pham\/barett-lucky-dragon-ruby-weizen\/","og_site_name":"The Bottle Shop","article_publisher":"https:\/\/www.facebook.com\/thebottleshopvietnam","article_modified_time":"2024-01-27T07:21:22+00:00","og_image":[{"width":1080,"height":1080,"url":"https:\/\/mlsrfcxkkbzg.i.optimole.com\/cb:JbP2.215d7\/w:auto\/h:auto\/q:mauto\/ig:avif\/http:\/\/52.77.24.187\/wp-content\/uploads\/2024\/01\/Barett-Lucky-Dragon-Ruby-Weizen.png","type":"image\/png"}],"twitter_card":"summary_large_image","twitter_misc":{"Est. reading time":"1 minute"},"schema":{"@context":"https:\/\/schema.org","@graph":[{"@type":"WebPage","@id":"http:\/\/52.77.24.187\/vi\/san-pham\/barett-lucky-dragon-ruby-weizen\/","url":"http:\/\/52.77.24.187\/vi\/san-pham\/barett-lucky-dragon-ruby-weizen\/","name":"Barett Lucky Dragon Ruby Weizen - The Bottle Shop","isPartOf":{"@id":"http:\/\/52.77.24.187\/#website"},"primaryImageOfPage":{"@id":"http:\/\/52.77.24.187\/vi\/san-pham\/barett-lucky-dragon-ruby-weizen\/#primaryimage"},"image":{"@id":"http:\/\/52.77.24.187\/vi\/san-pham\/barett-lucky-dragon-ruby-weizen\/#primaryimage"},"thumbnailUrl":"https:\/\/mlsrfcxkkbzg.i.optimole.com\/cb:JbP2.215d7\/w:auto\/h:auto\/q:mauto\/ig:avif\/https:\/\/thebottleshop.vn\/wp-content\/uploads\/2024\/01\/Barett-Lucky-Dragon-Ruby-Weizen.png","datePublished":"2024-01-27T07:18:55+00:00","dateModified":"2024-01-27T07:21:22+00:00","description":"Barett Lucky Dragon Ruby Weizen. L\u1ea1c v\u00e0o v\u00f9ng \u0111\u1ea5t c\u1ee7a lo\u00e0i R\u1ed3ng, \u00f4ng Barett t\u00ecm th\u1ea5y m\u1ed9t th\u1ee9 qu\u1ea3 m\u1ecdng n\u01b0\u1edbc m\u00e0u \u0111\u1ecf.","breadcrumb":{"@id":"http:\/\/52.77.24.187\/vi\/san-pham\/barett-lucky-dragon-ruby-weizen\/#breadcrumb"},"inLanguage":"vi-VN","potentialAction":[{"@type":"ReadAction","target":["http:\/\/52.77.24.187\/vi\/san-pham\/barett-lucky-dragon-ruby-weizen\/"]}]},{"@type":"ImageObject","inLanguage":"vi-VN","@id":"http:\/\/52.77.24.187\/vi\/san-pham\/barett-lucky-dragon-ruby-weizen\/#primaryimage","url":"https:\/\/mlsrfcxkkbzg.i.optimole.com\/cb:JbP2.215d7\/w:auto\/h:auto\/q:mauto\/ig:avif\/https:\/\/thebottleshop.vn\/wp-content\/uploads\/2024\/01\/Barett-Lucky-Dragon-Ruby-Weizen.png","contentUrl":"https:\/\/mlsrfcxkkbzg.i.optimole.com\/cb:JbP2.215d7\/w:auto\/h:auto\/q:mauto\/ig:avif\/https:\/\/thebottleshop.vn\/wp-content\/uploads\/2024\/01\/Barett-Lucky-Dragon-Ruby-Weizen.png","width":1080,"height":1080,"caption":"Barett Lucky Dragon Ruby Weizen"},{"@type":"BreadcrumbList","@id":"http:\/\/52.77.24.187\/vi\/san-pham\/barett-lucky-dragon-ruby-weizen\/#breadcrumb","itemListElement":[{"@type":"ListItem","position":1,"name":"Home","item":"http:\/\/52.77.24.187\/vi\/test-popup-vi\/"},{"@type":"ListItem","position":2,"name":"C\u1eeda h\u00e0ng","item":"http:\/\/52.77.24.187\/vi\/cua-hang\/"},{"@type":"ListItem","position":3,"name":"Barett Lucky Dragon Ruby Weizen"}]},{"@type":"WebSite","@id":"http:\/\/52.77.24.187\/#website","url":"http:\/\/52.77.24.187\/","name":"The Bottle Shop","description":"All beers are not created equal","publisher":{"@id":"http:\/\/52.77.24.187\/#organization"},"potentialAction":[{"@type":"SearchAction","target":{"@type":"EntryPoint","urlTemplate":"http:\/\/52.77.24.187\/?s={search_term_string}"},"query-input":{"@type":"PropertyValueSpecification","valueRequired":true,"valueName":"search_term_string"}}],"inLanguage":"vi-VN"},{"@type":"Organization","@id":"http:\/\/52.77.24.187\/#organization","name":"The Bottle Shop","url":"http:\/\/52.77.24.187\/","logo":{"@type":"ImageObject","inLanguage":"vi-VN","@id":"http:\/\/52.77.24.187\/#\/schema\/logo\/image\/","url":"https:\/\/mlsrfcxkkbzg.i.optimole.com\/cb:JbP2.215d7\/w:auto\/h:auto\/q:mauto\/ig:avif\/https:\/\/thebottleshop.vn\/wp-content\/uploads\/2022\/10\/The-Bottle-Shop-Online-Logo.png","contentUrl":"https:\/\/mlsrfcxkkbzg.i.optimole.com\/cb:JbP2.215d7\/w:auto\/h:auto\/q:mauto\/ig:avif\/https:\/\/thebottleshop.vn\/wp-content\/uploads\/2022\/10\/The-Bottle-Shop-Online-Logo.png","width":145,"height":147,"caption":"The Bottle Shop"},"image":{"@id":"http:\/\/52.77.24.187\/#\/schema\/logo\/image\/"},"sameAs":["https:\/\/www.facebook.com\/thebottleshopvietnam","https:\/\/www.instagram.com\/thebottleshop_vietnam\/"]}]}},"_links":{"self":[{"href":"https:\/\/thebottleshop.vn\/vi\/wp-json\/wp\/v2\/product\/19027","targetHints":{"allow":["GET"]}}],"collection":[{"href":"https:\/\/thebottleshop.vn\/vi\/wp-json\/wp\/v2\/product"}],"about":[{"href":"https:\/\/thebottleshop.vn\/vi\/wp-json\/wp\/v2\/types\/product"}],"replies":[{"embeddable":true,"href":"https:\/\/thebottleshop.vn\/vi\/wp-json\/wp\/v2\/comments?post=19027"}],"wp:featuredmedia":[{"embeddable":true,"href":"https:\/\/thebottleshop.vn\/vi\/wp-json\/wp\/v2\/media\/19026"}],"wp:attachment":[{"href":"https:\/\/thebottleshop.vn\/vi\/wp-json\/wp\/v2\/media?parent=19027"}],"wp:term":[{"taxonomy":"product_brand","embeddable":true,"href":"https:\/\/thebottleshop.vn\/vi\/wp-json\/wp\/v2\/product_brand?post=19027"},{"taxonomy":"product_cat","embeddable":true,"href":"https:\/\/thebottleshop.vn\/vi\/wp-json\/wp\/v2\/product_cat?post=19027"},{"taxonomy":"product_tag","embeddable":true,"href":"https:\/\/thebottleshop.vn\/vi\/wp-json\/wp\/v2\/product_tag?post=19027"}],"curies":[{"name":"wp","href":"https:\/\/api.w.org\/{rel}","templated":true}]}}