{"id":19059,"date":"2024-01-28T09:25:58","date_gmt":"2024-01-28T02:29:34","guid":{"rendered":"https:\/\/thebottleshop.vn\/product\/east-west-triple-ipa\/"},"modified":"2025-06-05T09:47:33","modified_gmt":"2025-06-05T02:47:33","slug":"east-west-triple-ipa","status":"publish","type":"product","link":"https:\/\/thebottleshop.vn\/vi\/san-pham\/east-west-triple-ipa\/","title":{"rendered":"East West Triple IPA"},"content":{"rendered":"<p>East West Triple IPA \u0111\u00e3 tr\u1edf l\u1ea1i m\u1ea1nh m\u1ebd v\u00e0 b\u00f9ng n\u1ed5 h\u01a1n bao gi\u1edd h\u1ebft. Lo\u1ea1i bia th\u01a1m ngon m\u1ed9t c\u00e1ch nguy hi\u1ec3m n\u00e0y c\u00f3 \u0111\u1ed9 m\u1ecbn, s\u00e2u, v\u1edbi v\u1ecb ng\u1ecdt \u0111\u1eadm c\u1ee7a m\u1ea1ch nha.<\/p>\n<p>\u2014\u2013<br \/>\nXem th\u01b0 vi\u1ec7n h\u00ecnh \u1ea3nh \u0111\u1ec3 bi\u1ebft th\u00eam th\u00f4ng tin chi ti\u1ebft v\u1ec1 ngu\u1ed3n g\u1ed1c, th\u00e0nh ph\u1ea7n v\u00e0 h\u01b0\u1edbng d\u1eabn s\u1eed d\u1ee5ng c\u1ee7a s\u1ea3n ph\u1ea9m.<\/p>\n","protected":false},"excerpt":{"rendered":"<p><strong>\u0110\u1eadm \u0111\u00e0, \u00cam d\u1ecbu, M\u1ea1ch nha 10%<\/strong><\/p>\n","protected":false},"featured_media":19068,"comment_status":"open","ping_status":"closed","template":"","meta":{"_acf_changed":false},"product_brand":[],"product_cat":[337,340,349,425,373,351,366,345,343,377,339,341,352,359,368],"product_tag":[],"class_list":{"0":"post-19059","1":"product","2":"type-product","3":"status-publish","4":"has-post-thumbnail","6":"product_cat-bia-va-cider","7":"product_cat-vietnam-hcmc","8":"product_cat-1-0-2-5","9":"product_cat-425","10":"product_cat-200k-499k","11":"product_cat-dong-bia","12":"product_cat-nha-san-xuat","13":"product_cat-abv-vi","14":"product_cat-chai-500-ml","15":"product_cat-ibu","16":"product_cat-xuat-xu","17":"product_cat-dong-goi","18":"product_cat-gia","19":"product_cat-ipa","20":"product_cat-east-west","22":"first","23":"outofstock","24":"shipping-taxable","25":"purchasable","26":"product-type-simple","27":"add-to-wishlist-before_image"},"acf":[],"yoast_head":"<!-- This site is optimized with the Yoast SEO plugin v27.2 - https:\/\/yoast.com\/product\/yoast-seo-wordpress\/ -->\n<title>East West Triple IPA - The Bottle Shop<\/title>\n<meta name=\"description\" content=\"East West Triple IPA \u0111\u00e3 tr\u1edf l\u1ea1i m\u1ea1nh m\u1ebd v\u00e0 b\u00f9ng n\u1ed5 h\u01a1n bao gi\u1edd h\u1ebft. Lo\u1ea1i bia th\u01a1m ngon m\u1ed9t c\u00e1ch nguy hi\u1ec3m n\u00e0y c\u00f3 \u0111\u1ed9 m\u1ecbn, s\u00e2u, v\u1edbi v\u1ecb ng\u1ecdt \u0111\u1eadm c\u1ee7a m\u1ea1ch nha.\" \/>\n<meta name=\"robots\" content=\"index, follow, max-snippet:-1, max-image-preview:large, max-video-preview:-1\" \/>\n<link rel=\"canonical\" href=\"http:\/\/52.77.24.187\/vi\/san-pham\/east-west-triple-ipa\/\" \/>\n<meta property=\"og:locale\" content=\"vi_VN\" \/>\n<meta property=\"og:type\" content=\"article\" \/>\n<meta property=\"og:title\" content=\"East West Triple IPA - The Bottle Shop\" \/>\n<meta property=\"og:description\" content=\"East West Triple IPA \u0111\u00e3 tr\u1edf l\u1ea1i m\u1ea1nh m\u1ebd v\u00e0 b\u00f9ng n\u1ed5 h\u01a1n bao gi\u1edd h\u1ebft. Lo\u1ea1i bia th\u01a1m ngon m\u1ed9t c\u00e1ch nguy hi\u1ec3m n\u00e0y c\u00f3 \u0111\u1ed9 m\u1ecbn, s\u00e2u, v\u1edbi v\u1ecb ng\u1ecdt \u0111\u1eadm c\u1ee7a m\u1ea1ch nha.\" \/>\n<meta property=\"og:url\" content=\"http:\/\/52.77.24.187\/vi\/san-pham\/east-west-triple-ipa\/\" \/>\n<meta property=\"og:site_name\" content=\"The Bottle Shop\" \/>\n<meta property=\"article:publisher\" content=\"https:\/\/www.facebook.com\/thebottleshopvietnam\" \/>\n<meta property=\"article:modified_time\" content=\"2025-06-05T02:47:33+00:00\" \/>\n<meta property=\"og:image\" content=\"https:\/\/mlsrfcxkkbzg.i.optimole.com\/cb:JbP2.215d7\/w:auto\/h:auto\/q:mauto\/ig:avif\/http:\/\/52.77.24.187\/wp-content\/uploads\/2024\/01\/East-West-Triple-IPA.png\" \/>\n\t<meta property=\"og:image:width\" content=\"1080\" \/>\n\t<meta property=\"og:image:height\" content=\"1080\" \/>\n\t<meta property=\"og:image:type\" content=\"image\/png\" \/>\n<meta name=\"twitter:card\" content=\"summary_large_image\" \/>\n<script type=\"application\/ld+json\" class=\"yoast-schema-graph\">{\"@context\":\"https:\/\/schema.org\",\"@graph\":[{\"@type\":\"WebPage\",\"@id\":\"http:\/\/52.77.24.187\/vi\/san-pham\/east-west-triple-ipa\/\",\"url\":\"http:\/\/52.77.24.187\/vi\/san-pham\/east-west-triple-ipa\/\",\"name\":\"East West Triple IPA - The Bottle Shop\",\"isPartOf\":{\"@id\":\"http:\/\/52.77.24.187\/#website\"},\"primaryImageOfPage\":{\"@id\":\"http:\/\/52.77.24.187\/vi\/san-pham\/east-west-triple-ipa\/#primaryimage\"},\"image\":{\"@id\":\"http:\/\/52.77.24.187\/vi\/san-pham\/east-west-triple-ipa\/#primaryimage\"},\"thumbnailUrl\":\"https:\/\/mlsrfcxkkbzg.i.optimole.com\/cb:JbP2.215d7\/w:auto\/h:auto\/q:mauto\/ig:avif\/https:\/\/thebottleshop.vn\/wp-content\/uploads\/2024\/01\/East-West-Triple-IPA.png\",\"datePublished\":\"2024-01-28T02:29:34+00:00\",\"dateModified\":\"2025-06-05T02:47:33+00:00\",\"description\":\"East West Triple IPA \u0111\u00e3 tr\u1edf l\u1ea1i m\u1ea1nh m\u1ebd v\u00e0 b\u00f9ng n\u1ed5 h\u01a1n bao gi\u1edd h\u1ebft. Lo\u1ea1i bia th\u01a1m ngon m\u1ed9t c\u00e1ch nguy hi\u1ec3m n\u00e0y c\u00f3 \u0111\u1ed9 m\u1ecbn, s\u00e2u, v\u1edbi v\u1ecb ng\u1ecdt \u0111\u1eadm c\u1ee7a m\u1ea1ch nha.\",\"breadcrumb\":{\"@id\":\"http:\/\/52.77.24.187\/vi\/san-pham\/east-west-triple-ipa\/#breadcrumb\"},\"inLanguage\":\"vi-VN\",\"potentialAction\":[{\"@type\":\"ReadAction\",\"target\":[\"http:\/\/52.77.24.187\/vi\/san-pham\/east-west-triple-ipa\/\"]}]},{\"@type\":\"ImageObject\",\"inLanguage\":\"vi-VN\",\"@id\":\"http:\/\/52.77.24.187\/vi\/san-pham\/east-west-triple-ipa\/#primaryimage\",\"url\":\"https:\/\/mlsrfcxkkbzg.i.optimole.com\/cb:JbP2.215d7\/w:auto\/h:auto\/q:mauto\/ig:avif\/https:\/\/thebottleshop.vn\/wp-content\/uploads\/2024\/01\/East-West-Triple-IPA.png\",\"contentUrl\":\"https:\/\/mlsrfcxkkbzg.i.optimole.com\/cb:JbP2.215d7\/w:auto\/h:auto\/q:mauto\/ig:avif\/https:\/\/thebottleshop.vn\/wp-content\/uploads\/2024\/01\/East-West-Triple-IPA.png\",\"width\":1080,\"height\":1080,\"caption\":\"East West Triple IPA\"},{\"@type\":\"BreadcrumbList\",\"@id\":\"http:\/\/52.77.24.187\/vi\/san-pham\/east-west-triple-ipa\/#breadcrumb\",\"itemListElement\":[{\"@type\":\"ListItem\",\"position\":1,\"name\":\"Home\",\"item\":\"http:\/\/52.77.24.187\/vi\/test-popup-vi\/\"},{\"@type\":\"ListItem\",\"position\":2,\"name\":\"C\u1eeda h\u00e0ng\",\"item\":\"http:\/\/52.77.24.187\/vi\/cua-hang\/\"},{\"@type\":\"ListItem\",\"position\":3,\"name\":\"East West Triple IPA\"}]},{\"@type\":\"WebSite\",\"@id\":\"http:\/\/52.77.24.187\/#website\",\"url\":\"http:\/\/52.77.24.187\/\",\"name\":\"The Bottle Shop\",\"description\":\"All beers are not created equal\",\"publisher\":{\"@id\":\"http:\/\/52.77.24.187\/#organization\"},\"potentialAction\":[{\"@type\":\"SearchAction\",\"target\":{\"@type\":\"EntryPoint\",\"urlTemplate\":\"http:\/\/52.77.24.187\/?s={search_term_string}\"},\"query-input\":{\"@type\":\"PropertyValueSpecification\",\"valueRequired\":true,\"valueName\":\"search_term_string\"}}],\"inLanguage\":\"vi-VN\"},{\"@type\":\"Organization\",\"@id\":\"http:\/\/52.77.24.187\/#organization\",\"name\":\"The Bottle Shop\",\"url\":\"http:\/\/52.77.24.187\/\",\"logo\":{\"@type\":\"ImageObject\",\"inLanguage\":\"vi-VN\",\"@id\":\"http:\/\/52.77.24.187\/#\/schema\/logo\/image\/\",\"url\":\"https:\/\/mlsrfcxkkbzg.i.optimole.com\/cb:JbP2.215d7\/w:auto\/h:auto\/q:mauto\/ig:avif\/https:\/\/thebottleshop.vn\/wp-content\/uploads\/2022\/10\/The-Bottle-Shop-Online-Logo.png\",\"contentUrl\":\"https:\/\/mlsrfcxkkbzg.i.optimole.com\/cb:JbP2.215d7\/w:auto\/h:auto\/q:mauto\/ig:avif\/https:\/\/thebottleshop.vn\/wp-content\/uploads\/2022\/10\/The-Bottle-Shop-Online-Logo.png\",\"width\":145,\"height\":147,\"caption\":\"The Bottle Shop\"},\"image\":{\"@id\":\"http:\/\/52.77.24.187\/#\/schema\/logo\/image\/\"},\"sameAs\":[\"https:\/\/www.facebook.com\/thebottleshopvietnam\",\"https:\/\/www.instagram.com\/thebottleshop_vietnam\/\"]}]}<\/script>\n<!-- \/ Yoast SEO plugin. -->","yoast_head_json":{"title":"East West Triple IPA - The Bottle Shop","description":"East West Triple IPA \u0111\u00e3 tr\u1edf l\u1ea1i m\u1ea1nh m\u1ebd v\u00e0 b\u00f9ng n\u1ed5 h\u01a1n bao gi\u1edd h\u1ebft. Lo\u1ea1i bia th\u01a1m ngon m\u1ed9t c\u00e1ch nguy hi\u1ec3m n\u00e0y c\u00f3 \u0111\u1ed9 m\u1ecbn, s\u00e2u, v\u1edbi v\u1ecb ng\u1ecdt \u0111\u1eadm c\u1ee7a m\u1ea1ch nha.","robots":{"index":"index","follow":"follow","max-snippet":"max-snippet:-1","max-image-preview":"max-image-preview:large","max-video-preview":"max-video-preview:-1"},"canonical":"http:\/\/52.77.24.187\/vi\/san-pham\/east-west-triple-ipa\/","og_locale":"vi_VN","og_type":"article","og_title":"East West Triple IPA - The Bottle Shop","og_description":"East West Triple IPA \u0111\u00e3 tr\u1edf l\u1ea1i m\u1ea1nh m\u1ebd v\u00e0 b\u00f9ng n\u1ed5 h\u01a1n bao gi\u1edd h\u1ebft. Lo\u1ea1i bia th\u01a1m ngon m\u1ed9t c\u00e1ch nguy hi\u1ec3m n\u00e0y c\u00f3 \u0111\u1ed9 m\u1ecbn, s\u00e2u, v\u1edbi v\u1ecb ng\u1ecdt \u0111\u1eadm c\u1ee7a m\u1ea1ch nha.","og_url":"http:\/\/52.77.24.187\/vi\/san-pham\/east-west-triple-ipa\/","og_site_name":"The Bottle Shop","article_publisher":"https:\/\/www.facebook.com\/thebottleshopvietnam","article_modified_time":"2025-06-05T02:47:33+00:00","og_image":[{"width":1080,"height":1080,"url":"https:\/\/mlsrfcxkkbzg.i.optimole.com\/cb:JbP2.215d7\/w:auto\/h:auto\/q:mauto\/ig:avif\/http:\/\/52.77.24.187\/wp-content\/uploads\/2024\/01\/East-West-Triple-IPA.png","type":"image\/png"}],"twitter_card":"summary_large_image","schema":{"@context":"https:\/\/schema.org","@graph":[{"@type":"WebPage","@id":"http:\/\/52.77.24.187\/vi\/san-pham\/east-west-triple-ipa\/","url":"http:\/\/52.77.24.187\/vi\/san-pham\/east-west-triple-ipa\/","name":"East West Triple IPA - The Bottle Shop","isPartOf":{"@id":"http:\/\/52.77.24.187\/#website"},"primaryImageOfPage":{"@id":"http:\/\/52.77.24.187\/vi\/san-pham\/east-west-triple-ipa\/#primaryimage"},"image":{"@id":"http:\/\/52.77.24.187\/vi\/san-pham\/east-west-triple-ipa\/#primaryimage"},"thumbnailUrl":"https:\/\/mlsrfcxkkbzg.i.optimole.com\/cb:JbP2.215d7\/w:auto\/h:auto\/q:mauto\/ig:avif\/https:\/\/thebottleshop.vn\/wp-content\/uploads\/2024\/01\/East-West-Triple-IPA.png","datePublished":"2024-01-28T02:29:34+00:00","dateModified":"2025-06-05T02:47:33+00:00","description":"East West Triple IPA \u0111\u00e3 tr\u1edf l\u1ea1i m\u1ea1nh m\u1ebd v\u00e0 b\u00f9ng n\u1ed5 h\u01a1n bao gi\u1edd h\u1ebft. Lo\u1ea1i bia th\u01a1m ngon m\u1ed9t c\u00e1ch nguy hi\u1ec3m n\u00e0y c\u00f3 \u0111\u1ed9 m\u1ecbn, s\u00e2u, v\u1edbi v\u1ecb ng\u1ecdt \u0111\u1eadm c\u1ee7a m\u1ea1ch nha.","breadcrumb":{"@id":"http:\/\/52.77.24.187\/vi\/san-pham\/east-west-triple-ipa\/#breadcrumb"},"inLanguage":"vi-VN","potentialAction":[{"@type":"ReadAction","target":["http:\/\/52.77.24.187\/vi\/san-pham\/east-west-triple-ipa\/"]}]},{"@type":"ImageObject","inLanguage":"vi-VN","@id":"http:\/\/52.77.24.187\/vi\/san-pham\/east-west-triple-ipa\/#primaryimage","url":"https:\/\/mlsrfcxkkbzg.i.optimole.com\/cb:JbP2.215d7\/w:auto\/h:auto\/q:mauto\/ig:avif\/https:\/\/thebottleshop.vn\/wp-content\/uploads\/2024\/01\/East-West-Triple-IPA.png","contentUrl":"https:\/\/mlsrfcxkkbzg.i.optimole.com\/cb:JbP2.215d7\/w:auto\/h:auto\/q:mauto\/ig:avif\/https:\/\/thebottleshop.vn\/wp-content\/uploads\/2024\/01\/East-West-Triple-IPA.png","width":1080,"height":1080,"caption":"East West Triple IPA"},{"@type":"BreadcrumbList","@id":"http:\/\/52.77.24.187\/vi\/san-pham\/east-west-triple-ipa\/#breadcrumb","itemListElement":[{"@type":"ListItem","position":1,"name":"Home","item":"http:\/\/52.77.24.187\/vi\/test-popup-vi\/"},{"@type":"ListItem","position":2,"name":"C\u1eeda h\u00e0ng","item":"http:\/\/52.77.24.187\/vi\/cua-hang\/"},{"@type":"ListItem","position":3,"name":"East West Triple IPA"}]},{"@type":"WebSite","@id":"http:\/\/52.77.24.187\/#website","url":"http:\/\/52.77.24.187\/","name":"The Bottle Shop","description":"All beers are not created equal","publisher":{"@id":"http:\/\/52.77.24.187\/#organization"},"potentialAction":[{"@type":"SearchAction","target":{"@type":"EntryPoint","urlTemplate":"http:\/\/52.77.24.187\/?s={search_term_string}"},"query-input":{"@type":"PropertyValueSpecification","valueRequired":true,"valueName":"search_term_string"}}],"inLanguage":"vi-VN"},{"@type":"Organization","@id":"http:\/\/52.77.24.187\/#organization","name":"The Bottle Shop","url":"http:\/\/52.77.24.187\/","logo":{"@type":"ImageObject","inLanguage":"vi-VN","@id":"http:\/\/52.77.24.187\/#\/schema\/logo\/image\/","url":"https:\/\/mlsrfcxkkbzg.i.optimole.com\/cb:JbP2.215d7\/w:auto\/h:auto\/q:mauto\/ig:avif\/https:\/\/thebottleshop.vn\/wp-content\/uploads\/2022\/10\/The-Bottle-Shop-Online-Logo.png","contentUrl":"https:\/\/mlsrfcxkkbzg.i.optimole.com\/cb:JbP2.215d7\/w:auto\/h:auto\/q:mauto\/ig:avif\/https:\/\/thebottleshop.vn\/wp-content\/uploads\/2022\/10\/The-Bottle-Shop-Online-Logo.png","width":145,"height":147,"caption":"The Bottle Shop"},"image":{"@id":"http:\/\/52.77.24.187\/#\/schema\/logo\/image\/"},"sameAs":["https:\/\/www.facebook.com\/thebottleshopvietnam","https:\/\/www.instagram.com\/thebottleshop_vietnam\/"]}]}},"_links":{"self":[{"href":"https:\/\/thebottleshop.vn\/vi\/wp-json\/wp\/v2\/product\/19059","targetHints":{"allow":["GET"]}}],"collection":[{"href":"https:\/\/thebottleshop.vn\/vi\/wp-json\/wp\/v2\/product"}],"about":[{"href":"https:\/\/thebottleshop.vn\/vi\/wp-json\/wp\/v2\/types\/product"}],"replies":[{"embeddable":true,"href":"https:\/\/thebottleshop.vn\/vi\/wp-json\/wp\/v2\/comments?post=19059"}],"wp:featuredmedia":[{"embeddable":true,"href":"https:\/\/thebottleshop.vn\/vi\/wp-json\/wp\/v2\/media\/19068"}],"wp:attachment":[{"href":"https:\/\/thebottleshop.vn\/vi\/wp-json\/wp\/v2\/media?parent=19059"}],"wp:term":[{"taxonomy":"product_brand","embeddable":true,"href":"https:\/\/thebottleshop.vn\/vi\/wp-json\/wp\/v2\/product_brand?post=19059"},{"taxonomy":"product_cat","embeddable":true,"href":"https:\/\/thebottleshop.vn\/vi\/wp-json\/wp\/v2\/product_cat?post=19059"},{"taxonomy":"product_tag","embeddable":true,"href":"https:\/\/thebottleshop.vn\/vi\/wp-json\/wp\/v2\/product_tag?post=19059"}],"curies":[{"name":"wp","href":"https:\/\/api.w.org\/{rel}","templated":true}]}}