{"id":19087,"date":"2024-01-30T22:46:34","date_gmt":"2024-01-30T15:51:49","guid":{"rendered":"https:\/\/thebottleshop.vn\/product\/overmorrow-long-phung-funk\/"},"modified":"2024-01-30T22:54:11","modified_gmt":"2024-01-30T15:54:11","slug":"overmorrow-long-phung-funk","status":"publish","type":"product","link":"https:\/\/thebottleshop.vn\/vi\/san-pham\/overmorrow-long-phung-funk\/","title":{"rendered":"Overmorrow Long Ph\u1ee5ng Funk"},"content":{"rendered":"<p>Overmorrow Long Ph\u1ee5ng Funk Farmhouse \u0111\u01b0\u1ee3c \u1ee7ng h\u1ed9 n\u1ed3ng nhi\u1ec7t, \u0111\u00e3 quay tr\u1edf l\u1ea1i, v\u00e0 Long Ph\u1ee5ng Funk 2023 ngon kh\u00f4ng k\u00e9m b\u1ea3n g\u1ed1c.<\/p>\n<p>M\u1ed9t l\u1ea7n n\u1eefa, Overmorrow l\u1ea1i \u0111i s\u00e2u v\u00e0o v\u00f9ng n\u00fai \u0111\u1ec3 t\u00ecm m\u00f3n n\u00e0y, n\u1ea5u c\u00f9ng qu\u1ea3 m\u1eafc m\u1eadt, lo\u1ea1i qu\u1ea3 m\u1ecdng th\u01a1m ngon d\u00f9ng l\u00e0m gia v\u1ecb cho \u1ea9m th\u1ef1c mi\u1ec1n n\u00fai, v\u1edbi \u0111\u1ed9i qu\u00e2n n\u1ea5m men \u201choang d\u00e3\u201d brettanomyces (11 ch\u1ee7ng kh\u00e1c nhau!), v\u00e0 b\u01b0\u1edbc \u201cdry hop\u201d cu\u1ed1i c\u00f9ng g\u1eafn k\u1ebft m\u1ecdi th\u1ee9 l\u1ea1i v\u1edbi nhau. Nh\u1eefng chai bia n\u00e0y \u0111\u00e3 \u0111\u01b0\u1ee3c \u1ee7 g\u1ea7n 2 n\u0103m, v\u00e0 \u0111\u00e3 \u0111\u1ebfn l\u00fac c\u1ea7n \u0111\u01b0\u1ee3c th\u01b0\u1edfng th\u1ee9c.<\/p>\n<p>Phi\u00ean b\u1ea3n n\u0103m nay c\u00f3 th\u1ec3 \u0111\u01b0\u1ee3c th\u01b0\u1edfng th\u1ee9c ngay b\u00e2y gi\u1edd \u0111\u1ec3 c\u1ea3m nh\u1eadn \u0111\u01b0\u1ee3c v\u1ecb l\u00faa m\u1ea1ch \u0111en m\u1ed9c m\u1ea1c, h\u01b0\u01a1ng cam qu\u00fdt \u0111\u1eadm \u0111\u00e0 v\u00e0 h\u1eadu v\u1ecb c\u1ee7a nh\u1eefng lo\u1ea1i gia v\u1ecb th\u01a1m ngon. Ho\u1eb7c, gi\u1ed1ng nh\u01b0 phi\u00ean b\u1ea3n g\u1ed1c, h\u00e3y \u0111\u1ec3 n\u00f3 trong h\u1ea7m v\u00e0 men s\u1ebd ti\u1ebfp t\u1ee5c ph\u00e1t tri\u1ec3n nh\u1eefng h\u01b0\u01a1ng v\u1ecb m\u1edbi v\u00e0 \u0111\u1eb7c t\u00ednh th\u00fa v\u1ecb trong nhi\u1ec1u n\u0103m t\u1edbi. \u0110\u00e2y l\u00e0 m\u1ed9t lo\u1ea1i bia hoang d\u00e3\u2026 h\u00e3y th\u1eed ch\u00fang ngay v\u00ec s\u1ed1 l\u01b0\u1ee3ng c\u00f3 h\u1ea1n.<\/p>\n<p>\u2014\u2013<br \/>\nXem th\u01b0 vi\u1ec7n h\u00ecnh \u1ea3nh \u0111\u1ec3 bi\u1ebft th\u00eam th\u00f4ng tin chi ti\u1ebft v\u1ec1 ngu\u1ed3n g\u1ed1c, th\u00e0nh ph\u1ea7n v\u00e0 h\u01b0\u1edbng d\u1eabn s\u1eed d\u1ee5ng c\u1ee7a s\u1ea3n ph\u1ea9m.<\/p>\n","protected":false},"excerpt":{"rendered":"<p><strong>Th\u1ea3o M\u1ed9c, Cam Qu\u00fdt, H\u00e0i Ho\u00e0 6.8%<\/strong><\/p>\n","protected":false},"featured_media":19081,"comment_status":"open","ping_status":"closed","template":"","meta":{"_acf_changed":false},"product_brand":[],"product_cat":[390,379,337,348,423,342,351,366,345,377,339,341,352,408,471],"product_tag":[],"class_list":{"0":"post-19087","1":"product","2":"type-product","3":"status-publish","4":"has-post-thumbnail","6":"product_cat-vietnam-hanoi","7":"product_cat-20-39","8":"product_cat-bia-va-cider","9":"product_cat-6-7-9","10":"product_cat-100k-149k","11":"product_cat-chai-330-ml","12":"product_cat-dong-bia","13":"product_cat-nha-san-xuat","14":"product_cat-abv-vi","15":"product_cat-ibu","16":"product_cat-xuat-xu","17":"product_cat-dong-goi","18":"product_cat-gia","19":"product_cat-saison","20":"product_cat-overmorrow-brewing-co","22":"first","23":"outofstock","24":"shipping-taxable","25":"purchasable","26":"product-type-simple","27":"add-to-wishlist-before_image"},"acf":[],"yoast_head":"<!-- This site is optimized with the Yoast SEO plugin v27.5 - https:\/\/yoast.com\/product\/yoast-seo-wordpress\/ -->\n<title>Overmorrow Long Ph\u1ee5ng Funk - The Bottle Shop<\/title>\n<meta name=\"description\" content=\"Overmorrow Long Ph\u1ee5ng Funk Farmhouse \u0111\u01b0\u1ee3c \u1ee7ng h\u1ed9 n\u1ed3ng nhi\u1ec7t, \u0111\u00e3 quay tr\u1edf l\u1ea1i, v\u00e0 Long Ph\u1ee5ng Funk 2023 ngon kh\u00f4ng k\u00e9m b\u1ea3n g\u1ed1c.\" \/>\n<meta name=\"robots\" content=\"index, follow, max-snippet:-1, max-image-preview:large, max-video-preview:-1\" \/>\n<link rel=\"canonical\" href=\"http:\/\/52.77.24.187\/vi\/san-pham\/overmorrow-long-phung-funk\/\" \/>\n<meta property=\"og:locale\" content=\"vi_VN\" \/>\n<meta property=\"og:type\" content=\"article\" \/>\n<meta property=\"og:title\" content=\"Overmorrow Long Ph\u1ee5ng Funk - The Bottle Shop\" \/>\n<meta property=\"og:description\" content=\"Overmorrow Long Ph\u1ee5ng Funk Farmhouse \u0111\u01b0\u1ee3c \u1ee7ng h\u1ed9 n\u1ed3ng nhi\u1ec7t, \u0111\u00e3 quay tr\u1edf l\u1ea1i, v\u00e0 Long Ph\u1ee5ng Funk 2023 ngon kh\u00f4ng k\u00e9m b\u1ea3n g\u1ed1c.\" \/>\n<meta property=\"og:url\" content=\"http:\/\/52.77.24.187\/vi\/san-pham\/overmorrow-long-phung-funk\/\" \/>\n<meta property=\"og:site_name\" content=\"The Bottle Shop\" \/>\n<meta property=\"article:publisher\" content=\"https:\/\/www.facebook.com\/thebottleshopvietnam\" \/>\n<meta property=\"article:modified_time\" content=\"2024-01-30T15:54:11+00:00\" \/>\n<meta property=\"og:image\" content=\"https:\/\/mlsrfcxkkbzg.i.optimole.com\/cb:JbP2.215d7\/w:auto\/h:auto\/q:mauto\/ig:avif\/http:\/\/52.77.24.187\/wp-content\/uploads\/2024\/01\/Overmorrow-Long-Phung-Funk-Farmhouse-Ale.png\" \/>\n\t<meta property=\"og:image:width\" content=\"1080\" \/>\n\t<meta property=\"og:image:height\" content=\"1080\" \/>\n\t<meta property=\"og:image:type\" content=\"image\/png\" \/>\n<meta name=\"twitter:card\" content=\"summary_large_image\" \/>\n<meta name=\"twitter:label1\" content=\"Est. reading time\" \/>\n\t<meta name=\"twitter:data1\" content=\"2 minutes\" \/>\n<script type=\"application\/ld+json\" class=\"yoast-schema-graph\">{\"@context\":\"https:\\\/\\\/schema.org\",\"@graph\":[{\"@type\":\"WebPage\",\"@id\":\"http:\\\/\\\/52.77.24.187\\\/vi\\\/san-pham\\\/overmorrow-long-phung-funk\\\/\",\"url\":\"http:\\\/\\\/52.77.24.187\\\/vi\\\/san-pham\\\/overmorrow-long-phung-funk\\\/\",\"name\":\"Overmorrow Long Ph\u1ee5ng Funk - The Bottle Shop\",\"isPartOf\":{\"@id\":\"http:\\\/\\\/52.77.24.187\\\/#website\"},\"primaryImageOfPage\":{\"@id\":\"http:\\\/\\\/52.77.24.187\\\/vi\\\/san-pham\\\/overmorrow-long-phung-funk\\\/#primaryimage\"},\"image\":{\"@id\":\"http:\\\/\\\/52.77.24.187\\\/vi\\\/san-pham\\\/overmorrow-long-phung-funk\\\/#primaryimage\"},\"thumbnailUrl\":\"https:\\/\\/thebottleshop.vn\\/wp-content\\/uploads\\/2024\\/01\\/Overmorrow-Long-Phung-Funk-Farmhouse-Ale.png\",\"datePublished\":\"2024-01-30T15:51:49+00:00\",\"dateModified\":\"2024-01-30T15:54:11+00:00\",\"description\":\"Overmorrow Long Ph\u1ee5ng Funk Farmhouse \u0111\u01b0\u1ee3c \u1ee7ng h\u1ed9 n\u1ed3ng nhi\u1ec7t, \u0111\u00e3 quay tr\u1edf l\u1ea1i, v\u00e0 Long Ph\u1ee5ng Funk 2023 ngon kh\u00f4ng k\u00e9m b\u1ea3n g\u1ed1c.\",\"breadcrumb\":{\"@id\":\"http:\\\/\\\/52.77.24.187\\\/vi\\\/san-pham\\\/overmorrow-long-phung-funk\\\/#breadcrumb\"},\"inLanguage\":\"vi-VN\",\"potentialAction\":[{\"@type\":\"ReadAction\",\"target\":[\"http:\\\/\\\/52.77.24.187\\\/vi\\\/san-pham\\\/overmorrow-long-phung-funk\\\/\"]}]},{\"@type\":\"ImageObject\",\"inLanguage\":\"vi-VN\",\"@id\":\"http:\\\/\\\/52.77.24.187\\\/vi\\\/san-pham\\\/overmorrow-long-phung-funk\\\/#primaryimage\",\"url\":\"https:\\/\\/thebottleshop.vn\\/wp-content\\/uploads\\/2024\\/01\\/Overmorrow-Long-Phung-Funk-Farmhouse-Ale.png\",\"contentUrl\":\"https:\\/\\/thebottleshop.vn\\/wp-content\\/uploads\\/2024\\/01\\/Overmorrow-Long-Phung-Funk-Farmhouse-Ale.png\",\"width\":1080,\"height\":1080,\"caption\":\"Overmorrow Long Ph\u1ee5ng Funk Farmhouse Ale\"},{\"@type\":\"BreadcrumbList\",\"@id\":\"http:\\\/\\\/52.77.24.187\\\/vi\\\/san-pham\\\/overmorrow-long-phung-funk\\\/#breadcrumb\",\"itemListElement\":[{\"@type\":\"ListItem\",\"position\":1,\"name\":\"Home\",\"item\":\"http:\\\/\\\/52.77.24.187\\\/vi\\\/test-popup-vi\\\/\"},{\"@type\":\"ListItem\",\"position\":2,\"name\":\"C\u1eeda h\u00e0ng\",\"item\":\"http:\\\/\\\/52.77.24.187\\\/vi\\\/cua-hang\\\/\"},{\"@type\":\"ListItem\",\"position\":3,\"name\":\"Overmorrow Long Ph\u1ee5ng Funk\"}]},{\"@type\":\"WebSite\",\"@id\":\"http:\\\/\\\/52.77.24.187\\\/#website\",\"url\":\"http:\\\/\\\/52.77.24.187\\\/\",\"name\":\"The Bottle Shop\",\"description\":\"All beers are not created equal\",\"publisher\":{\"@id\":\"http:\\\/\\\/52.77.24.187\\\/#organization\"},\"potentialAction\":[{\"@type\":\"SearchAction\",\"target\":{\"@type\":\"EntryPoint\",\"urlTemplate\":\"http:\\\/\\\/52.77.24.187\\\/?s={search_term_string}\"},\"query-input\":{\"@type\":\"PropertyValueSpecification\",\"valueRequired\":true,\"valueName\":\"search_term_string\"}}],\"inLanguage\":\"vi-VN\"},{\"@type\":\"Organization\",\"@id\":\"http:\\\/\\\/52.77.24.187\\\/#organization\",\"name\":\"The Bottle Shop\",\"url\":\"http:\\\/\\\/52.77.24.187\\\/\",\"logo\":{\"@type\":\"ImageObject\",\"inLanguage\":\"vi-VN\",\"@id\":\"http:\\\/\\\/52.77.24.187\\\/#\\\/schema\\\/logo\\\/image\\\/\",\"url\":\"https:\\/\\/thebottleshop.vn\\/wp-content\\/uploads\\/2022\\/10\\/The-Bottle-Shop-Online-Logo.png\",\"contentUrl\":\"https:\\/\\/thebottleshop.vn\\/wp-content\\/uploads\\/2022\\/10\\/The-Bottle-Shop-Online-Logo.png\",\"width\":145,\"height\":147,\"caption\":\"The Bottle Shop\"},\"image\":{\"@id\":\"http:\\\/\\\/52.77.24.187\\\/#\\\/schema\\\/logo\\\/image\\\/\"},\"sameAs\":[\"https:\\\/\\\/www.facebook.com\\\/thebottleshopvietnam\",\"https:\\\/\\\/www.instagram.com\\\/thebottleshop_vietnam\\\/\"]}]}<\/script>\n<!-- \/ Yoast SEO plugin. -->","yoast_head_json":{"title":"Overmorrow Long Ph\u1ee5ng Funk - The Bottle Shop","description":"Overmorrow Long Ph\u1ee5ng Funk Farmhouse \u0111\u01b0\u1ee3c \u1ee7ng h\u1ed9 n\u1ed3ng nhi\u1ec7t, \u0111\u00e3 quay tr\u1edf l\u1ea1i, v\u00e0 Long Ph\u1ee5ng Funk 2023 ngon kh\u00f4ng k\u00e9m b\u1ea3n g\u1ed1c.","robots":{"index":"index","follow":"follow","max-snippet":"max-snippet:-1","max-image-preview":"max-image-preview:large","max-video-preview":"max-video-preview:-1"},"canonical":"http:\/\/52.77.24.187\/vi\/san-pham\/overmorrow-long-phung-funk\/","og_locale":"vi_VN","og_type":"article","og_title":"Overmorrow Long Ph\u1ee5ng Funk - The Bottle Shop","og_description":"Overmorrow Long Ph\u1ee5ng Funk Farmhouse \u0111\u01b0\u1ee3c \u1ee7ng h\u1ed9 n\u1ed3ng nhi\u1ec7t, \u0111\u00e3 quay tr\u1edf l\u1ea1i, v\u00e0 Long Ph\u1ee5ng Funk 2023 ngon kh\u00f4ng k\u00e9m b\u1ea3n g\u1ed1c.","og_url":"http:\/\/52.77.24.187\/vi\/san-pham\/overmorrow-long-phung-funk\/","og_site_name":"The Bottle Shop","article_publisher":"https:\/\/www.facebook.com\/thebottleshopvietnam","article_modified_time":"2024-01-30T15:54:11+00:00","og_image":[{"width":1080,"height":1080,"url":"https:\/\/mlsrfcxkkbzg.i.optimole.com\/cb:JbP2.215d7\/w:auto\/h:auto\/q:mauto\/ig:avif\/http:\/\/52.77.24.187\/wp-content\/uploads\/2024\/01\/Overmorrow-Long-Phung-Funk-Farmhouse-Ale.png","type":"image\/png"}],"twitter_card":"summary_large_image","twitter_misc":{"Est. reading time":"2 minutes"},"schema":{"@context":"https:\/\/schema.org","@graph":[{"@type":"WebPage","@id":"http:\/\/52.77.24.187\/vi\/san-pham\/overmorrow-long-phung-funk\/","url":"http:\/\/52.77.24.187\/vi\/san-pham\/overmorrow-long-phung-funk\/","name":"Overmorrow Long Ph\u1ee5ng Funk - The Bottle Shop","isPartOf":{"@id":"http:\/\/52.77.24.187\/#website"},"primaryImageOfPage":{"@id":"http:\/\/52.77.24.187\/vi\/san-pham\/overmorrow-long-phung-funk\/#primaryimage"},"image":{"@id":"http:\/\/52.77.24.187\/vi\/san-pham\/overmorrow-long-phung-funk\/#primaryimage"},"thumbnailUrl":"https:\/\/mlsrfcxkkbzg.i.optimole.com\/cb:JbP2.215d7\/w:auto\/h:auto\/q:mauto\/ig:avif\/https:\/\/thebottleshop.vn\/wp-content\/uploads\/2024\/01\/Overmorrow-Long-Phung-Funk-Farmhouse-Ale.png","datePublished":"2024-01-30T15:51:49+00:00","dateModified":"2024-01-30T15:54:11+00:00","description":"Overmorrow Long Ph\u1ee5ng Funk Farmhouse \u0111\u01b0\u1ee3c \u1ee7ng h\u1ed9 n\u1ed3ng nhi\u1ec7t, \u0111\u00e3 quay tr\u1edf l\u1ea1i, v\u00e0 Long Ph\u1ee5ng Funk 2023 ngon kh\u00f4ng k\u00e9m b\u1ea3n g\u1ed1c.","breadcrumb":{"@id":"http:\/\/52.77.24.187\/vi\/san-pham\/overmorrow-long-phung-funk\/#breadcrumb"},"inLanguage":"vi-VN","potentialAction":[{"@type":"ReadAction","target":["http:\/\/52.77.24.187\/vi\/san-pham\/overmorrow-long-phung-funk\/"]}]},{"@type":"ImageObject","inLanguage":"vi-VN","@id":"http:\/\/52.77.24.187\/vi\/san-pham\/overmorrow-long-phung-funk\/#primaryimage","url":"https:\/\/mlsrfcxkkbzg.i.optimole.com\/cb:JbP2.215d7\/w:auto\/h:auto\/q:mauto\/ig:avif\/https:\/\/thebottleshop.vn\/wp-content\/uploads\/2024\/01\/Overmorrow-Long-Phung-Funk-Farmhouse-Ale.png","contentUrl":"https:\/\/mlsrfcxkkbzg.i.optimole.com\/cb:JbP2.215d7\/w:auto\/h:auto\/q:mauto\/ig:avif\/https:\/\/thebottleshop.vn\/wp-content\/uploads\/2024\/01\/Overmorrow-Long-Phung-Funk-Farmhouse-Ale.png","width":1080,"height":1080,"caption":"Overmorrow Long Ph\u1ee5ng Funk Farmhouse Ale"},{"@type":"BreadcrumbList","@id":"http:\/\/52.77.24.187\/vi\/san-pham\/overmorrow-long-phung-funk\/#breadcrumb","itemListElement":[{"@type":"ListItem","position":1,"name":"Home","item":"http:\/\/52.77.24.187\/vi\/test-popup-vi\/"},{"@type":"ListItem","position":2,"name":"C\u1eeda h\u00e0ng","item":"http:\/\/52.77.24.187\/vi\/cua-hang\/"},{"@type":"ListItem","position":3,"name":"Overmorrow Long Ph\u1ee5ng Funk"}]},{"@type":"WebSite","@id":"http:\/\/52.77.24.187\/#website","url":"http:\/\/52.77.24.187\/","name":"The Bottle Shop","description":"All beers are not created equal","publisher":{"@id":"http:\/\/52.77.24.187\/#organization"},"potentialAction":[{"@type":"SearchAction","target":{"@type":"EntryPoint","urlTemplate":"http:\/\/52.77.24.187\/?s={search_term_string}"},"query-input":{"@type":"PropertyValueSpecification","valueRequired":true,"valueName":"search_term_string"}}],"inLanguage":"vi-VN"},{"@type":"Organization","@id":"http:\/\/52.77.24.187\/#organization","name":"The Bottle Shop","url":"http:\/\/52.77.24.187\/","logo":{"@type":"ImageObject","inLanguage":"vi-VN","@id":"http:\/\/52.77.24.187\/#\/schema\/logo\/image\/","url":"https:\/\/mlsrfcxkkbzg.i.optimole.com\/cb:JbP2.215d7\/w:auto\/h:auto\/q:mauto\/ig:avif\/https:\/\/thebottleshop.vn\/wp-content\/uploads\/2022\/10\/The-Bottle-Shop-Online-Logo.png","contentUrl":"https:\/\/mlsrfcxkkbzg.i.optimole.com\/cb:JbP2.215d7\/w:auto\/h:auto\/q:mauto\/ig:avif\/https:\/\/thebottleshop.vn\/wp-content\/uploads\/2022\/10\/The-Bottle-Shop-Online-Logo.png","width":145,"height":147,"caption":"The Bottle Shop"},"image":{"@id":"http:\/\/52.77.24.187\/#\/schema\/logo\/image\/"},"sameAs":["https:\/\/www.facebook.com\/thebottleshopvietnam","https:\/\/www.instagram.com\/thebottleshop_vietnam\/"]}]}},"_links":{"self":[{"href":"https:\/\/thebottleshop.vn\/vi\/wp-json\/wp\/v2\/product\/19087","targetHints":{"allow":["GET"]}}],"collection":[{"href":"https:\/\/thebottleshop.vn\/vi\/wp-json\/wp\/v2\/product"}],"about":[{"href":"https:\/\/thebottleshop.vn\/vi\/wp-json\/wp\/v2\/types\/product"}],"replies":[{"embeddable":true,"href":"https:\/\/thebottleshop.vn\/vi\/wp-json\/wp\/v2\/comments?post=19087"}],"wp:featuredmedia":[{"embeddable":true,"href":"https:\/\/thebottleshop.vn\/vi\/wp-json\/wp\/v2\/media\/19081"}],"wp:attachment":[{"href":"https:\/\/thebottleshop.vn\/vi\/wp-json\/wp\/v2\/media?parent=19087"}],"wp:term":[{"taxonomy":"product_brand","embeddable":true,"href":"https:\/\/thebottleshop.vn\/vi\/wp-json\/wp\/v2\/product_brand?post=19087"},{"taxonomy":"product_cat","embeddable":true,"href":"https:\/\/thebottleshop.vn\/vi\/wp-json\/wp\/v2\/product_cat?post=19087"},{"taxonomy":"product_tag","embeddable":true,"href":"https:\/\/thebottleshop.vn\/vi\/wp-json\/wp\/v2\/product_tag?post=19087"}],"curies":[{"name":"wp","href":"https:\/\/api.w.org\/{rel}","templated":true}]}}