{"id":19308,"date":"2024-04-15T21:27:43","date_gmt":"2024-04-15T14:32:35","guid":{"rendered":"https:\/\/thebottleshop.vn\/product\/mixtape-partea-red-hard-tea\/"},"modified":"2024-04-15T21:32:35","modified_gmt":"2024-04-15T14:32:35","slug":"mixtape-partea-red-hard-tea","status":"publish","type":"product","link":"https:\/\/thebottleshop.vn\/vi\/san-pham\/mixtape-partea-red-hard-tea\/","title":{"rendered":"MixTape ParTea Red Hard Tea"},"content":{"rendered":"<p>MixTape ParTea Red Hard Tea, s\u1ea3n ph\u1ea9m m\u1edbi ra m\u1eaft v\u00e0o m\u00f9a h\u00e8 n\u0103m 2024, \u0111\u01b0\u1ee3c l\u00e0m t\u1eeb tr\u00e0 \u0111en t\u1eeb \u0110\u00e0 L\u1ea1t v\u00e0 qu\u1ea3 m\u00e2m x\u00f4i Ph\u00e1p nh\u1eadp kh\u1ea9u. Gi\u1ea3i kh\u00e1t ho\u00e0n h\u1ea3o d\u1ec5 u\u1ed1ng.<\/p>\n<p>&#8212;&#8211;<br \/>\nXem th\u01b0 vi\u1ec7n h\u00ecnh \u1ea3nh \u0111\u1ec3 bi\u1ebft th\u00eam th\u00f4ng tin chi ti\u1ebft v\u1ec1 ngu\u1ed3n g\u1ed1c, th\u00e0nh ph\u1ea7n v\u00e0 h\u01b0\u1edbng d\u1eabn s\u1eed d\u1ee5ng c\u1ee7a s\u1ea3n ph\u1ea9m.<\/p>\n","protected":false},"excerpt":{"rendered":"<p><strong>M\u00e2m x\u00f4i, Ng\u1ecdt ng\u00e0o, Chua d\u1ecbu 4.20%<\/strong><\/p>\n","protected":false},"featured_media":19306,"comment_status":"open","ping_status":"closed","template":"","meta":{"_acf_changed":false},"product_brand":[],"product_cat":[340,514,347,354,396,351,366,345,339,488,341,352,513,344,461],"product_tag":[],"class_list":{"0":"post-19308","1":"product","2":"type-product","3":"status-publish","4":"has-post-thumbnail","6":"product_cat-vietnam-hcmc","7":"product_cat-khong-gluten","8":"product_cat-4-5-9","9":"product_cat-75k-99k","10":"product_cat-soda-seltzer","11":"product_cat-dong-bia","12":"product_cat-nha-san-xuat","13":"product_cat-abv-vi","14":"product_cat-xuat-xu","15":"product_cat-hard-seltzer","16":"product_cat-dong-goi","17":"product_cat-gia","18":"product_cat-khac","19":"product_cat-lon-330-ml","20":"product_cat-mixtape-drinks","22":"first","23":"instock","24":"shipping-taxable","25":"purchasable","26":"product-type-simple","27":"add-to-wishlist-before_image"},"acf":[],"yoast_head":"<!-- This site is optimized with the Yoast SEO plugin v27.2 - https:\/\/yoast.com\/product\/yoast-seo-wordpress\/ -->\n<title>MixTape ParTea Red Hard Tea - The Bottle Shop<\/title>\n<meta name=\"description\" content=\"MixTape ParTea Red Hard Tea, s\u1ea3n ph\u1ea9m m\u1edbi ra m\u1eaft v\u00e0o m\u00f9a h\u00e8 n\u0103m 2024, \u0111\u01b0\u1ee3c l\u00e0m t\u1eeb tr\u00e0 \u0111en t\u1eeb \u0110\u00e0 L\u1ea1t v\u00e0 qu\u1ea3 m\u00e2m x\u00f4i Ph\u00e1p nh\u1eadp kh\u1ea9u.\" \/>\n<meta name=\"robots\" content=\"index, follow, max-snippet:-1, max-image-preview:large, max-video-preview:-1\" \/>\n<link rel=\"canonical\" href=\"http:\/\/52.77.24.187\/vi\/san-pham\/mixtape-partea-red-hard-tea\/\" \/>\n<meta property=\"og:locale\" content=\"vi_VN\" \/>\n<meta property=\"og:type\" content=\"article\" \/>\n<meta property=\"og:title\" content=\"MixTape ParTea Red Hard Tea - The Bottle Shop\" \/>\n<meta property=\"og:description\" content=\"MixTape ParTea Red Hard Tea, s\u1ea3n ph\u1ea9m m\u1edbi ra m\u1eaft v\u00e0o m\u00f9a h\u00e8 n\u0103m 2024, \u0111\u01b0\u1ee3c l\u00e0m t\u1eeb tr\u00e0 \u0111en t\u1eeb \u0110\u00e0 L\u1ea1t v\u00e0 qu\u1ea3 m\u00e2m x\u00f4i Ph\u00e1p nh\u1eadp kh\u1ea9u.\" \/>\n<meta property=\"og:url\" content=\"http:\/\/52.77.24.187\/vi\/san-pham\/mixtape-partea-red-hard-tea\/\" \/>\n<meta property=\"og:site_name\" content=\"The Bottle Shop\" \/>\n<meta property=\"article:publisher\" content=\"https:\/\/www.facebook.com\/thebottleshopvietnam\" \/>\n<meta property=\"og:image\" content=\"https:\/\/mlsrfcxkkbzg.i.optimole.com\/cb:JbP2.215d7\/w:auto\/h:auto\/q:mauto\/ig:avif\/http:\/\/52.77.24.187\/wp-content\/uploads\/2024\/04\/MixTape-ParTea-Ted-Hard-Tea.png\" \/>\n\t<meta property=\"og:image:width\" content=\"1080\" \/>\n\t<meta property=\"og:image:height\" content=\"1080\" \/>\n\t<meta property=\"og:image:type\" content=\"image\/png\" \/>\n<meta name=\"twitter:card\" content=\"summary_large_image\" \/>\n<script type=\"application\/ld+json\" class=\"yoast-schema-graph\">{\"@context\":\"https:\/\/schema.org\",\"@graph\":[{\"@type\":\"WebPage\",\"@id\":\"http:\/\/52.77.24.187\/vi\/san-pham\/mixtape-partea-red-hard-tea\/\",\"url\":\"http:\/\/52.77.24.187\/vi\/san-pham\/mixtape-partea-red-hard-tea\/\",\"name\":\"MixTape ParTea Red Hard Tea - The Bottle Shop\",\"isPartOf\":{\"@id\":\"http:\/\/52.77.24.187\/#website\"},\"primaryImageOfPage\":{\"@id\":\"http:\/\/52.77.24.187\/vi\/san-pham\/mixtape-partea-red-hard-tea\/#primaryimage\"},\"image\":{\"@id\":\"http:\/\/52.77.24.187\/vi\/san-pham\/mixtape-partea-red-hard-tea\/#primaryimage\"},\"thumbnailUrl\":\"https:\/\/mlsrfcxkkbzg.i.optimole.com\/cb:JbP2.215d7\/w:auto\/h:auto\/q:mauto\/ig:avif\/https:\/\/thebottleshop.vn\/wp-content\/uploads\/2024\/04\/MixTape-ParTea-Ted-Hard-Tea.png\",\"datePublished\":\"2024-04-15T14:32:35+00:00\",\"description\":\"MixTape ParTea Red Hard Tea, s\u1ea3n ph\u1ea9m m\u1edbi ra m\u1eaft v\u00e0o m\u00f9a h\u00e8 n\u0103m 2024, \u0111\u01b0\u1ee3c l\u00e0m t\u1eeb tr\u00e0 \u0111en t\u1eeb \u0110\u00e0 L\u1ea1t v\u00e0 qu\u1ea3 m\u00e2m x\u00f4i Ph\u00e1p nh\u1eadp kh\u1ea9u.\",\"breadcrumb\":{\"@id\":\"http:\/\/52.77.24.187\/vi\/san-pham\/mixtape-partea-red-hard-tea\/#breadcrumb\"},\"inLanguage\":\"vi-VN\",\"potentialAction\":[{\"@type\":\"ReadAction\",\"target\":[\"http:\/\/52.77.24.187\/vi\/san-pham\/mixtape-partea-red-hard-tea\/\"]}]},{\"@type\":\"ImageObject\",\"inLanguage\":\"vi-VN\",\"@id\":\"http:\/\/52.77.24.187\/vi\/san-pham\/mixtape-partea-red-hard-tea\/#primaryimage\",\"url\":\"https:\/\/mlsrfcxkkbzg.i.optimole.com\/cb:JbP2.215d7\/w:auto\/h:auto\/q:mauto\/ig:avif\/https:\/\/thebottleshop.vn\/wp-content\/uploads\/2024\/04\/MixTape-ParTea-Ted-Hard-Tea.png\",\"contentUrl\":\"https:\/\/mlsrfcxkkbzg.i.optimole.com\/cb:JbP2.215d7\/w:auto\/h:auto\/q:mauto\/ig:avif\/https:\/\/thebottleshop.vn\/wp-content\/uploads\/2024\/04\/MixTape-ParTea-Ted-Hard-Tea.png\",\"width\":1080,\"height\":1080,\"caption\":\"MixTape ParTea Ted Hard Tea\"},{\"@type\":\"BreadcrumbList\",\"@id\":\"http:\/\/52.77.24.187\/vi\/san-pham\/mixtape-partea-red-hard-tea\/#breadcrumb\",\"itemListElement\":[{\"@type\":\"ListItem\",\"position\":1,\"name\":\"Home\",\"item\":\"http:\/\/52.77.24.187\/vi\/test-popup-vi\/\"},{\"@type\":\"ListItem\",\"position\":2,\"name\":\"C\u1eeda h\u00e0ng\",\"item\":\"http:\/\/52.77.24.187\/vi\/cua-hang\/\"},{\"@type\":\"ListItem\",\"position\":3,\"name\":\"MixTape ParTea Red Hard Tea\"}]},{\"@type\":\"WebSite\",\"@id\":\"http:\/\/52.77.24.187\/#website\",\"url\":\"http:\/\/52.77.24.187\/\",\"name\":\"The Bottle Shop\",\"description\":\"All beers are not created equal\",\"publisher\":{\"@id\":\"http:\/\/52.77.24.187\/#organization\"},\"potentialAction\":[{\"@type\":\"SearchAction\",\"target\":{\"@type\":\"EntryPoint\",\"urlTemplate\":\"http:\/\/52.77.24.187\/?s={search_term_string}\"},\"query-input\":{\"@type\":\"PropertyValueSpecification\",\"valueRequired\":true,\"valueName\":\"search_term_string\"}}],\"inLanguage\":\"vi-VN\"},{\"@type\":\"Organization\",\"@id\":\"http:\/\/52.77.24.187\/#organization\",\"name\":\"The Bottle Shop\",\"url\":\"http:\/\/52.77.24.187\/\",\"logo\":{\"@type\":\"ImageObject\",\"inLanguage\":\"vi-VN\",\"@id\":\"http:\/\/52.77.24.187\/#\/schema\/logo\/image\/\",\"url\":\"https:\/\/mlsrfcxkkbzg.i.optimole.com\/cb:JbP2.215d7\/w:auto\/h:auto\/q:mauto\/ig:avif\/https:\/\/thebottleshop.vn\/wp-content\/uploads\/2022\/10\/The-Bottle-Shop-Online-Logo.png\",\"contentUrl\":\"https:\/\/mlsrfcxkkbzg.i.optimole.com\/cb:JbP2.215d7\/w:auto\/h:auto\/q:mauto\/ig:avif\/https:\/\/thebottleshop.vn\/wp-content\/uploads\/2022\/10\/The-Bottle-Shop-Online-Logo.png\",\"width\":145,\"height\":147,\"caption\":\"The Bottle Shop\"},\"image\":{\"@id\":\"http:\/\/52.77.24.187\/#\/schema\/logo\/image\/\"},\"sameAs\":[\"https:\/\/www.facebook.com\/thebottleshopvietnam\",\"https:\/\/www.instagram.com\/thebottleshop_vietnam\/\"]}]}<\/script>\n<!-- \/ Yoast SEO plugin. -->","yoast_head_json":{"title":"MixTape ParTea Red Hard Tea - The Bottle Shop","description":"MixTape ParTea Red Hard Tea, s\u1ea3n ph\u1ea9m m\u1edbi ra m\u1eaft v\u00e0o m\u00f9a h\u00e8 n\u0103m 2024, \u0111\u01b0\u1ee3c l\u00e0m t\u1eeb tr\u00e0 \u0111en t\u1eeb \u0110\u00e0 L\u1ea1t v\u00e0 qu\u1ea3 m\u00e2m x\u00f4i Ph\u00e1p nh\u1eadp kh\u1ea9u.","robots":{"index":"index","follow":"follow","max-snippet":"max-snippet:-1","max-image-preview":"max-image-preview:large","max-video-preview":"max-video-preview:-1"},"canonical":"http:\/\/52.77.24.187\/vi\/san-pham\/mixtape-partea-red-hard-tea\/","og_locale":"vi_VN","og_type":"article","og_title":"MixTape ParTea Red Hard Tea - The Bottle Shop","og_description":"MixTape ParTea Red Hard Tea, s\u1ea3n ph\u1ea9m m\u1edbi ra m\u1eaft v\u00e0o m\u00f9a h\u00e8 n\u0103m 2024, \u0111\u01b0\u1ee3c l\u00e0m t\u1eeb tr\u00e0 \u0111en t\u1eeb \u0110\u00e0 L\u1ea1t v\u00e0 qu\u1ea3 m\u00e2m x\u00f4i Ph\u00e1p nh\u1eadp kh\u1ea9u.","og_url":"http:\/\/52.77.24.187\/vi\/san-pham\/mixtape-partea-red-hard-tea\/","og_site_name":"The Bottle Shop","article_publisher":"https:\/\/www.facebook.com\/thebottleshopvietnam","og_image":[{"width":1080,"height":1080,"url":"https:\/\/mlsrfcxkkbzg.i.optimole.com\/cb:JbP2.215d7\/w:auto\/h:auto\/q:mauto\/ig:avif\/http:\/\/52.77.24.187\/wp-content\/uploads\/2024\/04\/MixTape-ParTea-Ted-Hard-Tea.png","type":"image\/png"}],"twitter_card":"summary_large_image","schema":{"@context":"https:\/\/schema.org","@graph":[{"@type":"WebPage","@id":"http:\/\/52.77.24.187\/vi\/san-pham\/mixtape-partea-red-hard-tea\/","url":"http:\/\/52.77.24.187\/vi\/san-pham\/mixtape-partea-red-hard-tea\/","name":"MixTape ParTea Red Hard Tea - The Bottle Shop","isPartOf":{"@id":"http:\/\/52.77.24.187\/#website"},"primaryImageOfPage":{"@id":"http:\/\/52.77.24.187\/vi\/san-pham\/mixtape-partea-red-hard-tea\/#primaryimage"},"image":{"@id":"http:\/\/52.77.24.187\/vi\/san-pham\/mixtape-partea-red-hard-tea\/#primaryimage"},"thumbnailUrl":"https:\/\/mlsrfcxkkbzg.i.optimole.com\/cb:JbP2.215d7\/w:auto\/h:auto\/q:mauto\/ig:avif\/https:\/\/thebottleshop.vn\/wp-content\/uploads\/2024\/04\/MixTape-ParTea-Ted-Hard-Tea.png","datePublished":"2024-04-15T14:32:35+00:00","description":"MixTape ParTea Red Hard Tea, s\u1ea3n ph\u1ea9m m\u1edbi ra m\u1eaft v\u00e0o m\u00f9a h\u00e8 n\u0103m 2024, \u0111\u01b0\u1ee3c l\u00e0m t\u1eeb tr\u00e0 \u0111en t\u1eeb \u0110\u00e0 L\u1ea1t v\u00e0 qu\u1ea3 m\u00e2m x\u00f4i Ph\u00e1p nh\u1eadp kh\u1ea9u.","breadcrumb":{"@id":"http:\/\/52.77.24.187\/vi\/san-pham\/mixtape-partea-red-hard-tea\/#breadcrumb"},"inLanguage":"vi-VN","potentialAction":[{"@type":"ReadAction","target":["http:\/\/52.77.24.187\/vi\/san-pham\/mixtape-partea-red-hard-tea\/"]}]},{"@type":"ImageObject","inLanguage":"vi-VN","@id":"http:\/\/52.77.24.187\/vi\/san-pham\/mixtape-partea-red-hard-tea\/#primaryimage","url":"https:\/\/mlsrfcxkkbzg.i.optimole.com\/cb:JbP2.215d7\/w:auto\/h:auto\/q:mauto\/ig:avif\/https:\/\/thebottleshop.vn\/wp-content\/uploads\/2024\/04\/MixTape-ParTea-Ted-Hard-Tea.png","contentUrl":"https:\/\/mlsrfcxkkbzg.i.optimole.com\/cb:JbP2.215d7\/w:auto\/h:auto\/q:mauto\/ig:avif\/https:\/\/thebottleshop.vn\/wp-content\/uploads\/2024\/04\/MixTape-ParTea-Ted-Hard-Tea.png","width":1080,"height":1080,"caption":"MixTape ParTea Ted Hard Tea"},{"@type":"BreadcrumbList","@id":"http:\/\/52.77.24.187\/vi\/san-pham\/mixtape-partea-red-hard-tea\/#breadcrumb","itemListElement":[{"@type":"ListItem","position":1,"name":"Home","item":"http:\/\/52.77.24.187\/vi\/test-popup-vi\/"},{"@type":"ListItem","position":2,"name":"C\u1eeda h\u00e0ng","item":"http:\/\/52.77.24.187\/vi\/cua-hang\/"},{"@type":"ListItem","position":3,"name":"MixTape ParTea Red Hard Tea"}]},{"@type":"WebSite","@id":"http:\/\/52.77.24.187\/#website","url":"http:\/\/52.77.24.187\/","name":"The Bottle Shop","description":"All beers are not created equal","publisher":{"@id":"http:\/\/52.77.24.187\/#organization"},"potentialAction":[{"@type":"SearchAction","target":{"@type":"EntryPoint","urlTemplate":"http:\/\/52.77.24.187\/?s={search_term_string}"},"query-input":{"@type":"PropertyValueSpecification","valueRequired":true,"valueName":"search_term_string"}}],"inLanguage":"vi-VN"},{"@type":"Organization","@id":"http:\/\/52.77.24.187\/#organization","name":"The Bottle Shop","url":"http:\/\/52.77.24.187\/","logo":{"@type":"ImageObject","inLanguage":"vi-VN","@id":"http:\/\/52.77.24.187\/#\/schema\/logo\/image\/","url":"https:\/\/mlsrfcxkkbzg.i.optimole.com\/cb:JbP2.215d7\/w:auto\/h:auto\/q:mauto\/ig:avif\/https:\/\/thebottleshop.vn\/wp-content\/uploads\/2022\/10\/The-Bottle-Shop-Online-Logo.png","contentUrl":"https:\/\/mlsrfcxkkbzg.i.optimole.com\/cb:JbP2.215d7\/w:auto\/h:auto\/q:mauto\/ig:avif\/https:\/\/thebottleshop.vn\/wp-content\/uploads\/2022\/10\/The-Bottle-Shop-Online-Logo.png","width":145,"height":147,"caption":"The Bottle Shop"},"image":{"@id":"http:\/\/52.77.24.187\/#\/schema\/logo\/image\/"},"sameAs":["https:\/\/www.facebook.com\/thebottleshopvietnam","https:\/\/www.instagram.com\/thebottleshop_vietnam\/"]}]}},"_links":{"self":[{"href":"https:\/\/thebottleshop.vn\/vi\/wp-json\/wp\/v2\/product\/19308","targetHints":{"allow":["GET"]}}],"collection":[{"href":"https:\/\/thebottleshop.vn\/vi\/wp-json\/wp\/v2\/product"}],"about":[{"href":"https:\/\/thebottleshop.vn\/vi\/wp-json\/wp\/v2\/types\/product"}],"replies":[{"embeddable":true,"href":"https:\/\/thebottleshop.vn\/vi\/wp-json\/wp\/v2\/comments?post=19308"}],"wp:featuredmedia":[{"embeddable":true,"href":"https:\/\/thebottleshop.vn\/vi\/wp-json\/wp\/v2\/media\/19306"}],"wp:attachment":[{"href":"https:\/\/thebottleshop.vn\/vi\/wp-json\/wp\/v2\/media?parent=19308"}],"wp:term":[{"taxonomy":"product_brand","embeddable":true,"href":"https:\/\/thebottleshop.vn\/vi\/wp-json\/wp\/v2\/product_brand?post=19308"},{"taxonomy":"product_cat","embeddable":true,"href":"https:\/\/thebottleshop.vn\/vi\/wp-json\/wp\/v2\/product_cat?post=19308"},{"taxonomy":"product_tag","embeddable":true,"href":"https:\/\/thebottleshop.vn\/vi\/wp-json\/wp\/v2\/product_tag?post=19308"}],"curies":[{"name":"wp","href":"https:\/\/api.w.org\/{rel}","templated":true}]}}