{"id":19351,"date":"2024-04-16T00:54:41","date_gmt":"2024-04-15T17:58:23","guid":{"rendered":"https:\/\/thebottleshop.vn\/product\/heart-of-darkness-pink-pyjamas-dau-tay-tieu-phu-quoc-sour\/"},"modified":"2024-04-16T00:58:23","modified_gmt":"2024-04-15T17:58:23","slug":"heart-of-darkness-pink-pyjamas-dau-tay-tieu-phu-quoc-sour","status":"publish","type":"product","link":"https:\/\/thebottleshop.vn\/vi\/san-pham\/heart-of-darkness-pink-pyjamas-dau-tay-tieu-phu-quoc-sour\/","title":{"rendered":"Heart of Darkness Pink Pyjamas D\u00e2u T\u00e2y &amp; Ti\u00eau Ph\u00fa Qu\u1ed1c Sour"},"content":{"rendered":"<p>Heart of Darkness Pink Pyjamas Strawberry &amp; Ph\u00fa Qu\u1ed1c Pepper Sour l\u00e0 m\u1ed9t bia gose nh\u1eb9 nh\u00e0ng l\u0103n t\u0103n \u0111\u01b0\u1ee3c \u0111\u1eb7c ch\u1ebf \u0111\u1ec3 \u0111em l\u1ea1i s\u1ef1 gi\u1ea3i kh\u00e1t t\u01b0\u01a1i m\u00e1t nh\u1ea5t. M\u00e0u bia h\u1ed3ng nh\u1ea1t, tho\u00e1ng g\u1ee3n h\u01b0\u01a1ng d\u00e2u v\u00e0 ti\u00eau xanh. V\u1ecb chua m\u1eb7n t\u01b0\u01a1i m\u00e1t chuy\u1ec3n d\u1ea7n sang h\u1eadu v\u1ecb tr\u00e1i c\u00e2y d\u1ec5 ch\u1ecbu.<\/p>\n<p>\u2014\u2013 Xem th\u01b0 vi\u1ec7n h\u00ecnh \u1ea3nh \u0111\u1ec3 bi\u1ebft th\u00eam th\u00f4ng tin chi ti\u1ebft v\u1ec1 ngu\u1ed3n g\u1ed1c, th\u00e0nh ph\u1ea7n v\u00e0 h\u01b0\u1edbng d\u1eabn s\u1eed d\u1ee5ng c\u1ee7a s\u1ea3n ph\u1ea9m.<\/p>\n","protected":false},"excerpt":{"rendered":"<p><strong>D\u00e2u t\u00e2y, H\u1ea1t ti\u00eau, V\u1ecb chua 4.7%<\/strong><\/p>\n","protected":false},"featured_media":19348,"comment_status":"open","ping_status":"closed","template":"","meta":{"_acf_changed":false},"product_brand":[],"product_cat":[378,337,340,347,423,351,366,345,377,339,341,352,361,344,369],"product_tag":[],"class_list":{"0":"post-19351","1":"product","2":"type-product","3":"status-publish","4":"has-post-thumbnail","6":"product_cat-00-19","7":"product_cat-bia-va-cider","8":"product_cat-vietnam-hcmc","9":"product_cat-4-5-9","10":"product_cat-100k-149k","11":"product_cat-dong-bia","12":"product_cat-nha-san-xuat","13":"product_cat-abv-vi","14":"product_cat-ibu","15":"product_cat-xuat-xu","16":"product_cat-dong-goi","17":"product_cat-gia","18":"product_cat-sour","19":"product_cat-lon-330-ml","20":"product_cat-heart-of-darkness","22":"first","23":"outofstock","24":"shipping-taxable","25":"purchasable","26":"product-type-simple","27":"add-to-wishlist-before_image"},"acf":[],"yoast_head":"<!-- This site is optimized with the Yoast SEO plugin v27.2 - https:\/\/yoast.com\/product\/yoast-seo-wordpress\/ -->\n<title>Heart of Darkness Pink Pyjamas D\u00e2u T\u00e2y &amp; Ti\u00eau Ph\u00fa Qu\u1ed1c Sour - The Bottle Shop<\/title>\n<meta name=\"description\" content=\"Heart of Darkness Pink Pyjamas D\u00e2u T\u00e2y &amp; Ti\u00eau Ph\u00fa Qu\u1ed1c Sour c\u00f3 m\u00e0u bia h\u1ed3ng nh\u1ea1t, tho\u00e1ng g\u1ee3n h\u01b0\u01a1ng d\u00e2u v\u00e0 ti\u00eau xanh.\" \/>\n<meta name=\"robots\" content=\"index, follow, max-snippet:-1, max-image-preview:large, max-video-preview:-1\" \/>\n<link rel=\"canonical\" href=\"http:\/\/52.77.24.187\/vi\/san-pham\/heart-of-darkness-pink-pyjamas-dau-tay-tieu-phu-quoc-sour\/\" \/>\n<meta property=\"og:locale\" content=\"vi_VN\" \/>\n<meta property=\"og:type\" content=\"article\" \/>\n<meta property=\"og:title\" content=\"Heart of Darkness Pink Pyjamas D\u00e2u T\u00e2y &amp; Ti\u00eau Ph\u00fa Qu\u1ed1c Sour - The Bottle Shop\" \/>\n<meta property=\"og:description\" content=\"Heart of Darkness Pink Pyjamas D\u00e2u T\u00e2y &amp; Ti\u00eau Ph\u00fa Qu\u1ed1c Sour c\u00f3 m\u00e0u bia h\u1ed3ng nh\u1ea1t, tho\u00e1ng g\u1ee3n h\u01b0\u01a1ng d\u00e2u v\u00e0 ti\u00eau xanh.\" \/>\n<meta property=\"og:url\" content=\"http:\/\/52.77.24.187\/vi\/san-pham\/heart-of-darkness-pink-pyjamas-dau-tay-tieu-phu-quoc-sour\/\" \/>\n<meta property=\"og:site_name\" content=\"The Bottle Shop\" \/>\n<meta property=\"article:publisher\" content=\"https:\/\/www.facebook.com\/thebottleshopvietnam\" \/>\n<meta property=\"og:image\" content=\"https:\/\/mlsrfcxkkbzg.i.optimole.com\/cb:JbP2.215d7\/w:auto\/h:auto\/q:mauto\/ig:avif\/http:\/\/52.77.24.187\/wp-content\/uploads\/2024\/04\/HoD-Pink-Pyjamas-Strawberry-Phu-Quoc-Pepper-Sour.png\" \/>\n\t<meta property=\"og:image:width\" content=\"1080\" \/>\n\t<meta property=\"og:image:height\" content=\"1080\" \/>\n\t<meta property=\"og:image:type\" content=\"image\/png\" \/>\n<meta name=\"twitter:card\" content=\"summary_large_image\" \/>\n<meta name=\"twitter:label1\" content=\"Est. reading time\" \/>\n\t<meta name=\"twitter:data1\" content=\"1 minute\" \/>\n<script type=\"application\/ld+json\" class=\"yoast-schema-graph\">{\"@context\":\"https:\/\/schema.org\",\"@graph\":[{\"@type\":\"WebPage\",\"@id\":\"http:\/\/52.77.24.187\/vi\/san-pham\/heart-of-darkness-pink-pyjamas-dau-tay-tieu-phu-quoc-sour\/\",\"url\":\"http:\/\/52.77.24.187\/vi\/san-pham\/heart-of-darkness-pink-pyjamas-dau-tay-tieu-phu-quoc-sour\/\",\"name\":\"Heart of Darkness Pink Pyjamas D\u00e2u T\u00e2y &amp; Ti\u00eau Ph\u00fa Qu\u1ed1c Sour - The Bottle Shop\",\"isPartOf\":{\"@id\":\"http:\/\/52.77.24.187\/#website\"},\"primaryImageOfPage\":{\"@id\":\"http:\/\/52.77.24.187\/vi\/san-pham\/heart-of-darkness-pink-pyjamas-dau-tay-tieu-phu-quoc-sour\/#primaryimage\"},\"image\":{\"@id\":\"http:\/\/52.77.24.187\/vi\/san-pham\/heart-of-darkness-pink-pyjamas-dau-tay-tieu-phu-quoc-sour\/#primaryimage\"},\"thumbnailUrl\":\"https:\/\/mlsrfcxkkbzg.i.optimole.com\/cb:JbP2.215d7\/w:auto\/h:auto\/q:mauto\/ig:avif\/https:\/\/thebottleshop.vn\/wp-content\/uploads\/2024\/04\/HoD-Pink-Pyjamas-Strawberry-Phu-Quoc-Pepper-Sour.png\",\"datePublished\":\"2024-04-15T17:58:23+00:00\",\"description\":\"Heart of Darkness Pink Pyjamas D\u00e2u T\u00e2y & Ti\u00eau Ph\u00fa Qu\u1ed1c Sour c\u00f3 m\u00e0u bia h\u1ed3ng nh\u1ea1t, tho\u00e1ng g\u1ee3n h\u01b0\u01a1ng d\u00e2u v\u00e0 ti\u00eau xanh.\",\"breadcrumb\":{\"@id\":\"http:\/\/52.77.24.187\/vi\/san-pham\/heart-of-darkness-pink-pyjamas-dau-tay-tieu-phu-quoc-sour\/#breadcrumb\"},\"inLanguage\":\"vi-VN\",\"potentialAction\":[{\"@type\":\"ReadAction\",\"target\":[\"http:\/\/52.77.24.187\/vi\/san-pham\/heart-of-darkness-pink-pyjamas-dau-tay-tieu-phu-quoc-sour\/\"]}]},{\"@type\":\"ImageObject\",\"inLanguage\":\"vi-VN\",\"@id\":\"http:\/\/52.77.24.187\/vi\/san-pham\/heart-of-darkness-pink-pyjamas-dau-tay-tieu-phu-quoc-sour\/#primaryimage\",\"url\":\"https:\/\/mlsrfcxkkbzg.i.optimole.com\/cb:JbP2.215d7\/w:auto\/h:auto\/q:mauto\/ig:avif\/https:\/\/thebottleshop.vn\/wp-content\/uploads\/2024\/04\/HoD-Pink-Pyjamas-Strawberry-Phu-Quoc-Pepper-Sour.png\",\"contentUrl\":\"https:\/\/mlsrfcxkkbzg.i.optimole.com\/cb:JbP2.215d7\/w:auto\/h:auto\/q:mauto\/ig:avif\/https:\/\/thebottleshop.vn\/wp-content\/uploads\/2024\/04\/HoD-Pink-Pyjamas-Strawberry-Phu-Quoc-Pepper-Sour.png\",\"width\":1080,\"height\":1080,\"caption\":\"Heart of Darkness Pink Pyjamas Strawberry & Phu Quoc Pepper Sour\"},{\"@type\":\"BreadcrumbList\",\"@id\":\"http:\/\/52.77.24.187\/vi\/san-pham\/heart-of-darkness-pink-pyjamas-dau-tay-tieu-phu-quoc-sour\/#breadcrumb\",\"itemListElement\":[{\"@type\":\"ListItem\",\"position\":1,\"name\":\"Home\",\"item\":\"http:\/\/52.77.24.187\/vi\/test-popup-vi\/\"},{\"@type\":\"ListItem\",\"position\":2,\"name\":\"C\u1eeda h\u00e0ng\",\"item\":\"http:\/\/52.77.24.187\/vi\/cua-hang\/\"},{\"@type\":\"ListItem\",\"position\":3,\"name\":\"Heart of Darkness Pink Pyjamas D\u00e2u T\u00e2y &amp; Ti\u00eau Ph\u00fa Qu\u1ed1c Sour\"}]},{\"@type\":\"WebSite\",\"@id\":\"http:\/\/52.77.24.187\/#website\",\"url\":\"http:\/\/52.77.24.187\/\",\"name\":\"The Bottle Shop\",\"description\":\"All beers are not created equal\",\"publisher\":{\"@id\":\"http:\/\/52.77.24.187\/#organization\"},\"potentialAction\":[{\"@type\":\"SearchAction\",\"target\":{\"@type\":\"EntryPoint\",\"urlTemplate\":\"http:\/\/52.77.24.187\/?s={search_term_string}\"},\"query-input\":{\"@type\":\"PropertyValueSpecification\",\"valueRequired\":true,\"valueName\":\"search_term_string\"}}],\"inLanguage\":\"vi-VN\"},{\"@type\":\"Organization\",\"@id\":\"http:\/\/52.77.24.187\/#organization\",\"name\":\"The Bottle Shop\",\"url\":\"http:\/\/52.77.24.187\/\",\"logo\":{\"@type\":\"ImageObject\",\"inLanguage\":\"vi-VN\",\"@id\":\"http:\/\/52.77.24.187\/#\/schema\/logo\/image\/\",\"url\":\"https:\/\/mlsrfcxkkbzg.i.optimole.com\/cb:JbP2.215d7\/w:auto\/h:auto\/q:mauto\/ig:avif\/https:\/\/thebottleshop.vn\/wp-content\/uploads\/2022\/10\/The-Bottle-Shop-Online-Logo.png\",\"contentUrl\":\"https:\/\/mlsrfcxkkbzg.i.optimole.com\/cb:JbP2.215d7\/w:auto\/h:auto\/q:mauto\/ig:avif\/https:\/\/thebottleshop.vn\/wp-content\/uploads\/2022\/10\/The-Bottle-Shop-Online-Logo.png\",\"width\":145,\"height\":147,\"caption\":\"The Bottle Shop\"},\"image\":{\"@id\":\"http:\/\/52.77.24.187\/#\/schema\/logo\/image\/\"},\"sameAs\":[\"https:\/\/www.facebook.com\/thebottleshopvietnam\",\"https:\/\/www.instagram.com\/thebottleshop_vietnam\/\"]}]}<\/script>\n<!-- \/ Yoast SEO plugin. -->","yoast_head_json":{"title":"Heart of Darkness Pink Pyjamas D\u00e2u T\u00e2y &amp; Ti\u00eau Ph\u00fa Qu\u1ed1c Sour - The Bottle Shop","description":"Heart of Darkness Pink Pyjamas D\u00e2u T\u00e2y & Ti\u00eau Ph\u00fa Qu\u1ed1c Sour c\u00f3 m\u00e0u bia h\u1ed3ng nh\u1ea1t, tho\u00e1ng g\u1ee3n h\u01b0\u01a1ng d\u00e2u v\u00e0 ti\u00eau xanh.","robots":{"index":"index","follow":"follow","max-snippet":"max-snippet:-1","max-image-preview":"max-image-preview:large","max-video-preview":"max-video-preview:-1"},"canonical":"http:\/\/52.77.24.187\/vi\/san-pham\/heart-of-darkness-pink-pyjamas-dau-tay-tieu-phu-quoc-sour\/","og_locale":"vi_VN","og_type":"article","og_title":"Heart of Darkness Pink Pyjamas D\u00e2u T\u00e2y &amp; Ti\u00eau Ph\u00fa Qu\u1ed1c Sour - The Bottle Shop","og_description":"Heart of Darkness Pink Pyjamas D\u00e2u T\u00e2y & Ti\u00eau Ph\u00fa Qu\u1ed1c Sour c\u00f3 m\u00e0u bia h\u1ed3ng nh\u1ea1t, tho\u00e1ng g\u1ee3n h\u01b0\u01a1ng d\u00e2u v\u00e0 ti\u00eau xanh.","og_url":"http:\/\/52.77.24.187\/vi\/san-pham\/heart-of-darkness-pink-pyjamas-dau-tay-tieu-phu-quoc-sour\/","og_site_name":"The Bottle Shop","article_publisher":"https:\/\/www.facebook.com\/thebottleshopvietnam","og_image":[{"width":1080,"height":1080,"url":"https:\/\/mlsrfcxkkbzg.i.optimole.com\/cb:JbP2.215d7\/w:auto\/h:auto\/q:mauto\/ig:avif\/http:\/\/52.77.24.187\/wp-content\/uploads\/2024\/04\/HoD-Pink-Pyjamas-Strawberry-Phu-Quoc-Pepper-Sour.png","type":"image\/png"}],"twitter_card":"summary_large_image","twitter_misc":{"Est. reading time":"1 minute"},"schema":{"@context":"https:\/\/schema.org","@graph":[{"@type":"WebPage","@id":"http:\/\/52.77.24.187\/vi\/san-pham\/heart-of-darkness-pink-pyjamas-dau-tay-tieu-phu-quoc-sour\/","url":"http:\/\/52.77.24.187\/vi\/san-pham\/heart-of-darkness-pink-pyjamas-dau-tay-tieu-phu-quoc-sour\/","name":"Heart of Darkness Pink Pyjamas D\u00e2u T\u00e2y &amp; Ti\u00eau Ph\u00fa Qu\u1ed1c Sour - The Bottle Shop","isPartOf":{"@id":"http:\/\/52.77.24.187\/#website"},"primaryImageOfPage":{"@id":"http:\/\/52.77.24.187\/vi\/san-pham\/heart-of-darkness-pink-pyjamas-dau-tay-tieu-phu-quoc-sour\/#primaryimage"},"image":{"@id":"http:\/\/52.77.24.187\/vi\/san-pham\/heart-of-darkness-pink-pyjamas-dau-tay-tieu-phu-quoc-sour\/#primaryimage"},"thumbnailUrl":"https:\/\/mlsrfcxkkbzg.i.optimole.com\/cb:JbP2.215d7\/w:auto\/h:auto\/q:mauto\/ig:avif\/https:\/\/thebottleshop.vn\/wp-content\/uploads\/2024\/04\/HoD-Pink-Pyjamas-Strawberry-Phu-Quoc-Pepper-Sour.png","datePublished":"2024-04-15T17:58:23+00:00","description":"Heart of Darkness Pink Pyjamas D\u00e2u T\u00e2y & Ti\u00eau Ph\u00fa Qu\u1ed1c Sour c\u00f3 m\u00e0u bia h\u1ed3ng nh\u1ea1t, tho\u00e1ng g\u1ee3n h\u01b0\u01a1ng d\u00e2u v\u00e0 ti\u00eau xanh.","breadcrumb":{"@id":"http:\/\/52.77.24.187\/vi\/san-pham\/heart-of-darkness-pink-pyjamas-dau-tay-tieu-phu-quoc-sour\/#breadcrumb"},"inLanguage":"vi-VN","potentialAction":[{"@type":"ReadAction","target":["http:\/\/52.77.24.187\/vi\/san-pham\/heart-of-darkness-pink-pyjamas-dau-tay-tieu-phu-quoc-sour\/"]}]},{"@type":"ImageObject","inLanguage":"vi-VN","@id":"http:\/\/52.77.24.187\/vi\/san-pham\/heart-of-darkness-pink-pyjamas-dau-tay-tieu-phu-quoc-sour\/#primaryimage","url":"https:\/\/mlsrfcxkkbzg.i.optimole.com\/cb:JbP2.215d7\/w:auto\/h:auto\/q:mauto\/ig:avif\/https:\/\/thebottleshop.vn\/wp-content\/uploads\/2024\/04\/HoD-Pink-Pyjamas-Strawberry-Phu-Quoc-Pepper-Sour.png","contentUrl":"https:\/\/mlsrfcxkkbzg.i.optimole.com\/cb:JbP2.215d7\/w:auto\/h:auto\/q:mauto\/ig:avif\/https:\/\/thebottleshop.vn\/wp-content\/uploads\/2024\/04\/HoD-Pink-Pyjamas-Strawberry-Phu-Quoc-Pepper-Sour.png","width":1080,"height":1080,"caption":"Heart of Darkness Pink Pyjamas Strawberry & Phu Quoc Pepper Sour"},{"@type":"BreadcrumbList","@id":"http:\/\/52.77.24.187\/vi\/san-pham\/heart-of-darkness-pink-pyjamas-dau-tay-tieu-phu-quoc-sour\/#breadcrumb","itemListElement":[{"@type":"ListItem","position":1,"name":"Home","item":"http:\/\/52.77.24.187\/vi\/test-popup-vi\/"},{"@type":"ListItem","position":2,"name":"C\u1eeda h\u00e0ng","item":"http:\/\/52.77.24.187\/vi\/cua-hang\/"},{"@type":"ListItem","position":3,"name":"Heart of Darkness Pink Pyjamas D\u00e2u T\u00e2y &amp; Ti\u00eau Ph\u00fa Qu\u1ed1c Sour"}]},{"@type":"WebSite","@id":"http:\/\/52.77.24.187\/#website","url":"http:\/\/52.77.24.187\/","name":"The Bottle Shop","description":"All beers are not created equal","publisher":{"@id":"http:\/\/52.77.24.187\/#organization"},"potentialAction":[{"@type":"SearchAction","target":{"@type":"EntryPoint","urlTemplate":"http:\/\/52.77.24.187\/?s={search_term_string}"},"query-input":{"@type":"PropertyValueSpecification","valueRequired":true,"valueName":"search_term_string"}}],"inLanguage":"vi-VN"},{"@type":"Organization","@id":"http:\/\/52.77.24.187\/#organization","name":"The Bottle Shop","url":"http:\/\/52.77.24.187\/","logo":{"@type":"ImageObject","inLanguage":"vi-VN","@id":"http:\/\/52.77.24.187\/#\/schema\/logo\/image\/","url":"https:\/\/mlsrfcxkkbzg.i.optimole.com\/cb:JbP2.215d7\/w:auto\/h:auto\/q:mauto\/ig:avif\/https:\/\/thebottleshop.vn\/wp-content\/uploads\/2022\/10\/The-Bottle-Shop-Online-Logo.png","contentUrl":"https:\/\/mlsrfcxkkbzg.i.optimole.com\/cb:JbP2.215d7\/w:auto\/h:auto\/q:mauto\/ig:avif\/https:\/\/thebottleshop.vn\/wp-content\/uploads\/2022\/10\/The-Bottle-Shop-Online-Logo.png","width":145,"height":147,"caption":"The Bottle Shop"},"image":{"@id":"http:\/\/52.77.24.187\/#\/schema\/logo\/image\/"},"sameAs":["https:\/\/www.facebook.com\/thebottleshopvietnam","https:\/\/www.instagram.com\/thebottleshop_vietnam\/"]}]}},"_links":{"self":[{"href":"https:\/\/thebottleshop.vn\/vi\/wp-json\/wp\/v2\/product\/19351","targetHints":{"allow":["GET"]}}],"collection":[{"href":"https:\/\/thebottleshop.vn\/vi\/wp-json\/wp\/v2\/product"}],"about":[{"href":"https:\/\/thebottleshop.vn\/vi\/wp-json\/wp\/v2\/types\/product"}],"replies":[{"embeddable":true,"href":"https:\/\/thebottleshop.vn\/vi\/wp-json\/wp\/v2\/comments?post=19351"}],"wp:featuredmedia":[{"embeddable":true,"href":"https:\/\/thebottleshop.vn\/vi\/wp-json\/wp\/v2\/media\/19348"}],"wp:attachment":[{"href":"https:\/\/thebottleshop.vn\/vi\/wp-json\/wp\/v2\/media?parent=19351"}],"wp:term":[{"taxonomy":"product_brand","embeddable":true,"href":"https:\/\/thebottleshop.vn\/vi\/wp-json\/wp\/v2\/product_brand?post=19351"},{"taxonomy":"product_cat","embeddable":true,"href":"https:\/\/thebottleshop.vn\/vi\/wp-json\/wp\/v2\/product_cat?post=19351"},{"taxonomy":"product_tag","embeddable":true,"href":"https:\/\/thebottleshop.vn\/vi\/wp-json\/wp\/v2\/product_tag?post=19351"}],"curies":[{"name":"wp","href":"https:\/\/api.w.org\/{rel}","templated":true}]}}