{"id":19388,"date":"2024-04-16T10:49:10","date_gmt":"2024-04-16T04:24:21","guid":{"rendered":"https:\/\/thebottleshop.vn\/product\/wildside-hard-soda-me-thom\/"},"modified":"2024-04-16T11:31:26","modified_gmt":"2024-04-16T04:31:26","slug":"wildside-hard-soda-me-thom","status":"publish","type":"product","link":"https:\/\/thebottleshop.vn\/vi\/san-pham\/wildside-hard-soda-me-thom\/","title":{"rendered":"Wildside Hard Soda Me Th\u01a1m"},"content":{"rendered":"<p>Wildside Hard Soda Me Th\u01a1m. Me d\u1ed1t t\u1eeb v\u00f9ng cao nguy\u00ean Vi\u1ec7t Nam l\u00e0 ch\u00eca kh\u00f3a t\u1ea1o n\u00ean th\u1ee9c u\u1ed1ng ngon tuy\u1ec7t n\u00e0y. Me \u0111\u01b0\u1ee3c ng\u00e2m trong nhi\u1ec1u gi\u1edd \u0111\u1ec3 t\u1ea1o n\u00ean chi\u1ebft xu\u1ea5t me th\u01a1m ngon nh\u1ea5t, k\u1ebft h\u1ee3p v\u1edbi \u0111\u01b0\u1eddng m\u00eda ng\u1ecdt d\u1ecbu v\u00e0 th\u1ea3o qu\u1ea3 \u0111\u1ec3 t\u1ea1o s\u1ef1 c\u00e2n b\u1eb1ng h\u01b0\u01a1ng v\u1ecb.<\/p>\n<p>\u2014\u2013<br \/>\nXem th\u01b0 vi\u1ec7n h\u00ecnh \u1ea3nh \u0111\u1ec3 bi\u1ebft th\u00eam th\u00f4ng tin chi ti\u1ebft v\u1ec1 ngu\u1ed3n g\u1ed1c, th\u00e0nh ph\u1ea7n v\u00e0 h\u01b0\u1edbng d\u1eabn s\u1eed d\u1ee5ng c\u1ee7a s\u1ea3n ph\u1ea9m.<\/p>\n","protected":false},"excerpt":{"rendered":"<p><strong>C\u00e2n b\u1eb1ng, S\u1ea3ng kho\u00e1i, Qu\u1ea3 me 3.9%<\/strong><\/p>\n","protected":false},"featured_media":19387,"comment_status":"open","ping_status":"closed","template":"","meta":{"_acf_changed":false},"product_brand":[],"product_cat":[346,353,340,514,396,351,366,345,339,341,487,352,513,344,646],"product_tag":[],"class_list":{"0":"post-19388","1":"product","2":"type-product","3":"status-publish","4":"has-post-thumbnail","6":"product_cat-0-3-9","7":"product_cat-50k-74k","8":"product_cat-vietnam-hcmc","9":"product_cat-khong-gluten","10":"product_cat-soda-seltzer","11":"product_cat-dong-bia","12":"product_cat-nha-san-xuat","13":"product_cat-abv-vi","14":"product_cat-xuat-xu","15":"product_cat-dong-goi","16":"product_cat-hard-soda","17":"product_cat-gia","18":"product_cat-khac","19":"product_cat-lon-330-ml","20":"product_cat-wildside-vi","22":"first","23":"instock","24":"shipping-taxable","25":"purchasable","26":"product-type-simple","27":"add-to-wishlist-before_image"},"acf":[],"yoast_head":"<!-- This site is optimized with the Yoast SEO plugin v27.2 - https:\/\/yoast.com\/product\/yoast-seo-wordpress\/ -->\n<title>Wildside Hard Soda Me Th\u01a1m - The Bottle Shop<\/title>\n<meta name=\"description\" content=\"Wildside Hard Soda Me Th\u01a1m. Me d\u1ed1t t\u1eeb v\u00f9ng cao nguy\u00ean Vi\u1ec7t Nam l\u00e0 ch\u00eca kh\u00f3a t\u1ea1o n\u00ean th\u1ee9c u\u1ed1ng ngon tuy\u1ec7t n\u00e0y.\" \/>\n<meta name=\"robots\" content=\"index, follow, max-snippet:-1, max-image-preview:large, max-video-preview:-1\" \/>\n<link rel=\"canonical\" href=\"http:\/\/52.77.24.187\/vi\/san-pham\/wildside-hard-soda-me-thom\/\" \/>\n<meta property=\"og:locale\" content=\"vi_VN\" \/>\n<meta property=\"og:type\" content=\"article\" \/>\n<meta property=\"og:title\" content=\"Wildside Hard Soda Me Th\u01a1m - The Bottle Shop\" \/>\n<meta property=\"og:description\" content=\"Wildside Hard Soda Me Th\u01a1m. Me d\u1ed1t t\u1eeb v\u00f9ng cao nguy\u00ean Vi\u1ec7t Nam l\u00e0 ch\u00eca kh\u00f3a t\u1ea1o n\u00ean th\u1ee9c u\u1ed1ng ngon tuy\u1ec7t n\u00e0y.\" \/>\n<meta property=\"og:url\" content=\"http:\/\/52.77.24.187\/vi\/san-pham\/wildside-hard-soda-me-thom\/\" \/>\n<meta property=\"og:site_name\" content=\"The Bottle Shop\" \/>\n<meta property=\"article:publisher\" content=\"https:\/\/www.facebook.com\/thebottleshopvietnam\" \/>\n<meta property=\"article:modified_time\" content=\"2024-04-16T04:31:26+00:00\" \/>\n<meta property=\"og:image\" content=\"https:\/\/mlsrfcxkkbzg.i.optimole.com\/cb:JbP2.215d7\/w:auto\/h:auto\/q:mauto\/ig:avif\/http:\/\/52.77.24.187\/wp-content\/uploads\/2024\/04\/Wildside-Tangy-Tamarind-Hard-Soda.png\" \/>\n\t<meta property=\"og:image:width\" content=\"1080\" \/>\n\t<meta property=\"og:image:height\" content=\"1080\" \/>\n\t<meta property=\"og:image:type\" content=\"image\/png\" \/>\n<meta name=\"twitter:card\" content=\"summary_large_image\" \/>\n<meta name=\"twitter:label1\" content=\"Est. reading time\" \/>\n\t<meta name=\"twitter:data1\" content=\"1 minute\" \/>\n<script type=\"application\/ld+json\" class=\"yoast-schema-graph\">{\"@context\":\"https:\/\/schema.org\",\"@graph\":[{\"@type\":\"WebPage\",\"@id\":\"http:\/\/52.77.24.187\/vi\/san-pham\/wildside-hard-soda-me-thom\/\",\"url\":\"http:\/\/52.77.24.187\/vi\/san-pham\/wildside-hard-soda-me-thom\/\",\"name\":\"Wildside Hard Soda Me Th\u01a1m - The Bottle Shop\",\"isPartOf\":{\"@id\":\"http:\/\/52.77.24.187\/#website\"},\"primaryImageOfPage\":{\"@id\":\"http:\/\/52.77.24.187\/vi\/san-pham\/wildside-hard-soda-me-thom\/#primaryimage\"},\"image\":{\"@id\":\"http:\/\/52.77.24.187\/vi\/san-pham\/wildside-hard-soda-me-thom\/#primaryimage\"},\"thumbnailUrl\":\"https:\/\/mlsrfcxkkbzg.i.optimole.com\/cb:JbP2.215d7\/w:auto\/h:auto\/q:mauto\/ig:avif\/https:\/\/thebottleshop.vn\/wp-content\/uploads\/2024\/04\/Wildside-Tangy-Tamarind-Hard-Soda.png\",\"datePublished\":\"2024-04-16T04:24:21+00:00\",\"dateModified\":\"2024-04-16T04:31:26+00:00\",\"description\":\"Wildside Hard Soda Me Th\u01a1m. Me d\u1ed1t t\u1eeb v\u00f9ng cao nguy\u00ean Vi\u1ec7t Nam l\u00e0 ch\u00eca kh\u00f3a t\u1ea1o n\u00ean th\u1ee9c u\u1ed1ng ngon tuy\u1ec7t n\u00e0y.\",\"breadcrumb\":{\"@id\":\"http:\/\/52.77.24.187\/vi\/san-pham\/wildside-hard-soda-me-thom\/#breadcrumb\"},\"inLanguage\":\"vi-VN\",\"potentialAction\":[{\"@type\":\"ReadAction\",\"target\":[\"http:\/\/52.77.24.187\/vi\/san-pham\/wildside-hard-soda-me-thom\/\"]}]},{\"@type\":\"ImageObject\",\"inLanguage\":\"vi-VN\",\"@id\":\"http:\/\/52.77.24.187\/vi\/san-pham\/wildside-hard-soda-me-thom\/#primaryimage\",\"url\":\"https:\/\/mlsrfcxkkbzg.i.optimole.com\/cb:JbP2.215d7\/w:auto\/h:auto\/q:mauto\/ig:avif\/https:\/\/thebottleshop.vn\/wp-content\/uploads\/2024\/04\/Wildside-Tangy-Tamarind-Hard-Soda.png\",\"contentUrl\":\"https:\/\/mlsrfcxkkbzg.i.optimole.com\/cb:JbP2.215d7\/w:auto\/h:auto\/q:mauto\/ig:avif\/https:\/\/thebottleshop.vn\/wp-content\/uploads\/2024\/04\/Wildside-Tangy-Tamarind-Hard-Soda.png\",\"width\":1080,\"height\":1080,\"caption\":\"Wildside Tangy Tamarind Hard Soda\"},{\"@type\":\"BreadcrumbList\",\"@id\":\"http:\/\/52.77.24.187\/vi\/san-pham\/wildside-hard-soda-me-thom\/#breadcrumb\",\"itemListElement\":[{\"@type\":\"ListItem\",\"position\":1,\"name\":\"Home\",\"item\":\"http:\/\/52.77.24.187\/vi\/test-popup-vi\/\"},{\"@type\":\"ListItem\",\"position\":2,\"name\":\"C\u1eeda h\u00e0ng\",\"item\":\"http:\/\/52.77.24.187\/vi\/cua-hang\/\"},{\"@type\":\"ListItem\",\"position\":3,\"name\":\"Wildside Hard Soda Me Th\u01a1m\"}]},{\"@type\":\"WebSite\",\"@id\":\"http:\/\/52.77.24.187\/#website\",\"url\":\"http:\/\/52.77.24.187\/\",\"name\":\"The Bottle Shop\",\"description\":\"All beers are not created equal\",\"publisher\":{\"@id\":\"http:\/\/52.77.24.187\/#organization\"},\"potentialAction\":[{\"@type\":\"SearchAction\",\"target\":{\"@type\":\"EntryPoint\",\"urlTemplate\":\"http:\/\/52.77.24.187\/?s={search_term_string}\"},\"query-input\":{\"@type\":\"PropertyValueSpecification\",\"valueRequired\":true,\"valueName\":\"search_term_string\"}}],\"inLanguage\":\"vi-VN\"},{\"@type\":\"Organization\",\"@id\":\"http:\/\/52.77.24.187\/#organization\",\"name\":\"The Bottle Shop\",\"url\":\"http:\/\/52.77.24.187\/\",\"logo\":{\"@type\":\"ImageObject\",\"inLanguage\":\"vi-VN\",\"@id\":\"http:\/\/52.77.24.187\/#\/schema\/logo\/image\/\",\"url\":\"https:\/\/mlsrfcxkkbzg.i.optimole.com\/cb:JbP2.215d7\/w:auto\/h:auto\/q:mauto\/ig:avif\/https:\/\/thebottleshop.vn\/wp-content\/uploads\/2022\/10\/The-Bottle-Shop-Online-Logo.png\",\"contentUrl\":\"https:\/\/mlsrfcxkkbzg.i.optimole.com\/cb:JbP2.215d7\/w:auto\/h:auto\/q:mauto\/ig:avif\/https:\/\/thebottleshop.vn\/wp-content\/uploads\/2022\/10\/The-Bottle-Shop-Online-Logo.png\",\"width\":145,\"height\":147,\"caption\":\"The Bottle Shop\"},\"image\":{\"@id\":\"http:\/\/52.77.24.187\/#\/schema\/logo\/image\/\"},\"sameAs\":[\"https:\/\/www.facebook.com\/thebottleshopvietnam\",\"https:\/\/www.instagram.com\/thebottleshop_vietnam\/\"]}]}<\/script>\n<!-- \/ Yoast SEO plugin. -->","yoast_head_json":{"title":"Wildside Hard Soda Me Th\u01a1m - The Bottle Shop","description":"Wildside Hard Soda Me Th\u01a1m. Me d\u1ed1t t\u1eeb v\u00f9ng cao nguy\u00ean Vi\u1ec7t Nam l\u00e0 ch\u00eca kh\u00f3a t\u1ea1o n\u00ean th\u1ee9c u\u1ed1ng ngon tuy\u1ec7t n\u00e0y.","robots":{"index":"index","follow":"follow","max-snippet":"max-snippet:-1","max-image-preview":"max-image-preview:large","max-video-preview":"max-video-preview:-1"},"canonical":"http:\/\/52.77.24.187\/vi\/san-pham\/wildside-hard-soda-me-thom\/","og_locale":"vi_VN","og_type":"article","og_title":"Wildside Hard Soda Me Th\u01a1m - The Bottle Shop","og_description":"Wildside Hard Soda Me Th\u01a1m. Me d\u1ed1t t\u1eeb v\u00f9ng cao nguy\u00ean Vi\u1ec7t Nam l\u00e0 ch\u00eca kh\u00f3a t\u1ea1o n\u00ean th\u1ee9c u\u1ed1ng ngon tuy\u1ec7t n\u00e0y.","og_url":"http:\/\/52.77.24.187\/vi\/san-pham\/wildside-hard-soda-me-thom\/","og_site_name":"The Bottle Shop","article_publisher":"https:\/\/www.facebook.com\/thebottleshopvietnam","article_modified_time":"2024-04-16T04:31:26+00:00","og_image":[{"width":1080,"height":1080,"url":"https:\/\/mlsrfcxkkbzg.i.optimole.com\/cb:JbP2.215d7\/w:auto\/h:auto\/q:mauto\/ig:avif\/http:\/\/52.77.24.187\/wp-content\/uploads\/2024\/04\/Wildside-Tangy-Tamarind-Hard-Soda.png","type":"image\/png"}],"twitter_card":"summary_large_image","twitter_misc":{"Est. reading time":"1 minute"},"schema":{"@context":"https:\/\/schema.org","@graph":[{"@type":"WebPage","@id":"http:\/\/52.77.24.187\/vi\/san-pham\/wildside-hard-soda-me-thom\/","url":"http:\/\/52.77.24.187\/vi\/san-pham\/wildside-hard-soda-me-thom\/","name":"Wildside Hard Soda Me Th\u01a1m - The Bottle Shop","isPartOf":{"@id":"http:\/\/52.77.24.187\/#website"},"primaryImageOfPage":{"@id":"http:\/\/52.77.24.187\/vi\/san-pham\/wildside-hard-soda-me-thom\/#primaryimage"},"image":{"@id":"http:\/\/52.77.24.187\/vi\/san-pham\/wildside-hard-soda-me-thom\/#primaryimage"},"thumbnailUrl":"https:\/\/mlsrfcxkkbzg.i.optimole.com\/cb:JbP2.215d7\/w:auto\/h:auto\/q:mauto\/ig:avif\/https:\/\/thebottleshop.vn\/wp-content\/uploads\/2024\/04\/Wildside-Tangy-Tamarind-Hard-Soda.png","datePublished":"2024-04-16T04:24:21+00:00","dateModified":"2024-04-16T04:31:26+00:00","description":"Wildside Hard Soda Me Th\u01a1m. Me d\u1ed1t t\u1eeb v\u00f9ng cao nguy\u00ean Vi\u1ec7t Nam l\u00e0 ch\u00eca kh\u00f3a t\u1ea1o n\u00ean th\u1ee9c u\u1ed1ng ngon tuy\u1ec7t n\u00e0y.","breadcrumb":{"@id":"http:\/\/52.77.24.187\/vi\/san-pham\/wildside-hard-soda-me-thom\/#breadcrumb"},"inLanguage":"vi-VN","potentialAction":[{"@type":"ReadAction","target":["http:\/\/52.77.24.187\/vi\/san-pham\/wildside-hard-soda-me-thom\/"]}]},{"@type":"ImageObject","inLanguage":"vi-VN","@id":"http:\/\/52.77.24.187\/vi\/san-pham\/wildside-hard-soda-me-thom\/#primaryimage","url":"https:\/\/mlsrfcxkkbzg.i.optimole.com\/cb:JbP2.215d7\/w:auto\/h:auto\/q:mauto\/ig:avif\/https:\/\/thebottleshop.vn\/wp-content\/uploads\/2024\/04\/Wildside-Tangy-Tamarind-Hard-Soda.png","contentUrl":"https:\/\/mlsrfcxkkbzg.i.optimole.com\/cb:JbP2.215d7\/w:auto\/h:auto\/q:mauto\/ig:avif\/https:\/\/thebottleshop.vn\/wp-content\/uploads\/2024\/04\/Wildside-Tangy-Tamarind-Hard-Soda.png","width":1080,"height":1080,"caption":"Wildside Tangy Tamarind Hard Soda"},{"@type":"BreadcrumbList","@id":"http:\/\/52.77.24.187\/vi\/san-pham\/wildside-hard-soda-me-thom\/#breadcrumb","itemListElement":[{"@type":"ListItem","position":1,"name":"Home","item":"http:\/\/52.77.24.187\/vi\/test-popup-vi\/"},{"@type":"ListItem","position":2,"name":"C\u1eeda h\u00e0ng","item":"http:\/\/52.77.24.187\/vi\/cua-hang\/"},{"@type":"ListItem","position":3,"name":"Wildside Hard Soda Me Th\u01a1m"}]},{"@type":"WebSite","@id":"http:\/\/52.77.24.187\/#website","url":"http:\/\/52.77.24.187\/","name":"The Bottle Shop","description":"All beers are not created equal","publisher":{"@id":"http:\/\/52.77.24.187\/#organization"},"potentialAction":[{"@type":"SearchAction","target":{"@type":"EntryPoint","urlTemplate":"http:\/\/52.77.24.187\/?s={search_term_string}"},"query-input":{"@type":"PropertyValueSpecification","valueRequired":true,"valueName":"search_term_string"}}],"inLanguage":"vi-VN"},{"@type":"Organization","@id":"http:\/\/52.77.24.187\/#organization","name":"The Bottle Shop","url":"http:\/\/52.77.24.187\/","logo":{"@type":"ImageObject","inLanguage":"vi-VN","@id":"http:\/\/52.77.24.187\/#\/schema\/logo\/image\/","url":"https:\/\/mlsrfcxkkbzg.i.optimole.com\/cb:JbP2.215d7\/w:auto\/h:auto\/q:mauto\/ig:avif\/https:\/\/thebottleshop.vn\/wp-content\/uploads\/2022\/10\/The-Bottle-Shop-Online-Logo.png","contentUrl":"https:\/\/mlsrfcxkkbzg.i.optimole.com\/cb:JbP2.215d7\/w:auto\/h:auto\/q:mauto\/ig:avif\/https:\/\/thebottleshop.vn\/wp-content\/uploads\/2022\/10\/The-Bottle-Shop-Online-Logo.png","width":145,"height":147,"caption":"The Bottle Shop"},"image":{"@id":"http:\/\/52.77.24.187\/#\/schema\/logo\/image\/"},"sameAs":["https:\/\/www.facebook.com\/thebottleshopvietnam","https:\/\/www.instagram.com\/thebottleshop_vietnam\/"]}]}},"_links":{"self":[{"href":"https:\/\/thebottleshop.vn\/vi\/wp-json\/wp\/v2\/product\/19388","targetHints":{"allow":["GET"]}}],"collection":[{"href":"https:\/\/thebottleshop.vn\/vi\/wp-json\/wp\/v2\/product"}],"about":[{"href":"https:\/\/thebottleshop.vn\/vi\/wp-json\/wp\/v2\/types\/product"}],"replies":[{"embeddable":true,"href":"https:\/\/thebottleshop.vn\/vi\/wp-json\/wp\/v2\/comments?post=19388"}],"wp:featuredmedia":[{"embeddable":true,"href":"https:\/\/thebottleshop.vn\/vi\/wp-json\/wp\/v2\/media\/19387"}],"wp:attachment":[{"href":"https:\/\/thebottleshop.vn\/vi\/wp-json\/wp\/v2\/media?parent=19388"}],"wp:term":[{"taxonomy":"product_brand","embeddable":true,"href":"https:\/\/thebottleshop.vn\/vi\/wp-json\/wp\/v2\/product_brand?post=19388"},{"taxonomy":"product_cat","embeddable":true,"href":"https:\/\/thebottleshop.vn\/vi\/wp-json\/wp\/v2\/product_cat?post=19388"},{"taxonomy":"product_tag","embeddable":true,"href":"https:\/\/thebottleshop.vn\/vi\/wp-json\/wp\/v2\/product_tag?post=19388"}],"curies":[{"name":"wp","href":"https:\/\/api.w.org\/{rel}","templated":true}]}}