{"id":19466,"date":"2024-01-28T16:29:30","date_gmt":"2024-01-28T09:29:30","guid":{"rendered":"https:\/\/thebottleshop.vn\/product\/duvel-666-belgian-blond\/"},"modified":"2024-04-17T11:39:33","modified_gmt":"2024-04-17T04:39:33","slug":"duvel-666-belgian-blond","status":"publish","type":"product","link":"https:\/\/thebottleshop.vn\/vi\/san-pham\/duvel-666-belgian-blond\/","title":{"rendered":"Duvel 666 Belgian Blond"},"content":{"rendered":"<p><span class=\"styled__Block-mfe-pdp__sc-1od89q4-1 bICtby\">Duvel 666 B\u1ec9 Blond s\u1ebd \u0111\u01b0a b\u1ea1n \u0111\u1ebfn m\u1ed9t n\u01a1i tr\u00e0n ng\u1eadp h\u01b0\u01a1ng hoa bia tr\u00e1i c\u00e2y, n\u01a1i vi\u1ec7c s\u1eed d\u1ee5ng v\u1ecf cam v\u00e0 k\u1ef9 thu\u1eadt hoa bia kh\u00f4 s\u1ebd t\u1ea1o th\u00eam \u0111i\u1ec3m nh\u1ea5n cho h\u01b0\u01a1ng v\u1ecb c\u00e2n b\u1eb1ng tuy\u1ec7t v\u1eddi c\u1ee7a n\u00f3! <\/span><span class=\"styled__Block-mfe-pdp__sc-1od89q4-1 bICtby\">Duvel 6,66% l\u00e0 lo\u1ea1i bia \u0111\u1eb7c s\u1ea3n d\u1ec5 ti\u1ebfp c\u1eadn v\u1edbi h\u01b0\u01a1ng v\u1ecb Duvel \u0111\u1eb7c tr\u01b0ng. H\u01b0\u01a1ng v\u1ecb m\u1ec1m m\u1ea1i tuy\u1ec7t v\u1eddi k\u1ebft h\u1ee3p h\u01b0\u01a1ng th\u01a1m tr\u00e1i c\u00e2y s\u1ea3ng kho\u00e1i c\u1ee7a 6 lo\u1ea1i hoa bia tinh ch\u1ebf.<\/span><\/p>\n<p>\u2014\u2013 Xem th\u01b0 vi\u1ec7n h\u00ecnh \u1ea3nh \u0111\u1ec3 bi\u1ebft th\u00eam th\u00f4ng tin chi ti\u1ebft v\u1ec1 ngu\u1ed3n g\u1ed1c, th\u00e0nh ph\u1ea7n v\u00e0 h\u01b0\u1edbng d\u1eabn s\u1eed d\u1ee5ng c\u1ee7a s\u1ea3n ph\u1ea9m.<\/p>\n","protected":false},"excerpt":{"rendered":"<p><strong>Tr\u00e1i c\u00e2y, Hoa bia, C\u00e2n b\u1eb1ng 6.66%<\/strong><\/p>\n","protected":false},"featured_media":19032,"comment_status":"open","ping_status":"closed","template":"","meta":{"_acf_changed":false},"product_brand":[],"product_cat":[337,348,423,362,632,400,351,342,366,345,339,341,352,629],"product_tag":[],"class_list":{"0":"post-19466","1":"product","2":"type-product","3":"status-publish","4":"has-post-thumbnail","6":"product_cat-bia-va-cider","7":"product_cat-6-7-9","8":"product_cat-100k-149k","9":"product_cat-bia-kieu-bi","10":"product_cat-bi","11":"product_cat-bia-vang","12":"product_cat-dong-bia","13":"product_cat-chai-330-ml","14":"product_cat-nha-san-xuat","15":"product_cat-abv-vi","16":"product_cat-xuat-xu","17":"product_cat-dong-goi","18":"product_cat-gia","19":"product_cat-duvel-vi","21":"first","22":"instock","23":"shipping-taxable","24":"purchasable","25":"product-type-simple","26":"add-to-wishlist-before_image"},"acf":[],"yoast_head":"<!-- This site is optimized with the Yoast SEO plugin v27.2 - https:\/\/yoast.com\/product\/yoast-seo-wordpress\/ -->\n<title>Duvel 666 Belgian Blond - The Bottle Shop<\/title>\n<meta name=\"description\" content=\"Duvel 666 B\u1ec9 Blond s\u1ebd \u0111\u01b0a b\u1ea1n \u0111\u1ebfn m\u1ed9t n\u01a1i tr\u00e0n ng\u1eadp h\u01b0\u01a1ng hoa bia tr\u00e1i c\u00e2y, n\u01a1i vi\u1ec7c s\u1eed d\u1ee5ng v\u1ecf cam v\u00e0 k\u1ef9 thu\u1eadt hoa bia kh\u00f4 s\u1ebd t\u1ea1o th\u00eam \u0111i\u1ec3m nh\u1ea5n cho h\u01b0\u01a1ng v\u1ecb c\u00e2n b\u1eb1ng tuy\u1ec7t v\u1eddi c\u1ee7a n\u00f3!\" \/>\n<meta name=\"robots\" content=\"index, follow, max-snippet:-1, max-image-preview:large, max-video-preview:-1\" \/>\n<link rel=\"canonical\" href=\"http:\/\/52.77.24.187\/vi\/san-pham\/duvel-666-belgian-blond\/\" \/>\n<meta property=\"og:locale\" content=\"vi_VN\" \/>\n<meta property=\"og:type\" content=\"article\" \/>\n<meta property=\"og:title\" content=\"Duvel 666 Belgian Blond - The Bottle Shop\" \/>\n<meta property=\"og:description\" content=\"Duvel 666 B\u1ec9 Blond s\u1ebd \u0111\u01b0a b\u1ea1n \u0111\u1ebfn m\u1ed9t n\u01a1i tr\u00e0n ng\u1eadp h\u01b0\u01a1ng hoa bia tr\u00e1i c\u00e2y, n\u01a1i vi\u1ec7c s\u1eed d\u1ee5ng v\u1ecf cam v\u00e0 k\u1ef9 thu\u1eadt hoa bia kh\u00f4 s\u1ebd t\u1ea1o th\u00eam \u0111i\u1ec3m nh\u1ea5n cho h\u01b0\u01a1ng v\u1ecb c\u00e2n b\u1eb1ng tuy\u1ec7t v\u1eddi c\u1ee7a n\u00f3!\" \/>\n<meta property=\"og:url\" content=\"http:\/\/52.77.24.187\/vi\/san-pham\/duvel-666-belgian-blond\/\" \/>\n<meta property=\"og:site_name\" content=\"The Bottle Shop\" \/>\n<meta property=\"article:publisher\" content=\"https:\/\/www.facebook.com\/thebottleshopvietnam\" \/>\n<meta property=\"article:modified_time\" content=\"2024-04-17T04:39:33+00:00\" \/>\n<meta property=\"og:image\" content=\"https:\/\/mlsrfcxkkbzg.i.optimole.com\/cb:JbP2.215d7\/w:auto\/h:auto\/q:mauto\/ig:avif\/http:\/\/52.77.24.187\/wp-content\/uploads\/2024\/01\/Duvel-666-Belgian-Blond.png\" \/>\n\t<meta property=\"og:image:width\" content=\"1080\" \/>\n\t<meta property=\"og:image:height\" content=\"1080\" \/>\n\t<meta property=\"og:image:type\" content=\"image\/png\" \/>\n<meta name=\"twitter:card\" content=\"summary_large_image\" \/>\n<meta name=\"twitter:label1\" content=\"Est. reading time\" \/>\n\t<meta name=\"twitter:data1\" content=\"1 minute\" \/>\n<script type=\"application\/ld+json\" class=\"yoast-schema-graph\">{\"@context\":\"https:\/\/schema.org\",\"@graph\":[{\"@type\":\"WebPage\",\"@id\":\"http:\/\/52.77.24.187\/vi\/san-pham\/duvel-666-belgian-blond\/\",\"url\":\"http:\/\/52.77.24.187\/vi\/san-pham\/duvel-666-belgian-blond\/\",\"name\":\"Duvel 666 Belgian Blond - The Bottle Shop\",\"isPartOf\":{\"@id\":\"http:\/\/52.77.24.187\/#website\"},\"primaryImageOfPage\":{\"@id\":\"http:\/\/52.77.24.187\/vi\/san-pham\/duvel-666-belgian-blond\/#primaryimage\"},\"image\":{\"@id\":\"http:\/\/52.77.24.187\/vi\/san-pham\/duvel-666-belgian-blond\/#primaryimage\"},\"thumbnailUrl\":\"https:\/\/mlsrfcxkkbzg.i.optimole.com\/cb:JbP2.215d7\/w:auto\/h:auto\/q:mauto\/ig:avif\/https:\/\/thebottleshop.vn\/wp-content\/uploads\/2024\/01\/Duvel-666-Belgian-Blond.png\",\"datePublished\":\"2024-01-28T09:29:30+00:00\",\"dateModified\":\"2024-04-17T04:39:33+00:00\",\"description\":\"Duvel 666 B\u1ec9 Blond s\u1ebd \u0111\u01b0a b\u1ea1n \u0111\u1ebfn m\u1ed9t n\u01a1i tr\u00e0n ng\u1eadp h\u01b0\u01a1ng hoa bia tr\u00e1i c\u00e2y, n\u01a1i vi\u1ec7c s\u1eed d\u1ee5ng v\u1ecf cam v\u00e0 k\u1ef9 thu\u1eadt hoa bia kh\u00f4 s\u1ebd t\u1ea1o th\u00eam \u0111i\u1ec3m nh\u1ea5n cho h\u01b0\u01a1ng v\u1ecb c\u00e2n b\u1eb1ng tuy\u1ec7t v\u1eddi c\u1ee7a n\u00f3!\",\"breadcrumb\":{\"@id\":\"http:\/\/52.77.24.187\/vi\/san-pham\/duvel-666-belgian-blond\/#breadcrumb\"},\"inLanguage\":\"vi-VN\",\"potentialAction\":[{\"@type\":\"ReadAction\",\"target\":[\"http:\/\/52.77.24.187\/vi\/san-pham\/duvel-666-belgian-blond\/\"]}]},{\"@type\":\"ImageObject\",\"inLanguage\":\"vi-VN\",\"@id\":\"http:\/\/52.77.24.187\/vi\/san-pham\/duvel-666-belgian-blond\/#primaryimage\",\"url\":\"https:\/\/mlsrfcxkkbzg.i.optimole.com\/cb:JbP2.215d7\/w:auto\/h:auto\/q:mauto\/ig:avif\/https:\/\/thebottleshop.vn\/wp-content\/uploads\/2024\/01\/Duvel-666-Belgian-Blond.png\",\"contentUrl\":\"https:\/\/mlsrfcxkkbzg.i.optimole.com\/cb:JbP2.215d7\/w:auto\/h:auto\/q:mauto\/ig:avif\/https:\/\/thebottleshop.vn\/wp-content\/uploads\/2024\/01\/Duvel-666-Belgian-Blond.png\",\"width\":1080,\"height\":1080,\"caption\":\"Duvel 666 Belgian Blond\"},{\"@type\":\"BreadcrumbList\",\"@id\":\"http:\/\/52.77.24.187\/vi\/san-pham\/duvel-666-belgian-blond\/#breadcrumb\",\"itemListElement\":[{\"@type\":\"ListItem\",\"position\":1,\"name\":\"Home\",\"item\":\"http:\/\/52.77.24.187\/vi\/test-popup-vi\/\"},{\"@type\":\"ListItem\",\"position\":2,\"name\":\"C\u1eeda h\u00e0ng\",\"item\":\"http:\/\/52.77.24.187\/vi\/cua-hang\/\"},{\"@type\":\"ListItem\",\"position\":3,\"name\":\"Duvel 666 Belgian Blond\"}]},{\"@type\":\"WebSite\",\"@id\":\"http:\/\/52.77.24.187\/#website\",\"url\":\"http:\/\/52.77.24.187\/\",\"name\":\"The Bottle Shop\",\"description\":\"All beers are not created equal\",\"publisher\":{\"@id\":\"http:\/\/52.77.24.187\/#organization\"},\"potentialAction\":[{\"@type\":\"SearchAction\",\"target\":{\"@type\":\"EntryPoint\",\"urlTemplate\":\"http:\/\/52.77.24.187\/?s={search_term_string}\"},\"query-input\":{\"@type\":\"PropertyValueSpecification\",\"valueRequired\":true,\"valueName\":\"search_term_string\"}}],\"inLanguage\":\"vi-VN\"},{\"@type\":\"Organization\",\"@id\":\"http:\/\/52.77.24.187\/#organization\",\"name\":\"The Bottle Shop\",\"url\":\"http:\/\/52.77.24.187\/\",\"logo\":{\"@type\":\"ImageObject\",\"inLanguage\":\"vi-VN\",\"@id\":\"http:\/\/52.77.24.187\/#\/schema\/logo\/image\/\",\"url\":\"https:\/\/mlsrfcxkkbzg.i.optimole.com\/cb:JbP2.215d7\/w:auto\/h:auto\/q:mauto\/ig:avif\/https:\/\/thebottleshop.vn\/wp-content\/uploads\/2022\/10\/The-Bottle-Shop-Online-Logo.png\",\"contentUrl\":\"https:\/\/mlsrfcxkkbzg.i.optimole.com\/cb:JbP2.215d7\/w:auto\/h:auto\/q:mauto\/ig:avif\/https:\/\/thebottleshop.vn\/wp-content\/uploads\/2022\/10\/The-Bottle-Shop-Online-Logo.png\",\"width\":145,\"height\":147,\"caption\":\"The Bottle Shop\"},\"image\":{\"@id\":\"http:\/\/52.77.24.187\/#\/schema\/logo\/image\/\"},\"sameAs\":[\"https:\/\/www.facebook.com\/thebottleshopvietnam\",\"https:\/\/www.instagram.com\/thebottleshop_vietnam\/\"]}]}<\/script>\n<!-- \/ Yoast SEO plugin. -->","yoast_head_json":{"title":"Duvel 666 Belgian Blond - The Bottle Shop","description":"Duvel 666 B\u1ec9 Blond s\u1ebd \u0111\u01b0a b\u1ea1n \u0111\u1ebfn m\u1ed9t n\u01a1i tr\u00e0n ng\u1eadp h\u01b0\u01a1ng hoa bia tr\u00e1i c\u00e2y, n\u01a1i vi\u1ec7c s\u1eed d\u1ee5ng v\u1ecf cam v\u00e0 k\u1ef9 thu\u1eadt hoa bia kh\u00f4 s\u1ebd t\u1ea1o th\u00eam \u0111i\u1ec3m nh\u1ea5n cho h\u01b0\u01a1ng v\u1ecb c\u00e2n b\u1eb1ng tuy\u1ec7t v\u1eddi c\u1ee7a n\u00f3!","robots":{"index":"index","follow":"follow","max-snippet":"max-snippet:-1","max-image-preview":"max-image-preview:large","max-video-preview":"max-video-preview:-1"},"canonical":"http:\/\/52.77.24.187\/vi\/san-pham\/duvel-666-belgian-blond\/","og_locale":"vi_VN","og_type":"article","og_title":"Duvel 666 Belgian Blond - The Bottle Shop","og_description":"Duvel 666 B\u1ec9 Blond s\u1ebd \u0111\u01b0a b\u1ea1n \u0111\u1ebfn m\u1ed9t n\u01a1i tr\u00e0n ng\u1eadp h\u01b0\u01a1ng hoa bia tr\u00e1i c\u00e2y, n\u01a1i vi\u1ec7c s\u1eed d\u1ee5ng v\u1ecf cam v\u00e0 k\u1ef9 thu\u1eadt hoa bia kh\u00f4 s\u1ebd t\u1ea1o th\u00eam \u0111i\u1ec3m nh\u1ea5n cho h\u01b0\u01a1ng v\u1ecb c\u00e2n b\u1eb1ng tuy\u1ec7t v\u1eddi c\u1ee7a n\u00f3!","og_url":"http:\/\/52.77.24.187\/vi\/san-pham\/duvel-666-belgian-blond\/","og_site_name":"The Bottle Shop","article_publisher":"https:\/\/www.facebook.com\/thebottleshopvietnam","article_modified_time":"2024-04-17T04:39:33+00:00","og_image":[{"width":1080,"height":1080,"url":"https:\/\/mlsrfcxkkbzg.i.optimole.com\/cb:JbP2.215d7\/w:auto\/h:auto\/q:mauto\/ig:avif\/http:\/\/52.77.24.187\/wp-content\/uploads\/2024\/01\/Duvel-666-Belgian-Blond.png","type":"image\/png"}],"twitter_card":"summary_large_image","twitter_misc":{"Est. reading time":"1 minute"},"schema":{"@context":"https:\/\/schema.org","@graph":[{"@type":"WebPage","@id":"http:\/\/52.77.24.187\/vi\/san-pham\/duvel-666-belgian-blond\/","url":"http:\/\/52.77.24.187\/vi\/san-pham\/duvel-666-belgian-blond\/","name":"Duvel 666 Belgian Blond - The Bottle Shop","isPartOf":{"@id":"http:\/\/52.77.24.187\/#website"},"primaryImageOfPage":{"@id":"http:\/\/52.77.24.187\/vi\/san-pham\/duvel-666-belgian-blond\/#primaryimage"},"image":{"@id":"http:\/\/52.77.24.187\/vi\/san-pham\/duvel-666-belgian-blond\/#primaryimage"},"thumbnailUrl":"https:\/\/mlsrfcxkkbzg.i.optimole.com\/cb:JbP2.215d7\/w:auto\/h:auto\/q:mauto\/ig:avif\/https:\/\/thebottleshop.vn\/wp-content\/uploads\/2024\/01\/Duvel-666-Belgian-Blond.png","datePublished":"2024-01-28T09:29:30+00:00","dateModified":"2024-04-17T04:39:33+00:00","description":"Duvel 666 B\u1ec9 Blond s\u1ebd \u0111\u01b0a b\u1ea1n \u0111\u1ebfn m\u1ed9t n\u01a1i tr\u00e0n ng\u1eadp h\u01b0\u01a1ng hoa bia tr\u00e1i c\u00e2y, n\u01a1i vi\u1ec7c s\u1eed d\u1ee5ng v\u1ecf cam v\u00e0 k\u1ef9 thu\u1eadt hoa bia kh\u00f4 s\u1ebd t\u1ea1o th\u00eam \u0111i\u1ec3m nh\u1ea5n cho h\u01b0\u01a1ng v\u1ecb c\u00e2n b\u1eb1ng tuy\u1ec7t v\u1eddi c\u1ee7a n\u00f3!","breadcrumb":{"@id":"http:\/\/52.77.24.187\/vi\/san-pham\/duvel-666-belgian-blond\/#breadcrumb"},"inLanguage":"vi-VN","potentialAction":[{"@type":"ReadAction","target":["http:\/\/52.77.24.187\/vi\/san-pham\/duvel-666-belgian-blond\/"]}]},{"@type":"ImageObject","inLanguage":"vi-VN","@id":"http:\/\/52.77.24.187\/vi\/san-pham\/duvel-666-belgian-blond\/#primaryimage","url":"https:\/\/mlsrfcxkkbzg.i.optimole.com\/cb:JbP2.215d7\/w:auto\/h:auto\/q:mauto\/ig:avif\/https:\/\/thebottleshop.vn\/wp-content\/uploads\/2024\/01\/Duvel-666-Belgian-Blond.png","contentUrl":"https:\/\/mlsrfcxkkbzg.i.optimole.com\/cb:JbP2.215d7\/w:auto\/h:auto\/q:mauto\/ig:avif\/https:\/\/thebottleshop.vn\/wp-content\/uploads\/2024\/01\/Duvel-666-Belgian-Blond.png","width":1080,"height":1080,"caption":"Duvel 666 Belgian Blond"},{"@type":"BreadcrumbList","@id":"http:\/\/52.77.24.187\/vi\/san-pham\/duvel-666-belgian-blond\/#breadcrumb","itemListElement":[{"@type":"ListItem","position":1,"name":"Home","item":"http:\/\/52.77.24.187\/vi\/test-popup-vi\/"},{"@type":"ListItem","position":2,"name":"C\u1eeda h\u00e0ng","item":"http:\/\/52.77.24.187\/vi\/cua-hang\/"},{"@type":"ListItem","position":3,"name":"Duvel 666 Belgian Blond"}]},{"@type":"WebSite","@id":"http:\/\/52.77.24.187\/#website","url":"http:\/\/52.77.24.187\/","name":"The Bottle Shop","description":"All beers are not created equal","publisher":{"@id":"http:\/\/52.77.24.187\/#organization"},"potentialAction":[{"@type":"SearchAction","target":{"@type":"EntryPoint","urlTemplate":"http:\/\/52.77.24.187\/?s={search_term_string}"},"query-input":{"@type":"PropertyValueSpecification","valueRequired":true,"valueName":"search_term_string"}}],"inLanguage":"vi-VN"},{"@type":"Organization","@id":"http:\/\/52.77.24.187\/#organization","name":"The Bottle Shop","url":"http:\/\/52.77.24.187\/","logo":{"@type":"ImageObject","inLanguage":"vi-VN","@id":"http:\/\/52.77.24.187\/#\/schema\/logo\/image\/","url":"https:\/\/mlsrfcxkkbzg.i.optimole.com\/cb:JbP2.215d7\/w:auto\/h:auto\/q:mauto\/ig:avif\/https:\/\/thebottleshop.vn\/wp-content\/uploads\/2022\/10\/The-Bottle-Shop-Online-Logo.png","contentUrl":"https:\/\/mlsrfcxkkbzg.i.optimole.com\/cb:JbP2.215d7\/w:auto\/h:auto\/q:mauto\/ig:avif\/https:\/\/thebottleshop.vn\/wp-content\/uploads\/2022\/10\/The-Bottle-Shop-Online-Logo.png","width":145,"height":147,"caption":"The Bottle Shop"},"image":{"@id":"http:\/\/52.77.24.187\/#\/schema\/logo\/image\/"},"sameAs":["https:\/\/www.facebook.com\/thebottleshopvietnam","https:\/\/www.instagram.com\/thebottleshop_vietnam\/"]}]}},"_links":{"self":[{"href":"https:\/\/thebottleshop.vn\/vi\/wp-json\/wp\/v2\/product\/19466","targetHints":{"allow":["GET"]}}],"collection":[{"href":"https:\/\/thebottleshop.vn\/vi\/wp-json\/wp\/v2\/product"}],"about":[{"href":"https:\/\/thebottleshop.vn\/vi\/wp-json\/wp\/v2\/types\/product"}],"replies":[{"embeddable":true,"href":"https:\/\/thebottleshop.vn\/vi\/wp-json\/wp\/v2\/comments?post=19466"}],"wp:featuredmedia":[{"embeddable":true,"href":"https:\/\/thebottleshop.vn\/vi\/wp-json\/wp\/v2\/media\/19032"}],"wp:attachment":[{"href":"https:\/\/thebottleshop.vn\/vi\/wp-json\/wp\/v2\/media?parent=19466"}],"wp:term":[{"taxonomy":"product_brand","embeddable":true,"href":"https:\/\/thebottleshop.vn\/vi\/wp-json\/wp\/v2\/product_brand?post=19466"},{"taxonomy":"product_cat","embeddable":true,"href":"https:\/\/thebottleshop.vn\/vi\/wp-json\/wp\/v2\/product_cat?post=19466"},{"taxonomy":"product_tag","embeddable":true,"href":"https:\/\/thebottleshop.vn\/vi\/wp-json\/wp\/v2\/product_tag?post=19466"}],"curies":[{"name":"wp","href":"https:\/\/api.w.org\/{rel}","templated":true}]}}