{"id":19467,"date":"2024-01-28T17:03:24","date_gmt":"2024-01-28T10:03:24","guid":{"rendered":"https:\/\/thebottleshop.vn\/product\/duvel-original-belgian-strong-blond\/"},"modified":"2024-04-17T11:41:01","modified_gmt":"2024-04-17T04:41:01","slug":"duvel-original-belgian-strong-blond","status":"publish","type":"product","link":"https:\/\/thebottleshop.vn\/vi\/san-pham\/duvel-original-belgian-strong-blond\/","title":{"rendered":"Duvel Original Belgian Strong Blond"},"content":{"rendered":"<p>Duvel Original B\u1ec9 Strong Blond \u0111\u01b0\u1ee3c \u0111\u1eb7c tr\u01b0ng b\u1edfi v\u1ecb \u0111\u1eafng tinh t\u1ebf, h\u01b0\u01a1ng th\u01a1m tinh t\u1ebf v\u00e0 \u0111\u1eb7c t\u00ednh hoa bia r\u00f5 r\u1ec7t. Ch\u1ee7ng n\u1ea5m men ban \u0111\u1ea7u \u0111\u01b0\u1ee3c s\u1eed d\u1ee5ng \u0111\u00e3 \u0111\u01b0\u1ee3c nh\u00e0 s\u1ea3n xu\u1ea5t bia Albert Moortgart l\u1ef1a ch\u1ecdn v\u00e0o nh\u1eefng n\u0103m 1920 v\u00e0 v\u1eabn l\u00e0 c\u01a1 s\u1edf cho lo\u1ea1i bia \u0111\u1eb7c bi\u1ec7t n\u00e0y. Hoa bia t\u1eeb C\u1ed9ng h\u00f2a S\u00e9c v\u00e0 Slovenia mang l\u1ea1i cho lo\u1ea1i bia Strong Ale c\u1ee7a B\u1ec9 n\u00e0y h\u01b0\u01a1ng th\u01a1m hoa bia h\u01a1i tr\u00e1i c\u00e2y v\u00e0 v\u1ecb \u0111\u1eafng d\u1ec5 ch\u1ecbu.<\/p>\n<p>Lo\u1ea1i bia \u0111\u1ebfn t\u1eeb B\u1ec9 n\u00e0y, lo\u1ea1i bia \u0111\u00e3 gi\u00e0nh \u0111\u01b0\u1ee3c m\u1ed9t s\u1ed1 gi\u1ea3i th\u01b0\u1edfng qu\u1ed1c t\u1ebf, t\u01b0\u1ee3ng tr\u01b0ng cho truy\u1ec1n th\u1ed1ng l\u00e2u \u0111\u1eddi trong ngh\u1ec7 thu\u1eadt s\u1ea3n xu\u1ea5t bia c\u00f3 m\u1ed9t kh\u00f4ng hai.<\/p>\n<p>\u2014\u2013 Xem th\u01b0 vi\u1ec7n h\u00ecnh \u1ea3nh \u0111\u1ec3 bi\u1ebft th\u00eam th\u00f4ng tin chi ti\u1ebft v\u1ec1 ngu\u1ed3n g\u1ed1c, th\u00e0nh ph\u1ea7n v\u00e0 h\u01b0\u1edbng d\u1eabn s\u1eed d\u1ee5ng c\u1ee7a s\u1ea3n ph\u1ea9m.<\/p>\n","protected":false},"excerpt":{"rendered":"<p><strong>Cam chanh, Tr\u00e1i c\u00e2y, Hoa bia 8.5%<\/strong><\/p>\n","protected":false},"featured_media":19040,"comment_status":"open","ping_status":"closed","template":"","meta":{"_acf_changed":false},"product_brand":[],"product_cat":[337,350,423,362,632,400,342,351,366,345,339,341,352,629],"product_tag":[],"class_list":{"0":"post-19467","1":"product","2":"type-product","3":"status-publish","4":"has-post-thumbnail","6":"product_cat-bia-va-cider","7":"product_cat-8-9-9","8":"product_cat-100k-149k","9":"product_cat-bia-kieu-bi","10":"product_cat-bi","11":"product_cat-bia-vang","12":"product_cat-chai-330-ml","13":"product_cat-dong-bia","14":"product_cat-nha-san-xuat","15":"product_cat-abv-vi","16":"product_cat-xuat-xu","17":"product_cat-dong-goi","18":"product_cat-gia","19":"product_cat-duvel-vi","21":"first","22":"outofstock","23":"shipping-taxable","24":"purchasable","25":"product-type-simple","26":"add-to-wishlist-before_image"},"acf":[],"yoast_head":"<!-- This site is optimized with the Yoast SEO plugin v27.2 - https:\/\/yoast.com\/product\/yoast-seo-wordpress\/ -->\n<title>Duvel Original Belgian Strong Blond - The Bottle Shop<\/title>\n<meta name=\"description\" content=\"Duvel Original B\u1ec9 Strong Blond \u0111\u01b0\u1ee3c \u0111\u1eb7c tr\u01b0ng b\u1edfi v\u1ecb \u0111\u1eafng tinh t\u1ebf, h\u01b0\u01a1ng th\u01a1m tinh t\u1ebf v\u00e0 \u0111\u1eb7c t\u00ednh hoa bia r\u00f5 r\u1ec7t.\" \/>\n<meta name=\"robots\" content=\"index, follow, max-snippet:-1, max-image-preview:large, max-video-preview:-1\" \/>\n<link rel=\"canonical\" href=\"http:\/\/52.77.24.187\/vi\/san-pham\/duvel-original-belgian-strong-blond\/\" \/>\n<meta property=\"og:locale\" content=\"vi_VN\" \/>\n<meta property=\"og:type\" content=\"article\" \/>\n<meta property=\"og:title\" content=\"Duvel Original Belgian Strong Blond - The Bottle Shop\" \/>\n<meta property=\"og:description\" content=\"Duvel Original B\u1ec9 Strong Blond \u0111\u01b0\u1ee3c \u0111\u1eb7c tr\u01b0ng b\u1edfi v\u1ecb \u0111\u1eafng tinh t\u1ebf, h\u01b0\u01a1ng th\u01a1m tinh t\u1ebf v\u00e0 \u0111\u1eb7c t\u00ednh hoa bia r\u00f5 r\u1ec7t.\" \/>\n<meta property=\"og:url\" content=\"http:\/\/52.77.24.187\/vi\/san-pham\/duvel-original-belgian-strong-blond\/\" \/>\n<meta property=\"og:site_name\" content=\"The Bottle Shop\" \/>\n<meta property=\"article:publisher\" content=\"https:\/\/www.facebook.com\/thebottleshopvietnam\" \/>\n<meta property=\"article:modified_time\" content=\"2024-04-17T04:41:01+00:00\" \/>\n<meta property=\"og:image\" content=\"https:\/\/mlsrfcxkkbzg.i.optimole.com\/cb:JbP2.215d7\/w:auto\/h:auto\/q:mauto\/ig:avif\/http:\/\/52.77.24.187\/wp-content\/uploads\/2024\/01\/Duvel-Belgian-Strong-Beer.png\" \/>\n\t<meta property=\"og:image:width\" content=\"1080\" \/>\n\t<meta property=\"og:image:height\" content=\"1080\" \/>\n\t<meta property=\"og:image:type\" content=\"image\/png\" \/>\n<meta name=\"twitter:card\" content=\"summary_large_image\" \/>\n<meta name=\"twitter:label1\" content=\"Est. reading time\" \/>\n\t<meta name=\"twitter:data1\" content=\"1 minute\" \/>\n<script type=\"application\/ld+json\" class=\"yoast-schema-graph\">{\"@context\":\"https:\/\/schema.org\",\"@graph\":[{\"@type\":\"WebPage\",\"@id\":\"http:\/\/52.77.24.187\/vi\/san-pham\/duvel-original-belgian-strong-blond\/\",\"url\":\"http:\/\/52.77.24.187\/vi\/san-pham\/duvel-original-belgian-strong-blond\/\",\"name\":\"Duvel Original Belgian Strong Blond - The Bottle Shop\",\"isPartOf\":{\"@id\":\"http:\/\/52.77.24.187\/#website\"},\"primaryImageOfPage\":{\"@id\":\"http:\/\/52.77.24.187\/vi\/san-pham\/duvel-original-belgian-strong-blond\/#primaryimage\"},\"image\":{\"@id\":\"http:\/\/52.77.24.187\/vi\/san-pham\/duvel-original-belgian-strong-blond\/#primaryimage\"},\"thumbnailUrl\":\"https:\/\/mlsrfcxkkbzg.i.optimole.com\/cb:JbP2.215d7\/w:auto\/h:auto\/q:mauto\/ig:avif\/https:\/\/thebottleshop.vn\/wp-content\/uploads\/2024\/01\/Duvel-Belgian-Strong-Beer.png\",\"datePublished\":\"2024-01-28T10:03:24+00:00\",\"dateModified\":\"2024-04-17T04:41:01+00:00\",\"description\":\"Duvel Original B\u1ec9 Strong Blond \u0111\u01b0\u1ee3c \u0111\u1eb7c tr\u01b0ng b\u1edfi v\u1ecb \u0111\u1eafng tinh t\u1ebf, h\u01b0\u01a1ng th\u01a1m tinh t\u1ebf v\u00e0 \u0111\u1eb7c t\u00ednh hoa bia r\u00f5 r\u1ec7t.\",\"breadcrumb\":{\"@id\":\"http:\/\/52.77.24.187\/vi\/san-pham\/duvel-original-belgian-strong-blond\/#breadcrumb\"},\"inLanguage\":\"vi-VN\",\"potentialAction\":[{\"@type\":\"ReadAction\",\"target\":[\"http:\/\/52.77.24.187\/vi\/san-pham\/duvel-original-belgian-strong-blond\/\"]}]},{\"@type\":\"ImageObject\",\"inLanguage\":\"vi-VN\",\"@id\":\"http:\/\/52.77.24.187\/vi\/san-pham\/duvel-original-belgian-strong-blond\/#primaryimage\",\"url\":\"https:\/\/mlsrfcxkkbzg.i.optimole.com\/cb:JbP2.215d7\/w:auto\/h:auto\/q:mauto\/ig:avif\/https:\/\/thebottleshop.vn\/wp-content\/uploads\/2024\/01\/Duvel-Belgian-Strong-Beer.png\",\"contentUrl\":\"https:\/\/mlsrfcxkkbzg.i.optimole.com\/cb:JbP2.215d7\/w:auto\/h:auto\/q:mauto\/ig:avif\/https:\/\/thebottleshop.vn\/wp-content\/uploads\/2024\/01\/Duvel-Belgian-Strong-Beer.png\",\"width\":1080,\"height\":1080,\"caption\":\"Duvel Belgian Strong Beer\"},{\"@type\":\"BreadcrumbList\",\"@id\":\"http:\/\/52.77.24.187\/vi\/san-pham\/duvel-original-belgian-strong-blond\/#breadcrumb\",\"itemListElement\":[{\"@type\":\"ListItem\",\"position\":1,\"name\":\"Home\",\"item\":\"http:\/\/52.77.24.187\/vi\/test-popup-vi\/\"},{\"@type\":\"ListItem\",\"position\":2,\"name\":\"C\u1eeda h\u00e0ng\",\"item\":\"http:\/\/52.77.24.187\/vi\/cua-hang\/\"},{\"@type\":\"ListItem\",\"position\":3,\"name\":\"Duvel Original Belgian Strong Blond\"}]},{\"@type\":\"WebSite\",\"@id\":\"http:\/\/52.77.24.187\/#website\",\"url\":\"http:\/\/52.77.24.187\/\",\"name\":\"The Bottle Shop\",\"description\":\"All beers are not created equal\",\"publisher\":{\"@id\":\"http:\/\/52.77.24.187\/#organization\"},\"potentialAction\":[{\"@type\":\"SearchAction\",\"target\":{\"@type\":\"EntryPoint\",\"urlTemplate\":\"http:\/\/52.77.24.187\/?s={search_term_string}\"},\"query-input\":{\"@type\":\"PropertyValueSpecification\",\"valueRequired\":true,\"valueName\":\"search_term_string\"}}],\"inLanguage\":\"vi-VN\"},{\"@type\":\"Organization\",\"@id\":\"http:\/\/52.77.24.187\/#organization\",\"name\":\"The Bottle Shop\",\"url\":\"http:\/\/52.77.24.187\/\",\"logo\":{\"@type\":\"ImageObject\",\"inLanguage\":\"vi-VN\",\"@id\":\"http:\/\/52.77.24.187\/#\/schema\/logo\/image\/\",\"url\":\"https:\/\/mlsrfcxkkbzg.i.optimole.com\/cb:JbP2.215d7\/w:auto\/h:auto\/q:mauto\/ig:avif\/https:\/\/thebottleshop.vn\/wp-content\/uploads\/2022\/10\/The-Bottle-Shop-Online-Logo.png\",\"contentUrl\":\"https:\/\/mlsrfcxkkbzg.i.optimole.com\/cb:JbP2.215d7\/w:auto\/h:auto\/q:mauto\/ig:avif\/https:\/\/thebottleshop.vn\/wp-content\/uploads\/2022\/10\/The-Bottle-Shop-Online-Logo.png\",\"width\":145,\"height\":147,\"caption\":\"The Bottle Shop\"},\"image\":{\"@id\":\"http:\/\/52.77.24.187\/#\/schema\/logo\/image\/\"},\"sameAs\":[\"https:\/\/www.facebook.com\/thebottleshopvietnam\",\"https:\/\/www.instagram.com\/thebottleshop_vietnam\/\"]}]}<\/script>\n<!-- \/ Yoast SEO plugin. -->","yoast_head_json":{"title":"Duvel Original Belgian Strong Blond - The Bottle Shop","description":"Duvel Original B\u1ec9 Strong Blond \u0111\u01b0\u1ee3c \u0111\u1eb7c tr\u01b0ng b\u1edfi v\u1ecb \u0111\u1eafng tinh t\u1ebf, h\u01b0\u01a1ng th\u01a1m tinh t\u1ebf v\u00e0 \u0111\u1eb7c t\u00ednh hoa bia r\u00f5 r\u1ec7t.","robots":{"index":"index","follow":"follow","max-snippet":"max-snippet:-1","max-image-preview":"max-image-preview:large","max-video-preview":"max-video-preview:-1"},"canonical":"http:\/\/52.77.24.187\/vi\/san-pham\/duvel-original-belgian-strong-blond\/","og_locale":"vi_VN","og_type":"article","og_title":"Duvel Original Belgian Strong Blond - The Bottle Shop","og_description":"Duvel Original B\u1ec9 Strong Blond \u0111\u01b0\u1ee3c \u0111\u1eb7c tr\u01b0ng b\u1edfi v\u1ecb \u0111\u1eafng tinh t\u1ebf, h\u01b0\u01a1ng th\u01a1m tinh t\u1ebf v\u00e0 \u0111\u1eb7c t\u00ednh hoa bia r\u00f5 r\u1ec7t.","og_url":"http:\/\/52.77.24.187\/vi\/san-pham\/duvel-original-belgian-strong-blond\/","og_site_name":"The Bottle Shop","article_publisher":"https:\/\/www.facebook.com\/thebottleshopvietnam","article_modified_time":"2024-04-17T04:41:01+00:00","og_image":[{"width":1080,"height":1080,"url":"https:\/\/mlsrfcxkkbzg.i.optimole.com\/cb:JbP2.215d7\/w:auto\/h:auto\/q:mauto\/ig:avif\/http:\/\/52.77.24.187\/wp-content\/uploads\/2024\/01\/Duvel-Belgian-Strong-Beer.png","type":"image\/png"}],"twitter_card":"summary_large_image","twitter_misc":{"Est. reading time":"1 minute"},"schema":{"@context":"https:\/\/schema.org","@graph":[{"@type":"WebPage","@id":"http:\/\/52.77.24.187\/vi\/san-pham\/duvel-original-belgian-strong-blond\/","url":"http:\/\/52.77.24.187\/vi\/san-pham\/duvel-original-belgian-strong-blond\/","name":"Duvel Original Belgian Strong Blond - The Bottle Shop","isPartOf":{"@id":"http:\/\/52.77.24.187\/#website"},"primaryImageOfPage":{"@id":"http:\/\/52.77.24.187\/vi\/san-pham\/duvel-original-belgian-strong-blond\/#primaryimage"},"image":{"@id":"http:\/\/52.77.24.187\/vi\/san-pham\/duvel-original-belgian-strong-blond\/#primaryimage"},"thumbnailUrl":"https:\/\/mlsrfcxkkbzg.i.optimole.com\/cb:JbP2.215d7\/w:auto\/h:auto\/q:mauto\/ig:avif\/https:\/\/thebottleshop.vn\/wp-content\/uploads\/2024\/01\/Duvel-Belgian-Strong-Beer.png","datePublished":"2024-01-28T10:03:24+00:00","dateModified":"2024-04-17T04:41:01+00:00","description":"Duvel Original B\u1ec9 Strong Blond \u0111\u01b0\u1ee3c \u0111\u1eb7c tr\u01b0ng b\u1edfi v\u1ecb \u0111\u1eafng tinh t\u1ebf, h\u01b0\u01a1ng th\u01a1m tinh t\u1ebf v\u00e0 \u0111\u1eb7c t\u00ednh hoa bia r\u00f5 r\u1ec7t.","breadcrumb":{"@id":"http:\/\/52.77.24.187\/vi\/san-pham\/duvel-original-belgian-strong-blond\/#breadcrumb"},"inLanguage":"vi-VN","potentialAction":[{"@type":"ReadAction","target":["http:\/\/52.77.24.187\/vi\/san-pham\/duvel-original-belgian-strong-blond\/"]}]},{"@type":"ImageObject","inLanguage":"vi-VN","@id":"http:\/\/52.77.24.187\/vi\/san-pham\/duvel-original-belgian-strong-blond\/#primaryimage","url":"https:\/\/mlsrfcxkkbzg.i.optimole.com\/cb:JbP2.215d7\/w:auto\/h:auto\/q:mauto\/ig:avif\/https:\/\/thebottleshop.vn\/wp-content\/uploads\/2024\/01\/Duvel-Belgian-Strong-Beer.png","contentUrl":"https:\/\/mlsrfcxkkbzg.i.optimole.com\/cb:JbP2.215d7\/w:auto\/h:auto\/q:mauto\/ig:avif\/https:\/\/thebottleshop.vn\/wp-content\/uploads\/2024\/01\/Duvel-Belgian-Strong-Beer.png","width":1080,"height":1080,"caption":"Duvel Belgian Strong Beer"},{"@type":"BreadcrumbList","@id":"http:\/\/52.77.24.187\/vi\/san-pham\/duvel-original-belgian-strong-blond\/#breadcrumb","itemListElement":[{"@type":"ListItem","position":1,"name":"Home","item":"http:\/\/52.77.24.187\/vi\/test-popup-vi\/"},{"@type":"ListItem","position":2,"name":"C\u1eeda h\u00e0ng","item":"http:\/\/52.77.24.187\/vi\/cua-hang\/"},{"@type":"ListItem","position":3,"name":"Duvel Original Belgian Strong Blond"}]},{"@type":"WebSite","@id":"http:\/\/52.77.24.187\/#website","url":"http:\/\/52.77.24.187\/","name":"The Bottle Shop","description":"All beers are not created equal","publisher":{"@id":"http:\/\/52.77.24.187\/#organization"},"potentialAction":[{"@type":"SearchAction","target":{"@type":"EntryPoint","urlTemplate":"http:\/\/52.77.24.187\/?s={search_term_string}"},"query-input":{"@type":"PropertyValueSpecification","valueRequired":true,"valueName":"search_term_string"}}],"inLanguage":"vi-VN"},{"@type":"Organization","@id":"http:\/\/52.77.24.187\/#organization","name":"The Bottle Shop","url":"http:\/\/52.77.24.187\/","logo":{"@type":"ImageObject","inLanguage":"vi-VN","@id":"http:\/\/52.77.24.187\/#\/schema\/logo\/image\/","url":"https:\/\/mlsrfcxkkbzg.i.optimole.com\/cb:JbP2.215d7\/w:auto\/h:auto\/q:mauto\/ig:avif\/https:\/\/thebottleshop.vn\/wp-content\/uploads\/2022\/10\/The-Bottle-Shop-Online-Logo.png","contentUrl":"https:\/\/mlsrfcxkkbzg.i.optimole.com\/cb:JbP2.215d7\/w:auto\/h:auto\/q:mauto\/ig:avif\/https:\/\/thebottleshop.vn\/wp-content\/uploads\/2022\/10\/The-Bottle-Shop-Online-Logo.png","width":145,"height":147,"caption":"The Bottle Shop"},"image":{"@id":"http:\/\/52.77.24.187\/#\/schema\/logo\/image\/"},"sameAs":["https:\/\/www.facebook.com\/thebottleshopvietnam","https:\/\/www.instagram.com\/thebottleshop_vietnam\/"]}]}},"_links":{"self":[{"href":"https:\/\/thebottleshop.vn\/vi\/wp-json\/wp\/v2\/product\/19467","targetHints":{"allow":["GET"]}}],"collection":[{"href":"https:\/\/thebottleshop.vn\/vi\/wp-json\/wp\/v2\/product"}],"about":[{"href":"https:\/\/thebottleshop.vn\/vi\/wp-json\/wp\/v2\/types\/product"}],"replies":[{"embeddable":true,"href":"https:\/\/thebottleshop.vn\/vi\/wp-json\/wp\/v2\/comments?post=19467"}],"wp:featuredmedia":[{"embeddable":true,"href":"https:\/\/thebottleshop.vn\/vi\/wp-json\/wp\/v2\/media\/19040"}],"wp:attachment":[{"href":"https:\/\/thebottleshop.vn\/vi\/wp-json\/wp\/v2\/media?parent=19467"}],"wp:term":[{"taxonomy":"product_brand","embeddable":true,"href":"https:\/\/thebottleshop.vn\/vi\/wp-json\/wp\/v2\/product_brand?post=19467"},{"taxonomy":"product_cat","embeddable":true,"href":"https:\/\/thebottleshop.vn\/vi\/wp-json\/wp\/v2\/product_cat?post=19467"},{"taxonomy":"product_tag","embeddable":true,"href":"https:\/\/thebottleshop.vn\/vi\/wp-json\/wp\/v2\/product_tag?post=19467"}],"curies":[{"name":"wp","href":"https:\/\/api.w.org\/{rel}","templated":true}]}}