{"id":19469,"date":"2024-01-28T17:38:26","date_gmt":"2024-04-17T04:45:27","guid":{"rendered":"https:\/\/thebottleshop.vn\/product\/vedett-extra-rose-raspberry-wheat\/"},"modified":"2024-04-17T11:45:27","modified_gmt":"2024-04-17T04:45:27","slug":"vedett-extra-rose-raspberry-wheat","status":"publish","type":"product","link":"https:\/\/thebottleshop.vn\/vi\/san-pham\/vedett-extra-rose-raspberry-wheat\/","title":{"rendered":"Vedett Extra Ros\u00e9 Raspberry Wheat"},"content":{"rendered":"<p>Vedett Extra Ros\u00e9 Raspberry Wheat \u0111\u01b0\u1ee3c l\u00e0m t\u1eeb Vedett Extra White, m\u1ed9t lo\u1ea1i bia tr\u1eafng B\u1ec9 c\u00f3 h\u01b0\u01a1ng tr\u00e1i c\u00e2y v\u00e0 s\u1ea3ng kho\u00e1i, nh\u01b0ng \u0111\u01b0\u1ee3c b\u1ed5 sung th\u00eam n\u01b0\u1edbc \u00e9p qu\u1ea3 m\u00e2m x\u00f4i t\u1ef1 nhi\u00ean, mang l\u1ea1i h\u01b0\u01a1ng v\u1ecb \u0111\u1eadm \u0111\u00e0 h\u01a1n v\u00e0 r\u00f5 r\u00e0ng l\u00e0 c\u0169ng c\u00f3 nhi\u1ec1u h\u01b0\u01a1ng v\u1ecb qu\u1ea3 m\u00e2m x\u00f4i h\u01a1n.<\/p>\n<p>V\u1ecb ng\u1ecdt m\u00e2m x\u00f4i n\u00e0y n\u1ed5i b\u1eadt c\u1ea3 v\u1ec1 h\u01b0\u01a1ng l\u1eabn v\u1ecb nh\u01b0ng kh\u00f4ng h\u1ec1 qu\u00e1 \u0111\u1ec9nh v\u00ec Vedett Extra Rose v\u1eabn gi\u1eef \u0111\u01b0\u1ee3c s\u1ef1 c\u00e2n b\u1eb1ng r\u1ea5t t\u1ed1t gi\u1eefa v\u1ecb tr\u00e1i c\u00e2y, v\u1ecb ng\u1ecdt, \u0111\u1ed9 chua tinh t\u1ebf v\u00e0 v\u1ecb cay.<\/p>\n<p>\u2014\u2013 Xem th\u01b0 vi\u1ec7n h\u00ecnh \u1ea3nh \u0111\u1ec3 bi\u1ebft th\u00eam th\u00f4ng tin chi ti\u1ebft v\u1ec1 ngu\u1ed3n g\u1ed1c, th\u00e0nh ph\u1ea7n v\u00e0 h\u01b0\u1edbng d\u1eabn s\u1eed d\u1ee5ng c\u1ee7a s\u1ea3n ph\u1ea9m.<\/p>\n","protected":false},"excerpt":{"rendered":"<p><strong>C\u00e2n b\u1eb1ng, Tr\u00e1i c\u00e2y, S\u1ea3ng kho\u00e1i 3.9%<\/strong><\/p>\n","protected":false},"featured_media":19046,"comment_status":"open","ping_status":"closed","template":"","meta":{"_acf_changed":false},"product_brand":[],"product_cat":[346,337,404,423,419,632,342,351,366,345,339,341,352,630],"product_tag":[],"class_list":{"0":"post-19469","1":"product","2":"type-product","3":"status-publish","4":"has-post-thumbnail","6":"product_cat-0-3-9","7":"product_cat-bia-va-cider","8":"product_cat-bia-hoa-qua-vi","9":"product_cat-100k-149k","10":"product_cat-bia-lua-mi","11":"product_cat-bi","12":"product_cat-chai-330-ml","13":"product_cat-dong-bia","14":"product_cat-nha-san-xuat","15":"product_cat-abv-vi","16":"product_cat-xuat-xu","17":"product_cat-dong-goi","18":"product_cat-gia","19":"product_cat-vedett-vi","21":"first","22":"outofstock","23":"shipping-taxable","24":"purchasable","25":"product-type-simple","26":"add-to-wishlist-before_image"},"acf":[],"yoast_head":"<!-- This site is optimized with the Yoast SEO plugin v27.5 - https:\/\/yoast.com\/product\/yoast-seo-wordpress\/ -->\n<title>Vedett Extra Ros\u00e9 Raspberry Wheat - The Bottle Shop<\/title>\n<meta name=\"description\" content=\"Vedett Extra Ros\u00e9 Raspberry Wheat \u0111\u01b0\u1ee3c l\u00e0m t\u1eeb Vedett Extra White, m\u1ed9t lo\u1ea1i bia tr\u1eafng B\u1ec9 c\u00f3 h\u01b0\u01a1ng tr\u00e1i c\u00e2y v\u00e0 s\u1ea3ng kho\u00e1i, nh\u01b0ng c\u00f3 th\u00eam n\u01b0\u1edbc \u00e9p qu\u1ea3 m\u00e2m x\u00f4i t\u1ef1 nhi\u00ean.\" \/>\n<meta name=\"robots\" content=\"index, follow, max-snippet:-1, max-image-preview:large, max-video-preview:-1\" \/>\n<link rel=\"canonical\" href=\"http:\/\/52.77.24.187\/vi\/san-pham\/vedett-extra-rose-raspberry-wheat\/\" \/>\n<meta property=\"og:locale\" content=\"vi_VN\" \/>\n<meta property=\"og:type\" content=\"article\" \/>\n<meta property=\"og:title\" content=\"Vedett Extra Ros\u00e9 Raspberry Wheat - The Bottle Shop\" \/>\n<meta property=\"og:description\" content=\"Vedett Extra Ros\u00e9 Raspberry Wheat \u0111\u01b0\u1ee3c l\u00e0m t\u1eeb Vedett Extra White, m\u1ed9t lo\u1ea1i bia tr\u1eafng B\u1ec9 c\u00f3 h\u01b0\u01a1ng tr\u00e1i c\u00e2y v\u00e0 s\u1ea3ng kho\u00e1i, nh\u01b0ng c\u00f3 th\u00eam n\u01b0\u1edbc \u00e9p qu\u1ea3 m\u00e2m x\u00f4i t\u1ef1 nhi\u00ean.\" \/>\n<meta property=\"og:url\" content=\"http:\/\/52.77.24.187\/vi\/san-pham\/vedett-extra-rose-raspberry-wheat\/\" \/>\n<meta property=\"og:site_name\" content=\"The Bottle Shop\" \/>\n<meta property=\"article:publisher\" content=\"https:\/\/www.facebook.com\/thebottleshopvietnam\" \/>\n<meta property=\"og:image\" content=\"https:\/\/mlsrfcxkkbzg.i.optimole.com\/cb:JbP2.215d7\/w:auto\/h:auto\/q:mauto\/ig:avif\/http:\/\/52.77.24.187\/wp-content\/uploads\/2024\/01\/Vedett-Extra-Rose-Raspberry-Wheat.png\" \/>\n\t<meta property=\"og:image:width\" content=\"1080\" \/>\n\t<meta property=\"og:image:height\" content=\"1080\" \/>\n\t<meta property=\"og:image:type\" content=\"image\/png\" \/>\n<meta name=\"twitter:card\" content=\"summary_large_image\" \/>\n<meta name=\"twitter:label1\" content=\"Est. reading time\" \/>\n\t<meta name=\"twitter:data1\" content=\"1 minute\" \/>\n<script type=\"application\/ld+json\" class=\"yoast-schema-graph\">{\"@context\":\"https:\\\/\\\/schema.org\",\"@graph\":[{\"@type\":\"WebPage\",\"@id\":\"http:\\\/\\\/52.77.24.187\\\/vi\\\/san-pham\\\/vedett-extra-rose-raspberry-wheat\\\/\",\"url\":\"http:\\\/\\\/52.77.24.187\\\/vi\\\/san-pham\\\/vedett-extra-rose-raspberry-wheat\\\/\",\"name\":\"Vedett Extra Ros\u00e9 Raspberry Wheat - The Bottle Shop\",\"isPartOf\":{\"@id\":\"http:\\\/\\\/52.77.24.187\\\/#website\"},\"primaryImageOfPage\":{\"@id\":\"http:\\\/\\\/52.77.24.187\\\/vi\\\/san-pham\\\/vedett-extra-rose-raspberry-wheat\\\/#primaryimage\"},\"image\":{\"@id\":\"http:\\\/\\\/52.77.24.187\\\/vi\\\/san-pham\\\/vedett-extra-rose-raspberry-wheat\\\/#primaryimage\"},\"thumbnailUrl\":\"https:\\/\\/thebottleshop.vn\\/wp-content\\/uploads\\/2024\\/01\\/Vedett-Extra-Rose-Raspberry-Wheat.png\",\"datePublished\":\"2024-04-17T04:45:27+00:00\",\"description\":\"Vedett Extra Ros\u00e9 Raspberry Wheat \u0111\u01b0\u1ee3c l\u00e0m t\u1eeb Vedett Extra White, m\u1ed9t lo\u1ea1i bia tr\u1eafng B\u1ec9 c\u00f3 h\u01b0\u01a1ng tr\u00e1i c\u00e2y v\u00e0 s\u1ea3ng kho\u00e1i, nh\u01b0ng c\u00f3 th\u00eam n\u01b0\u1edbc \u00e9p qu\u1ea3 m\u00e2m x\u00f4i t\u1ef1 nhi\u00ean.\",\"breadcrumb\":{\"@id\":\"http:\\\/\\\/52.77.24.187\\\/vi\\\/san-pham\\\/vedett-extra-rose-raspberry-wheat\\\/#breadcrumb\"},\"inLanguage\":\"vi-VN\",\"potentialAction\":[{\"@type\":\"ReadAction\",\"target\":[\"http:\\\/\\\/52.77.24.187\\\/vi\\\/san-pham\\\/vedett-extra-rose-raspberry-wheat\\\/\"]}]},{\"@type\":\"ImageObject\",\"inLanguage\":\"vi-VN\",\"@id\":\"http:\\\/\\\/52.77.24.187\\\/vi\\\/san-pham\\\/vedett-extra-rose-raspberry-wheat\\\/#primaryimage\",\"url\":\"https:\\/\\/thebottleshop.vn\\/wp-content\\/uploads\\/2024\\/01\\/Vedett-Extra-Rose-Raspberry-Wheat.png\",\"contentUrl\":\"https:\\/\\/thebottleshop.vn\\/wp-content\\/uploads\\/2024\\/01\\/Vedett-Extra-Rose-Raspberry-Wheat.png\",\"width\":1080,\"height\":1080,\"caption\":\"Vedett Extra Ros\u00e9 Raspberry Wheat\"},{\"@type\":\"BreadcrumbList\",\"@id\":\"http:\\\/\\\/52.77.24.187\\\/vi\\\/san-pham\\\/vedett-extra-rose-raspberry-wheat\\\/#breadcrumb\",\"itemListElement\":[{\"@type\":\"ListItem\",\"position\":1,\"name\":\"Home\",\"item\":\"http:\\\/\\\/52.77.24.187\\\/vi\\\/test-popup-vi\\\/\"},{\"@type\":\"ListItem\",\"position\":2,\"name\":\"C\u1eeda h\u00e0ng\",\"item\":\"http:\\\/\\\/52.77.24.187\\\/vi\\\/cua-hang\\\/\"},{\"@type\":\"ListItem\",\"position\":3,\"name\":\"Vedett Extra Ros\u00e9 Raspberry Wheat\"}]},{\"@type\":\"WebSite\",\"@id\":\"http:\\\/\\\/52.77.24.187\\\/#website\",\"url\":\"http:\\\/\\\/52.77.24.187\\\/\",\"name\":\"The Bottle Shop\",\"description\":\"All beers are not created equal\",\"publisher\":{\"@id\":\"http:\\\/\\\/52.77.24.187\\\/#organization\"},\"potentialAction\":[{\"@type\":\"SearchAction\",\"target\":{\"@type\":\"EntryPoint\",\"urlTemplate\":\"http:\\\/\\\/52.77.24.187\\\/?s={search_term_string}\"},\"query-input\":{\"@type\":\"PropertyValueSpecification\",\"valueRequired\":true,\"valueName\":\"search_term_string\"}}],\"inLanguage\":\"vi-VN\"},{\"@type\":\"Organization\",\"@id\":\"http:\\\/\\\/52.77.24.187\\\/#organization\",\"name\":\"The Bottle Shop\",\"url\":\"http:\\\/\\\/52.77.24.187\\\/\",\"logo\":{\"@type\":\"ImageObject\",\"inLanguage\":\"vi-VN\",\"@id\":\"http:\\\/\\\/52.77.24.187\\\/#\\\/schema\\\/logo\\\/image\\\/\",\"url\":\"https:\\/\\/thebottleshop.vn\\/wp-content\\/uploads\\/2022\\/10\\/The-Bottle-Shop-Online-Logo.png\",\"contentUrl\":\"https:\\/\\/thebottleshop.vn\\/wp-content\\/uploads\\/2022\\/10\\/The-Bottle-Shop-Online-Logo.png\",\"width\":145,\"height\":147,\"caption\":\"The Bottle Shop\"},\"image\":{\"@id\":\"http:\\\/\\\/52.77.24.187\\\/#\\\/schema\\\/logo\\\/image\\\/\"},\"sameAs\":[\"https:\\\/\\\/www.facebook.com\\\/thebottleshopvietnam\",\"https:\\\/\\\/www.instagram.com\\\/thebottleshop_vietnam\\\/\"]}]}<\/script>\n<!-- \/ Yoast SEO plugin. -->","yoast_head_json":{"title":"Vedett Extra Ros\u00e9 Raspberry Wheat - The Bottle Shop","description":"Vedett Extra Ros\u00e9 Raspberry Wheat \u0111\u01b0\u1ee3c l\u00e0m t\u1eeb Vedett Extra White, m\u1ed9t lo\u1ea1i bia tr\u1eafng B\u1ec9 c\u00f3 h\u01b0\u01a1ng tr\u00e1i c\u00e2y v\u00e0 s\u1ea3ng kho\u00e1i, nh\u01b0ng c\u00f3 th\u00eam n\u01b0\u1edbc \u00e9p qu\u1ea3 m\u00e2m x\u00f4i t\u1ef1 nhi\u00ean.","robots":{"index":"index","follow":"follow","max-snippet":"max-snippet:-1","max-image-preview":"max-image-preview:large","max-video-preview":"max-video-preview:-1"},"canonical":"http:\/\/52.77.24.187\/vi\/san-pham\/vedett-extra-rose-raspberry-wheat\/","og_locale":"vi_VN","og_type":"article","og_title":"Vedett Extra Ros\u00e9 Raspberry Wheat - The Bottle Shop","og_description":"Vedett Extra Ros\u00e9 Raspberry Wheat \u0111\u01b0\u1ee3c l\u00e0m t\u1eeb Vedett Extra White, m\u1ed9t lo\u1ea1i bia tr\u1eafng B\u1ec9 c\u00f3 h\u01b0\u01a1ng tr\u00e1i c\u00e2y v\u00e0 s\u1ea3ng kho\u00e1i, nh\u01b0ng c\u00f3 th\u00eam n\u01b0\u1edbc \u00e9p qu\u1ea3 m\u00e2m x\u00f4i t\u1ef1 nhi\u00ean.","og_url":"http:\/\/52.77.24.187\/vi\/san-pham\/vedett-extra-rose-raspberry-wheat\/","og_site_name":"The Bottle Shop","article_publisher":"https:\/\/www.facebook.com\/thebottleshopvietnam","og_image":[{"width":1080,"height":1080,"url":"https:\/\/mlsrfcxkkbzg.i.optimole.com\/cb:JbP2.215d7\/w:auto\/h:auto\/q:mauto\/ig:avif\/http:\/\/52.77.24.187\/wp-content\/uploads\/2024\/01\/Vedett-Extra-Rose-Raspberry-Wheat.png","type":"image\/png"}],"twitter_card":"summary_large_image","twitter_misc":{"Est. reading time":"1 minute"},"schema":{"@context":"https:\/\/schema.org","@graph":[{"@type":"WebPage","@id":"http:\/\/52.77.24.187\/vi\/san-pham\/vedett-extra-rose-raspberry-wheat\/","url":"http:\/\/52.77.24.187\/vi\/san-pham\/vedett-extra-rose-raspberry-wheat\/","name":"Vedett Extra Ros\u00e9 Raspberry Wheat - The Bottle Shop","isPartOf":{"@id":"http:\/\/52.77.24.187\/#website"},"primaryImageOfPage":{"@id":"http:\/\/52.77.24.187\/vi\/san-pham\/vedett-extra-rose-raspberry-wheat\/#primaryimage"},"image":{"@id":"http:\/\/52.77.24.187\/vi\/san-pham\/vedett-extra-rose-raspberry-wheat\/#primaryimage"},"thumbnailUrl":"https:\/\/mlsrfcxkkbzg.i.optimole.com\/cb:JbP2.215d7\/w:auto\/h:auto\/q:mauto\/ig:avif\/https:\/\/thebottleshop.vn\/wp-content\/uploads\/2024\/01\/Vedett-Extra-Rose-Raspberry-Wheat.png","datePublished":"2024-04-17T04:45:27+00:00","description":"Vedett Extra Ros\u00e9 Raspberry Wheat \u0111\u01b0\u1ee3c l\u00e0m t\u1eeb Vedett Extra White, m\u1ed9t lo\u1ea1i bia tr\u1eafng B\u1ec9 c\u00f3 h\u01b0\u01a1ng tr\u00e1i c\u00e2y v\u00e0 s\u1ea3ng kho\u00e1i, nh\u01b0ng c\u00f3 th\u00eam n\u01b0\u1edbc \u00e9p qu\u1ea3 m\u00e2m x\u00f4i t\u1ef1 nhi\u00ean.","breadcrumb":{"@id":"http:\/\/52.77.24.187\/vi\/san-pham\/vedett-extra-rose-raspberry-wheat\/#breadcrumb"},"inLanguage":"vi-VN","potentialAction":[{"@type":"ReadAction","target":["http:\/\/52.77.24.187\/vi\/san-pham\/vedett-extra-rose-raspberry-wheat\/"]}]},{"@type":"ImageObject","inLanguage":"vi-VN","@id":"http:\/\/52.77.24.187\/vi\/san-pham\/vedett-extra-rose-raspberry-wheat\/#primaryimage","url":"https:\/\/mlsrfcxkkbzg.i.optimole.com\/cb:JbP2.215d7\/w:auto\/h:auto\/q:mauto\/ig:avif\/https:\/\/thebottleshop.vn\/wp-content\/uploads\/2024\/01\/Vedett-Extra-Rose-Raspberry-Wheat.png","contentUrl":"https:\/\/mlsrfcxkkbzg.i.optimole.com\/cb:JbP2.215d7\/w:auto\/h:auto\/q:mauto\/ig:avif\/https:\/\/thebottleshop.vn\/wp-content\/uploads\/2024\/01\/Vedett-Extra-Rose-Raspberry-Wheat.png","width":1080,"height":1080,"caption":"Vedett Extra Ros\u00e9 Raspberry Wheat"},{"@type":"BreadcrumbList","@id":"http:\/\/52.77.24.187\/vi\/san-pham\/vedett-extra-rose-raspberry-wheat\/#breadcrumb","itemListElement":[{"@type":"ListItem","position":1,"name":"Home","item":"http:\/\/52.77.24.187\/vi\/test-popup-vi\/"},{"@type":"ListItem","position":2,"name":"C\u1eeda h\u00e0ng","item":"http:\/\/52.77.24.187\/vi\/cua-hang\/"},{"@type":"ListItem","position":3,"name":"Vedett Extra Ros\u00e9 Raspberry Wheat"}]},{"@type":"WebSite","@id":"http:\/\/52.77.24.187\/#website","url":"http:\/\/52.77.24.187\/","name":"The Bottle Shop","description":"All beers are not created equal","publisher":{"@id":"http:\/\/52.77.24.187\/#organization"},"potentialAction":[{"@type":"SearchAction","target":{"@type":"EntryPoint","urlTemplate":"http:\/\/52.77.24.187\/?s={search_term_string}"},"query-input":{"@type":"PropertyValueSpecification","valueRequired":true,"valueName":"search_term_string"}}],"inLanguage":"vi-VN"},{"@type":"Organization","@id":"http:\/\/52.77.24.187\/#organization","name":"The Bottle Shop","url":"http:\/\/52.77.24.187\/","logo":{"@type":"ImageObject","inLanguage":"vi-VN","@id":"http:\/\/52.77.24.187\/#\/schema\/logo\/image\/","url":"https:\/\/mlsrfcxkkbzg.i.optimole.com\/cb:JbP2.215d7\/w:auto\/h:auto\/q:mauto\/ig:avif\/https:\/\/thebottleshop.vn\/wp-content\/uploads\/2022\/10\/The-Bottle-Shop-Online-Logo.png","contentUrl":"https:\/\/mlsrfcxkkbzg.i.optimole.com\/cb:JbP2.215d7\/w:auto\/h:auto\/q:mauto\/ig:avif\/https:\/\/thebottleshop.vn\/wp-content\/uploads\/2022\/10\/The-Bottle-Shop-Online-Logo.png","width":145,"height":147,"caption":"The Bottle Shop"},"image":{"@id":"http:\/\/52.77.24.187\/#\/schema\/logo\/image\/"},"sameAs":["https:\/\/www.facebook.com\/thebottleshopvietnam","https:\/\/www.instagram.com\/thebottleshop_vietnam\/"]}]}},"_links":{"self":[{"href":"https:\/\/thebottleshop.vn\/vi\/wp-json\/wp\/v2\/product\/19469","targetHints":{"allow":["GET"]}}],"collection":[{"href":"https:\/\/thebottleshop.vn\/vi\/wp-json\/wp\/v2\/product"}],"about":[{"href":"https:\/\/thebottleshop.vn\/vi\/wp-json\/wp\/v2\/types\/product"}],"replies":[{"embeddable":true,"href":"https:\/\/thebottleshop.vn\/vi\/wp-json\/wp\/v2\/comments?post=19469"}],"wp:featuredmedia":[{"embeddable":true,"href":"https:\/\/thebottleshop.vn\/vi\/wp-json\/wp\/v2\/media\/19046"}],"wp:attachment":[{"href":"https:\/\/thebottleshop.vn\/vi\/wp-json\/wp\/v2\/media?parent=19469"}],"wp:term":[{"taxonomy":"product_brand","embeddable":true,"href":"https:\/\/thebottleshop.vn\/vi\/wp-json\/wp\/v2\/product_brand?post=19469"},{"taxonomy":"product_cat","embeddable":true,"href":"https:\/\/thebottleshop.vn\/vi\/wp-json\/wp\/v2\/product_cat?post=19469"},{"taxonomy":"product_tag","embeddable":true,"href":"https:\/\/thebottleshop.vn\/vi\/wp-json\/wp\/v2\/product_tag?post=19469"}],"curies":[{"name":"wp","href":"https:\/\/api.w.org\/{rel}","templated":true}]}}