{"id":19497,"date":"2024-04-25T15:20:26","date_gmt":"2024-04-25T08:20:26","guid":{"rendered":"https:\/\/thebottleshop.vn\/product\/fizz-soda-chanh-sa\/"},"modified":"2024-04-25T16:24:23","modified_gmt":"2024-04-25T09:24:23","slug":"fizz-soda-chanh-sa","status":"publish","type":"product","link":"https:\/\/thebottleshop.vn\/vi\/san-pham\/fizz-soda-chanh-sa\/","title":{"rendered":"Fizz Soda Chanh S\u1ea3"},"content":{"rendered":"<p>Fizz Soda Chanh S\u1ea3 t\u1ea1o n\u00ean t\u1eeb nh\u1eefng qu\u1ea3 chanh t\u01b0\u01a1i \u0111\u01b0\u1ee3c tr\u1ed3ng \u1edf Vi\u1ec7t Nam v\u00e0 k\u1ebft h\u1ee3p c\u00f9ng s\u1ea3 th\u01a1m \u0111\u1ec3 t\u0103ng th\u00eam s\u1ee9c h\u1ea5p d\u1eabn. Sau \u0111\u00f3, h\u00f2a quy\u1ec7n c\u00f9ng b\u1ecdt ga nh\u1eb9 \u0111\u1ec3 t\u1ea1o ra lo\u1ea1i n\u01b0\u1edbc chanh nhi\u1ec7t \u0111\u1edbi s\u1ed1 1 Vi\u1ec7t Nam.<\/p>\n<p>\u2014\u2013<br \/>\nXem th\u01b0 vi\u1ec7n h\u00ecnh \u1ea3nh \u0111\u1ec3 bi\u1ebft th\u00eam th\u00f4ng tin chi ti\u1ebft v\u1ec1 ngu\u1ed3n g\u1ed1c, th\u00e0nh ph\u1ea7n v\u00e0 h\u01b0\u1edbng d\u1eabn s\u1eed d\u1ee5ng c\u1ee7a s\u1ea3n ph\u1ea9m.<\/p>\n","protected":false},"excerpt":{"rendered":"<p><strong>Qu\u1ea3 chanh, V\u1ecb s\u1ea3, Nhi\u1ec7t \u0111\u1edbi 0%<\/strong><\/p>\n","protected":false},"featured_media":19453,"comment_status":"open","ping_status":"closed","template":"","meta":{"_acf_changed":false},"product_brand":[],"product_cat":[415,346,340,514,396,397,342,366,345,339,341,352,513,652],"product_tag":[],"class_list":{"0":"post-19497","1":"product","2":"type-product","3":"status-publish","4":"has-post-thumbnail","6":"product_cat-50k-gia","7":"product_cat-0-3-9","8":"product_cat-vietnam-hcmc","9":"product_cat-khong-gluten","10":"product_cat-soda-seltzer","11":"product_cat-do-khong-con","12":"product_cat-chai-330-ml","13":"product_cat-nha-san-xuat","14":"product_cat-abv-vi","15":"product_cat-xuat-xu","16":"product_cat-dong-goi","17":"product_cat-gia","18":"product_cat-khac","19":"product_cat-fizz-soda-vi","21":"first","22":"instock","23":"shipping-taxable","24":"purchasable","25":"product-type-simple","26":"add-to-wishlist-before_image"},"acf":[],"yoast_head":"<!-- This site is optimized with the Yoast SEO plugin v27.2 - https:\/\/yoast.com\/product\/yoast-seo-wordpress\/ -->\n<title>Fizz Soda Chanh S\u1ea3 - The Bottle Shop<\/title>\n<meta name=\"description\" content=\"Fizz Soda Chanh S\u1ea3 t\u1ea1o n\u00ean t\u1eeb nh\u1eefng qu\u1ea3 chanh t\u01b0\u01a1i \u0111\u01b0\u1ee3c tr\u1ed3ng \u1edf Vi\u1ec7t Nam v\u00e0 k\u1ebft h\u1ee3p c\u00f9ng s\u1ea3 th\u01a1m \u0111\u1ec3 t\u0103ng th\u00eam s\u1ee9c h\u1ea5p d\u1eabn. Lo\u1ea1i n\u01b0\u1edbc chanh nhi\u1ec7t \u0111\u1edbi s\u1ed1 1 Vi\u1ec7t Nam.\" \/>\n<meta name=\"robots\" content=\"index, follow, max-snippet:-1, max-image-preview:large, max-video-preview:-1\" \/>\n<link rel=\"canonical\" href=\"http:\/\/52.77.24.187\/vi\/san-pham\/fizz-soda-chanh-sa\/\" \/>\n<meta property=\"og:locale\" content=\"vi_VN\" \/>\n<meta property=\"og:type\" content=\"article\" \/>\n<meta property=\"og:title\" content=\"Fizz Soda Chanh S\u1ea3 - The Bottle Shop\" \/>\n<meta property=\"og:description\" content=\"Fizz Soda Chanh S\u1ea3 t\u1ea1o n\u00ean t\u1eeb nh\u1eefng qu\u1ea3 chanh t\u01b0\u01a1i \u0111\u01b0\u1ee3c tr\u1ed3ng \u1edf Vi\u1ec7t Nam v\u00e0 k\u1ebft h\u1ee3p c\u00f9ng s\u1ea3 th\u01a1m \u0111\u1ec3 t\u0103ng th\u00eam s\u1ee9c h\u1ea5p d\u1eabn. Lo\u1ea1i n\u01b0\u1edbc chanh nhi\u1ec7t \u0111\u1edbi s\u1ed1 1 Vi\u1ec7t Nam.\" \/>\n<meta property=\"og:url\" content=\"http:\/\/52.77.24.187\/vi\/san-pham\/fizz-soda-chanh-sa\/\" \/>\n<meta property=\"og:site_name\" content=\"The Bottle Shop\" \/>\n<meta property=\"article:publisher\" content=\"https:\/\/www.facebook.com\/thebottleshopvietnam\" \/>\n<meta property=\"article:modified_time\" content=\"2024-04-25T09:24:23+00:00\" \/>\n<meta property=\"og:image\" content=\"https:\/\/mlsrfcxkkbzg.i.optimole.com\/cb:JbP2.215d7\/w:auto\/h:auto\/q:mauto\/ig:avif\/http:\/\/52.77.24.187\/wp-content\/uploads\/2024\/04\/Fizz-Lemongrass-Lemonade-Soda.png\" \/>\n\t<meta property=\"og:image:width\" content=\"1080\" \/>\n\t<meta property=\"og:image:height\" content=\"1080\" \/>\n\t<meta property=\"og:image:type\" content=\"image\/png\" \/>\n<meta name=\"twitter:card\" content=\"summary_large_image\" \/>\n<meta name=\"twitter:label1\" content=\"Est. reading time\" \/>\n\t<meta name=\"twitter:data1\" content=\"1 minute\" \/>\n<script type=\"application\/ld+json\" class=\"yoast-schema-graph\">{\"@context\":\"https:\/\/schema.org\",\"@graph\":[{\"@type\":\"WebPage\",\"@id\":\"http:\/\/52.77.24.187\/vi\/san-pham\/fizz-soda-chanh-sa\/\",\"url\":\"http:\/\/52.77.24.187\/vi\/san-pham\/fizz-soda-chanh-sa\/\",\"name\":\"Fizz Soda Chanh S\u1ea3 - The Bottle Shop\",\"isPartOf\":{\"@id\":\"http:\/\/52.77.24.187\/#website\"},\"primaryImageOfPage\":{\"@id\":\"http:\/\/52.77.24.187\/vi\/san-pham\/fizz-soda-chanh-sa\/#primaryimage\"},\"image\":{\"@id\":\"http:\/\/52.77.24.187\/vi\/san-pham\/fizz-soda-chanh-sa\/#primaryimage\"},\"thumbnailUrl\":\"https:\/\/mlsrfcxkkbzg.i.optimole.com\/cb:JbP2.215d7\/w:auto\/h:auto\/q:mauto\/ig:avif\/https:\/\/thebottleshop.vn\/wp-content\/uploads\/2024\/04\/Fizz-Lemongrass-Lemonade-Soda.png\",\"datePublished\":\"2024-04-25T08:20:26+00:00\",\"dateModified\":\"2024-04-25T09:24:23+00:00\",\"description\":\"Fizz Soda Chanh S\u1ea3 t\u1ea1o n\u00ean t\u1eeb nh\u1eefng qu\u1ea3 chanh t\u01b0\u01a1i \u0111\u01b0\u1ee3c tr\u1ed3ng \u1edf Vi\u1ec7t Nam v\u00e0 k\u1ebft h\u1ee3p c\u00f9ng s\u1ea3 th\u01a1m \u0111\u1ec3 t\u0103ng th\u00eam s\u1ee9c h\u1ea5p d\u1eabn. Lo\u1ea1i n\u01b0\u1edbc chanh nhi\u1ec7t \u0111\u1edbi s\u1ed1 1 Vi\u1ec7t Nam.\",\"breadcrumb\":{\"@id\":\"http:\/\/52.77.24.187\/vi\/san-pham\/fizz-soda-chanh-sa\/#breadcrumb\"},\"inLanguage\":\"vi-VN\",\"potentialAction\":[{\"@type\":\"ReadAction\",\"target\":[\"http:\/\/52.77.24.187\/vi\/san-pham\/fizz-soda-chanh-sa\/\"]}]},{\"@type\":\"ImageObject\",\"inLanguage\":\"vi-VN\",\"@id\":\"http:\/\/52.77.24.187\/vi\/san-pham\/fizz-soda-chanh-sa\/#primaryimage\",\"url\":\"https:\/\/mlsrfcxkkbzg.i.optimole.com\/cb:JbP2.215d7\/w:auto\/h:auto\/q:mauto\/ig:avif\/https:\/\/thebottleshop.vn\/wp-content\/uploads\/2024\/04\/Fizz-Lemongrass-Lemonade-Soda.png\",\"contentUrl\":\"https:\/\/mlsrfcxkkbzg.i.optimole.com\/cb:JbP2.215d7\/w:auto\/h:auto\/q:mauto\/ig:avif\/https:\/\/thebottleshop.vn\/wp-content\/uploads\/2024\/04\/Fizz-Lemongrass-Lemonade-Soda.png\",\"width\":1080,\"height\":1080,\"caption\":\"Fizz Lemongrass Lemonade Soda\"},{\"@type\":\"BreadcrumbList\",\"@id\":\"http:\/\/52.77.24.187\/vi\/san-pham\/fizz-soda-chanh-sa\/#breadcrumb\",\"itemListElement\":[{\"@type\":\"ListItem\",\"position\":1,\"name\":\"Home\",\"item\":\"http:\/\/52.77.24.187\/vi\/test-popup-vi\/\"},{\"@type\":\"ListItem\",\"position\":2,\"name\":\"C\u1eeda h\u00e0ng\",\"item\":\"http:\/\/52.77.24.187\/vi\/cua-hang\/\"},{\"@type\":\"ListItem\",\"position\":3,\"name\":\"Fizz Soda Chanh S\u1ea3\"}]},{\"@type\":\"WebSite\",\"@id\":\"http:\/\/52.77.24.187\/#website\",\"url\":\"http:\/\/52.77.24.187\/\",\"name\":\"The Bottle Shop\",\"description\":\"All beers are not created equal\",\"publisher\":{\"@id\":\"http:\/\/52.77.24.187\/#organization\"},\"potentialAction\":[{\"@type\":\"SearchAction\",\"target\":{\"@type\":\"EntryPoint\",\"urlTemplate\":\"http:\/\/52.77.24.187\/?s={search_term_string}\"},\"query-input\":{\"@type\":\"PropertyValueSpecification\",\"valueRequired\":true,\"valueName\":\"search_term_string\"}}],\"inLanguage\":\"vi-VN\"},{\"@type\":\"Organization\",\"@id\":\"http:\/\/52.77.24.187\/#organization\",\"name\":\"The Bottle Shop\",\"url\":\"http:\/\/52.77.24.187\/\",\"logo\":{\"@type\":\"ImageObject\",\"inLanguage\":\"vi-VN\",\"@id\":\"http:\/\/52.77.24.187\/#\/schema\/logo\/image\/\",\"url\":\"https:\/\/mlsrfcxkkbzg.i.optimole.com\/cb:JbP2.215d7\/w:auto\/h:auto\/q:mauto\/ig:avif\/https:\/\/thebottleshop.vn\/wp-content\/uploads\/2022\/10\/The-Bottle-Shop-Online-Logo.png\",\"contentUrl\":\"https:\/\/mlsrfcxkkbzg.i.optimole.com\/cb:JbP2.215d7\/w:auto\/h:auto\/q:mauto\/ig:avif\/https:\/\/thebottleshop.vn\/wp-content\/uploads\/2022\/10\/The-Bottle-Shop-Online-Logo.png\",\"width\":145,\"height\":147,\"caption\":\"The Bottle Shop\"},\"image\":{\"@id\":\"http:\/\/52.77.24.187\/#\/schema\/logo\/image\/\"},\"sameAs\":[\"https:\/\/www.facebook.com\/thebottleshopvietnam\",\"https:\/\/www.instagram.com\/thebottleshop_vietnam\/\"]}]}<\/script>\n<!-- \/ Yoast SEO plugin. -->","yoast_head_json":{"title":"Fizz Soda Chanh S\u1ea3 - The Bottle Shop","description":"Fizz Soda Chanh S\u1ea3 t\u1ea1o n\u00ean t\u1eeb nh\u1eefng qu\u1ea3 chanh t\u01b0\u01a1i \u0111\u01b0\u1ee3c tr\u1ed3ng \u1edf Vi\u1ec7t Nam v\u00e0 k\u1ebft h\u1ee3p c\u00f9ng s\u1ea3 th\u01a1m \u0111\u1ec3 t\u0103ng th\u00eam s\u1ee9c h\u1ea5p d\u1eabn. Lo\u1ea1i n\u01b0\u1edbc chanh nhi\u1ec7t \u0111\u1edbi s\u1ed1 1 Vi\u1ec7t Nam.","robots":{"index":"index","follow":"follow","max-snippet":"max-snippet:-1","max-image-preview":"max-image-preview:large","max-video-preview":"max-video-preview:-1"},"canonical":"http:\/\/52.77.24.187\/vi\/san-pham\/fizz-soda-chanh-sa\/","og_locale":"vi_VN","og_type":"article","og_title":"Fizz Soda Chanh S\u1ea3 - The Bottle Shop","og_description":"Fizz Soda Chanh S\u1ea3 t\u1ea1o n\u00ean t\u1eeb nh\u1eefng qu\u1ea3 chanh t\u01b0\u01a1i \u0111\u01b0\u1ee3c tr\u1ed3ng \u1edf Vi\u1ec7t Nam v\u00e0 k\u1ebft h\u1ee3p c\u00f9ng s\u1ea3 th\u01a1m \u0111\u1ec3 t\u0103ng th\u00eam s\u1ee9c h\u1ea5p d\u1eabn. Lo\u1ea1i n\u01b0\u1edbc chanh nhi\u1ec7t \u0111\u1edbi s\u1ed1 1 Vi\u1ec7t Nam.","og_url":"http:\/\/52.77.24.187\/vi\/san-pham\/fizz-soda-chanh-sa\/","og_site_name":"The Bottle Shop","article_publisher":"https:\/\/www.facebook.com\/thebottleshopvietnam","article_modified_time":"2024-04-25T09:24:23+00:00","og_image":[{"width":1080,"height":1080,"url":"https:\/\/mlsrfcxkkbzg.i.optimole.com\/cb:JbP2.215d7\/w:auto\/h:auto\/q:mauto\/ig:avif\/http:\/\/52.77.24.187\/wp-content\/uploads\/2024\/04\/Fizz-Lemongrass-Lemonade-Soda.png","type":"image\/png"}],"twitter_card":"summary_large_image","twitter_misc":{"Est. reading time":"1 minute"},"schema":{"@context":"https:\/\/schema.org","@graph":[{"@type":"WebPage","@id":"http:\/\/52.77.24.187\/vi\/san-pham\/fizz-soda-chanh-sa\/","url":"http:\/\/52.77.24.187\/vi\/san-pham\/fizz-soda-chanh-sa\/","name":"Fizz Soda Chanh S\u1ea3 - The Bottle Shop","isPartOf":{"@id":"http:\/\/52.77.24.187\/#website"},"primaryImageOfPage":{"@id":"http:\/\/52.77.24.187\/vi\/san-pham\/fizz-soda-chanh-sa\/#primaryimage"},"image":{"@id":"http:\/\/52.77.24.187\/vi\/san-pham\/fizz-soda-chanh-sa\/#primaryimage"},"thumbnailUrl":"https:\/\/mlsrfcxkkbzg.i.optimole.com\/cb:JbP2.215d7\/w:auto\/h:auto\/q:mauto\/ig:avif\/https:\/\/thebottleshop.vn\/wp-content\/uploads\/2024\/04\/Fizz-Lemongrass-Lemonade-Soda.png","datePublished":"2024-04-25T08:20:26+00:00","dateModified":"2024-04-25T09:24:23+00:00","description":"Fizz Soda Chanh S\u1ea3 t\u1ea1o n\u00ean t\u1eeb nh\u1eefng qu\u1ea3 chanh t\u01b0\u01a1i \u0111\u01b0\u1ee3c tr\u1ed3ng \u1edf Vi\u1ec7t Nam v\u00e0 k\u1ebft h\u1ee3p c\u00f9ng s\u1ea3 th\u01a1m \u0111\u1ec3 t\u0103ng th\u00eam s\u1ee9c h\u1ea5p d\u1eabn. Lo\u1ea1i n\u01b0\u1edbc chanh nhi\u1ec7t \u0111\u1edbi s\u1ed1 1 Vi\u1ec7t Nam.","breadcrumb":{"@id":"http:\/\/52.77.24.187\/vi\/san-pham\/fizz-soda-chanh-sa\/#breadcrumb"},"inLanguage":"vi-VN","potentialAction":[{"@type":"ReadAction","target":["http:\/\/52.77.24.187\/vi\/san-pham\/fizz-soda-chanh-sa\/"]}]},{"@type":"ImageObject","inLanguage":"vi-VN","@id":"http:\/\/52.77.24.187\/vi\/san-pham\/fizz-soda-chanh-sa\/#primaryimage","url":"https:\/\/mlsrfcxkkbzg.i.optimole.com\/cb:JbP2.215d7\/w:auto\/h:auto\/q:mauto\/ig:avif\/https:\/\/thebottleshop.vn\/wp-content\/uploads\/2024\/04\/Fizz-Lemongrass-Lemonade-Soda.png","contentUrl":"https:\/\/mlsrfcxkkbzg.i.optimole.com\/cb:JbP2.215d7\/w:auto\/h:auto\/q:mauto\/ig:avif\/https:\/\/thebottleshop.vn\/wp-content\/uploads\/2024\/04\/Fizz-Lemongrass-Lemonade-Soda.png","width":1080,"height":1080,"caption":"Fizz Lemongrass Lemonade Soda"},{"@type":"BreadcrumbList","@id":"http:\/\/52.77.24.187\/vi\/san-pham\/fizz-soda-chanh-sa\/#breadcrumb","itemListElement":[{"@type":"ListItem","position":1,"name":"Home","item":"http:\/\/52.77.24.187\/vi\/test-popup-vi\/"},{"@type":"ListItem","position":2,"name":"C\u1eeda h\u00e0ng","item":"http:\/\/52.77.24.187\/vi\/cua-hang\/"},{"@type":"ListItem","position":3,"name":"Fizz Soda Chanh S\u1ea3"}]},{"@type":"WebSite","@id":"http:\/\/52.77.24.187\/#website","url":"http:\/\/52.77.24.187\/","name":"The Bottle Shop","description":"All beers are not created equal","publisher":{"@id":"http:\/\/52.77.24.187\/#organization"},"potentialAction":[{"@type":"SearchAction","target":{"@type":"EntryPoint","urlTemplate":"http:\/\/52.77.24.187\/?s={search_term_string}"},"query-input":{"@type":"PropertyValueSpecification","valueRequired":true,"valueName":"search_term_string"}}],"inLanguage":"vi-VN"},{"@type":"Organization","@id":"http:\/\/52.77.24.187\/#organization","name":"The Bottle Shop","url":"http:\/\/52.77.24.187\/","logo":{"@type":"ImageObject","inLanguage":"vi-VN","@id":"http:\/\/52.77.24.187\/#\/schema\/logo\/image\/","url":"https:\/\/mlsrfcxkkbzg.i.optimole.com\/cb:JbP2.215d7\/w:auto\/h:auto\/q:mauto\/ig:avif\/https:\/\/thebottleshop.vn\/wp-content\/uploads\/2022\/10\/The-Bottle-Shop-Online-Logo.png","contentUrl":"https:\/\/mlsrfcxkkbzg.i.optimole.com\/cb:JbP2.215d7\/w:auto\/h:auto\/q:mauto\/ig:avif\/https:\/\/thebottleshop.vn\/wp-content\/uploads\/2022\/10\/The-Bottle-Shop-Online-Logo.png","width":145,"height":147,"caption":"The Bottle Shop"},"image":{"@id":"http:\/\/52.77.24.187\/#\/schema\/logo\/image\/"},"sameAs":["https:\/\/www.facebook.com\/thebottleshopvietnam","https:\/\/www.instagram.com\/thebottleshop_vietnam\/"]}]}},"_links":{"self":[{"href":"https:\/\/thebottleshop.vn\/vi\/wp-json\/wp\/v2\/product\/19497","targetHints":{"allow":["GET"]}}],"collection":[{"href":"https:\/\/thebottleshop.vn\/vi\/wp-json\/wp\/v2\/product"}],"about":[{"href":"https:\/\/thebottleshop.vn\/vi\/wp-json\/wp\/v2\/types\/product"}],"replies":[{"embeddable":true,"href":"https:\/\/thebottleshop.vn\/vi\/wp-json\/wp\/v2\/comments?post=19497"}],"wp:featuredmedia":[{"embeddable":true,"href":"https:\/\/thebottleshop.vn\/vi\/wp-json\/wp\/v2\/media\/19453"}],"wp:attachment":[{"href":"https:\/\/thebottleshop.vn\/vi\/wp-json\/wp\/v2\/media?parent=19497"}],"wp:term":[{"taxonomy":"product_brand","embeddable":true,"href":"https:\/\/thebottleshop.vn\/vi\/wp-json\/wp\/v2\/product_brand?post=19497"},{"taxonomy":"product_cat","embeddable":true,"href":"https:\/\/thebottleshop.vn\/vi\/wp-json\/wp\/v2\/product_cat?post=19497"},{"taxonomy":"product_tag","embeddable":true,"href":"https:\/\/thebottleshop.vn\/vi\/wp-json\/wp\/v2\/product_tag?post=19497"}],"curies":[{"name":"wp","href":"https:\/\/api.w.org\/{rel}","templated":true}]}}