{"id":19503,"date":"2024-04-25T15:58:32","date_gmt":"2024-04-25T09:04:30","guid":{"rendered":"https:\/\/thebottleshop.vn\/product\/fizz-soda-vani-me\/"},"modified":"2024-04-25T16:21:23","modified_gmt":"2024-04-25T09:21:23","slug":"fizz-soda-vani-me","status":"publish","type":"product","link":"https:\/\/thebottleshop.vn\/vi\/san-pham\/fizz-soda-vani-me\/","title":{"rendered":"Fizz Soda Vani Me"},"content":{"rendered":"<p>Fizz Soda Vani Me l\u00e0 s\u1ef1 k\u1ebft h\u1ee3p n\u01b0\u1edbc \u00e9p me th\u01a1m v\u1edbi ch\u00fat vani ng\u1ecdt ng\u00e0o \u0111\u1ec3 t\u1ea1o n\u00ean h\u01b0\u01a1ng v\u1ecb chua ng\u1ecdt tuy\u1ec7t v\u1eddi quy\u1ec7n c\u00f9ng nh\u1eefng b\u1ecdt ga nh\u1eb9 \u0111\u1ec3 t\u1ea1o ra Cola phi\u00ean Ch\u00e2u \u00c1.<\/p>\n<p>\u2014\u2013<br \/>\nXem th\u01b0 vi\u1ec7n h\u00ecnh \u1ea3nh \u0111\u1ec3 bi\u1ebft th\u00eam th\u00f4ng tin chi ti\u1ebft v\u1ec1 ngu\u1ed3n g\u1ed1c, th\u00e0nh ph\u1ea7n v\u00e0 h\u01b0\u1edbng d\u1eabn s\u1eed d\u1ee5ng c\u1ee7a s\u1ea3n ph\u1ea9m.<\/p>\n","protected":false},"excerpt":{"rendered":"<p><strong>Ng\u1ecdt ng\u00e0o, V\u1ecb chua, Kh\u00f3 c\u01b0\u1ee1ng 0%<\/strong><\/p>\n","protected":false},"featured_media":19461,"comment_status":"open","ping_status":"closed","template":"","meta":{"_acf_changed":false},"product_brand":[],"product_cat":[415,346,340,514,396,397,342,366,345,339,341,352,513,652],"product_tag":[],"class_list":{"0":"post-19503","1":"product","2":"type-product","3":"status-publish","4":"has-post-thumbnail","6":"product_cat-50k-gia","7":"product_cat-0-3-9","8":"product_cat-vietnam-hcmc","9":"product_cat-khong-gluten","10":"product_cat-soda-seltzer","11":"product_cat-do-khong-con","12":"product_cat-chai-330-ml","13":"product_cat-nha-san-xuat","14":"product_cat-abv-vi","15":"product_cat-xuat-xu","16":"product_cat-dong-goi","17":"product_cat-gia","18":"product_cat-khac","19":"product_cat-fizz-soda-vi","21":"first","22":"outofstock","23":"shipping-taxable","24":"purchasable","25":"product-type-simple","26":"add-to-wishlist-before_image"},"acf":[],"yoast_head":"<!-- This site is optimized with the Yoast SEO plugin v27.2 - https:\/\/yoast.com\/product\/yoast-seo-wordpress\/ -->\n<title>Fizz Soda Vani Me - The Bottle Shop<\/title>\n<meta name=\"description\" content=\"Fizz Soda Vani Me l\u00e0 s\u1ef1 k\u1ebft h\u1ee3p n\u01b0\u1edbc \u00e9p me th\u01a1m v\u1edbi ch\u00fat vani ng\u1ecdt ng\u00e0o \u0111\u1ec3 t\u1ea1o n\u00ean h\u01b0\u01a1ng v\u1ecb chua ng\u1ecdt tuy\u1ec7t v\u1eddi quy\u1ec7n c\u00f9ng nh\u1eefng b\u1ecdt ga nh\u1eb9 \u0111\u1ec3 t\u1ea1o ra Cola phi\u00ean Ch\u00e2u \u00c1.\" \/>\n<meta name=\"robots\" content=\"index, follow, max-snippet:-1, max-image-preview:large, max-video-preview:-1\" \/>\n<link rel=\"canonical\" href=\"http:\/\/52.77.24.187\/vi\/san-pham\/fizz-soda-vani-me\/\" \/>\n<meta property=\"og:locale\" content=\"vi_VN\" \/>\n<meta property=\"og:type\" content=\"article\" \/>\n<meta property=\"og:title\" content=\"Fizz Soda Vani Me - The Bottle Shop\" \/>\n<meta property=\"og:description\" content=\"Fizz Soda Vani Me l\u00e0 s\u1ef1 k\u1ebft h\u1ee3p n\u01b0\u1edbc \u00e9p me th\u01a1m v\u1edbi ch\u00fat vani ng\u1ecdt ng\u00e0o \u0111\u1ec3 t\u1ea1o n\u00ean h\u01b0\u01a1ng v\u1ecb chua ng\u1ecdt tuy\u1ec7t v\u1eddi quy\u1ec7n c\u00f9ng nh\u1eefng b\u1ecdt ga nh\u1eb9 \u0111\u1ec3 t\u1ea1o ra Cola phi\u00ean Ch\u00e2u \u00c1.\" \/>\n<meta property=\"og:url\" content=\"http:\/\/52.77.24.187\/vi\/san-pham\/fizz-soda-vani-me\/\" \/>\n<meta property=\"og:site_name\" content=\"The Bottle Shop\" \/>\n<meta property=\"article:publisher\" content=\"https:\/\/www.facebook.com\/thebottleshopvietnam\" \/>\n<meta property=\"article:modified_time\" content=\"2024-04-25T09:21:23+00:00\" \/>\n<meta property=\"og:image\" content=\"https:\/\/mlsrfcxkkbzg.i.optimole.com\/cb:JbP2.215d7\/w:auto\/h:auto\/q:mauto\/ig:avif\/http:\/\/52.77.24.187\/wp-content\/uploads\/2024\/04\/Fizz-Tamarind-Vanilla-Soda.png\" \/>\n\t<meta property=\"og:image:width\" content=\"1080\" \/>\n\t<meta property=\"og:image:height\" content=\"1080\" \/>\n\t<meta property=\"og:image:type\" content=\"image\/png\" \/>\n<meta name=\"twitter:card\" content=\"summary_large_image\" \/>\n<meta name=\"twitter:label1\" content=\"Est. reading time\" \/>\n\t<meta name=\"twitter:data1\" content=\"1 minute\" \/>\n<script type=\"application\/ld+json\" class=\"yoast-schema-graph\">{\"@context\":\"https:\/\/schema.org\",\"@graph\":[{\"@type\":\"WebPage\",\"@id\":\"http:\/\/52.77.24.187\/vi\/san-pham\/fizz-soda-vani-me\/\",\"url\":\"http:\/\/52.77.24.187\/vi\/san-pham\/fizz-soda-vani-me\/\",\"name\":\"Fizz Soda Vani Me - The Bottle Shop\",\"isPartOf\":{\"@id\":\"http:\/\/52.77.24.187\/#website\"},\"primaryImageOfPage\":{\"@id\":\"http:\/\/52.77.24.187\/vi\/san-pham\/fizz-soda-vani-me\/#primaryimage\"},\"image\":{\"@id\":\"http:\/\/52.77.24.187\/vi\/san-pham\/fizz-soda-vani-me\/#primaryimage\"},\"thumbnailUrl\":\"https:\/\/mlsrfcxkkbzg.i.optimole.com\/cb:JbP2.215d7\/w:auto\/h:auto\/q:mauto\/ig:avif\/https:\/\/thebottleshop.vn\/wp-content\/uploads\/2024\/04\/Fizz-Tamarind-Vanilla-Soda.png\",\"datePublished\":\"2024-04-25T09:04:30+00:00\",\"dateModified\":\"2024-04-25T09:21:23+00:00\",\"description\":\"Fizz Soda Vani Me l\u00e0 s\u1ef1 k\u1ebft h\u1ee3p n\u01b0\u1edbc \u00e9p me th\u01a1m v\u1edbi ch\u00fat vani ng\u1ecdt ng\u00e0o \u0111\u1ec3 t\u1ea1o n\u00ean h\u01b0\u01a1ng v\u1ecb chua ng\u1ecdt tuy\u1ec7t v\u1eddi quy\u1ec7n c\u00f9ng nh\u1eefng b\u1ecdt ga nh\u1eb9 \u0111\u1ec3 t\u1ea1o ra Cola phi\u00ean Ch\u00e2u \u00c1.\",\"breadcrumb\":{\"@id\":\"http:\/\/52.77.24.187\/vi\/san-pham\/fizz-soda-vani-me\/#breadcrumb\"},\"inLanguage\":\"vi-VN\",\"potentialAction\":[{\"@type\":\"ReadAction\",\"target\":[\"http:\/\/52.77.24.187\/vi\/san-pham\/fizz-soda-vani-me\/\"]}]},{\"@type\":\"ImageObject\",\"inLanguage\":\"vi-VN\",\"@id\":\"http:\/\/52.77.24.187\/vi\/san-pham\/fizz-soda-vani-me\/#primaryimage\",\"url\":\"https:\/\/mlsrfcxkkbzg.i.optimole.com\/cb:JbP2.215d7\/w:auto\/h:auto\/q:mauto\/ig:avif\/https:\/\/thebottleshop.vn\/wp-content\/uploads\/2024\/04\/Fizz-Tamarind-Vanilla-Soda.png\",\"contentUrl\":\"https:\/\/mlsrfcxkkbzg.i.optimole.com\/cb:JbP2.215d7\/w:auto\/h:auto\/q:mauto\/ig:avif\/https:\/\/thebottleshop.vn\/wp-content\/uploads\/2024\/04\/Fizz-Tamarind-Vanilla-Soda.png\",\"width\":1080,\"height\":1080,\"caption\":\"Fizz Tamarind & Vanilla Soda\"},{\"@type\":\"BreadcrumbList\",\"@id\":\"http:\/\/52.77.24.187\/vi\/san-pham\/fizz-soda-vani-me\/#breadcrumb\",\"itemListElement\":[{\"@type\":\"ListItem\",\"position\":1,\"name\":\"Home\",\"item\":\"http:\/\/52.77.24.187\/vi\/test-popup-vi\/\"},{\"@type\":\"ListItem\",\"position\":2,\"name\":\"C\u1eeda h\u00e0ng\",\"item\":\"http:\/\/52.77.24.187\/vi\/cua-hang\/\"},{\"@type\":\"ListItem\",\"position\":3,\"name\":\"Fizz Soda Vani Me\"}]},{\"@type\":\"WebSite\",\"@id\":\"http:\/\/52.77.24.187\/#website\",\"url\":\"http:\/\/52.77.24.187\/\",\"name\":\"The Bottle Shop\",\"description\":\"All beers are not created equal\",\"publisher\":{\"@id\":\"http:\/\/52.77.24.187\/#organization\"},\"potentialAction\":[{\"@type\":\"SearchAction\",\"target\":{\"@type\":\"EntryPoint\",\"urlTemplate\":\"http:\/\/52.77.24.187\/?s={search_term_string}\"},\"query-input\":{\"@type\":\"PropertyValueSpecification\",\"valueRequired\":true,\"valueName\":\"search_term_string\"}}],\"inLanguage\":\"vi-VN\"},{\"@type\":\"Organization\",\"@id\":\"http:\/\/52.77.24.187\/#organization\",\"name\":\"The Bottle Shop\",\"url\":\"http:\/\/52.77.24.187\/\",\"logo\":{\"@type\":\"ImageObject\",\"inLanguage\":\"vi-VN\",\"@id\":\"http:\/\/52.77.24.187\/#\/schema\/logo\/image\/\",\"url\":\"https:\/\/mlsrfcxkkbzg.i.optimole.com\/cb:JbP2.215d7\/w:auto\/h:auto\/q:mauto\/ig:avif\/https:\/\/thebottleshop.vn\/wp-content\/uploads\/2022\/10\/The-Bottle-Shop-Online-Logo.png\",\"contentUrl\":\"https:\/\/mlsrfcxkkbzg.i.optimole.com\/cb:JbP2.215d7\/w:auto\/h:auto\/q:mauto\/ig:avif\/https:\/\/thebottleshop.vn\/wp-content\/uploads\/2022\/10\/The-Bottle-Shop-Online-Logo.png\",\"width\":145,\"height\":147,\"caption\":\"The Bottle Shop\"},\"image\":{\"@id\":\"http:\/\/52.77.24.187\/#\/schema\/logo\/image\/\"},\"sameAs\":[\"https:\/\/www.facebook.com\/thebottleshopvietnam\",\"https:\/\/www.instagram.com\/thebottleshop_vietnam\/\"]}]}<\/script>\n<!-- \/ Yoast SEO plugin. -->","yoast_head_json":{"title":"Fizz Soda Vani Me - The Bottle Shop","description":"Fizz Soda Vani Me l\u00e0 s\u1ef1 k\u1ebft h\u1ee3p n\u01b0\u1edbc \u00e9p me th\u01a1m v\u1edbi ch\u00fat vani ng\u1ecdt ng\u00e0o \u0111\u1ec3 t\u1ea1o n\u00ean h\u01b0\u01a1ng v\u1ecb chua ng\u1ecdt tuy\u1ec7t v\u1eddi quy\u1ec7n c\u00f9ng nh\u1eefng b\u1ecdt ga nh\u1eb9 \u0111\u1ec3 t\u1ea1o ra Cola phi\u00ean Ch\u00e2u \u00c1.","robots":{"index":"index","follow":"follow","max-snippet":"max-snippet:-1","max-image-preview":"max-image-preview:large","max-video-preview":"max-video-preview:-1"},"canonical":"http:\/\/52.77.24.187\/vi\/san-pham\/fizz-soda-vani-me\/","og_locale":"vi_VN","og_type":"article","og_title":"Fizz Soda Vani Me - The Bottle Shop","og_description":"Fizz Soda Vani Me l\u00e0 s\u1ef1 k\u1ebft h\u1ee3p n\u01b0\u1edbc \u00e9p me th\u01a1m v\u1edbi ch\u00fat vani ng\u1ecdt ng\u00e0o \u0111\u1ec3 t\u1ea1o n\u00ean h\u01b0\u01a1ng v\u1ecb chua ng\u1ecdt tuy\u1ec7t v\u1eddi quy\u1ec7n c\u00f9ng nh\u1eefng b\u1ecdt ga nh\u1eb9 \u0111\u1ec3 t\u1ea1o ra Cola phi\u00ean Ch\u00e2u \u00c1.","og_url":"http:\/\/52.77.24.187\/vi\/san-pham\/fizz-soda-vani-me\/","og_site_name":"The Bottle Shop","article_publisher":"https:\/\/www.facebook.com\/thebottleshopvietnam","article_modified_time":"2024-04-25T09:21:23+00:00","og_image":[{"width":1080,"height":1080,"url":"https:\/\/mlsrfcxkkbzg.i.optimole.com\/cb:JbP2.215d7\/w:auto\/h:auto\/q:mauto\/ig:avif\/http:\/\/52.77.24.187\/wp-content\/uploads\/2024\/04\/Fizz-Tamarind-Vanilla-Soda.png","type":"image\/png"}],"twitter_card":"summary_large_image","twitter_misc":{"Est. reading time":"1 minute"},"schema":{"@context":"https:\/\/schema.org","@graph":[{"@type":"WebPage","@id":"http:\/\/52.77.24.187\/vi\/san-pham\/fizz-soda-vani-me\/","url":"http:\/\/52.77.24.187\/vi\/san-pham\/fizz-soda-vani-me\/","name":"Fizz Soda Vani Me - The Bottle Shop","isPartOf":{"@id":"http:\/\/52.77.24.187\/#website"},"primaryImageOfPage":{"@id":"http:\/\/52.77.24.187\/vi\/san-pham\/fizz-soda-vani-me\/#primaryimage"},"image":{"@id":"http:\/\/52.77.24.187\/vi\/san-pham\/fizz-soda-vani-me\/#primaryimage"},"thumbnailUrl":"https:\/\/mlsrfcxkkbzg.i.optimole.com\/cb:JbP2.215d7\/w:auto\/h:auto\/q:mauto\/ig:avif\/https:\/\/thebottleshop.vn\/wp-content\/uploads\/2024\/04\/Fizz-Tamarind-Vanilla-Soda.png","datePublished":"2024-04-25T09:04:30+00:00","dateModified":"2024-04-25T09:21:23+00:00","description":"Fizz Soda Vani Me l\u00e0 s\u1ef1 k\u1ebft h\u1ee3p n\u01b0\u1edbc \u00e9p me th\u01a1m v\u1edbi ch\u00fat vani ng\u1ecdt ng\u00e0o \u0111\u1ec3 t\u1ea1o n\u00ean h\u01b0\u01a1ng v\u1ecb chua ng\u1ecdt tuy\u1ec7t v\u1eddi quy\u1ec7n c\u00f9ng nh\u1eefng b\u1ecdt ga nh\u1eb9 \u0111\u1ec3 t\u1ea1o ra Cola phi\u00ean Ch\u00e2u \u00c1.","breadcrumb":{"@id":"http:\/\/52.77.24.187\/vi\/san-pham\/fizz-soda-vani-me\/#breadcrumb"},"inLanguage":"vi-VN","potentialAction":[{"@type":"ReadAction","target":["http:\/\/52.77.24.187\/vi\/san-pham\/fizz-soda-vani-me\/"]}]},{"@type":"ImageObject","inLanguage":"vi-VN","@id":"http:\/\/52.77.24.187\/vi\/san-pham\/fizz-soda-vani-me\/#primaryimage","url":"https:\/\/mlsrfcxkkbzg.i.optimole.com\/cb:JbP2.215d7\/w:auto\/h:auto\/q:mauto\/ig:avif\/https:\/\/thebottleshop.vn\/wp-content\/uploads\/2024\/04\/Fizz-Tamarind-Vanilla-Soda.png","contentUrl":"https:\/\/mlsrfcxkkbzg.i.optimole.com\/cb:JbP2.215d7\/w:auto\/h:auto\/q:mauto\/ig:avif\/https:\/\/thebottleshop.vn\/wp-content\/uploads\/2024\/04\/Fizz-Tamarind-Vanilla-Soda.png","width":1080,"height":1080,"caption":"Fizz Tamarind & Vanilla Soda"},{"@type":"BreadcrumbList","@id":"http:\/\/52.77.24.187\/vi\/san-pham\/fizz-soda-vani-me\/#breadcrumb","itemListElement":[{"@type":"ListItem","position":1,"name":"Home","item":"http:\/\/52.77.24.187\/vi\/test-popup-vi\/"},{"@type":"ListItem","position":2,"name":"C\u1eeda h\u00e0ng","item":"http:\/\/52.77.24.187\/vi\/cua-hang\/"},{"@type":"ListItem","position":3,"name":"Fizz Soda Vani Me"}]},{"@type":"WebSite","@id":"http:\/\/52.77.24.187\/#website","url":"http:\/\/52.77.24.187\/","name":"The Bottle Shop","description":"All beers are not created equal","publisher":{"@id":"http:\/\/52.77.24.187\/#organization"},"potentialAction":[{"@type":"SearchAction","target":{"@type":"EntryPoint","urlTemplate":"http:\/\/52.77.24.187\/?s={search_term_string}"},"query-input":{"@type":"PropertyValueSpecification","valueRequired":true,"valueName":"search_term_string"}}],"inLanguage":"vi-VN"},{"@type":"Organization","@id":"http:\/\/52.77.24.187\/#organization","name":"The Bottle Shop","url":"http:\/\/52.77.24.187\/","logo":{"@type":"ImageObject","inLanguage":"vi-VN","@id":"http:\/\/52.77.24.187\/#\/schema\/logo\/image\/","url":"https:\/\/mlsrfcxkkbzg.i.optimole.com\/cb:JbP2.215d7\/w:auto\/h:auto\/q:mauto\/ig:avif\/https:\/\/thebottleshop.vn\/wp-content\/uploads\/2022\/10\/The-Bottle-Shop-Online-Logo.png","contentUrl":"https:\/\/mlsrfcxkkbzg.i.optimole.com\/cb:JbP2.215d7\/w:auto\/h:auto\/q:mauto\/ig:avif\/https:\/\/thebottleshop.vn\/wp-content\/uploads\/2022\/10\/The-Bottle-Shop-Online-Logo.png","width":145,"height":147,"caption":"The Bottle Shop"},"image":{"@id":"http:\/\/52.77.24.187\/#\/schema\/logo\/image\/"},"sameAs":["https:\/\/www.facebook.com\/thebottleshopvietnam","https:\/\/www.instagram.com\/thebottleshop_vietnam\/"]}]}},"_links":{"self":[{"href":"https:\/\/thebottleshop.vn\/vi\/wp-json\/wp\/v2\/product\/19503","targetHints":{"allow":["GET"]}}],"collection":[{"href":"https:\/\/thebottleshop.vn\/vi\/wp-json\/wp\/v2\/product"}],"about":[{"href":"https:\/\/thebottleshop.vn\/vi\/wp-json\/wp\/v2\/types\/product"}],"replies":[{"embeddable":true,"href":"https:\/\/thebottleshop.vn\/vi\/wp-json\/wp\/v2\/comments?post=19503"}],"wp:featuredmedia":[{"embeddable":true,"href":"https:\/\/thebottleshop.vn\/vi\/wp-json\/wp\/v2\/media\/19461"}],"wp:attachment":[{"href":"https:\/\/thebottleshop.vn\/vi\/wp-json\/wp\/v2\/media?parent=19503"}],"wp:term":[{"taxonomy":"product_brand","embeddable":true,"href":"https:\/\/thebottleshop.vn\/vi\/wp-json\/wp\/v2\/product_brand?post=19503"},{"taxonomy":"product_cat","embeddable":true,"href":"https:\/\/thebottleshop.vn\/vi\/wp-json\/wp\/v2\/product_cat?post=19503"},{"taxonomy":"product_tag","embeddable":true,"href":"https:\/\/thebottleshop.vn\/vi\/wp-json\/wp\/v2\/product_tag?post=19503"}],"curies":[{"name":"wp","href":"https:\/\/api.w.org\/{rel}","templated":true}]}}