{"id":19513,"date":"2024-04-26T16:13:28","date_gmt":"2024-04-27T04:06:20","guid":{"rendered":"https:\/\/thebottleshop.vn\/product\/de-tuong-ot-birds-eye-chili-toi-den\/"},"modified":"2025-06-04T22:31:36","modified_gmt":"2025-06-04T15:31:36","slug":"de-tuong-ot-birds-eye-chili-toi-den","status":"publish","type":"product","link":"https:\/\/thebottleshop.vn\/vi\/san-pham\/de-tuong-ot-birds-eye-chili-toi-den\/","title":{"rendered":"D\u00ea T\u01b0\u01a1ng \u1edbt Bird&#8217;s Eye Chili &amp; T\u1ecfi \u0110en"},"content":{"rendered":"<p>D\u00ea T\u01b0\u01a1ng \u1edbt Bird\u2019s Eye Chili & T\u1ecfi \u0110en l\u00e0 t\u01b0\u01a1ng \u1edbt x\u00f4ng kh\u00f3i th\u1ee7 c\u00f4ng \u0111\u1eb7c bi\u1ec7t v\u1edbi nhi\u1ec1u t\u1ea7ng l\u1edbp h\u01b0\u01a1ng v\u1ecb h\u00f2a quy\u1ec7n v\u00e0o nhau.<\/p>\n<p>V\u1ecb kh\u00f3i c\u00f3 trong t\u01b0\u01a1ng \u1edbt D\u00ca s\u1eed d\u1ee5ng b\u00e3 m\u00eda thay cho c\u00e1c lo\u1ea1i g\u1ed7 x\u00f4ng kh\u00f3i truy\u1ec1n th\u1ed1ng.<\/p>\n<p>Thay v\u00ec s\u1eed d\u1ee5ng d\u0103m g\u1ed7 hun kh\u00f3i truy\u1ec1n th\u1ed1ng, D\u00ea s\u1eed d\u1ee5ng b\u00e3 m\u00eda \u0111\u1ec3 hun kh\u00f3i \u1edbt. \u0110\u01b0\u1eddng trong b\u00e3 m\u00eda c\u00f2n l\u1ea1i s\u1ebd \u0111\u01b0\u1ee3c \u0111\u1ed1t ch\u00e1y, b\u1ed1c h\u01a1i b\u1eb1ng h\u01a1i n\u01b0\u1edbc v\u00e0 kh\u00f3i, b\u00e1m v\u00e0o t\u1eebng qu\u1ea3 \u1edbt. H\u01b0\u01a1ng v\u1ecb caramel v\u00e0 kh\u00f3i s\u1ebd \u0111\u1eadm \u0111\u00e0 h\u01a1n.  <\/p>\n<p>Lo\u1ea1i s\u1ed1t cay n\u00e0y l\u00e0 s\u1ef1 k\u1ebft h\u1ee3p gi\u1eefa v\u1ecb cay c\u1ee7a lo\u1ea1i \u1edbt cay nh\u1ea5t th\u1ebf gi\u1edbi \u2013 Carolina Reaper \u2013 v\u00e0 \u1edbt Vi\u1ec7t Nam; c\u00f9ng nhi\u1ec1u l\u1edbp h\u01b0\u01a1ng v\u1ecb t\u1eeb h\u01b0\u01a1ng th\u01a1m c\u1ee7a \u1edbt \u0111\u1ebfn v\u1ecb ng\u1ecdt c\u1ee7a \u0111\u01b0\u1eddng n\u00e2u, v\u1ecb chua c\u1ee7a gi\u1ea5m t\u00e1o, h\u01b0\u01a1ng kh\u00f3i t\u1eeb b\u00e3 m\u00eda\u2026 Nh\u01b0ng th\u00e0nh ph\u1ea7n \u0111\u1eb7c bi\u1ec7t v\u00e0 th\u1ecfa m\u00e3n nh\u1ea5t khi\u1ebfn t\u00f4i m\u1ea5t nhi\u1ec1u th\u1eddi gian nghi\u00ean c\u1ee9u v\u00e0 th\u1eed nghi\u1ec7m l\u00e0 T\u1ecfi \u0111en, n\u00f3 ho\u00e0n thi\u1ec7n n\u01b0\u1edbc s\u1ed1t v\u1edbi h\u01b0\u01a1ng v\u1ecb Umami \u0111\u1eadm \u0111\u00e0 v\u00e0 n\u1ed3ng n\u00e0n. <\/p>\n<p>\u2014\u2013<br \/>\nXem th\u01b0 vi\u1ec7n h\u00ecnh \u1ea3nh \u0111\u1ec3 bi\u1ebft th\u00eam th\u00f4ng tin chi ti\u1ebft v\u1ec1 ngu\u1ed3n g\u1ed1c, th\u00e0nh ph\u1ea7n v\u00e0 h\u01b0\u1edbng d\u1eabn s\u1eed d\u1ee5ng c\u1ee7a s\u1ea3n ph\u1ea9m.<\/p>\n","protected":false},"excerpt":{"rendered":"<p><strong>Kh\u00f3i \u1ea9m, Umami, Caramen<\/strong><\/p>\n","protected":false},"featured_media":19825,"comment_status":"open","ping_status":"closed","template":"","meta":{"_acf_changed":false},"product_brand":[],"product_cat":[656,340,354,423,384,655,412,339,341,352],"product_tag":[],"class_list":{"0":"post-19513","1":"product","2":"type-product","3":"status-publish","4":"has-post-thumbnail","6":"product_cat-chai-110ml","7":"product_cat-vietnam-hcmc","8":"product_cat-75k-99k","9":"product_cat-100k-149k","10":"product_cat-nham-va-nhau","11":"product_cat-chai-250ml","12":"product_cat-do-luu-niem","13":"product_cat-xuat-xu","14":"product_cat-dong-goi","15":"product_cat-gia","16":"pa_pack_type-110ml-vi","17":"pa_pack_type-250ml-vi","19":"first","20":"instock","21":"shipping-taxable","22":"purchasable","23":"product-type-variable","24":"has-default-attributes","25":"add-to-wishlist-before_image"},"acf":[],"yoast_head":"<!-- This site is optimized with the Yoast SEO plugin v27.5 - https:\/\/yoast.com\/product\/yoast-seo-wordpress\/ -->\n<title>D\u00ea T\u01b0\u01a1ng \u1edbt Bird&#039;s Eye Chili &amp; T\u1ecfi \u0110en - The Bottle Shop<\/title>\n<meta name=\"description\" content=\"D\u00ea T\u01b0\u01a1ng \u1edbt Bird&#039;s Eye Chili &amp; T\u1ecfi \u0110en l\u00e0 t\u01b0\u01a1ng \u1edbt x\u00f4ng kh\u00f3i th\u1ee7 c\u00f4ng \u0111\u1eb7c bi\u1ec7t v\u1edbi nhi\u1ec1u t\u1ea7ng l\u1edbp h\u01b0\u01a1ng v\u1ecb h\u00f2a quy\u1ec7n v\u00e0o nhau.\" \/>\n<meta name=\"robots\" content=\"index, follow, max-snippet:-1, max-image-preview:large, max-video-preview:-1\" \/>\n<link rel=\"canonical\" href=\"http:\/\/52.77.24.187\/vi\/san-pham\/de-tuong-ot-birds-eye-chili-toi-den\/\" \/>\n<meta property=\"og:locale\" content=\"vi_VN\" \/>\n<meta property=\"og:type\" content=\"article\" \/>\n<meta property=\"og:title\" content=\"D\u00ea T\u01b0\u01a1ng \u1edbt Bird&#039;s Eye Chili &amp; T\u1ecfi \u0110en - The Bottle Shop\" \/>\n<meta property=\"og:description\" content=\"D\u00ea T\u01b0\u01a1ng \u1edbt Bird&#039;s Eye Chili &amp; T\u1ecfi \u0110en l\u00e0 t\u01b0\u01a1ng \u1edbt x\u00f4ng kh\u00f3i th\u1ee7 c\u00f4ng \u0111\u1eb7c bi\u1ec7t v\u1edbi nhi\u1ec1u t\u1ea7ng l\u1edbp h\u01b0\u01a1ng v\u1ecb h\u00f2a quy\u1ec7n v\u00e0o nhau.\" \/>\n<meta property=\"og:url\" content=\"http:\/\/52.77.24.187\/vi\/san-pham\/de-tuong-ot-birds-eye-chili-toi-den\/\" \/>\n<meta property=\"og:site_name\" content=\"The Bottle Shop\" \/>\n<meta property=\"article:publisher\" content=\"https:\/\/www.facebook.com\/thebottleshopvietnam\" \/>\n<meta property=\"article:modified_time\" content=\"2025-06-04T15:31:36+00:00\" \/>\n<meta property=\"og:image\" content=\"https:\/\/mlsrfcxkkbzg.i.optimole.com\/cb:JbP2.215d7\/w:auto\/h:auto\/q:mauto\/ig:avif\/http:\/\/52.77.24.187\/wp-content\/uploads\/2024\/07\/DE-HOT-SAUCE-Birds-Eye-Chili-Black-Garlic-110ml.png\" \/>\n\t<meta property=\"og:image:width\" content=\"1080\" \/>\n\t<meta property=\"og:image:height\" content=\"1080\" \/>\n\t<meta property=\"og:image:type\" content=\"image\/png\" \/>\n<meta name=\"twitter:card\" content=\"summary_large_image\" \/>\n<meta name=\"twitter:label1\" content=\"Est. reading time\" \/>\n\t<meta name=\"twitter:data1\" content=\"1 minute\" \/>\n<script type=\"application\/ld+json\" class=\"yoast-schema-graph\">{\"@context\":\"https:\\\/\\\/schema.org\",\"@graph\":[{\"@type\":\"WebPage\",\"@id\":\"http:\\\/\\\/52.77.24.187\\\/vi\\\/san-pham\\\/de-tuong-ot-birds-eye-chili-toi-den\\\/\",\"url\":\"http:\\\/\\\/52.77.24.187\\\/vi\\\/san-pham\\\/de-tuong-ot-birds-eye-chili-toi-den\\\/\",\"name\":\"D\u00ea T\u01b0\u01a1ng \u1edbt Bird's Eye Chili &amp; T\u1ecfi \u0110en - The Bottle Shop\",\"isPartOf\":{\"@id\":\"http:\\\/\\\/52.77.24.187\\\/#website\"},\"primaryImageOfPage\":{\"@id\":\"http:\\\/\\\/52.77.24.187\\\/vi\\\/san-pham\\\/de-tuong-ot-birds-eye-chili-toi-den\\\/#primaryimage\"},\"image\":{\"@id\":\"http:\\\/\\\/52.77.24.187\\\/vi\\\/san-pham\\\/de-tuong-ot-birds-eye-chili-toi-den\\\/#primaryimage\"},\"thumbnailUrl\":\"https:\\/\\/thebottleshop.vn\\/wp-content\\/uploads\\/2024\\/07\\/DE-HOT-SAUCE-Birds-Eye-Chili-Black-Garlic-110ml.png\",\"datePublished\":\"2024-04-27T04:06:20+00:00\",\"dateModified\":\"2025-06-04T15:31:36+00:00\",\"description\":\"D\u00ea T\u01b0\u01a1ng \u1edbt Bird's Eye Chili & T\u1ecfi \u0110en l\u00e0 t\u01b0\u01a1ng \u1edbt x\u00f4ng kh\u00f3i th\u1ee7 c\u00f4ng \u0111\u1eb7c bi\u1ec7t v\u1edbi nhi\u1ec1u t\u1ea7ng l\u1edbp h\u01b0\u01a1ng v\u1ecb h\u00f2a quy\u1ec7n v\u00e0o nhau.\",\"breadcrumb\":{\"@id\":\"http:\\\/\\\/52.77.24.187\\\/vi\\\/san-pham\\\/de-tuong-ot-birds-eye-chili-toi-den\\\/#breadcrumb\"},\"inLanguage\":\"vi-VN\",\"potentialAction\":[{\"@type\":\"ReadAction\",\"target\":[\"http:\\\/\\\/52.77.24.187\\\/vi\\\/san-pham\\\/de-tuong-ot-birds-eye-chili-toi-den\\\/\"]}]},{\"@type\":\"ImageObject\",\"inLanguage\":\"vi-VN\",\"@id\":\"http:\\\/\\\/52.77.24.187\\\/vi\\\/san-pham\\\/de-tuong-ot-birds-eye-chili-toi-den\\\/#primaryimage\",\"url\":\"https:\\/\\/thebottleshop.vn\\/wp-content\\/uploads\\/2024\\/07\\/DE-HOT-SAUCE-Birds-Eye-Chili-Black-Garlic-110ml.png\",\"contentUrl\":\"https:\\/\\/thebottleshop.vn\\/wp-content\\/uploads\\/2024\\/07\\/DE-HOT-SAUCE-Birds-Eye-Chili-Black-Garlic-110ml.png\",\"width\":1080,\"height\":1080,\"caption\":\"D\u00ca HOT SAUCE Birds Eye Chili & Black Garlic 110ml\"},{\"@type\":\"BreadcrumbList\",\"@id\":\"http:\\\/\\\/52.77.24.187\\\/vi\\\/san-pham\\\/de-tuong-ot-birds-eye-chili-toi-den\\\/#breadcrumb\",\"itemListElement\":[{\"@type\":\"ListItem\",\"position\":1,\"name\":\"Home\",\"item\":\"http:\\\/\\\/52.77.24.187\\\/vi\\\/test-popup-vi\\\/\"},{\"@type\":\"ListItem\",\"position\":2,\"name\":\"C\u1eeda h\u00e0ng\",\"item\":\"http:\\\/\\\/52.77.24.187\\\/vi\\\/cua-hang\\\/\"},{\"@type\":\"ListItem\",\"position\":3,\"name\":\"D\u00ea T\u01b0\u01a1ng \u1edbt Bird&#8217;s Eye Chili &amp; T\u1ecfi \u0110en\"}]},{\"@type\":\"WebSite\",\"@id\":\"http:\\\/\\\/52.77.24.187\\\/#website\",\"url\":\"http:\\\/\\\/52.77.24.187\\\/\",\"name\":\"The Bottle Shop\",\"description\":\"All beers are not created equal\",\"publisher\":{\"@id\":\"http:\\\/\\\/52.77.24.187\\\/#organization\"},\"potentialAction\":[{\"@type\":\"SearchAction\",\"target\":{\"@type\":\"EntryPoint\",\"urlTemplate\":\"http:\\\/\\\/52.77.24.187\\\/?s={search_term_string}\"},\"query-input\":{\"@type\":\"PropertyValueSpecification\",\"valueRequired\":true,\"valueName\":\"search_term_string\"}}],\"inLanguage\":\"vi-VN\"},{\"@type\":\"Organization\",\"@id\":\"http:\\\/\\\/52.77.24.187\\\/#organization\",\"name\":\"The Bottle Shop\",\"url\":\"http:\\\/\\\/52.77.24.187\\\/\",\"logo\":{\"@type\":\"ImageObject\",\"inLanguage\":\"vi-VN\",\"@id\":\"http:\\\/\\\/52.77.24.187\\\/#\\\/schema\\\/logo\\\/image\\\/\",\"url\":\"https:\\/\\/thebottleshop.vn\\/wp-content\\/uploads\\/2022\\/10\\/The-Bottle-Shop-Online-Logo.png\",\"contentUrl\":\"https:\\/\\/thebottleshop.vn\\/wp-content\\/uploads\\/2022\\/10\\/The-Bottle-Shop-Online-Logo.png\",\"width\":145,\"height\":147,\"caption\":\"The Bottle Shop\"},\"image\":{\"@id\":\"http:\\\/\\\/52.77.24.187\\\/#\\\/schema\\\/logo\\\/image\\\/\"},\"sameAs\":[\"https:\\\/\\\/www.facebook.com\\\/thebottleshopvietnam\",\"https:\\\/\\\/www.instagram.com\\\/thebottleshop_vietnam\\\/\"]}]}<\/script>\n<!-- \/ Yoast SEO plugin. -->","yoast_head_json":{"title":"D\u00ea T\u01b0\u01a1ng \u1edbt Bird's Eye Chili &amp; T\u1ecfi \u0110en - The Bottle Shop","description":"D\u00ea T\u01b0\u01a1ng \u1edbt Bird's Eye Chili & T\u1ecfi \u0110en l\u00e0 t\u01b0\u01a1ng \u1edbt x\u00f4ng kh\u00f3i th\u1ee7 c\u00f4ng \u0111\u1eb7c bi\u1ec7t v\u1edbi nhi\u1ec1u t\u1ea7ng l\u1edbp h\u01b0\u01a1ng v\u1ecb h\u00f2a quy\u1ec7n v\u00e0o nhau.","robots":{"index":"index","follow":"follow","max-snippet":"max-snippet:-1","max-image-preview":"max-image-preview:large","max-video-preview":"max-video-preview:-1"},"canonical":"http:\/\/52.77.24.187\/vi\/san-pham\/de-tuong-ot-birds-eye-chili-toi-den\/","og_locale":"vi_VN","og_type":"article","og_title":"D\u00ea T\u01b0\u01a1ng \u1edbt Bird's Eye Chili &amp; T\u1ecfi \u0110en - The Bottle Shop","og_description":"D\u00ea T\u01b0\u01a1ng \u1edbt Bird's Eye Chili & T\u1ecfi \u0110en l\u00e0 t\u01b0\u01a1ng \u1edbt x\u00f4ng kh\u00f3i th\u1ee7 c\u00f4ng \u0111\u1eb7c bi\u1ec7t v\u1edbi nhi\u1ec1u t\u1ea7ng l\u1edbp h\u01b0\u01a1ng v\u1ecb h\u00f2a quy\u1ec7n v\u00e0o nhau.","og_url":"http:\/\/52.77.24.187\/vi\/san-pham\/de-tuong-ot-birds-eye-chili-toi-den\/","og_site_name":"The Bottle Shop","article_publisher":"https:\/\/www.facebook.com\/thebottleshopvietnam","article_modified_time":"2025-06-04T15:31:36+00:00","og_image":[{"width":1080,"height":1080,"url":"https:\/\/mlsrfcxkkbzg.i.optimole.com\/cb:JbP2.215d7\/w:auto\/h:auto\/q:mauto\/ig:avif\/http:\/\/52.77.24.187\/wp-content\/uploads\/2024\/07\/DE-HOT-SAUCE-Birds-Eye-Chili-Black-Garlic-110ml.png","type":"image\/png"}],"twitter_card":"summary_large_image","twitter_misc":{"Est. reading time":"1 minute"},"schema":{"@context":"https:\/\/schema.org","@graph":[{"@type":"WebPage","@id":"http:\/\/52.77.24.187\/vi\/san-pham\/de-tuong-ot-birds-eye-chili-toi-den\/","url":"http:\/\/52.77.24.187\/vi\/san-pham\/de-tuong-ot-birds-eye-chili-toi-den\/","name":"D\u00ea T\u01b0\u01a1ng \u1edbt Bird's Eye Chili &amp; T\u1ecfi \u0110en - The Bottle Shop","isPartOf":{"@id":"http:\/\/52.77.24.187\/#website"},"primaryImageOfPage":{"@id":"http:\/\/52.77.24.187\/vi\/san-pham\/de-tuong-ot-birds-eye-chili-toi-den\/#primaryimage"},"image":{"@id":"http:\/\/52.77.24.187\/vi\/san-pham\/de-tuong-ot-birds-eye-chili-toi-den\/#primaryimage"},"thumbnailUrl":"https:\/\/mlsrfcxkkbzg.i.optimole.com\/cb:JbP2.215d7\/w:auto\/h:auto\/q:mauto\/ig:avif\/https:\/\/thebottleshop.vn\/wp-content\/uploads\/2024\/07\/DE-HOT-SAUCE-Birds-Eye-Chili-Black-Garlic-110ml.png","datePublished":"2024-04-27T04:06:20+00:00","dateModified":"2025-06-04T15:31:36+00:00","description":"D\u00ea T\u01b0\u01a1ng \u1edbt Bird's Eye Chili & T\u1ecfi \u0110en l\u00e0 t\u01b0\u01a1ng \u1edbt x\u00f4ng kh\u00f3i th\u1ee7 c\u00f4ng \u0111\u1eb7c bi\u1ec7t v\u1edbi nhi\u1ec1u t\u1ea7ng l\u1edbp h\u01b0\u01a1ng v\u1ecb h\u00f2a quy\u1ec7n v\u00e0o nhau.","breadcrumb":{"@id":"http:\/\/52.77.24.187\/vi\/san-pham\/de-tuong-ot-birds-eye-chili-toi-den\/#breadcrumb"},"inLanguage":"vi-VN","potentialAction":[{"@type":"ReadAction","target":["http:\/\/52.77.24.187\/vi\/san-pham\/de-tuong-ot-birds-eye-chili-toi-den\/"]}]},{"@type":"ImageObject","inLanguage":"vi-VN","@id":"http:\/\/52.77.24.187\/vi\/san-pham\/de-tuong-ot-birds-eye-chili-toi-den\/#primaryimage","url":"https:\/\/mlsrfcxkkbzg.i.optimole.com\/cb:JbP2.215d7\/w:auto\/h:auto\/q:mauto\/ig:avif\/https:\/\/thebottleshop.vn\/wp-content\/uploads\/2024\/07\/DE-HOT-SAUCE-Birds-Eye-Chili-Black-Garlic-110ml.png","contentUrl":"https:\/\/mlsrfcxkkbzg.i.optimole.com\/cb:JbP2.215d7\/w:auto\/h:auto\/q:mauto\/ig:avif\/https:\/\/thebottleshop.vn\/wp-content\/uploads\/2024\/07\/DE-HOT-SAUCE-Birds-Eye-Chili-Black-Garlic-110ml.png","width":1080,"height":1080,"caption":"D\u00ca HOT SAUCE Birds Eye Chili & Black Garlic 110ml"},{"@type":"BreadcrumbList","@id":"http:\/\/52.77.24.187\/vi\/san-pham\/de-tuong-ot-birds-eye-chili-toi-den\/#breadcrumb","itemListElement":[{"@type":"ListItem","position":1,"name":"Home","item":"http:\/\/52.77.24.187\/vi\/test-popup-vi\/"},{"@type":"ListItem","position":2,"name":"C\u1eeda h\u00e0ng","item":"http:\/\/52.77.24.187\/vi\/cua-hang\/"},{"@type":"ListItem","position":3,"name":"D\u00ea T\u01b0\u01a1ng \u1edbt Bird&#8217;s Eye Chili &amp; T\u1ecfi \u0110en"}]},{"@type":"WebSite","@id":"http:\/\/52.77.24.187\/#website","url":"http:\/\/52.77.24.187\/","name":"The Bottle Shop","description":"All beers are not created equal","publisher":{"@id":"http:\/\/52.77.24.187\/#organization"},"potentialAction":[{"@type":"SearchAction","target":{"@type":"EntryPoint","urlTemplate":"http:\/\/52.77.24.187\/?s={search_term_string}"},"query-input":{"@type":"PropertyValueSpecification","valueRequired":true,"valueName":"search_term_string"}}],"inLanguage":"vi-VN"},{"@type":"Organization","@id":"http:\/\/52.77.24.187\/#organization","name":"The Bottle Shop","url":"http:\/\/52.77.24.187\/","logo":{"@type":"ImageObject","inLanguage":"vi-VN","@id":"http:\/\/52.77.24.187\/#\/schema\/logo\/image\/","url":"https:\/\/mlsrfcxkkbzg.i.optimole.com\/cb:JbP2.215d7\/w:auto\/h:auto\/q:mauto\/ig:avif\/https:\/\/thebottleshop.vn\/wp-content\/uploads\/2022\/10\/The-Bottle-Shop-Online-Logo.png","contentUrl":"https:\/\/mlsrfcxkkbzg.i.optimole.com\/cb:JbP2.215d7\/w:auto\/h:auto\/q:mauto\/ig:avif\/https:\/\/thebottleshop.vn\/wp-content\/uploads\/2022\/10\/The-Bottle-Shop-Online-Logo.png","width":145,"height":147,"caption":"The Bottle Shop"},"image":{"@id":"http:\/\/52.77.24.187\/#\/schema\/logo\/image\/"},"sameAs":["https:\/\/www.facebook.com\/thebottleshopvietnam","https:\/\/www.instagram.com\/thebottleshop_vietnam\/"]}]}},"_links":{"self":[{"href":"https:\/\/thebottleshop.vn\/vi\/wp-json\/wp\/v2\/product\/19513","targetHints":{"allow":["GET"]}}],"collection":[{"href":"https:\/\/thebottleshop.vn\/vi\/wp-json\/wp\/v2\/product"}],"about":[{"href":"https:\/\/thebottleshop.vn\/vi\/wp-json\/wp\/v2\/types\/product"}],"replies":[{"embeddable":true,"href":"https:\/\/thebottleshop.vn\/vi\/wp-json\/wp\/v2\/comments?post=19513"}],"wp:featuredmedia":[{"embeddable":true,"href":"https:\/\/thebottleshop.vn\/vi\/wp-json\/wp\/v2\/media\/19825"}],"wp:attachment":[{"href":"https:\/\/thebottleshop.vn\/vi\/wp-json\/wp\/v2\/media?parent=19513"}],"wp:term":[{"taxonomy":"product_brand","embeddable":true,"href":"https:\/\/thebottleshop.vn\/vi\/wp-json\/wp\/v2\/product_brand?post=19513"},{"taxonomy":"product_cat","embeddable":true,"href":"https:\/\/thebottleshop.vn\/vi\/wp-json\/wp\/v2\/product_cat?post=19513"},{"taxonomy":"product_tag","embeddable":true,"href":"https:\/\/thebottleshop.vn\/vi\/wp-json\/wp\/v2\/product_tag?post=19513"}],"curies":[{"name":"wp","href":"https:\/\/api.w.org\/{rel}","templated":true}]}}