{"id":19518,"date":"2024-04-27T11:33:57","date_gmt":"2024-04-27T04:39:24","guid":{"rendered":"https:\/\/thebottleshop.vn\/product\/tuong-ot-habanero-tropical-fruits\/"},"modified":"2025-06-05T10:37:02","modified_gmt":"2025-06-05T03:37:02","slug":"tuong-ot-habanero-tropical-fruits","status":"publish","type":"product","link":"https:\/\/thebottleshop.vn\/vi\/san-pham\/tuong-ot-habanero-tropical-fruits\/","title":{"rendered":"T\u01b0\u01a1ng \u1edbt Habanero &amp; Tropical Fruits"},"content":{"rendered":"<p>\u0110\u1ec3 t\u1ea1o n\u00ean v\u1ecb cay m\u1ea1nh cho lo\u1ea1i t\u01b0\u01a1ng n\u00e0y, D\u00ca s\u1eed d\u1ee5ng hai gi\u1ed1ng \u1edbt Habanero v\u00e0 \u1edbt s\u1eebng Batri.<\/p>\n<p>3 lo\u1ea1i tr\u00e1i c\u00e2y \u0111\u01b0\u1ee3c l\u1ea5y ngu\u1ed3n v\u00e0 tuy\u1ec3n ch\u1ecdn t\u1eeb c\u00e1c \u0111\u1ecba ph\u01b0\u01a1ng n\u1ed5i ti\u1ebfng tr\u00ean kh\u1eafp Vi\u1ec7t Nam: D\u1ee9a m\u1eadt ong \u0110\u1ee9c Tr\u1ecdng, Xo\u00e0i c\u00e1t H\u00f2a L\u1ed9c, Chanh d\u00e2y Gia Lai. \u0110\u1ea3m b\u1ea3o lu\u00f4n t\u01b0\u01a1i, ch\u00edn, th\u00eam v\u1ecb chua ng\u1ecdt t\u1ef1 nhi\u00ean, m\u00e0u s\u1eafc t\u1ef1 nhi\u00ean kh\u00f4ng s\u1eed d\u1ee5ng b\u1ea5t k\u1ef3 h\u01b0\u01a1ng li\u1ec7u v\u00e0 ph\u1ea9m m\u00e0u nh\u00e2n t\u1ea1o n\u00e0o. <\/p>\n<p>\u0110i\u1ec3m \u0111\u1eb7c bi\u1ec7t nh\u1ea5t c\u1ee7a lo\u1ea1i t\u01b0\u01a1ng \u1edbt n\u00e0y ngo\u00e0i l\u00e0 h\u01b0\u01a1ng cam chanh th\u01a1m n\u1ed3ng.<\/p>\n<section class=\"elementor-section elementor-top-section elementor-element elementor-element-38f8d3a elementor-section-full_width top_block_product elementor-section-height-default elementor-section-height-default\" data-id=\"38f8d3a\" data-element_type=\"section\">\n<div class=\"elementor-container elementor-column-gap-default\">\n<div class=\"elementor-column elementor-col-50 elementor-top-column elementor-element elementor-element-03458a8 pdt_col2\" data-id=\"03458a8\" data-element_type=\"column\">\n<div class=\"elementor-widget-wrap elementor-element-populated\">\n<div class=\"elementor-element elementor-element-171eed5 elementor-widget elementor-widget-woocommerce-product-content\" data-id=\"171eed5\" data-element_type=\"widget\" data-widget_type=\"woocommerce-product-content.default\">\n<div class=\"elementor-widget-container\">\n<div class=\"zpimage-text zpimage-text-align-left \" data-editor=\"true\">\n<p>\u2014\u2013<br \/>\nXem th\u01b0 vi\u1ec7n h\u00ecnh \u1ea3nh \u0111\u1ec3 bi\u1ebft th\u00eam th\u00f4ng tin chi ti\u1ebft v\u1ec1 ngu\u1ed3n g\u1ed1c, th\u00e0nh ph\u1ea7n v\u00e0 h\u01b0\u1edbng d\u1eabn s\u1eed d\u1ee5ng c\u1ee7a s\u1ea3n ph\u1ea9m.<\/p>\n<\/div>\n<\/div>\n<\/div>\n<\/div>\n<\/div>\n<\/div>\n<\/section>\n<section class=\"elementor-section elementor-top-section elementor-element elementor-element-83ff9b6 elementor-section-full_width elementor-section-height-default elementor-section-height-default\" data-id=\"83ff9b6\" data-element_type=\"section\">\n<div class=\"elementor-container elementor-column-gap-default\">\n<div class=\"elementor-column elementor-col-100 elementor-top-column elementor-element elementor-element-30cf7cf\" data-id=\"30cf7cf\" data-element_type=\"column\">\n<div class=\"elementor-widget-wrap elementor-element-populated\">\n<div class=\"elementor-element elementor-element-e259b39 review_control elementor-widget elementor-widget-text-editor\" data-id=\"e259b39\" data-element_type=\"widget\" data-widget_type=\"text-editor.default\">\n<div class=\"elementor-widget-container\"><\/div>\n<\/div>\n<\/div>\n<\/div>\n<\/div>\n<\/section>\n","protected":false},"excerpt":{"rendered":"<p><strong>Chua ng\u1ecdt, Th\u01a1m n\u1ed3ng, Cam chanh<\/strong><\/p>\n","protected":false},"featured_media":19837,"comment_status":"open","ping_status":"closed","template":"","meta":{"_acf_changed":false},"product_brand":[],"product_cat":[656,340,354,355,655,384,412,339,341,352],"product_tag":[],"class_list":{"0":"post-19518","1":"product","2":"type-product","3":"status-publish","4":"has-post-thumbnail","6":"product_cat-chai-110ml","7":"product_cat-vietnam-hcmc","8":"product_cat-75k-99k","9":"product_cat-150k-199k","10":"product_cat-chai-250ml","11":"product_cat-nham-va-nhau","12":"product_cat-do-luu-niem","13":"product_cat-xuat-xu","14":"product_cat-dong-goi","15":"product_cat-gia","16":"pa_pack_type-110ml-vi","17":"pa_pack_type-250ml-vi","19":"first","20":"instock","21":"shipping-taxable","22":"purchasable","23":"product-type-variable","24":"has-default-attributes","25":"add-to-wishlist-before_image"},"acf":[],"yoast_head":"<!-- This site is optimized with the Yoast SEO plugin v27.2 - https:\/\/yoast.com\/product\/yoast-seo-wordpress\/ -->\n<title>T\u01b0\u01a1ng \u1edbt Habanero &amp; Tropical Fruits - The Bottle Shop<\/title>\n<meta name=\"description\" content=\"\u0110\u1ec3 t\u1ea1o n\u00ean v\u1ecb cay m\u1ea1nh cho lo\u1ea1i t\u01b0\u01a1ng n\u00e0y, D\u00ca s\u1eed d\u1ee5ng hai gi\u1ed1ng \u1edbt Habanero v\u00e0 \u1edbt s\u1eebng Batri.\" \/>\n<meta name=\"robots\" content=\"index, follow, max-snippet:-1, max-image-preview:large, max-video-preview:-1\" \/>\n<link rel=\"canonical\" href=\"http:\/\/52.77.24.187\/vi\/san-pham\/tuong-ot-habanero-tropical-fruits\/\" \/>\n<meta property=\"og:locale\" content=\"vi_VN\" \/>\n<meta property=\"og:type\" content=\"article\" \/>\n<meta property=\"og:title\" content=\"T\u01b0\u01a1ng \u1edbt Habanero &amp; Tropical Fruits - The Bottle Shop\" \/>\n<meta property=\"og:description\" content=\"\u0110\u1ec3 t\u1ea1o n\u00ean v\u1ecb cay m\u1ea1nh cho lo\u1ea1i t\u01b0\u01a1ng n\u00e0y, D\u00ca s\u1eed d\u1ee5ng hai gi\u1ed1ng \u1edbt Habanero v\u00e0 \u1edbt s\u1eebng Batri.\" \/>\n<meta property=\"og:url\" content=\"http:\/\/52.77.24.187\/vi\/san-pham\/tuong-ot-habanero-tropical-fruits\/\" \/>\n<meta property=\"og:site_name\" content=\"The Bottle Shop\" \/>\n<meta property=\"article:publisher\" content=\"https:\/\/www.facebook.com\/thebottleshopvietnam\" \/>\n<meta property=\"article:modified_time\" content=\"2025-06-05T03:37:02+00:00\" \/>\n<meta property=\"og:image\" content=\"https:\/\/mlsrfcxkkbzg.i.optimole.com\/cb:JbP2.215d7\/w:auto\/h:auto\/q:mauto\/ig:avif\/http:\/\/52.77.24.187\/wp-content\/uploads\/2024\/07\/DE-HOT-SAUCE-Habanero-Tropical-Fruits-110ml.png\" \/>\n\t<meta property=\"og:image:width\" content=\"1080\" \/>\n\t<meta property=\"og:image:height\" content=\"1080\" \/>\n\t<meta property=\"og:image:type\" content=\"image\/png\" \/>\n<meta name=\"twitter:card\" content=\"summary_large_image\" \/>\n<meta name=\"twitter:label1\" content=\"Est. reading time\" \/>\n\t<meta name=\"twitter:data1\" content=\"1 minute\" \/>\n<script type=\"application\/ld+json\" class=\"yoast-schema-graph\">{\"@context\":\"https:\/\/schema.org\",\"@graph\":[{\"@type\":\"WebPage\",\"@id\":\"http:\/\/52.77.24.187\/vi\/san-pham\/tuong-ot-habanero-tropical-fruits\/\",\"url\":\"http:\/\/52.77.24.187\/vi\/san-pham\/tuong-ot-habanero-tropical-fruits\/\",\"name\":\"T\u01b0\u01a1ng \u1edbt Habanero &amp; Tropical Fruits - The Bottle Shop\",\"isPartOf\":{\"@id\":\"http:\/\/52.77.24.187\/#website\"},\"primaryImageOfPage\":{\"@id\":\"http:\/\/52.77.24.187\/vi\/san-pham\/tuong-ot-habanero-tropical-fruits\/#primaryimage\"},\"image\":{\"@id\":\"http:\/\/52.77.24.187\/vi\/san-pham\/tuong-ot-habanero-tropical-fruits\/#primaryimage\"},\"thumbnailUrl\":\"https:\/\/mlsrfcxkkbzg.i.optimole.com\/cb:JbP2.215d7\/w:auto\/h:auto\/q:mauto\/ig:avif\/https:\/\/thebottleshop.vn\/wp-content\/uploads\/2024\/07\/DE-HOT-SAUCE-Habanero-Tropical-Fruits-110ml.png\",\"datePublished\":\"2024-04-27T04:39:24+00:00\",\"dateModified\":\"2025-06-05T03:37:02+00:00\",\"description\":\"\u0110\u1ec3 t\u1ea1o n\u00ean v\u1ecb cay m\u1ea1nh cho lo\u1ea1i t\u01b0\u01a1ng n\u00e0y, D\u00ca s\u1eed d\u1ee5ng hai gi\u1ed1ng \u1edbt Habanero v\u00e0 \u1edbt s\u1eebng Batri.\",\"breadcrumb\":{\"@id\":\"http:\/\/52.77.24.187\/vi\/san-pham\/tuong-ot-habanero-tropical-fruits\/#breadcrumb\"},\"inLanguage\":\"vi-VN\",\"potentialAction\":[{\"@type\":\"ReadAction\",\"target\":[\"http:\/\/52.77.24.187\/vi\/san-pham\/tuong-ot-habanero-tropical-fruits\/\"]}]},{\"@type\":\"ImageObject\",\"inLanguage\":\"vi-VN\",\"@id\":\"http:\/\/52.77.24.187\/vi\/san-pham\/tuong-ot-habanero-tropical-fruits\/#primaryimage\",\"url\":\"https:\/\/mlsrfcxkkbzg.i.optimole.com\/cb:JbP2.215d7\/w:auto\/h:auto\/q:mauto\/ig:avif\/https:\/\/thebottleshop.vn\/wp-content\/uploads\/2024\/07\/DE-HOT-SAUCE-Habanero-Tropical-Fruits-110ml.png\",\"contentUrl\":\"https:\/\/mlsrfcxkkbzg.i.optimole.com\/cb:JbP2.215d7\/w:auto\/h:auto\/q:mauto\/ig:avif\/https:\/\/thebottleshop.vn\/wp-content\/uploads\/2024\/07\/DE-HOT-SAUCE-Habanero-Tropical-Fruits-110ml.png\",\"width\":1080,\"height\":1080,\"caption\":\"D\u00ca HOT SAUCE Habanero & Tropical Fruits 110ml\"},{\"@type\":\"BreadcrumbList\",\"@id\":\"http:\/\/52.77.24.187\/vi\/san-pham\/tuong-ot-habanero-tropical-fruits\/#breadcrumb\",\"itemListElement\":[{\"@type\":\"ListItem\",\"position\":1,\"name\":\"Home\",\"item\":\"http:\/\/52.77.24.187\/vi\/test-popup-vi\/\"},{\"@type\":\"ListItem\",\"position\":2,\"name\":\"C\u1eeda h\u00e0ng\",\"item\":\"http:\/\/52.77.24.187\/vi\/cua-hang\/\"},{\"@type\":\"ListItem\",\"position\":3,\"name\":\"T\u01b0\u01a1ng \u1edbt Habanero &amp; Tropical Fruits\"}]},{\"@type\":\"WebSite\",\"@id\":\"http:\/\/52.77.24.187\/#website\",\"url\":\"http:\/\/52.77.24.187\/\",\"name\":\"The Bottle Shop\",\"description\":\"All beers are not created equal\",\"publisher\":{\"@id\":\"http:\/\/52.77.24.187\/#organization\"},\"potentialAction\":[{\"@type\":\"SearchAction\",\"target\":{\"@type\":\"EntryPoint\",\"urlTemplate\":\"http:\/\/52.77.24.187\/?s={search_term_string}\"},\"query-input\":{\"@type\":\"PropertyValueSpecification\",\"valueRequired\":true,\"valueName\":\"search_term_string\"}}],\"inLanguage\":\"vi-VN\"},{\"@type\":\"Organization\",\"@id\":\"http:\/\/52.77.24.187\/#organization\",\"name\":\"The Bottle Shop\",\"url\":\"http:\/\/52.77.24.187\/\",\"logo\":{\"@type\":\"ImageObject\",\"inLanguage\":\"vi-VN\",\"@id\":\"http:\/\/52.77.24.187\/#\/schema\/logo\/image\/\",\"url\":\"https:\/\/mlsrfcxkkbzg.i.optimole.com\/cb:JbP2.215d7\/w:auto\/h:auto\/q:mauto\/ig:avif\/https:\/\/thebottleshop.vn\/wp-content\/uploads\/2022\/10\/The-Bottle-Shop-Online-Logo.png\",\"contentUrl\":\"https:\/\/mlsrfcxkkbzg.i.optimole.com\/cb:JbP2.215d7\/w:auto\/h:auto\/q:mauto\/ig:avif\/https:\/\/thebottleshop.vn\/wp-content\/uploads\/2022\/10\/The-Bottle-Shop-Online-Logo.png\",\"width\":145,\"height\":147,\"caption\":\"The Bottle Shop\"},\"image\":{\"@id\":\"http:\/\/52.77.24.187\/#\/schema\/logo\/image\/\"},\"sameAs\":[\"https:\/\/www.facebook.com\/thebottleshopvietnam\",\"https:\/\/www.instagram.com\/thebottleshop_vietnam\/\"]}]}<\/script>\n<!-- \/ Yoast SEO plugin. -->","yoast_head_json":{"title":"T\u01b0\u01a1ng \u1edbt Habanero &amp; Tropical Fruits - The Bottle Shop","description":"\u0110\u1ec3 t\u1ea1o n\u00ean v\u1ecb cay m\u1ea1nh cho lo\u1ea1i t\u01b0\u01a1ng n\u00e0y, D\u00ca s\u1eed d\u1ee5ng hai gi\u1ed1ng \u1edbt Habanero v\u00e0 \u1edbt s\u1eebng Batri.","robots":{"index":"index","follow":"follow","max-snippet":"max-snippet:-1","max-image-preview":"max-image-preview:large","max-video-preview":"max-video-preview:-1"},"canonical":"http:\/\/52.77.24.187\/vi\/san-pham\/tuong-ot-habanero-tropical-fruits\/","og_locale":"vi_VN","og_type":"article","og_title":"T\u01b0\u01a1ng \u1edbt Habanero &amp; Tropical Fruits - The Bottle Shop","og_description":"\u0110\u1ec3 t\u1ea1o n\u00ean v\u1ecb cay m\u1ea1nh cho lo\u1ea1i t\u01b0\u01a1ng n\u00e0y, D\u00ca s\u1eed d\u1ee5ng hai gi\u1ed1ng \u1edbt Habanero v\u00e0 \u1edbt s\u1eebng Batri.","og_url":"http:\/\/52.77.24.187\/vi\/san-pham\/tuong-ot-habanero-tropical-fruits\/","og_site_name":"The Bottle Shop","article_publisher":"https:\/\/www.facebook.com\/thebottleshopvietnam","article_modified_time":"2025-06-05T03:37:02+00:00","og_image":[{"width":1080,"height":1080,"url":"https:\/\/mlsrfcxkkbzg.i.optimole.com\/cb:JbP2.215d7\/w:auto\/h:auto\/q:mauto\/ig:avif\/http:\/\/52.77.24.187\/wp-content\/uploads\/2024\/07\/DE-HOT-SAUCE-Habanero-Tropical-Fruits-110ml.png","type":"image\/png"}],"twitter_card":"summary_large_image","twitter_misc":{"Est. reading time":"1 minute"},"schema":{"@context":"https:\/\/schema.org","@graph":[{"@type":"WebPage","@id":"http:\/\/52.77.24.187\/vi\/san-pham\/tuong-ot-habanero-tropical-fruits\/","url":"http:\/\/52.77.24.187\/vi\/san-pham\/tuong-ot-habanero-tropical-fruits\/","name":"T\u01b0\u01a1ng \u1edbt Habanero &amp; Tropical Fruits - The Bottle Shop","isPartOf":{"@id":"http:\/\/52.77.24.187\/#website"},"primaryImageOfPage":{"@id":"http:\/\/52.77.24.187\/vi\/san-pham\/tuong-ot-habanero-tropical-fruits\/#primaryimage"},"image":{"@id":"http:\/\/52.77.24.187\/vi\/san-pham\/tuong-ot-habanero-tropical-fruits\/#primaryimage"},"thumbnailUrl":"https:\/\/mlsrfcxkkbzg.i.optimole.com\/cb:JbP2.215d7\/w:auto\/h:auto\/q:mauto\/ig:avif\/https:\/\/thebottleshop.vn\/wp-content\/uploads\/2024\/07\/DE-HOT-SAUCE-Habanero-Tropical-Fruits-110ml.png","datePublished":"2024-04-27T04:39:24+00:00","dateModified":"2025-06-05T03:37:02+00:00","description":"\u0110\u1ec3 t\u1ea1o n\u00ean v\u1ecb cay m\u1ea1nh cho lo\u1ea1i t\u01b0\u01a1ng n\u00e0y, D\u00ca s\u1eed d\u1ee5ng hai gi\u1ed1ng \u1edbt Habanero v\u00e0 \u1edbt s\u1eebng Batri.","breadcrumb":{"@id":"http:\/\/52.77.24.187\/vi\/san-pham\/tuong-ot-habanero-tropical-fruits\/#breadcrumb"},"inLanguage":"vi-VN","potentialAction":[{"@type":"ReadAction","target":["http:\/\/52.77.24.187\/vi\/san-pham\/tuong-ot-habanero-tropical-fruits\/"]}]},{"@type":"ImageObject","inLanguage":"vi-VN","@id":"http:\/\/52.77.24.187\/vi\/san-pham\/tuong-ot-habanero-tropical-fruits\/#primaryimage","url":"https:\/\/mlsrfcxkkbzg.i.optimole.com\/cb:JbP2.215d7\/w:auto\/h:auto\/q:mauto\/ig:avif\/https:\/\/thebottleshop.vn\/wp-content\/uploads\/2024\/07\/DE-HOT-SAUCE-Habanero-Tropical-Fruits-110ml.png","contentUrl":"https:\/\/mlsrfcxkkbzg.i.optimole.com\/cb:JbP2.215d7\/w:auto\/h:auto\/q:mauto\/ig:avif\/https:\/\/thebottleshop.vn\/wp-content\/uploads\/2024\/07\/DE-HOT-SAUCE-Habanero-Tropical-Fruits-110ml.png","width":1080,"height":1080,"caption":"D\u00ca HOT SAUCE Habanero & Tropical Fruits 110ml"},{"@type":"BreadcrumbList","@id":"http:\/\/52.77.24.187\/vi\/san-pham\/tuong-ot-habanero-tropical-fruits\/#breadcrumb","itemListElement":[{"@type":"ListItem","position":1,"name":"Home","item":"http:\/\/52.77.24.187\/vi\/test-popup-vi\/"},{"@type":"ListItem","position":2,"name":"C\u1eeda h\u00e0ng","item":"http:\/\/52.77.24.187\/vi\/cua-hang\/"},{"@type":"ListItem","position":3,"name":"T\u01b0\u01a1ng \u1edbt Habanero &amp; Tropical Fruits"}]},{"@type":"WebSite","@id":"http:\/\/52.77.24.187\/#website","url":"http:\/\/52.77.24.187\/","name":"The Bottle Shop","description":"All beers are not created equal","publisher":{"@id":"http:\/\/52.77.24.187\/#organization"},"potentialAction":[{"@type":"SearchAction","target":{"@type":"EntryPoint","urlTemplate":"http:\/\/52.77.24.187\/?s={search_term_string}"},"query-input":{"@type":"PropertyValueSpecification","valueRequired":true,"valueName":"search_term_string"}}],"inLanguage":"vi-VN"},{"@type":"Organization","@id":"http:\/\/52.77.24.187\/#organization","name":"The Bottle Shop","url":"http:\/\/52.77.24.187\/","logo":{"@type":"ImageObject","inLanguage":"vi-VN","@id":"http:\/\/52.77.24.187\/#\/schema\/logo\/image\/","url":"https:\/\/mlsrfcxkkbzg.i.optimole.com\/cb:JbP2.215d7\/w:auto\/h:auto\/q:mauto\/ig:avif\/https:\/\/thebottleshop.vn\/wp-content\/uploads\/2022\/10\/The-Bottle-Shop-Online-Logo.png","contentUrl":"https:\/\/mlsrfcxkkbzg.i.optimole.com\/cb:JbP2.215d7\/w:auto\/h:auto\/q:mauto\/ig:avif\/https:\/\/thebottleshop.vn\/wp-content\/uploads\/2022\/10\/The-Bottle-Shop-Online-Logo.png","width":145,"height":147,"caption":"The Bottle Shop"},"image":{"@id":"http:\/\/52.77.24.187\/#\/schema\/logo\/image\/"},"sameAs":["https:\/\/www.facebook.com\/thebottleshopvietnam","https:\/\/www.instagram.com\/thebottleshop_vietnam\/"]}]}},"_links":{"self":[{"href":"https:\/\/thebottleshop.vn\/vi\/wp-json\/wp\/v2\/product\/19518","targetHints":{"allow":["GET"]}}],"collection":[{"href":"https:\/\/thebottleshop.vn\/vi\/wp-json\/wp\/v2\/product"}],"about":[{"href":"https:\/\/thebottleshop.vn\/vi\/wp-json\/wp\/v2\/types\/product"}],"replies":[{"embeddable":true,"href":"https:\/\/thebottleshop.vn\/vi\/wp-json\/wp\/v2\/comments?post=19518"}],"wp:featuredmedia":[{"embeddable":true,"href":"https:\/\/thebottleshop.vn\/vi\/wp-json\/wp\/v2\/media\/19837"}],"wp:attachment":[{"href":"https:\/\/thebottleshop.vn\/vi\/wp-json\/wp\/v2\/media?parent=19518"}],"wp:term":[{"taxonomy":"product_brand","embeddable":true,"href":"https:\/\/thebottleshop.vn\/vi\/wp-json\/wp\/v2\/product_brand?post=19518"},{"taxonomy":"product_cat","embeddable":true,"href":"https:\/\/thebottleshop.vn\/vi\/wp-json\/wp\/v2\/product_cat?post=19518"},{"taxonomy":"product_tag","embeddable":true,"href":"https:\/\/thebottleshop.vn\/vi\/wp-json\/wp\/v2\/product_tag?post=19518"}],"curies":[{"name":"wp","href":"https:\/\/api.w.org\/{rel}","templated":true}]}}