{"id":19739,"date":"2024-06-24T12:59:28","date_gmt":"2024-06-24T06:02:56","guid":{"rendered":"https:\/\/thebottleshop.vn\/product\/crazy-duck-edel-hell\/"},"modified":"2024-06-24T13:58:21","modified_gmt":"2024-06-24T06:58:21","slug":"crazy-duck-edel-hell","status":"publish","type":"product","link":"https:\/\/thebottleshop.vn\/vi\/san-pham\/crazy-duck-edel-hell\/","title":{"rendered":"Crazy Duck Edel-Hell"},"content":{"rendered":"<p>Crazy Duck Edel-Hell l\u00e0 bia Lager \u0110\u1ee9c c\u1ed5 \u0111i\u1ec3n \u0111\u01b0\u1ee3c l\u00ean men l\u1ea7n \u0111\u1ea7u b\u1edfi c\u00e1c tu s\u0129 Bayern v\u00e0 \u0111\u01b0\u1ee3c \u0111\u1ed3n l\u00e0 ngon \u0111\u1ebfn m\u1ee9c \u0111\u00e3 mang l\u1ea1i h\u00f2a b\u00ecnh cho khu v\u1ef1c. S\u1ef1 m\u1ec1m m\u1ea1i v\u00e0 s\u1ea3ng kho\u00e1i ho\u00e0 quy\u1ec7n trong t\u1eebng ng\u1ee5m bia m\u00e0 kh\u00f4ng l\u00e0m m\u1ea5t \u0111i h\u01b0\u01a1ng v\u1ecb bia \u0110\u1ee9c. H\u1ea1t l\u00faa m\u1ea1 t\u01b0\u01a1i s\u00e1ng, m\u1ea1t nh\u1eb9 v\u00e0 h\u1eadu v\u1ecb m\u1ec1m m\u1ea1i khi\u1ebfn cho \u0111\u00e2y tr\u1edf th\u00e0nh lo\u1ea1i bia h\u00e0ng ng\u00e0y cho b\u1ea1n.   <\/p>\n<p>\u2014\u2013 Xem th\u01b0 vi\u1ec7n h\u00ecnh \u1ea3nh \u0111\u1ec3 bi\u1ebft th\u00eam th\u00f4ng tin chi ti\u1ebft v\u1ec1 ngu\u1ed3n g\u1ed1c, th\u00e0nh ph\u1ea7n v\u00e0 h\u01b0\u1edbng d\u1eabn s\u1eed d\u1ee5ng c\u1ee7a s\u1ea3n ph\u1ea9m.<\/p>\n","protected":false},"excerpt":{"rendered":"<p><strong>C\u1ed5 \u0111i\u1ec3n, M\u1ecbn m\u00e0ng, S\u1ea3ng kho\u00e1i 5%<\/strong><\/p>\n","protected":false},"featured_media":19845,"comment_status":"open","ping_status":"closed","template":"","meta":{"_acf_changed":false},"product_brand":[],"product_cat":[378,337,340,347,354,342,351,366,345,377,339,341,658,352,356],"product_tag":[],"class_list":{"0":"post-19739","1":"product","2":"type-product","3":"status-publish","4":"has-post-thumbnail","6":"product_cat-00-19","7":"product_cat-bia-va-cider","8":"product_cat-vietnam-hcmc","9":"product_cat-4-5-9","10":"product_cat-75k-99k","11":"product_cat-chai-330-ml","12":"product_cat-dong-bia","13":"product_cat-nha-san-xuat","14":"product_cat-abv-vi","15":"product_cat-ibu","16":"product_cat-xuat-xu","17":"product_cat-dong-goi","18":"product_cat-crazy-duck-vi","19":"product_cat-gia","20":"product_cat-lager","22":"first","23":"outofstock","24":"shipping-taxable","25":"purchasable","26":"product-type-simple","27":"add-to-wishlist-before_image"},"acf":[],"yoast_head":"<!-- This site is optimized with the Yoast SEO plugin v27.2 - https:\/\/yoast.com\/product\/yoast-seo-wordpress\/ -->\n<title>Crazy Duck Edel-Hell - The Bottle Shop<\/title>\n<meta name=\"description\" content=\"Crazy Duck Edel-Hell l\u00e0 bia Lager \u0110\u1ee9c c\u1ed5 \u0111i\u1ec3n \u0111\u01b0\u1ee3c l\u00ean men l\u1ea7n \u0111\u1ea7u b\u1edfi c\u00e1c tu s\u0129 Bayern v\u00e0 \u0111\u01b0\u1ee3c \u0111\u1ed3n l\u00e0 ngon \u0111\u1ebfn m\u1ee9c \u0111\u00e3 mang l\u1ea1i h\u00f2a b\u00ecnh cho khu v\u1ef1c.\" \/>\n<meta name=\"robots\" content=\"index, follow, max-snippet:-1, max-image-preview:large, max-video-preview:-1\" \/>\n<link rel=\"canonical\" href=\"http:\/\/52.77.24.187\/vi\/san-pham\/crazy-duck-edel-hell\/\" \/>\n<meta property=\"og:locale\" content=\"vi_VN\" \/>\n<meta property=\"og:type\" content=\"article\" \/>\n<meta property=\"og:title\" content=\"Crazy Duck Edel-Hell - The Bottle Shop\" \/>\n<meta property=\"og:description\" content=\"Crazy Duck Edel-Hell l\u00e0 bia Lager \u0110\u1ee9c c\u1ed5 \u0111i\u1ec3n \u0111\u01b0\u1ee3c l\u00ean men l\u1ea7n \u0111\u1ea7u b\u1edfi c\u00e1c tu s\u0129 Bayern v\u00e0 \u0111\u01b0\u1ee3c \u0111\u1ed3n l\u00e0 ngon \u0111\u1ebfn m\u1ee9c \u0111\u00e3 mang l\u1ea1i h\u00f2a b\u00ecnh cho khu v\u1ef1c.\" \/>\n<meta property=\"og:url\" content=\"http:\/\/52.77.24.187\/vi\/san-pham\/crazy-duck-edel-hell\/\" \/>\n<meta property=\"og:site_name\" content=\"The Bottle Shop\" \/>\n<meta property=\"article:publisher\" content=\"https:\/\/www.facebook.com\/thebottleshopvietnam\" \/>\n<meta property=\"article:modified_time\" content=\"2024-06-24T06:58:21+00:00\" \/>\n<meta property=\"og:image\" content=\"https:\/\/mlsrfcxkkbzg.i.optimole.com\/cb:JbP2.215d7\/w:auto\/h:auto\/q:mauto\/ig:avif\/http:\/\/52.77.24.187\/wp-content\/uploads\/2024\/07\/Crazy-Duck-Edel-Hell.png\" \/>\n\t<meta property=\"og:image:width\" content=\"1080\" \/>\n\t<meta property=\"og:image:height\" content=\"1080\" \/>\n\t<meta property=\"og:image:type\" content=\"image\/png\" \/>\n<meta name=\"twitter:card\" content=\"summary_large_image\" \/>\n<meta name=\"twitter:label1\" content=\"Est. reading time\" \/>\n\t<meta name=\"twitter:data1\" content=\"1 minute\" \/>\n<script type=\"application\/ld+json\" class=\"yoast-schema-graph\">{\"@context\":\"https:\/\/schema.org\",\"@graph\":[{\"@type\":\"WebPage\",\"@id\":\"http:\/\/52.77.24.187\/vi\/san-pham\/crazy-duck-edel-hell\/\",\"url\":\"http:\/\/52.77.24.187\/vi\/san-pham\/crazy-duck-edel-hell\/\",\"name\":\"Crazy Duck Edel-Hell - The Bottle Shop\",\"isPartOf\":{\"@id\":\"http:\/\/52.77.24.187\/#website\"},\"primaryImageOfPage\":{\"@id\":\"http:\/\/52.77.24.187\/vi\/san-pham\/crazy-duck-edel-hell\/#primaryimage\"},\"image\":{\"@id\":\"http:\/\/52.77.24.187\/vi\/san-pham\/crazy-duck-edel-hell\/#primaryimage\"},\"thumbnailUrl\":\"https:\/\/mlsrfcxkkbzg.i.optimole.com\/cb:JbP2.215d7\/w:auto\/h:auto\/q:mauto\/ig:avif\/https:\/\/thebottleshop.vn\/wp-content\/uploads\/2024\/07\/Crazy-Duck-Edel-Hell.png\",\"datePublished\":\"2024-06-24T06:02:56+00:00\",\"dateModified\":\"2024-06-24T06:58:21+00:00\",\"description\":\"Crazy Duck Edel-Hell l\u00e0 bia Lager \u0110\u1ee9c c\u1ed5 \u0111i\u1ec3n \u0111\u01b0\u1ee3c l\u00ean men l\u1ea7n \u0111\u1ea7u b\u1edfi c\u00e1c tu s\u0129 Bayern v\u00e0 \u0111\u01b0\u1ee3c \u0111\u1ed3n l\u00e0 ngon \u0111\u1ebfn m\u1ee9c \u0111\u00e3 mang l\u1ea1i h\u00f2a b\u00ecnh cho khu v\u1ef1c.\",\"breadcrumb\":{\"@id\":\"http:\/\/52.77.24.187\/vi\/san-pham\/crazy-duck-edel-hell\/#breadcrumb\"},\"inLanguage\":\"vi-VN\",\"potentialAction\":[{\"@type\":\"ReadAction\",\"target\":[\"http:\/\/52.77.24.187\/vi\/san-pham\/crazy-duck-edel-hell\/\"]}]},{\"@type\":\"ImageObject\",\"inLanguage\":\"vi-VN\",\"@id\":\"http:\/\/52.77.24.187\/vi\/san-pham\/crazy-duck-edel-hell\/#primaryimage\",\"url\":\"https:\/\/mlsrfcxkkbzg.i.optimole.com\/cb:JbP2.215d7\/w:auto\/h:auto\/q:mauto\/ig:avif\/https:\/\/thebottleshop.vn\/wp-content\/uploads\/2024\/07\/Crazy-Duck-Edel-Hell.png\",\"contentUrl\":\"https:\/\/mlsrfcxkkbzg.i.optimole.com\/cb:JbP2.215d7\/w:auto\/h:auto\/q:mauto\/ig:avif\/https:\/\/thebottleshop.vn\/wp-content\/uploads\/2024\/07\/Crazy-Duck-Edel-Hell.png\",\"width\":1080,\"height\":1080,\"caption\":\"Crazy Duck Edel-Hell\"},{\"@type\":\"BreadcrumbList\",\"@id\":\"http:\/\/52.77.24.187\/vi\/san-pham\/crazy-duck-edel-hell\/#breadcrumb\",\"itemListElement\":[{\"@type\":\"ListItem\",\"position\":1,\"name\":\"Home\",\"item\":\"http:\/\/52.77.24.187\/vi\/test-popup-vi\/\"},{\"@type\":\"ListItem\",\"position\":2,\"name\":\"C\u1eeda h\u00e0ng\",\"item\":\"http:\/\/52.77.24.187\/vi\/cua-hang\/\"},{\"@type\":\"ListItem\",\"position\":3,\"name\":\"Crazy Duck Edel-Hell\"}]},{\"@type\":\"WebSite\",\"@id\":\"http:\/\/52.77.24.187\/#website\",\"url\":\"http:\/\/52.77.24.187\/\",\"name\":\"The Bottle Shop\",\"description\":\"All beers are not created equal\",\"publisher\":{\"@id\":\"http:\/\/52.77.24.187\/#organization\"},\"potentialAction\":[{\"@type\":\"SearchAction\",\"target\":{\"@type\":\"EntryPoint\",\"urlTemplate\":\"http:\/\/52.77.24.187\/?s={search_term_string}\"},\"query-input\":{\"@type\":\"PropertyValueSpecification\",\"valueRequired\":true,\"valueName\":\"search_term_string\"}}],\"inLanguage\":\"vi-VN\"},{\"@type\":\"Organization\",\"@id\":\"http:\/\/52.77.24.187\/#organization\",\"name\":\"The Bottle Shop\",\"url\":\"http:\/\/52.77.24.187\/\",\"logo\":{\"@type\":\"ImageObject\",\"inLanguage\":\"vi-VN\",\"@id\":\"http:\/\/52.77.24.187\/#\/schema\/logo\/image\/\",\"url\":\"https:\/\/mlsrfcxkkbzg.i.optimole.com\/cb:JbP2.215d7\/w:auto\/h:auto\/q:mauto\/ig:avif\/https:\/\/thebottleshop.vn\/wp-content\/uploads\/2022\/10\/The-Bottle-Shop-Online-Logo.png\",\"contentUrl\":\"https:\/\/mlsrfcxkkbzg.i.optimole.com\/cb:JbP2.215d7\/w:auto\/h:auto\/q:mauto\/ig:avif\/https:\/\/thebottleshop.vn\/wp-content\/uploads\/2022\/10\/The-Bottle-Shop-Online-Logo.png\",\"width\":145,\"height\":147,\"caption\":\"The Bottle Shop\"},\"image\":{\"@id\":\"http:\/\/52.77.24.187\/#\/schema\/logo\/image\/\"},\"sameAs\":[\"https:\/\/www.facebook.com\/thebottleshopvietnam\",\"https:\/\/www.instagram.com\/thebottleshop_vietnam\/\"]}]}<\/script>\n<!-- \/ Yoast SEO plugin. -->","yoast_head_json":{"title":"Crazy Duck Edel-Hell - The Bottle Shop","description":"Crazy Duck Edel-Hell l\u00e0 bia Lager \u0110\u1ee9c c\u1ed5 \u0111i\u1ec3n \u0111\u01b0\u1ee3c l\u00ean men l\u1ea7n \u0111\u1ea7u b\u1edfi c\u00e1c tu s\u0129 Bayern v\u00e0 \u0111\u01b0\u1ee3c \u0111\u1ed3n l\u00e0 ngon \u0111\u1ebfn m\u1ee9c \u0111\u00e3 mang l\u1ea1i h\u00f2a b\u00ecnh cho khu v\u1ef1c.","robots":{"index":"index","follow":"follow","max-snippet":"max-snippet:-1","max-image-preview":"max-image-preview:large","max-video-preview":"max-video-preview:-1"},"canonical":"http:\/\/52.77.24.187\/vi\/san-pham\/crazy-duck-edel-hell\/","og_locale":"vi_VN","og_type":"article","og_title":"Crazy Duck Edel-Hell - The Bottle Shop","og_description":"Crazy Duck Edel-Hell l\u00e0 bia Lager \u0110\u1ee9c c\u1ed5 \u0111i\u1ec3n \u0111\u01b0\u1ee3c l\u00ean men l\u1ea7n \u0111\u1ea7u b\u1edfi c\u00e1c tu s\u0129 Bayern v\u00e0 \u0111\u01b0\u1ee3c \u0111\u1ed3n l\u00e0 ngon \u0111\u1ebfn m\u1ee9c \u0111\u00e3 mang l\u1ea1i h\u00f2a b\u00ecnh cho khu v\u1ef1c.","og_url":"http:\/\/52.77.24.187\/vi\/san-pham\/crazy-duck-edel-hell\/","og_site_name":"The Bottle Shop","article_publisher":"https:\/\/www.facebook.com\/thebottleshopvietnam","article_modified_time":"2024-06-24T06:58:21+00:00","og_image":[{"width":1080,"height":1080,"url":"https:\/\/mlsrfcxkkbzg.i.optimole.com\/cb:JbP2.215d7\/w:auto\/h:auto\/q:mauto\/ig:avif\/http:\/\/52.77.24.187\/wp-content\/uploads\/2024\/07\/Crazy-Duck-Edel-Hell.png","type":"image\/png"}],"twitter_card":"summary_large_image","twitter_misc":{"Est. reading time":"1 minute"},"schema":{"@context":"https:\/\/schema.org","@graph":[{"@type":"WebPage","@id":"http:\/\/52.77.24.187\/vi\/san-pham\/crazy-duck-edel-hell\/","url":"http:\/\/52.77.24.187\/vi\/san-pham\/crazy-duck-edel-hell\/","name":"Crazy Duck Edel-Hell - The Bottle Shop","isPartOf":{"@id":"http:\/\/52.77.24.187\/#website"},"primaryImageOfPage":{"@id":"http:\/\/52.77.24.187\/vi\/san-pham\/crazy-duck-edel-hell\/#primaryimage"},"image":{"@id":"http:\/\/52.77.24.187\/vi\/san-pham\/crazy-duck-edel-hell\/#primaryimage"},"thumbnailUrl":"https:\/\/mlsrfcxkkbzg.i.optimole.com\/cb:JbP2.215d7\/w:auto\/h:auto\/q:mauto\/ig:avif\/https:\/\/thebottleshop.vn\/wp-content\/uploads\/2024\/07\/Crazy-Duck-Edel-Hell.png","datePublished":"2024-06-24T06:02:56+00:00","dateModified":"2024-06-24T06:58:21+00:00","description":"Crazy Duck Edel-Hell l\u00e0 bia Lager \u0110\u1ee9c c\u1ed5 \u0111i\u1ec3n \u0111\u01b0\u1ee3c l\u00ean men l\u1ea7n \u0111\u1ea7u b\u1edfi c\u00e1c tu s\u0129 Bayern v\u00e0 \u0111\u01b0\u1ee3c \u0111\u1ed3n l\u00e0 ngon \u0111\u1ebfn m\u1ee9c \u0111\u00e3 mang l\u1ea1i h\u00f2a b\u00ecnh cho khu v\u1ef1c.","breadcrumb":{"@id":"http:\/\/52.77.24.187\/vi\/san-pham\/crazy-duck-edel-hell\/#breadcrumb"},"inLanguage":"vi-VN","potentialAction":[{"@type":"ReadAction","target":["http:\/\/52.77.24.187\/vi\/san-pham\/crazy-duck-edel-hell\/"]}]},{"@type":"ImageObject","inLanguage":"vi-VN","@id":"http:\/\/52.77.24.187\/vi\/san-pham\/crazy-duck-edel-hell\/#primaryimage","url":"https:\/\/mlsrfcxkkbzg.i.optimole.com\/cb:JbP2.215d7\/w:auto\/h:auto\/q:mauto\/ig:avif\/https:\/\/thebottleshop.vn\/wp-content\/uploads\/2024\/07\/Crazy-Duck-Edel-Hell.png","contentUrl":"https:\/\/mlsrfcxkkbzg.i.optimole.com\/cb:JbP2.215d7\/w:auto\/h:auto\/q:mauto\/ig:avif\/https:\/\/thebottleshop.vn\/wp-content\/uploads\/2024\/07\/Crazy-Duck-Edel-Hell.png","width":1080,"height":1080,"caption":"Crazy Duck Edel-Hell"},{"@type":"BreadcrumbList","@id":"http:\/\/52.77.24.187\/vi\/san-pham\/crazy-duck-edel-hell\/#breadcrumb","itemListElement":[{"@type":"ListItem","position":1,"name":"Home","item":"http:\/\/52.77.24.187\/vi\/test-popup-vi\/"},{"@type":"ListItem","position":2,"name":"C\u1eeda h\u00e0ng","item":"http:\/\/52.77.24.187\/vi\/cua-hang\/"},{"@type":"ListItem","position":3,"name":"Crazy Duck Edel-Hell"}]},{"@type":"WebSite","@id":"http:\/\/52.77.24.187\/#website","url":"http:\/\/52.77.24.187\/","name":"The Bottle Shop","description":"All beers are not created equal","publisher":{"@id":"http:\/\/52.77.24.187\/#organization"},"potentialAction":[{"@type":"SearchAction","target":{"@type":"EntryPoint","urlTemplate":"http:\/\/52.77.24.187\/?s={search_term_string}"},"query-input":{"@type":"PropertyValueSpecification","valueRequired":true,"valueName":"search_term_string"}}],"inLanguage":"vi-VN"},{"@type":"Organization","@id":"http:\/\/52.77.24.187\/#organization","name":"The Bottle Shop","url":"http:\/\/52.77.24.187\/","logo":{"@type":"ImageObject","inLanguage":"vi-VN","@id":"http:\/\/52.77.24.187\/#\/schema\/logo\/image\/","url":"https:\/\/mlsrfcxkkbzg.i.optimole.com\/cb:JbP2.215d7\/w:auto\/h:auto\/q:mauto\/ig:avif\/https:\/\/thebottleshop.vn\/wp-content\/uploads\/2022\/10\/The-Bottle-Shop-Online-Logo.png","contentUrl":"https:\/\/mlsrfcxkkbzg.i.optimole.com\/cb:JbP2.215d7\/w:auto\/h:auto\/q:mauto\/ig:avif\/https:\/\/thebottleshop.vn\/wp-content\/uploads\/2022\/10\/The-Bottle-Shop-Online-Logo.png","width":145,"height":147,"caption":"The Bottle Shop"},"image":{"@id":"http:\/\/52.77.24.187\/#\/schema\/logo\/image\/"},"sameAs":["https:\/\/www.facebook.com\/thebottleshopvietnam","https:\/\/www.instagram.com\/thebottleshop_vietnam\/"]}]}},"_links":{"self":[{"href":"https:\/\/thebottleshop.vn\/vi\/wp-json\/wp\/v2\/product\/19739","targetHints":{"allow":["GET"]}}],"collection":[{"href":"https:\/\/thebottleshop.vn\/vi\/wp-json\/wp\/v2\/product"}],"about":[{"href":"https:\/\/thebottleshop.vn\/vi\/wp-json\/wp\/v2\/types\/product"}],"replies":[{"embeddable":true,"href":"https:\/\/thebottleshop.vn\/vi\/wp-json\/wp\/v2\/comments?post=19739"}],"wp:featuredmedia":[{"embeddable":true,"href":"https:\/\/thebottleshop.vn\/vi\/wp-json\/wp\/v2\/media\/19845"}],"wp:attachment":[{"href":"https:\/\/thebottleshop.vn\/vi\/wp-json\/wp\/v2\/media?parent=19739"}],"wp:term":[{"taxonomy":"product_brand","embeddable":true,"href":"https:\/\/thebottleshop.vn\/vi\/wp-json\/wp\/v2\/product_brand?post=19739"},{"taxonomy":"product_cat","embeddable":true,"href":"https:\/\/thebottleshop.vn\/vi\/wp-json\/wp\/v2\/product_cat?post=19739"},{"taxonomy":"product_tag","embeddable":true,"href":"https:\/\/thebottleshop.vn\/vi\/wp-json\/wp\/v2\/product_tag?post=19739"}],"curies":[{"name":"wp","href":"https:\/\/api.w.org\/{rel}","templated":true}]}}