{"id":19741,"date":"2024-06-25T09:16:43","date_gmt":"2024-06-25T02:16:43","guid":{"rendered":"https:\/\/thebottleshop.vn\/product\/de-hot-sauce-sa-te-toi-den\/"},"modified":"2025-06-05T13:25:03","modified_gmt":"2025-06-05T06:25:03","slug":"de-hot-sauce-sa-te-toi-den","status":"publish","type":"product","link":"https:\/\/thebottleshop.vn\/vi\/san-pham\/de-hot-sauce-sa-te-toi-den\/","title":{"rendered":"D\u00ea Hot Sauce Sa T\u1ebf T\u1ecfi \u0110en"},"content":{"rendered":"<p>D\u00ea Hot Sauce Sa T\u1ebfT\u1ecfi \u0110en. S\u1eed d\u1ee5ng r\u1ea5t nhi\u1ec1u nguy\u00ean li\u1ec7u v\u00e0 gia v\u1ecb \u0111\u1ec3 t\u1ea1o n\u00ean h\u01b0\u01a1ng th\u01a1m m\u00e3nh m\u1ebd: T\u1eeb g\u1eebng, t\u1ecfi, h\u00e0nh l\u00e1 cho \u0111\u1ebfn ti\u00eau T\u1ee9 Xuy\u00ean, \u0111\u1ea1i h\u1ed3i, ti\u1ec3u h\u1ed3i, th\u1ea3o qu\u1ea3, h\u1ea1t th\u00ec l\u00e0 ai c\u1eadp, v\u00e0 n\u1ea5m h\u01b0\u01a1ng kh\u00f4. C\u1ed9ng v\u1edbi v\u1ecb \u0111\u1eadm \u0111\u00e0 t\u1eeb t\u1ecfi \u0111en v\u00e0 v\u1ecb chua nh\u1eb9 t\u1eeb gi\u1ea5m ti\u1ec1u n\u1eefa th\u00ec ch\u1eafc ch\u1eafn m\u1ed9t \u0111i\u1ec1u l\u00e0 kh\u00f4ng ai c\u00f3 th\u1ec3 d\u1eebng l\u1ea1i sau khi th\u1eed d\u00f9 ch\u1ec9 m\u1ed9t mu\u1ed7ng sa t\u1ebf cay t\u00ea th\u01a1m n\u1ed3ng \u0111\u1eadm \u0111\u00e0 nh\u01b0 sa t\u1ebf c\u1ee7a D\u00ea Hot Sauce<\/p>\n<p>\u2014\u2013 Xem th\u01b0 vi\u1ec7n h\u00ecnh \u1ea3nh \u0111\u1ec3 bi\u1ebft th\u00eam th\u00f4ng tin chi ti\u1ebft v\u1ec1 ngu\u1ed3n g\u1ed1c, th\u00e0nh ph\u1ea7n v\u00e0 h\u01b0\u1edbng d\u1eabn s\u1eed d\u1ee5ng c\u1ee7a s\u1ea3n ph\u1ea9m.<\/p>\n","protected":false},"excerpt":{"rendered":"<p><strong>L\u1ecd 110ml<\/strong><\/p>\n","protected":false},"featured_media":19833,"comment_status":"open","ping_status":"closed","template":"","meta":{"_acf_changed":false},"product_brand":[],"product_cat":[340,656,423,384,412,339,341],"product_tag":[],"class_list":{"0":"post-19741","1":"product","2":"type-product","3":"status-publish","4":"has-post-thumbnail","6":"product_cat-vietnam-hcmc","7":"product_cat-chai-110ml","8":"product_cat-100k-149k","9":"product_cat-nham-va-nhau","10":"product_cat-do-luu-niem","11":"product_cat-xuat-xu","12":"product_cat-dong-goi","14":"first","15":"instock","16":"shipping-taxable","17":"purchasable","18":"product-type-simple","19":"add-to-wishlist-before_image"},"acf":[],"yoast_head":"<!-- This site is optimized with the Yoast SEO plugin v27.2 - https:\/\/yoast.com\/product\/yoast-seo-wordpress\/ -->\n<title>D\u00ea Hot Sauce Sa T\u1ebf T\u1ecfi \u0110en - The Bottle Shop<\/title>\n<meta name=\"description\" content=\"D\u00ea Hot Sauce Sa T\u00ea T\u1ecfi \u0110en. S\u1eed d\u1ee5ng r\u1ea5t nhi\u1ec1u nguy\u00ean li\u1ec7u v\u00e0 gia v\u1ecb \u0111\u1ec3 t\u1ea1o n\u00ean h\u01b0\u01a1ng th\u01a1m m\u00e3nh m\u1ebd: T\u1eeb g\u1eebng, t\u1ecfi, h\u00e0nh l\u00e1 cho \u0111\u1ebfn ti\u00eau T\u1ee9 Xuy\u00ean, \u0111\u1ea1i h\u1ed3i, ti\u1ec3u h\u1ed3i, th\u1ea3o qu\u1ea3, h\u1ea1t th\u00ec l\u00e0 ai c\u1eadp, v\u00e0 n\u1ea5m h\u01b0\u01a1ng kh\u00f4.\" \/>\n<meta name=\"robots\" content=\"index, follow, max-snippet:-1, max-image-preview:large, max-video-preview:-1\" \/>\n<link rel=\"canonical\" href=\"https:\/\/thebottleshop.vn\/vi\/san-pham\/de-hot-sauce-sa-te-toi-den\/\" \/>\n<meta property=\"og:locale\" content=\"vi_VN\" \/>\n<meta property=\"og:type\" content=\"article\" \/>\n<meta property=\"og:title\" content=\"D\u00ea Hot Sauce Sa T\u1ebf T\u1ecfi \u0110en - The Bottle Shop\" \/>\n<meta property=\"og:description\" content=\"D\u00ea Hot Sauce Sa T\u00ea T\u1ecfi \u0110en. S\u1eed d\u1ee5ng r\u1ea5t nhi\u1ec1u nguy\u00ean li\u1ec7u v\u00e0 gia v\u1ecb \u0111\u1ec3 t\u1ea1o n\u00ean h\u01b0\u01a1ng th\u01a1m m\u00e3nh m\u1ebd: T\u1eeb g\u1eebng, t\u1ecfi, h\u00e0nh l\u00e1 cho \u0111\u1ebfn ti\u00eau T\u1ee9 Xuy\u00ean, \u0111\u1ea1i h\u1ed3i, ti\u1ec3u h\u1ed3i, th\u1ea3o qu\u1ea3, h\u1ea1t th\u00ec l\u00e0 ai c\u1eadp, v\u00e0 n\u1ea5m h\u01b0\u01a1ng kh\u00f4.\" \/>\n<meta property=\"og:url\" content=\"https:\/\/thebottleshop.vn\/vi\/san-pham\/de-hot-sauce-sa-te-toi-den\/\" \/>\n<meta property=\"og:site_name\" content=\"The Bottle Shop\" \/>\n<meta property=\"article:publisher\" content=\"https:\/\/www.facebook.com\/thebottleshopvietnam\" \/>\n<meta property=\"article:modified_time\" content=\"2025-06-05T06:25:03+00:00\" \/>\n<meta property=\"og:image\" content=\"https:\/\/mlsrfcxkkbzg.i.optimole.com\/cb:JbP2.215d7\/w:auto\/h:auto\/q:mauto\/ig:avif\/https:\/\/thebottleshop.vn\/wp-content\/uploads\/2024\/07\/DE-HOT-SAUCE-Black-Garlic-Chili-Crisp.png\" \/>\n\t<meta property=\"og:image:width\" content=\"1080\" \/>\n\t<meta property=\"og:image:height\" content=\"1080\" \/>\n\t<meta property=\"og:image:type\" content=\"image\/png\" \/>\n<meta name=\"twitter:card\" content=\"summary_large_image\" \/>\n<meta name=\"twitter:label1\" content=\"Est. reading time\" \/>\n\t<meta name=\"twitter:data1\" content=\"1 minute\" \/>\n<script type=\"application\/ld+json\" class=\"yoast-schema-graph\">{\"@context\":\"https:\/\/schema.org\",\"@graph\":[{\"@type\":\"WebPage\",\"@id\":\"https:\/\/thebottleshop.vn\/vi\/san-pham\/de-hot-sauce-sa-te-toi-den\/\",\"url\":\"https:\/\/thebottleshop.vn\/vi\/san-pham\/de-hot-sauce-sa-te-toi-den\/\",\"name\":\"D\u00ea Hot Sauce Sa T\u1ebf T\u1ecfi \u0110en - The Bottle Shop\",\"isPartOf\":{\"@id\":\"http:\/\/52.77.24.187\/#website\"},\"primaryImageOfPage\":{\"@id\":\"https:\/\/thebottleshop.vn\/vi\/san-pham\/de-hot-sauce-sa-te-toi-den\/#primaryimage\"},\"image\":{\"@id\":\"https:\/\/thebottleshop.vn\/vi\/san-pham\/de-hot-sauce-sa-te-toi-den\/#primaryimage\"},\"thumbnailUrl\":\"https:\/\/mlsrfcxkkbzg.i.optimole.com\/cb:JbP2.215d7\/w:auto\/h:auto\/q:mauto\/ig:avif\/https:\/\/thebottleshop.vn\/wp-content\/uploads\/2024\/07\/DE-HOT-SAUCE-Black-Garlic-Chili-Crisp.png\",\"datePublished\":\"2024-06-25T02:16:43+00:00\",\"dateModified\":\"2025-06-05T06:25:03+00:00\",\"description\":\"D\u00ea Hot Sauce Sa T\u00ea T\u1ecfi \u0110en. S\u1eed d\u1ee5ng r\u1ea5t nhi\u1ec1u nguy\u00ean li\u1ec7u v\u00e0 gia v\u1ecb \u0111\u1ec3 t\u1ea1o n\u00ean h\u01b0\u01a1ng th\u01a1m m\u00e3nh m\u1ebd: T\u1eeb g\u1eebng, t\u1ecfi, h\u00e0nh l\u00e1 cho \u0111\u1ebfn ti\u00eau T\u1ee9 Xuy\u00ean, \u0111\u1ea1i h\u1ed3i, ti\u1ec3u h\u1ed3i, th\u1ea3o qu\u1ea3, h\u1ea1t th\u00ec l\u00e0 ai c\u1eadp, v\u00e0 n\u1ea5m h\u01b0\u01a1ng kh\u00f4.\",\"breadcrumb\":{\"@id\":\"https:\/\/thebottleshop.vn\/vi\/san-pham\/de-hot-sauce-sa-te-toi-den\/#breadcrumb\"},\"inLanguage\":\"vi-VN\",\"potentialAction\":[{\"@type\":\"ReadAction\",\"target\":[\"https:\/\/thebottleshop.vn\/vi\/san-pham\/de-hot-sauce-sa-te-toi-den\/\"]}]},{\"@type\":\"ImageObject\",\"inLanguage\":\"vi-VN\",\"@id\":\"https:\/\/thebottleshop.vn\/vi\/san-pham\/de-hot-sauce-sa-te-toi-den\/#primaryimage\",\"url\":\"https:\/\/mlsrfcxkkbzg.i.optimole.com\/cb:JbP2.215d7\/w:auto\/h:auto\/q:mauto\/ig:avif\/https:\/\/thebottleshop.vn\/wp-content\/uploads\/2024\/07\/DE-HOT-SAUCE-Black-Garlic-Chili-Crisp.png\",\"contentUrl\":\"https:\/\/mlsrfcxkkbzg.i.optimole.com\/cb:JbP2.215d7\/w:auto\/h:auto\/q:mauto\/ig:avif\/https:\/\/thebottleshop.vn\/wp-content\/uploads\/2024\/07\/DE-HOT-SAUCE-Black-Garlic-Chili-Crisp.png\",\"width\":1080,\"height\":1080,\"caption\":\"D\u00ca HOT SAUCE Black Garlic Chili Crisp\"},{\"@type\":\"BreadcrumbList\",\"@id\":\"https:\/\/thebottleshop.vn\/vi\/san-pham\/de-hot-sauce-sa-te-toi-den\/#breadcrumb\",\"itemListElement\":[{\"@type\":\"ListItem\",\"position\":1,\"name\":\"Home\",\"item\":\"http:\/\/52.77.24.187\/vi\/test-popup-vi\/\"},{\"@type\":\"ListItem\",\"position\":2,\"name\":\"C\u1eeda h\u00e0ng\",\"item\":\"http:\/\/52.77.24.187\/vi\/cua-hang\/\"},{\"@type\":\"ListItem\",\"position\":3,\"name\":\"D\u00ea Hot Sauce Sa T\u1ebf T\u1ecfi \u0110en\"}]},{\"@type\":\"WebSite\",\"@id\":\"http:\/\/52.77.24.187\/#website\",\"url\":\"http:\/\/52.77.24.187\/\",\"name\":\"The Bottle Shop\",\"description\":\"All beers are not created equal\",\"publisher\":{\"@id\":\"http:\/\/52.77.24.187\/#organization\"},\"potentialAction\":[{\"@type\":\"SearchAction\",\"target\":{\"@type\":\"EntryPoint\",\"urlTemplate\":\"http:\/\/52.77.24.187\/?s={search_term_string}\"},\"query-input\":{\"@type\":\"PropertyValueSpecification\",\"valueRequired\":true,\"valueName\":\"search_term_string\"}}],\"inLanguage\":\"vi-VN\"},{\"@type\":\"Organization\",\"@id\":\"http:\/\/52.77.24.187\/#organization\",\"name\":\"The Bottle Shop\",\"url\":\"http:\/\/52.77.24.187\/\",\"logo\":{\"@type\":\"ImageObject\",\"inLanguage\":\"vi-VN\",\"@id\":\"http:\/\/52.77.24.187\/#\/schema\/logo\/image\/\",\"url\":\"https:\/\/mlsrfcxkkbzg.i.optimole.com\/cb:JbP2.215d7\/w:auto\/h:auto\/q:mauto\/ig:avif\/https:\/\/thebottleshop.vn\/wp-content\/uploads\/2022\/10\/The-Bottle-Shop-Online-Logo.png\",\"contentUrl\":\"https:\/\/mlsrfcxkkbzg.i.optimole.com\/cb:JbP2.215d7\/w:auto\/h:auto\/q:mauto\/ig:avif\/https:\/\/thebottleshop.vn\/wp-content\/uploads\/2022\/10\/The-Bottle-Shop-Online-Logo.png\",\"width\":145,\"height\":147,\"caption\":\"The Bottle Shop\"},\"image\":{\"@id\":\"http:\/\/52.77.24.187\/#\/schema\/logo\/image\/\"},\"sameAs\":[\"https:\/\/www.facebook.com\/thebottleshopvietnam\",\"https:\/\/www.instagram.com\/thebottleshop_vietnam\/\"]}]}<\/script>\n<!-- \/ Yoast SEO plugin. -->","yoast_head_json":{"title":"D\u00ea Hot Sauce Sa T\u1ebf T\u1ecfi \u0110en - The Bottle Shop","description":"D\u00ea Hot Sauce Sa T\u00ea T\u1ecfi \u0110en. S\u1eed d\u1ee5ng r\u1ea5t nhi\u1ec1u nguy\u00ean li\u1ec7u v\u00e0 gia v\u1ecb \u0111\u1ec3 t\u1ea1o n\u00ean h\u01b0\u01a1ng th\u01a1m m\u00e3nh m\u1ebd: T\u1eeb g\u1eebng, t\u1ecfi, h\u00e0nh l\u00e1 cho \u0111\u1ebfn ti\u00eau T\u1ee9 Xuy\u00ean, \u0111\u1ea1i h\u1ed3i, ti\u1ec3u h\u1ed3i, th\u1ea3o qu\u1ea3, h\u1ea1t th\u00ec l\u00e0 ai c\u1eadp, v\u00e0 n\u1ea5m h\u01b0\u01a1ng kh\u00f4.","robots":{"index":"index","follow":"follow","max-snippet":"max-snippet:-1","max-image-preview":"max-image-preview:large","max-video-preview":"max-video-preview:-1"},"canonical":"https:\/\/thebottleshop.vn\/vi\/san-pham\/de-hot-sauce-sa-te-toi-den\/","og_locale":"vi_VN","og_type":"article","og_title":"D\u00ea Hot Sauce Sa T\u1ebf T\u1ecfi \u0110en - The Bottle Shop","og_description":"D\u00ea Hot Sauce Sa T\u00ea T\u1ecfi \u0110en. S\u1eed d\u1ee5ng r\u1ea5t nhi\u1ec1u nguy\u00ean li\u1ec7u v\u00e0 gia v\u1ecb \u0111\u1ec3 t\u1ea1o n\u00ean h\u01b0\u01a1ng th\u01a1m m\u00e3nh m\u1ebd: T\u1eeb g\u1eebng, t\u1ecfi, h\u00e0nh l\u00e1 cho \u0111\u1ebfn ti\u00eau T\u1ee9 Xuy\u00ean, \u0111\u1ea1i h\u1ed3i, ti\u1ec3u h\u1ed3i, th\u1ea3o qu\u1ea3, h\u1ea1t th\u00ec l\u00e0 ai c\u1eadp, v\u00e0 n\u1ea5m h\u01b0\u01a1ng kh\u00f4.","og_url":"https:\/\/thebottleshop.vn\/vi\/san-pham\/de-hot-sauce-sa-te-toi-den\/","og_site_name":"The Bottle Shop","article_publisher":"https:\/\/www.facebook.com\/thebottleshopvietnam","article_modified_time":"2025-06-05T06:25:03+00:00","og_image":[{"width":1080,"height":1080,"url":"https:\/\/mlsrfcxkkbzg.i.optimole.com\/cb:JbP2.215d7\/w:auto\/h:auto\/q:mauto\/ig:avif\/https:\/\/thebottleshop.vn\/wp-content\/uploads\/2024\/07\/DE-HOT-SAUCE-Black-Garlic-Chili-Crisp.png","type":"image\/png"}],"twitter_card":"summary_large_image","twitter_misc":{"Est. reading time":"1 minute"},"schema":{"@context":"https:\/\/schema.org","@graph":[{"@type":"WebPage","@id":"https:\/\/thebottleshop.vn\/vi\/san-pham\/de-hot-sauce-sa-te-toi-den\/","url":"https:\/\/thebottleshop.vn\/vi\/san-pham\/de-hot-sauce-sa-te-toi-den\/","name":"D\u00ea Hot Sauce Sa T\u1ebf T\u1ecfi \u0110en - The Bottle Shop","isPartOf":{"@id":"http:\/\/52.77.24.187\/#website"},"primaryImageOfPage":{"@id":"https:\/\/thebottleshop.vn\/vi\/san-pham\/de-hot-sauce-sa-te-toi-den\/#primaryimage"},"image":{"@id":"https:\/\/thebottleshop.vn\/vi\/san-pham\/de-hot-sauce-sa-te-toi-den\/#primaryimage"},"thumbnailUrl":"https:\/\/mlsrfcxkkbzg.i.optimole.com\/cb:JbP2.215d7\/w:auto\/h:auto\/q:mauto\/ig:avif\/https:\/\/thebottleshop.vn\/wp-content\/uploads\/2024\/07\/DE-HOT-SAUCE-Black-Garlic-Chili-Crisp.png","datePublished":"2024-06-25T02:16:43+00:00","dateModified":"2025-06-05T06:25:03+00:00","description":"D\u00ea Hot Sauce Sa T\u00ea T\u1ecfi \u0110en. S\u1eed d\u1ee5ng r\u1ea5t nhi\u1ec1u nguy\u00ean li\u1ec7u v\u00e0 gia v\u1ecb \u0111\u1ec3 t\u1ea1o n\u00ean h\u01b0\u01a1ng th\u01a1m m\u00e3nh m\u1ebd: T\u1eeb g\u1eebng, t\u1ecfi, h\u00e0nh l\u00e1 cho \u0111\u1ebfn ti\u00eau T\u1ee9 Xuy\u00ean, \u0111\u1ea1i h\u1ed3i, ti\u1ec3u h\u1ed3i, th\u1ea3o qu\u1ea3, h\u1ea1t th\u00ec l\u00e0 ai c\u1eadp, v\u00e0 n\u1ea5m h\u01b0\u01a1ng kh\u00f4.","breadcrumb":{"@id":"https:\/\/thebottleshop.vn\/vi\/san-pham\/de-hot-sauce-sa-te-toi-den\/#breadcrumb"},"inLanguage":"vi-VN","potentialAction":[{"@type":"ReadAction","target":["https:\/\/thebottleshop.vn\/vi\/san-pham\/de-hot-sauce-sa-te-toi-den\/"]}]},{"@type":"ImageObject","inLanguage":"vi-VN","@id":"https:\/\/thebottleshop.vn\/vi\/san-pham\/de-hot-sauce-sa-te-toi-den\/#primaryimage","url":"https:\/\/mlsrfcxkkbzg.i.optimole.com\/cb:JbP2.215d7\/w:auto\/h:auto\/q:mauto\/ig:avif\/https:\/\/thebottleshop.vn\/wp-content\/uploads\/2024\/07\/DE-HOT-SAUCE-Black-Garlic-Chili-Crisp.png","contentUrl":"https:\/\/mlsrfcxkkbzg.i.optimole.com\/cb:JbP2.215d7\/w:auto\/h:auto\/q:mauto\/ig:avif\/https:\/\/thebottleshop.vn\/wp-content\/uploads\/2024\/07\/DE-HOT-SAUCE-Black-Garlic-Chili-Crisp.png","width":1080,"height":1080,"caption":"D\u00ca HOT SAUCE Black Garlic Chili Crisp"},{"@type":"BreadcrumbList","@id":"https:\/\/thebottleshop.vn\/vi\/san-pham\/de-hot-sauce-sa-te-toi-den\/#breadcrumb","itemListElement":[{"@type":"ListItem","position":1,"name":"Home","item":"http:\/\/52.77.24.187\/vi\/test-popup-vi\/"},{"@type":"ListItem","position":2,"name":"C\u1eeda h\u00e0ng","item":"http:\/\/52.77.24.187\/vi\/cua-hang\/"},{"@type":"ListItem","position":3,"name":"D\u00ea Hot Sauce Sa T\u1ebf T\u1ecfi \u0110en"}]},{"@type":"WebSite","@id":"http:\/\/52.77.24.187\/#website","url":"http:\/\/52.77.24.187\/","name":"The Bottle Shop","description":"All beers are not created equal","publisher":{"@id":"http:\/\/52.77.24.187\/#organization"},"potentialAction":[{"@type":"SearchAction","target":{"@type":"EntryPoint","urlTemplate":"http:\/\/52.77.24.187\/?s={search_term_string}"},"query-input":{"@type":"PropertyValueSpecification","valueRequired":true,"valueName":"search_term_string"}}],"inLanguage":"vi-VN"},{"@type":"Organization","@id":"http:\/\/52.77.24.187\/#organization","name":"The Bottle Shop","url":"http:\/\/52.77.24.187\/","logo":{"@type":"ImageObject","inLanguage":"vi-VN","@id":"http:\/\/52.77.24.187\/#\/schema\/logo\/image\/","url":"https:\/\/mlsrfcxkkbzg.i.optimole.com\/cb:JbP2.215d7\/w:auto\/h:auto\/q:mauto\/ig:avif\/https:\/\/thebottleshop.vn\/wp-content\/uploads\/2022\/10\/The-Bottle-Shop-Online-Logo.png","contentUrl":"https:\/\/mlsrfcxkkbzg.i.optimole.com\/cb:JbP2.215d7\/w:auto\/h:auto\/q:mauto\/ig:avif\/https:\/\/thebottleshop.vn\/wp-content\/uploads\/2022\/10\/The-Bottle-Shop-Online-Logo.png","width":145,"height":147,"caption":"The Bottle Shop"},"image":{"@id":"http:\/\/52.77.24.187\/#\/schema\/logo\/image\/"},"sameAs":["https:\/\/www.facebook.com\/thebottleshopvietnam","https:\/\/www.instagram.com\/thebottleshop_vietnam\/"]}]}},"_links":{"self":[{"href":"https:\/\/thebottleshop.vn\/vi\/wp-json\/wp\/v2\/product\/19741","targetHints":{"allow":["GET"]}}],"collection":[{"href":"https:\/\/thebottleshop.vn\/vi\/wp-json\/wp\/v2\/product"}],"about":[{"href":"https:\/\/thebottleshop.vn\/vi\/wp-json\/wp\/v2\/types\/product"}],"replies":[{"embeddable":true,"href":"https:\/\/thebottleshop.vn\/vi\/wp-json\/wp\/v2\/comments?post=19741"}],"wp:featuredmedia":[{"embeddable":true,"href":"https:\/\/thebottleshop.vn\/vi\/wp-json\/wp\/v2\/media\/19833"}],"wp:attachment":[{"href":"https:\/\/thebottleshop.vn\/vi\/wp-json\/wp\/v2\/media?parent=19741"}],"wp:term":[{"taxonomy":"product_brand","embeddable":true,"href":"https:\/\/thebottleshop.vn\/vi\/wp-json\/wp\/v2\/product_brand?post=19741"},{"taxonomy":"product_cat","embeddable":true,"href":"https:\/\/thebottleshop.vn\/vi\/wp-json\/wp\/v2\/product_cat?post=19741"},{"taxonomy":"product_tag","embeddable":true,"href":"https:\/\/thebottleshop.vn\/vi\/wp-json\/wp\/v2\/product_tag?post=19741"}],"curies":[{"name":"wp","href":"https:\/\/api.w.org\/{rel}","templated":true}]}}